{"id":283548,"date":"2025-04-01T00:00:00","date_gmt":"2025-03-31T22:00:00","guid":{"rendered":"https:\/\/wpguerssen-test.odoo.rgbconsulting.com\/product\/equinox\/"},"modified":"2025-04-01T17:49:06","modified_gmt":"2025-04-01T15:49:06","slug":"equinox","status":"publish","type":"product","link":"https:\/\/wpguerssen-test.odoo.rgbconsulting.com\/es\/producto\/equinox\/","title":{"rendered":"Equinox"},"content":{"rendered":"<p>\u00abEquinox\u00bb, el \u00e1lbum gemelo de \u00abSolstitium\u00bb de Gianni Marchetti de 1977, lanzado en un pu\u00f1ado de copias promocionales por RCA en su renombrada serie \u00abOriginal Cast\u00bb, nos lleva en un viaje a trav\u00e9s del temperamento m\u00e1s groovy y salvaje del autor, sinti\u00e9ndose tan fresco y sorprendente hoy como el d\u00eda en que se hizo, ofreciendo una comprensi\u00f3n inmediata de las razones por las que sigue siendo uno de sus t\u00edtulos m\u00e1s buscados (y pr\u00e1cticamente imposibles de encontrar) a lo largo de las d\u00e9cadas.<br \/>RIYL: Piero Umiliani, Sandro Brugnolini, Stefano Torossi<br \/>El lanzamiento limitado como parte de la serie \u00abOriginal Cast\u00bb de RCA solo aument\u00f3 su m\u00edstica, convirti\u00e9ndola en una pieza codiciada entre coleccionistas y conocedores. El car\u00e1cter distintivo del \u00e1lbum radica en su enfoque espont\u00e1neo y libre, que contrasta con las producciones m\u00e1s pulidas de la \u00e9poca. Es un ejemplo perfecto de la visi\u00f3n \u00fanica de Marchetti, donde cada pista parece evolucionar org\u00e1nicamente, ofreciendo tanto una musicalidad intrincada como una sensaci\u00f3n de creatividad desenfrenada.<\/p>\n","protected":false},"excerpt":{"rendered":"<p>\u00abEquinox\u00bb, el \u00e1lbum gemelo de \u00abSolstitium\u00bb de Gianni Marchetti de 1977, lanzado en un pu\u00f1ado de copias promocionales por RCA en su renombrada serie \u00abOriginal<a class=\"read\" href=\"https:\/\/wpguerssen-test.odoo.rgbconsulting.com\/es\/producto\/equinox\/\"> (...)<\/a>","protected":false},"featured_media":283474,"template":"","meta":{"_acf_changed":false},"product_brand":[],"product_cat":[21641,23232],"product_tag":[24189],"class_list":{"0":"post-283548","1":"product","2":"type-product","3":"status-publish","4":"has-post-thumbnail","6":"product_cat-soundtracks-es","7":"product_cat-library-music-lounge-es","8":"product_tag-recien-llegadas","9":"pa_artist-marchetti-gianni","10":"pa_format-lp-es","11":"pa_gender-soundtracks-library-music-lounge","12":"pa_label-dialogo","13":"pa_location-europe-es","14":"pa_other-filters-vinyl-only-es","16":"first","17":"instock","18":"taxable","19":"shipping-taxable","20":"purchasable","21":"product-type-simple"},"acf":[],"yoast_head":"<!-- This site is optimized with the Yoast SEO plugin v24.9 - https:\/\/yoast.com\/wordpress\/plugins\/seo\/ -->\n<title>MARCHETTI, Gianni - Equinox -  (LP) | Guerssen<\/title>\n<meta name=\"description\" content=\"&quot;Equinox&quot;, Gianni Marchetti&#039;s 1977 twin album of &quot;Solstitium&quot;, released in a handful of promo copies by RCA in their renowned &quot;Original Cast&quot; series, takes us on a journey through the author&#039;s groovier and wilder temperament, feeling as fresh and surprising today as the day it was made, offering immediate understanding of the reasons why it has remained one of his most sought after - and virtually impossible to find - titles over the decades.RIYL: Piero Umiliani, Sandro Brugnolini, Stefano TorossiThe limited release as part of RCA&#039;s &quot;Original Cast&quot; series only increased its mystique, making it a coveted piece among collectors and connoisseurs. The album&#039;s distinctive character lies in its spontaneous, freewheeling approach, which contrasts with the more polished productions of the era. It&#039;s a perfect example of Marchetti&#039;s unique vision, where each track seems to evolve organically, offering both intricate musicianship and a sense of unrestrained creativity.\" \/>\n<meta name=\"robots\" content=\"index, follow, max-snippet:-1, max-image-preview:large, max-video-preview:-1\" \/>\n<link rel=\"canonical\" href=\"https:\/\/wpguerssen-test.odoo.rgbconsulting.com\/es\/producto\/equinox\/\" \/>\n<meta property=\"og:locale\" content=\"es_ES\" \/>\n<meta property=\"og:type\" content=\"article\" \/>\n<meta property=\"og:title\" content=\"MARCHETTI, Gianni - Equinox -  (LP) | Guerssen\" \/>\n<meta property=\"og:description\" content=\"&quot;Equinox&quot;, Gianni Marchetti&#039;s 1977 twin album of &quot;Solstitium&quot;, released in a handful of promo copies by RCA in their renowned &quot;Original Cast&quot; series, takes us on a journey through the author&#039;s groovier and wilder temperament, feeling as fresh and surprising today as the day it was made, offering immediate understanding of the reasons why it has remained one of his most sought after - and virtually impossible to find - titles over the decades.RIYL: Piero Umiliani, Sandro Brugnolini, Stefano TorossiThe limited release as part of RCA&#039;s &quot;Original Cast&quot; series only increased its mystique, making it a coveted piece among collectors and connoisseurs. The album&#039;s distinctive character lies in its spontaneous, freewheeling approach, which contrasts with the more polished productions of the era. It&#039;s a perfect example of Marchetti&#039;s unique vision, where each track seems to evolve organically, offering both intricate musicianship and a sense of unrestrained creativity.\" \/>\n<meta property=\"og:url\" content=\"https:\/\/wpguerssen-test.odoo.rgbconsulting.com\/es\/producto\/equinox\/\" \/>\n<meta property=\"og:site_name\" content=\"Guerssen records\" \/>\n<meta property=\"article:modified_time\" content=\"2025-04-01T15:49:06+00:00\" \/>\n<meta property=\"og:image\" content=\"https:\/\/wpguerssen-test.odoo.rgbconsulting.com\/wp-content\/uploads\/2025\/02\/49837.jpg\" \/>\n\t<meta property=\"og:image:width\" content=\"612\" \/>\n\t<meta property=\"og:image:height\" content=\"612\" \/>\n\t<meta property=\"og:image:type\" content=\"image\/jpeg\" \/>\n<meta name=\"twitter:card\" content=\"summary_large_image\" \/>\n<meta name=\"twitter:title\" content=\"MARCHETTI, Gianni - Equinox -  (LP) | Guerssen\" \/>\n<meta name=\"twitter:label1\" content=\"Tiempo de lectura\" \/>\n\t<meta name=\"twitter:data1\" content=\"1 minuto\" \/>\n<script type=\"application\/ld+json\" class=\"yoast-schema-graph\">{\"@context\":\"https:\/\/schema.org\",\"@graph\":[{\"@type\":\"WebPage\",\"@id\":\"https:\/\/wpguerssen-test.odoo.rgbconsulting.com\/es\/producto\/equinox\/\",\"url\":\"https:\/\/wpguerssen-test.odoo.rgbconsulting.com\/es\/producto\/equinox\/\",\"name\":\"MARCHETTI, Gianni - Equinox - (LP) | Guerssen\",\"isPartOf\":{\"@id\":\"https:\/\/wpguerssen-test.odoo.rgbconsulting.com\/es\/#website\"},\"primaryImageOfPage\":{\"@id\":\"https:\/\/wpguerssen-test.odoo.rgbconsulting.com\/es\/producto\/equinox\/#primaryimage\"},\"image\":{\"@id\":\"https:\/\/wpguerssen-test.odoo.rgbconsulting.com\/es\/producto\/equinox\/#primaryimage\"},\"thumbnailUrl\":\"https:\/\/wpguerssen-test.odoo.rgbconsulting.com\/wp-content\/uploads\/2025\/02\/49837.jpg\",\"datePublished\":\"2025-03-31T22:00:00+00:00\",\"dateModified\":\"2025-04-01T15:49:06+00:00\",\"description\":\"\\\"Equinox\\\", Gianni Marchetti's 1977 twin album of \\\"Solstitium\\\", released in a handful of promo copies by RCA in their renowned \\\"Original Cast\\\" series, takes us on a journey through the author's groovier and wilder temperament, feeling as fresh and surprising today as the day it was made, offering immediate understanding of the reasons why it has remained one of his most sought after - and virtually impossible to find - titles over the decades.RIYL: Piero Umiliani, Sandro Brugnolini, Stefano TorossiThe limited release as part of RCA's \\\"Original Cast\\\" series only increased its mystique, making it a coveted piece among collectors and connoisseurs. The album's distinctive character lies in its spontaneous, freewheeling approach, which contrasts with the more polished productions of the era. It's a perfect example of Marchetti's unique vision, where each track seems to evolve organically, offering both intricate musicianship and a sense of unrestrained creativity.\",\"breadcrumb\":{\"@id\":\"https:\/\/wpguerssen-test.odoo.rgbconsulting.com\/es\/producto\/equinox\/#breadcrumb\"},\"inLanguage\":\"es\",\"potentialAction\":[{\"@type\":\"ReadAction\",\"target\":[\"https:\/\/wpguerssen-test.odoo.rgbconsulting.com\/es\/producto\/equinox\/\"]}]},{\"@type\":\"ImageObject\",\"inLanguage\":\"es\",\"@id\":\"https:\/\/wpguerssen-test.odoo.rgbconsulting.com\/es\/producto\/equinox\/#primaryimage\",\"url\":\"https:\/\/wpguerssen-test.odoo.rgbconsulting.com\/wp-content\/uploads\/2025\/02\/49837.jpg\",\"contentUrl\":\"https:\/\/wpguerssen-test.odoo.rgbconsulting.com\/wp-content\/uploads\/2025\/02\/49837.jpg\",\"width\":612,\"height\":612,\"caption\":\"Gianni - Equinox - DIALOGO (LP) | Guerssen\"},{\"@type\":\"BreadcrumbList\",\"@id\":\"https:\/\/wpguerssen-test.odoo.rgbconsulting.com\/es\/producto\/equinox\/#breadcrumb\",\"itemListElement\":[{\"@type\":\"ListItem\",\"position\":1,\"name\":\"Inicio\",\"item\":\"https:\/\/wpguerssen-test.odoo.rgbconsulting.com\/es\/\"},{\"@type\":\"ListItem\",\"position\":2,\"name\":\"Shop\",\"item\":\"https:\/\/wpguerssen-test.odoo.rgbconsulting.com\/shop\/\"},{\"@type\":\"ListItem\",\"position\":3,\"name\":\"Equinox\"}]},{\"@type\":\"WebSite\",\"@id\":\"https:\/\/wpguerssen-test.odoo.rgbconsulting.com\/es\/#website\",\"url\":\"https:\/\/wpguerssen-test.odoo.rgbconsulting.com\/es\/\",\"name\":\"Guerssen records\",\"description\":\"psychedelia - progressive - folk - garage \",\"publisher\":{\"@id\":\"https:\/\/wpguerssen-test.odoo.rgbconsulting.com\/es\/#organization\"},\"potentialAction\":[{\"@type\":\"SearchAction\",\"target\":{\"@type\":\"EntryPoint\",\"urlTemplate\":\"https:\/\/wpguerssen-test.odoo.rgbconsulting.com\/es\/?s={search_term_string}\"},\"query-input\":{\"@type\":\"PropertyValueSpecification\",\"valueRequired\":true,\"valueName\":\"search_term_string\"}}],\"inLanguage\":\"es\"},{\"@type\":\"Organization\",\"@id\":\"https:\/\/wpguerssen-test.odoo.rgbconsulting.com\/es\/#organization\",\"name\":\"Guerssen records\",\"url\":\"https:\/\/wpguerssen-test.odoo.rgbconsulting.com\/es\/\",\"logo\":{\"@type\":\"ImageObject\",\"inLanguage\":\"es\",\"@id\":\"https:\/\/wpguerssen-test.odoo.rgbconsulting.com\/es\/#\/schema\/logo\/image\/\",\"url\":\"https:\/\/wpguerssen-test.odoo.rgbconsulting.com\/wp-content\/uploads\/2022\/04\/Logo_Guerssen_trans_100.png\",\"contentUrl\":\"https:\/\/wpguerssen-test.odoo.rgbconsulting.com\/wp-content\/uploads\/2022\/04\/Logo_Guerssen_trans_100.png\",\"width\":122,\"height\":100,\"caption\":\"Guerssen records\"},\"image\":{\"@id\":\"https:\/\/wpguerssen-test.odoo.rgbconsulting.com\/es\/#\/schema\/logo\/image\/\"}}]}<\/script>\n<!-- \/ Yoast SEO plugin. -->","yoast_head_json":{"title":"MARCHETTI, Gianni - Equinox -  (LP) | Guerssen","description":"\"Equinox\", Gianni Marchetti's 1977 twin album of \"Solstitium\", released in a handful of promo copies by RCA in their renowned \"Original Cast\" series, takes us on a journey through the author's groovier and wilder temperament, feeling as fresh and surprising today as the day it was made, offering immediate understanding of the reasons why it has remained one of his most sought after - and virtually impossible to find - titles over the decades.RIYL: Piero Umiliani, Sandro Brugnolini, Stefano TorossiThe limited release as part of RCA's \"Original Cast\" series only increased its mystique, making it a coveted piece among collectors and connoisseurs. The album's distinctive character lies in its spontaneous, freewheeling approach, which contrasts with the more polished productions of the era. It's a perfect example of Marchetti's unique vision, where each track seems to evolve organically, offering both intricate musicianship and a sense of unrestrained creativity.","robots":{"index":"index","follow":"follow","max-snippet":"max-snippet:-1","max-image-preview":"max-image-preview:large","max-video-preview":"max-video-preview:-1"},"canonical":"https:\/\/wpguerssen-test.odoo.rgbconsulting.com\/es\/producto\/equinox\/","og_locale":"es_ES","og_type":"article","og_title":"MARCHETTI, Gianni - Equinox -  (LP) | Guerssen","og_description":"\"Equinox\", Gianni Marchetti's 1977 twin album of \"Solstitium\", released in a handful of promo copies by RCA in their renowned \"Original Cast\" series, takes us on a journey through the author's groovier and wilder temperament, feeling as fresh and surprising today as the day it was made, offering immediate understanding of the reasons why it has remained one of his most sought after - and virtually impossible to find - titles over the decades.RIYL: Piero Umiliani, Sandro Brugnolini, Stefano TorossiThe limited release as part of RCA's \"Original Cast\" series only increased its mystique, making it a coveted piece among collectors and connoisseurs. The album's distinctive character lies in its spontaneous, freewheeling approach, which contrasts with the more polished productions of the era. It's a perfect example of Marchetti's unique vision, where each track seems to evolve organically, offering both intricate musicianship and a sense of unrestrained creativity.","og_url":"https:\/\/wpguerssen-test.odoo.rgbconsulting.com\/es\/producto\/equinox\/","og_site_name":"Guerssen records","article_modified_time":"2025-04-01T15:49:06+00:00","og_image":[{"width":612,"height":612,"url":"https:\/\/wpguerssen-test.odoo.rgbconsulting.com\/wp-content\/uploads\/2025\/02\/49837.jpg","type":"image\/jpeg"}],"twitter_card":"summary_large_image","twitter_title":"MARCHETTI, Gianni - Equinox -  (LP) | Guerssen","twitter_misc":{"Tiempo de lectura":"1 minuto"},"schema":{"@context":"https:\/\/schema.org","@graph":[{"@type":"WebPage","@id":"https:\/\/wpguerssen-test.odoo.rgbconsulting.com\/es\/producto\/equinox\/","url":"https:\/\/wpguerssen-test.odoo.rgbconsulting.com\/es\/producto\/equinox\/","name":"MARCHETTI, Gianni - Equinox - (LP) | Guerssen","isPartOf":{"@id":"https:\/\/wpguerssen-test.odoo.rgbconsulting.com\/es\/#website"},"primaryImageOfPage":{"@id":"https:\/\/wpguerssen-test.odoo.rgbconsulting.com\/es\/producto\/equinox\/#primaryimage"},"image":{"@id":"https:\/\/wpguerssen-test.odoo.rgbconsulting.com\/es\/producto\/equinox\/#primaryimage"},"thumbnailUrl":"https:\/\/wpguerssen-test.odoo.rgbconsulting.com\/wp-content\/uploads\/2025\/02\/49837.jpg","datePublished":"2025-03-31T22:00:00+00:00","dateModified":"2025-04-01T15:49:06+00:00","description":"\"Equinox\", Gianni Marchetti's 1977 twin album of \"Solstitium\", released in a handful of promo copies by RCA in their renowned \"Original Cast\" series, takes us on a journey through the author's groovier and wilder temperament, feeling as fresh and surprising today as the day it was made, offering immediate understanding of the reasons why it has remained one of his most sought after - and virtually impossible to find - titles over the decades.RIYL: Piero Umiliani, Sandro Brugnolini, Stefano TorossiThe limited release as part of RCA's \"Original Cast\" series only increased its mystique, making it a coveted piece among collectors and connoisseurs. The album's distinctive character lies in its spontaneous, freewheeling approach, which contrasts with the more polished productions of the era. It's a perfect example of Marchetti's unique vision, where each track seems to evolve organically, offering both intricate musicianship and a sense of unrestrained creativity.","breadcrumb":{"@id":"https:\/\/wpguerssen-test.odoo.rgbconsulting.com\/es\/producto\/equinox\/#breadcrumb"},"inLanguage":"es","potentialAction":[{"@type":"ReadAction","target":["https:\/\/wpguerssen-test.odoo.rgbconsulting.com\/es\/producto\/equinox\/"]}]},{"@type":"ImageObject","inLanguage":"es","@id":"https:\/\/wpguerssen-test.odoo.rgbconsulting.com\/es\/producto\/equinox\/#primaryimage","url":"https:\/\/wpguerssen-test.odoo.rgbconsulting.com\/wp-content\/uploads\/2025\/02\/49837.jpg","contentUrl":"https:\/\/wpguerssen-test.odoo.rgbconsulting.com\/wp-content\/uploads\/2025\/02\/49837.jpg","width":612,"height":612,"caption":"Gianni - Equinox - DIALOGO (LP) | Guerssen"},{"@type":"BreadcrumbList","@id":"https:\/\/wpguerssen-test.odoo.rgbconsulting.com\/es\/producto\/equinox\/#breadcrumb","itemListElement":[{"@type":"ListItem","position":1,"name":"Inicio","item":"https:\/\/wpguerssen-test.odoo.rgbconsulting.com\/es\/"},{"@type":"ListItem","position":2,"name":"Shop","item":"https:\/\/wpguerssen-test.odoo.rgbconsulting.com\/shop\/"},{"@type":"ListItem","position":3,"name":"Equinox"}]},{"@type":"WebSite","@id":"https:\/\/wpguerssen-test.odoo.rgbconsulting.com\/es\/#website","url":"https:\/\/wpguerssen-test.odoo.rgbconsulting.com\/es\/","name":"Guerssen records","description":"psychedelia - progressive - folk - garage ","publisher":{"@id":"https:\/\/wpguerssen-test.odoo.rgbconsulting.com\/es\/#organization"},"potentialAction":[{"@type":"SearchAction","target":{"@type":"EntryPoint","urlTemplate":"https:\/\/wpguerssen-test.odoo.rgbconsulting.com\/es\/?s={search_term_string}"},"query-input":{"@type":"PropertyValueSpecification","valueRequired":true,"valueName":"search_term_string"}}],"inLanguage":"es"},{"@type":"Organization","@id":"https:\/\/wpguerssen-test.odoo.rgbconsulting.com\/es\/#organization","name":"Guerssen records","url":"https:\/\/wpguerssen-test.odoo.rgbconsulting.com\/es\/","logo":{"@type":"ImageObject","inLanguage":"es","@id":"https:\/\/wpguerssen-test.odoo.rgbconsulting.com\/es\/#\/schema\/logo\/image\/","url":"https:\/\/wpguerssen-test.odoo.rgbconsulting.com\/wp-content\/uploads\/2022\/04\/Logo_Guerssen_trans_100.png","contentUrl":"https:\/\/wpguerssen-test.odoo.rgbconsulting.com\/wp-content\/uploads\/2022\/04\/Logo_Guerssen_trans_100.png","width":122,"height":100,"caption":"Guerssen records"},"image":{"@id":"https:\/\/wpguerssen-test.odoo.rgbconsulting.com\/es\/#\/schema\/logo\/image\/"}}]}},"_links":{"self":[{"href":"https:\/\/wpguerssen-test.odoo.rgbconsulting.com\/es\/wp-json\/wp\/v2\/product\/283548","targetHints":{"allow":["GET"]}}],"collection":[{"href":"https:\/\/wpguerssen-test.odoo.rgbconsulting.com\/es\/wp-json\/wp\/v2\/product"}],"about":[{"href":"https:\/\/wpguerssen-test.odoo.rgbconsulting.com\/es\/wp-json\/wp\/v2\/types\/product"}],"wp:featuredmedia":[{"embeddable":true,"href":"https:\/\/wpguerssen-test.odoo.rgbconsulting.com\/es\/wp-json\/wp\/v2\/media\/283474"}],"wp:attachment":[{"href":"https:\/\/wpguerssen-test.odoo.rgbconsulting.com\/es\/wp-json\/wp\/v2\/media?parent=283548"}],"wp:term":[{"taxonomy":"product_brand","embeddable":true,"href":"https:\/\/wpguerssen-test.odoo.rgbconsulting.com\/es\/wp-json\/wp\/v2\/product_brand?post=283548"},{"taxonomy":"product_cat","embeddable":true,"href":"https:\/\/wpguerssen-test.odoo.rgbconsulting.com\/es\/wp-json\/wp\/v2\/product_cat?post=283548"},{"taxonomy":"product_tag","embeddable":true,"href":"https:\/\/wpguerssen-test.odoo.rgbconsulting.com\/es\/wp-json\/wp\/v2\/product_tag?post=283548"}],"curies":[{"name":"wp","href":"https:\/\/api.w.org\/{rel}","templated":true}]}}