{"id":283549,"date":"2025-03-25T00:00:00","date_gmt":"2025-03-24T23:00:00","guid":{"rendered":"https:\/\/wpguerssen-test.odoo.rgbconsulting.com\/product\/herb-alpert-presents-equinox\/"},"modified":"2025-04-10T16:46:45","modified_gmt":"2025-04-10T14:46:45","slug":"herb-alpert-presents-equinox","status":"publish","type":"product","link":"https:\/\/wpguerssen-test.odoo.rgbconsulting.com\/es\/producto\/herb-alpert-presents-equinox\/","title":{"rendered":"Herb Alpert Presents &#038; Equinox"},"content":{"rendered":"<p>Estos son los dos primeros \u00e1lbumes de S\u00e9rgio Mendes y Brasil &#8217;66. Contiene como cara A el primer \u00e1lbum \u00abHerb Alpert Presents\u00bb y en la cara B el segundo \u00e1lbum \u00abEquinox\u00bb. El primer tema de la cara A es la famosa canci\u00f3n \u00abMais Que Nada\u00bb, que fue la primera canci\u00f3n en portugu\u00e9s que se convirti\u00f3 en un \u00e9xito en Am\u00e9rica y en todo el mundo.<\/p>\n","protected":false},"excerpt":{"rendered":"<p>Estos son los dos primeros \u00e1lbumes de S\u00e9rgio Mendes y Brasil &#8217;66. Contiene como cara A el primer \u00e1lbum \u00abHerb Alpert Presents\u00bb y en la cara B el segundo<a class=\"read\" href=\"https:\/\/wpguerssen-test.odoo.rgbconsulting.com\/es\/producto\/herb-alpert-presents-equinox\/\"> (...)<\/a>","protected":false},"featured_media":283477,"template":"","meta":{"_acf_changed":false},"product_brand":[],"product_cat":[23231],"product_tag":[24189],"class_list":{"0":"post-283549","1":"product","2":"type-product","3":"status-publish","4":"has-post-thumbnail","6":"product_cat-latin-brazilian-es","7":"product_tag-recien-llegadas","8":"pa_artist-mendes-sergio-brasil-66","9":"pa_format-lp-es","10":"pa_gender-latin-brazilian","11":"pa_label-endless-happiness","12":"pa_location-south-america-caribbean-es","13":"pa_other-filters-vinyl-only-es","15":"first","16":"instock","17":"taxable","18":"shipping-taxable","19":"purchasable","20":"product-type-simple"},"acf":[],"yoast_head":"<!-- This site is optimized with the Yoast SEO plugin v24.9 - https:\/\/yoast.com\/wordpress\/plugins\/seo\/ -->\n<title>MENDES, Sergio &amp; BRASIL 66 - Herb Alpert Presents &amp; Equinox -  (LP) | Guerssen<\/title>\n<meta name=\"description\" content=\"These are the first two albums by S\u00e9rgio Mendes and Brasil &#039;66. It contains as side A the first album &quot;Herb Alpert Presents&quot; and on side B the second album &quot;Equinox&quot;. The first track of side A is the famous song &quot;Mais Que Nada&quot;, also known as &quot;Mas Que Nada&quot;, which was the first song in Portuguese that became a hit in America and all over the world.\" \/>\n<meta name=\"robots\" content=\"index, follow, max-snippet:-1, max-image-preview:large, max-video-preview:-1\" \/>\n<link rel=\"canonical\" href=\"https:\/\/wpguerssen-test.odoo.rgbconsulting.com\/es\/producto\/herb-alpert-presents-equinox\/\" \/>\n<meta property=\"og:locale\" content=\"es_ES\" \/>\n<meta property=\"og:type\" content=\"article\" \/>\n<meta property=\"og:title\" content=\"MENDES, Sergio &amp; BRASIL 66 - Herb Alpert Presents &amp; Equinox -  (LP) | Guerssen\" \/>\n<meta property=\"og:description\" content=\"These are the first two albums by S\u00e9rgio Mendes and Brasil &#039;66. It contains as side A the first album &quot;Herb Alpert Presents&quot; and on side B the second album &quot;Equinox&quot;. The first track of side A is the famous song &quot;Mais Que Nada&quot;, also known as &quot;Mas Que Nada&quot;, which was the first song in Portuguese that became a hit in America and all over the world.\" \/>\n<meta property=\"og:url\" content=\"https:\/\/wpguerssen-test.odoo.rgbconsulting.com\/es\/producto\/herb-alpert-presents-equinox\/\" \/>\n<meta property=\"og:site_name\" content=\"Guerssen records\" \/>\n<meta property=\"article:modified_time\" content=\"2025-04-10T14:46:45+00:00\" \/>\n<meta property=\"og:image\" content=\"https:\/\/wpguerssen-test.odoo.rgbconsulting.com\/wp-content\/uploads\/2025\/02\/49838.jpg\" \/>\n\t<meta property=\"og:image:width\" content=\"945\" \/>\n\t<meta property=\"og:image:height\" content=\"944\" \/>\n\t<meta property=\"og:image:type\" content=\"image\/jpeg\" \/>\n<meta name=\"twitter:card\" content=\"summary_large_image\" \/>\n<meta name=\"twitter:title\" content=\"MENDES, Sergio &amp; BRASIL 66 - Herb Alpert Presents &amp; Equinox -  (LP) | Guerssen\" \/>\n<script type=\"application\/ld+json\" class=\"yoast-schema-graph\">{\"@context\":\"https:\/\/schema.org\",\"@graph\":[{\"@type\":\"WebPage\",\"@id\":\"https:\/\/wpguerssen-test.odoo.rgbconsulting.com\/es\/producto\/herb-alpert-presents-equinox\/\",\"url\":\"https:\/\/wpguerssen-test.odoo.rgbconsulting.com\/es\/producto\/herb-alpert-presents-equinox\/\",\"name\":\"MENDES, Sergio & BRASIL 66 - Herb Alpert Presents & Equinox - (LP) | Guerssen\",\"isPartOf\":{\"@id\":\"https:\/\/wpguerssen-test.odoo.rgbconsulting.com\/es\/#website\"},\"primaryImageOfPage\":{\"@id\":\"https:\/\/wpguerssen-test.odoo.rgbconsulting.com\/es\/producto\/herb-alpert-presents-equinox\/#primaryimage\"},\"image\":{\"@id\":\"https:\/\/wpguerssen-test.odoo.rgbconsulting.com\/es\/producto\/herb-alpert-presents-equinox\/#primaryimage\"},\"thumbnailUrl\":\"https:\/\/wpguerssen-test.odoo.rgbconsulting.com\/wp-content\/uploads\/2025\/02\/49838.jpg\",\"datePublished\":\"2025-03-24T23:00:00+00:00\",\"dateModified\":\"2025-04-10T14:46:45+00:00\",\"description\":\"These are the first two albums by S\u00e9rgio Mendes and Brasil '66. It contains as side A the first album \\\"Herb Alpert Presents\\\" and on side B the second album \\\"Equinox\\\". The first track of side A is the famous song \\\"Mais Que Nada\\\", also known as \\\"Mas Que Nada\\\", which was the first song in Portuguese that became a hit in America and all over the world.\",\"breadcrumb\":{\"@id\":\"https:\/\/wpguerssen-test.odoo.rgbconsulting.com\/es\/producto\/herb-alpert-presents-equinox\/#breadcrumb\"},\"inLanguage\":\"es\",\"potentialAction\":[{\"@type\":\"ReadAction\",\"target\":[\"https:\/\/wpguerssen-test.odoo.rgbconsulting.com\/es\/producto\/herb-alpert-presents-equinox\/\"]}]},{\"@type\":\"ImageObject\",\"inLanguage\":\"es\",\"@id\":\"https:\/\/wpguerssen-test.odoo.rgbconsulting.com\/es\/producto\/herb-alpert-presents-equinox\/#primaryimage\",\"url\":\"https:\/\/wpguerssen-test.odoo.rgbconsulting.com\/wp-content\/uploads\/2025\/02\/49838.jpg\",\"contentUrl\":\"https:\/\/wpguerssen-test.odoo.rgbconsulting.com\/wp-content\/uploads\/2025\/02\/49838.jpg\",\"width\":945,\"height\":944,\"caption\":\"Sergio & BRASIL 66 - Herb Alpert Presents & Equinox - ENDLESS HAPPINESS (LP) | Guerssen\"},{\"@type\":\"BreadcrumbList\",\"@id\":\"https:\/\/wpguerssen-test.odoo.rgbconsulting.com\/es\/producto\/herb-alpert-presents-equinox\/#breadcrumb\",\"itemListElement\":[{\"@type\":\"ListItem\",\"position\":1,\"name\":\"Inicio\",\"item\":\"https:\/\/wpguerssen-test.odoo.rgbconsulting.com\/es\/\"},{\"@type\":\"ListItem\",\"position\":2,\"name\":\"Shop\",\"item\":\"https:\/\/wpguerssen-test.odoo.rgbconsulting.com\/shop\/\"},{\"@type\":\"ListItem\",\"position\":3,\"name\":\"Herb Alpert Presents &#038; Equinox\"}]},{\"@type\":\"WebSite\",\"@id\":\"https:\/\/wpguerssen-test.odoo.rgbconsulting.com\/es\/#website\",\"url\":\"https:\/\/wpguerssen-test.odoo.rgbconsulting.com\/es\/\",\"name\":\"Guerssen records\",\"description\":\"psychedelia - progressive - folk - garage \",\"publisher\":{\"@id\":\"https:\/\/wpguerssen-test.odoo.rgbconsulting.com\/es\/#organization\"},\"potentialAction\":[{\"@type\":\"SearchAction\",\"target\":{\"@type\":\"EntryPoint\",\"urlTemplate\":\"https:\/\/wpguerssen-test.odoo.rgbconsulting.com\/es\/?s={search_term_string}\"},\"query-input\":{\"@type\":\"PropertyValueSpecification\",\"valueRequired\":true,\"valueName\":\"search_term_string\"}}],\"inLanguage\":\"es\"},{\"@type\":\"Organization\",\"@id\":\"https:\/\/wpguerssen-test.odoo.rgbconsulting.com\/es\/#organization\",\"name\":\"Guerssen records\",\"url\":\"https:\/\/wpguerssen-test.odoo.rgbconsulting.com\/es\/\",\"logo\":{\"@type\":\"ImageObject\",\"inLanguage\":\"es\",\"@id\":\"https:\/\/wpguerssen-test.odoo.rgbconsulting.com\/es\/#\/schema\/logo\/image\/\",\"url\":\"https:\/\/wpguerssen-test.odoo.rgbconsulting.com\/wp-content\/uploads\/2022\/04\/Logo_Guerssen_trans_100.png\",\"contentUrl\":\"https:\/\/wpguerssen-test.odoo.rgbconsulting.com\/wp-content\/uploads\/2022\/04\/Logo_Guerssen_trans_100.png\",\"width\":122,\"height\":100,\"caption\":\"Guerssen records\"},\"image\":{\"@id\":\"https:\/\/wpguerssen-test.odoo.rgbconsulting.com\/es\/#\/schema\/logo\/image\/\"}}]}<\/script>\n<!-- \/ Yoast SEO plugin. -->","yoast_head_json":{"title":"MENDES, Sergio & BRASIL 66 - Herb Alpert Presents & Equinox -  (LP) | Guerssen","description":"These are the first two albums by S\u00e9rgio Mendes and Brasil '66. It contains as side A the first album \"Herb Alpert Presents\" and on side B the second album \"Equinox\". The first track of side A is the famous song \"Mais Que Nada\", also known as \"Mas Que Nada\", which was the first song in Portuguese that became a hit in America and all over the world.","robots":{"index":"index","follow":"follow","max-snippet":"max-snippet:-1","max-image-preview":"max-image-preview:large","max-video-preview":"max-video-preview:-1"},"canonical":"https:\/\/wpguerssen-test.odoo.rgbconsulting.com\/es\/producto\/herb-alpert-presents-equinox\/","og_locale":"es_ES","og_type":"article","og_title":"MENDES, Sergio & BRASIL 66 - Herb Alpert Presents & Equinox -  (LP) | Guerssen","og_description":"These are the first two albums by S\u00e9rgio Mendes and Brasil '66. It contains as side A the first album \"Herb Alpert Presents\" and on side B the second album \"Equinox\". The first track of side A is the famous song \"Mais Que Nada\", also known as \"Mas Que Nada\", which was the first song in Portuguese that became a hit in America and all over the world.","og_url":"https:\/\/wpguerssen-test.odoo.rgbconsulting.com\/es\/producto\/herb-alpert-presents-equinox\/","og_site_name":"Guerssen records","article_modified_time":"2025-04-10T14:46:45+00:00","og_image":[{"width":945,"height":944,"url":"https:\/\/wpguerssen-test.odoo.rgbconsulting.com\/wp-content\/uploads\/2025\/02\/49838.jpg","type":"image\/jpeg"}],"twitter_card":"summary_large_image","twitter_title":"MENDES, Sergio & BRASIL 66 - Herb Alpert Presents & Equinox -  (LP) | Guerssen","schema":{"@context":"https:\/\/schema.org","@graph":[{"@type":"WebPage","@id":"https:\/\/wpguerssen-test.odoo.rgbconsulting.com\/es\/producto\/herb-alpert-presents-equinox\/","url":"https:\/\/wpguerssen-test.odoo.rgbconsulting.com\/es\/producto\/herb-alpert-presents-equinox\/","name":"MENDES, Sergio & BRASIL 66 - Herb Alpert Presents & Equinox - (LP) | Guerssen","isPartOf":{"@id":"https:\/\/wpguerssen-test.odoo.rgbconsulting.com\/es\/#website"},"primaryImageOfPage":{"@id":"https:\/\/wpguerssen-test.odoo.rgbconsulting.com\/es\/producto\/herb-alpert-presents-equinox\/#primaryimage"},"image":{"@id":"https:\/\/wpguerssen-test.odoo.rgbconsulting.com\/es\/producto\/herb-alpert-presents-equinox\/#primaryimage"},"thumbnailUrl":"https:\/\/wpguerssen-test.odoo.rgbconsulting.com\/wp-content\/uploads\/2025\/02\/49838.jpg","datePublished":"2025-03-24T23:00:00+00:00","dateModified":"2025-04-10T14:46:45+00:00","description":"These are the first two albums by S\u00e9rgio Mendes and Brasil '66. It contains as side A the first album \"Herb Alpert Presents\" and on side B the second album \"Equinox\". The first track of side A is the famous song \"Mais Que Nada\", also known as \"Mas Que Nada\", which was the first song in Portuguese that became a hit in America and all over the world.","breadcrumb":{"@id":"https:\/\/wpguerssen-test.odoo.rgbconsulting.com\/es\/producto\/herb-alpert-presents-equinox\/#breadcrumb"},"inLanguage":"es","potentialAction":[{"@type":"ReadAction","target":["https:\/\/wpguerssen-test.odoo.rgbconsulting.com\/es\/producto\/herb-alpert-presents-equinox\/"]}]},{"@type":"ImageObject","inLanguage":"es","@id":"https:\/\/wpguerssen-test.odoo.rgbconsulting.com\/es\/producto\/herb-alpert-presents-equinox\/#primaryimage","url":"https:\/\/wpguerssen-test.odoo.rgbconsulting.com\/wp-content\/uploads\/2025\/02\/49838.jpg","contentUrl":"https:\/\/wpguerssen-test.odoo.rgbconsulting.com\/wp-content\/uploads\/2025\/02\/49838.jpg","width":945,"height":944,"caption":"Sergio & BRASIL 66 - Herb Alpert Presents & Equinox - ENDLESS HAPPINESS (LP) | Guerssen"},{"@type":"BreadcrumbList","@id":"https:\/\/wpguerssen-test.odoo.rgbconsulting.com\/es\/producto\/herb-alpert-presents-equinox\/#breadcrumb","itemListElement":[{"@type":"ListItem","position":1,"name":"Inicio","item":"https:\/\/wpguerssen-test.odoo.rgbconsulting.com\/es\/"},{"@type":"ListItem","position":2,"name":"Shop","item":"https:\/\/wpguerssen-test.odoo.rgbconsulting.com\/shop\/"},{"@type":"ListItem","position":3,"name":"Herb Alpert Presents &#038; Equinox"}]},{"@type":"WebSite","@id":"https:\/\/wpguerssen-test.odoo.rgbconsulting.com\/es\/#website","url":"https:\/\/wpguerssen-test.odoo.rgbconsulting.com\/es\/","name":"Guerssen records","description":"psychedelia - progressive - folk - garage ","publisher":{"@id":"https:\/\/wpguerssen-test.odoo.rgbconsulting.com\/es\/#organization"},"potentialAction":[{"@type":"SearchAction","target":{"@type":"EntryPoint","urlTemplate":"https:\/\/wpguerssen-test.odoo.rgbconsulting.com\/es\/?s={search_term_string}"},"query-input":{"@type":"PropertyValueSpecification","valueRequired":true,"valueName":"search_term_string"}}],"inLanguage":"es"},{"@type":"Organization","@id":"https:\/\/wpguerssen-test.odoo.rgbconsulting.com\/es\/#organization","name":"Guerssen records","url":"https:\/\/wpguerssen-test.odoo.rgbconsulting.com\/es\/","logo":{"@type":"ImageObject","inLanguage":"es","@id":"https:\/\/wpguerssen-test.odoo.rgbconsulting.com\/es\/#\/schema\/logo\/image\/","url":"https:\/\/wpguerssen-test.odoo.rgbconsulting.com\/wp-content\/uploads\/2022\/04\/Logo_Guerssen_trans_100.png","contentUrl":"https:\/\/wpguerssen-test.odoo.rgbconsulting.com\/wp-content\/uploads\/2022\/04\/Logo_Guerssen_trans_100.png","width":122,"height":100,"caption":"Guerssen records"},"image":{"@id":"https:\/\/wpguerssen-test.odoo.rgbconsulting.com\/es\/#\/schema\/logo\/image\/"}}]}},"_links":{"self":[{"href":"https:\/\/wpguerssen-test.odoo.rgbconsulting.com\/es\/wp-json\/wp\/v2\/product\/283549","targetHints":{"allow":["GET"]}}],"collection":[{"href":"https:\/\/wpguerssen-test.odoo.rgbconsulting.com\/es\/wp-json\/wp\/v2\/product"}],"about":[{"href":"https:\/\/wpguerssen-test.odoo.rgbconsulting.com\/es\/wp-json\/wp\/v2\/types\/product"}],"wp:featuredmedia":[{"embeddable":true,"href":"https:\/\/wpguerssen-test.odoo.rgbconsulting.com\/es\/wp-json\/wp\/v2\/media\/283477"}],"wp:attachment":[{"href":"https:\/\/wpguerssen-test.odoo.rgbconsulting.com\/es\/wp-json\/wp\/v2\/media?parent=283549"}],"wp:term":[{"taxonomy":"product_brand","embeddable":true,"href":"https:\/\/wpguerssen-test.odoo.rgbconsulting.com\/es\/wp-json\/wp\/v2\/product_brand?post=283549"},{"taxonomy":"product_cat","embeddable":true,"href":"https:\/\/wpguerssen-test.odoo.rgbconsulting.com\/es\/wp-json\/wp\/v2\/product_cat?post=283549"},{"taxonomy":"product_tag","embeddable":true,"href":"https:\/\/wpguerssen-test.odoo.rgbconsulting.com\/es\/wp-json\/wp\/v2\/product_tag?post=283549"}],"curies":[{"name":"wp","href":"https:\/\/api.w.org\/{rel}","templated":true}]}}