{"id":283556,"date":"2025-02-25T00:00:00","date_gmt":"2025-02-24T23:00:00","guid":{"rendered":"https:\/\/wpguerssen-test.odoo.rgbconsulting.com\/product\/qualsevol-nit-pot-sortir-el-sol-transparent\/"},"modified":"2025-03-17T17:35:27","modified_gmt":"2025-03-17T16:35:27","slug":"qualsevol-nit-pot-sortir-el-sol-transparent","status":"publish","type":"product","link":"https:\/\/wpguerssen-test.odoo.rgbconsulting.com\/es\/producto\/qualsevol-nit-pot-sortir-el-sol-transparent\/","title":{"rendered":"Qualsevol Nit Pot Sortir El Sol (Transparent)"},"content":{"rendered":"<p>Cl\u00e1sico de 1975, uno de los discos clave de la escena catalana de los 70 con el bicho raro Jaume Sisa haciendo su mejor trabajo de folk-rock-pop con himnos como \u00abEl set\u00e8 cel\u00bb. Reedici\u00f3n del 50 aniversario con sonido remasterizado, inserto con notas, una reproducci\u00f3n del pay-pay original, una hoja firmada y vinilo transparente, todo en una edici\u00f3n limitada de 250 copias.<\/p>\n","protected":false},"excerpt":{"rendered":"<p>Cl\u00e1sico de 1975, uno de los discos clave de la escena catalana de los 70 con el bicho raro Jaume Sisa haciendo su mejor trabajo de folk-rock-pop con himnos como \u00abEl<a class=\"read\" href=\"https:\/\/wpguerssen-test.odoo.rgbconsulting.com\/es\/producto\/qualsevol-nit-pot-sortir-el-sol-transparent\/\"> (...)<\/a>","protected":false},"featured_media":283498,"template":"","meta":{"_acf_changed":false},"product_brand":[],"product_cat":[23271,23234],"product_tag":[29140,24189],"class_list":{"0":"post-283556","1":"product","2":"type-product","3":"status-publish","4":"has-post-thumbnail","6":"product_cat-folk-60s-70s-es","7":"product_cat-pop-rock-es","8":"product_tag-color-vinyl-es","9":"product_tag-recien-llegadas","10":"pa_artist-sisa-jaume-es","11":"pa_format-lp-es","12":"pa_gender-folk-60s-70s-pop-rock","13":"pa_label-satelite-k-es","14":"pa_location-spain-es","15":"pa_other-filters-vinyl-only-es","17":"first","18":"instock","19":"taxable","20":"shipping-taxable","21":"purchasable","22":"product-type-simple"},"acf":[],"yoast_head":"<!-- This site is optimized with the Yoast SEO plugin v24.9 - https:\/\/yoast.com\/wordpress\/plugins\/seo\/ -->\n<title>SISA, Jaume - Qualsevol Nit Pot Sortir El Sol (Transparent) -  (LP) | Guerssen<\/title>\n<meta name=\"description\" content=\"1975 classic, one of the key 70s albums from the Catalan 70s scene with weirdo Jaume Sisa doing his best folk-rock-pop job ever with anthems such as &quot;El set\u00e8 cel&quot;. 50 year anniversary reissue with remastered sound, insert with linernotes, a repro of the original pay-pay, a signed sheet and clear vinyl, all in a limited 250 copies pressing.\" \/>\n<meta name=\"robots\" content=\"index, follow, max-snippet:-1, max-image-preview:large, max-video-preview:-1\" \/>\n<link rel=\"canonical\" href=\"https:\/\/wpguerssen-test.odoo.rgbconsulting.com\/es\/producto\/qualsevol-nit-pot-sortir-el-sol-transparent\/\" \/>\n<meta property=\"og:locale\" content=\"es_ES\" \/>\n<meta property=\"og:type\" content=\"article\" \/>\n<meta property=\"og:title\" content=\"SISA, Jaume - Qualsevol Nit Pot Sortir El Sol (Transparent) -  (LP) | Guerssen\" \/>\n<meta property=\"og:description\" content=\"1975 classic, one of the key 70s albums from the Catalan 70s scene with weirdo Jaume Sisa doing his best folk-rock-pop job ever with anthems such as &quot;El set\u00e8 cel&quot;. 50 year anniversary reissue with remastered sound, insert with linernotes, a repro of the original pay-pay, a signed sheet and clear vinyl, all in a limited 250 copies pressing.\" \/>\n<meta property=\"og:url\" content=\"https:\/\/wpguerssen-test.odoo.rgbconsulting.com\/es\/producto\/qualsevol-nit-pot-sortir-el-sol-transparent\/\" \/>\n<meta property=\"og:site_name\" content=\"Guerssen records\" \/>\n<meta property=\"article:modified_time\" content=\"2025-03-17T16:35:27+00:00\" \/>\n<meta property=\"og:image\" content=\"https:\/\/wpguerssen-test.odoo.rgbconsulting.com\/wp-content\/uploads\/2025\/02\/49845.jpg\" \/>\n\t<meta property=\"og:image:width\" content=\"861\" \/>\n\t<meta property=\"og:image:height\" content=\"893\" \/>\n\t<meta property=\"og:image:type\" content=\"image\/jpeg\" \/>\n<meta name=\"twitter:card\" content=\"summary_large_image\" \/>\n<meta name=\"twitter:title\" content=\"SISA, Jaume - Qualsevol Nit Pot Sortir El Sol (Transparent) -  (LP) | Guerssen\" \/>\n<script type=\"application\/ld+json\" class=\"yoast-schema-graph\">{\"@context\":\"https:\/\/schema.org\",\"@graph\":[{\"@type\":\"WebPage\",\"@id\":\"https:\/\/wpguerssen-test.odoo.rgbconsulting.com\/es\/producto\/qualsevol-nit-pot-sortir-el-sol-transparent\/\",\"url\":\"https:\/\/wpguerssen-test.odoo.rgbconsulting.com\/es\/producto\/qualsevol-nit-pot-sortir-el-sol-transparent\/\",\"name\":\"SISA, Jaume - Qualsevol Nit Pot Sortir El Sol (Transparent) - (LP) | Guerssen\",\"isPartOf\":{\"@id\":\"https:\/\/wpguerssen-test.odoo.rgbconsulting.com\/es\/#website\"},\"primaryImageOfPage\":{\"@id\":\"https:\/\/wpguerssen-test.odoo.rgbconsulting.com\/es\/producto\/qualsevol-nit-pot-sortir-el-sol-transparent\/#primaryimage\"},\"image\":{\"@id\":\"https:\/\/wpguerssen-test.odoo.rgbconsulting.com\/es\/producto\/qualsevol-nit-pot-sortir-el-sol-transparent\/#primaryimage\"},\"thumbnailUrl\":\"https:\/\/wpguerssen-test.odoo.rgbconsulting.com\/wp-content\/uploads\/2025\/02\/49845.jpg\",\"datePublished\":\"2025-02-24T23:00:00+00:00\",\"dateModified\":\"2025-03-17T16:35:27+00:00\",\"description\":\"1975 classic, one of the key 70s albums from the Catalan 70s scene with weirdo Jaume Sisa doing his best folk-rock-pop job ever with anthems such as \\\"El set\u00e8 cel\\\". 50 year anniversary reissue with remastered sound, insert with linernotes, a repro of the original pay-pay, a signed sheet and clear vinyl, all in a limited 250 copies pressing.\",\"breadcrumb\":{\"@id\":\"https:\/\/wpguerssen-test.odoo.rgbconsulting.com\/es\/producto\/qualsevol-nit-pot-sortir-el-sol-transparent\/#breadcrumb\"},\"inLanguage\":\"es\",\"potentialAction\":[{\"@type\":\"ReadAction\",\"target\":[\"https:\/\/wpguerssen-test.odoo.rgbconsulting.com\/es\/producto\/qualsevol-nit-pot-sortir-el-sol-transparent\/\"]}]},{\"@type\":\"ImageObject\",\"inLanguage\":\"es\",\"@id\":\"https:\/\/wpguerssen-test.odoo.rgbconsulting.com\/es\/producto\/qualsevol-nit-pot-sortir-el-sol-transparent\/#primaryimage\",\"url\":\"https:\/\/wpguerssen-test.odoo.rgbconsulting.com\/wp-content\/uploads\/2025\/02\/49845.jpg\",\"contentUrl\":\"https:\/\/wpguerssen-test.odoo.rgbconsulting.com\/wp-content\/uploads\/2025\/02\/49845.jpg\",\"width\":861,\"height\":893,\"caption\":\"Jaume - Qualsevol Nit Pot Sortir El Sol (Transparent) - SATELITE K (LP) | Guerssen\"},{\"@type\":\"BreadcrumbList\",\"@id\":\"https:\/\/wpguerssen-test.odoo.rgbconsulting.com\/es\/producto\/qualsevol-nit-pot-sortir-el-sol-transparent\/#breadcrumb\",\"itemListElement\":[{\"@type\":\"ListItem\",\"position\":1,\"name\":\"Inicio\",\"item\":\"https:\/\/wpguerssen-test.odoo.rgbconsulting.com\/es\/\"},{\"@type\":\"ListItem\",\"position\":2,\"name\":\"Shop\",\"item\":\"https:\/\/wpguerssen-test.odoo.rgbconsulting.com\/shop\/\"},{\"@type\":\"ListItem\",\"position\":3,\"name\":\"Qualsevol Nit Pot Sortir El Sol (Transparent)\"}]},{\"@type\":\"WebSite\",\"@id\":\"https:\/\/wpguerssen-test.odoo.rgbconsulting.com\/es\/#website\",\"url\":\"https:\/\/wpguerssen-test.odoo.rgbconsulting.com\/es\/\",\"name\":\"Guerssen records\",\"description\":\"psychedelia - progressive - folk - garage \",\"publisher\":{\"@id\":\"https:\/\/wpguerssen-test.odoo.rgbconsulting.com\/es\/#organization\"},\"potentialAction\":[{\"@type\":\"SearchAction\",\"target\":{\"@type\":\"EntryPoint\",\"urlTemplate\":\"https:\/\/wpguerssen-test.odoo.rgbconsulting.com\/es\/?s={search_term_string}\"},\"query-input\":{\"@type\":\"PropertyValueSpecification\",\"valueRequired\":true,\"valueName\":\"search_term_string\"}}],\"inLanguage\":\"es\"},{\"@type\":\"Organization\",\"@id\":\"https:\/\/wpguerssen-test.odoo.rgbconsulting.com\/es\/#organization\",\"name\":\"Guerssen records\",\"url\":\"https:\/\/wpguerssen-test.odoo.rgbconsulting.com\/es\/\",\"logo\":{\"@type\":\"ImageObject\",\"inLanguage\":\"es\",\"@id\":\"https:\/\/wpguerssen-test.odoo.rgbconsulting.com\/es\/#\/schema\/logo\/image\/\",\"url\":\"https:\/\/wpguerssen-test.odoo.rgbconsulting.com\/wp-content\/uploads\/2022\/04\/Logo_Guerssen_trans_100.png\",\"contentUrl\":\"https:\/\/wpguerssen-test.odoo.rgbconsulting.com\/wp-content\/uploads\/2022\/04\/Logo_Guerssen_trans_100.png\",\"width\":122,\"height\":100,\"caption\":\"Guerssen records\"},\"image\":{\"@id\":\"https:\/\/wpguerssen-test.odoo.rgbconsulting.com\/es\/#\/schema\/logo\/image\/\"}}]}<\/script>\n<!-- \/ Yoast SEO plugin. -->","yoast_head_json":{"title":"SISA, Jaume - Qualsevol Nit Pot Sortir El Sol (Transparent) -  (LP) | Guerssen","description":"1975 classic, one of the key 70s albums from the Catalan 70s scene with weirdo Jaume Sisa doing his best folk-rock-pop job ever with anthems such as \"El set\u00e8 cel\". 50 year anniversary reissue with remastered sound, insert with linernotes, a repro of the original pay-pay, a signed sheet and clear vinyl, all in a limited 250 copies pressing.","robots":{"index":"index","follow":"follow","max-snippet":"max-snippet:-1","max-image-preview":"max-image-preview:large","max-video-preview":"max-video-preview:-1"},"canonical":"https:\/\/wpguerssen-test.odoo.rgbconsulting.com\/es\/producto\/qualsevol-nit-pot-sortir-el-sol-transparent\/","og_locale":"es_ES","og_type":"article","og_title":"SISA, Jaume - Qualsevol Nit Pot Sortir El Sol (Transparent) -  (LP) | Guerssen","og_description":"1975 classic, one of the key 70s albums from the Catalan 70s scene with weirdo Jaume Sisa doing his best folk-rock-pop job ever with anthems such as \"El set\u00e8 cel\". 50 year anniversary reissue with remastered sound, insert with linernotes, a repro of the original pay-pay, a signed sheet and clear vinyl, all in a limited 250 copies pressing.","og_url":"https:\/\/wpguerssen-test.odoo.rgbconsulting.com\/es\/producto\/qualsevol-nit-pot-sortir-el-sol-transparent\/","og_site_name":"Guerssen records","article_modified_time":"2025-03-17T16:35:27+00:00","og_image":[{"width":861,"height":893,"url":"https:\/\/wpguerssen-test.odoo.rgbconsulting.com\/wp-content\/uploads\/2025\/02\/49845.jpg","type":"image\/jpeg"}],"twitter_card":"summary_large_image","twitter_title":"SISA, Jaume - Qualsevol Nit Pot Sortir El Sol (Transparent) -  (LP) | Guerssen","schema":{"@context":"https:\/\/schema.org","@graph":[{"@type":"WebPage","@id":"https:\/\/wpguerssen-test.odoo.rgbconsulting.com\/es\/producto\/qualsevol-nit-pot-sortir-el-sol-transparent\/","url":"https:\/\/wpguerssen-test.odoo.rgbconsulting.com\/es\/producto\/qualsevol-nit-pot-sortir-el-sol-transparent\/","name":"SISA, Jaume - Qualsevol Nit Pot Sortir El Sol (Transparent) - (LP) | Guerssen","isPartOf":{"@id":"https:\/\/wpguerssen-test.odoo.rgbconsulting.com\/es\/#website"},"primaryImageOfPage":{"@id":"https:\/\/wpguerssen-test.odoo.rgbconsulting.com\/es\/producto\/qualsevol-nit-pot-sortir-el-sol-transparent\/#primaryimage"},"image":{"@id":"https:\/\/wpguerssen-test.odoo.rgbconsulting.com\/es\/producto\/qualsevol-nit-pot-sortir-el-sol-transparent\/#primaryimage"},"thumbnailUrl":"https:\/\/wpguerssen-test.odoo.rgbconsulting.com\/wp-content\/uploads\/2025\/02\/49845.jpg","datePublished":"2025-02-24T23:00:00+00:00","dateModified":"2025-03-17T16:35:27+00:00","description":"1975 classic, one of the key 70s albums from the Catalan 70s scene with weirdo Jaume Sisa doing his best folk-rock-pop job ever with anthems such as \"El set\u00e8 cel\". 50 year anniversary reissue with remastered sound, insert with linernotes, a repro of the original pay-pay, a signed sheet and clear vinyl, all in a limited 250 copies pressing.","breadcrumb":{"@id":"https:\/\/wpguerssen-test.odoo.rgbconsulting.com\/es\/producto\/qualsevol-nit-pot-sortir-el-sol-transparent\/#breadcrumb"},"inLanguage":"es","potentialAction":[{"@type":"ReadAction","target":["https:\/\/wpguerssen-test.odoo.rgbconsulting.com\/es\/producto\/qualsevol-nit-pot-sortir-el-sol-transparent\/"]}]},{"@type":"ImageObject","inLanguage":"es","@id":"https:\/\/wpguerssen-test.odoo.rgbconsulting.com\/es\/producto\/qualsevol-nit-pot-sortir-el-sol-transparent\/#primaryimage","url":"https:\/\/wpguerssen-test.odoo.rgbconsulting.com\/wp-content\/uploads\/2025\/02\/49845.jpg","contentUrl":"https:\/\/wpguerssen-test.odoo.rgbconsulting.com\/wp-content\/uploads\/2025\/02\/49845.jpg","width":861,"height":893,"caption":"Jaume - Qualsevol Nit Pot Sortir El Sol (Transparent) - SATELITE K (LP) | Guerssen"},{"@type":"BreadcrumbList","@id":"https:\/\/wpguerssen-test.odoo.rgbconsulting.com\/es\/producto\/qualsevol-nit-pot-sortir-el-sol-transparent\/#breadcrumb","itemListElement":[{"@type":"ListItem","position":1,"name":"Inicio","item":"https:\/\/wpguerssen-test.odoo.rgbconsulting.com\/es\/"},{"@type":"ListItem","position":2,"name":"Shop","item":"https:\/\/wpguerssen-test.odoo.rgbconsulting.com\/shop\/"},{"@type":"ListItem","position":3,"name":"Qualsevol Nit Pot Sortir El Sol (Transparent)"}]},{"@type":"WebSite","@id":"https:\/\/wpguerssen-test.odoo.rgbconsulting.com\/es\/#website","url":"https:\/\/wpguerssen-test.odoo.rgbconsulting.com\/es\/","name":"Guerssen records","description":"psychedelia - progressive - folk - garage ","publisher":{"@id":"https:\/\/wpguerssen-test.odoo.rgbconsulting.com\/es\/#organization"},"potentialAction":[{"@type":"SearchAction","target":{"@type":"EntryPoint","urlTemplate":"https:\/\/wpguerssen-test.odoo.rgbconsulting.com\/es\/?s={search_term_string}"},"query-input":{"@type":"PropertyValueSpecification","valueRequired":true,"valueName":"search_term_string"}}],"inLanguage":"es"},{"@type":"Organization","@id":"https:\/\/wpguerssen-test.odoo.rgbconsulting.com\/es\/#organization","name":"Guerssen records","url":"https:\/\/wpguerssen-test.odoo.rgbconsulting.com\/es\/","logo":{"@type":"ImageObject","inLanguage":"es","@id":"https:\/\/wpguerssen-test.odoo.rgbconsulting.com\/es\/#\/schema\/logo\/image\/","url":"https:\/\/wpguerssen-test.odoo.rgbconsulting.com\/wp-content\/uploads\/2022\/04\/Logo_Guerssen_trans_100.png","contentUrl":"https:\/\/wpguerssen-test.odoo.rgbconsulting.com\/wp-content\/uploads\/2022\/04\/Logo_Guerssen_trans_100.png","width":122,"height":100,"caption":"Guerssen records"},"image":{"@id":"https:\/\/wpguerssen-test.odoo.rgbconsulting.com\/es\/#\/schema\/logo\/image\/"}}]}},"_links":{"self":[{"href":"https:\/\/wpguerssen-test.odoo.rgbconsulting.com\/es\/wp-json\/wp\/v2\/product\/283556","targetHints":{"allow":["GET"]}}],"collection":[{"href":"https:\/\/wpguerssen-test.odoo.rgbconsulting.com\/es\/wp-json\/wp\/v2\/product"}],"about":[{"href":"https:\/\/wpguerssen-test.odoo.rgbconsulting.com\/es\/wp-json\/wp\/v2\/types\/product"}],"wp:featuredmedia":[{"embeddable":true,"href":"https:\/\/wpguerssen-test.odoo.rgbconsulting.com\/es\/wp-json\/wp\/v2\/media\/283498"}],"wp:attachment":[{"href":"https:\/\/wpguerssen-test.odoo.rgbconsulting.com\/es\/wp-json\/wp\/v2\/media?parent=283556"}],"wp:term":[{"taxonomy":"product_brand","embeddable":true,"href":"https:\/\/wpguerssen-test.odoo.rgbconsulting.com\/es\/wp-json\/wp\/v2\/product_brand?post=283556"},{"taxonomy":"product_cat","embeddable":true,"href":"https:\/\/wpguerssen-test.odoo.rgbconsulting.com\/es\/wp-json\/wp\/v2\/product_cat?post=283556"},{"taxonomy":"product_tag","embeddable":true,"href":"https:\/\/wpguerssen-test.odoo.rgbconsulting.com\/es\/wp-json\/wp\/v2\/product_tag?post=283556"}],"curies":[{"name":"wp","href":"https:\/\/api.w.org\/{rel}","templated":true}]}}