{"id":283557,"date":"2025-03-07T00:00:00","date_gmt":"2025-03-06T23:00:00","guid":{"rendered":"https:\/\/wpguerssen-test.odoo.rgbconsulting.com\/product\/ayo-ke-disco-boogie-pop-funk-from-south-china\/"},"modified":"2025-04-01T17:49:10","modified_gmt":"2025-04-01T15:49:10","slug":"ayo-ke-disco-boogie-pop-funk-from-south-china","status":"publish","type":"product","link":"https:\/\/wpguerssen-test.odoo.rgbconsulting.com\/es\/producto\/ayo-ke-disco-boogie-pop-funk-from-south-china\/","title":{"rendered":"Ayo Ke Disco: Boogie, Pop &#038; Funk From South China"},"content":{"rendered":"<p>La gerente general de Soundway, Alice Whittington, tambi\u00e9n conocida como Norsicaa (DJ), selecciona 10 cortes de sellos locales, reeditados oficialmente en vinilo por primera vez, formando una instant\u00e1nea de las vibrantes discotecas y escenas en vivo en Indonesia, Singapur, Tailandia, Malasia, Hong Kong y Filipinas.<br \/>Ayo Ke Disco&#8217; (que significa &#8216;Vamos a la discoteca&#8217; en malayo e indonesio) celebra las identidades musicales que emergen de los pa\u00edses reci\u00e9n independizados del sudeste asi\u00e1tico durante los a\u00f1os 1970 y 80.<br \/>Los artistas presentados aqu\u00ed eran conocidos por explorar sonidos tradicionales junto con el funk, la m\u00fasica disco, el pop urbano e incluso el psicorock pol\u00edtico, g\u00e9neros que eran indicativos de un per\u00edodo emocionante pero a menudo turbulento. Pero a pesar del contexto de inestabilidad de la posguerra, llegaron niveles de prosperidad econ\u00f3mica sin precedentes. Con un zumbido de esperanza llenando el aire, la escena musical estaba ayudando a liderar el camino en la remodelaci\u00f3n de las nuevas identidades de la regi\u00f3n.<br \/>TRACKLIST<br \/>A1 Fatimah Razak-Dahaga A2 Black Brothers &#8211; Mangge Mangge A3 Marini And The Steps -Kuingin Dekatmu A4 Tian Niu -Deng Ni Zai Yu Zhong  A5 The Rollies &#8211; Disco B1 Regalado &#8211; Pinoy Funk B2 John Philips And The Steps -Ayo Ke Disco B3 Aria Yunior &#8211; Salah Tingkah B4 Ahmadi Hassan- Habibi (Mari Bersatu) B5 Pongsri Woranuch -Aew&#8230;Phu Chai<\/p>\n","protected":false},"excerpt":{"rendered":"<p>La gerente general de Soundway, Alice Whittington, tambi\u00e9n conocida como Norsicaa (DJ), selecciona 10 cortes de sellos locales, reeditados oficialmente en vinilo<a class=\"read\" href=\"https:\/\/wpguerssen-test.odoo.rgbconsulting.com\/es\/producto\/ayo-ke-disco-boogie-pop-funk-from-south-china\/\"> (...)<\/a>","protected":false},"featured_media":283501,"template":"","meta":{"_acf_changed":false},"product_brand":[],"product_cat":[23265],"product_tag":[24189],"class_list":{"0":"post-283557","1":"product","2":"type-product","3":"status-publish","4":"has-post-thumbnail","6":"product_cat-disco-cosmic-italo-es","7":"product_tag-recien-llegadas","8":"pa_artist-various-artists-es","9":"pa_format-lp-es","10":"pa_gender-disco-cosmic-italo","11":"pa_label-soundway","12":"pa_location-asia-es","13":"pa_other-filters-vinyl-only-es","15":"first","16":"instock","17":"taxable","18":"shipping-taxable","19":"purchasable","20":"product-type-simple"},"acf":[],"yoast_head":"<!-- This site is optimized with the Yoast SEO plugin v24.9 - https:\/\/yoast.com\/wordpress\/plugins\/seo\/ -->\n<title>VARIOUS ARTISTS - Ayo Ke Disco: Boogie, Pop &amp; Funk From South China -  (LP) | Guerssen<\/title>\n<meta name=\"description\" content=\"Soundway general manager Alice Whittington, aka Norsicaa (DJ), selects 10 deep cuts from local labels, officially reissued on vinyl for the first time - forming a snapshot of the vibrant discotheques and live scenes across Indonesia, Singapore, Thailand, Malaysia, Hong Kong and the Philippines.Ayo Ke Disco&#039; (meaning &#039;Let&#039;s go to the disco&#039; in Malay and Indonesian) celebrates the musical identities emerging from the newly independent countries in South-East Asia during the 1970s and 80s.The artists featured here were known for exploring traditional sounds alongside funk, disco, city-pop and even political psych-rock, genres that were indicative of the exciting but often turbulent period. But despite the post-war backdrop of instability there came unprecedented levels of economic prosperity. With a hopeful buzz filling the air, the music scene was helping lead the way in reshaping the new identities of the region.TRACKLISTA1 Fatimah Razak-Dahaga A2 Black Brothers - Mangge Mangge A3 Marini And The Steps -Kuingin Dekatmu A4 Tian Niu -Deng Ni Zai Yu Zhong A5 The Rollies - Disco B1 Regalado - Pinoy Funk B2 John Philips And The Steps -Ayo Ke Disco B3 Aria Yunior - Salah Tingkah B4 Ahmadi Hassan- Habibi (Mari Bersatu) B5 Pongsri Woranuch -Aew...Phu Chai\" \/>\n<meta name=\"robots\" content=\"index, follow, max-snippet:-1, max-image-preview:large, max-video-preview:-1\" \/>\n<link rel=\"canonical\" href=\"https:\/\/wpguerssen-test.odoo.rgbconsulting.com\/es\/producto\/ayo-ke-disco-boogie-pop-funk-from-south-china\/\" \/>\n<meta property=\"og:locale\" content=\"es_ES\" \/>\n<meta property=\"og:type\" content=\"article\" \/>\n<meta property=\"og:title\" content=\"VARIOUS ARTISTS - Ayo Ke Disco: Boogie, Pop &amp; Funk From South China -  (LP) | Guerssen\" \/>\n<meta property=\"og:description\" content=\"Soundway general manager Alice Whittington, aka Norsicaa (DJ), selects 10 deep cuts from local labels, officially reissued on vinyl for the first time - forming a snapshot of the vibrant discotheques and live scenes across Indonesia, Singapore, Thailand, Malaysia, Hong Kong and the Philippines.Ayo Ke Disco&#039; (meaning &#039;Let&#039;s go to the disco&#039; in Malay and Indonesian) celebrates the musical identities emerging from the newly independent countries in South-East Asia during the 1970s and 80s.The artists featured here were known for exploring traditional sounds alongside funk, disco, city-pop and even political psych-rock, genres that were indicative of the exciting but often turbulent period. But despite the post-war backdrop of instability there came unprecedented levels of economic prosperity. With a hopeful buzz filling the air, the music scene was helping lead the way in reshaping the new identities of the region.TRACKLISTA1 Fatimah Razak-Dahaga A2 Black Brothers - Mangge Mangge A3 Marini And The Steps -Kuingin Dekatmu A4 Tian Niu -Deng Ni Zai Yu Zhong A5 The Rollies - Disco B1 Regalado - Pinoy Funk B2 John Philips And The Steps -Ayo Ke Disco B3 Aria Yunior - Salah Tingkah B4 Ahmadi Hassan- Habibi (Mari Bersatu) B5 Pongsri Woranuch -Aew...Phu Chai\" \/>\n<meta property=\"og:url\" content=\"https:\/\/wpguerssen-test.odoo.rgbconsulting.com\/es\/producto\/ayo-ke-disco-boogie-pop-funk-from-south-china\/\" \/>\n<meta property=\"og:site_name\" content=\"Guerssen records\" \/>\n<meta property=\"article:modified_time\" content=\"2025-04-01T15:49:10+00:00\" \/>\n<meta property=\"og:image\" content=\"https:\/\/wpguerssen-test.odoo.rgbconsulting.com\/wp-content\/uploads\/2025\/02\/49846.jpg\" \/>\n\t<meta property=\"og:image:width\" content=\"550\" \/>\n\t<meta property=\"og:image:height\" content=\"550\" \/>\n\t<meta property=\"og:image:type\" content=\"image\/jpeg\" \/>\n<meta name=\"twitter:card\" content=\"summary_large_image\" \/>\n<meta name=\"twitter:title\" content=\"VARIOUS ARTISTS - Ayo Ke Disco: Boogie, Pop &amp; Funk From South China -  (LP) | Guerssen\" \/>\n<meta name=\"twitter:label1\" content=\"Tiempo de lectura\" \/>\n\t<meta name=\"twitter:data1\" content=\"1 minuto\" \/>\n<script type=\"application\/ld+json\" class=\"yoast-schema-graph\">{\"@context\":\"https:\/\/schema.org\",\"@graph\":[{\"@type\":\"WebPage\",\"@id\":\"https:\/\/wpguerssen-test.odoo.rgbconsulting.com\/es\/producto\/ayo-ke-disco-boogie-pop-funk-from-south-china\/\",\"url\":\"https:\/\/wpguerssen-test.odoo.rgbconsulting.com\/es\/producto\/ayo-ke-disco-boogie-pop-funk-from-south-china\/\",\"name\":\"VARIOUS ARTISTS - Ayo Ke Disco: Boogie, Pop & Funk From South China - (LP) | Guerssen\",\"isPartOf\":{\"@id\":\"https:\/\/wpguerssen-test.odoo.rgbconsulting.com\/es\/#website\"},\"primaryImageOfPage\":{\"@id\":\"https:\/\/wpguerssen-test.odoo.rgbconsulting.com\/es\/producto\/ayo-ke-disco-boogie-pop-funk-from-south-china\/#primaryimage\"},\"image\":{\"@id\":\"https:\/\/wpguerssen-test.odoo.rgbconsulting.com\/es\/producto\/ayo-ke-disco-boogie-pop-funk-from-south-china\/#primaryimage\"},\"thumbnailUrl\":\"https:\/\/wpguerssen-test.odoo.rgbconsulting.com\/wp-content\/uploads\/2025\/02\/49846.jpg\",\"datePublished\":\"2025-03-06T23:00:00+00:00\",\"dateModified\":\"2025-04-01T15:49:10+00:00\",\"description\":\"Soundway general manager Alice Whittington, aka Norsicaa (DJ), selects 10 deep cuts from local labels, officially reissued on vinyl for the first time - forming a snapshot of the vibrant discotheques and live scenes across Indonesia, Singapore, Thailand, Malaysia, Hong Kong and the Philippines.Ayo Ke Disco' (meaning 'Let's go to the disco' in Malay and Indonesian) celebrates the musical identities emerging from the newly independent countries in South-East Asia during the 1970s and 80s.The artists featured here were known for exploring traditional sounds alongside funk, disco, city-pop and even political psych-rock, genres that were indicative of the exciting but often turbulent period. But despite the post-war backdrop of instability there came unprecedented levels of economic prosperity. With a hopeful buzz filling the air, the music scene was helping lead the way in reshaping the new identities of the region.TRACKLISTA1 Fatimah Razak-Dahaga A2 Black Brothers - Mangge Mangge A3 Marini And The Steps -Kuingin Dekatmu A4 Tian Niu -Deng Ni Zai Yu Zhong A5 The Rollies - Disco B1 Regalado - Pinoy Funk B2 John Philips And The Steps -Ayo Ke Disco B3 Aria Yunior - Salah Tingkah B4 Ahmadi Hassan- Habibi (Mari Bersatu) B5 Pongsri Woranuch -Aew...Phu Chai\",\"breadcrumb\":{\"@id\":\"https:\/\/wpguerssen-test.odoo.rgbconsulting.com\/es\/producto\/ayo-ke-disco-boogie-pop-funk-from-south-china\/#breadcrumb\"},\"inLanguage\":\"es\",\"potentialAction\":[{\"@type\":\"ReadAction\",\"target\":[\"https:\/\/wpguerssen-test.odoo.rgbconsulting.com\/es\/producto\/ayo-ke-disco-boogie-pop-funk-from-south-china\/\"]}]},{\"@type\":\"ImageObject\",\"inLanguage\":\"es\",\"@id\":\"https:\/\/wpguerssen-test.odoo.rgbconsulting.com\/es\/producto\/ayo-ke-disco-boogie-pop-funk-from-south-china\/#primaryimage\",\"url\":\"https:\/\/wpguerssen-test.odoo.rgbconsulting.com\/wp-content\/uploads\/2025\/02\/49846.jpg\",\"contentUrl\":\"https:\/\/wpguerssen-test.odoo.rgbconsulting.com\/wp-content\/uploads\/2025\/02\/49846.jpg\",\"width\":550,\"height\":550,\"caption\":\"Pop & Funk From South China - SOUNDWAY (LP) | Guerssen\"},{\"@type\":\"BreadcrumbList\",\"@id\":\"https:\/\/wpguerssen-test.odoo.rgbconsulting.com\/es\/producto\/ayo-ke-disco-boogie-pop-funk-from-south-china\/#breadcrumb\",\"itemListElement\":[{\"@type\":\"ListItem\",\"position\":1,\"name\":\"Inicio\",\"item\":\"https:\/\/wpguerssen-test.odoo.rgbconsulting.com\/es\/\"},{\"@type\":\"ListItem\",\"position\":2,\"name\":\"Shop\",\"item\":\"https:\/\/wpguerssen-test.odoo.rgbconsulting.com\/shop\/\"},{\"@type\":\"ListItem\",\"position\":3,\"name\":\"Ayo Ke Disco: Boogie, Pop &#038; Funk From South China\"}]},{\"@type\":\"WebSite\",\"@id\":\"https:\/\/wpguerssen-test.odoo.rgbconsulting.com\/es\/#website\",\"url\":\"https:\/\/wpguerssen-test.odoo.rgbconsulting.com\/es\/\",\"name\":\"Guerssen records\",\"description\":\"psychedelia - progressive - folk - garage \",\"publisher\":{\"@id\":\"https:\/\/wpguerssen-test.odoo.rgbconsulting.com\/es\/#organization\"},\"potentialAction\":[{\"@type\":\"SearchAction\",\"target\":{\"@type\":\"EntryPoint\",\"urlTemplate\":\"https:\/\/wpguerssen-test.odoo.rgbconsulting.com\/es\/?s={search_term_string}\"},\"query-input\":{\"@type\":\"PropertyValueSpecification\",\"valueRequired\":true,\"valueName\":\"search_term_string\"}}],\"inLanguage\":\"es\"},{\"@type\":\"Organization\",\"@id\":\"https:\/\/wpguerssen-test.odoo.rgbconsulting.com\/es\/#organization\",\"name\":\"Guerssen records\",\"url\":\"https:\/\/wpguerssen-test.odoo.rgbconsulting.com\/es\/\",\"logo\":{\"@type\":\"ImageObject\",\"inLanguage\":\"es\",\"@id\":\"https:\/\/wpguerssen-test.odoo.rgbconsulting.com\/es\/#\/schema\/logo\/image\/\",\"url\":\"https:\/\/wpguerssen-test.odoo.rgbconsulting.com\/wp-content\/uploads\/2022\/04\/Logo_Guerssen_trans_100.png\",\"contentUrl\":\"https:\/\/wpguerssen-test.odoo.rgbconsulting.com\/wp-content\/uploads\/2022\/04\/Logo_Guerssen_trans_100.png\",\"width\":122,\"height\":100,\"caption\":\"Guerssen records\"},\"image\":{\"@id\":\"https:\/\/wpguerssen-test.odoo.rgbconsulting.com\/es\/#\/schema\/logo\/image\/\"}}]}<\/script>\n<!-- \/ Yoast SEO plugin. -->","yoast_head_json":{"title":"VARIOUS ARTISTS - Ayo Ke Disco: Boogie, Pop & Funk From South China -  (LP) | Guerssen","description":"Soundway general manager Alice Whittington, aka Norsicaa (DJ), selects 10 deep cuts from local labels, officially reissued on vinyl for the first time - forming a snapshot of the vibrant discotheques and live scenes across Indonesia, Singapore, Thailand, Malaysia, Hong Kong and the Philippines.Ayo Ke Disco' (meaning 'Let's go to the disco' in Malay and Indonesian) celebrates the musical identities emerging from the newly independent countries in South-East Asia during the 1970s and 80s.The artists featured here were known for exploring traditional sounds alongside funk, disco, city-pop and even political psych-rock, genres that were indicative of the exciting but often turbulent period. But despite the post-war backdrop of instability there came unprecedented levels of economic prosperity. With a hopeful buzz filling the air, the music scene was helping lead the way in reshaping the new identities of the region.TRACKLISTA1 Fatimah Razak-Dahaga A2 Black Brothers - Mangge Mangge A3 Marini And The Steps -Kuingin Dekatmu A4 Tian Niu -Deng Ni Zai Yu Zhong A5 The Rollies - Disco B1 Regalado - Pinoy Funk B2 John Philips And The Steps -Ayo Ke Disco B3 Aria Yunior - Salah Tingkah B4 Ahmadi Hassan- Habibi (Mari Bersatu) B5 Pongsri Woranuch -Aew...Phu Chai","robots":{"index":"index","follow":"follow","max-snippet":"max-snippet:-1","max-image-preview":"max-image-preview:large","max-video-preview":"max-video-preview:-1"},"canonical":"https:\/\/wpguerssen-test.odoo.rgbconsulting.com\/es\/producto\/ayo-ke-disco-boogie-pop-funk-from-south-china\/","og_locale":"es_ES","og_type":"article","og_title":"VARIOUS ARTISTS - Ayo Ke Disco: Boogie, Pop & Funk From South China -  (LP) | Guerssen","og_description":"Soundway general manager Alice Whittington, aka Norsicaa (DJ), selects 10 deep cuts from local labels, officially reissued on vinyl for the first time - forming a snapshot of the vibrant discotheques and live scenes across Indonesia, Singapore, Thailand, Malaysia, Hong Kong and the Philippines.Ayo Ke Disco' (meaning 'Let's go to the disco' in Malay and Indonesian) celebrates the musical identities emerging from the newly independent countries in South-East Asia during the 1970s and 80s.The artists featured here were known for exploring traditional sounds alongside funk, disco, city-pop and even political psych-rock, genres that were indicative of the exciting but often turbulent period. But despite the post-war backdrop of instability there came unprecedented levels of economic prosperity. With a hopeful buzz filling the air, the music scene was helping lead the way in reshaping the new identities of the region.TRACKLISTA1 Fatimah Razak-Dahaga A2 Black Brothers - Mangge Mangge A3 Marini And The Steps -Kuingin Dekatmu A4 Tian Niu -Deng Ni Zai Yu Zhong A5 The Rollies - Disco B1 Regalado - Pinoy Funk B2 John Philips And The Steps -Ayo Ke Disco B3 Aria Yunior - Salah Tingkah B4 Ahmadi Hassan- Habibi (Mari Bersatu) B5 Pongsri Woranuch -Aew...Phu Chai","og_url":"https:\/\/wpguerssen-test.odoo.rgbconsulting.com\/es\/producto\/ayo-ke-disco-boogie-pop-funk-from-south-china\/","og_site_name":"Guerssen records","article_modified_time":"2025-04-01T15:49:10+00:00","og_image":[{"width":550,"height":550,"url":"https:\/\/wpguerssen-test.odoo.rgbconsulting.com\/wp-content\/uploads\/2025\/02\/49846.jpg","type":"image\/jpeg"}],"twitter_card":"summary_large_image","twitter_title":"VARIOUS ARTISTS - Ayo Ke Disco: Boogie, Pop & Funk From South China -  (LP) | Guerssen","twitter_misc":{"Tiempo de lectura":"1 minuto"},"schema":{"@context":"https:\/\/schema.org","@graph":[{"@type":"WebPage","@id":"https:\/\/wpguerssen-test.odoo.rgbconsulting.com\/es\/producto\/ayo-ke-disco-boogie-pop-funk-from-south-china\/","url":"https:\/\/wpguerssen-test.odoo.rgbconsulting.com\/es\/producto\/ayo-ke-disco-boogie-pop-funk-from-south-china\/","name":"VARIOUS ARTISTS - Ayo Ke Disco: Boogie, Pop & Funk From South China - (LP) | Guerssen","isPartOf":{"@id":"https:\/\/wpguerssen-test.odoo.rgbconsulting.com\/es\/#website"},"primaryImageOfPage":{"@id":"https:\/\/wpguerssen-test.odoo.rgbconsulting.com\/es\/producto\/ayo-ke-disco-boogie-pop-funk-from-south-china\/#primaryimage"},"image":{"@id":"https:\/\/wpguerssen-test.odoo.rgbconsulting.com\/es\/producto\/ayo-ke-disco-boogie-pop-funk-from-south-china\/#primaryimage"},"thumbnailUrl":"https:\/\/wpguerssen-test.odoo.rgbconsulting.com\/wp-content\/uploads\/2025\/02\/49846.jpg","datePublished":"2025-03-06T23:00:00+00:00","dateModified":"2025-04-01T15:49:10+00:00","description":"Soundway general manager Alice Whittington, aka Norsicaa (DJ), selects 10 deep cuts from local labels, officially reissued on vinyl for the first time - forming a snapshot of the vibrant discotheques and live scenes across Indonesia, Singapore, Thailand, Malaysia, Hong Kong and the Philippines.Ayo Ke Disco' (meaning 'Let's go to the disco' in Malay and Indonesian) celebrates the musical identities emerging from the newly independent countries in South-East Asia during the 1970s and 80s.The artists featured here were known for exploring traditional sounds alongside funk, disco, city-pop and even political psych-rock, genres that were indicative of the exciting but often turbulent period. But despite the post-war backdrop of instability there came unprecedented levels of economic prosperity. With a hopeful buzz filling the air, the music scene was helping lead the way in reshaping the new identities of the region.TRACKLISTA1 Fatimah Razak-Dahaga A2 Black Brothers - Mangge Mangge A3 Marini And The Steps -Kuingin Dekatmu A4 Tian Niu -Deng Ni Zai Yu Zhong A5 The Rollies - Disco B1 Regalado - Pinoy Funk B2 John Philips And The Steps -Ayo Ke Disco B3 Aria Yunior - Salah Tingkah B4 Ahmadi Hassan- Habibi (Mari Bersatu) B5 Pongsri Woranuch -Aew...Phu Chai","breadcrumb":{"@id":"https:\/\/wpguerssen-test.odoo.rgbconsulting.com\/es\/producto\/ayo-ke-disco-boogie-pop-funk-from-south-china\/#breadcrumb"},"inLanguage":"es","potentialAction":[{"@type":"ReadAction","target":["https:\/\/wpguerssen-test.odoo.rgbconsulting.com\/es\/producto\/ayo-ke-disco-boogie-pop-funk-from-south-china\/"]}]},{"@type":"ImageObject","inLanguage":"es","@id":"https:\/\/wpguerssen-test.odoo.rgbconsulting.com\/es\/producto\/ayo-ke-disco-boogie-pop-funk-from-south-china\/#primaryimage","url":"https:\/\/wpguerssen-test.odoo.rgbconsulting.com\/wp-content\/uploads\/2025\/02\/49846.jpg","contentUrl":"https:\/\/wpguerssen-test.odoo.rgbconsulting.com\/wp-content\/uploads\/2025\/02\/49846.jpg","width":550,"height":550,"caption":"Pop & Funk From South China - SOUNDWAY (LP) | Guerssen"},{"@type":"BreadcrumbList","@id":"https:\/\/wpguerssen-test.odoo.rgbconsulting.com\/es\/producto\/ayo-ke-disco-boogie-pop-funk-from-south-china\/#breadcrumb","itemListElement":[{"@type":"ListItem","position":1,"name":"Inicio","item":"https:\/\/wpguerssen-test.odoo.rgbconsulting.com\/es\/"},{"@type":"ListItem","position":2,"name":"Shop","item":"https:\/\/wpguerssen-test.odoo.rgbconsulting.com\/shop\/"},{"@type":"ListItem","position":3,"name":"Ayo Ke Disco: Boogie, Pop &#038; Funk From South China"}]},{"@type":"WebSite","@id":"https:\/\/wpguerssen-test.odoo.rgbconsulting.com\/es\/#website","url":"https:\/\/wpguerssen-test.odoo.rgbconsulting.com\/es\/","name":"Guerssen records","description":"psychedelia - progressive - folk - garage ","publisher":{"@id":"https:\/\/wpguerssen-test.odoo.rgbconsulting.com\/es\/#organization"},"potentialAction":[{"@type":"SearchAction","target":{"@type":"EntryPoint","urlTemplate":"https:\/\/wpguerssen-test.odoo.rgbconsulting.com\/es\/?s={search_term_string}"},"query-input":{"@type":"PropertyValueSpecification","valueRequired":true,"valueName":"search_term_string"}}],"inLanguage":"es"},{"@type":"Organization","@id":"https:\/\/wpguerssen-test.odoo.rgbconsulting.com\/es\/#organization","name":"Guerssen records","url":"https:\/\/wpguerssen-test.odoo.rgbconsulting.com\/es\/","logo":{"@type":"ImageObject","inLanguage":"es","@id":"https:\/\/wpguerssen-test.odoo.rgbconsulting.com\/es\/#\/schema\/logo\/image\/","url":"https:\/\/wpguerssen-test.odoo.rgbconsulting.com\/wp-content\/uploads\/2022\/04\/Logo_Guerssen_trans_100.png","contentUrl":"https:\/\/wpguerssen-test.odoo.rgbconsulting.com\/wp-content\/uploads\/2022\/04\/Logo_Guerssen_trans_100.png","width":122,"height":100,"caption":"Guerssen records"},"image":{"@id":"https:\/\/wpguerssen-test.odoo.rgbconsulting.com\/es\/#\/schema\/logo\/image\/"}}]}},"_links":{"self":[{"href":"https:\/\/wpguerssen-test.odoo.rgbconsulting.com\/es\/wp-json\/wp\/v2\/product\/283557","targetHints":{"allow":["GET"]}}],"collection":[{"href":"https:\/\/wpguerssen-test.odoo.rgbconsulting.com\/es\/wp-json\/wp\/v2\/product"}],"about":[{"href":"https:\/\/wpguerssen-test.odoo.rgbconsulting.com\/es\/wp-json\/wp\/v2\/types\/product"}],"wp:featuredmedia":[{"embeddable":true,"href":"https:\/\/wpguerssen-test.odoo.rgbconsulting.com\/es\/wp-json\/wp\/v2\/media\/283501"}],"wp:attachment":[{"href":"https:\/\/wpguerssen-test.odoo.rgbconsulting.com\/es\/wp-json\/wp\/v2\/media?parent=283557"}],"wp:term":[{"taxonomy":"product_brand","embeddable":true,"href":"https:\/\/wpguerssen-test.odoo.rgbconsulting.com\/es\/wp-json\/wp\/v2\/product_brand?post=283557"},{"taxonomy":"product_cat","embeddable":true,"href":"https:\/\/wpguerssen-test.odoo.rgbconsulting.com\/es\/wp-json\/wp\/v2\/product_cat?post=283557"},{"taxonomy":"product_tag","embeddable":true,"href":"https:\/\/wpguerssen-test.odoo.rgbconsulting.com\/es\/wp-json\/wp\/v2\/product_tag?post=283557"}],"curies":[{"name":"wp","href":"https:\/\/api.w.org\/{rel}","templated":true}]}}