{"id":283558,"date":"2025-04-22T00:00:00","date_gmt":"2025-04-21T22:00:00","guid":{"rendered":"https:\/\/wpguerssen-test.odoo.rgbconsulting.com\/product\/nippon-acid-folk-1970-1980\/"},"modified":"2025-04-25T14:03:09","modified_gmt":"2025-04-25T12:03:09","slug":"nippon-acid-folk-1970-1980","status":"publish","type":"product","link":"https:\/\/wpguerssen-test.odoo.rgbconsulting.com\/es\/producto\/nippon-acid-folk-1970-1980\/","title":{"rendered":"Nippon Acid Folk 1970-1980"},"content":{"rendered":"<p>Un movimiento contracultural unido por una sensibilidad expansiva, experimental y profundamente conmovedora, la m\u00fasica de protesta rebelde de Jap\u00f3n desafi\u00f3 el status quo y cambi\u00f3 la industria musical del pa\u00eds en el proceso.<br \/>El nacimiento de la naciente escena folk \u00e1cida de Jap\u00f3n tuvo sus ra\u00edces en el clima pol\u00edtico desordenado y vigorizante de finales de los a\u00f1os sesenta. Es una historia de dada\u00edstas, comunistas, farmac\u00e9uticos y l\u00edderes de sectas, liderados por una generaci\u00f3n joven de estudiantes, artistas y so\u00f1adores advenedizos empe\u00f1ados en poner su mundo patas arriba.<br \/>TRACKLIST<br \/>1. Hiroki Tamaki &#8211; Kawa (River) 05:46 2. Happy End &#8211; Kaze Wo Atsumete (Gather the Wind) 04:08 3. Takashi Nishioka &#8211; Man In No Ki (The Crowded Tree) 04:06 4. Ken Narita &#8211; Gingatetsudo No Yoru (Night on the Galactic Railroad) 04:40 5. Hiroki Tamaki &#8211; Beautiful Song 04:59 6. Niningashi &#8211; Hitoribotchi (On My Own) 04:15 7. Tokedashita Galasubako &#8211; Anmari Fukasugite (Far Too Deep) 05:23 8. Akaitori &#8211; Hotaru (Firefly) 03:38<\/p>\n","protected":false},"excerpt":{"rendered":"<p>Un movimiento contracultural unido por una sensibilidad expansiva, experimental y profundamente conmovedora, la m\u00fasica de protesta rebelde de Jap\u00f3n desafi\u00f3 el status<a class=\"read\" href=\"https:\/\/wpguerssen-test.odoo.rgbconsulting.com\/es\/producto\/nippon-acid-folk-1970-1980\/\"> (...)<\/a>","protected":false},"featured_media":283504,"template":"","meta":{"_acf_changed":false},"product_brand":[],"product_cat":[21639,23271],"product_tag":[24189],"class_list":{"0":"post-283558","1":"product","2":"type-product","3":"status-publish","4":"has-post-thumbnail","6":"product_cat-psychedelic60s-70s-es","7":"product_cat-folk-60s-70s-es","8":"product_tag-recien-llegadas","9":"pa_artist-various-artists-es","10":"pa_format-lp-es","11":"pa_gender-folk-60s-70s-psychedelic60s-70s","12":"pa_label-time-capsule","13":"pa_location-asia-es","14":"pa_other-filters-vinyl-only-es","16":"first","17":"instock","18":"taxable","19":"shipping-taxable","20":"purchasable","21":"product-type-simple"},"acf":[],"yoast_head":"<!-- This site is optimized with the Yoast SEO plugin v24.9 - https:\/\/yoast.com\/wordpress\/plugins\/seo\/ -->\n<title>VARIOUS ARTISTS - Nippon Acid Folk 1970-1980 -  (LP) | Guerssen<\/title>\n<meta name=\"description\" content=\"A counterculture movement united by an expansive, experimental and deeply soulful sensibility, Japan&#039;s rebel protest music challenged the status quo and changed the country&#039;s music industry in the process.The birth of Japan&#039;s nascent acid folk scene was rooted in the messy and invigorating political climate of the late 1960s. It is a story of Dadaists, communists, pharmacists and cult leaders, led by a young generation of upstart students, artists and dreamers hellbent on turning their world upside down.TRACKLIST1. Hiroki Tamaki - Kawa (River) 05:46 2. Happy End - Kaze Wo Atsumete (Gather the Wind) 04:08 3. Takashi Nishioka - Man In No Ki (The Crowded Tree) 04:06 4. Ken Narita - Gingatetsudo No Yoru (Night on the Galactic Railroad) 04:40 5. Hiroki Tamaki - Beautiful Song 04:59 6. Niningashi - Hitoribotchi (On My Own) 04:15 7. Tokedashita Galasubako - Anmari Fukasugite (Far Too Deep) 05:23 8. Akaitori - Hotaru (Firefly) 03:38\" \/>\n<meta name=\"robots\" content=\"index, follow, max-snippet:-1, max-image-preview:large, max-video-preview:-1\" \/>\n<link rel=\"canonical\" href=\"https:\/\/wpguerssen-test.odoo.rgbconsulting.com\/es\/producto\/nippon-acid-folk-1970-1980\/\" \/>\n<meta property=\"og:locale\" content=\"es_ES\" \/>\n<meta property=\"og:type\" content=\"article\" \/>\n<meta property=\"og:title\" content=\"VARIOUS ARTISTS - Nippon Acid Folk 1970-1980 -  (LP) | Guerssen\" \/>\n<meta property=\"og:description\" content=\"A counterculture movement united by an expansive, experimental and deeply soulful sensibility, Japan&#039;s rebel protest music challenged the status quo and changed the country&#039;s music industry in the process.The birth of Japan&#039;s nascent acid folk scene was rooted in the messy and invigorating political climate of the late 1960s. It is a story of Dadaists, communists, pharmacists and cult leaders, led by a young generation of upstart students, artists and dreamers hellbent on turning their world upside down.TRACKLIST1. Hiroki Tamaki - Kawa (River) 05:46 2. Happy End - Kaze Wo Atsumete (Gather the Wind) 04:08 3. Takashi Nishioka - Man In No Ki (The Crowded Tree) 04:06 4. Ken Narita - Gingatetsudo No Yoru (Night on the Galactic Railroad) 04:40 5. Hiroki Tamaki - Beautiful Song 04:59 6. Niningashi - Hitoribotchi (On My Own) 04:15 7. Tokedashita Galasubako - Anmari Fukasugite (Far Too Deep) 05:23 8. Akaitori - Hotaru (Firefly) 03:38\" \/>\n<meta property=\"og:url\" content=\"https:\/\/wpguerssen-test.odoo.rgbconsulting.com\/es\/producto\/nippon-acid-folk-1970-1980\/\" \/>\n<meta property=\"og:site_name\" content=\"Guerssen records\" \/>\n<meta property=\"article:modified_time\" content=\"2025-04-25T12:03:09+00:00\" \/>\n<meta property=\"og:image\" content=\"https:\/\/wpguerssen-test.odoo.rgbconsulting.com\/wp-content\/uploads\/2025\/02\/49847.jpg\" \/>\n\t<meta property=\"og:image:width\" content=\"700\" \/>\n\t<meta property=\"og:image:height\" content=\"700\" \/>\n\t<meta property=\"og:image:type\" content=\"image\/jpeg\" \/>\n<meta name=\"twitter:card\" content=\"summary_large_image\" \/>\n<meta name=\"twitter:title\" content=\"VARIOUS ARTISTS - Nippon Acid Folk 1970-1980 -  (LP) | Guerssen\" \/>\n<meta name=\"twitter:label1\" content=\"Tiempo de lectura\" \/>\n\t<meta name=\"twitter:data1\" content=\"1 minuto\" \/>\n<script type=\"application\/ld+json\" class=\"yoast-schema-graph\">{\"@context\":\"https:\/\/schema.org\",\"@graph\":[{\"@type\":\"WebPage\",\"@id\":\"https:\/\/wpguerssen-test.odoo.rgbconsulting.com\/es\/producto\/nippon-acid-folk-1970-1980\/\",\"url\":\"https:\/\/wpguerssen-test.odoo.rgbconsulting.com\/es\/producto\/nippon-acid-folk-1970-1980\/\",\"name\":\"VARIOUS ARTISTS - Nippon Acid Folk 1970-1980 - (LP) | Guerssen\",\"isPartOf\":{\"@id\":\"https:\/\/wpguerssen-test.odoo.rgbconsulting.com\/es\/#website\"},\"primaryImageOfPage\":{\"@id\":\"https:\/\/wpguerssen-test.odoo.rgbconsulting.com\/es\/producto\/nippon-acid-folk-1970-1980\/#primaryimage\"},\"image\":{\"@id\":\"https:\/\/wpguerssen-test.odoo.rgbconsulting.com\/es\/producto\/nippon-acid-folk-1970-1980\/#primaryimage\"},\"thumbnailUrl\":\"https:\/\/wpguerssen-test.odoo.rgbconsulting.com\/wp-content\/uploads\/2025\/02\/49847.jpg\",\"datePublished\":\"2025-04-21T22:00:00+00:00\",\"dateModified\":\"2025-04-25T12:03:09+00:00\",\"description\":\"A counterculture movement united by an expansive, experimental and deeply soulful sensibility, Japan's rebel protest music challenged the status quo and changed the country's music industry in the process.The birth of Japan's nascent acid folk scene was rooted in the messy and invigorating political climate of the late 1960s. It is a story of Dadaists, communists, pharmacists and cult leaders, led by a young generation of upstart students, artists and dreamers hellbent on turning their world upside down.TRACKLIST1. Hiroki Tamaki - Kawa (River) 05:46 2. Happy End - Kaze Wo Atsumete (Gather the Wind) 04:08 3. Takashi Nishioka - Man In No Ki (The Crowded Tree) 04:06 4. Ken Narita - Gingatetsudo No Yoru (Night on the Galactic Railroad) 04:40 5. Hiroki Tamaki - Beautiful Song 04:59 6. Niningashi - Hitoribotchi (On My Own) 04:15 7. Tokedashita Galasubako - Anmari Fukasugite (Far Too Deep) 05:23 8. Akaitori - Hotaru (Firefly) 03:38\",\"breadcrumb\":{\"@id\":\"https:\/\/wpguerssen-test.odoo.rgbconsulting.com\/es\/producto\/nippon-acid-folk-1970-1980\/#breadcrumb\"},\"inLanguage\":\"es\",\"potentialAction\":[{\"@type\":\"ReadAction\",\"target\":[\"https:\/\/wpguerssen-test.odoo.rgbconsulting.com\/es\/producto\/nippon-acid-folk-1970-1980\/\"]}]},{\"@type\":\"ImageObject\",\"inLanguage\":\"es\",\"@id\":\"https:\/\/wpguerssen-test.odoo.rgbconsulting.com\/es\/producto\/nippon-acid-folk-1970-1980\/#primaryimage\",\"url\":\"https:\/\/wpguerssen-test.odoo.rgbconsulting.com\/wp-content\/uploads\/2025\/02\/49847.jpg\",\"contentUrl\":\"https:\/\/wpguerssen-test.odoo.rgbconsulting.com\/wp-content\/uploads\/2025\/02\/49847.jpg\",\"width\":700,\"height\":700},{\"@type\":\"BreadcrumbList\",\"@id\":\"https:\/\/wpguerssen-test.odoo.rgbconsulting.com\/es\/producto\/nippon-acid-folk-1970-1980\/#breadcrumb\",\"itemListElement\":[{\"@type\":\"ListItem\",\"position\":1,\"name\":\"Inicio\",\"item\":\"https:\/\/wpguerssen-test.odoo.rgbconsulting.com\/es\/\"},{\"@type\":\"ListItem\",\"position\":2,\"name\":\"Shop\",\"item\":\"https:\/\/wpguerssen-test.odoo.rgbconsulting.com\/shop\/\"},{\"@type\":\"ListItem\",\"position\":3,\"name\":\"Nippon Acid Folk 1970-1980\"}]},{\"@type\":\"WebSite\",\"@id\":\"https:\/\/wpguerssen-test.odoo.rgbconsulting.com\/es\/#website\",\"url\":\"https:\/\/wpguerssen-test.odoo.rgbconsulting.com\/es\/\",\"name\":\"Guerssen records\",\"description\":\"psychedelia - progressive - folk - garage \",\"publisher\":{\"@id\":\"https:\/\/wpguerssen-test.odoo.rgbconsulting.com\/es\/#organization\"},\"potentialAction\":[{\"@type\":\"SearchAction\",\"target\":{\"@type\":\"EntryPoint\",\"urlTemplate\":\"https:\/\/wpguerssen-test.odoo.rgbconsulting.com\/es\/?s={search_term_string}\"},\"query-input\":{\"@type\":\"PropertyValueSpecification\",\"valueRequired\":true,\"valueName\":\"search_term_string\"}}],\"inLanguage\":\"es\"},{\"@type\":\"Organization\",\"@id\":\"https:\/\/wpguerssen-test.odoo.rgbconsulting.com\/es\/#organization\",\"name\":\"Guerssen records\",\"url\":\"https:\/\/wpguerssen-test.odoo.rgbconsulting.com\/es\/\",\"logo\":{\"@type\":\"ImageObject\",\"inLanguage\":\"es\",\"@id\":\"https:\/\/wpguerssen-test.odoo.rgbconsulting.com\/es\/#\/schema\/logo\/image\/\",\"url\":\"https:\/\/wpguerssen-test.odoo.rgbconsulting.com\/wp-content\/uploads\/2022\/04\/Logo_Guerssen_trans_100.png\",\"contentUrl\":\"https:\/\/wpguerssen-test.odoo.rgbconsulting.com\/wp-content\/uploads\/2022\/04\/Logo_Guerssen_trans_100.png\",\"width\":122,\"height\":100,\"caption\":\"Guerssen records\"},\"image\":{\"@id\":\"https:\/\/wpguerssen-test.odoo.rgbconsulting.com\/es\/#\/schema\/logo\/image\/\"}}]}<\/script>\n<!-- \/ Yoast SEO plugin. -->","yoast_head_json":{"title":"VARIOUS ARTISTS - Nippon Acid Folk 1970-1980 -  (LP) | Guerssen","description":"A counterculture movement united by an expansive, experimental and deeply soulful sensibility, Japan's rebel protest music challenged the status quo and changed the country's music industry in the process.The birth of Japan's nascent acid folk scene was rooted in the messy and invigorating political climate of the late 1960s. It is a story of Dadaists, communists, pharmacists and cult leaders, led by a young generation of upstart students, artists and dreamers hellbent on turning their world upside down.TRACKLIST1. Hiroki Tamaki - Kawa (River) 05:46 2. Happy End - Kaze Wo Atsumete (Gather the Wind) 04:08 3. Takashi Nishioka - Man In No Ki (The Crowded Tree) 04:06 4. Ken Narita - Gingatetsudo No Yoru (Night on the Galactic Railroad) 04:40 5. Hiroki Tamaki - Beautiful Song 04:59 6. Niningashi - Hitoribotchi (On My Own) 04:15 7. Tokedashita Galasubako - Anmari Fukasugite (Far Too Deep) 05:23 8. Akaitori - Hotaru (Firefly) 03:38","robots":{"index":"index","follow":"follow","max-snippet":"max-snippet:-1","max-image-preview":"max-image-preview:large","max-video-preview":"max-video-preview:-1"},"canonical":"https:\/\/wpguerssen-test.odoo.rgbconsulting.com\/es\/producto\/nippon-acid-folk-1970-1980\/","og_locale":"es_ES","og_type":"article","og_title":"VARIOUS ARTISTS - Nippon Acid Folk 1970-1980 -  (LP) | Guerssen","og_description":"A counterculture movement united by an expansive, experimental and deeply soulful sensibility, Japan's rebel protest music challenged the status quo and changed the country's music industry in the process.The birth of Japan's nascent acid folk scene was rooted in the messy and invigorating political climate of the late 1960s. It is a story of Dadaists, communists, pharmacists and cult leaders, led by a young generation of upstart students, artists and dreamers hellbent on turning their world upside down.TRACKLIST1. Hiroki Tamaki - Kawa (River) 05:46 2. Happy End - Kaze Wo Atsumete (Gather the Wind) 04:08 3. Takashi Nishioka - Man In No Ki (The Crowded Tree) 04:06 4. Ken Narita - Gingatetsudo No Yoru (Night on the Galactic Railroad) 04:40 5. Hiroki Tamaki - Beautiful Song 04:59 6. Niningashi - Hitoribotchi (On My Own) 04:15 7. Tokedashita Galasubako - Anmari Fukasugite (Far Too Deep) 05:23 8. Akaitori - Hotaru (Firefly) 03:38","og_url":"https:\/\/wpguerssen-test.odoo.rgbconsulting.com\/es\/producto\/nippon-acid-folk-1970-1980\/","og_site_name":"Guerssen records","article_modified_time":"2025-04-25T12:03:09+00:00","og_image":[{"width":700,"height":700,"url":"https:\/\/wpguerssen-test.odoo.rgbconsulting.com\/wp-content\/uploads\/2025\/02\/49847.jpg","type":"image\/jpeg"}],"twitter_card":"summary_large_image","twitter_title":"VARIOUS ARTISTS - Nippon Acid Folk 1970-1980 -  (LP) | Guerssen","twitter_misc":{"Tiempo de lectura":"1 minuto"},"schema":{"@context":"https:\/\/schema.org","@graph":[{"@type":"WebPage","@id":"https:\/\/wpguerssen-test.odoo.rgbconsulting.com\/es\/producto\/nippon-acid-folk-1970-1980\/","url":"https:\/\/wpguerssen-test.odoo.rgbconsulting.com\/es\/producto\/nippon-acid-folk-1970-1980\/","name":"VARIOUS ARTISTS - Nippon Acid Folk 1970-1980 - (LP) | Guerssen","isPartOf":{"@id":"https:\/\/wpguerssen-test.odoo.rgbconsulting.com\/es\/#website"},"primaryImageOfPage":{"@id":"https:\/\/wpguerssen-test.odoo.rgbconsulting.com\/es\/producto\/nippon-acid-folk-1970-1980\/#primaryimage"},"image":{"@id":"https:\/\/wpguerssen-test.odoo.rgbconsulting.com\/es\/producto\/nippon-acid-folk-1970-1980\/#primaryimage"},"thumbnailUrl":"https:\/\/wpguerssen-test.odoo.rgbconsulting.com\/wp-content\/uploads\/2025\/02\/49847.jpg","datePublished":"2025-04-21T22:00:00+00:00","dateModified":"2025-04-25T12:03:09+00:00","description":"A counterculture movement united by an expansive, experimental and deeply soulful sensibility, Japan's rebel protest music challenged the status quo and changed the country's music industry in the process.The birth of Japan's nascent acid folk scene was rooted in the messy and invigorating political climate of the late 1960s. It is a story of Dadaists, communists, pharmacists and cult leaders, led by a young generation of upstart students, artists and dreamers hellbent on turning their world upside down.TRACKLIST1. Hiroki Tamaki - Kawa (River) 05:46 2. Happy End - Kaze Wo Atsumete (Gather the Wind) 04:08 3. Takashi Nishioka - Man In No Ki (The Crowded Tree) 04:06 4. Ken Narita - Gingatetsudo No Yoru (Night on the Galactic Railroad) 04:40 5. Hiroki Tamaki - Beautiful Song 04:59 6. Niningashi - Hitoribotchi (On My Own) 04:15 7. Tokedashita Galasubako - Anmari Fukasugite (Far Too Deep) 05:23 8. Akaitori - Hotaru (Firefly) 03:38","breadcrumb":{"@id":"https:\/\/wpguerssen-test.odoo.rgbconsulting.com\/es\/producto\/nippon-acid-folk-1970-1980\/#breadcrumb"},"inLanguage":"es","potentialAction":[{"@type":"ReadAction","target":["https:\/\/wpguerssen-test.odoo.rgbconsulting.com\/es\/producto\/nippon-acid-folk-1970-1980\/"]}]},{"@type":"ImageObject","inLanguage":"es","@id":"https:\/\/wpguerssen-test.odoo.rgbconsulting.com\/es\/producto\/nippon-acid-folk-1970-1980\/#primaryimage","url":"https:\/\/wpguerssen-test.odoo.rgbconsulting.com\/wp-content\/uploads\/2025\/02\/49847.jpg","contentUrl":"https:\/\/wpguerssen-test.odoo.rgbconsulting.com\/wp-content\/uploads\/2025\/02\/49847.jpg","width":700,"height":700},{"@type":"BreadcrumbList","@id":"https:\/\/wpguerssen-test.odoo.rgbconsulting.com\/es\/producto\/nippon-acid-folk-1970-1980\/#breadcrumb","itemListElement":[{"@type":"ListItem","position":1,"name":"Inicio","item":"https:\/\/wpguerssen-test.odoo.rgbconsulting.com\/es\/"},{"@type":"ListItem","position":2,"name":"Shop","item":"https:\/\/wpguerssen-test.odoo.rgbconsulting.com\/shop\/"},{"@type":"ListItem","position":3,"name":"Nippon Acid Folk 1970-1980"}]},{"@type":"WebSite","@id":"https:\/\/wpguerssen-test.odoo.rgbconsulting.com\/es\/#website","url":"https:\/\/wpguerssen-test.odoo.rgbconsulting.com\/es\/","name":"Guerssen records","description":"psychedelia - progressive - folk - garage ","publisher":{"@id":"https:\/\/wpguerssen-test.odoo.rgbconsulting.com\/es\/#organization"},"potentialAction":[{"@type":"SearchAction","target":{"@type":"EntryPoint","urlTemplate":"https:\/\/wpguerssen-test.odoo.rgbconsulting.com\/es\/?s={search_term_string}"},"query-input":{"@type":"PropertyValueSpecification","valueRequired":true,"valueName":"search_term_string"}}],"inLanguage":"es"},{"@type":"Organization","@id":"https:\/\/wpguerssen-test.odoo.rgbconsulting.com\/es\/#organization","name":"Guerssen records","url":"https:\/\/wpguerssen-test.odoo.rgbconsulting.com\/es\/","logo":{"@type":"ImageObject","inLanguage":"es","@id":"https:\/\/wpguerssen-test.odoo.rgbconsulting.com\/es\/#\/schema\/logo\/image\/","url":"https:\/\/wpguerssen-test.odoo.rgbconsulting.com\/wp-content\/uploads\/2022\/04\/Logo_Guerssen_trans_100.png","contentUrl":"https:\/\/wpguerssen-test.odoo.rgbconsulting.com\/wp-content\/uploads\/2022\/04\/Logo_Guerssen_trans_100.png","width":122,"height":100,"caption":"Guerssen records"},"image":{"@id":"https:\/\/wpguerssen-test.odoo.rgbconsulting.com\/es\/#\/schema\/logo\/image\/"}}]}},"_links":{"self":[{"href":"https:\/\/wpguerssen-test.odoo.rgbconsulting.com\/es\/wp-json\/wp\/v2\/product\/283558","targetHints":{"allow":["GET"]}}],"collection":[{"href":"https:\/\/wpguerssen-test.odoo.rgbconsulting.com\/es\/wp-json\/wp\/v2\/product"}],"about":[{"href":"https:\/\/wpguerssen-test.odoo.rgbconsulting.com\/es\/wp-json\/wp\/v2\/types\/product"}],"wp:featuredmedia":[{"embeddable":true,"href":"https:\/\/wpguerssen-test.odoo.rgbconsulting.com\/es\/wp-json\/wp\/v2\/media\/283504"}],"wp:attachment":[{"href":"https:\/\/wpguerssen-test.odoo.rgbconsulting.com\/es\/wp-json\/wp\/v2\/media?parent=283558"}],"wp:term":[{"taxonomy":"product_brand","embeddable":true,"href":"https:\/\/wpguerssen-test.odoo.rgbconsulting.com\/es\/wp-json\/wp\/v2\/product_brand?post=283558"},{"taxonomy":"product_cat","embeddable":true,"href":"https:\/\/wpguerssen-test.odoo.rgbconsulting.com\/es\/wp-json\/wp\/v2\/product_cat?post=283558"},{"taxonomy":"product_tag","embeddable":true,"href":"https:\/\/wpguerssen-test.odoo.rgbconsulting.com\/es\/wp-json\/wp\/v2\/product_tag?post=283558"}],"curies":[{"name":"wp","href":"https:\/\/api.w.org\/{rel}","templated":true}]}}