{"id":283559,"date":"2025-04-22T00:00:00","date_gmt":"2025-04-21T22:00:00","guid":{"rendered":"https:\/\/wpguerssen-test.odoo.rgbconsulting.com\/product\/nippon-psychedelic-soul-1970-1979\/"},"modified":"2025-04-25T14:03:20","modified_gmt":"2025-04-25T12:03:20","slug":"nippon-psychedelic-soul-1970-1979","status":"publish","type":"product","link":"https:\/\/wpguerssen-test.odoo.rgbconsulting.com\/es\/producto\/nippon-psychedelic-soul-1970-1979\/","title":{"rendered":"Nippon Psychedelic Soul 1970-1979"},"content":{"rendered":"<p>La psicodelia caleidosc\u00f3pica del Jap\u00f3n de los a\u00f1os 70 captur\u00f3 un momento fr\u00e1gil y f\u00e9rtil en el que el pa\u00eds buscaba su futuro en ritmos funk, reverberaciones intensas y alucinaciones l\u00edricas.<br \/>La compilaci\u00f3n que sigue a Nippon Acid Folk de Time Capsule, Nippon Psychedelic Soul, recorre innumerables caminos hacia la maleza del Jap\u00f3n de los a\u00f1os 70. Al encontrar su lugar en casa y buscar inspiraci\u00f3n en el extranjero, los m\u00fasicos presentados aqu\u00ed participaron en el examen de conciencia comunitario que sigui\u00f3 al colapso de los movimientos de protesta de la d\u00e9cada de 1960. Algunos triunfaron, otros cayeron en el olvido. La m\u00fasica que dejaron atr\u00e1s brilla con intensidad.<br \/>TRACKLIST<br \/>1. Hiroshi Kamayatsu &#8211; Have you smoked Gauloise? 04:22 2. Happy End &#8211; Haruyo Koi (Come, spring) 04:19 3. Yoshiko Sai &#8211; Aoi Galasu Dama (Blue Glass Ball) 01:30 4. Tadashi Goino Group &#8211; Jikan Wo Koero (Go Beyond Time) 05:02 5. Jun Fukamachi &#8211; Omae (You) 04:14 6. Momotaro Pink with Original PINKS &#8211; Hachigatsu No Inshow (August&#8217;s impression) 06:11 7. Vol.1 Chap.100 &#8211; Heya No Naka (In The Room) 07:21<\/p>\n","protected":false},"excerpt":{"rendered":"<p>La psicodelia caleidosc\u00f3pica del Jap\u00f3n de los a\u00f1os 70 captur\u00f3 un momento fr\u00e1gil y f\u00e9rtil en el que el pa\u00eds buscaba su futuro en ritmos funk, reverberaciones<a class=\"read\" href=\"https:\/\/wpguerssen-test.odoo.rgbconsulting.com\/es\/producto\/nippon-psychedelic-soul-1970-1979\/\"> (...)<\/a>","protected":false},"featured_media":283507,"template":"","meta":{"_acf_changed":false},"product_brand":[],"product_cat":[21649],"product_tag":[24189],"class_list":{"0":"post-283559","1":"product","2":"type-product","3":"status-publish","4":"has-post-thumbnail","6":"product_cat-soul-rnb-es","7":"product_tag-recien-llegadas","8":"pa_artist-various-artists-es","9":"pa_format-lp-es","10":"pa_gender-soul-rnb","11":"pa_label-time-capsule","12":"pa_location-asia-es","13":"pa_other-filters-vinyl-only-es","15":"first","16":"instock","17":"taxable","18":"shipping-taxable","19":"purchasable","20":"product-type-simple"},"acf":[],"yoast_head":"<!-- This site is optimized with the Yoast SEO plugin v24.9 - https:\/\/yoast.com\/wordpress\/plugins\/seo\/ -->\n<title>VARIOUS ARTISTS - Nippon Psychedelic Soul 1970-1979 -  (LP) | Guerssen<\/title>\n<meta name=\"description\" content=\"The kaleidoscopic psychedelia of 1970s Japan captured a fragile and fertile moment as the country sought its future in funk grooves, heavy reverb and lyrical hallucinations.The follow-up compilation to Time Capsule&#039;s Nippon Acid Folk, Nippon Psychedelic Soul takes myriad pathways into the tripped-out undergrowth of 1970s Japan. Finding their feet at home and looking for inspiration abroad, the musicians featured here were engaged in the communal soul-searching that followed the breakdown of the 1960s protest movements. Some made it big, others drifted into oblivion. The music they left behind shimmers with intensity.TRACKLIST1. Hiroshi Kamayatsu - Have you smoked Gauloise? 04:22 2. Happy End - Haruyo Koi (Come, spring) 04:19 3. Yoshiko Sai - Aoi Galasu Dama (Blue Glass Ball) 01:30 4. Tadashi Goino Group - Jikan Wo Koero (Go Beyond Time) 05:02 5. Jun Fukamachi - Omae (You) 04:14 6. Momotaro Pink with Original PINKS - Hachigatsu No Inshow (August&#039;s impression) 06:11 7. Vol.1 Chap.100 - Heya No Naka (In The Room) 07:21\" \/>\n<meta name=\"robots\" content=\"index, follow, max-snippet:-1, max-image-preview:large, max-video-preview:-1\" \/>\n<link rel=\"canonical\" href=\"https:\/\/wpguerssen-test.odoo.rgbconsulting.com\/es\/producto\/nippon-psychedelic-soul-1970-1979\/\" \/>\n<meta property=\"og:locale\" content=\"es_ES\" \/>\n<meta property=\"og:type\" content=\"article\" \/>\n<meta property=\"og:title\" content=\"VARIOUS ARTISTS - Nippon Psychedelic Soul 1970-1979 -  (LP) | Guerssen\" \/>\n<meta property=\"og:description\" content=\"The kaleidoscopic psychedelia of 1970s Japan captured a fragile and fertile moment as the country sought its future in funk grooves, heavy reverb and lyrical hallucinations.The follow-up compilation to Time Capsule&#039;s Nippon Acid Folk, Nippon Psychedelic Soul takes myriad pathways into the tripped-out undergrowth of 1970s Japan. Finding their feet at home and looking for inspiration abroad, the musicians featured here were engaged in the communal soul-searching that followed the breakdown of the 1960s protest movements. Some made it big, others drifted into oblivion. The music they left behind shimmers with intensity.TRACKLIST1. Hiroshi Kamayatsu - Have you smoked Gauloise? 04:22 2. Happy End - Haruyo Koi (Come, spring) 04:19 3. Yoshiko Sai - Aoi Galasu Dama (Blue Glass Ball) 01:30 4. Tadashi Goino Group - Jikan Wo Koero (Go Beyond Time) 05:02 5. Jun Fukamachi - Omae (You) 04:14 6. Momotaro Pink with Original PINKS - Hachigatsu No Inshow (August&#039;s impression) 06:11 7. Vol.1 Chap.100 - Heya No Naka (In The Room) 07:21\" \/>\n<meta property=\"og:url\" content=\"https:\/\/wpguerssen-test.odoo.rgbconsulting.com\/es\/producto\/nippon-psychedelic-soul-1970-1979\/\" \/>\n<meta property=\"og:site_name\" content=\"Guerssen records\" \/>\n<meta property=\"article:modified_time\" content=\"2025-04-25T12:03:20+00:00\" \/>\n<meta property=\"og:image\" content=\"https:\/\/wpguerssen-test.odoo.rgbconsulting.com\/wp-content\/uploads\/2025\/02\/49848.jpg\" \/>\n\t<meta property=\"og:image:width\" content=\"700\" \/>\n\t<meta property=\"og:image:height\" content=\"700\" \/>\n\t<meta property=\"og:image:type\" content=\"image\/jpeg\" \/>\n<meta name=\"twitter:card\" content=\"summary_large_image\" \/>\n<meta name=\"twitter:title\" content=\"VARIOUS ARTISTS - Nippon Psychedelic Soul 1970-1979 -  (LP) | Guerssen\" \/>\n<meta name=\"twitter:label1\" content=\"Tiempo de lectura\" \/>\n\t<meta name=\"twitter:data1\" content=\"1 minuto\" \/>\n<script type=\"application\/ld+json\" class=\"yoast-schema-graph\">{\"@context\":\"https:\/\/schema.org\",\"@graph\":[{\"@type\":\"WebPage\",\"@id\":\"https:\/\/wpguerssen-test.odoo.rgbconsulting.com\/es\/producto\/nippon-psychedelic-soul-1970-1979\/\",\"url\":\"https:\/\/wpguerssen-test.odoo.rgbconsulting.com\/es\/producto\/nippon-psychedelic-soul-1970-1979\/\",\"name\":\"VARIOUS ARTISTS - Nippon Psychedelic Soul 1970-1979 - (LP) | Guerssen\",\"isPartOf\":{\"@id\":\"https:\/\/wpguerssen-test.odoo.rgbconsulting.com\/es\/#website\"},\"primaryImageOfPage\":{\"@id\":\"https:\/\/wpguerssen-test.odoo.rgbconsulting.com\/es\/producto\/nippon-psychedelic-soul-1970-1979\/#primaryimage\"},\"image\":{\"@id\":\"https:\/\/wpguerssen-test.odoo.rgbconsulting.com\/es\/producto\/nippon-psychedelic-soul-1970-1979\/#primaryimage\"},\"thumbnailUrl\":\"https:\/\/wpguerssen-test.odoo.rgbconsulting.com\/wp-content\/uploads\/2025\/02\/49848.jpg\",\"datePublished\":\"2025-04-21T22:00:00+00:00\",\"dateModified\":\"2025-04-25T12:03:20+00:00\",\"description\":\"The kaleidoscopic psychedelia of 1970s Japan captured a fragile and fertile moment as the country sought its future in funk grooves, heavy reverb and lyrical hallucinations.The follow-up compilation to Time Capsule's Nippon Acid Folk, Nippon Psychedelic Soul takes myriad pathways into the tripped-out undergrowth of 1970s Japan. Finding their feet at home and looking for inspiration abroad, the musicians featured here were engaged in the communal soul-searching that followed the breakdown of the 1960s protest movements. Some made it big, others drifted into oblivion. The music they left behind shimmers with intensity.TRACKLIST1. Hiroshi Kamayatsu - Have you smoked Gauloise? 04:22 2. Happy End - Haruyo Koi (Come, spring) 04:19 3. Yoshiko Sai - Aoi Galasu Dama (Blue Glass Ball) 01:30 4. Tadashi Goino Group - Jikan Wo Koero (Go Beyond Time) 05:02 5. Jun Fukamachi - Omae (You) 04:14 6. Momotaro Pink with Original PINKS - Hachigatsu No Inshow (August's impression) 06:11 7. Vol.1 Chap.100 - Heya No Naka (In The Room) 07:21\",\"breadcrumb\":{\"@id\":\"https:\/\/wpguerssen-test.odoo.rgbconsulting.com\/es\/producto\/nippon-psychedelic-soul-1970-1979\/#breadcrumb\"},\"inLanguage\":\"es\",\"potentialAction\":[{\"@type\":\"ReadAction\",\"target\":[\"https:\/\/wpguerssen-test.odoo.rgbconsulting.com\/es\/producto\/nippon-psychedelic-soul-1970-1979\/\"]}]},{\"@type\":\"ImageObject\",\"inLanguage\":\"es\",\"@id\":\"https:\/\/wpguerssen-test.odoo.rgbconsulting.com\/es\/producto\/nippon-psychedelic-soul-1970-1979\/#primaryimage\",\"url\":\"https:\/\/wpguerssen-test.odoo.rgbconsulting.com\/wp-content\/uploads\/2025\/02\/49848.jpg\",\"contentUrl\":\"https:\/\/wpguerssen-test.odoo.rgbconsulting.com\/wp-content\/uploads\/2025\/02\/49848.jpg\",\"width\":700,\"height\":700},{\"@type\":\"BreadcrumbList\",\"@id\":\"https:\/\/wpguerssen-test.odoo.rgbconsulting.com\/es\/producto\/nippon-psychedelic-soul-1970-1979\/#breadcrumb\",\"itemListElement\":[{\"@type\":\"ListItem\",\"position\":1,\"name\":\"Inicio\",\"item\":\"https:\/\/wpguerssen-test.odoo.rgbconsulting.com\/es\/\"},{\"@type\":\"ListItem\",\"position\":2,\"name\":\"Shop\",\"item\":\"https:\/\/wpguerssen-test.odoo.rgbconsulting.com\/shop\/\"},{\"@type\":\"ListItem\",\"position\":3,\"name\":\"Nippon Psychedelic Soul 1970-1979\"}]},{\"@type\":\"WebSite\",\"@id\":\"https:\/\/wpguerssen-test.odoo.rgbconsulting.com\/es\/#website\",\"url\":\"https:\/\/wpguerssen-test.odoo.rgbconsulting.com\/es\/\",\"name\":\"Guerssen records\",\"description\":\"psychedelia - progressive - folk - garage \",\"publisher\":{\"@id\":\"https:\/\/wpguerssen-test.odoo.rgbconsulting.com\/es\/#organization\"},\"potentialAction\":[{\"@type\":\"SearchAction\",\"target\":{\"@type\":\"EntryPoint\",\"urlTemplate\":\"https:\/\/wpguerssen-test.odoo.rgbconsulting.com\/es\/?s={search_term_string}\"},\"query-input\":{\"@type\":\"PropertyValueSpecification\",\"valueRequired\":true,\"valueName\":\"search_term_string\"}}],\"inLanguage\":\"es\"},{\"@type\":\"Organization\",\"@id\":\"https:\/\/wpguerssen-test.odoo.rgbconsulting.com\/es\/#organization\",\"name\":\"Guerssen records\",\"url\":\"https:\/\/wpguerssen-test.odoo.rgbconsulting.com\/es\/\",\"logo\":{\"@type\":\"ImageObject\",\"inLanguage\":\"es\",\"@id\":\"https:\/\/wpguerssen-test.odoo.rgbconsulting.com\/es\/#\/schema\/logo\/image\/\",\"url\":\"https:\/\/wpguerssen-test.odoo.rgbconsulting.com\/wp-content\/uploads\/2022\/04\/Logo_Guerssen_trans_100.png\",\"contentUrl\":\"https:\/\/wpguerssen-test.odoo.rgbconsulting.com\/wp-content\/uploads\/2022\/04\/Logo_Guerssen_trans_100.png\",\"width\":122,\"height\":100,\"caption\":\"Guerssen records\"},\"image\":{\"@id\":\"https:\/\/wpguerssen-test.odoo.rgbconsulting.com\/es\/#\/schema\/logo\/image\/\"}}]}<\/script>\n<!-- \/ Yoast SEO plugin. -->","yoast_head_json":{"title":"VARIOUS ARTISTS - Nippon Psychedelic Soul 1970-1979 -  (LP) | Guerssen","description":"The kaleidoscopic psychedelia of 1970s Japan captured a fragile and fertile moment as the country sought its future in funk grooves, heavy reverb and lyrical hallucinations.The follow-up compilation to Time Capsule's Nippon Acid Folk, Nippon Psychedelic Soul takes myriad pathways into the tripped-out undergrowth of 1970s Japan. Finding their feet at home and looking for inspiration abroad, the musicians featured here were engaged in the communal soul-searching that followed the breakdown of the 1960s protest movements. Some made it big, others drifted into oblivion. The music they left behind shimmers with intensity.TRACKLIST1. Hiroshi Kamayatsu - Have you smoked Gauloise? 04:22 2. Happy End - Haruyo Koi (Come, spring) 04:19 3. Yoshiko Sai - Aoi Galasu Dama (Blue Glass Ball) 01:30 4. Tadashi Goino Group - Jikan Wo Koero (Go Beyond Time) 05:02 5. Jun Fukamachi - Omae (You) 04:14 6. Momotaro Pink with Original PINKS - Hachigatsu No Inshow (August's impression) 06:11 7. Vol.1 Chap.100 - Heya No Naka (In The Room) 07:21","robots":{"index":"index","follow":"follow","max-snippet":"max-snippet:-1","max-image-preview":"max-image-preview:large","max-video-preview":"max-video-preview:-1"},"canonical":"https:\/\/wpguerssen-test.odoo.rgbconsulting.com\/es\/producto\/nippon-psychedelic-soul-1970-1979\/","og_locale":"es_ES","og_type":"article","og_title":"VARIOUS ARTISTS - Nippon Psychedelic Soul 1970-1979 -  (LP) | Guerssen","og_description":"The kaleidoscopic psychedelia of 1970s Japan captured a fragile and fertile moment as the country sought its future in funk grooves, heavy reverb and lyrical hallucinations.The follow-up compilation to Time Capsule's Nippon Acid Folk, Nippon Psychedelic Soul takes myriad pathways into the tripped-out undergrowth of 1970s Japan. Finding their feet at home and looking for inspiration abroad, the musicians featured here were engaged in the communal soul-searching that followed the breakdown of the 1960s protest movements. Some made it big, others drifted into oblivion. The music they left behind shimmers with intensity.TRACKLIST1. Hiroshi Kamayatsu - Have you smoked Gauloise? 04:22 2. Happy End - Haruyo Koi (Come, spring) 04:19 3. Yoshiko Sai - Aoi Galasu Dama (Blue Glass Ball) 01:30 4. Tadashi Goino Group - Jikan Wo Koero (Go Beyond Time) 05:02 5. Jun Fukamachi - Omae (You) 04:14 6. Momotaro Pink with Original PINKS - Hachigatsu No Inshow (August's impression) 06:11 7. Vol.1 Chap.100 - Heya No Naka (In The Room) 07:21","og_url":"https:\/\/wpguerssen-test.odoo.rgbconsulting.com\/es\/producto\/nippon-psychedelic-soul-1970-1979\/","og_site_name":"Guerssen records","article_modified_time":"2025-04-25T12:03:20+00:00","og_image":[{"width":700,"height":700,"url":"https:\/\/wpguerssen-test.odoo.rgbconsulting.com\/wp-content\/uploads\/2025\/02\/49848.jpg","type":"image\/jpeg"}],"twitter_card":"summary_large_image","twitter_title":"VARIOUS ARTISTS - Nippon Psychedelic Soul 1970-1979 -  (LP) | Guerssen","twitter_misc":{"Tiempo de lectura":"1 minuto"},"schema":{"@context":"https:\/\/schema.org","@graph":[{"@type":"WebPage","@id":"https:\/\/wpguerssen-test.odoo.rgbconsulting.com\/es\/producto\/nippon-psychedelic-soul-1970-1979\/","url":"https:\/\/wpguerssen-test.odoo.rgbconsulting.com\/es\/producto\/nippon-psychedelic-soul-1970-1979\/","name":"VARIOUS ARTISTS - Nippon Psychedelic Soul 1970-1979 - (LP) | Guerssen","isPartOf":{"@id":"https:\/\/wpguerssen-test.odoo.rgbconsulting.com\/es\/#website"},"primaryImageOfPage":{"@id":"https:\/\/wpguerssen-test.odoo.rgbconsulting.com\/es\/producto\/nippon-psychedelic-soul-1970-1979\/#primaryimage"},"image":{"@id":"https:\/\/wpguerssen-test.odoo.rgbconsulting.com\/es\/producto\/nippon-psychedelic-soul-1970-1979\/#primaryimage"},"thumbnailUrl":"https:\/\/wpguerssen-test.odoo.rgbconsulting.com\/wp-content\/uploads\/2025\/02\/49848.jpg","datePublished":"2025-04-21T22:00:00+00:00","dateModified":"2025-04-25T12:03:20+00:00","description":"The kaleidoscopic psychedelia of 1970s Japan captured a fragile and fertile moment as the country sought its future in funk grooves, heavy reverb and lyrical hallucinations.The follow-up compilation to Time Capsule's Nippon Acid Folk, Nippon Psychedelic Soul takes myriad pathways into the tripped-out undergrowth of 1970s Japan. Finding their feet at home and looking for inspiration abroad, the musicians featured here were engaged in the communal soul-searching that followed the breakdown of the 1960s protest movements. Some made it big, others drifted into oblivion. The music they left behind shimmers with intensity.TRACKLIST1. Hiroshi Kamayatsu - Have you smoked Gauloise? 04:22 2. Happy End - Haruyo Koi (Come, spring) 04:19 3. Yoshiko Sai - Aoi Galasu Dama (Blue Glass Ball) 01:30 4. Tadashi Goino Group - Jikan Wo Koero (Go Beyond Time) 05:02 5. Jun Fukamachi - Omae (You) 04:14 6. Momotaro Pink with Original PINKS - Hachigatsu No Inshow (August's impression) 06:11 7. Vol.1 Chap.100 - Heya No Naka (In The Room) 07:21","breadcrumb":{"@id":"https:\/\/wpguerssen-test.odoo.rgbconsulting.com\/es\/producto\/nippon-psychedelic-soul-1970-1979\/#breadcrumb"},"inLanguage":"es","potentialAction":[{"@type":"ReadAction","target":["https:\/\/wpguerssen-test.odoo.rgbconsulting.com\/es\/producto\/nippon-psychedelic-soul-1970-1979\/"]}]},{"@type":"ImageObject","inLanguage":"es","@id":"https:\/\/wpguerssen-test.odoo.rgbconsulting.com\/es\/producto\/nippon-psychedelic-soul-1970-1979\/#primaryimage","url":"https:\/\/wpguerssen-test.odoo.rgbconsulting.com\/wp-content\/uploads\/2025\/02\/49848.jpg","contentUrl":"https:\/\/wpguerssen-test.odoo.rgbconsulting.com\/wp-content\/uploads\/2025\/02\/49848.jpg","width":700,"height":700},{"@type":"BreadcrumbList","@id":"https:\/\/wpguerssen-test.odoo.rgbconsulting.com\/es\/producto\/nippon-psychedelic-soul-1970-1979\/#breadcrumb","itemListElement":[{"@type":"ListItem","position":1,"name":"Inicio","item":"https:\/\/wpguerssen-test.odoo.rgbconsulting.com\/es\/"},{"@type":"ListItem","position":2,"name":"Shop","item":"https:\/\/wpguerssen-test.odoo.rgbconsulting.com\/shop\/"},{"@type":"ListItem","position":3,"name":"Nippon Psychedelic Soul 1970-1979"}]},{"@type":"WebSite","@id":"https:\/\/wpguerssen-test.odoo.rgbconsulting.com\/es\/#website","url":"https:\/\/wpguerssen-test.odoo.rgbconsulting.com\/es\/","name":"Guerssen records","description":"psychedelia - progressive - folk - garage ","publisher":{"@id":"https:\/\/wpguerssen-test.odoo.rgbconsulting.com\/es\/#organization"},"potentialAction":[{"@type":"SearchAction","target":{"@type":"EntryPoint","urlTemplate":"https:\/\/wpguerssen-test.odoo.rgbconsulting.com\/es\/?s={search_term_string}"},"query-input":{"@type":"PropertyValueSpecification","valueRequired":true,"valueName":"search_term_string"}}],"inLanguage":"es"},{"@type":"Organization","@id":"https:\/\/wpguerssen-test.odoo.rgbconsulting.com\/es\/#organization","name":"Guerssen records","url":"https:\/\/wpguerssen-test.odoo.rgbconsulting.com\/es\/","logo":{"@type":"ImageObject","inLanguage":"es","@id":"https:\/\/wpguerssen-test.odoo.rgbconsulting.com\/es\/#\/schema\/logo\/image\/","url":"https:\/\/wpguerssen-test.odoo.rgbconsulting.com\/wp-content\/uploads\/2022\/04\/Logo_Guerssen_trans_100.png","contentUrl":"https:\/\/wpguerssen-test.odoo.rgbconsulting.com\/wp-content\/uploads\/2022\/04\/Logo_Guerssen_trans_100.png","width":122,"height":100,"caption":"Guerssen records"},"image":{"@id":"https:\/\/wpguerssen-test.odoo.rgbconsulting.com\/es\/#\/schema\/logo\/image\/"}}]}},"_links":{"self":[{"href":"https:\/\/wpguerssen-test.odoo.rgbconsulting.com\/es\/wp-json\/wp\/v2\/product\/283559","targetHints":{"allow":["GET"]}}],"collection":[{"href":"https:\/\/wpguerssen-test.odoo.rgbconsulting.com\/es\/wp-json\/wp\/v2\/product"}],"about":[{"href":"https:\/\/wpguerssen-test.odoo.rgbconsulting.com\/es\/wp-json\/wp\/v2\/types\/product"}],"wp:featuredmedia":[{"embeddable":true,"href":"https:\/\/wpguerssen-test.odoo.rgbconsulting.com\/es\/wp-json\/wp\/v2\/media\/283507"}],"wp:attachment":[{"href":"https:\/\/wpguerssen-test.odoo.rgbconsulting.com\/es\/wp-json\/wp\/v2\/media?parent=283559"}],"wp:term":[{"taxonomy":"product_brand","embeddable":true,"href":"https:\/\/wpguerssen-test.odoo.rgbconsulting.com\/es\/wp-json\/wp\/v2\/product_brand?post=283559"},{"taxonomy":"product_cat","embeddable":true,"href":"https:\/\/wpguerssen-test.odoo.rgbconsulting.com\/es\/wp-json\/wp\/v2\/product_cat?post=283559"},{"taxonomy":"product_tag","embeddable":true,"href":"https:\/\/wpguerssen-test.odoo.rgbconsulting.com\/es\/wp-json\/wp\/v2\/product_tag?post=283559"}],"curies":[{"name":"wp","href":"https:\/\/api.w.org\/{rel}","templated":true}]}}