{"id":283560,"date":"2025-04-22T00:00:00","date_gmt":"2025-04-21T22:00:00","guid":{"rendered":"https:\/\/wpguerssen-test.odoo.rgbconsulting.com\/product\/tokyo-riddim-1976-1985\/"},"modified":"2025-04-22T15:59:39","modified_gmt":"2025-04-22T13:59:39","slug":"tokyo-riddim-1976-1985","status":"publish","type":"product","link":"https:\/\/wpguerssen-test.odoo.rgbconsulting.com\/es\/producto\/tokyo-riddim-1976-1985\/","title":{"rendered":"Tokyo Riddim 1976-1985"},"content":{"rendered":"<p>El sonido suave y funky del reggae pop japon\u00e9s de m\u00e1xima audiencia en los a\u00f1os 1970 y 1980 encendi\u00f3 una obsesi\u00f3n por la m\u00fasica jamaicana que persiste hasta el d\u00eda de hoy en todos los rincones de la sociedad japonesa.<br \/>Pero la historia del reggae japon\u00e9s no es lineal, y la m\u00fasica recopilada en Tokyo Riddim 1976-1985 captura el momento en que el J-reggae entr\u00f3 en la conciencia p\u00fablica m\u00e1s amplia, fusionando el estilo pop urbano comercial con un ritmo contagioso, que ha generado comparaciones con el surgimiento de Lovers Rock en el Reino Unido.<br \/>En lugar de mirar directamente a Jamaica, muchos productores y artistas en Jap\u00f3n se inspiraron en los sonidos m\u00e1s accesibles de The Police y UB40, su dosis de reggae llega prefiltrada a trav\u00e9s de la lente del new wave pop del Reino Unido. Juguetones y maravillosos, los cortes profundos de estos \u00e1lbumes han sido pasados \u00bf\u00bfpor alto durante demasiado tiempo.<br \/>TRACKLIST<br \/>1. Miki Hirayama &#8211; Tsukikage No Nagisa 04:31 2. Miki Hirayama &#8211; Denshi Lenzi 03:55 3. Chu Kosaka &#8211; Music 05:19 4. Izumi \u00abMimi\u00bb Kobayashi &#8211; Lazy Love 04:24 5. Junko Yagami &#8211; Johannesburg 05:12 6. Miharu Koshi &#8211; Coffee Break 01:00 7. Marlene &#8211; Hittin&#8217; Me Where It Hurts 01:00 8. Lily -Tenkini Naare 03:21<\/p>\n","protected":false},"excerpt":{"rendered":"<p>El sonido suave y funky del reggae pop japon\u00e9s de m\u00e1xima audiencia en los a\u00f1os 1970 y 1980 encendi\u00f3 una obsesi\u00f3n por la m\u00fasica jamaicana que persiste hasta el<a class=\"read\" href=\"https:\/\/wpguerssen-test.odoo.rgbconsulting.com\/es\/producto\/tokyo-riddim-1976-1985\/\"> (...)<\/a>","protected":false},"featured_media":283510,"template":"","meta":{"_acf_changed":false},"product_brand":[],"product_cat":[21666,23234],"product_tag":[24189],"class_list":{"0":"post-283560","1":"product","2":"type-product","3":"status-publish","4":"has-post-thumbnail","6":"product_cat-reggae-ska-dub-es","7":"product_cat-pop-rock-es","8":"product_tag-recien-llegadas","9":"pa_artist-various-artists-es","10":"pa_format-lp-es","11":"pa_gender-reggae-ska-dub-pop-rock","12":"pa_label-time-capsule","13":"pa_location-asia-es","14":"pa_other-filters-vinyl-only-es","16":"first","17":"instock","18":"taxable","19":"shipping-taxable","20":"purchasable","21":"product-type-simple"},"acf":[],"yoast_head":"<!-- This site is optimized with the Yoast SEO plugin v24.9 - https:\/\/yoast.com\/wordpress\/plugins\/seo\/ -->\n<title>VARIOUS ARTISTS - Tokyo Riddim 1976-1985 -  (LP) | Guerssen<\/title>\n<meta name=\"description\" content=\"The smooth and funky sound of prime-time Japanese reggae pop in the 1970s and &#039;80s fired up an obsession with Jamaican music that persists to the present day.If there is a year zero for the introduction of reggae music to Japan, you&#039;d be forgiven for thinking it was 1979 when Bob Marley and the Wailers toured the country, trailed by an entourage of journalists, photographers and fans ready to spread the message of the music into all corners of Japanese society.But the story of Japanese reggae is not a linear one, and the music that is collected on Tokyo Riddim 1976-1985 captures the moment J-reggae entered the broader public consciousness, merging commercial city pop style with an infectious backbeat, that has drawn comparisons with the emergence of Lovers Rock in the UK.Rather than look directly to Jamaica, many producers and artists in Japan were inspired instead by the more approachable sounds of The Police and UB40, their reggae fix arriving pre-filtered through the lens of new wave pop from the UK. Playful and groovy, these album deep cuts have been overlooked for too long.TRACKLIST1. Miki Hirayama - Tsukikage No Nagisa 04:31 2. Miki Hirayama - Denshi Lenzi 03:55 3. Chu Kosaka - Music 05:19 4. Izumi &quot;Mimi&quot; Kobayashi - Lazy Love 04:24 5. Junko Yagami - Johannesburg 05:12 6. Miharu Koshi - Coffee Break 01:00 7. Marlene - Hittin&#039; Me Where It Hurts 01:00 8. Lily -Tenkini Naare 03:21\" \/>\n<meta name=\"robots\" content=\"index, follow, max-snippet:-1, max-image-preview:large, max-video-preview:-1\" \/>\n<link rel=\"canonical\" href=\"https:\/\/wpguerssen-test.odoo.rgbconsulting.com\/es\/producto\/tokyo-riddim-1976-1985\/\" \/>\n<meta property=\"og:locale\" content=\"es_ES\" \/>\n<meta property=\"og:type\" content=\"article\" \/>\n<meta property=\"og:title\" content=\"VARIOUS ARTISTS - Tokyo Riddim 1976-1985 -  (LP) | Guerssen\" \/>\n<meta property=\"og:description\" content=\"The smooth and funky sound of prime-time Japanese reggae pop in the 1970s and &#039;80s fired up an obsession with Jamaican music that persists to the present day.If there is a year zero for the introduction of reggae music to Japan, you&#039;d be forgiven for thinking it was 1979 when Bob Marley and the Wailers toured the country, trailed by an entourage of journalists, photographers and fans ready to spread the message of the music into all corners of Japanese society.But the story of Japanese reggae is not a linear one, and the music that is collected on Tokyo Riddim 1976-1985 captures the moment J-reggae entered the broader public consciousness, merging commercial city pop style with an infectious backbeat, that has drawn comparisons with the emergence of Lovers Rock in the UK.Rather than look directly to Jamaica, many producers and artists in Japan were inspired instead by the more approachable sounds of The Police and UB40, their reggae fix arriving pre-filtered through the lens of new wave pop from the UK. Playful and groovy, these album deep cuts have been overlooked for too long.TRACKLIST1. Miki Hirayama - Tsukikage No Nagisa 04:31 2. Miki Hirayama - Denshi Lenzi 03:55 3. Chu Kosaka - Music 05:19 4. Izumi &quot;Mimi&quot; Kobayashi - Lazy Love 04:24 5. Junko Yagami - Johannesburg 05:12 6. Miharu Koshi - Coffee Break 01:00 7. Marlene - Hittin&#039; Me Where It Hurts 01:00 8. Lily -Tenkini Naare 03:21\" \/>\n<meta property=\"og:url\" content=\"https:\/\/wpguerssen-test.odoo.rgbconsulting.com\/es\/producto\/tokyo-riddim-1976-1985\/\" \/>\n<meta property=\"og:site_name\" content=\"Guerssen records\" \/>\n<meta property=\"article:modified_time\" content=\"2025-04-22T13:59:39+00:00\" \/>\n<meta property=\"og:image\" content=\"https:\/\/wpguerssen-test.odoo.rgbconsulting.com\/wp-content\/uploads\/2025\/02\/49849.jpg\" \/>\n\t<meta property=\"og:image:width\" content=\"700\" \/>\n\t<meta property=\"og:image:height\" content=\"700\" \/>\n\t<meta property=\"og:image:type\" content=\"image\/jpeg\" \/>\n<meta name=\"twitter:card\" content=\"summary_large_image\" \/>\n<meta name=\"twitter:title\" content=\"VARIOUS ARTISTS - Tokyo Riddim 1976-1985 -  (LP) | Guerssen\" \/>\n<meta name=\"twitter:label1\" content=\"Tiempo de lectura\" \/>\n\t<meta name=\"twitter:data1\" content=\"1 minuto\" \/>\n<script type=\"application\/ld+json\" class=\"yoast-schema-graph\">{\"@context\":\"https:\/\/schema.org\",\"@graph\":[{\"@type\":\"WebPage\",\"@id\":\"https:\/\/wpguerssen-test.odoo.rgbconsulting.com\/es\/producto\/tokyo-riddim-1976-1985\/\",\"url\":\"https:\/\/wpguerssen-test.odoo.rgbconsulting.com\/es\/producto\/tokyo-riddim-1976-1985\/\",\"name\":\"VARIOUS ARTISTS - Tokyo Riddim 1976-1985 - (LP) | Guerssen\",\"isPartOf\":{\"@id\":\"https:\/\/wpguerssen-test.odoo.rgbconsulting.com\/es\/#website\"},\"primaryImageOfPage\":{\"@id\":\"https:\/\/wpguerssen-test.odoo.rgbconsulting.com\/es\/producto\/tokyo-riddim-1976-1985\/#primaryimage\"},\"image\":{\"@id\":\"https:\/\/wpguerssen-test.odoo.rgbconsulting.com\/es\/producto\/tokyo-riddim-1976-1985\/#primaryimage\"},\"thumbnailUrl\":\"https:\/\/wpguerssen-test.odoo.rgbconsulting.com\/wp-content\/uploads\/2025\/02\/49849.jpg\",\"datePublished\":\"2025-04-21T22:00:00+00:00\",\"dateModified\":\"2025-04-22T13:59:39+00:00\",\"description\":\"The smooth and funky sound of prime-time Japanese reggae pop in the 1970s and '80s fired up an obsession with Jamaican music that persists to the present day.If there is a year zero for the introduction of reggae music to Japan, you'd be forgiven for thinking it was 1979 when Bob Marley and the Wailers toured the country, trailed by an entourage of journalists, photographers and fans ready to spread the message of the music into all corners of Japanese society.But the story of Japanese reggae is not a linear one, and the music that is collected on Tokyo Riddim 1976-1985 captures the moment J-reggae entered the broader public consciousness, merging commercial city pop style with an infectious backbeat, that has drawn comparisons with the emergence of Lovers Rock in the UK.Rather than look directly to Jamaica, many producers and artists in Japan were inspired instead by the more approachable sounds of The Police and UB40, their reggae fix arriving pre-filtered through the lens of new wave pop from the UK. Playful and groovy, these album deep cuts have been overlooked for too long.TRACKLIST1. Miki Hirayama - Tsukikage No Nagisa 04:31 2. Miki Hirayama - Denshi Lenzi 03:55 3. Chu Kosaka - Music 05:19 4. Izumi \\\"Mimi\\\" Kobayashi - Lazy Love 04:24 5. Junko Yagami - Johannesburg 05:12 6. Miharu Koshi - Coffee Break 01:00 7. Marlene - Hittin' Me Where It Hurts 01:00 8. Lily -Tenkini Naare 03:21\",\"breadcrumb\":{\"@id\":\"https:\/\/wpguerssen-test.odoo.rgbconsulting.com\/es\/producto\/tokyo-riddim-1976-1985\/#breadcrumb\"},\"inLanguage\":\"es\",\"potentialAction\":[{\"@type\":\"ReadAction\",\"target\":[\"https:\/\/wpguerssen-test.odoo.rgbconsulting.com\/es\/producto\/tokyo-riddim-1976-1985\/\"]}]},{\"@type\":\"ImageObject\",\"inLanguage\":\"es\",\"@id\":\"https:\/\/wpguerssen-test.odoo.rgbconsulting.com\/es\/producto\/tokyo-riddim-1976-1985\/#primaryimage\",\"url\":\"https:\/\/wpguerssen-test.odoo.rgbconsulting.com\/wp-content\/uploads\/2025\/02\/49849.jpg\",\"contentUrl\":\"https:\/\/wpguerssen-test.odoo.rgbconsulting.com\/wp-content\/uploads\/2025\/02\/49849.jpg\",\"width\":700,\"height\":700},{\"@type\":\"BreadcrumbList\",\"@id\":\"https:\/\/wpguerssen-test.odoo.rgbconsulting.com\/es\/producto\/tokyo-riddim-1976-1985\/#breadcrumb\",\"itemListElement\":[{\"@type\":\"ListItem\",\"position\":1,\"name\":\"Inicio\",\"item\":\"https:\/\/wpguerssen-test.odoo.rgbconsulting.com\/es\/\"},{\"@type\":\"ListItem\",\"position\":2,\"name\":\"Shop\",\"item\":\"https:\/\/wpguerssen-test.odoo.rgbconsulting.com\/shop\/\"},{\"@type\":\"ListItem\",\"position\":3,\"name\":\"Tokyo Riddim 1976-1985\"}]},{\"@type\":\"WebSite\",\"@id\":\"https:\/\/wpguerssen-test.odoo.rgbconsulting.com\/es\/#website\",\"url\":\"https:\/\/wpguerssen-test.odoo.rgbconsulting.com\/es\/\",\"name\":\"Guerssen records\",\"description\":\"psychedelia - progressive - folk - garage \",\"publisher\":{\"@id\":\"https:\/\/wpguerssen-test.odoo.rgbconsulting.com\/es\/#organization\"},\"potentialAction\":[{\"@type\":\"SearchAction\",\"target\":{\"@type\":\"EntryPoint\",\"urlTemplate\":\"https:\/\/wpguerssen-test.odoo.rgbconsulting.com\/es\/?s={search_term_string}\"},\"query-input\":{\"@type\":\"PropertyValueSpecification\",\"valueRequired\":true,\"valueName\":\"search_term_string\"}}],\"inLanguage\":\"es\"},{\"@type\":\"Organization\",\"@id\":\"https:\/\/wpguerssen-test.odoo.rgbconsulting.com\/es\/#organization\",\"name\":\"Guerssen records\",\"url\":\"https:\/\/wpguerssen-test.odoo.rgbconsulting.com\/es\/\",\"logo\":{\"@type\":\"ImageObject\",\"inLanguage\":\"es\",\"@id\":\"https:\/\/wpguerssen-test.odoo.rgbconsulting.com\/es\/#\/schema\/logo\/image\/\",\"url\":\"https:\/\/wpguerssen-test.odoo.rgbconsulting.com\/wp-content\/uploads\/2022\/04\/Logo_Guerssen_trans_100.png\",\"contentUrl\":\"https:\/\/wpguerssen-test.odoo.rgbconsulting.com\/wp-content\/uploads\/2022\/04\/Logo_Guerssen_trans_100.png\",\"width\":122,\"height\":100,\"caption\":\"Guerssen records\"},\"image\":{\"@id\":\"https:\/\/wpguerssen-test.odoo.rgbconsulting.com\/es\/#\/schema\/logo\/image\/\"}}]}<\/script>\n<!-- \/ Yoast SEO plugin. -->","yoast_head_json":{"title":"VARIOUS ARTISTS - Tokyo Riddim 1976-1985 -  (LP) | Guerssen","description":"The smooth and funky sound of prime-time Japanese reggae pop in the 1970s and '80s fired up an obsession with Jamaican music that persists to the present day.If there is a year zero for the introduction of reggae music to Japan, you'd be forgiven for thinking it was 1979 when Bob Marley and the Wailers toured the country, trailed by an entourage of journalists, photographers and fans ready to spread the message of the music into all corners of Japanese society.But the story of Japanese reggae is not a linear one, and the music that is collected on Tokyo Riddim 1976-1985 captures the moment J-reggae entered the broader public consciousness, merging commercial city pop style with an infectious backbeat, that has drawn comparisons with the emergence of Lovers Rock in the UK.Rather than look directly to Jamaica, many producers and artists in Japan were inspired instead by the more approachable sounds of The Police and UB40, their reggae fix arriving pre-filtered through the lens of new wave pop from the UK. Playful and groovy, these album deep cuts have been overlooked for too long.TRACKLIST1. Miki Hirayama - Tsukikage No Nagisa 04:31 2. Miki Hirayama - Denshi Lenzi 03:55 3. Chu Kosaka - Music 05:19 4. Izumi \"Mimi\" Kobayashi - Lazy Love 04:24 5. Junko Yagami - Johannesburg 05:12 6. Miharu Koshi - Coffee Break 01:00 7. Marlene - Hittin' Me Where It Hurts 01:00 8. Lily -Tenkini Naare 03:21","robots":{"index":"index","follow":"follow","max-snippet":"max-snippet:-1","max-image-preview":"max-image-preview:large","max-video-preview":"max-video-preview:-1"},"canonical":"https:\/\/wpguerssen-test.odoo.rgbconsulting.com\/es\/producto\/tokyo-riddim-1976-1985\/","og_locale":"es_ES","og_type":"article","og_title":"VARIOUS ARTISTS - Tokyo Riddim 1976-1985 -  (LP) | Guerssen","og_description":"The smooth and funky sound of prime-time Japanese reggae pop in the 1970s and '80s fired up an obsession with Jamaican music that persists to the present day.If there is a year zero for the introduction of reggae music to Japan, you'd be forgiven for thinking it was 1979 when Bob Marley and the Wailers toured the country, trailed by an entourage of journalists, photographers and fans ready to spread the message of the music into all corners of Japanese society.But the story of Japanese reggae is not a linear one, and the music that is collected on Tokyo Riddim 1976-1985 captures the moment J-reggae entered the broader public consciousness, merging commercial city pop style with an infectious backbeat, that has drawn comparisons with the emergence of Lovers Rock in the UK.Rather than look directly to Jamaica, many producers and artists in Japan were inspired instead by the more approachable sounds of The Police and UB40, their reggae fix arriving pre-filtered through the lens of new wave pop from the UK. Playful and groovy, these album deep cuts have been overlooked for too long.TRACKLIST1. Miki Hirayama - Tsukikage No Nagisa 04:31 2. Miki Hirayama - Denshi Lenzi 03:55 3. Chu Kosaka - Music 05:19 4. Izumi \"Mimi\" Kobayashi - Lazy Love 04:24 5. Junko Yagami - Johannesburg 05:12 6. Miharu Koshi - Coffee Break 01:00 7. Marlene - Hittin' Me Where It Hurts 01:00 8. Lily -Tenkini Naare 03:21","og_url":"https:\/\/wpguerssen-test.odoo.rgbconsulting.com\/es\/producto\/tokyo-riddim-1976-1985\/","og_site_name":"Guerssen records","article_modified_time":"2025-04-22T13:59:39+00:00","og_image":[{"width":700,"height":700,"url":"https:\/\/wpguerssen-test.odoo.rgbconsulting.com\/wp-content\/uploads\/2025\/02\/49849.jpg","type":"image\/jpeg"}],"twitter_card":"summary_large_image","twitter_title":"VARIOUS ARTISTS - Tokyo Riddim 1976-1985 -  (LP) | Guerssen","twitter_misc":{"Tiempo de lectura":"1 minuto"},"schema":{"@context":"https:\/\/schema.org","@graph":[{"@type":"WebPage","@id":"https:\/\/wpguerssen-test.odoo.rgbconsulting.com\/es\/producto\/tokyo-riddim-1976-1985\/","url":"https:\/\/wpguerssen-test.odoo.rgbconsulting.com\/es\/producto\/tokyo-riddim-1976-1985\/","name":"VARIOUS ARTISTS - Tokyo Riddim 1976-1985 - (LP) | Guerssen","isPartOf":{"@id":"https:\/\/wpguerssen-test.odoo.rgbconsulting.com\/es\/#website"},"primaryImageOfPage":{"@id":"https:\/\/wpguerssen-test.odoo.rgbconsulting.com\/es\/producto\/tokyo-riddim-1976-1985\/#primaryimage"},"image":{"@id":"https:\/\/wpguerssen-test.odoo.rgbconsulting.com\/es\/producto\/tokyo-riddim-1976-1985\/#primaryimage"},"thumbnailUrl":"https:\/\/wpguerssen-test.odoo.rgbconsulting.com\/wp-content\/uploads\/2025\/02\/49849.jpg","datePublished":"2025-04-21T22:00:00+00:00","dateModified":"2025-04-22T13:59:39+00:00","description":"The smooth and funky sound of prime-time Japanese reggae pop in the 1970s and '80s fired up an obsession with Jamaican music that persists to the present day.If there is a year zero for the introduction of reggae music to Japan, you'd be forgiven for thinking it was 1979 when Bob Marley and the Wailers toured the country, trailed by an entourage of journalists, photographers and fans ready to spread the message of the music into all corners of Japanese society.But the story of Japanese reggae is not a linear one, and the music that is collected on Tokyo Riddim 1976-1985 captures the moment J-reggae entered the broader public consciousness, merging commercial city pop style with an infectious backbeat, that has drawn comparisons with the emergence of Lovers Rock in the UK.Rather than look directly to Jamaica, many producers and artists in Japan were inspired instead by the more approachable sounds of The Police and UB40, their reggae fix arriving pre-filtered through the lens of new wave pop from the UK. Playful and groovy, these album deep cuts have been overlooked for too long.TRACKLIST1. Miki Hirayama - Tsukikage No Nagisa 04:31 2. Miki Hirayama - Denshi Lenzi 03:55 3. Chu Kosaka - Music 05:19 4. Izumi \"Mimi\" Kobayashi - Lazy Love 04:24 5. Junko Yagami - Johannesburg 05:12 6. Miharu Koshi - Coffee Break 01:00 7. Marlene - Hittin' Me Where It Hurts 01:00 8. Lily -Tenkini Naare 03:21","breadcrumb":{"@id":"https:\/\/wpguerssen-test.odoo.rgbconsulting.com\/es\/producto\/tokyo-riddim-1976-1985\/#breadcrumb"},"inLanguage":"es","potentialAction":[{"@type":"ReadAction","target":["https:\/\/wpguerssen-test.odoo.rgbconsulting.com\/es\/producto\/tokyo-riddim-1976-1985\/"]}]},{"@type":"ImageObject","inLanguage":"es","@id":"https:\/\/wpguerssen-test.odoo.rgbconsulting.com\/es\/producto\/tokyo-riddim-1976-1985\/#primaryimage","url":"https:\/\/wpguerssen-test.odoo.rgbconsulting.com\/wp-content\/uploads\/2025\/02\/49849.jpg","contentUrl":"https:\/\/wpguerssen-test.odoo.rgbconsulting.com\/wp-content\/uploads\/2025\/02\/49849.jpg","width":700,"height":700},{"@type":"BreadcrumbList","@id":"https:\/\/wpguerssen-test.odoo.rgbconsulting.com\/es\/producto\/tokyo-riddim-1976-1985\/#breadcrumb","itemListElement":[{"@type":"ListItem","position":1,"name":"Inicio","item":"https:\/\/wpguerssen-test.odoo.rgbconsulting.com\/es\/"},{"@type":"ListItem","position":2,"name":"Shop","item":"https:\/\/wpguerssen-test.odoo.rgbconsulting.com\/shop\/"},{"@type":"ListItem","position":3,"name":"Tokyo Riddim 1976-1985"}]},{"@type":"WebSite","@id":"https:\/\/wpguerssen-test.odoo.rgbconsulting.com\/es\/#website","url":"https:\/\/wpguerssen-test.odoo.rgbconsulting.com\/es\/","name":"Guerssen records","description":"psychedelia - progressive - folk - garage ","publisher":{"@id":"https:\/\/wpguerssen-test.odoo.rgbconsulting.com\/es\/#organization"},"potentialAction":[{"@type":"SearchAction","target":{"@type":"EntryPoint","urlTemplate":"https:\/\/wpguerssen-test.odoo.rgbconsulting.com\/es\/?s={search_term_string}"},"query-input":{"@type":"PropertyValueSpecification","valueRequired":true,"valueName":"search_term_string"}}],"inLanguage":"es"},{"@type":"Organization","@id":"https:\/\/wpguerssen-test.odoo.rgbconsulting.com\/es\/#organization","name":"Guerssen records","url":"https:\/\/wpguerssen-test.odoo.rgbconsulting.com\/es\/","logo":{"@type":"ImageObject","inLanguage":"es","@id":"https:\/\/wpguerssen-test.odoo.rgbconsulting.com\/es\/#\/schema\/logo\/image\/","url":"https:\/\/wpguerssen-test.odoo.rgbconsulting.com\/wp-content\/uploads\/2022\/04\/Logo_Guerssen_trans_100.png","contentUrl":"https:\/\/wpguerssen-test.odoo.rgbconsulting.com\/wp-content\/uploads\/2022\/04\/Logo_Guerssen_trans_100.png","width":122,"height":100,"caption":"Guerssen records"},"image":{"@id":"https:\/\/wpguerssen-test.odoo.rgbconsulting.com\/es\/#\/schema\/logo\/image\/"}}]}},"_links":{"self":[{"href":"https:\/\/wpguerssen-test.odoo.rgbconsulting.com\/es\/wp-json\/wp\/v2\/product\/283560","targetHints":{"allow":["GET"]}}],"collection":[{"href":"https:\/\/wpguerssen-test.odoo.rgbconsulting.com\/es\/wp-json\/wp\/v2\/product"}],"about":[{"href":"https:\/\/wpguerssen-test.odoo.rgbconsulting.com\/es\/wp-json\/wp\/v2\/types\/product"}],"wp:featuredmedia":[{"embeddable":true,"href":"https:\/\/wpguerssen-test.odoo.rgbconsulting.com\/es\/wp-json\/wp\/v2\/media\/283510"}],"wp:attachment":[{"href":"https:\/\/wpguerssen-test.odoo.rgbconsulting.com\/es\/wp-json\/wp\/v2\/media?parent=283560"}],"wp:term":[{"taxonomy":"product_brand","embeddable":true,"href":"https:\/\/wpguerssen-test.odoo.rgbconsulting.com\/es\/wp-json\/wp\/v2\/product_brand?post=283560"},{"taxonomy":"product_cat","embeddable":true,"href":"https:\/\/wpguerssen-test.odoo.rgbconsulting.com\/es\/wp-json\/wp\/v2\/product_cat?post=283560"},{"taxonomy":"product_tag","embeddable":true,"href":"https:\/\/wpguerssen-test.odoo.rgbconsulting.com\/es\/wp-json\/wp\/v2\/product_tag?post=283560"}],"curies":[{"name":"wp","href":"https:\/\/api.w.org\/{rel}","templated":true}]}}