{"id":283676,"date":"2025-03-07T00:00:00","date_gmt":"2025-03-06T23:00:00","guid":{"rendered":"https:\/\/wpguerssen-test.odoo.rgbconsulting.com\/product\/special-sound-series-vol-5-artistic-electone\/"},"modified":"2025-04-01T17:49:26","modified_gmt":"2025-04-01T15:49:26","slug":"special-sound-series-vol-5-artistic-electone","status":"publish","type":"product","link":"https:\/\/wpguerssen-test.odoo.rgbconsulting.com\/es\/producto\/special-sound-series-vol-5-artistic-electone\/","title":{"rendered":"Special Sound Series &#8211; Vol. 5: Artistic Electone"},"content":{"rendered":"<p>Cerrando con estilo la Serie de Sonido Especial, estamos orgullosos de presentar la tan esperada reedici\u00f3n en vinilo de 1985 de Shigeo Sekito, una obra maestra instrumental que lleg\u00f3 casi una d\u00e9cada despu\u00e9s de su ic\u00f3nica Serie de Sonido Especial Kareinaru Electone de la d\u00e9cada de 1970. Un verdadero pionero en el mundo de la m\u00fasica Electone, el nombre de Sekito, instant\u00e1neamente reconocible en katakana, ha dejado una marca indeleble en el g\u00e9nero.<br \/>Este \u00e1lbum muestra su arte caracter\u00edstico en ocho temas cautivadores, combinando originales y versiones con su paleta sonora distintiva. El encanto c\u00f3smico de la composici\u00f3n original \u00abAmish At Dusk\u00bb se destaca entre el set, mientras que la versi\u00f3n de Manhattan Transfer \u00abTwilight Zone, Twilight Tone\u00bb rebosa de arreglos din\u00e1micos y trepidantes. Mientras tanto, la versi\u00f3n de Sekito de \u00abRhapsody And Blues\u00bb de The Crusaders se desarrolla con un ritmo relajado, convirti\u00e9ndose gradualmente en un crescendo edificante. A la deriva entre sensibilidades chill-out y ambientales, 1985 captura una belleza nost\u00e1lgica y melanc\u00f3lica, donde las ricas texturas del Electone transportan a los oyentes a un mundo de nostalgia e introspecci\u00f3n on\u00edrica. Esta reedici\u00f3n final de la serie es imprescindible tanto para coleccionistas como para fan\u00e1ticos. Experimenta 1985 en su c\u00e1lido esplendor anal\u00f3gico, ahora en vinilo.<\/p>\n","protected":false},"excerpt":{"rendered":"<p>Cerrando con estilo la Serie de Sonido Especial, estamos orgullosos de presentar la tan esperada reedici\u00f3n en vinilo de 1985 de Shigeo Sekito, una obra maestra instrumental<a class=\"read\" href=\"https:\/\/wpguerssen-test.odoo.rgbconsulting.com\/es\/producto\/special-sound-series-vol-5-artistic-electone\/\"> (...)<\/a>","protected":false},"featured_media":283656,"template":"","meta":{"_acf_changed":false},"product_brand":[],"product_cat":[23219,23227],"product_tag":[24189],"class_list":{"0":"post-283676","1":"product","2":"type-product","3":"status-publish","4":"has-post-thumbnail","6":"product_cat-funk-es","7":"product_cat-jazz-es","8":"product_tag-recien-llegadas","9":"pa_artist-sekito-shigeo","10":"pa_format-lp-es","11":"pa_gender-funk-jazz","12":"pa_label-holy-basil","13":"pa_location-asia-es","14":"pa_other-filters-vinyl-only-es","16":"first","17":"instock","18":"taxable","19":"shipping-taxable","20":"purchasable","21":"product-type-simple"},"acf":[],"yoast_head":"<!-- This site is optimized with the Yoast SEO plugin v24.9 - https:\/\/yoast.com\/wordpress\/plugins\/seo\/ -->\n<title>SEKITO, Shigeo - Special Sound Series - Vol. 5: Artistic Electone -  (LP) | Guerssen<\/title>\n<meta name=\"description\" content=\"Closing out the Special Sound Series in style, we are proud to present the long-awaited vinyl reissue of Shigeo Sekito&#039;s 1985, an instrumental masterpiece that arrived nearly a decade after his iconic Kareinaru Electone Special Sound Series of the 1970s. A true pioneer in the world of Electone music, Sekito&#039;s name--instantly recognizable in katakana--has left an indelible mark on the genre.This album showcases his signature artistry across eight captivating tracks, blending originals and covers with his distinct sonic palette. The cosmic allure of the original composition &quot;Amish At Dusk&quot; stands out among the set, while the Manhattan Transfer cover &quot;Twilight Zone, Twilight Tone&quot; brims with dynamic, fast-paced arrangements. Meanwhile, Sekito&#039;s take on The Crusaders&#039; &quot;Rhapsody And Blues&quot; unfolds with a laid-back groove, gradually building into an uplifting crescendo. Drifting between chill-out and ambient sensibilities, 1985 captures a wistful, melancholic beauty-- where the rich textures of the Electone transport listeners into a world of nostalgia and dreamlike introspection. This final reissue in the series is a must-have for collectors and fans alike. Experience 1985 in its warm, analog glory, now on vinyl.\" \/>\n<meta name=\"robots\" content=\"index, follow, max-snippet:-1, max-image-preview:large, max-video-preview:-1\" \/>\n<link rel=\"canonical\" href=\"https:\/\/wpguerssen-test.odoo.rgbconsulting.com\/es\/producto\/special-sound-series-vol-5-artistic-electone\/\" \/>\n<meta property=\"og:locale\" content=\"es_ES\" \/>\n<meta property=\"og:type\" content=\"article\" \/>\n<meta property=\"og:title\" content=\"SEKITO, Shigeo - Special Sound Series - Vol. 5: Artistic Electone -  (LP) | Guerssen\" \/>\n<meta property=\"og:description\" content=\"Closing out the Special Sound Series in style, we are proud to present the long-awaited vinyl reissue of Shigeo Sekito&#039;s 1985, an instrumental masterpiece that arrived nearly a decade after his iconic Kareinaru Electone Special Sound Series of the 1970s. A true pioneer in the world of Electone music, Sekito&#039;s name--instantly recognizable in katakana--has left an indelible mark on the genre.This album showcases his signature artistry across eight captivating tracks, blending originals and covers with his distinct sonic palette. The cosmic allure of the original composition &quot;Amish At Dusk&quot; stands out among the set, while the Manhattan Transfer cover &quot;Twilight Zone, Twilight Tone&quot; brims with dynamic, fast-paced arrangements. Meanwhile, Sekito&#039;s take on The Crusaders&#039; &quot;Rhapsody And Blues&quot; unfolds with a laid-back groove, gradually building into an uplifting crescendo. Drifting between chill-out and ambient sensibilities, 1985 captures a wistful, melancholic beauty-- where the rich textures of the Electone transport listeners into a world of nostalgia and dreamlike introspection. This final reissue in the series is a must-have for collectors and fans alike. Experience 1985 in its warm, analog glory, now on vinyl.\" \/>\n<meta property=\"og:url\" content=\"https:\/\/wpguerssen-test.odoo.rgbconsulting.com\/es\/producto\/special-sound-series-vol-5-artistic-electone\/\" \/>\n<meta property=\"og:site_name\" content=\"Guerssen records\" \/>\n<meta property=\"article:modified_time\" content=\"2025-04-01T15:49:26+00:00\" \/>\n<meta property=\"og:image\" content=\"https:\/\/wpguerssen-test.odoo.rgbconsulting.com\/wp-content\/uploads\/2025\/02\/49866-scaled.jpg\" \/>\n\t<meta property=\"og:image:width\" content=\"2560\" \/>\n\t<meta property=\"og:image:height\" content=\"2560\" \/>\n\t<meta property=\"og:image:type\" content=\"image\/jpeg\" \/>\n<meta name=\"twitter:card\" content=\"summary_large_image\" \/>\n<meta name=\"twitter:title\" content=\"SEKITO, Shigeo - Special Sound Series - Vol. 5: Artistic Electone -  (LP) | Guerssen\" \/>\n<meta name=\"twitter:label1\" content=\"Tiempo de lectura\" \/>\n\t<meta name=\"twitter:data1\" content=\"1 minuto\" \/>\n<script type=\"application\/ld+json\" class=\"yoast-schema-graph\">{\"@context\":\"https:\/\/schema.org\",\"@graph\":[{\"@type\":\"WebPage\",\"@id\":\"https:\/\/wpguerssen-test.odoo.rgbconsulting.com\/es\/producto\/special-sound-series-vol-5-artistic-electone\/\",\"url\":\"https:\/\/wpguerssen-test.odoo.rgbconsulting.com\/es\/producto\/special-sound-series-vol-5-artistic-electone\/\",\"name\":\"SEKITO, Shigeo - Special Sound Series - Vol. 5: Artistic Electone - (LP) | Guerssen\",\"isPartOf\":{\"@id\":\"https:\/\/wpguerssen-test.odoo.rgbconsulting.com\/es\/#website\"},\"primaryImageOfPage\":{\"@id\":\"https:\/\/wpguerssen-test.odoo.rgbconsulting.com\/es\/producto\/special-sound-series-vol-5-artistic-electone\/#primaryimage\"},\"image\":{\"@id\":\"https:\/\/wpguerssen-test.odoo.rgbconsulting.com\/es\/producto\/special-sound-series-vol-5-artistic-electone\/#primaryimage\"},\"thumbnailUrl\":\"https:\/\/wpguerssen-test.odoo.rgbconsulting.com\/wp-content\/uploads\/2025\/02\/49866-scaled.jpg\",\"datePublished\":\"2025-03-06T23:00:00+00:00\",\"dateModified\":\"2025-04-01T15:49:26+00:00\",\"description\":\"Closing out the Special Sound Series in style, we are proud to present the long-awaited vinyl reissue of Shigeo Sekito's 1985, an instrumental masterpiece that arrived nearly a decade after his iconic Kareinaru Electone Special Sound Series of the 1970s. A true pioneer in the world of Electone music, Sekito's name--instantly recognizable in katakana--has left an indelible mark on the genre.This album showcases his signature artistry across eight captivating tracks, blending originals and covers with his distinct sonic palette. The cosmic allure of the original composition \\\"Amish At Dusk\\\" stands out among the set, while the Manhattan Transfer cover \\\"Twilight Zone, Twilight Tone\\\" brims with dynamic, fast-paced arrangements. Meanwhile, Sekito's take on The Crusaders' \\\"Rhapsody And Blues\\\" unfolds with a laid-back groove, gradually building into an uplifting crescendo. Drifting between chill-out and ambient sensibilities, 1985 captures a wistful, melancholic beauty-- where the rich textures of the Electone transport listeners into a world of nostalgia and dreamlike introspection. This final reissue in the series is a must-have for collectors and fans alike. Experience 1985 in its warm, analog glory, now on vinyl.\",\"breadcrumb\":{\"@id\":\"https:\/\/wpguerssen-test.odoo.rgbconsulting.com\/es\/producto\/special-sound-series-vol-5-artistic-electone\/#breadcrumb\"},\"inLanguage\":\"es\",\"potentialAction\":[{\"@type\":\"ReadAction\",\"target\":[\"https:\/\/wpguerssen-test.odoo.rgbconsulting.com\/es\/producto\/special-sound-series-vol-5-artistic-electone\/\"]}]},{\"@type\":\"ImageObject\",\"inLanguage\":\"es\",\"@id\":\"https:\/\/wpguerssen-test.odoo.rgbconsulting.com\/es\/producto\/special-sound-series-vol-5-artistic-electone\/#primaryimage\",\"url\":\"https:\/\/wpguerssen-test.odoo.rgbconsulting.com\/wp-content\/uploads\/2025\/02\/49866-scaled.jpg\",\"contentUrl\":\"https:\/\/wpguerssen-test.odoo.rgbconsulting.com\/wp-content\/uploads\/2025\/02\/49866-scaled.jpg\",\"width\":2560,\"height\":2560,\"caption\":\"Shigeo - Special Sound Series - Vol. 5: Artistic Electone - HOLY BASIL (LP) | Guerssen\"},{\"@type\":\"BreadcrumbList\",\"@id\":\"https:\/\/wpguerssen-test.odoo.rgbconsulting.com\/es\/producto\/special-sound-series-vol-5-artistic-electone\/#breadcrumb\",\"itemListElement\":[{\"@type\":\"ListItem\",\"position\":1,\"name\":\"Inicio\",\"item\":\"https:\/\/wpguerssen-test.odoo.rgbconsulting.com\/es\/\"},{\"@type\":\"ListItem\",\"position\":2,\"name\":\"Shop\",\"item\":\"https:\/\/wpguerssen-test.odoo.rgbconsulting.com\/shop\/\"},{\"@type\":\"ListItem\",\"position\":3,\"name\":\"Special Sound Series &#8211; Vol. 5: Artistic Electone\"}]},{\"@type\":\"WebSite\",\"@id\":\"https:\/\/wpguerssen-test.odoo.rgbconsulting.com\/es\/#website\",\"url\":\"https:\/\/wpguerssen-test.odoo.rgbconsulting.com\/es\/\",\"name\":\"Guerssen records\",\"description\":\"psychedelia - progressive - folk - garage \",\"publisher\":{\"@id\":\"https:\/\/wpguerssen-test.odoo.rgbconsulting.com\/es\/#organization\"},\"potentialAction\":[{\"@type\":\"SearchAction\",\"target\":{\"@type\":\"EntryPoint\",\"urlTemplate\":\"https:\/\/wpguerssen-test.odoo.rgbconsulting.com\/es\/?s={search_term_string}\"},\"query-input\":{\"@type\":\"PropertyValueSpecification\",\"valueRequired\":true,\"valueName\":\"search_term_string\"}}],\"inLanguage\":\"es\"},{\"@type\":\"Organization\",\"@id\":\"https:\/\/wpguerssen-test.odoo.rgbconsulting.com\/es\/#organization\",\"name\":\"Guerssen records\",\"url\":\"https:\/\/wpguerssen-test.odoo.rgbconsulting.com\/es\/\",\"logo\":{\"@type\":\"ImageObject\",\"inLanguage\":\"es\",\"@id\":\"https:\/\/wpguerssen-test.odoo.rgbconsulting.com\/es\/#\/schema\/logo\/image\/\",\"url\":\"https:\/\/wpguerssen-test.odoo.rgbconsulting.com\/wp-content\/uploads\/2022\/04\/Logo_Guerssen_trans_100.png\",\"contentUrl\":\"https:\/\/wpguerssen-test.odoo.rgbconsulting.com\/wp-content\/uploads\/2022\/04\/Logo_Guerssen_trans_100.png\",\"width\":122,\"height\":100,\"caption\":\"Guerssen records\"},\"image\":{\"@id\":\"https:\/\/wpguerssen-test.odoo.rgbconsulting.com\/es\/#\/schema\/logo\/image\/\"}}]}<\/script>\n<!-- \/ Yoast SEO plugin. -->","yoast_head_json":{"title":"SEKITO, Shigeo - Special Sound Series - Vol. 5: Artistic Electone -  (LP) | Guerssen","description":"Closing out the Special Sound Series in style, we are proud to present the long-awaited vinyl reissue of Shigeo Sekito's 1985, an instrumental masterpiece that arrived nearly a decade after his iconic Kareinaru Electone Special Sound Series of the 1970s. A true pioneer in the world of Electone music, Sekito's name--instantly recognizable in katakana--has left an indelible mark on the genre.This album showcases his signature artistry across eight captivating tracks, blending originals and covers with his distinct sonic palette. The cosmic allure of the original composition \"Amish At Dusk\" stands out among the set, while the Manhattan Transfer cover \"Twilight Zone, Twilight Tone\" brims with dynamic, fast-paced arrangements. Meanwhile, Sekito's take on The Crusaders' \"Rhapsody And Blues\" unfolds with a laid-back groove, gradually building into an uplifting crescendo. Drifting between chill-out and ambient sensibilities, 1985 captures a wistful, melancholic beauty-- where the rich textures of the Electone transport listeners into a world of nostalgia and dreamlike introspection. This final reissue in the series is a must-have for collectors and fans alike. Experience 1985 in its warm, analog glory, now on vinyl.","robots":{"index":"index","follow":"follow","max-snippet":"max-snippet:-1","max-image-preview":"max-image-preview:large","max-video-preview":"max-video-preview:-1"},"canonical":"https:\/\/wpguerssen-test.odoo.rgbconsulting.com\/es\/producto\/special-sound-series-vol-5-artistic-electone\/","og_locale":"es_ES","og_type":"article","og_title":"SEKITO, Shigeo - Special Sound Series - Vol. 5: Artistic Electone -  (LP) | Guerssen","og_description":"Closing out the Special Sound Series in style, we are proud to present the long-awaited vinyl reissue of Shigeo Sekito's 1985, an instrumental masterpiece that arrived nearly a decade after his iconic Kareinaru Electone Special Sound Series of the 1970s. A true pioneer in the world of Electone music, Sekito's name--instantly recognizable in katakana--has left an indelible mark on the genre.This album showcases his signature artistry across eight captivating tracks, blending originals and covers with his distinct sonic palette. The cosmic allure of the original composition \"Amish At Dusk\" stands out among the set, while the Manhattan Transfer cover \"Twilight Zone, Twilight Tone\" brims with dynamic, fast-paced arrangements. Meanwhile, Sekito's take on The Crusaders' \"Rhapsody And Blues\" unfolds with a laid-back groove, gradually building into an uplifting crescendo. Drifting between chill-out and ambient sensibilities, 1985 captures a wistful, melancholic beauty-- where the rich textures of the Electone transport listeners into a world of nostalgia and dreamlike introspection. This final reissue in the series is a must-have for collectors and fans alike. Experience 1985 in its warm, analog glory, now on vinyl.","og_url":"https:\/\/wpguerssen-test.odoo.rgbconsulting.com\/es\/producto\/special-sound-series-vol-5-artistic-electone\/","og_site_name":"Guerssen records","article_modified_time":"2025-04-01T15:49:26+00:00","og_image":[{"width":2560,"height":2560,"url":"https:\/\/wpguerssen-test.odoo.rgbconsulting.com\/wp-content\/uploads\/2025\/02\/49866-scaled.jpg","type":"image\/jpeg"}],"twitter_card":"summary_large_image","twitter_title":"SEKITO, Shigeo - Special Sound Series - Vol. 5: Artistic Electone -  (LP) | Guerssen","twitter_misc":{"Tiempo de lectura":"1 minuto"},"schema":{"@context":"https:\/\/schema.org","@graph":[{"@type":"WebPage","@id":"https:\/\/wpguerssen-test.odoo.rgbconsulting.com\/es\/producto\/special-sound-series-vol-5-artistic-electone\/","url":"https:\/\/wpguerssen-test.odoo.rgbconsulting.com\/es\/producto\/special-sound-series-vol-5-artistic-electone\/","name":"SEKITO, Shigeo - Special Sound Series - Vol. 5: Artistic Electone - (LP) | Guerssen","isPartOf":{"@id":"https:\/\/wpguerssen-test.odoo.rgbconsulting.com\/es\/#website"},"primaryImageOfPage":{"@id":"https:\/\/wpguerssen-test.odoo.rgbconsulting.com\/es\/producto\/special-sound-series-vol-5-artistic-electone\/#primaryimage"},"image":{"@id":"https:\/\/wpguerssen-test.odoo.rgbconsulting.com\/es\/producto\/special-sound-series-vol-5-artistic-electone\/#primaryimage"},"thumbnailUrl":"https:\/\/wpguerssen-test.odoo.rgbconsulting.com\/wp-content\/uploads\/2025\/02\/49866-scaled.jpg","datePublished":"2025-03-06T23:00:00+00:00","dateModified":"2025-04-01T15:49:26+00:00","description":"Closing out the Special Sound Series in style, we are proud to present the long-awaited vinyl reissue of Shigeo Sekito's 1985, an instrumental masterpiece that arrived nearly a decade after his iconic Kareinaru Electone Special Sound Series of the 1970s. A true pioneer in the world of Electone music, Sekito's name--instantly recognizable in katakana--has left an indelible mark on the genre.This album showcases his signature artistry across eight captivating tracks, blending originals and covers with his distinct sonic palette. The cosmic allure of the original composition \"Amish At Dusk\" stands out among the set, while the Manhattan Transfer cover \"Twilight Zone, Twilight Tone\" brims with dynamic, fast-paced arrangements. Meanwhile, Sekito's take on The Crusaders' \"Rhapsody And Blues\" unfolds with a laid-back groove, gradually building into an uplifting crescendo. Drifting between chill-out and ambient sensibilities, 1985 captures a wistful, melancholic beauty-- where the rich textures of the Electone transport listeners into a world of nostalgia and dreamlike introspection. This final reissue in the series is a must-have for collectors and fans alike. Experience 1985 in its warm, analog glory, now on vinyl.","breadcrumb":{"@id":"https:\/\/wpguerssen-test.odoo.rgbconsulting.com\/es\/producto\/special-sound-series-vol-5-artistic-electone\/#breadcrumb"},"inLanguage":"es","potentialAction":[{"@type":"ReadAction","target":["https:\/\/wpguerssen-test.odoo.rgbconsulting.com\/es\/producto\/special-sound-series-vol-5-artistic-electone\/"]}]},{"@type":"ImageObject","inLanguage":"es","@id":"https:\/\/wpguerssen-test.odoo.rgbconsulting.com\/es\/producto\/special-sound-series-vol-5-artistic-electone\/#primaryimage","url":"https:\/\/wpguerssen-test.odoo.rgbconsulting.com\/wp-content\/uploads\/2025\/02\/49866-scaled.jpg","contentUrl":"https:\/\/wpguerssen-test.odoo.rgbconsulting.com\/wp-content\/uploads\/2025\/02\/49866-scaled.jpg","width":2560,"height":2560,"caption":"Shigeo - Special Sound Series - Vol. 5: Artistic Electone - HOLY BASIL (LP) | Guerssen"},{"@type":"BreadcrumbList","@id":"https:\/\/wpguerssen-test.odoo.rgbconsulting.com\/es\/producto\/special-sound-series-vol-5-artistic-electone\/#breadcrumb","itemListElement":[{"@type":"ListItem","position":1,"name":"Inicio","item":"https:\/\/wpguerssen-test.odoo.rgbconsulting.com\/es\/"},{"@type":"ListItem","position":2,"name":"Shop","item":"https:\/\/wpguerssen-test.odoo.rgbconsulting.com\/shop\/"},{"@type":"ListItem","position":3,"name":"Special Sound Series &#8211; Vol. 5: Artistic Electone"}]},{"@type":"WebSite","@id":"https:\/\/wpguerssen-test.odoo.rgbconsulting.com\/es\/#website","url":"https:\/\/wpguerssen-test.odoo.rgbconsulting.com\/es\/","name":"Guerssen records","description":"psychedelia - progressive - folk - garage ","publisher":{"@id":"https:\/\/wpguerssen-test.odoo.rgbconsulting.com\/es\/#organization"},"potentialAction":[{"@type":"SearchAction","target":{"@type":"EntryPoint","urlTemplate":"https:\/\/wpguerssen-test.odoo.rgbconsulting.com\/es\/?s={search_term_string}"},"query-input":{"@type":"PropertyValueSpecification","valueRequired":true,"valueName":"search_term_string"}}],"inLanguage":"es"},{"@type":"Organization","@id":"https:\/\/wpguerssen-test.odoo.rgbconsulting.com\/es\/#organization","name":"Guerssen records","url":"https:\/\/wpguerssen-test.odoo.rgbconsulting.com\/es\/","logo":{"@type":"ImageObject","inLanguage":"es","@id":"https:\/\/wpguerssen-test.odoo.rgbconsulting.com\/es\/#\/schema\/logo\/image\/","url":"https:\/\/wpguerssen-test.odoo.rgbconsulting.com\/wp-content\/uploads\/2022\/04\/Logo_Guerssen_trans_100.png","contentUrl":"https:\/\/wpguerssen-test.odoo.rgbconsulting.com\/wp-content\/uploads\/2022\/04\/Logo_Guerssen_trans_100.png","width":122,"height":100,"caption":"Guerssen records"},"image":{"@id":"https:\/\/wpguerssen-test.odoo.rgbconsulting.com\/es\/#\/schema\/logo\/image\/"}}]}},"_links":{"self":[{"href":"https:\/\/wpguerssen-test.odoo.rgbconsulting.com\/es\/wp-json\/wp\/v2\/product\/283676","targetHints":{"allow":["GET"]}}],"collection":[{"href":"https:\/\/wpguerssen-test.odoo.rgbconsulting.com\/es\/wp-json\/wp\/v2\/product"}],"about":[{"href":"https:\/\/wpguerssen-test.odoo.rgbconsulting.com\/es\/wp-json\/wp\/v2\/types\/product"}],"wp:featuredmedia":[{"embeddable":true,"href":"https:\/\/wpguerssen-test.odoo.rgbconsulting.com\/es\/wp-json\/wp\/v2\/media\/283656"}],"wp:attachment":[{"href":"https:\/\/wpguerssen-test.odoo.rgbconsulting.com\/es\/wp-json\/wp\/v2\/media?parent=283676"}],"wp:term":[{"taxonomy":"product_brand","embeddable":true,"href":"https:\/\/wpguerssen-test.odoo.rgbconsulting.com\/es\/wp-json\/wp\/v2\/product_brand?post=283676"},{"taxonomy":"product_cat","embeddable":true,"href":"https:\/\/wpguerssen-test.odoo.rgbconsulting.com\/es\/wp-json\/wp\/v2\/product_cat?post=283676"},{"taxonomy":"product_tag","embeddable":true,"href":"https:\/\/wpguerssen-test.odoo.rgbconsulting.com\/es\/wp-json\/wp\/v2\/product_tag?post=283676"}],"curies":[{"name":"wp","href":"https:\/\/api.w.org\/{rel}","templated":true}]}}