{"id":283677,"date":"2025-03-05T00:00:00","date_gmt":"2025-03-04T23:00:00","guid":{"rendered":"https:\/\/wpguerssen-test.odoo.rgbconsulting.com\/product\/best-of-the-2tone-peel-sessions\/"},"modified":"2025-04-24T17:23:13","modified_gmt":"2025-04-24T15:23:13","slug":"best-of-the-2tone-peel-sessions","status":"publish","type":"product","link":"https:\/\/wpguerssen-test.odoo.rgbconsulting.com\/es\/producto\/best-of-the-2tone-peel-sessions\/","title":{"rendered":"Best Of The 2Tone Peel Sessions"},"content":{"rendered":"<p>\u00a1Qu\u00e9 delicia para la multitud rude! Una muestra de cada banda de 2Tone Ska que alguna vez haya grabado un Peel Seesion, con titanes del g\u00e9nero como The Specials, Madness, The Selecter, The Beat y The Bodysnatchers. Todas las bandas presentadas estaban en la cima de su carrera en el momento de la grabaci\u00f3n, lo que hace de este un viaje en\u00e9rgico a trav\u00e9s del cat\u00e1logo legendario de 2 Tone. \u00a114 pistas de la locura del Ska!<br \/>TRACKLIST<br \/>A SIDE:<br \/>1 &#8211; The Specials \/ Monkey Man  2 &#8211; Madness \/ The Prince  3 &#8211; The Selecter \/ Carry Go Bring Home  4 &#8211; The Beat \/ Tears of a Clown  5 &#8211; The Bodysnatchers \/ The Boiler  6 &#8211; The Beat \/ Click, Click  7 &#8211; The Specials \/ Rat Race<br \/>B SIDE:<br \/>1 &#8211; Madness \/ Bed And Breakfast Man  2 &#8211; The Specials \/ Rude Boys Outa Jail 3 &#8211; The Beat \/ Ranking Full Stop  4 &#8211; The Selecter \/ Street Feeling  5 &#8211; The Bodysnatchers \/ The Ghost of the Vox Continental  6 &#8211; The Specials \/ Racquel  7 &#8211; Madness \/ Land Of Hope And Glory<\/p>\n","protected":false},"excerpt":{"rendered":"<p>\u00a1Qu\u00e9 delicia para la multitud rude! Una muestra de cada banda de 2Tone Ska que alguna vez haya grabado un Peel Seesion, con titanes del g\u00e9nero como The Specials,<a class=\"read\" href=\"https:\/\/wpguerssen-test.odoo.rgbconsulting.com\/es\/producto\/best-of-the-2tone-peel-sessions\/\"> (...)<\/a>","protected":false},"featured_media":283659,"template":"","meta":{"_acf_changed":false},"product_brand":[],"product_cat":[21666],"product_tag":[24189],"class_list":{"0":"post-283677","1":"product","2":"type-product","3":"status-publish","4":"has-post-thumbnail","6":"product_cat-reggae-ska-dub-es","7":"product_tag-recien-llegadas","8":"pa_artist-various-artists-es","9":"pa_format-lp-es","10":"pa_gender-reggae-ska-dub","11":"pa_label-boot-beat","12":"pa_location-uk-ireland-es","13":"pa_other-filters-vinyl-only-es","15":"first","16":"instock","17":"taxable","18":"shipping-taxable","19":"purchasable","20":"product-type-simple"},"acf":[],"yoast_head":"<!-- This site is optimized with the Yoast SEO plugin v24.9 - https:\/\/yoast.com\/wordpress\/plugins\/seo\/ -->\n<title>VARIOUS ARTISTS - Best Of The 2Tone Peel Sessions -  (LP) | Guerssen<\/title>\n<meta name=\"description\" content=\"What a treat for the rude crowd this is! A taste of every 2Tone Ska band to ever record a Peel Seesion, with the likes of titans of the genre like The Specials, Madness, The Selecter, The Beat and The Bodysnatchers. All the bands featured were at the top of their game at the time of the recording, making this an energetic ride through 2 Tone&#039;s legendary catalog. 14 tracks of over the top Ska craze!TRACKLISTA SIDE:1 - The Specials \/ Monkey Man 2 - Madness \/ The Prince 3 - The Selecter \/ Carry Go Bring Home 4 - The Beat \/ Tears of a Clown 5 - The Bodysnatchers \/ The Boiler 6 - The Beat \/ Click, Click 7 - The Specials \/ Rat RaceB SIDE:1 - Madness \/ Bed And Breakfast Man 2 - The Specials \/ Rude Boys Outa Jail 3 - The Beat \/ Ranking Full Stop 4 - The Selecter \/ Street Feeling 5 - The Bodysnatchers \/ The Ghost of the Vox Continental 6 - The Specials \/ Racquel 7 - Madness \/ Land Of Hope And Glory\" \/>\n<meta name=\"robots\" content=\"index, follow, max-snippet:-1, max-image-preview:large, max-video-preview:-1\" \/>\n<link rel=\"canonical\" href=\"https:\/\/wpguerssen-test.odoo.rgbconsulting.com\/es\/producto\/best-of-the-2tone-peel-sessions\/\" \/>\n<meta property=\"og:locale\" content=\"es_ES\" \/>\n<meta property=\"og:type\" content=\"article\" \/>\n<meta property=\"og:title\" content=\"VARIOUS ARTISTS - Best Of The 2Tone Peel Sessions -  (LP) | Guerssen\" \/>\n<meta property=\"og:description\" content=\"What a treat for the rude crowd this is! A taste of every 2Tone Ska band to ever record a Peel Seesion, with the likes of titans of the genre like The Specials, Madness, The Selecter, The Beat and The Bodysnatchers. All the bands featured were at the top of their game at the time of the recording, making this an energetic ride through 2 Tone&#039;s legendary catalog. 14 tracks of over the top Ska craze!TRACKLISTA SIDE:1 - The Specials \/ Monkey Man 2 - Madness \/ The Prince 3 - The Selecter \/ Carry Go Bring Home 4 - The Beat \/ Tears of a Clown 5 - The Bodysnatchers \/ The Boiler 6 - The Beat \/ Click, Click 7 - The Specials \/ Rat RaceB SIDE:1 - Madness \/ Bed And Breakfast Man 2 - The Specials \/ Rude Boys Outa Jail 3 - The Beat \/ Ranking Full Stop 4 - The Selecter \/ Street Feeling 5 - The Bodysnatchers \/ The Ghost of the Vox Continental 6 - The Specials \/ Racquel 7 - Madness \/ Land Of Hope And Glory\" \/>\n<meta property=\"og:url\" content=\"https:\/\/wpguerssen-test.odoo.rgbconsulting.com\/es\/producto\/best-of-the-2tone-peel-sessions\/\" \/>\n<meta property=\"og:site_name\" content=\"Guerssen records\" \/>\n<meta property=\"article:modified_time\" content=\"2025-04-24T15:23:13+00:00\" \/>\n<meta property=\"og:image\" content=\"https:\/\/wpguerssen-test.odoo.rgbconsulting.com\/wp-content\/uploads\/2025\/02\/49867-scaled.jpg\" \/>\n\t<meta property=\"og:image:width\" content=\"2560\" \/>\n\t<meta property=\"og:image:height\" content=\"2560\" \/>\n\t<meta property=\"og:image:type\" content=\"image\/jpeg\" \/>\n<meta name=\"twitter:card\" content=\"summary_large_image\" \/>\n<meta name=\"twitter:title\" content=\"VARIOUS ARTISTS - Best Of The 2Tone Peel Sessions -  (LP) | Guerssen\" \/>\n<meta name=\"twitter:label1\" content=\"Tiempo de lectura\" \/>\n\t<meta name=\"twitter:data1\" content=\"1 minuto\" \/>\n<script type=\"application\/ld+json\" class=\"yoast-schema-graph\">{\"@context\":\"https:\/\/schema.org\",\"@graph\":[{\"@type\":\"WebPage\",\"@id\":\"https:\/\/wpguerssen-test.odoo.rgbconsulting.com\/es\/producto\/best-of-the-2tone-peel-sessions\/\",\"url\":\"https:\/\/wpguerssen-test.odoo.rgbconsulting.com\/es\/producto\/best-of-the-2tone-peel-sessions\/\",\"name\":\"VARIOUS ARTISTS - Best Of The 2Tone Peel Sessions - (LP) | Guerssen\",\"isPartOf\":{\"@id\":\"https:\/\/wpguerssen-test.odoo.rgbconsulting.com\/es\/#website\"},\"primaryImageOfPage\":{\"@id\":\"https:\/\/wpguerssen-test.odoo.rgbconsulting.com\/es\/producto\/best-of-the-2tone-peel-sessions\/#primaryimage\"},\"image\":{\"@id\":\"https:\/\/wpguerssen-test.odoo.rgbconsulting.com\/es\/producto\/best-of-the-2tone-peel-sessions\/#primaryimage\"},\"thumbnailUrl\":\"https:\/\/wpguerssen-test.odoo.rgbconsulting.com\/wp-content\/uploads\/2025\/02\/49867-scaled.jpg\",\"datePublished\":\"2025-03-04T23:00:00+00:00\",\"dateModified\":\"2025-04-24T15:23:13+00:00\",\"description\":\"What a treat for the rude crowd this is! A taste of every 2Tone Ska band to ever record a Peel Seesion, with the likes of titans of the genre like The Specials, Madness, The Selecter, The Beat and The Bodysnatchers. All the bands featured were at the top of their game at the time of the recording, making this an energetic ride through 2 Tone's legendary catalog. 14 tracks of over the top Ska craze!TRACKLISTA SIDE:1 - The Specials \/ Monkey Man 2 - Madness \/ The Prince 3 - The Selecter \/ Carry Go Bring Home 4 - The Beat \/ Tears of a Clown 5 - The Bodysnatchers \/ The Boiler 6 - The Beat \/ Click, Click 7 - The Specials \/ Rat RaceB SIDE:1 - Madness \/ Bed And Breakfast Man 2 - The Specials \/ Rude Boys Outa Jail 3 - The Beat \/ Ranking Full Stop 4 - The Selecter \/ Street Feeling 5 - The Bodysnatchers \/ The Ghost of the Vox Continental 6 - The Specials \/ Racquel 7 - Madness \/ Land Of Hope And Glory\",\"breadcrumb\":{\"@id\":\"https:\/\/wpguerssen-test.odoo.rgbconsulting.com\/es\/producto\/best-of-the-2tone-peel-sessions\/#breadcrumb\"},\"inLanguage\":\"es\",\"potentialAction\":[{\"@type\":\"ReadAction\",\"target\":[\"https:\/\/wpguerssen-test.odoo.rgbconsulting.com\/es\/producto\/best-of-the-2tone-peel-sessions\/\"]}]},{\"@type\":\"ImageObject\",\"inLanguage\":\"es\",\"@id\":\"https:\/\/wpguerssen-test.odoo.rgbconsulting.com\/es\/producto\/best-of-the-2tone-peel-sessions\/#primaryimage\",\"url\":\"https:\/\/wpguerssen-test.odoo.rgbconsulting.com\/wp-content\/uploads\/2025\/02\/49867-scaled.jpg\",\"contentUrl\":\"https:\/\/wpguerssen-test.odoo.rgbconsulting.com\/wp-content\/uploads\/2025\/02\/49867-scaled.jpg\",\"width\":2560,\"height\":2560},{\"@type\":\"BreadcrumbList\",\"@id\":\"https:\/\/wpguerssen-test.odoo.rgbconsulting.com\/es\/producto\/best-of-the-2tone-peel-sessions\/#breadcrumb\",\"itemListElement\":[{\"@type\":\"ListItem\",\"position\":1,\"name\":\"Inicio\",\"item\":\"https:\/\/wpguerssen-test.odoo.rgbconsulting.com\/es\/\"},{\"@type\":\"ListItem\",\"position\":2,\"name\":\"Shop\",\"item\":\"https:\/\/wpguerssen-test.odoo.rgbconsulting.com\/shop\/\"},{\"@type\":\"ListItem\",\"position\":3,\"name\":\"Best Of The 2Tone Peel Sessions\"}]},{\"@type\":\"WebSite\",\"@id\":\"https:\/\/wpguerssen-test.odoo.rgbconsulting.com\/es\/#website\",\"url\":\"https:\/\/wpguerssen-test.odoo.rgbconsulting.com\/es\/\",\"name\":\"Guerssen records\",\"description\":\"psychedelia - progressive - folk - garage \",\"publisher\":{\"@id\":\"https:\/\/wpguerssen-test.odoo.rgbconsulting.com\/es\/#organization\"},\"potentialAction\":[{\"@type\":\"SearchAction\",\"target\":{\"@type\":\"EntryPoint\",\"urlTemplate\":\"https:\/\/wpguerssen-test.odoo.rgbconsulting.com\/es\/?s={search_term_string}\"},\"query-input\":{\"@type\":\"PropertyValueSpecification\",\"valueRequired\":true,\"valueName\":\"search_term_string\"}}],\"inLanguage\":\"es\"},{\"@type\":\"Organization\",\"@id\":\"https:\/\/wpguerssen-test.odoo.rgbconsulting.com\/es\/#organization\",\"name\":\"Guerssen records\",\"url\":\"https:\/\/wpguerssen-test.odoo.rgbconsulting.com\/es\/\",\"logo\":{\"@type\":\"ImageObject\",\"inLanguage\":\"es\",\"@id\":\"https:\/\/wpguerssen-test.odoo.rgbconsulting.com\/es\/#\/schema\/logo\/image\/\",\"url\":\"https:\/\/wpguerssen-test.odoo.rgbconsulting.com\/wp-content\/uploads\/2022\/04\/Logo_Guerssen_trans_100.png\",\"contentUrl\":\"https:\/\/wpguerssen-test.odoo.rgbconsulting.com\/wp-content\/uploads\/2022\/04\/Logo_Guerssen_trans_100.png\",\"width\":122,\"height\":100,\"caption\":\"Guerssen records\"},\"image\":{\"@id\":\"https:\/\/wpguerssen-test.odoo.rgbconsulting.com\/es\/#\/schema\/logo\/image\/\"}}]}<\/script>\n<!-- \/ Yoast SEO plugin. -->","yoast_head_json":{"title":"VARIOUS ARTISTS - Best Of The 2Tone Peel Sessions -  (LP) | Guerssen","description":"What a treat for the rude crowd this is! A taste of every 2Tone Ska band to ever record a Peel Seesion, with the likes of titans of the genre like The Specials, Madness, The Selecter, The Beat and The Bodysnatchers. All the bands featured were at the top of their game at the time of the recording, making this an energetic ride through 2 Tone's legendary catalog. 14 tracks of over the top Ska craze!TRACKLISTA SIDE:1 - The Specials \/ Monkey Man 2 - Madness \/ The Prince 3 - The Selecter \/ Carry Go Bring Home 4 - The Beat \/ Tears of a Clown 5 - The Bodysnatchers \/ The Boiler 6 - The Beat \/ Click, Click 7 - The Specials \/ Rat RaceB SIDE:1 - Madness \/ Bed And Breakfast Man 2 - The Specials \/ Rude Boys Outa Jail 3 - The Beat \/ Ranking Full Stop 4 - The Selecter \/ Street Feeling 5 - The Bodysnatchers \/ The Ghost of the Vox Continental 6 - The Specials \/ Racquel 7 - Madness \/ Land Of Hope And Glory","robots":{"index":"index","follow":"follow","max-snippet":"max-snippet:-1","max-image-preview":"max-image-preview:large","max-video-preview":"max-video-preview:-1"},"canonical":"https:\/\/wpguerssen-test.odoo.rgbconsulting.com\/es\/producto\/best-of-the-2tone-peel-sessions\/","og_locale":"es_ES","og_type":"article","og_title":"VARIOUS ARTISTS - Best Of The 2Tone Peel Sessions -  (LP) | Guerssen","og_description":"What a treat for the rude crowd this is! A taste of every 2Tone Ska band to ever record a Peel Seesion, with the likes of titans of the genre like The Specials, Madness, The Selecter, The Beat and The Bodysnatchers. All the bands featured were at the top of their game at the time of the recording, making this an energetic ride through 2 Tone's legendary catalog. 14 tracks of over the top Ska craze!TRACKLISTA SIDE:1 - The Specials \/ Monkey Man 2 - Madness \/ The Prince 3 - The Selecter \/ Carry Go Bring Home 4 - The Beat \/ Tears of a Clown 5 - The Bodysnatchers \/ The Boiler 6 - The Beat \/ Click, Click 7 - The Specials \/ Rat RaceB SIDE:1 - Madness \/ Bed And Breakfast Man 2 - The Specials \/ Rude Boys Outa Jail 3 - The Beat \/ Ranking Full Stop 4 - The Selecter \/ Street Feeling 5 - The Bodysnatchers \/ The Ghost of the Vox Continental 6 - The Specials \/ Racquel 7 - Madness \/ Land Of Hope And Glory","og_url":"https:\/\/wpguerssen-test.odoo.rgbconsulting.com\/es\/producto\/best-of-the-2tone-peel-sessions\/","og_site_name":"Guerssen records","article_modified_time":"2025-04-24T15:23:13+00:00","og_image":[{"width":2560,"height":2560,"url":"https:\/\/wpguerssen-test.odoo.rgbconsulting.com\/wp-content\/uploads\/2025\/02\/49867-scaled.jpg","type":"image\/jpeg"}],"twitter_card":"summary_large_image","twitter_title":"VARIOUS ARTISTS - Best Of The 2Tone Peel Sessions -  (LP) | Guerssen","twitter_misc":{"Tiempo de lectura":"1 minuto"},"schema":{"@context":"https:\/\/schema.org","@graph":[{"@type":"WebPage","@id":"https:\/\/wpguerssen-test.odoo.rgbconsulting.com\/es\/producto\/best-of-the-2tone-peel-sessions\/","url":"https:\/\/wpguerssen-test.odoo.rgbconsulting.com\/es\/producto\/best-of-the-2tone-peel-sessions\/","name":"VARIOUS ARTISTS - Best Of The 2Tone Peel Sessions - (LP) | Guerssen","isPartOf":{"@id":"https:\/\/wpguerssen-test.odoo.rgbconsulting.com\/es\/#website"},"primaryImageOfPage":{"@id":"https:\/\/wpguerssen-test.odoo.rgbconsulting.com\/es\/producto\/best-of-the-2tone-peel-sessions\/#primaryimage"},"image":{"@id":"https:\/\/wpguerssen-test.odoo.rgbconsulting.com\/es\/producto\/best-of-the-2tone-peel-sessions\/#primaryimage"},"thumbnailUrl":"https:\/\/wpguerssen-test.odoo.rgbconsulting.com\/wp-content\/uploads\/2025\/02\/49867-scaled.jpg","datePublished":"2025-03-04T23:00:00+00:00","dateModified":"2025-04-24T15:23:13+00:00","description":"What a treat for the rude crowd this is! A taste of every 2Tone Ska band to ever record a Peel Seesion, with the likes of titans of the genre like The Specials, Madness, The Selecter, The Beat and The Bodysnatchers. All the bands featured were at the top of their game at the time of the recording, making this an energetic ride through 2 Tone's legendary catalog. 14 tracks of over the top Ska craze!TRACKLISTA SIDE:1 - The Specials \/ Monkey Man 2 - Madness \/ The Prince 3 - The Selecter \/ Carry Go Bring Home 4 - The Beat \/ Tears of a Clown 5 - The Bodysnatchers \/ The Boiler 6 - The Beat \/ Click, Click 7 - The Specials \/ Rat RaceB SIDE:1 - Madness \/ Bed And Breakfast Man 2 - The Specials \/ Rude Boys Outa Jail 3 - The Beat \/ Ranking Full Stop 4 - The Selecter \/ Street Feeling 5 - The Bodysnatchers \/ The Ghost of the Vox Continental 6 - The Specials \/ Racquel 7 - Madness \/ Land Of Hope And Glory","breadcrumb":{"@id":"https:\/\/wpguerssen-test.odoo.rgbconsulting.com\/es\/producto\/best-of-the-2tone-peel-sessions\/#breadcrumb"},"inLanguage":"es","potentialAction":[{"@type":"ReadAction","target":["https:\/\/wpguerssen-test.odoo.rgbconsulting.com\/es\/producto\/best-of-the-2tone-peel-sessions\/"]}]},{"@type":"ImageObject","inLanguage":"es","@id":"https:\/\/wpguerssen-test.odoo.rgbconsulting.com\/es\/producto\/best-of-the-2tone-peel-sessions\/#primaryimage","url":"https:\/\/wpguerssen-test.odoo.rgbconsulting.com\/wp-content\/uploads\/2025\/02\/49867-scaled.jpg","contentUrl":"https:\/\/wpguerssen-test.odoo.rgbconsulting.com\/wp-content\/uploads\/2025\/02\/49867-scaled.jpg","width":2560,"height":2560},{"@type":"BreadcrumbList","@id":"https:\/\/wpguerssen-test.odoo.rgbconsulting.com\/es\/producto\/best-of-the-2tone-peel-sessions\/#breadcrumb","itemListElement":[{"@type":"ListItem","position":1,"name":"Inicio","item":"https:\/\/wpguerssen-test.odoo.rgbconsulting.com\/es\/"},{"@type":"ListItem","position":2,"name":"Shop","item":"https:\/\/wpguerssen-test.odoo.rgbconsulting.com\/shop\/"},{"@type":"ListItem","position":3,"name":"Best Of The 2Tone Peel Sessions"}]},{"@type":"WebSite","@id":"https:\/\/wpguerssen-test.odoo.rgbconsulting.com\/es\/#website","url":"https:\/\/wpguerssen-test.odoo.rgbconsulting.com\/es\/","name":"Guerssen records","description":"psychedelia - progressive - folk - garage ","publisher":{"@id":"https:\/\/wpguerssen-test.odoo.rgbconsulting.com\/es\/#organization"},"potentialAction":[{"@type":"SearchAction","target":{"@type":"EntryPoint","urlTemplate":"https:\/\/wpguerssen-test.odoo.rgbconsulting.com\/es\/?s={search_term_string}"},"query-input":{"@type":"PropertyValueSpecification","valueRequired":true,"valueName":"search_term_string"}}],"inLanguage":"es"},{"@type":"Organization","@id":"https:\/\/wpguerssen-test.odoo.rgbconsulting.com\/es\/#organization","name":"Guerssen records","url":"https:\/\/wpguerssen-test.odoo.rgbconsulting.com\/es\/","logo":{"@type":"ImageObject","inLanguage":"es","@id":"https:\/\/wpguerssen-test.odoo.rgbconsulting.com\/es\/#\/schema\/logo\/image\/","url":"https:\/\/wpguerssen-test.odoo.rgbconsulting.com\/wp-content\/uploads\/2022\/04\/Logo_Guerssen_trans_100.png","contentUrl":"https:\/\/wpguerssen-test.odoo.rgbconsulting.com\/wp-content\/uploads\/2022\/04\/Logo_Guerssen_trans_100.png","width":122,"height":100,"caption":"Guerssen records"},"image":{"@id":"https:\/\/wpguerssen-test.odoo.rgbconsulting.com\/es\/#\/schema\/logo\/image\/"}}]}},"_links":{"self":[{"href":"https:\/\/wpguerssen-test.odoo.rgbconsulting.com\/es\/wp-json\/wp\/v2\/product\/283677","targetHints":{"allow":["GET"]}}],"collection":[{"href":"https:\/\/wpguerssen-test.odoo.rgbconsulting.com\/es\/wp-json\/wp\/v2\/product"}],"about":[{"href":"https:\/\/wpguerssen-test.odoo.rgbconsulting.com\/es\/wp-json\/wp\/v2\/types\/product"}],"wp:featuredmedia":[{"embeddable":true,"href":"https:\/\/wpguerssen-test.odoo.rgbconsulting.com\/es\/wp-json\/wp\/v2\/media\/283659"}],"wp:attachment":[{"href":"https:\/\/wpguerssen-test.odoo.rgbconsulting.com\/es\/wp-json\/wp\/v2\/media?parent=283677"}],"wp:term":[{"taxonomy":"product_brand","embeddable":true,"href":"https:\/\/wpguerssen-test.odoo.rgbconsulting.com\/es\/wp-json\/wp\/v2\/product_brand?post=283677"},{"taxonomy":"product_cat","embeddable":true,"href":"https:\/\/wpguerssen-test.odoo.rgbconsulting.com\/es\/wp-json\/wp\/v2\/product_cat?post=283677"},{"taxonomy":"product_tag","embeddable":true,"href":"https:\/\/wpguerssen-test.odoo.rgbconsulting.com\/es\/wp-json\/wp\/v2\/product_tag?post=283677"}],"curies":[{"name":"wp","href":"https:\/\/api.w.org\/{rel}","templated":true}]}}