{"id":283781,"date":"2025-03-31T00:00:00","date_gmt":"2025-03-30T22:00:00","guid":{"rendered":"https:\/\/wpguerssen-test.odoo.rgbconsulting.com\/product\/vol-4-jo-maka\/"},"modified":"2025-04-10T16:47:06","modified_gmt":"2025-04-10T14:47:06","slug":"vol-4-jo-maka","status":"publish","type":"product","link":"https:\/\/wpguerssen-test.odoo.rgbconsulting.com\/es\/producto\/vol-4-jo-maka\/","title":{"rendered":"Vol 4 Jo Maka"},"content":{"rendered":"<p>Amantes de la m\u00fasica de todos los pa\u00edses, \u00a1regoc\u00edjense! Aqu\u00ed ten\u00e9is la reedici\u00f3n del cuarto \u00e1lbum de la Intercommunal Free Dance Music Orchestra grabado con el saxofonista guineano Jo Maka. El t\u00edtulo lo dice todo: Vol.4 &#8211; Jo Maka. Pero antes de eso, un poco de historia&#8230;<br \/>La Orquesta Intercomunal de M\u00fasica de Baile Libre fue creada en 1971 por un \u00abveterano\u00bb del free jazz franc\u00e9s, Fran\u00e7ois Tusques. Free Jazz, era tambi\u00e9n el nombre de la grabaci\u00f3n realizada por el pianista y otros franceses de ideas afines (Michel Portal, Fran\u00e7ois Jeanneau, Bernard Vitet, Beb Gu\u00e9rin y Charles Saudrais) en 1965. Pero seis a\u00f1os despu\u00e9s, Tusques se hab\u00eda hartado del free jazz.<br \/>As\u00ed que fund\u00f3 Inter Communal, una asociaci\u00f3n con un nombre bajo el cual las diferentes comunidades pod\u00edan acercarse y componer, de forma sencilla. En 1976, en el primer disco: L&#8217;Inter Communal, ya podemos escuchar a Tusques tocando sin fronteras en compa\u00f1\u00eda de Carlos Andreu, Ramadolf, Michel Marre y Jo Maka (como conclusi\u00f3n de este Vol. 4, podemos escucharlos en 1977 en el Moulin de Prades Le Lez). Durante la siguiente d\u00e9cada, la asociaci\u00f3n prosigui\u00f3 con conciertos en el teatro Dunois, en 1980 y 1981 acogi\u00f3 a veteranos y nuevos miembros (Bernard Vitet, Jean-Jacques Avenel, Jacques Thollot, Sylvain Kassap&#8230;).<br \/>Si vol. 4 &#8211; Jo Maka es un homenaje al saxofonista guineano, fallecido unos meses antes del lanzamiento de esta selecci\u00f3n de grabaciones de conciertos, \u00a1y muestra tambi\u00e9n una orgullosa inspiraci\u00f3n colectiva! Con un pie en el blues y los o\u00eddos abiertos a todo lo dem\u00e1s, Tusques comienza con un lamento que la Compa\u00f1\u00eda r\u00e1pidamente se transforma en un baile alegre (\u00abVive la Commune\u00bb), teje una pieza de fiesta en toda regla (\u00abPoses ton fardeau et remets la machine en route\u00bb, \u00ab7 rue des pr\u00eacheurs\u00bb, \u00abMazir\u00bb) o se vuelve fabulosa con Mingus (\u00abFable Of Faubus\u00bb). Y ah\u00ed lo tienes, con tantas revoluciones Fran\u00e7ois Tusques casi ha vuelto al free jazz.<\/p>\n","protected":false},"excerpt":{"rendered":"<p>Amantes de la m\u00fasica de todos los pa\u00edses, \u00a1regoc\u00edjense! Aqu\u00ed ten\u00e9is la reedici\u00f3n del cuarto \u00e1lbum de la Intercommunal Free Dance Music Orchestra grabado con<a class=\"read\" href=\"https:\/\/wpguerssen-test.odoo.rgbconsulting.com\/es\/producto\/vol-4-jo-maka\/\"> (...)<\/a>","protected":false},"featured_media":283721,"template":"","meta":{"_acf_changed":false},"product_brand":[],"product_cat":[23218],"product_tag":[24189],"class_list":{"0":"post-283781","1":"product","2":"type-product","3":"status-publish","4":"has-post-thumbnail","6":"product_cat-free-jazz-es","7":"product_tag-recien-llegadas","8":"pa_artist-intercommunal-free-dance-music-orchestra","9":"pa_format-lp-es","10":"pa_gender-free-jazz","11":"pa_label-soufflecontinu","12":"pa_location-europe-es","13":"pa_other-filters-vinyl-only-es","15":"first","16":"instock","17":"taxable","18":"shipping-taxable","19":"purchasable","20":"product-type-simple"},"acf":[],"yoast_head":"<!-- This site is optimized with the Yoast SEO plugin v24.9 - https:\/\/yoast.com\/wordpress\/plugins\/seo\/ -->\n<title>INTERCOMMUNAL FREE DANCE MUSIC ORCHESTRA - Vol 4 Jo Maka -  (LP) | Guerssen<\/title>\n<meta name=\"description\" content=\"Music-lovers of all lands, rejoice! Here you have the rerelease of the fourth album of the Intercommunal Free Dance Music Orchestra recorded with the Guinean saxophonist Jo Maka. The title says it all: Vol.4 - Jo Maka. But before that, a bit of history...The Intercommunal Free Dance Music Orchestra was created in 1971 by an &quot;old hand&quot; of French free jazz, Fran\u00e7ois Tusques. Free Jazz, was also the name of the recording made by the pianist and other like-minded Frenchmen (Michel Portal, Fran\u00e7ois Jeanneau, Bernard Vitet, Beb Gu\u00e9rin and Charles Saudrais) in 1965. But, six years later Tusques had had his fill of free jazz.So he then founded the Inter Communal, an association a name under which the different communities could become closer and compose, simply. In 1976, on the first album: L&#039;Inter Communal, we can already hear Tusques playing without borders in the company of Carlos Andreu, Ramadolf, Michel Marre and Jo Maka (as a conclusion to this Vol. 4, we can hear them in 1977 at the Moulin de Prades Le Lez). Over the next decade, the, association kept going with concerts at the Dunois theatre, in 1980 and 1981, it welcomed old hands and new recruits (Bernard Vitet, Jean-Jacques Avenel, Jacques Thollot, Sylvain Kassap...).If Vol. 4 - Jo Maka is an homage to the Guinean saxophonist, who passed away a few months before the release of this selection of concert recordings, it also displays a proud collective inspiration! One foot in the blues, and ears open to everything else, Tusques begins with a lament that the Company rapidly transforms into a joyful dance (&quot;Vive la Commune&quot;), weaves a full-blown party piece (&quot;Poses ton fardeau et remets la machine en route&quot;, &quot;7 rue des pr\u00eacheurs&quot;, &quot;Mazir&quot;) or gets fabulous with Mingus (&quot;Fable Of Faubus&quot;). And there you have it, with so many revolutions Fran\u00e7ois Tusques is almost back to free jazz. So, your turn with the turntable!\" \/>\n<meta name=\"robots\" content=\"index, follow, max-snippet:-1, max-image-preview:large, max-video-preview:-1\" \/>\n<link rel=\"canonical\" href=\"https:\/\/wpguerssen-test.odoo.rgbconsulting.com\/es\/producto\/vol-4-jo-maka\/\" \/>\n<meta property=\"og:locale\" content=\"es_ES\" \/>\n<meta property=\"og:type\" content=\"article\" \/>\n<meta property=\"og:title\" content=\"INTERCOMMUNAL FREE DANCE MUSIC ORCHESTRA - Vol 4 Jo Maka -  (LP) | Guerssen\" \/>\n<meta property=\"og:description\" content=\"Music-lovers of all lands, rejoice! Here you have the rerelease of the fourth album of the Intercommunal Free Dance Music Orchestra recorded with the Guinean saxophonist Jo Maka. The title says it all: Vol.4 - Jo Maka. But before that, a bit of history...The Intercommunal Free Dance Music Orchestra was created in 1971 by an &quot;old hand&quot; of French free jazz, Fran\u00e7ois Tusques. Free Jazz, was also the name of the recording made by the pianist and other like-minded Frenchmen (Michel Portal, Fran\u00e7ois Jeanneau, Bernard Vitet, Beb Gu\u00e9rin and Charles Saudrais) in 1965. But, six years later Tusques had had his fill of free jazz.So he then founded the Inter Communal, an association a name under which the different communities could become closer and compose, simply. In 1976, on the first album: L&#039;Inter Communal, we can already hear Tusques playing without borders in the company of Carlos Andreu, Ramadolf, Michel Marre and Jo Maka (as a conclusion to this Vol. 4, we can hear them in 1977 at the Moulin de Prades Le Lez). Over the next decade, the, association kept going with concerts at the Dunois theatre, in 1980 and 1981, it welcomed old hands and new recruits (Bernard Vitet, Jean-Jacques Avenel, Jacques Thollot, Sylvain Kassap...).If Vol. 4 - Jo Maka is an homage to the Guinean saxophonist, who passed away a few months before the release of this selection of concert recordings, it also displays a proud collective inspiration! One foot in the blues, and ears open to everything else, Tusques begins with a lament that the Company rapidly transforms into a joyful dance (&quot;Vive la Commune&quot;), weaves a full-blown party piece (&quot;Poses ton fardeau et remets la machine en route&quot;, &quot;7 rue des pr\u00eacheurs&quot;, &quot;Mazir&quot;) or gets fabulous with Mingus (&quot;Fable Of Faubus&quot;). And there you have it, with so many revolutions Fran\u00e7ois Tusques is almost back to free jazz. So, your turn with the turntable!\" \/>\n<meta property=\"og:url\" content=\"https:\/\/wpguerssen-test.odoo.rgbconsulting.com\/es\/producto\/vol-4-jo-maka\/\" \/>\n<meta property=\"og:site_name\" content=\"Guerssen records\" \/>\n<meta property=\"article:modified_time\" content=\"2025-04-10T14:47:06+00:00\" \/>\n<meta property=\"og:image\" content=\"https:\/\/wpguerssen-test.odoo.rgbconsulting.com\/wp-content\/uploads\/2025\/02\/49880-scaled.jpg\" \/>\n\t<meta property=\"og:image:width\" content=\"2560\" \/>\n\t<meta property=\"og:image:height\" content=\"2560\" \/>\n\t<meta property=\"og:image:type\" content=\"image\/jpeg\" \/>\n<meta name=\"twitter:card\" content=\"summary_large_image\" \/>\n<meta name=\"twitter:title\" content=\"INTERCOMMUNAL FREE DANCE MUSIC ORCHESTRA - Vol 4 Jo Maka -  (LP) | Guerssen\" \/>\n<meta name=\"twitter:label1\" content=\"Tiempo de lectura\" \/>\n\t<meta name=\"twitter:data1\" content=\"2 minutos\" \/>\n<script type=\"application\/ld+json\" class=\"yoast-schema-graph\">{\"@context\":\"https:\/\/schema.org\",\"@graph\":[{\"@type\":\"WebPage\",\"@id\":\"https:\/\/wpguerssen-test.odoo.rgbconsulting.com\/es\/producto\/vol-4-jo-maka\/\",\"url\":\"https:\/\/wpguerssen-test.odoo.rgbconsulting.com\/es\/producto\/vol-4-jo-maka\/\",\"name\":\"INTERCOMMUNAL FREE DANCE MUSIC ORCHESTRA - Vol 4 Jo Maka - (LP) | Guerssen\",\"isPartOf\":{\"@id\":\"https:\/\/wpguerssen-test.odoo.rgbconsulting.com\/es\/#website\"},\"primaryImageOfPage\":{\"@id\":\"https:\/\/wpguerssen-test.odoo.rgbconsulting.com\/es\/producto\/vol-4-jo-maka\/#primaryimage\"},\"image\":{\"@id\":\"https:\/\/wpguerssen-test.odoo.rgbconsulting.com\/es\/producto\/vol-4-jo-maka\/#primaryimage\"},\"thumbnailUrl\":\"https:\/\/wpguerssen-test.odoo.rgbconsulting.com\/wp-content\/uploads\/2025\/02\/49880-scaled.jpg\",\"datePublished\":\"2025-03-30T22:00:00+00:00\",\"dateModified\":\"2025-04-10T14:47:06+00:00\",\"description\":\"Music-lovers of all lands, rejoice! Here you have the rerelease of the fourth album of the Intercommunal Free Dance Music Orchestra recorded with the Guinean saxophonist Jo Maka. The title says it all: Vol.4 - Jo Maka. But before that, a bit of history...The Intercommunal Free Dance Music Orchestra was created in 1971 by an \\\"old hand\\\" of French free jazz, Fran\u00e7ois Tusques. Free Jazz, was also the name of the recording made by the pianist and other like-minded Frenchmen (Michel Portal, Fran\u00e7ois Jeanneau, Bernard Vitet, Beb Gu\u00e9rin and Charles Saudrais) in 1965. But, six years later Tusques had had his fill of free jazz.So he then founded the Inter Communal, an association a name under which the different communities could become closer and compose, simply. In 1976, on the first album: L'Inter Communal, we can already hear Tusques playing without borders in the company of Carlos Andreu, Ramadolf, Michel Marre and Jo Maka (as a conclusion to this Vol. 4, we can hear them in 1977 at the Moulin de Prades Le Lez). Over the next decade, the, association kept going with concerts at the Dunois theatre, in 1980 and 1981, it welcomed old hands and new recruits (Bernard Vitet, Jean-Jacques Avenel, Jacques Thollot, Sylvain Kassap...).If Vol. 4 - Jo Maka is an homage to the Guinean saxophonist, who passed away a few months before the release of this selection of concert recordings, it also displays a proud collective inspiration! One foot in the blues, and ears open to everything else, Tusques begins with a lament that the Company rapidly transforms into a joyful dance (\\\"Vive la Commune\\\"), weaves a full-blown party piece (\\\"Poses ton fardeau et remets la machine en route\\\", \\\"7 rue des pr\u00eacheurs\\\", \\\"Mazir\\\") or gets fabulous with Mingus (\\\"Fable Of Faubus\\\"). And there you have it, with so many revolutions Fran\u00e7ois Tusques is almost back to free jazz. So, your turn with the turntable!\",\"breadcrumb\":{\"@id\":\"https:\/\/wpguerssen-test.odoo.rgbconsulting.com\/es\/producto\/vol-4-jo-maka\/#breadcrumb\"},\"inLanguage\":\"es\",\"potentialAction\":[{\"@type\":\"ReadAction\",\"target\":[\"https:\/\/wpguerssen-test.odoo.rgbconsulting.com\/es\/producto\/vol-4-jo-maka\/\"]}]},{\"@type\":\"ImageObject\",\"inLanguage\":\"es\",\"@id\":\"https:\/\/wpguerssen-test.odoo.rgbconsulting.com\/es\/producto\/vol-4-jo-maka\/#primaryimage\",\"url\":\"https:\/\/wpguerssen-test.odoo.rgbconsulting.com\/wp-content\/uploads\/2025\/02\/49880-scaled.jpg\",\"contentUrl\":\"https:\/\/wpguerssen-test.odoo.rgbconsulting.com\/wp-content\/uploads\/2025\/02\/49880-scaled.jpg\",\"width\":2560,\"height\":2560},{\"@type\":\"BreadcrumbList\",\"@id\":\"https:\/\/wpguerssen-test.odoo.rgbconsulting.com\/es\/producto\/vol-4-jo-maka\/#breadcrumb\",\"itemListElement\":[{\"@type\":\"ListItem\",\"position\":1,\"name\":\"Inicio\",\"item\":\"https:\/\/wpguerssen-test.odoo.rgbconsulting.com\/es\/\"},{\"@type\":\"ListItem\",\"position\":2,\"name\":\"Shop\",\"item\":\"https:\/\/wpguerssen-test.odoo.rgbconsulting.com\/shop\/\"},{\"@type\":\"ListItem\",\"position\":3,\"name\":\"Vol 4 Jo Maka\"}]},{\"@type\":\"WebSite\",\"@id\":\"https:\/\/wpguerssen-test.odoo.rgbconsulting.com\/es\/#website\",\"url\":\"https:\/\/wpguerssen-test.odoo.rgbconsulting.com\/es\/\",\"name\":\"Guerssen records\",\"description\":\"psychedelia - progressive - folk - garage \",\"publisher\":{\"@id\":\"https:\/\/wpguerssen-test.odoo.rgbconsulting.com\/es\/#organization\"},\"potentialAction\":[{\"@type\":\"SearchAction\",\"target\":{\"@type\":\"EntryPoint\",\"urlTemplate\":\"https:\/\/wpguerssen-test.odoo.rgbconsulting.com\/es\/?s={search_term_string}\"},\"query-input\":{\"@type\":\"PropertyValueSpecification\",\"valueRequired\":true,\"valueName\":\"search_term_string\"}}],\"inLanguage\":\"es\"},{\"@type\":\"Organization\",\"@id\":\"https:\/\/wpguerssen-test.odoo.rgbconsulting.com\/es\/#organization\",\"name\":\"Guerssen records\",\"url\":\"https:\/\/wpguerssen-test.odoo.rgbconsulting.com\/es\/\",\"logo\":{\"@type\":\"ImageObject\",\"inLanguage\":\"es\",\"@id\":\"https:\/\/wpguerssen-test.odoo.rgbconsulting.com\/es\/#\/schema\/logo\/image\/\",\"url\":\"https:\/\/wpguerssen-test.odoo.rgbconsulting.com\/wp-content\/uploads\/2022\/04\/Logo_Guerssen_trans_100.png\",\"contentUrl\":\"https:\/\/wpguerssen-test.odoo.rgbconsulting.com\/wp-content\/uploads\/2022\/04\/Logo_Guerssen_trans_100.png\",\"width\":122,\"height\":100,\"caption\":\"Guerssen records\"},\"image\":{\"@id\":\"https:\/\/wpguerssen-test.odoo.rgbconsulting.com\/es\/#\/schema\/logo\/image\/\"}}]}<\/script>\n<!-- \/ Yoast SEO plugin. -->","yoast_head_json":{"title":"INTERCOMMUNAL FREE DANCE MUSIC ORCHESTRA - Vol 4 Jo Maka -  (LP) | Guerssen","description":"Music-lovers of all lands, rejoice! Here you have the rerelease of the fourth album of the Intercommunal Free Dance Music Orchestra recorded with the Guinean saxophonist Jo Maka. The title says it all: Vol.4 - Jo Maka. But before that, a bit of history...The Intercommunal Free Dance Music Orchestra was created in 1971 by an \"old hand\" of French free jazz, Fran\u00e7ois Tusques. Free Jazz, was also the name of the recording made by the pianist and other like-minded Frenchmen (Michel Portal, Fran\u00e7ois Jeanneau, Bernard Vitet, Beb Gu\u00e9rin and Charles Saudrais) in 1965. But, six years later Tusques had had his fill of free jazz.So he then founded the Inter Communal, an association a name under which the different communities could become closer and compose, simply. In 1976, on the first album: L'Inter Communal, we can already hear Tusques playing without borders in the company of Carlos Andreu, Ramadolf, Michel Marre and Jo Maka (as a conclusion to this Vol. 4, we can hear them in 1977 at the Moulin de Prades Le Lez). Over the next decade, the, association kept going with concerts at the Dunois theatre, in 1980 and 1981, it welcomed old hands and new recruits (Bernard Vitet, Jean-Jacques Avenel, Jacques Thollot, Sylvain Kassap...).If Vol. 4 - Jo Maka is an homage to the Guinean saxophonist, who passed away a few months before the release of this selection of concert recordings, it also displays a proud collective inspiration! One foot in the blues, and ears open to everything else, Tusques begins with a lament that the Company rapidly transforms into a joyful dance (\"Vive la Commune\"), weaves a full-blown party piece (\"Poses ton fardeau et remets la machine en route\", \"7 rue des pr\u00eacheurs\", \"Mazir\") or gets fabulous with Mingus (\"Fable Of Faubus\"). And there you have it, with so many revolutions Fran\u00e7ois Tusques is almost back to free jazz. So, your turn with the turntable!","robots":{"index":"index","follow":"follow","max-snippet":"max-snippet:-1","max-image-preview":"max-image-preview:large","max-video-preview":"max-video-preview:-1"},"canonical":"https:\/\/wpguerssen-test.odoo.rgbconsulting.com\/es\/producto\/vol-4-jo-maka\/","og_locale":"es_ES","og_type":"article","og_title":"INTERCOMMUNAL FREE DANCE MUSIC ORCHESTRA - Vol 4 Jo Maka -  (LP) | Guerssen","og_description":"Music-lovers of all lands, rejoice! Here you have the rerelease of the fourth album of the Intercommunal Free Dance Music Orchestra recorded with the Guinean saxophonist Jo Maka. The title says it all: Vol.4 - Jo Maka. But before that, a bit of history...The Intercommunal Free Dance Music Orchestra was created in 1971 by an \"old hand\" of French free jazz, Fran\u00e7ois Tusques. Free Jazz, was also the name of the recording made by the pianist and other like-minded Frenchmen (Michel Portal, Fran\u00e7ois Jeanneau, Bernard Vitet, Beb Gu\u00e9rin and Charles Saudrais) in 1965. But, six years later Tusques had had his fill of free jazz.So he then founded the Inter Communal, an association a name under which the different communities could become closer and compose, simply. In 1976, on the first album: L'Inter Communal, we can already hear Tusques playing without borders in the company of Carlos Andreu, Ramadolf, Michel Marre and Jo Maka (as a conclusion to this Vol. 4, we can hear them in 1977 at the Moulin de Prades Le Lez). Over the next decade, the, association kept going with concerts at the Dunois theatre, in 1980 and 1981, it welcomed old hands and new recruits (Bernard Vitet, Jean-Jacques Avenel, Jacques Thollot, Sylvain Kassap...).If Vol. 4 - Jo Maka is an homage to the Guinean saxophonist, who passed away a few months before the release of this selection of concert recordings, it also displays a proud collective inspiration! One foot in the blues, and ears open to everything else, Tusques begins with a lament that the Company rapidly transforms into a joyful dance (\"Vive la Commune\"), weaves a full-blown party piece (\"Poses ton fardeau et remets la machine en route\", \"7 rue des pr\u00eacheurs\", \"Mazir\") or gets fabulous with Mingus (\"Fable Of Faubus\"). And there you have it, with so many revolutions Fran\u00e7ois Tusques is almost back to free jazz. So, your turn with the turntable!","og_url":"https:\/\/wpguerssen-test.odoo.rgbconsulting.com\/es\/producto\/vol-4-jo-maka\/","og_site_name":"Guerssen records","article_modified_time":"2025-04-10T14:47:06+00:00","og_image":[{"width":2560,"height":2560,"url":"https:\/\/wpguerssen-test.odoo.rgbconsulting.com\/wp-content\/uploads\/2025\/02\/49880-scaled.jpg","type":"image\/jpeg"}],"twitter_card":"summary_large_image","twitter_title":"INTERCOMMUNAL FREE DANCE MUSIC ORCHESTRA - Vol 4 Jo Maka -  (LP) | Guerssen","twitter_misc":{"Tiempo de lectura":"2 minutos"},"schema":{"@context":"https:\/\/schema.org","@graph":[{"@type":"WebPage","@id":"https:\/\/wpguerssen-test.odoo.rgbconsulting.com\/es\/producto\/vol-4-jo-maka\/","url":"https:\/\/wpguerssen-test.odoo.rgbconsulting.com\/es\/producto\/vol-4-jo-maka\/","name":"INTERCOMMUNAL FREE DANCE MUSIC ORCHESTRA - Vol 4 Jo Maka - (LP) | Guerssen","isPartOf":{"@id":"https:\/\/wpguerssen-test.odoo.rgbconsulting.com\/es\/#website"},"primaryImageOfPage":{"@id":"https:\/\/wpguerssen-test.odoo.rgbconsulting.com\/es\/producto\/vol-4-jo-maka\/#primaryimage"},"image":{"@id":"https:\/\/wpguerssen-test.odoo.rgbconsulting.com\/es\/producto\/vol-4-jo-maka\/#primaryimage"},"thumbnailUrl":"https:\/\/wpguerssen-test.odoo.rgbconsulting.com\/wp-content\/uploads\/2025\/02\/49880-scaled.jpg","datePublished":"2025-03-30T22:00:00+00:00","dateModified":"2025-04-10T14:47:06+00:00","description":"Music-lovers of all lands, rejoice! Here you have the rerelease of the fourth album of the Intercommunal Free Dance Music Orchestra recorded with the Guinean saxophonist Jo Maka. The title says it all: Vol.4 - Jo Maka. But before that, a bit of history...The Intercommunal Free Dance Music Orchestra was created in 1971 by an \"old hand\" of French free jazz, Fran\u00e7ois Tusques. Free Jazz, was also the name of the recording made by the pianist and other like-minded Frenchmen (Michel Portal, Fran\u00e7ois Jeanneau, Bernard Vitet, Beb Gu\u00e9rin and Charles Saudrais) in 1965. But, six years later Tusques had had his fill of free jazz.So he then founded the Inter Communal, an association a name under which the different communities could become closer and compose, simply. In 1976, on the first album: L'Inter Communal, we can already hear Tusques playing without borders in the company of Carlos Andreu, Ramadolf, Michel Marre and Jo Maka (as a conclusion to this Vol. 4, we can hear them in 1977 at the Moulin de Prades Le Lez). Over the next decade, the, association kept going with concerts at the Dunois theatre, in 1980 and 1981, it welcomed old hands and new recruits (Bernard Vitet, Jean-Jacques Avenel, Jacques Thollot, Sylvain Kassap...).If Vol. 4 - Jo Maka is an homage to the Guinean saxophonist, who passed away a few months before the release of this selection of concert recordings, it also displays a proud collective inspiration! One foot in the blues, and ears open to everything else, Tusques begins with a lament that the Company rapidly transforms into a joyful dance (\"Vive la Commune\"), weaves a full-blown party piece (\"Poses ton fardeau et remets la machine en route\", \"7 rue des pr\u00eacheurs\", \"Mazir\") or gets fabulous with Mingus (\"Fable Of Faubus\"). And there you have it, with so many revolutions Fran\u00e7ois Tusques is almost back to free jazz. So, your turn with the turntable!","breadcrumb":{"@id":"https:\/\/wpguerssen-test.odoo.rgbconsulting.com\/es\/producto\/vol-4-jo-maka\/#breadcrumb"},"inLanguage":"es","potentialAction":[{"@type":"ReadAction","target":["https:\/\/wpguerssen-test.odoo.rgbconsulting.com\/es\/producto\/vol-4-jo-maka\/"]}]},{"@type":"ImageObject","inLanguage":"es","@id":"https:\/\/wpguerssen-test.odoo.rgbconsulting.com\/es\/producto\/vol-4-jo-maka\/#primaryimage","url":"https:\/\/wpguerssen-test.odoo.rgbconsulting.com\/wp-content\/uploads\/2025\/02\/49880-scaled.jpg","contentUrl":"https:\/\/wpguerssen-test.odoo.rgbconsulting.com\/wp-content\/uploads\/2025\/02\/49880-scaled.jpg","width":2560,"height":2560},{"@type":"BreadcrumbList","@id":"https:\/\/wpguerssen-test.odoo.rgbconsulting.com\/es\/producto\/vol-4-jo-maka\/#breadcrumb","itemListElement":[{"@type":"ListItem","position":1,"name":"Inicio","item":"https:\/\/wpguerssen-test.odoo.rgbconsulting.com\/es\/"},{"@type":"ListItem","position":2,"name":"Shop","item":"https:\/\/wpguerssen-test.odoo.rgbconsulting.com\/shop\/"},{"@type":"ListItem","position":3,"name":"Vol 4 Jo Maka"}]},{"@type":"WebSite","@id":"https:\/\/wpguerssen-test.odoo.rgbconsulting.com\/es\/#website","url":"https:\/\/wpguerssen-test.odoo.rgbconsulting.com\/es\/","name":"Guerssen records","description":"psychedelia - progressive - folk - garage ","publisher":{"@id":"https:\/\/wpguerssen-test.odoo.rgbconsulting.com\/es\/#organization"},"potentialAction":[{"@type":"SearchAction","target":{"@type":"EntryPoint","urlTemplate":"https:\/\/wpguerssen-test.odoo.rgbconsulting.com\/es\/?s={search_term_string}"},"query-input":{"@type":"PropertyValueSpecification","valueRequired":true,"valueName":"search_term_string"}}],"inLanguage":"es"},{"@type":"Organization","@id":"https:\/\/wpguerssen-test.odoo.rgbconsulting.com\/es\/#organization","name":"Guerssen records","url":"https:\/\/wpguerssen-test.odoo.rgbconsulting.com\/es\/","logo":{"@type":"ImageObject","inLanguage":"es","@id":"https:\/\/wpguerssen-test.odoo.rgbconsulting.com\/es\/#\/schema\/logo\/image\/","url":"https:\/\/wpguerssen-test.odoo.rgbconsulting.com\/wp-content\/uploads\/2022\/04\/Logo_Guerssen_trans_100.png","contentUrl":"https:\/\/wpguerssen-test.odoo.rgbconsulting.com\/wp-content\/uploads\/2022\/04\/Logo_Guerssen_trans_100.png","width":122,"height":100,"caption":"Guerssen records"},"image":{"@id":"https:\/\/wpguerssen-test.odoo.rgbconsulting.com\/es\/#\/schema\/logo\/image\/"}}]}},"_links":{"self":[{"href":"https:\/\/wpguerssen-test.odoo.rgbconsulting.com\/es\/wp-json\/wp\/v2\/product\/283781","targetHints":{"allow":["GET"]}}],"collection":[{"href":"https:\/\/wpguerssen-test.odoo.rgbconsulting.com\/es\/wp-json\/wp\/v2\/product"}],"about":[{"href":"https:\/\/wpguerssen-test.odoo.rgbconsulting.com\/es\/wp-json\/wp\/v2\/types\/product"}],"wp:featuredmedia":[{"embeddable":true,"href":"https:\/\/wpguerssen-test.odoo.rgbconsulting.com\/es\/wp-json\/wp\/v2\/media\/283721"}],"wp:attachment":[{"href":"https:\/\/wpguerssen-test.odoo.rgbconsulting.com\/es\/wp-json\/wp\/v2\/media?parent=283781"}],"wp:term":[{"taxonomy":"product_brand","embeddable":true,"href":"https:\/\/wpguerssen-test.odoo.rgbconsulting.com\/es\/wp-json\/wp\/v2\/product_brand?post=283781"},{"taxonomy":"product_cat","embeddable":true,"href":"https:\/\/wpguerssen-test.odoo.rgbconsulting.com\/es\/wp-json\/wp\/v2\/product_cat?post=283781"},{"taxonomy":"product_tag","embeddable":true,"href":"https:\/\/wpguerssen-test.odoo.rgbconsulting.com\/es\/wp-json\/wp\/v2\/product_tag?post=283781"}],"curies":[{"name":"wp","href":"https:\/\/api.w.org\/{rel}","templated":true}]}}