{"id":283887,"date":"2025-03-07T00:00:00","date_gmt":"2025-03-06T23:00:00","guid":{"rendered":"https:\/\/wpguerssen-test.odoo.rgbconsulting.com\/product\/bbc-collection-77-78\/"},"modified":"2025-04-16T18:33:51","modified_gmt":"2025-04-16T16:33:51","slug":"bbc-collection-77-78","status":"publish","type":"product","link":"https:\/\/wpguerssen-test.odoo.rgbconsulting.com\/es\/producto\/bbc-collection-77-78\/","title":{"rendered":"BBC Collection 77-78"},"content":{"rendered":"<p>En el momento de sus dos primeros \u00e1lbumes, \u00abIn The City\u00bb de 1977 y \u00abThis Is The Modern World\u00bb de 1978, Paul Weller, Bruce Foxton y Rick Buckler eran invitados frecuentes en las sesiones de radio organizadas por la estaci\u00f3n de radio p\u00fablica brit\u00e1nica. Este \u00e1lbum recopila 16 interpretaciones de la \u00e9poca, con cinco temas del \u00e1lbum debut, seis del sucesor, caras A (&#8216;All Around The World&#8217;, &#8216;News Of The World&#8217;, \u00bbA&#8217; Bomb In Wardour Street&#8217;) y caras B (&#8216;Carnaby Street&#8217;) de los sencillos y un adelanto del siguiente &#8216;All Mod Cons&#8217; (&#8216;Billy Hunt&#8217;). Actuaciones incendiarias en un estilo que combinaba punk y new wave contempor\u00e1neo con ritmos mod de los 60 con fuertes reminiscencias de The Who y The Kinks, mientras el talento compositor de Weller ya estaba dando sus frutos maduros.<\/p>\n","protected":false},"excerpt":{"rendered":"<p>En el momento de sus dos primeros \u00e1lbumes, \u00abIn The City\u00bb de 1977 y \u00abThis Is The Modern World\u00bb de 1978, Paul Weller, Bruce Foxton y Rick Buckler eran invitados<a class=\"read\" href=\"https:\/\/wpguerssen-test.odoo.rgbconsulting.com\/es\/producto\/bbc-collection-77-78\/\"> (...)<\/a>","protected":false},"featured_media":283867,"template":"","meta":{"_acf_changed":false},"product_brand":[],"product_cat":[23283,21650],"product_tag":[24189],"class_list":{"0":"post-283887","1":"product","2":"type-product","3":"status-publish","4":"has-post-thumbnail","6":"product_cat-garagebeatrnb80-90-es","7":"product_cat-punk-es","8":"product_tag-recien-llegadas","9":"pa_artist-jam-the-es-2","10":"pa_format-lp-es","11":"pa_gender-punk-garagebeatrnb80-90","12":"pa_label-cult-legends","13":"pa_location-uk-ireland-es","14":"pa_other-filters-vinyl-only-es","16":"first","17":"instock","18":"taxable","19":"shipping-taxable","20":"purchasable","21":"product-type-simple"},"acf":[],"yoast_head":"<!-- This site is optimized with the Yoast SEO plugin v24.9 - https:\/\/yoast.com\/wordpress\/plugins\/seo\/ -->\n<title>JAM, The - BBC Collection 77-78 -  (LP) | Guerssen<\/title>\n<meta name=\"description\" content=\"At the time of their first two albums - 1977&#039;s &quot;In The City&quot; and 1978&#039;s &#039;This Is The Modern World&#039; - Paul Weller, Bruce Foxton and Rick Buckler were frequent guests at radio sessions organized by the British public radio station. This album collects 16 performances from the period, with five tracks from the debut album, six from the successor, A-sides (&#039;All Around The World&#039;, &#039;News Of The World&#039;, &#039;&#039;A&#039; Bomb In Wardour Street&#039;) and B-sides (&#039;Carnaby Street&#039;) of singles and a sneak peek from the follow-up &#039;All Mod Cons&#039; (&#039;Billy Hunt&#039;). Incendiary performances in a style that combined punk and contemporary new wave with 60s mod beat with strong reminiscences of The Who and The Kinks, while Weller&#039;s songwriting talent was already bearing ripe fruit.\" \/>\n<meta name=\"robots\" content=\"index, follow, max-snippet:-1, max-image-preview:large, max-video-preview:-1\" \/>\n<link rel=\"canonical\" href=\"https:\/\/wpguerssen-test.odoo.rgbconsulting.com\/es\/producto\/bbc-collection-77-78\/\" \/>\n<meta property=\"og:locale\" content=\"es_ES\" \/>\n<meta property=\"og:type\" content=\"article\" \/>\n<meta property=\"og:title\" content=\"JAM, The - BBC Collection 77-78 -  (LP) | Guerssen\" \/>\n<meta property=\"og:description\" content=\"At the time of their first two albums - 1977&#039;s &quot;In The City&quot; and 1978&#039;s &#039;This Is The Modern World&#039; - Paul Weller, Bruce Foxton and Rick Buckler were frequent guests at radio sessions organized by the British public radio station. This album collects 16 performances from the period, with five tracks from the debut album, six from the successor, A-sides (&#039;All Around The World&#039;, &#039;News Of The World&#039;, &#039;&#039;A&#039; Bomb In Wardour Street&#039;) and B-sides (&#039;Carnaby Street&#039;) of singles and a sneak peek from the follow-up &#039;All Mod Cons&#039; (&#039;Billy Hunt&#039;). Incendiary performances in a style that combined punk and contemporary new wave with 60s mod beat with strong reminiscences of The Who and The Kinks, while Weller&#039;s songwriting talent was already bearing ripe fruit.\" \/>\n<meta property=\"og:url\" content=\"https:\/\/wpguerssen-test.odoo.rgbconsulting.com\/es\/producto\/bbc-collection-77-78\/\" \/>\n<meta property=\"og:site_name\" content=\"Guerssen records\" \/>\n<meta property=\"article:modified_time\" content=\"2025-04-16T16:33:51+00:00\" \/>\n<meta property=\"og:image\" content=\"https:\/\/wpguerssen-test.odoo.rgbconsulting.com\/wp-content\/uploads\/2025\/02\/49896.jpg\" \/>\n\t<meta property=\"og:image:width\" content=\"700\" \/>\n\t<meta property=\"og:image:height\" content=\"700\" \/>\n\t<meta property=\"og:image:type\" content=\"image\/jpeg\" \/>\n<meta name=\"twitter:card\" content=\"summary_large_image\" \/>\n<meta name=\"twitter:title\" content=\"JAM, The - BBC Collection 77-78 -  (LP) | Guerssen\" \/>\n<meta name=\"twitter:label1\" content=\"Tiempo de lectura\" \/>\n\t<meta name=\"twitter:data1\" content=\"1 minuto\" \/>\n<script type=\"application\/ld+json\" class=\"yoast-schema-graph\">{\"@context\":\"https:\/\/schema.org\",\"@graph\":[{\"@type\":\"WebPage\",\"@id\":\"https:\/\/wpguerssen-test.odoo.rgbconsulting.com\/es\/producto\/bbc-collection-77-78\/\",\"url\":\"https:\/\/wpguerssen-test.odoo.rgbconsulting.com\/es\/producto\/bbc-collection-77-78\/\",\"name\":\"JAM, The - BBC Collection 77-78 - (LP) | Guerssen\",\"isPartOf\":{\"@id\":\"https:\/\/wpguerssen-test.odoo.rgbconsulting.com\/es\/#website\"},\"primaryImageOfPage\":{\"@id\":\"https:\/\/wpguerssen-test.odoo.rgbconsulting.com\/es\/producto\/bbc-collection-77-78\/#primaryimage\"},\"image\":{\"@id\":\"https:\/\/wpguerssen-test.odoo.rgbconsulting.com\/es\/producto\/bbc-collection-77-78\/#primaryimage\"},\"thumbnailUrl\":\"https:\/\/wpguerssen-test.odoo.rgbconsulting.com\/wp-content\/uploads\/2025\/02\/49896.jpg\",\"datePublished\":\"2025-03-06T23:00:00+00:00\",\"dateModified\":\"2025-04-16T16:33:51+00:00\",\"description\":\"At the time of their first two albums - 1977's \\\"In The City\\\" and 1978's 'This Is The Modern World' - Paul Weller, Bruce Foxton and Rick Buckler were frequent guests at radio sessions organized by the British public radio station. This album collects 16 performances from the period, with five tracks from the debut album, six from the successor, A-sides ('All Around The World', 'News Of The World', ''A' Bomb In Wardour Street') and B-sides ('Carnaby Street') of singles and a sneak peek from the follow-up 'All Mod Cons' ('Billy Hunt'). Incendiary performances in a style that combined punk and contemporary new wave with 60s mod beat with strong reminiscences of The Who and The Kinks, while Weller's songwriting talent was already bearing ripe fruit.\",\"breadcrumb\":{\"@id\":\"https:\/\/wpguerssen-test.odoo.rgbconsulting.com\/es\/producto\/bbc-collection-77-78\/#breadcrumb\"},\"inLanguage\":\"es\",\"potentialAction\":[{\"@type\":\"ReadAction\",\"target\":[\"https:\/\/wpguerssen-test.odoo.rgbconsulting.com\/es\/producto\/bbc-collection-77-78\/\"]}]},{\"@type\":\"ImageObject\",\"inLanguage\":\"es\",\"@id\":\"https:\/\/wpguerssen-test.odoo.rgbconsulting.com\/es\/producto\/bbc-collection-77-78\/#primaryimage\",\"url\":\"https:\/\/wpguerssen-test.odoo.rgbconsulting.com\/wp-content\/uploads\/2025\/02\/49896.jpg\",\"contentUrl\":\"https:\/\/wpguerssen-test.odoo.rgbconsulting.com\/wp-content\/uploads\/2025\/02\/49896.jpg\",\"width\":700,\"height\":700,\"caption\":\"The - BBC Collection 77-78 - CULT LEGENDS (LP) | Guerssen\"},{\"@type\":\"BreadcrumbList\",\"@id\":\"https:\/\/wpguerssen-test.odoo.rgbconsulting.com\/es\/producto\/bbc-collection-77-78\/#breadcrumb\",\"itemListElement\":[{\"@type\":\"ListItem\",\"position\":1,\"name\":\"Inicio\",\"item\":\"https:\/\/wpguerssen-test.odoo.rgbconsulting.com\/es\/\"},{\"@type\":\"ListItem\",\"position\":2,\"name\":\"Shop\",\"item\":\"https:\/\/wpguerssen-test.odoo.rgbconsulting.com\/shop\/\"},{\"@type\":\"ListItem\",\"position\":3,\"name\":\"BBC Collection 77-78\"}]},{\"@type\":\"WebSite\",\"@id\":\"https:\/\/wpguerssen-test.odoo.rgbconsulting.com\/es\/#website\",\"url\":\"https:\/\/wpguerssen-test.odoo.rgbconsulting.com\/es\/\",\"name\":\"Guerssen records\",\"description\":\"psychedelia - progressive - folk - garage \",\"publisher\":{\"@id\":\"https:\/\/wpguerssen-test.odoo.rgbconsulting.com\/es\/#organization\"},\"potentialAction\":[{\"@type\":\"SearchAction\",\"target\":{\"@type\":\"EntryPoint\",\"urlTemplate\":\"https:\/\/wpguerssen-test.odoo.rgbconsulting.com\/es\/?s={search_term_string}\"},\"query-input\":{\"@type\":\"PropertyValueSpecification\",\"valueRequired\":true,\"valueName\":\"search_term_string\"}}],\"inLanguage\":\"es\"},{\"@type\":\"Organization\",\"@id\":\"https:\/\/wpguerssen-test.odoo.rgbconsulting.com\/es\/#organization\",\"name\":\"Guerssen records\",\"url\":\"https:\/\/wpguerssen-test.odoo.rgbconsulting.com\/es\/\",\"logo\":{\"@type\":\"ImageObject\",\"inLanguage\":\"es\",\"@id\":\"https:\/\/wpguerssen-test.odoo.rgbconsulting.com\/es\/#\/schema\/logo\/image\/\",\"url\":\"https:\/\/wpguerssen-test.odoo.rgbconsulting.com\/wp-content\/uploads\/2022\/04\/Logo_Guerssen_trans_100.png\",\"contentUrl\":\"https:\/\/wpguerssen-test.odoo.rgbconsulting.com\/wp-content\/uploads\/2022\/04\/Logo_Guerssen_trans_100.png\",\"width\":122,\"height\":100,\"caption\":\"Guerssen records\"},\"image\":{\"@id\":\"https:\/\/wpguerssen-test.odoo.rgbconsulting.com\/es\/#\/schema\/logo\/image\/\"}}]}<\/script>\n<!-- \/ Yoast SEO plugin. -->","yoast_head_json":{"title":"JAM, The - BBC Collection 77-78 -  (LP) | Guerssen","description":"At the time of their first two albums - 1977's \"In The City\" and 1978's 'This Is The Modern World' - Paul Weller, Bruce Foxton and Rick Buckler were frequent guests at radio sessions organized by the British public radio station. This album collects 16 performances from the period, with five tracks from the debut album, six from the successor, A-sides ('All Around The World', 'News Of The World', ''A' Bomb In Wardour Street') and B-sides ('Carnaby Street') of singles and a sneak peek from the follow-up 'All Mod Cons' ('Billy Hunt'). Incendiary performances in a style that combined punk and contemporary new wave with 60s mod beat with strong reminiscences of The Who and The Kinks, while Weller's songwriting talent was already bearing ripe fruit.","robots":{"index":"index","follow":"follow","max-snippet":"max-snippet:-1","max-image-preview":"max-image-preview:large","max-video-preview":"max-video-preview:-1"},"canonical":"https:\/\/wpguerssen-test.odoo.rgbconsulting.com\/es\/producto\/bbc-collection-77-78\/","og_locale":"es_ES","og_type":"article","og_title":"JAM, The - BBC Collection 77-78 -  (LP) | Guerssen","og_description":"At the time of their first two albums - 1977's \"In The City\" and 1978's 'This Is The Modern World' - Paul Weller, Bruce Foxton and Rick Buckler were frequent guests at radio sessions organized by the British public radio station. This album collects 16 performances from the period, with five tracks from the debut album, six from the successor, A-sides ('All Around The World', 'News Of The World', ''A' Bomb In Wardour Street') and B-sides ('Carnaby Street') of singles and a sneak peek from the follow-up 'All Mod Cons' ('Billy Hunt'). Incendiary performances in a style that combined punk and contemporary new wave with 60s mod beat with strong reminiscences of The Who and The Kinks, while Weller's songwriting talent was already bearing ripe fruit.","og_url":"https:\/\/wpguerssen-test.odoo.rgbconsulting.com\/es\/producto\/bbc-collection-77-78\/","og_site_name":"Guerssen records","article_modified_time":"2025-04-16T16:33:51+00:00","og_image":[{"width":700,"height":700,"url":"https:\/\/wpguerssen-test.odoo.rgbconsulting.com\/wp-content\/uploads\/2025\/02\/49896.jpg","type":"image\/jpeg"}],"twitter_card":"summary_large_image","twitter_title":"JAM, The - BBC Collection 77-78 -  (LP) | Guerssen","twitter_misc":{"Tiempo de lectura":"1 minuto"},"schema":{"@context":"https:\/\/schema.org","@graph":[{"@type":"WebPage","@id":"https:\/\/wpguerssen-test.odoo.rgbconsulting.com\/es\/producto\/bbc-collection-77-78\/","url":"https:\/\/wpguerssen-test.odoo.rgbconsulting.com\/es\/producto\/bbc-collection-77-78\/","name":"JAM, The - BBC Collection 77-78 - (LP) | Guerssen","isPartOf":{"@id":"https:\/\/wpguerssen-test.odoo.rgbconsulting.com\/es\/#website"},"primaryImageOfPage":{"@id":"https:\/\/wpguerssen-test.odoo.rgbconsulting.com\/es\/producto\/bbc-collection-77-78\/#primaryimage"},"image":{"@id":"https:\/\/wpguerssen-test.odoo.rgbconsulting.com\/es\/producto\/bbc-collection-77-78\/#primaryimage"},"thumbnailUrl":"https:\/\/wpguerssen-test.odoo.rgbconsulting.com\/wp-content\/uploads\/2025\/02\/49896.jpg","datePublished":"2025-03-06T23:00:00+00:00","dateModified":"2025-04-16T16:33:51+00:00","description":"At the time of their first two albums - 1977's \"In The City\" and 1978's 'This Is The Modern World' - Paul Weller, Bruce Foxton and Rick Buckler were frequent guests at radio sessions organized by the British public radio station. This album collects 16 performances from the period, with five tracks from the debut album, six from the successor, A-sides ('All Around The World', 'News Of The World', ''A' Bomb In Wardour Street') and B-sides ('Carnaby Street') of singles and a sneak peek from the follow-up 'All Mod Cons' ('Billy Hunt'). Incendiary performances in a style that combined punk and contemporary new wave with 60s mod beat with strong reminiscences of The Who and The Kinks, while Weller's songwriting talent was already bearing ripe fruit.","breadcrumb":{"@id":"https:\/\/wpguerssen-test.odoo.rgbconsulting.com\/es\/producto\/bbc-collection-77-78\/#breadcrumb"},"inLanguage":"es","potentialAction":[{"@type":"ReadAction","target":["https:\/\/wpguerssen-test.odoo.rgbconsulting.com\/es\/producto\/bbc-collection-77-78\/"]}]},{"@type":"ImageObject","inLanguage":"es","@id":"https:\/\/wpguerssen-test.odoo.rgbconsulting.com\/es\/producto\/bbc-collection-77-78\/#primaryimage","url":"https:\/\/wpguerssen-test.odoo.rgbconsulting.com\/wp-content\/uploads\/2025\/02\/49896.jpg","contentUrl":"https:\/\/wpguerssen-test.odoo.rgbconsulting.com\/wp-content\/uploads\/2025\/02\/49896.jpg","width":700,"height":700,"caption":"The - BBC Collection 77-78 - CULT LEGENDS (LP) | Guerssen"},{"@type":"BreadcrumbList","@id":"https:\/\/wpguerssen-test.odoo.rgbconsulting.com\/es\/producto\/bbc-collection-77-78\/#breadcrumb","itemListElement":[{"@type":"ListItem","position":1,"name":"Inicio","item":"https:\/\/wpguerssen-test.odoo.rgbconsulting.com\/es\/"},{"@type":"ListItem","position":2,"name":"Shop","item":"https:\/\/wpguerssen-test.odoo.rgbconsulting.com\/shop\/"},{"@type":"ListItem","position":3,"name":"BBC Collection 77-78"}]},{"@type":"WebSite","@id":"https:\/\/wpguerssen-test.odoo.rgbconsulting.com\/es\/#website","url":"https:\/\/wpguerssen-test.odoo.rgbconsulting.com\/es\/","name":"Guerssen records","description":"psychedelia - progressive - folk - garage ","publisher":{"@id":"https:\/\/wpguerssen-test.odoo.rgbconsulting.com\/es\/#organization"},"potentialAction":[{"@type":"SearchAction","target":{"@type":"EntryPoint","urlTemplate":"https:\/\/wpguerssen-test.odoo.rgbconsulting.com\/es\/?s={search_term_string}"},"query-input":{"@type":"PropertyValueSpecification","valueRequired":true,"valueName":"search_term_string"}}],"inLanguage":"es"},{"@type":"Organization","@id":"https:\/\/wpguerssen-test.odoo.rgbconsulting.com\/es\/#organization","name":"Guerssen records","url":"https:\/\/wpguerssen-test.odoo.rgbconsulting.com\/es\/","logo":{"@type":"ImageObject","inLanguage":"es","@id":"https:\/\/wpguerssen-test.odoo.rgbconsulting.com\/es\/#\/schema\/logo\/image\/","url":"https:\/\/wpguerssen-test.odoo.rgbconsulting.com\/wp-content\/uploads\/2022\/04\/Logo_Guerssen_trans_100.png","contentUrl":"https:\/\/wpguerssen-test.odoo.rgbconsulting.com\/wp-content\/uploads\/2022\/04\/Logo_Guerssen_trans_100.png","width":122,"height":100,"caption":"Guerssen records"},"image":{"@id":"https:\/\/wpguerssen-test.odoo.rgbconsulting.com\/es\/#\/schema\/logo\/image\/"}}]}},"_links":{"self":[{"href":"https:\/\/wpguerssen-test.odoo.rgbconsulting.com\/es\/wp-json\/wp\/v2\/product\/283887","targetHints":{"allow":["GET"]}}],"collection":[{"href":"https:\/\/wpguerssen-test.odoo.rgbconsulting.com\/es\/wp-json\/wp\/v2\/product"}],"about":[{"href":"https:\/\/wpguerssen-test.odoo.rgbconsulting.com\/es\/wp-json\/wp\/v2\/types\/product"}],"wp:featuredmedia":[{"embeddable":true,"href":"https:\/\/wpguerssen-test.odoo.rgbconsulting.com\/es\/wp-json\/wp\/v2\/media\/283867"}],"wp:attachment":[{"href":"https:\/\/wpguerssen-test.odoo.rgbconsulting.com\/es\/wp-json\/wp\/v2\/media?parent=283887"}],"wp:term":[{"taxonomy":"product_brand","embeddable":true,"href":"https:\/\/wpguerssen-test.odoo.rgbconsulting.com\/es\/wp-json\/wp\/v2\/product_brand?post=283887"},{"taxonomy":"product_cat","embeddable":true,"href":"https:\/\/wpguerssen-test.odoo.rgbconsulting.com\/es\/wp-json\/wp\/v2\/product_cat?post=283887"},{"taxonomy":"product_tag","embeddable":true,"href":"https:\/\/wpguerssen-test.odoo.rgbconsulting.com\/es\/wp-json\/wp\/v2\/product_tag?post=283887"}],"curies":[{"name":"wp","href":"https:\/\/api.w.org\/{rel}","templated":true}]}}