{"id":283889,"date":"2025-03-07T00:00:00","date_gmt":"2025-03-06T23:00:00","guid":{"rendered":"https:\/\/wpguerssen-test.odoo.rgbconsulting.com\/product\/return-from-the-point-of-no-return\/"},"modified":"2025-03-10T12:45:29","modified_gmt":"2025-03-10T11:45:29","slug":"return-from-the-point-of-no-return","status":"publish","type":"product","link":"https:\/\/wpguerssen-test.odoo.rgbconsulting.com\/es\/producto\/return-from-the-point-of-no-return\/","title":{"rendered":"Return from The Point Of No Return"},"content":{"rendered":"<p>Despu\u00e9s de m\u00e1s de dos d\u00e9cadas de tomar por asalto el underground, Nightstalker regresa con su declaraci\u00f3n m\u00e1s colosal y audaz hasta el momento: \u00abReturn From The Point of No Return\u00bb. M\u00e1s que una simple continuaci\u00f3n de su carrera, este s\u00e9ptimo \u00e1lbum de estudio es el momento en el que trascienden todo lo que han logrado en sus treinta a\u00f1os de historia.<br \/>Tan pronto como el fuego desgarrador y lleno de explosiones de la canci\u00f3n inicial del himno \u00abDust\u00bb enciende tu est\u00e9reo, te espera un viaje \u00e9pico. En \u00abReturn From The Point of No Return\u00bb, el sonido caracter\u00edstico de Nightstalker de riffs \u00e1speros y masivos cargados de blues y ritmos hipn\u00f3ticos coronados por la imponente voz del legendario l\u00edder Argy Galiatsatos se ha vuelto m\u00e1s profundo, m\u00e1s oscuro y m\u00e1s expansivo. Es un disco que le habla al alma tanto como golpea el cuerpo, dej\u00e1ndote pregunt\u00e1ndote c\u00f3mo pudiste vivir sin \u00e9l. Desde momentos de intensidad aplastante impulsados \u00bf\u00bfpor el musculoso pulso del rock&#8217;n&#8217;roll de la banda hasta una tensi\u00f3n atmosf\u00e9rica que arde lentamente, cada canci\u00f3n te lleva en un viaje a trav\u00e9s del lado m\u00e1s oscuro de la vida, contando una historia que trata tanto de superar los l\u00edmites como de enfrentar el vac\u00edo. Este nuevo \u00e1lbum es una declaraci\u00f3n de intenciones: Nightstalker no est\u00e1 aqu\u00ed para seguir tendencias, ya que han allanado el camino para toda una generaci\u00f3n de rockeros stoners griegos, y todo en este nuevo \u00e1lbum se siente como un electrizante llamado a las armas para que legiones de fan\u00e1ticos levanten los pu\u00f1os al aire al un\u00edsono. \u00abReturn From The Point of No Return\u00bb es un triunfo del rock pesado y un testimonio supremo de su legado.<\/p>\n","protected":false},"excerpt":{"rendered":"<p>Despu\u00e9s de m\u00e1s de dos d\u00e9cadas de tomar por asalto el underground, Nightstalker regresa con su declaraci\u00f3n m\u00e1s colosal y audaz hasta el momento: \u00abReturn From<a class=\"read\" href=\"https:\/\/wpguerssen-test.odoo.rgbconsulting.com\/es\/producto\/return-from-the-point-of-no-return\/\"> (...)<\/a>","protected":false},"featured_media":283873,"template":"","meta":{"_acf_changed":false},"product_brand":[],"product_cat":[21708],"product_tag":[24189],"class_list":{"0":"post-283889","1":"product","2":"type-product","3":"status-publish","4":"has-post-thumbnail","6":"product_cat-stoner-doom-es","7":"product_tag-recien-llegadas","8":"pa_artist-nightstalker","9":"pa_format-lp-es","10":"pa_gender-stoner-doom","11":"pa_label-heavy-psych-sounds","12":"pa_location-europe-es","13":"pa_other-filters-vinyl-only-es","15":"first","16":"instock","17":"taxable","18":"shipping-taxable","19":"purchasable","20":"product-type-simple"},"acf":[],"yoast_head":"<!-- This site is optimized with the Yoast SEO plugin v24.9 - https:\/\/yoast.com\/wordpress\/plugins\/seo\/ -->\n<title>NIGHTSTALKER - Return from The Point Of No Return -  (LP) | Guerssen<\/title>\n<meta name=\"description\" content=\"After more than two decades of taking the underground by storm, Nightstalker return with their most colossal and bold statement yet: &quot;Return From The Point of No Return&quot;. More than just a continuation of their career, this seventh studio album is the moment they transcend everything they have accomplished in their thirty-year history.As soon as the rip-roaring, banger-heavy fire of the anthemic opening track &quot;Dust&quot; sets your stereo ablaze, you&#039;re in for an epic ride. On &quot;Return From The Point of No Return&quot;, Nightstalker&#039;s signature sound of gritty, massive blues-laden riffs and hypnotic grooves crowned by the commanding vocals of legendary frontman Argy Galiatsatos has gone deeper, darker, and more expansive. It&#039;s a record that speaks to the soul as much as it pounds the body, leaving you wondering how you ever lived without it. From moments of crushing intensity driven by the band&#039;s muscular rock&#039;n&#039;roll pulse to slow-burning atmospheric tension, each song takes you on a journey through the darker side of life, telling a story that&#039;s as much about pushing boundaries as it is about confronting the void. This new album is a statement of intent: Nightstalker is not here to follow trends for they have paved the way for an entire generation of Greek stoner rockers, and everything in this new album feels like an electrifying call to arms for legions of fans to pump their fists in the air in unison. &quot;Return From The Point of No Return&quot; is a triumph of heavy rock and a paramount testament to their legacy.\" \/>\n<meta name=\"robots\" content=\"index, follow, max-snippet:-1, max-image-preview:large, max-video-preview:-1\" \/>\n<link rel=\"canonical\" href=\"https:\/\/wpguerssen-test.odoo.rgbconsulting.com\/es\/producto\/return-from-the-point-of-no-return\/\" \/>\n<meta property=\"og:locale\" content=\"es_ES\" \/>\n<meta property=\"og:type\" content=\"article\" \/>\n<meta property=\"og:title\" content=\"NIGHTSTALKER - Return from The Point Of No Return -  (LP) | Guerssen\" \/>\n<meta property=\"og:description\" content=\"After more than two decades of taking the underground by storm, Nightstalker return with their most colossal and bold statement yet: &quot;Return From The Point of No Return&quot;. More than just a continuation of their career, this seventh studio album is the moment they transcend everything they have accomplished in their thirty-year history.As soon as the rip-roaring, banger-heavy fire of the anthemic opening track &quot;Dust&quot; sets your stereo ablaze, you&#039;re in for an epic ride. On &quot;Return From The Point of No Return&quot;, Nightstalker&#039;s signature sound of gritty, massive blues-laden riffs and hypnotic grooves crowned by the commanding vocals of legendary frontman Argy Galiatsatos has gone deeper, darker, and more expansive. It&#039;s a record that speaks to the soul as much as it pounds the body, leaving you wondering how you ever lived without it. From moments of crushing intensity driven by the band&#039;s muscular rock&#039;n&#039;roll pulse to slow-burning atmospheric tension, each song takes you on a journey through the darker side of life, telling a story that&#039;s as much about pushing boundaries as it is about confronting the void. This new album is a statement of intent: Nightstalker is not here to follow trends for they have paved the way for an entire generation of Greek stoner rockers, and everything in this new album feels like an electrifying call to arms for legions of fans to pump their fists in the air in unison. &quot;Return From The Point of No Return&quot; is a triumph of heavy rock and a paramount testament to their legacy.\" \/>\n<meta property=\"og:url\" content=\"https:\/\/wpguerssen-test.odoo.rgbconsulting.com\/es\/producto\/return-from-the-point-of-no-return\/\" \/>\n<meta property=\"og:site_name\" content=\"Guerssen records\" \/>\n<meta property=\"article:modified_time\" content=\"2025-03-10T11:45:29+00:00\" \/>\n<meta property=\"og:image\" content=\"https:\/\/wpguerssen-test.odoo.rgbconsulting.com\/wp-content\/uploads\/2025\/02\/49898-1024x1024.jpg\" \/>\n\t<meta property=\"og:image:width\" content=\"1024\" \/>\n\t<meta property=\"og:image:height\" content=\"1024\" \/>\n\t<meta property=\"og:image:type\" content=\"image\/jpeg\" \/>\n<meta name=\"twitter:card\" content=\"summary_large_image\" \/>\n<meta name=\"twitter:title\" content=\"NIGHTSTALKER - Return from The Point Of No Return -  (LP) | Guerssen\" \/>\n<meta name=\"twitter:label1\" content=\"Tiempo de lectura\" \/>\n\t<meta name=\"twitter:data1\" content=\"2 minutos\" \/>\n<script type=\"application\/ld+json\" class=\"yoast-schema-graph\">{\"@context\":\"https:\/\/schema.org\",\"@graph\":[{\"@type\":\"WebPage\",\"@id\":\"https:\/\/wpguerssen-test.odoo.rgbconsulting.com\/es\/producto\/return-from-the-point-of-no-return\/\",\"url\":\"https:\/\/wpguerssen-test.odoo.rgbconsulting.com\/es\/producto\/return-from-the-point-of-no-return\/\",\"name\":\"NIGHTSTALKER - Return from The Point Of No Return - (LP) | Guerssen\",\"isPartOf\":{\"@id\":\"https:\/\/wpguerssen-test.odoo.rgbconsulting.com\/es\/#website\"},\"primaryImageOfPage\":{\"@id\":\"https:\/\/wpguerssen-test.odoo.rgbconsulting.com\/es\/producto\/return-from-the-point-of-no-return\/#primaryimage\"},\"image\":{\"@id\":\"https:\/\/wpguerssen-test.odoo.rgbconsulting.com\/es\/producto\/return-from-the-point-of-no-return\/#primaryimage\"},\"thumbnailUrl\":\"https:\/\/wpguerssen-test.odoo.rgbconsulting.com\/wp-content\/uploads\/2025\/02\/49898.jpg\",\"datePublished\":\"2025-03-06T23:00:00+00:00\",\"dateModified\":\"2025-03-10T11:45:29+00:00\",\"description\":\"After more than two decades of taking the underground by storm, Nightstalker return with their most colossal and bold statement yet: \\\"Return From The Point of No Return\\\". More than just a continuation of their career, this seventh studio album is the moment they transcend everything they have accomplished in their thirty-year history.As soon as the rip-roaring, banger-heavy fire of the anthemic opening track \\\"Dust\\\" sets your stereo ablaze, you're in for an epic ride. On \\\"Return From The Point of No Return\\\", Nightstalker's signature sound of gritty, massive blues-laden riffs and hypnotic grooves crowned by the commanding vocals of legendary frontman Argy Galiatsatos has gone deeper, darker, and more expansive. It's a record that speaks to the soul as much as it pounds the body, leaving you wondering how you ever lived without it. From moments of crushing intensity driven by the band's muscular rock'n'roll pulse to slow-burning atmospheric tension, each song takes you on a journey through the darker side of life, telling a story that's as much about pushing boundaries as it is about confronting the void. This new album is a statement of intent: Nightstalker is not here to follow trends for they have paved the way for an entire generation of Greek stoner rockers, and everything in this new album feels like an electrifying call to arms for legions of fans to pump their fists in the air in unison. \\\"Return From The Point of No Return\\\" is a triumph of heavy rock and a paramount testament to their legacy.\",\"breadcrumb\":{\"@id\":\"https:\/\/wpguerssen-test.odoo.rgbconsulting.com\/es\/producto\/return-from-the-point-of-no-return\/#breadcrumb\"},\"inLanguage\":\"es\",\"potentialAction\":[{\"@type\":\"ReadAction\",\"target\":[\"https:\/\/wpguerssen-test.odoo.rgbconsulting.com\/es\/producto\/return-from-the-point-of-no-return\/\"]}]},{\"@type\":\"ImageObject\",\"inLanguage\":\"es\",\"@id\":\"https:\/\/wpguerssen-test.odoo.rgbconsulting.com\/es\/producto\/return-from-the-point-of-no-return\/#primaryimage\",\"url\":\"https:\/\/wpguerssen-test.odoo.rgbconsulting.com\/wp-content\/uploads\/2025\/02\/49898.jpg\",\"contentUrl\":\"https:\/\/wpguerssen-test.odoo.rgbconsulting.com\/wp-content\/uploads\/2025\/02\/49898.jpg\",\"width\":1440,\"height\":1440},{\"@type\":\"BreadcrumbList\",\"@id\":\"https:\/\/wpguerssen-test.odoo.rgbconsulting.com\/es\/producto\/return-from-the-point-of-no-return\/#breadcrumb\",\"itemListElement\":[{\"@type\":\"ListItem\",\"position\":1,\"name\":\"Inicio\",\"item\":\"https:\/\/wpguerssen-test.odoo.rgbconsulting.com\/es\/\"},{\"@type\":\"ListItem\",\"position\":2,\"name\":\"Shop\",\"item\":\"https:\/\/wpguerssen-test.odoo.rgbconsulting.com\/shop\/\"},{\"@type\":\"ListItem\",\"position\":3,\"name\":\"Return from The Point Of No Return\"}]},{\"@type\":\"WebSite\",\"@id\":\"https:\/\/wpguerssen-test.odoo.rgbconsulting.com\/es\/#website\",\"url\":\"https:\/\/wpguerssen-test.odoo.rgbconsulting.com\/es\/\",\"name\":\"Guerssen records\",\"description\":\"psychedelia - progressive - folk - garage \",\"publisher\":{\"@id\":\"https:\/\/wpguerssen-test.odoo.rgbconsulting.com\/es\/#organization\"},\"potentialAction\":[{\"@type\":\"SearchAction\",\"target\":{\"@type\":\"EntryPoint\",\"urlTemplate\":\"https:\/\/wpguerssen-test.odoo.rgbconsulting.com\/es\/?s={search_term_string}\"},\"query-input\":{\"@type\":\"PropertyValueSpecification\",\"valueRequired\":true,\"valueName\":\"search_term_string\"}}],\"inLanguage\":\"es\"},{\"@type\":\"Organization\",\"@id\":\"https:\/\/wpguerssen-test.odoo.rgbconsulting.com\/es\/#organization\",\"name\":\"Guerssen records\",\"url\":\"https:\/\/wpguerssen-test.odoo.rgbconsulting.com\/es\/\",\"logo\":{\"@type\":\"ImageObject\",\"inLanguage\":\"es\",\"@id\":\"https:\/\/wpguerssen-test.odoo.rgbconsulting.com\/es\/#\/schema\/logo\/image\/\",\"url\":\"https:\/\/wpguerssen-test.odoo.rgbconsulting.com\/wp-content\/uploads\/2022\/04\/Logo_Guerssen_trans_100.png\",\"contentUrl\":\"https:\/\/wpguerssen-test.odoo.rgbconsulting.com\/wp-content\/uploads\/2022\/04\/Logo_Guerssen_trans_100.png\",\"width\":122,\"height\":100,\"caption\":\"Guerssen records\"},\"image\":{\"@id\":\"https:\/\/wpguerssen-test.odoo.rgbconsulting.com\/es\/#\/schema\/logo\/image\/\"}}]}<\/script>\n<!-- \/ Yoast SEO plugin. -->","yoast_head_json":{"title":"NIGHTSTALKER - Return from The Point Of No Return -  (LP) | Guerssen","description":"After more than two decades of taking the underground by storm, Nightstalker return with their most colossal and bold statement yet: \"Return From The Point of No Return\". More than just a continuation of their career, this seventh studio album is the moment they transcend everything they have accomplished in their thirty-year history.As soon as the rip-roaring, banger-heavy fire of the anthemic opening track \"Dust\" sets your stereo ablaze, you're in for an epic ride. On \"Return From The Point of No Return\", Nightstalker's signature sound of gritty, massive blues-laden riffs and hypnotic grooves crowned by the commanding vocals of legendary frontman Argy Galiatsatos has gone deeper, darker, and more expansive. It's a record that speaks to the soul as much as it pounds the body, leaving you wondering how you ever lived without it. From moments of crushing intensity driven by the band's muscular rock'n'roll pulse to slow-burning atmospheric tension, each song takes you on a journey through the darker side of life, telling a story that's as much about pushing boundaries as it is about confronting the void. This new album is a statement of intent: Nightstalker is not here to follow trends for they have paved the way for an entire generation of Greek stoner rockers, and everything in this new album feels like an electrifying call to arms for legions of fans to pump their fists in the air in unison. \"Return From The Point of No Return\" is a triumph of heavy rock and a paramount testament to their legacy.","robots":{"index":"index","follow":"follow","max-snippet":"max-snippet:-1","max-image-preview":"max-image-preview:large","max-video-preview":"max-video-preview:-1"},"canonical":"https:\/\/wpguerssen-test.odoo.rgbconsulting.com\/es\/producto\/return-from-the-point-of-no-return\/","og_locale":"es_ES","og_type":"article","og_title":"NIGHTSTALKER - Return from The Point Of No Return -  (LP) | Guerssen","og_description":"After more than two decades of taking the underground by storm, Nightstalker return with their most colossal and bold statement yet: \"Return From The Point of No Return\". More than just a continuation of their career, this seventh studio album is the moment they transcend everything they have accomplished in their thirty-year history.As soon as the rip-roaring, banger-heavy fire of the anthemic opening track \"Dust\" sets your stereo ablaze, you're in for an epic ride. On \"Return From The Point of No Return\", Nightstalker's signature sound of gritty, massive blues-laden riffs and hypnotic grooves crowned by the commanding vocals of legendary frontman Argy Galiatsatos has gone deeper, darker, and more expansive. It's a record that speaks to the soul as much as it pounds the body, leaving you wondering how you ever lived without it. From moments of crushing intensity driven by the band's muscular rock'n'roll pulse to slow-burning atmospheric tension, each song takes you on a journey through the darker side of life, telling a story that's as much about pushing boundaries as it is about confronting the void. This new album is a statement of intent: Nightstalker is not here to follow trends for they have paved the way for an entire generation of Greek stoner rockers, and everything in this new album feels like an electrifying call to arms for legions of fans to pump their fists in the air in unison. \"Return From The Point of No Return\" is a triumph of heavy rock and a paramount testament to their legacy.","og_url":"https:\/\/wpguerssen-test.odoo.rgbconsulting.com\/es\/producto\/return-from-the-point-of-no-return\/","og_site_name":"Guerssen records","article_modified_time":"2025-03-10T11:45:29+00:00","og_image":[{"width":1024,"height":1024,"url":"https:\/\/wpguerssen-test.odoo.rgbconsulting.com\/wp-content\/uploads\/2025\/02\/49898-1024x1024.jpg","type":"image\/jpeg"}],"twitter_card":"summary_large_image","twitter_title":"NIGHTSTALKER - Return from The Point Of No Return -  (LP) | Guerssen","twitter_misc":{"Tiempo de lectura":"2 minutos"},"schema":{"@context":"https:\/\/schema.org","@graph":[{"@type":"WebPage","@id":"https:\/\/wpguerssen-test.odoo.rgbconsulting.com\/es\/producto\/return-from-the-point-of-no-return\/","url":"https:\/\/wpguerssen-test.odoo.rgbconsulting.com\/es\/producto\/return-from-the-point-of-no-return\/","name":"NIGHTSTALKER - Return from The Point Of No Return - (LP) | Guerssen","isPartOf":{"@id":"https:\/\/wpguerssen-test.odoo.rgbconsulting.com\/es\/#website"},"primaryImageOfPage":{"@id":"https:\/\/wpguerssen-test.odoo.rgbconsulting.com\/es\/producto\/return-from-the-point-of-no-return\/#primaryimage"},"image":{"@id":"https:\/\/wpguerssen-test.odoo.rgbconsulting.com\/es\/producto\/return-from-the-point-of-no-return\/#primaryimage"},"thumbnailUrl":"https:\/\/wpguerssen-test.odoo.rgbconsulting.com\/wp-content\/uploads\/2025\/02\/49898.jpg","datePublished":"2025-03-06T23:00:00+00:00","dateModified":"2025-03-10T11:45:29+00:00","description":"After more than two decades of taking the underground by storm, Nightstalker return with their most colossal and bold statement yet: \"Return From The Point of No Return\". More than just a continuation of their career, this seventh studio album is the moment they transcend everything they have accomplished in their thirty-year history.As soon as the rip-roaring, banger-heavy fire of the anthemic opening track \"Dust\" sets your stereo ablaze, you're in for an epic ride. On \"Return From The Point of No Return\", Nightstalker's signature sound of gritty, massive blues-laden riffs and hypnotic grooves crowned by the commanding vocals of legendary frontman Argy Galiatsatos has gone deeper, darker, and more expansive. It's a record that speaks to the soul as much as it pounds the body, leaving you wondering how you ever lived without it. From moments of crushing intensity driven by the band's muscular rock'n'roll pulse to slow-burning atmospheric tension, each song takes you on a journey through the darker side of life, telling a story that's as much about pushing boundaries as it is about confronting the void. This new album is a statement of intent: Nightstalker is not here to follow trends for they have paved the way for an entire generation of Greek stoner rockers, and everything in this new album feels like an electrifying call to arms for legions of fans to pump their fists in the air in unison. \"Return From The Point of No Return\" is a triumph of heavy rock and a paramount testament to their legacy.","breadcrumb":{"@id":"https:\/\/wpguerssen-test.odoo.rgbconsulting.com\/es\/producto\/return-from-the-point-of-no-return\/#breadcrumb"},"inLanguage":"es","potentialAction":[{"@type":"ReadAction","target":["https:\/\/wpguerssen-test.odoo.rgbconsulting.com\/es\/producto\/return-from-the-point-of-no-return\/"]}]},{"@type":"ImageObject","inLanguage":"es","@id":"https:\/\/wpguerssen-test.odoo.rgbconsulting.com\/es\/producto\/return-from-the-point-of-no-return\/#primaryimage","url":"https:\/\/wpguerssen-test.odoo.rgbconsulting.com\/wp-content\/uploads\/2025\/02\/49898.jpg","contentUrl":"https:\/\/wpguerssen-test.odoo.rgbconsulting.com\/wp-content\/uploads\/2025\/02\/49898.jpg","width":1440,"height":1440},{"@type":"BreadcrumbList","@id":"https:\/\/wpguerssen-test.odoo.rgbconsulting.com\/es\/producto\/return-from-the-point-of-no-return\/#breadcrumb","itemListElement":[{"@type":"ListItem","position":1,"name":"Inicio","item":"https:\/\/wpguerssen-test.odoo.rgbconsulting.com\/es\/"},{"@type":"ListItem","position":2,"name":"Shop","item":"https:\/\/wpguerssen-test.odoo.rgbconsulting.com\/shop\/"},{"@type":"ListItem","position":3,"name":"Return from The Point Of No Return"}]},{"@type":"WebSite","@id":"https:\/\/wpguerssen-test.odoo.rgbconsulting.com\/es\/#website","url":"https:\/\/wpguerssen-test.odoo.rgbconsulting.com\/es\/","name":"Guerssen records","description":"psychedelia - progressive - folk - garage ","publisher":{"@id":"https:\/\/wpguerssen-test.odoo.rgbconsulting.com\/es\/#organization"},"potentialAction":[{"@type":"SearchAction","target":{"@type":"EntryPoint","urlTemplate":"https:\/\/wpguerssen-test.odoo.rgbconsulting.com\/es\/?s={search_term_string}"},"query-input":{"@type":"PropertyValueSpecification","valueRequired":true,"valueName":"search_term_string"}}],"inLanguage":"es"},{"@type":"Organization","@id":"https:\/\/wpguerssen-test.odoo.rgbconsulting.com\/es\/#organization","name":"Guerssen records","url":"https:\/\/wpguerssen-test.odoo.rgbconsulting.com\/es\/","logo":{"@type":"ImageObject","inLanguage":"es","@id":"https:\/\/wpguerssen-test.odoo.rgbconsulting.com\/es\/#\/schema\/logo\/image\/","url":"https:\/\/wpguerssen-test.odoo.rgbconsulting.com\/wp-content\/uploads\/2022\/04\/Logo_Guerssen_trans_100.png","contentUrl":"https:\/\/wpguerssen-test.odoo.rgbconsulting.com\/wp-content\/uploads\/2022\/04\/Logo_Guerssen_trans_100.png","width":122,"height":100,"caption":"Guerssen records"},"image":{"@id":"https:\/\/wpguerssen-test.odoo.rgbconsulting.com\/es\/#\/schema\/logo\/image\/"}}]}},"_links":{"self":[{"href":"https:\/\/wpguerssen-test.odoo.rgbconsulting.com\/es\/wp-json\/wp\/v2\/product\/283889","targetHints":{"allow":["GET"]}}],"collection":[{"href":"https:\/\/wpguerssen-test.odoo.rgbconsulting.com\/es\/wp-json\/wp\/v2\/product"}],"about":[{"href":"https:\/\/wpguerssen-test.odoo.rgbconsulting.com\/es\/wp-json\/wp\/v2\/types\/product"}],"wp:featuredmedia":[{"embeddable":true,"href":"https:\/\/wpguerssen-test.odoo.rgbconsulting.com\/es\/wp-json\/wp\/v2\/media\/283873"}],"wp:attachment":[{"href":"https:\/\/wpguerssen-test.odoo.rgbconsulting.com\/es\/wp-json\/wp\/v2\/media?parent=283889"}],"wp:term":[{"taxonomy":"product_brand","embeddable":true,"href":"https:\/\/wpguerssen-test.odoo.rgbconsulting.com\/es\/wp-json\/wp\/v2\/product_brand?post=283889"},{"taxonomy":"product_cat","embeddable":true,"href":"https:\/\/wpguerssen-test.odoo.rgbconsulting.com\/es\/wp-json\/wp\/v2\/product_cat?post=283889"},{"taxonomy":"product_tag","embeddable":true,"href":"https:\/\/wpguerssen-test.odoo.rgbconsulting.com\/es\/wp-json\/wp\/v2\/product_tag?post=283889"}],"curies":[{"name":"wp","href":"https:\/\/api.w.org\/{rel}","templated":true}]}}