{"id":283927,"date":"2025-04-14T00:00:00","date_gmt":"2025-04-13T22:00:00","guid":{"rendered":"https:\/\/wpguerssen-test.odoo.rgbconsulting.com\/product\/na-rua-na-chuva-na-fazenda\/"},"modified":"2025-04-23T17:42:10","modified_gmt":"2025-04-23T15:42:10","slug":"na-rua-na-chuva-na-fazenda","status":"publish","type":"product","link":"https:\/\/wpguerssen-test.odoo.rgbconsulting.com\/es\/producto\/na-rua-na-chuva-na-fazenda\/","title":{"rendered":"Na Rua, Na Chuva, Na Fazenda"},"content":{"rendered":"<p>\u00a1Un \u00e1lbum cl\u00e1sico de soul brasile\u00f1o, originalmente de 1975, ve una reedici\u00f3n bienvenida en VINILO de 180 GRAMOS! &#8216;Na Rua, Na Chuva, Na Fazenda&#8217; captura el vibrante esp\u00edritu musical de la d\u00e9cada de 1970 y refleja la influencia del movimiento del poder negro. Con una mezcla de MPB, soul y funk, Hyldon dio vida a su sonido \u00fanico, colaborando con artistas influyentes s.a. Azimut. Este \u00e1lbum se ha ganado un estatus de culto a lo largo de los a\u00f1os, asegur\u00e1ndose su lugar como uno de los discos brasile\u00f1os m\u00e1s codiciados de todos los tiempos.<\/p>\n","protected":false},"excerpt":{"rendered":"<p>\u00a1Un \u00e1lbum cl\u00e1sico de soul brasile\u00f1o, originalmente de 1975, ve una reedici\u00f3n bienvenida en VINILO de 180 GRAMOS! &#8216;Na Rua, Na Chuva, Na Fazenda&#8217; captura<a class=\"read\" href=\"https:\/\/wpguerssen-test.odoo.rgbconsulting.com\/es\/producto\/na-rua-na-chuva-na-fazenda\/\"> (...)<\/a>","protected":false},"featured_media":283920,"template":"","meta":{"_acf_changed":false},"product_brand":[],"product_cat":[21649,23231],"product_tag":[24189],"class_list":{"0":"post-283927","1":"product","2":"type-product","3":"status-publish","4":"has-post-thumbnail","6":"product_cat-soul-rnb-es","7":"product_cat-latin-brazilian-es","8":"product_tag-recien-llegadas","9":"pa_artist-hyldon","10":"pa_format-lp-es","11":"pa_gender-soul-rnb-latin-brazilian","12":"pa_label-vampi-soul-es","13":"pa_location-south-america-caribbean-es","14":"pa_other-filters-vinyl-only-es","16":"first","17":"instock","18":"taxable","19":"shipping-taxable","20":"purchasable","21":"product-type-simple"},"acf":[],"yoast_head":"<!-- This site is optimized with the Yoast SEO plugin v24.9 - https:\/\/yoast.com\/wordpress\/plugins\/seo\/ -->\n<title>HYLDON - Na Rua, Na Chuva, Na Fazenda -  (LP) | Guerssen<\/title>\n<meta name=\"description\" content=\"A classic Brazilian soul album, orginally from 1975, sees a welcome reissue on 180-GRAM VINYL! &#039;Na Rua, Na Chuva, Na Fazenda&#039; captures the vibrant musical spirit of the 1970s and reflects the influence of the black power movement. With a mix of MPB, soul and funk, Hyldon brought his unique sound to life, collaborating with influential artists s.a. Azymuth. This album has earned cult status over the years, securing its place as one of the most coveted Brazilian records of all time.\" \/>\n<meta name=\"robots\" content=\"index, follow, max-snippet:-1, max-image-preview:large, max-video-preview:-1\" \/>\n<link rel=\"canonical\" href=\"https:\/\/wpguerssen-test.odoo.rgbconsulting.com\/es\/producto\/na-rua-na-chuva-na-fazenda\/\" \/>\n<meta property=\"og:locale\" content=\"es_ES\" \/>\n<meta property=\"og:type\" content=\"article\" \/>\n<meta property=\"og:title\" content=\"HYLDON - Na Rua, Na Chuva, Na Fazenda -  (LP) | Guerssen\" \/>\n<meta property=\"og:description\" content=\"A classic Brazilian soul album, orginally from 1975, sees a welcome reissue on 180-GRAM VINYL! &#039;Na Rua, Na Chuva, Na Fazenda&#039; captures the vibrant musical spirit of the 1970s and reflects the influence of the black power movement. With a mix of MPB, soul and funk, Hyldon brought his unique sound to life, collaborating with influential artists s.a. Azymuth. This album has earned cult status over the years, securing its place as one of the most coveted Brazilian records of all time.\" \/>\n<meta property=\"og:url\" content=\"https:\/\/wpguerssen-test.odoo.rgbconsulting.com\/es\/producto\/na-rua-na-chuva-na-fazenda\/\" \/>\n<meta property=\"og:site_name\" content=\"Guerssen records\" \/>\n<meta property=\"article:modified_time\" content=\"2025-04-23T15:42:10+00:00\" \/>\n<meta property=\"og:image\" content=\"https:\/\/wpguerssen-test.odoo.rgbconsulting.com\/wp-content\/uploads\/2025\/02\/49911.jpg\" \/>\n\t<meta property=\"og:image:width\" content=\"600\" \/>\n\t<meta property=\"og:image:height\" content=\"600\" \/>\n\t<meta property=\"og:image:type\" content=\"image\/jpeg\" \/>\n<meta name=\"twitter:card\" content=\"summary_large_image\" \/>\n<meta name=\"twitter:title\" content=\"HYLDON - Na Rua, Na Chuva, Na Fazenda -  (LP) | Guerssen\" \/>\n<meta name=\"twitter:label1\" content=\"Tiempo de lectura\" \/>\n\t<meta name=\"twitter:data1\" content=\"1 minuto\" \/>\n<script type=\"application\/ld+json\" class=\"yoast-schema-graph\">{\"@context\":\"https:\/\/schema.org\",\"@graph\":[{\"@type\":\"WebPage\",\"@id\":\"https:\/\/wpguerssen-test.odoo.rgbconsulting.com\/es\/producto\/na-rua-na-chuva-na-fazenda\/\",\"url\":\"https:\/\/wpguerssen-test.odoo.rgbconsulting.com\/es\/producto\/na-rua-na-chuva-na-fazenda\/\",\"name\":\"HYLDON - Na Rua, Na Chuva, Na Fazenda - (LP) | Guerssen\",\"isPartOf\":{\"@id\":\"https:\/\/wpguerssen-test.odoo.rgbconsulting.com\/es\/#website\"},\"primaryImageOfPage\":{\"@id\":\"https:\/\/wpguerssen-test.odoo.rgbconsulting.com\/es\/producto\/na-rua-na-chuva-na-fazenda\/#primaryimage\"},\"image\":{\"@id\":\"https:\/\/wpguerssen-test.odoo.rgbconsulting.com\/es\/producto\/na-rua-na-chuva-na-fazenda\/#primaryimage\"},\"thumbnailUrl\":\"https:\/\/wpguerssen-test.odoo.rgbconsulting.com\/wp-content\/uploads\/2025\/02\/49911.jpg\",\"datePublished\":\"2025-04-13T22:00:00+00:00\",\"dateModified\":\"2025-04-23T15:42:10+00:00\",\"description\":\"A classic Brazilian soul album, orginally from 1975, sees a welcome reissue on 180-GRAM VINYL! 'Na Rua, Na Chuva, Na Fazenda' captures the vibrant musical spirit of the 1970s and reflects the influence of the black power movement. With a mix of MPB, soul and funk, Hyldon brought his unique sound to life, collaborating with influential artists s.a. Azymuth. This album has earned cult status over the years, securing its place as one of the most coveted Brazilian records of all time.\",\"breadcrumb\":{\"@id\":\"https:\/\/wpguerssen-test.odoo.rgbconsulting.com\/es\/producto\/na-rua-na-chuva-na-fazenda\/#breadcrumb\"},\"inLanguage\":\"es\",\"potentialAction\":[{\"@type\":\"ReadAction\",\"target\":[\"https:\/\/wpguerssen-test.odoo.rgbconsulting.com\/es\/producto\/na-rua-na-chuva-na-fazenda\/\"]}]},{\"@type\":\"ImageObject\",\"inLanguage\":\"es\",\"@id\":\"https:\/\/wpguerssen-test.odoo.rgbconsulting.com\/es\/producto\/na-rua-na-chuva-na-fazenda\/#primaryimage\",\"url\":\"https:\/\/wpguerssen-test.odoo.rgbconsulting.com\/wp-content\/uploads\/2025\/02\/49911.jpg\",\"contentUrl\":\"https:\/\/wpguerssen-test.odoo.rgbconsulting.com\/wp-content\/uploads\/2025\/02\/49911.jpg\",\"width\":600,\"height\":600,\"caption\":\"Na Chuva\"},{\"@type\":\"BreadcrumbList\",\"@id\":\"https:\/\/wpguerssen-test.odoo.rgbconsulting.com\/es\/producto\/na-rua-na-chuva-na-fazenda\/#breadcrumb\",\"itemListElement\":[{\"@type\":\"ListItem\",\"position\":1,\"name\":\"Inicio\",\"item\":\"https:\/\/wpguerssen-test.odoo.rgbconsulting.com\/es\/\"},{\"@type\":\"ListItem\",\"position\":2,\"name\":\"Shop\",\"item\":\"https:\/\/wpguerssen-test.odoo.rgbconsulting.com\/shop\/\"},{\"@type\":\"ListItem\",\"position\":3,\"name\":\"Na Rua, Na Chuva, Na Fazenda\"}]},{\"@type\":\"WebSite\",\"@id\":\"https:\/\/wpguerssen-test.odoo.rgbconsulting.com\/es\/#website\",\"url\":\"https:\/\/wpguerssen-test.odoo.rgbconsulting.com\/es\/\",\"name\":\"Guerssen records\",\"description\":\"psychedelia - progressive - folk - garage \",\"publisher\":{\"@id\":\"https:\/\/wpguerssen-test.odoo.rgbconsulting.com\/es\/#organization\"},\"potentialAction\":[{\"@type\":\"SearchAction\",\"target\":{\"@type\":\"EntryPoint\",\"urlTemplate\":\"https:\/\/wpguerssen-test.odoo.rgbconsulting.com\/es\/?s={search_term_string}\"},\"query-input\":{\"@type\":\"PropertyValueSpecification\",\"valueRequired\":true,\"valueName\":\"search_term_string\"}}],\"inLanguage\":\"es\"},{\"@type\":\"Organization\",\"@id\":\"https:\/\/wpguerssen-test.odoo.rgbconsulting.com\/es\/#organization\",\"name\":\"Guerssen records\",\"url\":\"https:\/\/wpguerssen-test.odoo.rgbconsulting.com\/es\/\",\"logo\":{\"@type\":\"ImageObject\",\"inLanguage\":\"es\",\"@id\":\"https:\/\/wpguerssen-test.odoo.rgbconsulting.com\/es\/#\/schema\/logo\/image\/\",\"url\":\"https:\/\/wpguerssen-test.odoo.rgbconsulting.com\/wp-content\/uploads\/2022\/04\/Logo_Guerssen_trans_100.png\",\"contentUrl\":\"https:\/\/wpguerssen-test.odoo.rgbconsulting.com\/wp-content\/uploads\/2022\/04\/Logo_Guerssen_trans_100.png\",\"width\":122,\"height\":100,\"caption\":\"Guerssen records\"},\"image\":{\"@id\":\"https:\/\/wpguerssen-test.odoo.rgbconsulting.com\/es\/#\/schema\/logo\/image\/\"}}]}<\/script>\n<!-- \/ Yoast SEO plugin. -->","yoast_head_json":{"title":"HYLDON - Na Rua, Na Chuva, Na Fazenda -  (LP) | Guerssen","description":"A classic Brazilian soul album, orginally from 1975, sees a welcome reissue on 180-GRAM VINYL! 'Na Rua, Na Chuva, Na Fazenda' captures the vibrant musical spirit of the 1970s and reflects the influence of the black power movement. With a mix of MPB, soul and funk, Hyldon brought his unique sound to life, collaborating with influential artists s.a. Azymuth. This album has earned cult status over the years, securing its place as one of the most coveted Brazilian records of all time.","robots":{"index":"index","follow":"follow","max-snippet":"max-snippet:-1","max-image-preview":"max-image-preview:large","max-video-preview":"max-video-preview:-1"},"canonical":"https:\/\/wpguerssen-test.odoo.rgbconsulting.com\/es\/producto\/na-rua-na-chuva-na-fazenda\/","og_locale":"es_ES","og_type":"article","og_title":"HYLDON - Na Rua, Na Chuva, Na Fazenda -  (LP) | Guerssen","og_description":"A classic Brazilian soul album, orginally from 1975, sees a welcome reissue on 180-GRAM VINYL! 'Na Rua, Na Chuva, Na Fazenda' captures the vibrant musical spirit of the 1970s and reflects the influence of the black power movement. With a mix of MPB, soul and funk, Hyldon brought his unique sound to life, collaborating with influential artists s.a. Azymuth. This album has earned cult status over the years, securing its place as one of the most coveted Brazilian records of all time.","og_url":"https:\/\/wpguerssen-test.odoo.rgbconsulting.com\/es\/producto\/na-rua-na-chuva-na-fazenda\/","og_site_name":"Guerssen records","article_modified_time":"2025-04-23T15:42:10+00:00","og_image":[{"width":600,"height":600,"url":"https:\/\/wpguerssen-test.odoo.rgbconsulting.com\/wp-content\/uploads\/2025\/02\/49911.jpg","type":"image\/jpeg"}],"twitter_card":"summary_large_image","twitter_title":"HYLDON - Na Rua, Na Chuva, Na Fazenda -  (LP) | Guerssen","twitter_misc":{"Tiempo de lectura":"1 minuto"},"schema":{"@context":"https:\/\/schema.org","@graph":[{"@type":"WebPage","@id":"https:\/\/wpguerssen-test.odoo.rgbconsulting.com\/es\/producto\/na-rua-na-chuva-na-fazenda\/","url":"https:\/\/wpguerssen-test.odoo.rgbconsulting.com\/es\/producto\/na-rua-na-chuva-na-fazenda\/","name":"HYLDON - Na Rua, Na Chuva, Na Fazenda - (LP) | Guerssen","isPartOf":{"@id":"https:\/\/wpguerssen-test.odoo.rgbconsulting.com\/es\/#website"},"primaryImageOfPage":{"@id":"https:\/\/wpguerssen-test.odoo.rgbconsulting.com\/es\/producto\/na-rua-na-chuva-na-fazenda\/#primaryimage"},"image":{"@id":"https:\/\/wpguerssen-test.odoo.rgbconsulting.com\/es\/producto\/na-rua-na-chuva-na-fazenda\/#primaryimage"},"thumbnailUrl":"https:\/\/wpguerssen-test.odoo.rgbconsulting.com\/wp-content\/uploads\/2025\/02\/49911.jpg","datePublished":"2025-04-13T22:00:00+00:00","dateModified":"2025-04-23T15:42:10+00:00","description":"A classic Brazilian soul album, orginally from 1975, sees a welcome reissue on 180-GRAM VINYL! 'Na Rua, Na Chuva, Na Fazenda' captures the vibrant musical spirit of the 1970s and reflects the influence of the black power movement. With a mix of MPB, soul and funk, Hyldon brought his unique sound to life, collaborating with influential artists s.a. Azymuth. This album has earned cult status over the years, securing its place as one of the most coveted Brazilian records of all time.","breadcrumb":{"@id":"https:\/\/wpguerssen-test.odoo.rgbconsulting.com\/es\/producto\/na-rua-na-chuva-na-fazenda\/#breadcrumb"},"inLanguage":"es","potentialAction":[{"@type":"ReadAction","target":["https:\/\/wpguerssen-test.odoo.rgbconsulting.com\/es\/producto\/na-rua-na-chuva-na-fazenda\/"]}]},{"@type":"ImageObject","inLanguage":"es","@id":"https:\/\/wpguerssen-test.odoo.rgbconsulting.com\/es\/producto\/na-rua-na-chuva-na-fazenda\/#primaryimage","url":"https:\/\/wpguerssen-test.odoo.rgbconsulting.com\/wp-content\/uploads\/2025\/02\/49911.jpg","contentUrl":"https:\/\/wpguerssen-test.odoo.rgbconsulting.com\/wp-content\/uploads\/2025\/02\/49911.jpg","width":600,"height":600,"caption":"Na Chuva"},{"@type":"BreadcrumbList","@id":"https:\/\/wpguerssen-test.odoo.rgbconsulting.com\/es\/producto\/na-rua-na-chuva-na-fazenda\/#breadcrumb","itemListElement":[{"@type":"ListItem","position":1,"name":"Inicio","item":"https:\/\/wpguerssen-test.odoo.rgbconsulting.com\/es\/"},{"@type":"ListItem","position":2,"name":"Shop","item":"https:\/\/wpguerssen-test.odoo.rgbconsulting.com\/shop\/"},{"@type":"ListItem","position":3,"name":"Na Rua, Na Chuva, Na Fazenda"}]},{"@type":"WebSite","@id":"https:\/\/wpguerssen-test.odoo.rgbconsulting.com\/es\/#website","url":"https:\/\/wpguerssen-test.odoo.rgbconsulting.com\/es\/","name":"Guerssen records","description":"psychedelia - progressive - folk - garage ","publisher":{"@id":"https:\/\/wpguerssen-test.odoo.rgbconsulting.com\/es\/#organization"},"potentialAction":[{"@type":"SearchAction","target":{"@type":"EntryPoint","urlTemplate":"https:\/\/wpguerssen-test.odoo.rgbconsulting.com\/es\/?s={search_term_string}"},"query-input":{"@type":"PropertyValueSpecification","valueRequired":true,"valueName":"search_term_string"}}],"inLanguage":"es"},{"@type":"Organization","@id":"https:\/\/wpguerssen-test.odoo.rgbconsulting.com\/es\/#organization","name":"Guerssen records","url":"https:\/\/wpguerssen-test.odoo.rgbconsulting.com\/es\/","logo":{"@type":"ImageObject","inLanguage":"es","@id":"https:\/\/wpguerssen-test.odoo.rgbconsulting.com\/es\/#\/schema\/logo\/image\/","url":"https:\/\/wpguerssen-test.odoo.rgbconsulting.com\/wp-content\/uploads\/2022\/04\/Logo_Guerssen_trans_100.png","contentUrl":"https:\/\/wpguerssen-test.odoo.rgbconsulting.com\/wp-content\/uploads\/2022\/04\/Logo_Guerssen_trans_100.png","width":122,"height":100,"caption":"Guerssen records"},"image":{"@id":"https:\/\/wpguerssen-test.odoo.rgbconsulting.com\/es\/#\/schema\/logo\/image\/"}}]}},"_links":{"self":[{"href":"https:\/\/wpguerssen-test.odoo.rgbconsulting.com\/es\/wp-json\/wp\/v2\/product\/283927","targetHints":{"allow":["GET"]}}],"collection":[{"href":"https:\/\/wpguerssen-test.odoo.rgbconsulting.com\/es\/wp-json\/wp\/v2\/product"}],"about":[{"href":"https:\/\/wpguerssen-test.odoo.rgbconsulting.com\/es\/wp-json\/wp\/v2\/types\/product"}],"wp:featuredmedia":[{"embeddable":true,"href":"https:\/\/wpguerssen-test.odoo.rgbconsulting.com\/es\/wp-json\/wp\/v2\/media\/283920"}],"wp:attachment":[{"href":"https:\/\/wpguerssen-test.odoo.rgbconsulting.com\/es\/wp-json\/wp\/v2\/media?parent=283927"}],"wp:term":[{"taxonomy":"product_brand","embeddable":true,"href":"https:\/\/wpguerssen-test.odoo.rgbconsulting.com\/es\/wp-json\/wp\/v2\/product_brand?post=283927"},{"taxonomy":"product_cat","embeddable":true,"href":"https:\/\/wpguerssen-test.odoo.rgbconsulting.com\/es\/wp-json\/wp\/v2\/product_cat?post=283927"},{"taxonomy":"product_tag","embeddable":true,"href":"https:\/\/wpguerssen-test.odoo.rgbconsulting.com\/es\/wp-json\/wp\/v2\/product_tag?post=283927"}],"curies":[{"name":"wp","href":"https:\/\/api.w.org\/{rel}","templated":true}]}}