{"id":283965,"date":"2025-04-22T00:00:00","date_gmt":"2025-04-21T22:00:00","guid":{"rendered":"https:\/\/wpguerssen-test.odoo.rgbconsulting.com\/product\/you-nasty-opaque-green-black-orange-splatter\/"},"modified":"2025-04-22T17:00:18","modified_gmt":"2025-04-22T15:00:18","slug":"you-nasty-opaque-green-black-orange-splatter","status":"publish","type":"product","link":"https:\/\/wpguerssen-test.odoo.rgbconsulting.com\/es\/producto\/you-nasty-opaque-green-black-orange-splatter\/","title":{"rendered":"You Nasty (Opaque Green \/ Black Orange Splatter)"},"content":{"rendered":"<p>Un a\u00f1o despu\u00e9s de salir de su jubilaci\u00f3n anticipada y lanzar su und\u00e9cimo \u00e1lbum de estudio Can&#8217;t Stay Away, Too $hort lanz\u00f3 su duod\u00e9cimo \u00e1lbum de estudio, You Nasty, en el a\u00f1o 2000. Con m\u00e1s de veinte a\u00f1os en el juego, Too $hort no deja de rapear y escupe su juego de proxeneta sobre la costa Oeste cargados de funk con algunas influencias del Dirty South para el a\u00f1o 2000. Get On Down, en asociaci\u00f3n con CERTIFIED de Sony Music, se enorgullece de presentar You Nasty por primera vez en vinilo. El \u00e1lbum est\u00e1 impreso en vinilo de colores con 3 instrumentos adicionales y empaquetado en una cubierta plegable de lujo.<\/p>\n","protected":false},"excerpt":{"rendered":"<p>Un a\u00f1o despu\u00e9s de salir de su jubilaci\u00f3n anticipada y lanzar su und\u00e9cimo \u00e1lbum de estudio Can&#8217;t Stay Away, Too $hort lanz\u00f3 su duod\u00e9cimo \u00e1lbum de estudio,<a class=\"read\" href=\"https:\/\/wpguerssen-test.odoo.rgbconsulting.com\/es\/producto\/you-nasty-opaque-green-black-orange-splatter\/\"> (...)<\/a>","protected":false},"featured_media":283955,"template":"","meta":{"_acf_changed":false},"product_brand":[],"product_cat":[21706],"product_tag":[29140,24189],"class_list":{"0":"post-283965","1":"product","2":"type-product","3":"status-publish","4":"has-post-thumbnail","6":"product_cat-rap-hip-hop-es","7":"product_tag-color-vinyl-es","8":"product_tag-recien-llegadas","9":"pa_artist-too-short","10":"pa_format-2lp-es","11":"pa_gender-rap-hip-hop","12":"pa_label-get-on-down","13":"pa_location-north-america-es","14":"pa_other-filters-vinyl-only-es","16":"first","17":"instock","18":"taxable","19":"shipping-taxable","20":"purchasable","21":"product-type-simple"},"acf":[],"yoast_head":"<!-- This site is optimized with the Yoast SEO plugin v24.9 - https:\/\/yoast.com\/wordpress\/plugins\/seo\/ -->\n<title>TOO SHORT - You Nasty (Opaque Green \/ Black Orange Splatter) -  (2LP) | Guerssen<\/title>\n<meta name=\"description\" content=\"One year after coming out of early retirement and releasing his 11th studio album Can&#039;t Stay Away, Too $hort dropped his 12th studio album You Nasty in the year 2000. With over twenty years in the game, Too $hort don&#039;t stop mackin&#039; or rappin&#039; and spits his pimp game over WestCoast funk-laden tracks with some Dirty South influences for the Y2K. Get On Down in partnership with Sony Music&#039;s CERTIFIED is proud to present You Nasty for the first time on vinyl. The album is pressed on colored vinyl with 3 bonus instrumentals and packaged in a deluxe gatefold jacket.\" \/>\n<meta name=\"robots\" content=\"index, follow, max-snippet:-1, max-image-preview:large, max-video-preview:-1\" \/>\n<link rel=\"canonical\" href=\"https:\/\/wpguerssen-test.odoo.rgbconsulting.com\/es\/producto\/you-nasty-opaque-green-black-orange-splatter\/\" \/>\n<meta property=\"og:locale\" content=\"es_ES\" \/>\n<meta property=\"og:type\" content=\"article\" \/>\n<meta property=\"og:title\" content=\"TOO SHORT - You Nasty (Opaque Green \/ Black Orange Splatter) -  (2LP) | Guerssen\" \/>\n<meta property=\"og:description\" content=\"One year after coming out of early retirement and releasing his 11th studio album Can&#039;t Stay Away, Too $hort dropped his 12th studio album You Nasty in the year 2000. With over twenty years in the game, Too $hort don&#039;t stop mackin&#039; or rappin&#039; and spits his pimp game over WestCoast funk-laden tracks with some Dirty South influences for the Y2K. Get On Down in partnership with Sony Music&#039;s CERTIFIED is proud to present You Nasty for the first time on vinyl. The album is pressed on colored vinyl with 3 bonus instrumentals and packaged in a deluxe gatefold jacket.\" \/>\n<meta property=\"og:url\" content=\"https:\/\/wpguerssen-test.odoo.rgbconsulting.com\/es\/producto\/you-nasty-opaque-green-black-orange-splatter\/\" \/>\n<meta property=\"og:site_name\" content=\"Guerssen records\" \/>\n<meta property=\"article:modified_time\" content=\"2025-04-22T15:00:18+00:00\" \/>\n<meta property=\"og:image\" content=\"https:\/\/wpguerssen-test.odoo.rgbconsulting.com\/wp-content\/uploads\/2025\/02\/49913.jpg\" \/>\n\t<meta property=\"og:image:width\" content=\"404\" \/>\n\t<meta property=\"og:image:height\" content=\"404\" \/>\n\t<meta property=\"og:image:type\" content=\"image\/jpeg\" \/>\n<meta name=\"twitter:card\" content=\"summary_large_image\" \/>\n<meta name=\"twitter:title\" content=\"TOO SHORT - You Nasty (Opaque Green \/ Black Orange Splatter) -  (2LP) | Guerssen\" \/>\n<meta name=\"twitter:label1\" content=\"Tiempo de lectura\" \/>\n\t<meta name=\"twitter:data1\" content=\"1 minuto\" \/>\n<script type=\"application\/ld+json\" class=\"yoast-schema-graph\">{\"@context\":\"https:\/\/schema.org\",\"@graph\":[{\"@type\":\"WebPage\",\"@id\":\"https:\/\/wpguerssen-test.odoo.rgbconsulting.com\/es\/producto\/you-nasty-opaque-green-black-orange-splatter\/\",\"url\":\"https:\/\/wpguerssen-test.odoo.rgbconsulting.com\/es\/producto\/you-nasty-opaque-green-black-orange-splatter\/\",\"name\":\"TOO SHORT - You Nasty (Opaque Green \/ Black Orange Splatter) - (2LP) | Guerssen\",\"isPartOf\":{\"@id\":\"https:\/\/wpguerssen-test.odoo.rgbconsulting.com\/es\/#website\"},\"primaryImageOfPage\":{\"@id\":\"https:\/\/wpguerssen-test.odoo.rgbconsulting.com\/es\/producto\/you-nasty-opaque-green-black-orange-splatter\/#primaryimage\"},\"image\":{\"@id\":\"https:\/\/wpguerssen-test.odoo.rgbconsulting.com\/es\/producto\/you-nasty-opaque-green-black-orange-splatter\/#primaryimage\"},\"thumbnailUrl\":\"https:\/\/wpguerssen-test.odoo.rgbconsulting.com\/wp-content\/uploads\/2025\/02\/49913.jpg\",\"datePublished\":\"2025-04-21T22:00:00+00:00\",\"dateModified\":\"2025-04-22T15:00:18+00:00\",\"description\":\"One year after coming out of early retirement and releasing his 11th studio album Can't Stay Away, Too $hort dropped his 12th studio album You Nasty in the year 2000. With over twenty years in the game, Too $hort don't stop mackin' or rappin' and spits his pimp game over WestCoast funk-laden tracks with some Dirty South influences for the Y2K. Get On Down in partnership with Sony Music's CERTIFIED is proud to present You Nasty for the first time on vinyl. The album is pressed on colored vinyl with 3 bonus instrumentals and packaged in a deluxe gatefold jacket.\",\"breadcrumb\":{\"@id\":\"https:\/\/wpguerssen-test.odoo.rgbconsulting.com\/es\/producto\/you-nasty-opaque-green-black-orange-splatter\/#breadcrumb\"},\"inLanguage\":\"es\",\"potentialAction\":[{\"@type\":\"ReadAction\",\"target\":[\"https:\/\/wpguerssen-test.odoo.rgbconsulting.com\/es\/producto\/you-nasty-opaque-green-black-orange-splatter\/\"]}]},{\"@type\":\"ImageObject\",\"inLanguage\":\"es\",\"@id\":\"https:\/\/wpguerssen-test.odoo.rgbconsulting.com\/es\/producto\/you-nasty-opaque-green-black-orange-splatter\/#primaryimage\",\"url\":\"https:\/\/wpguerssen-test.odoo.rgbconsulting.com\/wp-content\/uploads\/2025\/02\/49913.jpg\",\"contentUrl\":\"https:\/\/wpguerssen-test.odoo.rgbconsulting.com\/wp-content\/uploads\/2025\/02\/49913.jpg\",\"width\":404,\"height\":404},{\"@type\":\"BreadcrumbList\",\"@id\":\"https:\/\/wpguerssen-test.odoo.rgbconsulting.com\/es\/producto\/you-nasty-opaque-green-black-orange-splatter\/#breadcrumb\",\"itemListElement\":[{\"@type\":\"ListItem\",\"position\":1,\"name\":\"Inicio\",\"item\":\"https:\/\/wpguerssen-test.odoo.rgbconsulting.com\/es\/\"},{\"@type\":\"ListItem\",\"position\":2,\"name\":\"Shop\",\"item\":\"https:\/\/wpguerssen-test.odoo.rgbconsulting.com\/shop\/\"},{\"@type\":\"ListItem\",\"position\":3,\"name\":\"You Nasty (Opaque Green \/ Black Orange Splatter)\"}]},{\"@type\":\"WebSite\",\"@id\":\"https:\/\/wpguerssen-test.odoo.rgbconsulting.com\/es\/#website\",\"url\":\"https:\/\/wpguerssen-test.odoo.rgbconsulting.com\/es\/\",\"name\":\"Guerssen records\",\"description\":\"psychedelia - progressive - folk - garage \",\"publisher\":{\"@id\":\"https:\/\/wpguerssen-test.odoo.rgbconsulting.com\/es\/#organization\"},\"potentialAction\":[{\"@type\":\"SearchAction\",\"target\":{\"@type\":\"EntryPoint\",\"urlTemplate\":\"https:\/\/wpguerssen-test.odoo.rgbconsulting.com\/es\/?s={search_term_string}\"},\"query-input\":{\"@type\":\"PropertyValueSpecification\",\"valueRequired\":true,\"valueName\":\"search_term_string\"}}],\"inLanguage\":\"es\"},{\"@type\":\"Organization\",\"@id\":\"https:\/\/wpguerssen-test.odoo.rgbconsulting.com\/es\/#organization\",\"name\":\"Guerssen records\",\"url\":\"https:\/\/wpguerssen-test.odoo.rgbconsulting.com\/es\/\",\"logo\":{\"@type\":\"ImageObject\",\"inLanguage\":\"es\",\"@id\":\"https:\/\/wpguerssen-test.odoo.rgbconsulting.com\/es\/#\/schema\/logo\/image\/\",\"url\":\"https:\/\/wpguerssen-test.odoo.rgbconsulting.com\/wp-content\/uploads\/2022\/04\/Logo_Guerssen_trans_100.png\",\"contentUrl\":\"https:\/\/wpguerssen-test.odoo.rgbconsulting.com\/wp-content\/uploads\/2022\/04\/Logo_Guerssen_trans_100.png\",\"width\":122,\"height\":100,\"caption\":\"Guerssen records\"},\"image\":{\"@id\":\"https:\/\/wpguerssen-test.odoo.rgbconsulting.com\/es\/#\/schema\/logo\/image\/\"}}]}<\/script>\n<!-- \/ Yoast SEO plugin. -->","yoast_head_json":{"title":"TOO SHORT - You Nasty (Opaque Green \/ Black Orange Splatter) -  (2LP) | Guerssen","description":"One year after coming out of early retirement and releasing his 11th studio album Can't Stay Away, Too $hort dropped his 12th studio album You Nasty in the year 2000. With over twenty years in the game, Too $hort don't stop mackin' or rappin' and spits his pimp game over WestCoast funk-laden tracks with some Dirty South influences for the Y2K. Get On Down in partnership with Sony Music's CERTIFIED is proud to present You Nasty for the first time on vinyl. The album is pressed on colored vinyl with 3 bonus instrumentals and packaged in a deluxe gatefold jacket.","robots":{"index":"index","follow":"follow","max-snippet":"max-snippet:-1","max-image-preview":"max-image-preview:large","max-video-preview":"max-video-preview:-1"},"canonical":"https:\/\/wpguerssen-test.odoo.rgbconsulting.com\/es\/producto\/you-nasty-opaque-green-black-orange-splatter\/","og_locale":"es_ES","og_type":"article","og_title":"TOO SHORT - You Nasty (Opaque Green \/ Black Orange Splatter) -  (2LP) | Guerssen","og_description":"One year after coming out of early retirement and releasing his 11th studio album Can't Stay Away, Too $hort dropped his 12th studio album You Nasty in the year 2000. With over twenty years in the game, Too $hort don't stop mackin' or rappin' and spits his pimp game over WestCoast funk-laden tracks with some Dirty South influences for the Y2K. Get On Down in partnership with Sony Music's CERTIFIED is proud to present You Nasty for the first time on vinyl. The album is pressed on colored vinyl with 3 bonus instrumentals and packaged in a deluxe gatefold jacket.","og_url":"https:\/\/wpguerssen-test.odoo.rgbconsulting.com\/es\/producto\/you-nasty-opaque-green-black-orange-splatter\/","og_site_name":"Guerssen records","article_modified_time":"2025-04-22T15:00:18+00:00","og_image":[{"width":404,"height":404,"url":"https:\/\/wpguerssen-test.odoo.rgbconsulting.com\/wp-content\/uploads\/2025\/02\/49913.jpg","type":"image\/jpeg"}],"twitter_card":"summary_large_image","twitter_title":"TOO SHORT - You Nasty (Opaque Green \/ Black Orange Splatter) -  (2LP) | Guerssen","twitter_misc":{"Tiempo de lectura":"1 minuto"},"schema":{"@context":"https:\/\/schema.org","@graph":[{"@type":"WebPage","@id":"https:\/\/wpguerssen-test.odoo.rgbconsulting.com\/es\/producto\/you-nasty-opaque-green-black-orange-splatter\/","url":"https:\/\/wpguerssen-test.odoo.rgbconsulting.com\/es\/producto\/you-nasty-opaque-green-black-orange-splatter\/","name":"TOO SHORT - You Nasty (Opaque Green \/ Black Orange Splatter) - (2LP) | Guerssen","isPartOf":{"@id":"https:\/\/wpguerssen-test.odoo.rgbconsulting.com\/es\/#website"},"primaryImageOfPage":{"@id":"https:\/\/wpguerssen-test.odoo.rgbconsulting.com\/es\/producto\/you-nasty-opaque-green-black-orange-splatter\/#primaryimage"},"image":{"@id":"https:\/\/wpguerssen-test.odoo.rgbconsulting.com\/es\/producto\/you-nasty-opaque-green-black-orange-splatter\/#primaryimage"},"thumbnailUrl":"https:\/\/wpguerssen-test.odoo.rgbconsulting.com\/wp-content\/uploads\/2025\/02\/49913.jpg","datePublished":"2025-04-21T22:00:00+00:00","dateModified":"2025-04-22T15:00:18+00:00","description":"One year after coming out of early retirement and releasing his 11th studio album Can't Stay Away, Too $hort dropped his 12th studio album You Nasty in the year 2000. With over twenty years in the game, Too $hort don't stop mackin' or rappin' and spits his pimp game over WestCoast funk-laden tracks with some Dirty South influences for the Y2K. Get On Down in partnership with Sony Music's CERTIFIED is proud to present You Nasty for the first time on vinyl. The album is pressed on colored vinyl with 3 bonus instrumentals and packaged in a deluxe gatefold jacket.","breadcrumb":{"@id":"https:\/\/wpguerssen-test.odoo.rgbconsulting.com\/es\/producto\/you-nasty-opaque-green-black-orange-splatter\/#breadcrumb"},"inLanguage":"es","potentialAction":[{"@type":"ReadAction","target":["https:\/\/wpguerssen-test.odoo.rgbconsulting.com\/es\/producto\/you-nasty-opaque-green-black-orange-splatter\/"]}]},{"@type":"ImageObject","inLanguage":"es","@id":"https:\/\/wpguerssen-test.odoo.rgbconsulting.com\/es\/producto\/you-nasty-opaque-green-black-orange-splatter\/#primaryimage","url":"https:\/\/wpguerssen-test.odoo.rgbconsulting.com\/wp-content\/uploads\/2025\/02\/49913.jpg","contentUrl":"https:\/\/wpguerssen-test.odoo.rgbconsulting.com\/wp-content\/uploads\/2025\/02\/49913.jpg","width":404,"height":404},{"@type":"BreadcrumbList","@id":"https:\/\/wpguerssen-test.odoo.rgbconsulting.com\/es\/producto\/you-nasty-opaque-green-black-orange-splatter\/#breadcrumb","itemListElement":[{"@type":"ListItem","position":1,"name":"Inicio","item":"https:\/\/wpguerssen-test.odoo.rgbconsulting.com\/es\/"},{"@type":"ListItem","position":2,"name":"Shop","item":"https:\/\/wpguerssen-test.odoo.rgbconsulting.com\/shop\/"},{"@type":"ListItem","position":3,"name":"You Nasty (Opaque Green \/ Black Orange Splatter)"}]},{"@type":"WebSite","@id":"https:\/\/wpguerssen-test.odoo.rgbconsulting.com\/es\/#website","url":"https:\/\/wpguerssen-test.odoo.rgbconsulting.com\/es\/","name":"Guerssen records","description":"psychedelia - progressive - folk - garage ","publisher":{"@id":"https:\/\/wpguerssen-test.odoo.rgbconsulting.com\/es\/#organization"},"potentialAction":[{"@type":"SearchAction","target":{"@type":"EntryPoint","urlTemplate":"https:\/\/wpguerssen-test.odoo.rgbconsulting.com\/es\/?s={search_term_string}"},"query-input":{"@type":"PropertyValueSpecification","valueRequired":true,"valueName":"search_term_string"}}],"inLanguage":"es"},{"@type":"Organization","@id":"https:\/\/wpguerssen-test.odoo.rgbconsulting.com\/es\/#organization","name":"Guerssen records","url":"https:\/\/wpguerssen-test.odoo.rgbconsulting.com\/es\/","logo":{"@type":"ImageObject","inLanguage":"es","@id":"https:\/\/wpguerssen-test.odoo.rgbconsulting.com\/es\/#\/schema\/logo\/image\/","url":"https:\/\/wpguerssen-test.odoo.rgbconsulting.com\/wp-content\/uploads\/2022\/04\/Logo_Guerssen_trans_100.png","contentUrl":"https:\/\/wpguerssen-test.odoo.rgbconsulting.com\/wp-content\/uploads\/2022\/04\/Logo_Guerssen_trans_100.png","width":122,"height":100,"caption":"Guerssen records"},"image":{"@id":"https:\/\/wpguerssen-test.odoo.rgbconsulting.com\/es\/#\/schema\/logo\/image\/"}}]}},"_links":{"self":[{"href":"https:\/\/wpguerssen-test.odoo.rgbconsulting.com\/es\/wp-json\/wp\/v2\/product\/283965","targetHints":{"allow":["GET"]}}],"collection":[{"href":"https:\/\/wpguerssen-test.odoo.rgbconsulting.com\/es\/wp-json\/wp\/v2\/product"}],"about":[{"href":"https:\/\/wpguerssen-test.odoo.rgbconsulting.com\/es\/wp-json\/wp\/v2\/types\/product"}],"wp:featuredmedia":[{"embeddable":true,"href":"https:\/\/wpguerssen-test.odoo.rgbconsulting.com\/es\/wp-json\/wp\/v2\/media\/283955"}],"wp:attachment":[{"href":"https:\/\/wpguerssen-test.odoo.rgbconsulting.com\/es\/wp-json\/wp\/v2\/media?parent=283965"}],"wp:term":[{"taxonomy":"product_brand","embeddable":true,"href":"https:\/\/wpguerssen-test.odoo.rgbconsulting.com\/es\/wp-json\/wp\/v2\/product_brand?post=283965"},{"taxonomy":"product_cat","embeddable":true,"href":"https:\/\/wpguerssen-test.odoo.rgbconsulting.com\/es\/wp-json\/wp\/v2\/product_cat?post=283965"},{"taxonomy":"product_tag","embeddable":true,"href":"https:\/\/wpguerssen-test.odoo.rgbconsulting.com\/es\/wp-json\/wp\/v2\/product_tag?post=283965"}],"curies":[{"name":"wp","href":"https:\/\/api.w.org\/{rel}","templated":true}]}}