{"id":283976,"date":"2025-03-13T00:00:00","date_gmt":"2025-03-12T23:00:00","guid":{"rendered":"https:\/\/wpguerssen-test.odoo.rgbconsulting.com\/?post_type=product&#038;p=283976"},"modified":"2025-04-25T14:03:52","modified_gmt":"2025-04-25T12:03:52","slug":"skin-deep","status":"publish","type":"product","link":"https:\/\/wpguerssen-test.odoo.rgbconsulting.com\/es\/producto\/skin-deep\/","title":{"rendered":"Skin Deep"},"content":{"rendered":"<p>After Shave grab\u00f3 en 1972 uno de los LP m\u00e1s ic\u00f3nicos del rock de los 70 en Suiza, ahora reeditado por primera vez en colaboraci\u00f3n con el l\u00edder de la banda, Pierre-Alain Kessi. <\/p>\n<p> Este LP cl\u00e1sico de los 70 fue grabado en Bienne en los estudios Soundraft en un ocho-pistas, siendo una mezcla equilibrada entre su vena rockera pesada y su lado ac\u00fastico, dando lugar a uno de los mejores discos de rock suizo de los 70. <\/p>\n<p> El \u00e1lbum re\u00fane algunos grandes temas heavy como &#8216;Ride, Ride, Ride&#8217;, &#8216;Sweet Home&#8217;, &#8216;Skin Deep&#8217;, &#8216;Near The Sun&#8217; o el genial &#8216;Sunflower&#8217;.Esta reedici\u00f3n incluye 2 temas extra, &#8216;One Of The Best&#8217;, publicado por primera vez en 7&#8243;, y &#8216;Greenage Man&#8217;, por primera vez en vinilo, siendo todos los temas remasterizados para conseguir la mejor calidad posible. <\/p>\n<p> Incluye un libreto de 8 p\u00e1ginas con im\u00e1genes de la banda y su historia, todo escrito por Pierre-Alain Kessi. <\/p>\n<p> Edici\u00f3n limitada a 200 copias (3 franjas de color) y 300 copias en vinilo negro. <\/p>\n<p> Tracklist:<br \/>Side 1: 1. Skin Deep &#8211; 2. Him &#8211; 3. Paper Woman &#8211; 4. Ride, Ride, Ride &#8211; 5. Sweet Home<br \/>Side 2: 1. One of The Best &#8211; 2. Amsterdam In My Living Room &#8211; 3. Near The sun &#8211; 4. Pink Rose &#8211; 5. Sunflower &#8211; 6. Greenage Man<\/p>\n","protected":false},"excerpt":{"rendered":"<p>After Shave grab\u00f3 en 1972 uno de los LP m\u00e1s ic\u00f3nicos del rock de los 70 en Suiza, ahora reeditado por primera vez en colaboraci\u00f3n con el l\u00edder de la banda, Pierre-Alain<a class=\"read\" href=\"https:\/\/wpguerssen-test.odoo.rgbconsulting.com\/es\/producto\/skin-deep\/\"> (...)<\/a>","protected":false},"featured_media":283981,"template":"","meta":{"_acf_changed":false},"product_brand":[],"product_cat":[23224],"product_tag":[24189],"class_list":{"0":"post-283976","1":"product","2":"type-product","3":"status-publish","4":"has-post-thumbnail","6":"product_cat-hard-rock-60s-70s-es","7":"product_tag-recien-llegadas","8":"pa_artist-after-shave-es","9":"pa_format-lp-es","10":"pa_gender-hard-rock-60s-70s","11":"pa_label-yunque-records","12":"pa_location-europe-es","13":"pa_other-filters-vinyl-only-es","15":"first","16":"instock","17":"taxable","18":"shipping-taxable","19":"purchasable","20":"product-type-simple"},"acf":[],"yoast_head":"<!-- This site is optimized with the Yoast SEO plugin v24.9 - https:\/\/yoast.com\/wordpress\/plugins\/seo\/ -->\n<title>AFTER SHAVE - Skin Deep -  (LP) | Guerssen<\/title>\n<meta name=\"description\" content=\"After Shave recorded in 1972 one of the most iconic 70&#039;s rock LP&#039;s out of Switzerland, now reissued for the first time in collaboration with the leader of the band, Pierre-Alain Kessi. #nl# This classic 70&#039;s LP was recorded in Bienne at Soundraft&#039;s studios on an eight- tracking recording deck, being a balanced mix between their heavy rock vein and their acoustic side, making what is one of the best swiss 70&#039;s rock records. #nl# The album gathers some great heavy tracks like &#039;Ride, Ride, Ride&#039;, &#039;Sweet Home&#039;, &#039;Skin Deep&#039;, &#039;Near The Sun&#039; or the great &#039;Sunflower&#039;. #nl# This reissue includes 2 extra tracks, &#039;One Of The Best&#039;, first released on 7&quot;, and &#039;Greenage Man&#039;, for first time on vinyl, being all tracks remastered to get the best quality possible. #nl# It includes an 8 page booklet with pictures of the band and their history, all written by Pierre-Alain Kessi.Limited to 200 copies (3 color stripes) and 300 copies on black vinyl. #nl# Tracklist:Side 1: 1. Skin Deep - 2. Him - 3. Paper Woman - 4. Ride, Ride, Ride - 5. Sweet HomeSide 2: 1. One of The Best - 2. Amsterdam In My Living Room - 3. Near The sun - 4. Pink Rose - 5. Sunflower - 6. Greenage Man\" \/>\n<meta name=\"robots\" content=\"index, follow, max-snippet:-1, max-image-preview:large, max-video-preview:-1\" \/>\n<link rel=\"canonical\" href=\"https:\/\/wpguerssen-test.odoo.rgbconsulting.com\/es\/producto\/skin-deep\/\" \/>\n<meta property=\"og:locale\" content=\"es_ES\" \/>\n<meta property=\"og:type\" content=\"article\" \/>\n<meta property=\"og:title\" content=\"AFTER SHAVE - Skin Deep -  (LP) | Guerssen\" \/>\n<meta property=\"og:description\" content=\"After Shave recorded in 1972 one of the most iconic 70&#039;s rock LP&#039;s out of Switzerland, now reissued for the first time in collaboration with the leader of the band, Pierre-Alain Kessi. #nl# This classic 70&#039;s LP was recorded in Bienne at Soundraft&#039;s studios on an eight- tracking recording deck, being a balanced mix between their heavy rock vein and their acoustic side, making what is one of the best swiss 70&#039;s rock records. #nl# The album gathers some great heavy tracks like &#039;Ride, Ride, Ride&#039;, &#039;Sweet Home&#039;, &#039;Skin Deep&#039;, &#039;Near The Sun&#039; or the great &#039;Sunflower&#039;. #nl# This reissue includes 2 extra tracks, &#039;One Of The Best&#039;, first released on 7&quot;, and &#039;Greenage Man&#039;, for first time on vinyl, being all tracks remastered to get the best quality possible. #nl# It includes an 8 page booklet with pictures of the band and their history, all written by Pierre-Alain Kessi.Limited to 200 copies (3 color stripes) and 300 copies on black vinyl. #nl# Tracklist:Side 1: 1. Skin Deep - 2. Him - 3. Paper Woman - 4. Ride, Ride, Ride - 5. Sweet HomeSide 2: 1. One of The Best - 2. Amsterdam In My Living Room - 3. Near The sun - 4. Pink Rose - 5. Sunflower - 6. Greenage Man\" \/>\n<meta property=\"og:url\" content=\"https:\/\/wpguerssen-test.odoo.rgbconsulting.com\/es\/producto\/skin-deep\/\" \/>\n<meta property=\"og:site_name\" content=\"Guerssen records\" \/>\n<meta property=\"article:modified_time\" content=\"2025-04-25T12:03:52+00:00\" \/>\n<meta property=\"og:image\" content=\"https:\/\/wpguerssen-test.odoo.rgbconsulting.com\/wp-content\/uploads\/2025\/02\/49917.jpg\" \/>\n\t<meta property=\"og:image:width\" content=\"800\" \/>\n\t<meta property=\"og:image:height\" content=\"800\" \/>\n\t<meta property=\"og:image:type\" content=\"image\/jpeg\" \/>\n<meta name=\"twitter:card\" content=\"summary_large_image\" \/>\n<meta name=\"twitter:title\" content=\"AFTER SHAVE - Skin Deep -  (LP) | Guerssen\" \/>\n<meta name=\"twitter:label1\" content=\"Tiempo de lectura\" \/>\n\t<meta name=\"twitter:data1\" content=\"1 minuto\" \/>\n<script type=\"application\/ld+json\" class=\"yoast-schema-graph\">{\"@context\":\"https:\/\/schema.org\",\"@graph\":[{\"@type\":\"WebPage\",\"@id\":\"https:\/\/wpguerssen-test.odoo.rgbconsulting.com\/es\/producto\/skin-deep\/\",\"url\":\"https:\/\/wpguerssen-test.odoo.rgbconsulting.com\/es\/producto\/skin-deep\/\",\"name\":\"AFTER SHAVE - Skin Deep - (LP) | Guerssen\",\"isPartOf\":{\"@id\":\"https:\/\/wpguerssen-test.odoo.rgbconsulting.com\/es\/#website\"},\"primaryImageOfPage\":{\"@id\":\"https:\/\/wpguerssen-test.odoo.rgbconsulting.com\/es\/producto\/skin-deep\/#primaryimage\"},\"image\":{\"@id\":\"https:\/\/wpguerssen-test.odoo.rgbconsulting.com\/es\/producto\/skin-deep\/#primaryimage\"},\"thumbnailUrl\":\"https:\/\/wpguerssen-test.odoo.rgbconsulting.com\/wp-content\/uploads\/2025\/02\/49917.jpg\",\"datePublished\":\"2025-03-12T23:00:00+00:00\",\"dateModified\":\"2025-04-25T12:03:52+00:00\",\"description\":\"After Shave recorded in 1972 one of the most iconic 70's rock LP's out of Switzerland, now reissued for the first time in collaboration with the leader of the band, Pierre-Alain Kessi. #nl# This classic 70's LP was recorded in Bienne at Soundraft's studios on an eight- tracking recording deck, being a balanced mix between their heavy rock vein and their acoustic side, making what is one of the best swiss 70's rock records. #nl# The album gathers some great heavy tracks like 'Ride, Ride, Ride', 'Sweet Home', 'Skin Deep', 'Near The Sun' or the great 'Sunflower'. #nl# This reissue includes 2 extra tracks, 'One Of The Best', first released on 7\\\", and 'Greenage Man', for first time on vinyl, being all tracks remastered to get the best quality possible. #nl# It includes an 8 page booklet with pictures of the band and their history, all written by Pierre-Alain Kessi.Limited to 200 copies (3 color stripes) and 300 copies on black vinyl. #nl# Tracklist:Side 1: 1. Skin Deep - 2. Him - 3. Paper Woman - 4. Ride, Ride, Ride - 5. Sweet HomeSide 2: 1. One of The Best - 2. Amsterdam In My Living Room - 3. Near The sun - 4. Pink Rose - 5. Sunflower - 6. Greenage Man\",\"breadcrumb\":{\"@id\":\"https:\/\/wpguerssen-test.odoo.rgbconsulting.com\/es\/producto\/skin-deep\/#breadcrumb\"},\"inLanguage\":\"es\",\"potentialAction\":[{\"@type\":\"ReadAction\",\"target\":[\"https:\/\/wpguerssen-test.odoo.rgbconsulting.com\/es\/producto\/skin-deep\/\"]}]},{\"@type\":\"ImageObject\",\"inLanguage\":\"es\",\"@id\":\"https:\/\/wpguerssen-test.odoo.rgbconsulting.com\/es\/producto\/skin-deep\/#primaryimage\",\"url\":\"https:\/\/wpguerssen-test.odoo.rgbconsulting.com\/wp-content\/uploads\/2025\/02\/49917.jpg\",\"contentUrl\":\"https:\/\/wpguerssen-test.odoo.rgbconsulting.com\/wp-content\/uploads\/2025\/02\/49917.jpg\",\"width\":800,\"height\":800},{\"@type\":\"BreadcrumbList\",\"@id\":\"https:\/\/wpguerssen-test.odoo.rgbconsulting.com\/es\/producto\/skin-deep\/#breadcrumb\",\"itemListElement\":[{\"@type\":\"ListItem\",\"position\":1,\"name\":\"Inicio\",\"item\":\"https:\/\/wpguerssen-test.odoo.rgbconsulting.com\/es\/\"},{\"@type\":\"ListItem\",\"position\":2,\"name\":\"Shop\",\"item\":\"https:\/\/wpguerssen-test.odoo.rgbconsulting.com\/shop\/\"},{\"@type\":\"ListItem\",\"position\":3,\"name\":\"Skin Deep\"}]},{\"@type\":\"WebSite\",\"@id\":\"https:\/\/wpguerssen-test.odoo.rgbconsulting.com\/es\/#website\",\"url\":\"https:\/\/wpguerssen-test.odoo.rgbconsulting.com\/es\/\",\"name\":\"Guerssen records\",\"description\":\"psychedelia - progressive - folk - garage \",\"publisher\":{\"@id\":\"https:\/\/wpguerssen-test.odoo.rgbconsulting.com\/es\/#organization\"},\"potentialAction\":[{\"@type\":\"SearchAction\",\"target\":{\"@type\":\"EntryPoint\",\"urlTemplate\":\"https:\/\/wpguerssen-test.odoo.rgbconsulting.com\/es\/?s={search_term_string}\"},\"query-input\":{\"@type\":\"PropertyValueSpecification\",\"valueRequired\":true,\"valueName\":\"search_term_string\"}}],\"inLanguage\":\"es\"},{\"@type\":\"Organization\",\"@id\":\"https:\/\/wpguerssen-test.odoo.rgbconsulting.com\/es\/#organization\",\"name\":\"Guerssen records\",\"url\":\"https:\/\/wpguerssen-test.odoo.rgbconsulting.com\/es\/\",\"logo\":{\"@type\":\"ImageObject\",\"inLanguage\":\"es\",\"@id\":\"https:\/\/wpguerssen-test.odoo.rgbconsulting.com\/es\/#\/schema\/logo\/image\/\",\"url\":\"https:\/\/wpguerssen-test.odoo.rgbconsulting.com\/wp-content\/uploads\/2022\/04\/Logo_Guerssen_trans_100.png\",\"contentUrl\":\"https:\/\/wpguerssen-test.odoo.rgbconsulting.com\/wp-content\/uploads\/2022\/04\/Logo_Guerssen_trans_100.png\",\"width\":122,\"height\":100,\"caption\":\"Guerssen records\"},\"image\":{\"@id\":\"https:\/\/wpguerssen-test.odoo.rgbconsulting.com\/es\/#\/schema\/logo\/image\/\"}}]}<\/script>\n<!-- \/ Yoast SEO plugin. -->","yoast_head_json":{"title":"AFTER SHAVE - Skin Deep -  (LP) | Guerssen","description":"After Shave recorded in 1972 one of the most iconic 70's rock LP's out of Switzerland, now reissued for the first time in collaboration with the leader of the band, Pierre-Alain Kessi. #nl# This classic 70's LP was recorded in Bienne at Soundraft's studios on an eight- tracking recording deck, being a balanced mix between their heavy rock vein and their acoustic side, making what is one of the best swiss 70's rock records. #nl# The album gathers some great heavy tracks like 'Ride, Ride, Ride', 'Sweet Home', 'Skin Deep', 'Near The Sun' or the great 'Sunflower'. #nl# This reissue includes 2 extra tracks, 'One Of The Best', first released on 7\", and 'Greenage Man', for first time on vinyl, being all tracks remastered to get the best quality possible. #nl# It includes an 8 page booklet with pictures of the band and their history, all written by Pierre-Alain Kessi.Limited to 200 copies (3 color stripes) and 300 copies on black vinyl. #nl# Tracklist:Side 1: 1. Skin Deep - 2. Him - 3. Paper Woman - 4. Ride, Ride, Ride - 5. Sweet HomeSide 2: 1. One of The Best - 2. Amsterdam In My Living Room - 3. Near The sun - 4. Pink Rose - 5. Sunflower - 6. Greenage Man","robots":{"index":"index","follow":"follow","max-snippet":"max-snippet:-1","max-image-preview":"max-image-preview:large","max-video-preview":"max-video-preview:-1"},"canonical":"https:\/\/wpguerssen-test.odoo.rgbconsulting.com\/es\/producto\/skin-deep\/","og_locale":"es_ES","og_type":"article","og_title":"AFTER SHAVE - Skin Deep -  (LP) | Guerssen","og_description":"After Shave recorded in 1972 one of the most iconic 70's rock LP's out of Switzerland, now reissued for the first time in collaboration with the leader of the band, Pierre-Alain Kessi. #nl# This classic 70's LP was recorded in Bienne at Soundraft's studios on an eight- tracking recording deck, being a balanced mix between their heavy rock vein and their acoustic side, making what is one of the best swiss 70's rock records. #nl# The album gathers some great heavy tracks like 'Ride, Ride, Ride', 'Sweet Home', 'Skin Deep', 'Near The Sun' or the great 'Sunflower'. #nl# This reissue includes 2 extra tracks, 'One Of The Best', first released on 7\", and 'Greenage Man', for first time on vinyl, being all tracks remastered to get the best quality possible. #nl# It includes an 8 page booklet with pictures of the band and their history, all written by Pierre-Alain Kessi.Limited to 200 copies (3 color stripes) and 300 copies on black vinyl. #nl# Tracklist:Side 1: 1. Skin Deep - 2. Him - 3. Paper Woman - 4. Ride, Ride, Ride - 5. Sweet HomeSide 2: 1. One of The Best - 2. Amsterdam In My Living Room - 3. Near The sun - 4. Pink Rose - 5. Sunflower - 6. Greenage Man","og_url":"https:\/\/wpguerssen-test.odoo.rgbconsulting.com\/es\/producto\/skin-deep\/","og_site_name":"Guerssen records","article_modified_time":"2025-04-25T12:03:52+00:00","og_image":[{"width":800,"height":800,"url":"https:\/\/wpguerssen-test.odoo.rgbconsulting.com\/wp-content\/uploads\/2025\/02\/49917.jpg","type":"image\/jpeg"}],"twitter_card":"summary_large_image","twitter_title":"AFTER SHAVE - Skin Deep -  (LP) | Guerssen","twitter_misc":{"Tiempo de lectura":"1 minuto"},"schema":{"@context":"https:\/\/schema.org","@graph":[{"@type":"WebPage","@id":"https:\/\/wpguerssen-test.odoo.rgbconsulting.com\/es\/producto\/skin-deep\/","url":"https:\/\/wpguerssen-test.odoo.rgbconsulting.com\/es\/producto\/skin-deep\/","name":"AFTER SHAVE - Skin Deep - (LP) | Guerssen","isPartOf":{"@id":"https:\/\/wpguerssen-test.odoo.rgbconsulting.com\/es\/#website"},"primaryImageOfPage":{"@id":"https:\/\/wpguerssen-test.odoo.rgbconsulting.com\/es\/producto\/skin-deep\/#primaryimage"},"image":{"@id":"https:\/\/wpguerssen-test.odoo.rgbconsulting.com\/es\/producto\/skin-deep\/#primaryimage"},"thumbnailUrl":"https:\/\/wpguerssen-test.odoo.rgbconsulting.com\/wp-content\/uploads\/2025\/02\/49917.jpg","datePublished":"2025-03-12T23:00:00+00:00","dateModified":"2025-04-25T12:03:52+00:00","description":"After Shave recorded in 1972 one of the most iconic 70's rock LP's out of Switzerland, now reissued for the first time in collaboration with the leader of the band, Pierre-Alain Kessi. #nl# This classic 70's LP was recorded in Bienne at Soundraft's studios on an eight- tracking recording deck, being a balanced mix between their heavy rock vein and their acoustic side, making what is one of the best swiss 70's rock records. #nl# The album gathers some great heavy tracks like 'Ride, Ride, Ride', 'Sweet Home', 'Skin Deep', 'Near The Sun' or the great 'Sunflower'. #nl# This reissue includes 2 extra tracks, 'One Of The Best', first released on 7\", and 'Greenage Man', for first time on vinyl, being all tracks remastered to get the best quality possible. #nl# It includes an 8 page booklet with pictures of the band and their history, all written by Pierre-Alain Kessi.Limited to 200 copies (3 color stripes) and 300 copies on black vinyl. #nl# Tracklist:Side 1: 1. Skin Deep - 2. Him - 3. Paper Woman - 4. Ride, Ride, Ride - 5. Sweet HomeSide 2: 1. One of The Best - 2. Amsterdam In My Living Room - 3. Near The sun - 4. Pink Rose - 5. Sunflower - 6. Greenage Man","breadcrumb":{"@id":"https:\/\/wpguerssen-test.odoo.rgbconsulting.com\/es\/producto\/skin-deep\/#breadcrumb"},"inLanguage":"es","potentialAction":[{"@type":"ReadAction","target":["https:\/\/wpguerssen-test.odoo.rgbconsulting.com\/es\/producto\/skin-deep\/"]}]},{"@type":"ImageObject","inLanguage":"es","@id":"https:\/\/wpguerssen-test.odoo.rgbconsulting.com\/es\/producto\/skin-deep\/#primaryimage","url":"https:\/\/wpguerssen-test.odoo.rgbconsulting.com\/wp-content\/uploads\/2025\/02\/49917.jpg","contentUrl":"https:\/\/wpguerssen-test.odoo.rgbconsulting.com\/wp-content\/uploads\/2025\/02\/49917.jpg","width":800,"height":800},{"@type":"BreadcrumbList","@id":"https:\/\/wpguerssen-test.odoo.rgbconsulting.com\/es\/producto\/skin-deep\/#breadcrumb","itemListElement":[{"@type":"ListItem","position":1,"name":"Inicio","item":"https:\/\/wpguerssen-test.odoo.rgbconsulting.com\/es\/"},{"@type":"ListItem","position":2,"name":"Shop","item":"https:\/\/wpguerssen-test.odoo.rgbconsulting.com\/shop\/"},{"@type":"ListItem","position":3,"name":"Skin Deep"}]},{"@type":"WebSite","@id":"https:\/\/wpguerssen-test.odoo.rgbconsulting.com\/es\/#website","url":"https:\/\/wpguerssen-test.odoo.rgbconsulting.com\/es\/","name":"Guerssen records","description":"psychedelia - progressive - folk - garage ","publisher":{"@id":"https:\/\/wpguerssen-test.odoo.rgbconsulting.com\/es\/#organization"},"potentialAction":[{"@type":"SearchAction","target":{"@type":"EntryPoint","urlTemplate":"https:\/\/wpguerssen-test.odoo.rgbconsulting.com\/es\/?s={search_term_string}"},"query-input":{"@type":"PropertyValueSpecification","valueRequired":true,"valueName":"search_term_string"}}],"inLanguage":"es"},{"@type":"Organization","@id":"https:\/\/wpguerssen-test.odoo.rgbconsulting.com\/es\/#organization","name":"Guerssen records","url":"https:\/\/wpguerssen-test.odoo.rgbconsulting.com\/es\/","logo":{"@type":"ImageObject","inLanguage":"es","@id":"https:\/\/wpguerssen-test.odoo.rgbconsulting.com\/es\/#\/schema\/logo\/image\/","url":"https:\/\/wpguerssen-test.odoo.rgbconsulting.com\/wp-content\/uploads\/2022\/04\/Logo_Guerssen_trans_100.png","contentUrl":"https:\/\/wpguerssen-test.odoo.rgbconsulting.com\/wp-content\/uploads\/2022\/04\/Logo_Guerssen_trans_100.png","width":122,"height":100,"caption":"Guerssen records"},"image":{"@id":"https:\/\/wpguerssen-test.odoo.rgbconsulting.com\/es\/#\/schema\/logo\/image\/"}}]}},"_links":{"self":[{"href":"https:\/\/wpguerssen-test.odoo.rgbconsulting.com\/es\/wp-json\/wp\/v2\/product\/283976","targetHints":{"allow":["GET"]}}],"collection":[{"href":"https:\/\/wpguerssen-test.odoo.rgbconsulting.com\/es\/wp-json\/wp\/v2\/product"}],"about":[{"href":"https:\/\/wpguerssen-test.odoo.rgbconsulting.com\/es\/wp-json\/wp\/v2\/types\/product"}],"wp:featuredmedia":[{"embeddable":true,"href":"https:\/\/wpguerssen-test.odoo.rgbconsulting.com\/es\/wp-json\/wp\/v2\/media\/283981"}],"wp:attachment":[{"href":"https:\/\/wpguerssen-test.odoo.rgbconsulting.com\/es\/wp-json\/wp\/v2\/media?parent=283976"}],"wp:term":[{"taxonomy":"product_brand","embeddable":true,"href":"https:\/\/wpguerssen-test.odoo.rgbconsulting.com\/es\/wp-json\/wp\/v2\/product_brand?post=283976"},{"taxonomy":"product_cat","embeddable":true,"href":"https:\/\/wpguerssen-test.odoo.rgbconsulting.com\/es\/wp-json\/wp\/v2\/product_cat?post=283976"},{"taxonomy":"product_tag","embeddable":true,"href":"https:\/\/wpguerssen-test.odoo.rgbconsulting.com\/es\/wp-json\/wp\/v2\/product_tag?post=283976"}],"curies":[{"name":"wp","href":"https:\/\/api.w.org\/{rel}","templated":true}]}}