{"id":284012,"date":"2025-03-07T00:00:00","date_gmt":"2025-03-06T23:00:00","guid":{"rendered":"https:\/\/wpguerssen-test.odoo.rgbconsulting.com\/product\/pulsation\/"},"modified":"2025-03-10T12:34:49","modified_gmt":"2025-03-10T11:34:49","slug":"pulsation","status":"publish","type":"product","link":"https:\/\/wpguerssen-test.odoo.rgbconsulting.com\/es\/producto\/pulsation\/","title":{"rendered":"Pulsation"},"content":{"rendered":"<p>El 27 de mayo de 1983, el baterista Masahiko Togashi y el guitarrista Masayuki Takayanagi, dos figuras fundamentales en la escena del free jazz japon\u00e9s que hab\u00edan estado trabajando juntos desde la d\u00e9cada de 1960, tocaron y grabaron este set \u00fanico en el Zojoji Hall de Tokio. En ese momento, los m\u00fasicos de jazz japoneses estaban tratando de encontrar su propia voz, dando la bienvenida a los elementos creativos provenientes de EE. UU. y Europa. Los dos m\u00fasicos estaban a la vanguardia de esta generaci\u00f3n, con Takayanagi desarrollando su propio estilo de guitarra a trav\u00e9s de influencias del jazz convencional y m\u00e1s extremo, y el baterista Togashi hab\u00eda desarrollado un enfoque \u00fanico para la bater\u00eda y las percusiones, utilizando el silencio como parte integral de la m\u00fasica.  El disco est\u00e1 dividido en dos pistas (\u00abInner Pulsation\u00bb y \u00abOuter Pulsation\u00bb), cada una de aproximadamente 22 minutos de duraci\u00f3n.  Lanzado originalmente en el ic\u00f3nico sello japon\u00e9s Paddle Wheel y sin editar durante mucho tiempo, el \u00e1lbum se ha convertido en un art\u00edculo de colecci\u00f3n muy buscado y nos complace traerlo de vuelta en vinilo en colaboraci\u00f3n con King Record Co.<\/p>\n","protected":false},"excerpt":{"rendered":"<p>El 27 de mayo de 1983, el baterista Masahiko Togashi y el guitarrista Masayuki Takayanagi, dos figuras fundamentales en la escena del free jazz japon\u00e9s que hab\u00edan<a class=\"read\" href=\"https:\/\/wpguerssen-test.odoo.rgbconsulting.com\/es\/producto\/pulsation\/\"> (...)<\/a>","protected":false},"featured_media":219535,"template":"","meta":{"_acf_changed":false},"product_brand":[],"product_cat":[23227],"product_tag":[24185],"class_list":{"0":"post-284012","1":"product","2":"type-product","3":"status-publish","4":"has-post-thumbnail","6":"product_cat-jazz-es","7":"product_tag-de-nuevo-en-existencia","8":"pa_artist-togashi-masahiko-takayanagi-masayuki","9":"pa_format-lp-es","10":"pa_gender-jazz","11":"pa_label-holy-basil","12":"pa_location-asia-es","13":"pa_other-filters-vinyl-only-es","15":"first","16":"instock","17":"taxable","18":"shipping-taxable","19":"purchasable","20":"product-type-simple"},"acf":[],"yoast_head":"<!-- This site is optimized with the Yoast SEO plugin v24.9 - https:\/\/yoast.com\/wordpress\/plugins\/seo\/ -->\n<title>TOGASHI, Masahiko &amp; TAKAYANAGI, Masayuki - Pulsation -  (LP) | Guerssen<\/title>\n<meta name=\"description\" content=\"On May 27th 1983, drummer Masahiko Togashi and guitarist Masayuki Takayanagi, two pivotal figures in the Japanese free jazz scene that had been working together since the 1960&#039;s, performed and record this unique set at Zojoji Hall in Tokyo. At the time, Japanese jazz musicians were trying to find their own voice, welcoming creative elements coming in from the USA and Europe. The two musicians were at the fore-front of this generation, with Takayanagi developing his own guitar style through influences of mainstream and more extreme jazz, and drummer Togashi had developed a unique approach to drums and percussions, using silence as an integral part of music making, also due to an accident that forced him on a wheelchair after 1970. The record is divided in two tracks (&quot;Inner Pulsation&quot; and &quot;Outer Pulsation&quot;), each one about 22 minutes in length, mirroring the original LP sides. The performance can be regarded as a single piece though, with a clearly symmetrical structure, even if the musicians cover much musical ground over the course of the album. The extreme abstractness of the music guarantees many possibilities, but the main themes here are pure sound and space, investigated through a massive use of silence, ever-changing dynamics and slow structural developments unfolding with a mysterious musical logic. Originally released on iconic Japanese label Paddle Wheel and out of a print for a very long time, the album has become a very sought after collector&#039;s item and we are glad to bring this back on vinyl in collaboration with King Record Co.\" \/>\n<meta name=\"robots\" content=\"index, follow, max-snippet:-1, max-image-preview:large, max-video-preview:-1\" \/>\n<link rel=\"canonical\" href=\"https:\/\/wpguerssen-test.odoo.rgbconsulting.com\/es\/producto\/pulsation\/\" \/>\n<meta property=\"og:locale\" content=\"es_ES\" \/>\n<meta property=\"og:type\" content=\"article\" \/>\n<meta property=\"og:title\" content=\"TOGASHI, Masahiko &amp; TAKAYANAGI, Masayuki - Pulsation -  (LP) | Guerssen\" \/>\n<meta property=\"og:description\" content=\"On May 27th 1983, drummer Masahiko Togashi and guitarist Masayuki Takayanagi, two pivotal figures in the Japanese free jazz scene that had been working together since the 1960&#039;s, performed and record this unique set at Zojoji Hall in Tokyo. At the time, Japanese jazz musicians were trying to find their own voice, welcoming creative elements coming in from the USA and Europe. The two musicians were at the fore-front of this generation, with Takayanagi developing his own guitar style through influences of mainstream and more extreme jazz, and drummer Togashi had developed a unique approach to drums and percussions, using silence as an integral part of music making, also due to an accident that forced him on a wheelchair after 1970. The record is divided in two tracks (&quot;Inner Pulsation&quot; and &quot;Outer Pulsation&quot;), each one about 22 minutes in length, mirroring the original LP sides. The performance can be regarded as a single piece though, with a clearly symmetrical structure, even if the musicians cover much musical ground over the course of the album. The extreme abstractness of the music guarantees many possibilities, but the main themes here are pure sound and space, investigated through a massive use of silence, ever-changing dynamics and slow structural developments unfolding with a mysterious musical logic. Originally released on iconic Japanese label Paddle Wheel and out of a print for a very long time, the album has become a very sought after collector&#039;s item and we are glad to bring this back on vinyl in collaboration with King Record Co.\" \/>\n<meta property=\"og:url\" content=\"https:\/\/wpguerssen-test.odoo.rgbconsulting.com\/es\/producto\/pulsation\/\" \/>\n<meta property=\"og:site_name\" content=\"Guerssen records\" \/>\n<meta property=\"article:modified_time\" content=\"2025-03-10T11:34:49+00:00\" \/>\n<meta property=\"og:image\" content=\"https:\/\/wpguerssen-test.odoo.rgbconsulting.com\/wp-content\/uploads\/2022\/10\/41749.jpg\" \/>\n\t<meta property=\"og:image:width\" content=\"1200\" \/>\n\t<meta property=\"og:image:height\" content=\"1200\" \/>\n\t<meta property=\"og:image:type\" content=\"image\/jpeg\" \/>\n<meta name=\"twitter:card\" content=\"summary_large_image\" \/>\n<meta name=\"twitter:title\" content=\"TOGASHI, Masahiko &amp; TAKAYANAGI, Masayuki - Pulsation -  (LP) | Guerssen\" \/>\n<meta name=\"twitter:label1\" content=\"Tiempo de lectura\" \/>\n\t<meta name=\"twitter:data1\" content=\"1 minuto\" \/>\n<script type=\"application\/ld+json\" class=\"yoast-schema-graph\">{\"@context\":\"https:\/\/schema.org\",\"@graph\":[{\"@type\":\"WebPage\",\"@id\":\"https:\/\/wpguerssen-test.odoo.rgbconsulting.com\/es\/producto\/pulsation\/\",\"url\":\"https:\/\/wpguerssen-test.odoo.rgbconsulting.com\/es\/producto\/pulsation\/\",\"name\":\"TOGASHI, Masahiko & TAKAYANAGI, Masayuki - Pulsation - (LP) | Guerssen\",\"isPartOf\":{\"@id\":\"https:\/\/wpguerssen-test.odoo.rgbconsulting.com\/es\/#website\"},\"primaryImageOfPage\":{\"@id\":\"https:\/\/wpguerssen-test.odoo.rgbconsulting.com\/es\/producto\/pulsation\/#primaryimage\"},\"image\":{\"@id\":\"https:\/\/wpguerssen-test.odoo.rgbconsulting.com\/es\/producto\/pulsation\/#primaryimage\"},\"thumbnailUrl\":\"https:\/\/wpguerssen-test.odoo.rgbconsulting.com\/wp-content\/uploads\/2022\/10\/41749.jpg\",\"datePublished\":\"2025-03-06T23:00:00+00:00\",\"dateModified\":\"2025-03-10T11:34:49+00:00\",\"description\":\"On May 27th 1983, drummer Masahiko Togashi and guitarist Masayuki Takayanagi, two pivotal figures in the Japanese free jazz scene that had been working together since the 1960's, performed and record this unique set at Zojoji Hall in Tokyo. At the time, Japanese jazz musicians were trying to find their own voice, welcoming creative elements coming in from the USA and Europe. The two musicians were at the fore-front of this generation, with Takayanagi developing his own guitar style through influences of mainstream and more extreme jazz, and drummer Togashi had developed a unique approach to drums and percussions, using silence as an integral part of music making, also due to an accident that forced him on a wheelchair after 1970. The record is divided in two tracks (\\\"Inner Pulsation\\\" and \\\"Outer Pulsation\\\"), each one about 22 minutes in length, mirroring the original LP sides. The performance can be regarded as a single piece though, with a clearly symmetrical structure, even if the musicians cover much musical ground over the course of the album. The extreme abstractness of the music guarantees many possibilities, but the main themes here are pure sound and space, investigated through a massive use of silence, ever-changing dynamics and slow structural developments unfolding with a mysterious musical logic. Originally released on iconic Japanese label Paddle Wheel and out of a print for a very long time, the album has become a very sought after collector's item and we are glad to bring this back on vinyl in collaboration with King Record Co.\",\"breadcrumb\":{\"@id\":\"https:\/\/wpguerssen-test.odoo.rgbconsulting.com\/es\/producto\/pulsation\/#breadcrumb\"},\"inLanguage\":\"es\",\"potentialAction\":[{\"@type\":\"ReadAction\",\"target\":[\"https:\/\/wpguerssen-test.odoo.rgbconsulting.com\/es\/producto\/pulsation\/\"]}]},{\"@type\":\"ImageObject\",\"inLanguage\":\"es\",\"@id\":\"https:\/\/wpguerssen-test.odoo.rgbconsulting.com\/es\/producto\/pulsation\/#primaryimage\",\"url\":\"https:\/\/wpguerssen-test.odoo.rgbconsulting.com\/wp-content\/uploads\/2022\/10\/41749.jpg\",\"contentUrl\":\"https:\/\/wpguerssen-test.odoo.rgbconsulting.com\/wp-content\/uploads\/2022\/10\/41749.jpg\",\"width\":1200,\"height\":1200,\"caption\":\"Masahiko & TAKAYANAGI\"},{\"@type\":\"BreadcrumbList\",\"@id\":\"https:\/\/wpguerssen-test.odoo.rgbconsulting.com\/es\/producto\/pulsation\/#breadcrumb\",\"itemListElement\":[{\"@type\":\"ListItem\",\"position\":1,\"name\":\"Inicio\",\"item\":\"https:\/\/wpguerssen-test.odoo.rgbconsulting.com\/es\/\"},{\"@type\":\"ListItem\",\"position\":2,\"name\":\"Shop\",\"item\":\"https:\/\/wpguerssen-test.odoo.rgbconsulting.com\/shop\/\"},{\"@type\":\"ListItem\",\"position\":3,\"name\":\"Pulsation\"}]},{\"@type\":\"WebSite\",\"@id\":\"https:\/\/wpguerssen-test.odoo.rgbconsulting.com\/es\/#website\",\"url\":\"https:\/\/wpguerssen-test.odoo.rgbconsulting.com\/es\/\",\"name\":\"Guerssen records\",\"description\":\"psychedelia - progressive - folk - garage \",\"publisher\":{\"@id\":\"https:\/\/wpguerssen-test.odoo.rgbconsulting.com\/es\/#organization\"},\"potentialAction\":[{\"@type\":\"SearchAction\",\"target\":{\"@type\":\"EntryPoint\",\"urlTemplate\":\"https:\/\/wpguerssen-test.odoo.rgbconsulting.com\/es\/?s={search_term_string}\"},\"query-input\":{\"@type\":\"PropertyValueSpecification\",\"valueRequired\":true,\"valueName\":\"search_term_string\"}}],\"inLanguage\":\"es\"},{\"@type\":\"Organization\",\"@id\":\"https:\/\/wpguerssen-test.odoo.rgbconsulting.com\/es\/#organization\",\"name\":\"Guerssen records\",\"url\":\"https:\/\/wpguerssen-test.odoo.rgbconsulting.com\/es\/\",\"logo\":{\"@type\":\"ImageObject\",\"inLanguage\":\"es\",\"@id\":\"https:\/\/wpguerssen-test.odoo.rgbconsulting.com\/es\/#\/schema\/logo\/image\/\",\"url\":\"https:\/\/wpguerssen-test.odoo.rgbconsulting.com\/wp-content\/uploads\/2022\/04\/Logo_Guerssen_trans_100.png\",\"contentUrl\":\"https:\/\/wpguerssen-test.odoo.rgbconsulting.com\/wp-content\/uploads\/2022\/04\/Logo_Guerssen_trans_100.png\",\"width\":122,\"height\":100,\"caption\":\"Guerssen records\"},\"image\":{\"@id\":\"https:\/\/wpguerssen-test.odoo.rgbconsulting.com\/es\/#\/schema\/logo\/image\/\"}}]}<\/script>\n<!-- \/ Yoast SEO plugin. -->","yoast_head_json":{"title":"TOGASHI, Masahiko & TAKAYANAGI, Masayuki - Pulsation -  (LP) | Guerssen","description":"On May 27th 1983, drummer Masahiko Togashi and guitarist Masayuki Takayanagi, two pivotal figures in the Japanese free jazz scene that had been working together since the 1960's, performed and record this unique set at Zojoji Hall in Tokyo. At the time, Japanese jazz musicians were trying to find their own voice, welcoming creative elements coming in from the USA and Europe. The two musicians were at the fore-front of this generation, with Takayanagi developing his own guitar style through influences of mainstream and more extreme jazz, and drummer Togashi had developed a unique approach to drums and percussions, using silence as an integral part of music making, also due to an accident that forced him on a wheelchair after 1970. The record is divided in two tracks (\"Inner Pulsation\" and \"Outer Pulsation\"), each one about 22 minutes in length, mirroring the original LP sides. The performance can be regarded as a single piece though, with a clearly symmetrical structure, even if the musicians cover much musical ground over the course of the album. The extreme abstractness of the music guarantees many possibilities, but the main themes here are pure sound and space, investigated through a massive use of silence, ever-changing dynamics and slow structural developments unfolding with a mysterious musical logic. Originally released on iconic Japanese label Paddle Wheel and out of a print for a very long time, the album has become a very sought after collector's item and we are glad to bring this back on vinyl in collaboration with King Record Co.","robots":{"index":"index","follow":"follow","max-snippet":"max-snippet:-1","max-image-preview":"max-image-preview:large","max-video-preview":"max-video-preview:-1"},"canonical":"https:\/\/wpguerssen-test.odoo.rgbconsulting.com\/es\/producto\/pulsation\/","og_locale":"es_ES","og_type":"article","og_title":"TOGASHI, Masahiko & TAKAYANAGI, Masayuki - Pulsation -  (LP) | Guerssen","og_description":"On May 27th 1983, drummer Masahiko Togashi and guitarist Masayuki Takayanagi, two pivotal figures in the Japanese free jazz scene that had been working together since the 1960's, performed and record this unique set at Zojoji Hall in Tokyo. At the time, Japanese jazz musicians were trying to find their own voice, welcoming creative elements coming in from the USA and Europe. The two musicians were at the fore-front of this generation, with Takayanagi developing his own guitar style through influences of mainstream and more extreme jazz, and drummer Togashi had developed a unique approach to drums and percussions, using silence as an integral part of music making, also due to an accident that forced him on a wheelchair after 1970. The record is divided in two tracks (\"Inner Pulsation\" and \"Outer Pulsation\"), each one about 22 minutes in length, mirroring the original LP sides. The performance can be regarded as a single piece though, with a clearly symmetrical structure, even if the musicians cover much musical ground over the course of the album. The extreme abstractness of the music guarantees many possibilities, but the main themes here are pure sound and space, investigated through a massive use of silence, ever-changing dynamics and slow structural developments unfolding with a mysterious musical logic. Originally released on iconic Japanese label Paddle Wheel and out of a print for a very long time, the album has become a very sought after collector's item and we are glad to bring this back on vinyl in collaboration with King Record Co.","og_url":"https:\/\/wpguerssen-test.odoo.rgbconsulting.com\/es\/producto\/pulsation\/","og_site_name":"Guerssen records","article_modified_time":"2025-03-10T11:34:49+00:00","og_image":[{"width":1200,"height":1200,"url":"https:\/\/wpguerssen-test.odoo.rgbconsulting.com\/wp-content\/uploads\/2022\/10\/41749.jpg","type":"image\/jpeg"}],"twitter_card":"summary_large_image","twitter_title":"TOGASHI, Masahiko & TAKAYANAGI, Masayuki - Pulsation -  (LP) | Guerssen","twitter_misc":{"Tiempo de lectura":"1 minuto"},"schema":{"@context":"https:\/\/schema.org","@graph":[{"@type":"WebPage","@id":"https:\/\/wpguerssen-test.odoo.rgbconsulting.com\/es\/producto\/pulsation\/","url":"https:\/\/wpguerssen-test.odoo.rgbconsulting.com\/es\/producto\/pulsation\/","name":"TOGASHI, Masahiko & TAKAYANAGI, Masayuki - Pulsation - (LP) | Guerssen","isPartOf":{"@id":"https:\/\/wpguerssen-test.odoo.rgbconsulting.com\/es\/#website"},"primaryImageOfPage":{"@id":"https:\/\/wpguerssen-test.odoo.rgbconsulting.com\/es\/producto\/pulsation\/#primaryimage"},"image":{"@id":"https:\/\/wpguerssen-test.odoo.rgbconsulting.com\/es\/producto\/pulsation\/#primaryimage"},"thumbnailUrl":"https:\/\/wpguerssen-test.odoo.rgbconsulting.com\/wp-content\/uploads\/2022\/10\/41749.jpg","datePublished":"2025-03-06T23:00:00+00:00","dateModified":"2025-03-10T11:34:49+00:00","description":"On May 27th 1983, drummer Masahiko Togashi and guitarist Masayuki Takayanagi, two pivotal figures in the Japanese free jazz scene that had been working together since the 1960's, performed and record this unique set at Zojoji Hall in Tokyo. At the time, Japanese jazz musicians were trying to find their own voice, welcoming creative elements coming in from the USA and Europe. The two musicians were at the fore-front of this generation, with Takayanagi developing his own guitar style through influences of mainstream and more extreme jazz, and drummer Togashi had developed a unique approach to drums and percussions, using silence as an integral part of music making, also due to an accident that forced him on a wheelchair after 1970. The record is divided in two tracks (\"Inner Pulsation\" and \"Outer Pulsation\"), each one about 22 minutes in length, mirroring the original LP sides. The performance can be regarded as a single piece though, with a clearly symmetrical structure, even if the musicians cover much musical ground over the course of the album. The extreme abstractness of the music guarantees many possibilities, but the main themes here are pure sound and space, investigated through a massive use of silence, ever-changing dynamics and slow structural developments unfolding with a mysterious musical logic. Originally released on iconic Japanese label Paddle Wheel and out of a print for a very long time, the album has become a very sought after collector's item and we are glad to bring this back on vinyl in collaboration with King Record Co.","breadcrumb":{"@id":"https:\/\/wpguerssen-test.odoo.rgbconsulting.com\/es\/producto\/pulsation\/#breadcrumb"},"inLanguage":"es","potentialAction":[{"@type":"ReadAction","target":["https:\/\/wpguerssen-test.odoo.rgbconsulting.com\/es\/producto\/pulsation\/"]}]},{"@type":"ImageObject","inLanguage":"es","@id":"https:\/\/wpguerssen-test.odoo.rgbconsulting.com\/es\/producto\/pulsation\/#primaryimage","url":"https:\/\/wpguerssen-test.odoo.rgbconsulting.com\/wp-content\/uploads\/2022\/10\/41749.jpg","contentUrl":"https:\/\/wpguerssen-test.odoo.rgbconsulting.com\/wp-content\/uploads\/2022\/10\/41749.jpg","width":1200,"height":1200,"caption":"Masahiko & TAKAYANAGI"},{"@type":"BreadcrumbList","@id":"https:\/\/wpguerssen-test.odoo.rgbconsulting.com\/es\/producto\/pulsation\/#breadcrumb","itemListElement":[{"@type":"ListItem","position":1,"name":"Inicio","item":"https:\/\/wpguerssen-test.odoo.rgbconsulting.com\/es\/"},{"@type":"ListItem","position":2,"name":"Shop","item":"https:\/\/wpguerssen-test.odoo.rgbconsulting.com\/shop\/"},{"@type":"ListItem","position":3,"name":"Pulsation"}]},{"@type":"WebSite","@id":"https:\/\/wpguerssen-test.odoo.rgbconsulting.com\/es\/#website","url":"https:\/\/wpguerssen-test.odoo.rgbconsulting.com\/es\/","name":"Guerssen records","description":"psychedelia - progressive - folk - garage ","publisher":{"@id":"https:\/\/wpguerssen-test.odoo.rgbconsulting.com\/es\/#organization"},"potentialAction":[{"@type":"SearchAction","target":{"@type":"EntryPoint","urlTemplate":"https:\/\/wpguerssen-test.odoo.rgbconsulting.com\/es\/?s={search_term_string}"},"query-input":{"@type":"PropertyValueSpecification","valueRequired":true,"valueName":"search_term_string"}}],"inLanguage":"es"},{"@type":"Organization","@id":"https:\/\/wpguerssen-test.odoo.rgbconsulting.com\/es\/#organization","name":"Guerssen records","url":"https:\/\/wpguerssen-test.odoo.rgbconsulting.com\/es\/","logo":{"@type":"ImageObject","inLanguage":"es","@id":"https:\/\/wpguerssen-test.odoo.rgbconsulting.com\/es\/#\/schema\/logo\/image\/","url":"https:\/\/wpguerssen-test.odoo.rgbconsulting.com\/wp-content\/uploads\/2022\/04\/Logo_Guerssen_trans_100.png","contentUrl":"https:\/\/wpguerssen-test.odoo.rgbconsulting.com\/wp-content\/uploads\/2022\/04\/Logo_Guerssen_trans_100.png","width":122,"height":100,"caption":"Guerssen records"},"image":{"@id":"https:\/\/wpguerssen-test.odoo.rgbconsulting.com\/es\/#\/schema\/logo\/image\/"}}]}},"_links":{"self":[{"href":"https:\/\/wpguerssen-test.odoo.rgbconsulting.com\/es\/wp-json\/wp\/v2\/product\/284012","targetHints":{"allow":["GET"]}}],"collection":[{"href":"https:\/\/wpguerssen-test.odoo.rgbconsulting.com\/es\/wp-json\/wp\/v2\/product"}],"about":[{"href":"https:\/\/wpguerssen-test.odoo.rgbconsulting.com\/es\/wp-json\/wp\/v2\/types\/product"}],"wp:featuredmedia":[{"embeddable":true,"href":"https:\/\/wpguerssen-test.odoo.rgbconsulting.com\/es\/wp-json\/wp\/v2\/media\/219535"}],"wp:attachment":[{"href":"https:\/\/wpguerssen-test.odoo.rgbconsulting.com\/es\/wp-json\/wp\/v2\/media?parent=284012"}],"wp:term":[{"taxonomy":"product_brand","embeddable":true,"href":"https:\/\/wpguerssen-test.odoo.rgbconsulting.com\/es\/wp-json\/wp\/v2\/product_brand?post=284012"},{"taxonomy":"product_cat","embeddable":true,"href":"https:\/\/wpguerssen-test.odoo.rgbconsulting.com\/es\/wp-json\/wp\/v2\/product_cat?post=284012"},{"taxonomy":"product_tag","embeddable":true,"href":"https:\/\/wpguerssen-test.odoo.rgbconsulting.com\/es\/wp-json\/wp\/v2\/product_tag?post=284012"}],"curies":[{"name":"wp","href":"https:\/\/api.w.org\/{rel}","templated":true}]}}