{"id":284032,"date":"2025-04-15T00:00:00","date_gmt":"2025-04-14T22:00:00","guid":{"rendered":"https:\/\/wpguerssen-test.odoo.rgbconsulting.com\/?post_type=product&#038;p=284032"},"modified":"2025-04-29T13:31:14","modified_gmt":"2025-04-29T11:31:14","slug":"1971-72","status":"publish","type":"product","link":"https:\/\/wpguerssen-test.odoo.rgbconsulting.com\/es\/producto\/1971-72\/","title":{"rendered":"1971-72"},"content":{"rendered":"<p>\u00daltimas grabaciones de estudio efectuadas por el grupo de culto hard-psicod\u00e9lico T2 durante 1971-72 con la idea de editar un tercer disco que nunca se lleg\u00f3 a materializar. Todav\u00eda con el genial Peter Dunton a la bater\u00eda\/voz pero ahora con Andrew Bown sustituyendo a Keith Cross en la guitarra y con el nuevo bajista John Weir en la mayor\u00eda de las canciones. Hay tambi\u00e9n apariciones de Andrew Keeling a la flauta y Will Kelleen a la guitarra slide. <\/p>\n<p> El sonido es similar a sus ya cl\u00e1sicos \u00e1lbumes anteriores \u00abBoomland\u00bb y \u00ab1970\u00bb pero quiz\u00e1 con un toque m\u00e1s hard-rock y proto-metal. <\/p>\n<p> *Portada de cart\u00f3n duro <\/p>\n<p> *Insert con notas y fotos <\/p>\n<p> Tracklist:<br \/>SIDE A: A1. And Time &#8211; A2. Looking Back &#8211; A3. Questions &#038; Answers &#8211; A4. Seventy-Two<br \/>SIDE B: B1. The Clown &#8211; B2. The Gambler &#8211; B3. Closing Your Eyes &#8211; B4. Into The Red &#8211; B5. PDQ<\/p>\n","protected":false},"excerpt":{"rendered":"<p>\u00daltimas grabaciones de estudio efectuadas por el grupo de culto hard-psicod\u00e9lico T2 durante 1971-72 con la idea de editar un tercer disco que nunca se lleg\u00f3 a materializar.<a class=\"read\" href=\"https:\/\/wpguerssen-test.odoo.rgbconsulting.com\/es\/producto\/1971-72\/\"> (...)<\/a>","protected":false},"featured_media":211774,"template":"","meta":{"_acf_changed":false},"product_brand":[],"product_cat":[24508,23224],"product_tag":[24185],"class_list":{"0":"post-284032","1":"product","2":"type-product","3":"status-publish","4":"has-post-thumbnail","6":"product_cat-uncategorized","7":"product_cat-hard-rock-60s-70s-es","8":"product_tag-de-nuevo-en-existencia","9":"pa_artist-t2-es","10":"pa_format-lp-es","11":"pa_gender-hard-rock-60s-70s","12":"pa_label-guerssen-es","13":"pa_location-uk-ireland-es","14":"pa_other-filters-vinyl-only-es","16":"first","17":"instock","18":"taxable","19":"shipping-taxable","20":"purchasable","21":"product-type-simple"},"acf":[],"yoast_head":"<!-- This site is optimized with the Yoast SEO plugin v24.9 - https:\/\/yoast.com\/wordpress\/plugins\/seo\/ -->\n<title>T2 - 1971-72 -  (LP) | Guerssen<\/title>\n<meta name=\"description\" content=\"Amazing unissued recordings by cult psych\/prog band T2, featuring their later line-up, still with the great PETER DUNTON on drums\/vocals but now with Andrew Bown replacing Keith Cross on guitar and bass player John Weir on most of the tracks. There&#039;s also guest appearances by Dunton&#039;s friend Andrew Keeling on flute and slide guitar player Will Killeen. #nl# Similar to their classic Boomland and 1970 albums, this is highly recommended to any fan of underground hard-rock and proto-metal. #nl# *Hard cardboard sleeve #nl# *Includes insert with liner notes and photos #nl# Tracklist:SIDE A: A1. And Time - A2. Looking Back - A3. Questions &amp; Answers - A4. Seventy-TwoSIDE B: B1. The Clown - B2. The Gambler - B3. Closing Your Eyes - B4. Into The Red - B5. PDQ\" \/>\n<meta name=\"robots\" content=\"index, follow, max-snippet:-1, max-image-preview:large, max-video-preview:-1\" \/>\n<link rel=\"canonical\" href=\"https:\/\/wpguerssen-test.odoo.rgbconsulting.com\/es\/producto\/1971-72\/\" \/>\n<meta property=\"og:locale\" content=\"es_ES\" \/>\n<meta property=\"og:type\" content=\"article\" \/>\n<meta property=\"og:title\" content=\"T2 - 1971-72 -  (LP) | Guerssen\" \/>\n<meta property=\"og:description\" content=\"Amazing unissued recordings by cult psych\/prog band T2, featuring their later line-up, still with the great PETER DUNTON on drums\/vocals but now with Andrew Bown replacing Keith Cross on guitar and bass player John Weir on most of the tracks. There&#039;s also guest appearances by Dunton&#039;s friend Andrew Keeling on flute and slide guitar player Will Killeen. #nl# Similar to their classic Boomland and 1970 albums, this is highly recommended to any fan of underground hard-rock and proto-metal. #nl# *Hard cardboard sleeve #nl# *Includes insert with liner notes and photos #nl# Tracklist:SIDE A: A1. And Time - A2. Looking Back - A3. Questions &amp; Answers - A4. Seventy-TwoSIDE B: B1. The Clown - B2. The Gambler - B3. Closing Your Eyes - B4. Into The Red - B5. PDQ\" \/>\n<meta property=\"og:url\" content=\"https:\/\/wpguerssen-test.odoo.rgbconsulting.com\/es\/producto\/1971-72\/\" \/>\n<meta property=\"og:site_name\" content=\"Guerssen records\" \/>\n<meta property=\"article:modified_time\" content=\"2025-04-29T11:31:14+00:00\" \/>\n<meta property=\"og:image\" content=\"https:\/\/wpguerssen-test.odoo.rgbconsulting.com\/wp-content\/uploads\/2021\/10\/39690.jpg\" \/>\n\t<meta property=\"og:image:width\" content=\"1400\" \/>\n\t<meta property=\"og:image:height\" content=\"1400\" \/>\n\t<meta property=\"og:image:type\" content=\"image\/jpeg\" \/>\n<meta name=\"twitter:card\" content=\"summary_large_image\" \/>\n<meta name=\"twitter:title\" content=\"T2 - 1971-72 -  (LP) | Guerssen\" \/>\n<meta name=\"twitter:label1\" content=\"Tiempo de lectura\" \/>\n\t<meta name=\"twitter:data1\" content=\"1 minuto\" \/>\n<script type=\"application\/ld+json\" class=\"yoast-schema-graph\">{\"@context\":\"https:\/\/schema.org\",\"@graph\":[{\"@type\":\"WebPage\",\"@id\":\"https:\/\/wpguerssen-test.odoo.rgbconsulting.com\/es\/producto\/1971-72\/\",\"url\":\"https:\/\/wpguerssen-test.odoo.rgbconsulting.com\/es\/producto\/1971-72\/\",\"name\":\"T2 - 1971-72 - (LP) | Guerssen\",\"isPartOf\":{\"@id\":\"https:\/\/wpguerssen-test.odoo.rgbconsulting.com\/es\/#website\"},\"primaryImageOfPage\":{\"@id\":\"https:\/\/wpguerssen-test.odoo.rgbconsulting.com\/es\/producto\/1971-72\/#primaryimage\"},\"image\":{\"@id\":\"https:\/\/wpguerssen-test.odoo.rgbconsulting.com\/es\/producto\/1971-72\/#primaryimage\"},\"thumbnailUrl\":\"https:\/\/wpguerssen-test.odoo.rgbconsulting.com\/wp-content\/uploads\/2021\/10\/39690.jpg\",\"datePublished\":\"2025-04-14T22:00:00+00:00\",\"dateModified\":\"2025-04-29T11:31:14+00:00\",\"description\":\"Amazing unissued recordings by cult psych\/prog band T2, featuring their later line-up, still with the great PETER DUNTON on drums\/vocals but now with Andrew Bown replacing Keith Cross on guitar and bass player John Weir on most of the tracks. There's also guest appearances by Dunton's friend Andrew Keeling on flute and slide guitar player Will Killeen. #nl# Similar to their classic Boomland and 1970 albums, this is highly recommended to any fan of underground hard-rock and proto-metal. #nl# *Hard cardboard sleeve #nl# *Includes insert with liner notes and photos #nl# Tracklist:SIDE A: A1. And Time - A2. Looking Back - A3. Questions & Answers - A4. Seventy-TwoSIDE B: B1. The Clown - B2. The Gambler - B3. Closing Your Eyes - B4. Into The Red - B5. PDQ\",\"breadcrumb\":{\"@id\":\"https:\/\/wpguerssen-test.odoo.rgbconsulting.com\/es\/producto\/1971-72\/#breadcrumb\"},\"inLanguage\":\"es\",\"potentialAction\":[{\"@type\":\"ReadAction\",\"target\":[\"https:\/\/wpguerssen-test.odoo.rgbconsulting.com\/es\/producto\/1971-72\/\"]}]},{\"@type\":\"ImageObject\",\"inLanguage\":\"es\",\"@id\":\"https:\/\/wpguerssen-test.odoo.rgbconsulting.com\/es\/producto\/1971-72\/#primaryimage\",\"url\":\"https:\/\/wpguerssen-test.odoo.rgbconsulting.com\/wp-content\/uploads\/2021\/10\/39690.jpg\",\"contentUrl\":\"https:\/\/wpguerssen-test.odoo.rgbconsulting.com\/wp-content\/uploads\/2021\/10\/39690.jpg\",\"width\":1400,\"height\":1400},{\"@type\":\"BreadcrumbList\",\"@id\":\"https:\/\/wpguerssen-test.odoo.rgbconsulting.com\/es\/producto\/1971-72\/#breadcrumb\",\"itemListElement\":[{\"@type\":\"ListItem\",\"position\":1,\"name\":\"Inicio\",\"item\":\"https:\/\/wpguerssen-test.odoo.rgbconsulting.com\/es\/\"},{\"@type\":\"ListItem\",\"position\":2,\"name\":\"Shop\",\"item\":\"https:\/\/wpguerssen-test.odoo.rgbconsulting.com\/shop\/\"},{\"@type\":\"ListItem\",\"position\":3,\"name\":\"1971-72\"}]},{\"@type\":\"WebSite\",\"@id\":\"https:\/\/wpguerssen-test.odoo.rgbconsulting.com\/es\/#website\",\"url\":\"https:\/\/wpguerssen-test.odoo.rgbconsulting.com\/es\/\",\"name\":\"Guerssen records\",\"description\":\"psychedelia - progressive - folk - garage \",\"publisher\":{\"@id\":\"https:\/\/wpguerssen-test.odoo.rgbconsulting.com\/es\/#organization\"},\"potentialAction\":[{\"@type\":\"SearchAction\",\"target\":{\"@type\":\"EntryPoint\",\"urlTemplate\":\"https:\/\/wpguerssen-test.odoo.rgbconsulting.com\/es\/?s={search_term_string}\"},\"query-input\":{\"@type\":\"PropertyValueSpecification\",\"valueRequired\":true,\"valueName\":\"search_term_string\"}}],\"inLanguage\":\"es\"},{\"@type\":\"Organization\",\"@id\":\"https:\/\/wpguerssen-test.odoo.rgbconsulting.com\/es\/#organization\",\"name\":\"Guerssen records\",\"url\":\"https:\/\/wpguerssen-test.odoo.rgbconsulting.com\/es\/\",\"logo\":{\"@type\":\"ImageObject\",\"inLanguage\":\"es\",\"@id\":\"https:\/\/wpguerssen-test.odoo.rgbconsulting.com\/es\/#\/schema\/logo\/image\/\",\"url\":\"https:\/\/wpguerssen-test.odoo.rgbconsulting.com\/wp-content\/uploads\/2022\/04\/Logo_Guerssen_trans_100.png\",\"contentUrl\":\"https:\/\/wpguerssen-test.odoo.rgbconsulting.com\/wp-content\/uploads\/2022\/04\/Logo_Guerssen_trans_100.png\",\"width\":122,\"height\":100,\"caption\":\"Guerssen records\"},\"image\":{\"@id\":\"https:\/\/wpguerssen-test.odoo.rgbconsulting.com\/es\/#\/schema\/logo\/image\/\"}}]}<\/script>\n<!-- \/ Yoast SEO plugin. -->","yoast_head_json":{"title":"T2 - 1971-72 -  (LP) | Guerssen","description":"Amazing unissued recordings by cult psych\/prog band T2, featuring their later line-up, still with the great PETER DUNTON on drums\/vocals but now with Andrew Bown replacing Keith Cross on guitar and bass player John Weir on most of the tracks. There's also guest appearances by Dunton's friend Andrew Keeling on flute and slide guitar player Will Killeen. #nl# Similar to their classic Boomland and 1970 albums, this is highly recommended to any fan of underground hard-rock and proto-metal. #nl# *Hard cardboard sleeve #nl# *Includes insert with liner notes and photos #nl# Tracklist:SIDE A: A1. And Time - A2. Looking Back - A3. Questions & Answers - A4. Seventy-TwoSIDE B: B1. The Clown - B2. The Gambler - B3. Closing Your Eyes - B4. Into The Red - B5. PDQ","robots":{"index":"index","follow":"follow","max-snippet":"max-snippet:-1","max-image-preview":"max-image-preview:large","max-video-preview":"max-video-preview:-1"},"canonical":"https:\/\/wpguerssen-test.odoo.rgbconsulting.com\/es\/producto\/1971-72\/","og_locale":"es_ES","og_type":"article","og_title":"T2 - 1971-72 -  (LP) | Guerssen","og_description":"Amazing unissued recordings by cult psych\/prog band T2, featuring their later line-up, still with the great PETER DUNTON on drums\/vocals but now with Andrew Bown replacing Keith Cross on guitar and bass player John Weir on most of the tracks. There's also guest appearances by Dunton's friend Andrew Keeling on flute and slide guitar player Will Killeen. #nl# Similar to their classic Boomland and 1970 albums, this is highly recommended to any fan of underground hard-rock and proto-metal. #nl# *Hard cardboard sleeve #nl# *Includes insert with liner notes and photos #nl# Tracklist:SIDE A: A1. And Time - A2. Looking Back - A3. Questions & Answers - A4. Seventy-TwoSIDE B: B1. The Clown - B2. The Gambler - B3. Closing Your Eyes - B4. Into The Red - B5. PDQ","og_url":"https:\/\/wpguerssen-test.odoo.rgbconsulting.com\/es\/producto\/1971-72\/","og_site_name":"Guerssen records","article_modified_time":"2025-04-29T11:31:14+00:00","og_image":[{"width":1400,"height":1400,"url":"https:\/\/wpguerssen-test.odoo.rgbconsulting.com\/wp-content\/uploads\/2021\/10\/39690.jpg","type":"image\/jpeg"}],"twitter_card":"summary_large_image","twitter_title":"T2 - 1971-72 -  (LP) | Guerssen","twitter_misc":{"Tiempo de lectura":"1 minuto"},"schema":{"@context":"https:\/\/schema.org","@graph":[{"@type":"WebPage","@id":"https:\/\/wpguerssen-test.odoo.rgbconsulting.com\/es\/producto\/1971-72\/","url":"https:\/\/wpguerssen-test.odoo.rgbconsulting.com\/es\/producto\/1971-72\/","name":"T2 - 1971-72 - (LP) | Guerssen","isPartOf":{"@id":"https:\/\/wpguerssen-test.odoo.rgbconsulting.com\/es\/#website"},"primaryImageOfPage":{"@id":"https:\/\/wpguerssen-test.odoo.rgbconsulting.com\/es\/producto\/1971-72\/#primaryimage"},"image":{"@id":"https:\/\/wpguerssen-test.odoo.rgbconsulting.com\/es\/producto\/1971-72\/#primaryimage"},"thumbnailUrl":"https:\/\/wpguerssen-test.odoo.rgbconsulting.com\/wp-content\/uploads\/2021\/10\/39690.jpg","datePublished":"2025-04-14T22:00:00+00:00","dateModified":"2025-04-29T11:31:14+00:00","description":"Amazing unissued recordings by cult psych\/prog band T2, featuring their later line-up, still with the great PETER DUNTON on drums\/vocals but now with Andrew Bown replacing Keith Cross on guitar and bass player John Weir on most of the tracks. There's also guest appearances by Dunton's friend Andrew Keeling on flute and slide guitar player Will Killeen. #nl# Similar to their classic Boomland and 1970 albums, this is highly recommended to any fan of underground hard-rock and proto-metal. #nl# *Hard cardboard sleeve #nl# *Includes insert with liner notes and photos #nl# Tracklist:SIDE A: A1. And Time - A2. Looking Back - A3. Questions & Answers - A4. Seventy-TwoSIDE B: B1. The Clown - B2. The Gambler - B3. Closing Your Eyes - B4. Into The Red - B5. PDQ","breadcrumb":{"@id":"https:\/\/wpguerssen-test.odoo.rgbconsulting.com\/es\/producto\/1971-72\/#breadcrumb"},"inLanguage":"es","potentialAction":[{"@type":"ReadAction","target":["https:\/\/wpguerssen-test.odoo.rgbconsulting.com\/es\/producto\/1971-72\/"]}]},{"@type":"ImageObject","inLanguage":"es","@id":"https:\/\/wpguerssen-test.odoo.rgbconsulting.com\/es\/producto\/1971-72\/#primaryimage","url":"https:\/\/wpguerssen-test.odoo.rgbconsulting.com\/wp-content\/uploads\/2021\/10\/39690.jpg","contentUrl":"https:\/\/wpguerssen-test.odoo.rgbconsulting.com\/wp-content\/uploads\/2021\/10\/39690.jpg","width":1400,"height":1400},{"@type":"BreadcrumbList","@id":"https:\/\/wpguerssen-test.odoo.rgbconsulting.com\/es\/producto\/1971-72\/#breadcrumb","itemListElement":[{"@type":"ListItem","position":1,"name":"Inicio","item":"https:\/\/wpguerssen-test.odoo.rgbconsulting.com\/es\/"},{"@type":"ListItem","position":2,"name":"Shop","item":"https:\/\/wpguerssen-test.odoo.rgbconsulting.com\/shop\/"},{"@type":"ListItem","position":3,"name":"1971-72"}]},{"@type":"WebSite","@id":"https:\/\/wpguerssen-test.odoo.rgbconsulting.com\/es\/#website","url":"https:\/\/wpguerssen-test.odoo.rgbconsulting.com\/es\/","name":"Guerssen records","description":"psychedelia - progressive - folk - garage ","publisher":{"@id":"https:\/\/wpguerssen-test.odoo.rgbconsulting.com\/es\/#organization"},"potentialAction":[{"@type":"SearchAction","target":{"@type":"EntryPoint","urlTemplate":"https:\/\/wpguerssen-test.odoo.rgbconsulting.com\/es\/?s={search_term_string}"},"query-input":{"@type":"PropertyValueSpecification","valueRequired":true,"valueName":"search_term_string"}}],"inLanguage":"es"},{"@type":"Organization","@id":"https:\/\/wpguerssen-test.odoo.rgbconsulting.com\/es\/#organization","name":"Guerssen records","url":"https:\/\/wpguerssen-test.odoo.rgbconsulting.com\/es\/","logo":{"@type":"ImageObject","inLanguage":"es","@id":"https:\/\/wpguerssen-test.odoo.rgbconsulting.com\/es\/#\/schema\/logo\/image\/","url":"https:\/\/wpguerssen-test.odoo.rgbconsulting.com\/wp-content\/uploads\/2022\/04\/Logo_Guerssen_trans_100.png","contentUrl":"https:\/\/wpguerssen-test.odoo.rgbconsulting.com\/wp-content\/uploads\/2022\/04\/Logo_Guerssen_trans_100.png","width":122,"height":100,"caption":"Guerssen records"},"image":{"@id":"https:\/\/wpguerssen-test.odoo.rgbconsulting.com\/es\/#\/schema\/logo\/image\/"}}]}},"_links":{"self":[{"href":"https:\/\/wpguerssen-test.odoo.rgbconsulting.com\/es\/wp-json\/wp\/v2\/product\/284032","targetHints":{"allow":["GET"]}}],"collection":[{"href":"https:\/\/wpguerssen-test.odoo.rgbconsulting.com\/es\/wp-json\/wp\/v2\/product"}],"about":[{"href":"https:\/\/wpguerssen-test.odoo.rgbconsulting.com\/es\/wp-json\/wp\/v2\/types\/product"}],"wp:featuredmedia":[{"embeddable":true,"href":"https:\/\/wpguerssen-test.odoo.rgbconsulting.com\/es\/wp-json\/wp\/v2\/media\/211774"}],"wp:attachment":[{"href":"https:\/\/wpguerssen-test.odoo.rgbconsulting.com\/es\/wp-json\/wp\/v2\/media?parent=284032"}],"wp:term":[{"taxonomy":"product_brand","embeddable":true,"href":"https:\/\/wpguerssen-test.odoo.rgbconsulting.com\/es\/wp-json\/wp\/v2\/product_brand?post=284032"},{"taxonomy":"product_cat","embeddable":true,"href":"https:\/\/wpguerssen-test.odoo.rgbconsulting.com\/es\/wp-json\/wp\/v2\/product_cat?post=284032"},{"taxonomy":"product_tag","embeddable":true,"href":"https:\/\/wpguerssen-test.odoo.rgbconsulting.com\/es\/wp-json\/wp\/v2\/product_tag?post=284032"}],"curies":[{"name":"wp","href":"https:\/\/api.w.org\/{rel}","templated":true}]}}