{"id":284033,"date":"2025-04-15T00:00:00","date_gmt":"2025-04-14T22:00:00","guid":{"rendered":"https:\/\/wpguerssen-test.odoo.rgbconsulting.com\/?post_type=product&#038;p=284033"},"modified":"2025-04-29T13:37:42","modified_gmt":"2025-04-29T11:37:42","slug":"smokin-2","status":"publish","type":"product","link":"https:\/\/wpguerssen-test.odoo.rgbconsulting.com\/es\/producto\/smokin-2\/","title":{"rendered":"Smokin&#8217;"},"content":{"rendered":"<p>Potente y mel\u00f3dico hard-rock por este power-trio norteamericano: tremenda guitarra con amplis Quilt a todo trapo, furiosa bater\u00eda, dura voz&#8230;Grabado en los legendarios estudios Sonobeat en Austin (al igual que Mariani o Cold Sun) y originalmente editado en una edici\u00f3n privada demo en 1971, imposible de encontrar. Recomendado si te gustan Grand Funk, Bolder Damn, Demian, Cactus, Stack, Banchee, Blue Cheer, Hendrix&#8230;<\/p>\n<p>Wildfire nacen en California a finales de los 60. Randy Love a la guitarra y voz, Danny Jamison al bajo y voz principal y Donny Martin a la bater\u00eda. Famosos por sus potentes actuaciones, llenaban los clubs donde tocaban y se convirtieron en el grupo residente del Finnegan&#8217;s Rainbow. Tambi\u00e9n fueron el grupo favorito de un grupo de moteros llamado The Hessians Motorcycle Club, que se convirtieron en los guardaespaldas no oficiales de la banda.<\/p>\n<p>Al poco tiempo, el tr\u00edo entra en contacto con Pat Quilter de la marca de amplificadores Quilt. Cansado de reventar todos los amplis que ca\u00edan en sus manos debido al alto volumen de su guitarra, Randy desafi\u00f3 a Pat para que construyera un ampli que aguantara. Y Pat lo hizo. Con los consejos del trio, Pat dise\u00f1\u00f3 el famoso apmlificador \u00abMaster Volume Dial\u00bb, que el grupo incorpor\u00f3 a su equipo.<\/p>\n<p>En 1969, un promotor de Texas escuch\u00f3 al grupo y se los llev\u00f3 a Austin. Una vez en Texas, Wildfire se convirtieron en la nueva atracci\u00f3n local y compartieron escenario con gente como Freddie King, Allman Brothers, Johnny Winter y ZZ Top.<\/p>\n<p>Fue en Austin donde el grupo grab\u00f3 una demo de 8 canciones en los famosos estudios Sonobeat. Fue editada en vinilo en 1970 en una edici\u00f3n privada con portadas gen\u00e9ricas blancas que llevaban un adhesivo numerado a mano, solo vendido en una peque\u00f1a tienda en California. A d\u00eda de hoy, es uno de los discos m\u00e1s raros de hard-rock USA. Pirateado en los 90 y reeditado oficialmente por el sello alem\u00e1n Shadoks en 2006, aqu\u00ed tienes una nueva edici\u00f3n.<\/p>\n<p>* Sonido de los m\u00e1sters originales.<\/p>\n<p>*Carpeta de cart\u00f3n grueso.<\/p>\n<p>* Insert con fotos y notas informativas.<\/p>\n<p>Tracklist:<\/p>\n<p>Side 1: 1. Stars In The Sky &#8211; 2. Down To Earth &#8211; 3. Time Will Tell &#8211; 4. Don&#8217;t Look For Me<\/p>\n<p>Side 2: 1. Free &#8211; 2. What Have I Got Now &#8211; 3. Let It Happen &#8211; 4. Quicksand<\/p>\n","protected":false},"excerpt":{"rendered":"<p>Potente y mel\u00f3dico hard-rock por este power-trio norteamericano: tremenda guitarra con amplis Quilt a todo trapo, furiosa bater\u00eda, dura voz&#8230;Grabado en los<a class=\"read\" href=\"https:\/\/wpguerssen-test.odoo.rgbconsulting.com\/es\/producto\/smokin-2\/\"> (...)<\/a>","protected":false},"featured_media":284021,"template":"","meta":{"_acf_changed":false},"product_brand":[],"product_cat":[21639,23224],"product_tag":[24189],"class_list":{"0":"post-284033","1":"product","2":"type-product","3":"status-publish","4":"has-post-thumbnail","6":"product_cat-psychedelic60s-70s-es","7":"product_cat-hard-rock-60s-70s-es","8":"product_tag-recien-llegadas","9":"pa_artist-wildfire-es","10":"pa_format-lp-es","11":"pa_gender-hard-rock-60s-70s-psychedelic60s-70s","12":"pa_label-out-sider-music-es","13":"pa_location-north-america-es","14":"pa_other-filters-vinyl-only-es","16":"first","17":"instock","18":"taxable","19":"shipping-taxable","20":"purchasable","21":"product-type-simple"},"acf":[],"yoast_head":"<!-- This site is optimized with the Yoast SEO plugin v24.9 - https:\/\/yoast.com\/wordpress\/plugins\/seo\/ -->\n<title>WILDFIRE - Smokin&#039; -  (LP) | Guerssen<\/title>\n<meta name=\"description\" content=\"REPRESS IN HARD CARDBOARD SLEEVE + OBIPowerful and melodic hard-rock by this US power-trio: ultra-loud Quilter amps, killer leads, fuzz bass, furious drumming and vocals. Recorded at the legendary Sonobeat Studios in Austin (home of Mariani!) and originally released in 1971 as a private demo album, now impossible to find.RIYL: Grand Funk, Bolder Damn, Demian, Cactus, Stack, Banchee, Blue Cheer, Hendrix...Originally formed in California in the late 60s, Wildfire consisted of Randy Love (guitar\/vocals), Danny Jamison (bass\/lead vocals) and Donny Martin (drums).Famous for powerful live shows, they packed the clubs with lines around the block of fans waiting to enter, becoming the house band for Finnegan&#039;s Rainbow and the favorite group of The Hessians Motorcycle Club, who became the unofficial guardians of the band. Soon, they got in touch with Pat Quilter from Quilter amps. Tired of blowing up amps when playing, Randy told Pat to design an amp that couldn&#039;t blow up. And he did it. Following Wildfire&#039;s input, Pat designed for the band the famous &quot;Master Volume Dial&quot; amp.In 1969, a Texas promoter heard the band in Southern California and brought them to Austin, becoming an instant hit locally in the Austin area. While in Texas, Wildfire shared the stage with Freddie King, the Allman Brothers, Johnny Winter and ZZ Top. It was in Austin that the 8-song demo was cut at Sonobeat Records (home also of Mariani and Cold Sun), released in 1970 as a private pressing housed in a plain white cover with a Wildfire sticker, each one numbered. The demo album was never sold other than at a small record store in Southern California and it&#039;s now one the rarest hard-rock albums from the US.*Master tape sound*Insert with liner notes and photos*Repress in hard cardboard sleeve + OBITracklist:Side 1: 1. Stars In The Sky - 2. Down To Earth - 3. Time Will Tell - 4. Don&#039;t Look For MeSide 2: 1. Free - 2. What Have I Got Now - 3. Let It Happen - 4. Quicksand\" \/>\n<meta name=\"robots\" content=\"index, follow, max-snippet:-1, max-image-preview:large, max-video-preview:-1\" \/>\n<link rel=\"canonical\" href=\"https:\/\/wpguerssen-test.odoo.rgbconsulting.com\/es\/producto\/smokin-2\/\" \/>\n<meta property=\"og:locale\" content=\"es_ES\" \/>\n<meta property=\"og:type\" content=\"article\" \/>\n<meta property=\"og:title\" content=\"WILDFIRE - Smokin&#039; -  (LP) | Guerssen\" \/>\n<meta property=\"og:description\" content=\"REPRESS IN HARD CARDBOARD SLEEVE + OBIPowerful and melodic hard-rock by this US power-trio: ultra-loud Quilter amps, killer leads, fuzz bass, furious drumming and vocals. Recorded at the legendary Sonobeat Studios in Austin (home of Mariani!) and originally released in 1971 as a private demo album, now impossible to find.RIYL: Grand Funk, Bolder Damn, Demian, Cactus, Stack, Banchee, Blue Cheer, Hendrix...Originally formed in California in the late 60s, Wildfire consisted of Randy Love (guitar\/vocals), Danny Jamison (bass\/lead vocals) and Donny Martin (drums).Famous for powerful live shows, they packed the clubs with lines around the block of fans waiting to enter, becoming the house band for Finnegan&#039;s Rainbow and the favorite group of The Hessians Motorcycle Club, who became the unofficial guardians of the band. Soon, they got in touch with Pat Quilter from Quilter amps. Tired of blowing up amps when playing, Randy told Pat to design an amp that couldn&#039;t blow up. And he did it. Following Wildfire&#039;s input, Pat designed for the band the famous &quot;Master Volume Dial&quot; amp.In 1969, a Texas promoter heard the band in Southern California and brought them to Austin, becoming an instant hit locally in the Austin area. While in Texas, Wildfire shared the stage with Freddie King, the Allman Brothers, Johnny Winter and ZZ Top. It was in Austin that the 8-song demo was cut at Sonobeat Records (home also of Mariani and Cold Sun), released in 1970 as a private pressing housed in a plain white cover with a Wildfire sticker, each one numbered. The demo album was never sold other than at a small record store in Southern California and it&#039;s now one the rarest hard-rock albums from the US.*Master tape sound*Insert with liner notes and photos*Repress in hard cardboard sleeve + OBITracklist:Side 1: 1. Stars In The Sky - 2. Down To Earth - 3. Time Will Tell - 4. Don&#039;t Look For MeSide 2: 1. Free - 2. What Have I Got Now - 3. Let It Happen - 4. Quicksand\" \/>\n<meta property=\"og:url\" content=\"https:\/\/wpguerssen-test.odoo.rgbconsulting.com\/es\/producto\/smokin-2\/\" \/>\n<meta property=\"og:site_name\" content=\"Guerssen records\" \/>\n<meta property=\"article:modified_time\" content=\"2025-04-29T11:37:42+00:00\" \/>\n<meta property=\"og:image\" content=\"https:\/\/wpguerssen-test.odoo.rgbconsulting.com\/wp-content\/uploads\/2025\/02\/49612.jpg\" \/>\n\t<meta property=\"og:image:width\" content=\"1200\" \/>\n\t<meta property=\"og:image:height\" content=\"1200\" \/>\n\t<meta property=\"og:image:type\" content=\"image\/jpeg\" \/>\n<meta name=\"twitter:card\" content=\"summary_large_image\" \/>\n<meta name=\"twitter:title\" content=\"WILDFIRE - Smokin&#039; -  (LP) | Guerssen\" \/>\n<meta name=\"twitter:label1\" content=\"Tiempo de lectura\" \/>\n\t<meta name=\"twitter:data1\" content=\"2 minutos\" \/>\n<script type=\"application\/ld+json\" class=\"yoast-schema-graph\">{\"@context\":\"https:\/\/schema.org\",\"@graph\":[{\"@type\":\"WebPage\",\"@id\":\"https:\/\/wpguerssen-test.odoo.rgbconsulting.com\/es\/producto\/smokin-2\/\",\"url\":\"https:\/\/wpguerssen-test.odoo.rgbconsulting.com\/es\/producto\/smokin-2\/\",\"name\":\"WILDFIRE - Smokin' - (LP) | Guerssen\",\"isPartOf\":{\"@id\":\"https:\/\/wpguerssen-test.odoo.rgbconsulting.com\/es\/#website\"},\"primaryImageOfPage\":{\"@id\":\"https:\/\/wpguerssen-test.odoo.rgbconsulting.com\/es\/producto\/smokin-2\/#primaryimage\"},\"image\":{\"@id\":\"https:\/\/wpguerssen-test.odoo.rgbconsulting.com\/es\/producto\/smokin-2\/#primaryimage\"},\"thumbnailUrl\":\"https:\/\/wpguerssen-test.odoo.rgbconsulting.com\/wp-content\/uploads\/2025\/02\/49612.jpg\",\"datePublished\":\"2025-04-14T22:00:00+00:00\",\"dateModified\":\"2025-04-29T11:37:42+00:00\",\"description\":\"REPRESS IN HARD CARDBOARD SLEEVE + OBIPowerful and melodic hard-rock by this US power-trio: ultra-loud Quilter amps, killer leads, fuzz bass, furious drumming and vocals. Recorded at the legendary Sonobeat Studios in Austin (home of Mariani!) and originally released in 1971 as a private demo album, now impossible to find.RIYL: Grand Funk, Bolder Damn, Demian, Cactus, Stack, Banchee, Blue Cheer, Hendrix...Originally formed in California in the late 60s, Wildfire consisted of Randy Love (guitar\/vocals), Danny Jamison (bass\/lead vocals) and Donny Martin (drums).Famous for powerful live shows, they packed the clubs with lines around the block of fans waiting to enter, becoming the house band for Finnegan's Rainbow and the favorite group of The Hessians Motorcycle Club, who became the unofficial guardians of the band. Soon, they got in touch with Pat Quilter from Quilter amps. Tired of blowing up amps when playing, Randy told Pat to design an amp that couldn't blow up. And he did it. Following Wildfire's input, Pat designed for the band the famous \\\"Master Volume Dial\\\" amp.In 1969, a Texas promoter heard the band in Southern California and brought them to Austin, becoming an instant hit locally in the Austin area. While in Texas, Wildfire shared the stage with Freddie King, the Allman Brothers, Johnny Winter and ZZ Top. It was in Austin that the 8-song demo was cut at Sonobeat Records (home also of Mariani and Cold Sun), released in 1970 as a private pressing housed in a plain white cover with a Wildfire sticker, each one numbered. The demo album was never sold other than at a small record store in Southern California and it's now one the rarest hard-rock albums from the US.*Master tape sound*Insert with liner notes and photos*Repress in hard cardboard sleeve + OBITracklist:Side 1: 1. Stars In The Sky - 2. Down To Earth - 3. Time Will Tell - 4. Don't Look For MeSide 2: 1. Free - 2. What Have I Got Now - 3. Let It Happen - 4. Quicksand\",\"breadcrumb\":{\"@id\":\"https:\/\/wpguerssen-test.odoo.rgbconsulting.com\/es\/producto\/smokin-2\/#breadcrumb\"},\"inLanguage\":\"es\",\"potentialAction\":[{\"@type\":\"ReadAction\",\"target\":[\"https:\/\/wpguerssen-test.odoo.rgbconsulting.com\/es\/producto\/smokin-2\/\"]}]},{\"@type\":\"ImageObject\",\"inLanguage\":\"es\",\"@id\":\"https:\/\/wpguerssen-test.odoo.rgbconsulting.com\/es\/producto\/smokin-2\/#primaryimage\",\"url\":\"https:\/\/wpguerssen-test.odoo.rgbconsulting.com\/wp-content\/uploads\/2025\/02\/49612.jpg\",\"contentUrl\":\"https:\/\/wpguerssen-test.odoo.rgbconsulting.com\/wp-content\/uploads\/2025\/02\/49612.jpg\",\"width\":1200,\"height\":1200},{\"@type\":\"BreadcrumbList\",\"@id\":\"https:\/\/wpguerssen-test.odoo.rgbconsulting.com\/es\/producto\/smokin-2\/#breadcrumb\",\"itemListElement\":[{\"@type\":\"ListItem\",\"position\":1,\"name\":\"Inicio\",\"item\":\"https:\/\/wpguerssen-test.odoo.rgbconsulting.com\/es\/\"},{\"@type\":\"ListItem\",\"position\":2,\"name\":\"Shop\",\"item\":\"https:\/\/wpguerssen-test.odoo.rgbconsulting.com\/shop\/\"},{\"@type\":\"ListItem\",\"position\":3,\"name\":\"Smokin&#8217;\"}]},{\"@type\":\"WebSite\",\"@id\":\"https:\/\/wpguerssen-test.odoo.rgbconsulting.com\/es\/#website\",\"url\":\"https:\/\/wpguerssen-test.odoo.rgbconsulting.com\/es\/\",\"name\":\"Guerssen records\",\"description\":\"psychedelia - progressive - folk - garage \",\"publisher\":{\"@id\":\"https:\/\/wpguerssen-test.odoo.rgbconsulting.com\/es\/#organization\"},\"potentialAction\":[{\"@type\":\"SearchAction\",\"target\":{\"@type\":\"EntryPoint\",\"urlTemplate\":\"https:\/\/wpguerssen-test.odoo.rgbconsulting.com\/es\/?s={search_term_string}\"},\"query-input\":{\"@type\":\"PropertyValueSpecification\",\"valueRequired\":true,\"valueName\":\"search_term_string\"}}],\"inLanguage\":\"es\"},{\"@type\":\"Organization\",\"@id\":\"https:\/\/wpguerssen-test.odoo.rgbconsulting.com\/es\/#organization\",\"name\":\"Guerssen records\",\"url\":\"https:\/\/wpguerssen-test.odoo.rgbconsulting.com\/es\/\",\"logo\":{\"@type\":\"ImageObject\",\"inLanguage\":\"es\",\"@id\":\"https:\/\/wpguerssen-test.odoo.rgbconsulting.com\/es\/#\/schema\/logo\/image\/\",\"url\":\"https:\/\/wpguerssen-test.odoo.rgbconsulting.com\/wp-content\/uploads\/2022\/04\/Logo_Guerssen_trans_100.png\",\"contentUrl\":\"https:\/\/wpguerssen-test.odoo.rgbconsulting.com\/wp-content\/uploads\/2022\/04\/Logo_Guerssen_trans_100.png\",\"width\":122,\"height\":100,\"caption\":\"Guerssen records\"},\"image\":{\"@id\":\"https:\/\/wpguerssen-test.odoo.rgbconsulting.com\/es\/#\/schema\/logo\/image\/\"}}]}<\/script>\n<!-- \/ Yoast SEO plugin. -->","yoast_head_json":{"title":"WILDFIRE - Smokin' -  (LP) | Guerssen","description":"REPRESS IN HARD CARDBOARD SLEEVE + OBIPowerful and melodic hard-rock by this US power-trio: ultra-loud Quilter amps, killer leads, fuzz bass, furious drumming and vocals. Recorded at the legendary Sonobeat Studios in Austin (home of Mariani!) and originally released in 1971 as a private demo album, now impossible to find.RIYL: Grand Funk, Bolder Damn, Demian, Cactus, Stack, Banchee, Blue Cheer, Hendrix...Originally formed in California in the late 60s, Wildfire consisted of Randy Love (guitar\/vocals), Danny Jamison (bass\/lead vocals) and Donny Martin (drums).Famous for powerful live shows, they packed the clubs with lines around the block of fans waiting to enter, becoming the house band for Finnegan's Rainbow and the favorite group of The Hessians Motorcycle Club, who became the unofficial guardians of the band. Soon, they got in touch with Pat Quilter from Quilter amps. Tired of blowing up amps when playing, Randy told Pat to design an amp that couldn't blow up. And he did it. Following Wildfire's input, Pat designed for the band the famous \"Master Volume Dial\" amp.In 1969, a Texas promoter heard the band in Southern California and brought them to Austin, becoming an instant hit locally in the Austin area. While in Texas, Wildfire shared the stage with Freddie King, the Allman Brothers, Johnny Winter and ZZ Top. It was in Austin that the 8-song demo was cut at Sonobeat Records (home also of Mariani and Cold Sun), released in 1970 as a private pressing housed in a plain white cover with a Wildfire sticker, each one numbered. The demo album was never sold other than at a small record store in Southern California and it's now one the rarest hard-rock albums from the US.*Master tape sound*Insert with liner notes and photos*Repress in hard cardboard sleeve + OBITracklist:Side 1: 1. Stars In The Sky - 2. Down To Earth - 3. Time Will Tell - 4. Don't Look For MeSide 2: 1. Free - 2. What Have I Got Now - 3. Let It Happen - 4. Quicksand","robots":{"index":"index","follow":"follow","max-snippet":"max-snippet:-1","max-image-preview":"max-image-preview:large","max-video-preview":"max-video-preview:-1"},"canonical":"https:\/\/wpguerssen-test.odoo.rgbconsulting.com\/es\/producto\/smokin-2\/","og_locale":"es_ES","og_type":"article","og_title":"WILDFIRE - Smokin' -  (LP) | Guerssen","og_description":"REPRESS IN HARD CARDBOARD SLEEVE + OBIPowerful and melodic hard-rock by this US power-trio: ultra-loud Quilter amps, killer leads, fuzz bass, furious drumming and vocals. Recorded at the legendary Sonobeat Studios in Austin (home of Mariani!) and originally released in 1971 as a private demo album, now impossible to find.RIYL: Grand Funk, Bolder Damn, Demian, Cactus, Stack, Banchee, Blue Cheer, Hendrix...Originally formed in California in the late 60s, Wildfire consisted of Randy Love (guitar\/vocals), Danny Jamison (bass\/lead vocals) and Donny Martin (drums).Famous for powerful live shows, they packed the clubs with lines around the block of fans waiting to enter, becoming the house band for Finnegan's Rainbow and the favorite group of The Hessians Motorcycle Club, who became the unofficial guardians of the band. Soon, they got in touch with Pat Quilter from Quilter amps. Tired of blowing up amps when playing, Randy told Pat to design an amp that couldn't blow up. And he did it. Following Wildfire's input, Pat designed for the band the famous \"Master Volume Dial\" amp.In 1969, a Texas promoter heard the band in Southern California and brought them to Austin, becoming an instant hit locally in the Austin area. While in Texas, Wildfire shared the stage with Freddie King, the Allman Brothers, Johnny Winter and ZZ Top. It was in Austin that the 8-song demo was cut at Sonobeat Records (home also of Mariani and Cold Sun), released in 1970 as a private pressing housed in a plain white cover with a Wildfire sticker, each one numbered. The demo album was never sold other than at a small record store in Southern California and it's now one the rarest hard-rock albums from the US.*Master tape sound*Insert with liner notes and photos*Repress in hard cardboard sleeve + OBITracklist:Side 1: 1. Stars In The Sky - 2. Down To Earth - 3. Time Will Tell - 4. Don't Look For MeSide 2: 1. Free - 2. What Have I Got Now - 3. Let It Happen - 4. Quicksand","og_url":"https:\/\/wpguerssen-test.odoo.rgbconsulting.com\/es\/producto\/smokin-2\/","og_site_name":"Guerssen records","article_modified_time":"2025-04-29T11:37:42+00:00","og_image":[{"width":1200,"height":1200,"url":"https:\/\/wpguerssen-test.odoo.rgbconsulting.com\/wp-content\/uploads\/2025\/02\/49612.jpg","type":"image\/jpeg"}],"twitter_card":"summary_large_image","twitter_title":"WILDFIRE - Smokin' -  (LP) | Guerssen","twitter_misc":{"Tiempo de lectura":"2 minutos"},"schema":{"@context":"https:\/\/schema.org","@graph":[{"@type":"WebPage","@id":"https:\/\/wpguerssen-test.odoo.rgbconsulting.com\/es\/producto\/smokin-2\/","url":"https:\/\/wpguerssen-test.odoo.rgbconsulting.com\/es\/producto\/smokin-2\/","name":"WILDFIRE - Smokin' - (LP) | Guerssen","isPartOf":{"@id":"https:\/\/wpguerssen-test.odoo.rgbconsulting.com\/es\/#website"},"primaryImageOfPage":{"@id":"https:\/\/wpguerssen-test.odoo.rgbconsulting.com\/es\/producto\/smokin-2\/#primaryimage"},"image":{"@id":"https:\/\/wpguerssen-test.odoo.rgbconsulting.com\/es\/producto\/smokin-2\/#primaryimage"},"thumbnailUrl":"https:\/\/wpguerssen-test.odoo.rgbconsulting.com\/wp-content\/uploads\/2025\/02\/49612.jpg","datePublished":"2025-04-14T22:00:00+00:00","dateModified":"2025-04-29T11:37:42+00:00","description":"REPRESS IN HARD CARDBOARD SLEEVE + OBIPowerful and melodic hard-rock by this US power-trio: ultra-loud Quilter amps, killer leads, fuzz bass, furious drumming and vocals. Recorded at the legendary Sonobeat Studios in Austin (home of Mariani!) and originally released in 1971 as a private demo album, now impossible to find.RIYL: Grand Funk, Bolder Damn, Demian, Cactus, Stack, Banchee, Blue Cheer, Hendrix...Originally formed in California in the late 60s, Wildfire consisted of Randy Love (guitar\/vocals), Danny Jamison (bass\/lead vocals) and Donny Martin (drums).Famous for powerful live shows, they packed the clubs with lines around the block of fans waiting to enter, becoming the house band for Finnegan's Rainbow and the favorite group of The Hessians Motorcycle Club, who became the unofficial guardians of the band. Soon, they got in touch with Pat Quilter from Quilter amps. Tired of blowing up amps when playing, Randy told Pat to design an amp that couldn't blow up. And he did it. Following Wildfire's input, Pat designed for the band the famous \"Master Volume Dial\" amp.In 1969, a Texas promoter heard the band in Southern California and brought them to Austin, becoming an instant hit locally in the Austin area. While in Texas, Wildfire shared the stage with Freddie King, the Allman Brothers, Johnny Winter and ZZ Top. It was in Austin that the 8-song demo was cut at Sonobeat Records (home also of Mariani and Cold Sun), released in 1970 as a private pressing housed in a plain white cover with a Wildfire sticker, each one numbered. The demo album was never sold other than at a small record store in Southern California and it's now one the rarest hard-rock albums from the US.*Master tape sound*Insert with liner notes and photos*Repress in hard cardboard sleeve + OBITracklist:Side 1: 1. Stars In The Sky - 2. Down To Earth - 3. Time Will Tell - 4. Don't Look For MeSide 2: 1. Free - 2. What Have I Got Now - 3. Let It Happen - 4. Quicksand","breadcrumb":{"@id":"https:\/\/wpguerssen-test.odoo.rgbconsulting.com\/es\/producto\/smokin-2\/#breadcrumb"},"inLanguage":"es","potentialAction":[{"@type":"ReadAction","target":["https:\/\/wpguerssen-test.odoo.rgbconsulting.com\/es\/producto\/smokin-2\/"]}]},{"@type":"ImageObject","inLanguage":"es","@id":"https:\/\/wpguerssen-test.odoo.rgbconsulting.com\/es\/producto\/smokin-2\/#primaryimage","url":"https:\/\/wpguerssen-test.odoo.rgbconsulting.com\/wp-content\/uploads\/2025\/02\/49612.jpg","contentUrl":"https:\/\/wpguerssen-test.odoo.rgbconsulting.com\/wp-content\/uploads\/2025\/02\/49612.jpg","width":1200,"height":1200},{"@type":"BreadcrumbList","@id":"https:\/\/wpguerssen-test.odoo.rgbconsulting.com\/es\/producto\/smokin-2\/#breadcrumb","itemListElement":[{"@type":"ListItem","position":1,"name":"Inicio","item":"https:\/\/wpguerssen-test.odoo.rgbconsulting.com\/es\/"},{"@type":"ListItem","position":2,"name":"Shop","item":"https:\/\/wpguerssen-test.odoo.rgbconsulting.com\/shop\/"},{"@type":"ListItem","position":3,"name":"Smokin&#8217;"}]},{"@type":"WebSite","@id":"https:\/\/wpguerssen-test.odoo.rgbconsulting.com\/es\/#website","url":"https:\/\/wpguerssen-test.odoo.rgbconsulting.com\/es\/","name":"Guerssen records","description":"psychedelia - progressive - folk - garage ","publisher":{"@id":"https:\/\/wpguerssen-test.odoo.rgbconsulting.com\/es\/#organization"},"potentialAction":[{"@type":"SearchAction","target":{"@type":"EntryPoint","urlTemplate":"https:\/\/wpguerssen-test.odoo.rgbconsulting.com\/es\/?s={search_term_string}"},"query-input":{"@type":"PropertyValueSpecification","valueRequired":true,"valueName":"search_term_string"}}],"inLanguage":"es"},{"@type":"Organization","@id":"https:\/\/wpguerssen-test.odoo.rgbconsulting.com\/es\/#organization","name":"Guerssen records","url":"https:\/\/wpguerssen-test.odoo.rgbconsulting.com\/es\/","logo":{"@type":"ImageObject","inLanguage":"es","@id":"https:\/\/wpguerssen-test.odoo.rgbconsulting.com\/es\/#\/schema\/logo\/image\/","url":"https:\/\/wpguerssen-test.odoo.rgbconsulting.com\/wp-content\/uploads\/2022\/04\/Logo_Guerssen_trans_100.png","contentUrl":"https:\/\/wpguerssen-test.odoo.rgbconsulting.com\/wp-content\/uploads\/2022\/04\/Logo_Guerssen_trans_100.png","width":122,"height":100,"caption":"Guerssen records"},"image":{"@id":"https:\/\/wpguerssen-test.odoo.rgbconsulting.com\/es\/#\/schema\/logo\/image\/"}}]}},"_links":{"self":[{"href":"https:\/\/wpguerssen-test.odoo.rgbconsulting.com\/es\/wp-json\/wp\/v2\/product\/284033","targetHints":{"allow":["GET"]}}],"collection":[{"href":"https:\/\/wpguerssen-test.odoo.rgbconsulting.com\/es\/wp-json\/wp\/v2\/product"}],"about":[{"href":"https:\/\/wpguerssen-test.odoo.rgbconsulting.com\/es\/wp-json\/wp\/v2\/types\/product"}],"wp:featuredmedia":[{"embeddable":true,"href":"https:\/\/wpguerssen-test.odoo.rgbconsulting.com\/es\/wp-json\/wp\/v2\/media\/284021"}],"wp:attachment":[{"href":"https:\/\/wpguerssen-test.odoo.rgbconsulting.com\/es\/wp-json\/wp\/v2\/media?parent=284033"}],"wp:term":[{"taxonomy":"product_brand","embeddable":true,"href":"https:\/\/wpguerssen-test.odoo.rgbconsulting.com\/es\/wp-json\/wp\/v2\/product_brand?post=284033"},{"taxonomy":"product_cat","embeddable":true,"href":"https:\/\/wpguerssen-test.odoo.rgbconsulting.com\/es\/wp-json\/wp\/v2\/product_cat?post=284033"},{"taxonomy":"product_tag","embeddable":true,"href":"https:\/\/wpguerssen-test.odoo.rgbconsulting.com\/es\/wp-json\/wp\/v2\/product_tag?post=284033"}],"curies":[{"name":"wp","href":"https:\/\/api.w.org\/{rel}","templated":true}]}}