{"id":284154,"date":"2025-04-22T00:00:00","date_gmt":"2025-04-21T22:00:00","guid":{"rendered":"https:\/\/wpguerssen-test.odoo.rgbconsulting.com\/product\/lofi-girl-presents-halloween-2024-black-marbled-2\/"},"modified":"2025-04-22T15:57:25","modified_gmt":"2025-04-22T13:57:25","slug":"lofi-girl-presents-halloween-2024-black-marbled-2","status":"publish","type":"product","link":"https:\/\/wpguerssen-test.odoo.rgbconsulting.com\/es\/producto\/lofi-girl-presents-halloween-2024-black-marbled-2\/","title":{"rendered":"Lofi Girl Presents. Halloween 2024 (Black Marbled)"},"content":{"rendered":"<p>Para este lanzamiento especial, nos complace presentar algo nuevo: un vinilo triple, perfecto para hechizar tu noche de Halloween.<br \/>\u00a1Las brujas se preparan y los calderos burbujean mientras Halloween provoca un problema espeluznante! Ad\u00e9ntrate en el mundo de los ritmos espeluznantes con la recopilaci\u00f3n &#8216;Halloween 2024&#8217; de Lofi Girl. Con artistas talentosos de todo el mundo, esta poci\u00f3n de ritmos fantasmales y melod\u00edas inquietantes crea el ambiente para una noche de escalofr\u00edos y emociones. Ya sea que est\u00e9s conjurando pociones o relaj\u00e1ndote bajo el cielo iluminado por la luna, \u00a1deja que la magia de estos ritmos escalofriantes se apodere de tu noche de Halloween!<br \/>TRACKLIST<br \/>A1. Skeletons In My Closet &#8211; Fugee x Thaehan A2. Mystical Town &#8211; Dosi A3. Twistedbramble &#8211; WYS A4. Ghost In The Mall &#8211; PBdR A5. The Bone Dance &#8211; Lock x Simber A6. A Pumpkins Farewell &#8211; Frances The Mute x Lenny B A7. Bag Of Bones &#8211; Jam&#8217;addict x Monocloud B1. Bloody Night &#8211; Swink B2. Souls Are Dancing &#8211; Kanisan B3. Ghost&#8217;s Show &#8211; Softy x Lock B4. Frightful Foyer &#8211; Evenbluer x Odd Panda x Copacetik B5. Do Not Fear &#8211; Pierson Booth x kyoshi B6. Ritual &#8211; LUQET B7. Black Cat &#8211; Thaehan C1. Devil&#8217;s Bane 6 Dosi C2. Mage&#8217;s Lair &#8211; Tah. x Gatz2gatz C3. Hall Of Masses &#8211; Towerz C4. Ghost Jam &#8211; Goson C5. Neverending Carrousel &#8211; LUQET x Fugee C6. Creepy Cauldron &#8211; PBdR D1. Hollow &#8211; Alto x Lenny Loops D2. The Haunted Manor &#8211; Lucid Keys D3. Zombie Walk &#8211; Tah. x Gatz2gatz D4. Ghost &#038; Stuff &#8211; eevee x Fugee D5. Ghostly Whispers &#8211; Vimef x Solar Body x Jwxd D6. Bloody Mary &#8211; MyceliumBug E1. Ghost Waltz &#8211; HoK\u00f8 x Fugee E2. Night At Hogsmeade &#8211; Sheath x Dark Winter E3. Ghosts And Ghouls &#8211; Solar Body E4. Crow&#8217;s Nest &#8211; luv pug x Spaniel Mac E5. Phantom Force &#8211; Odd Panda x Fool Parsley E6. Lost Cemetery &#8211; Klemsis F1. Phantom Party &#8211; PBdR F2. Pumpkin Dance &#8211; Bedroom Lofi F3. Hocus Pocus &#8211; Sheath x Solar Body F4. Graveyard Groove -Tibeauthetraveler F5. Ghost Of 1496 &#8211; Nadav Cohen x Nev Benjamin F6. Shadows Of The Night &#8211; No Spirit x fl\u00e2neur.<\/p>\n","protected":false},"excerpt":{"rendered":"<p>Para este lanzamiento especial, nos complace presentar algo nuevo: un vinilo triple, perfecto para hechizar tu noche de Halloween.<br \/>\u00a1Las brujas se preparan y<a class=\"read\" href=\"https:\/\/wpguerssen-test.odoo.rgbconsulting.com\/es\/producto\/lofi-girl-presents-halloween-2024-black-marbled-2\/\"> (...)<\/a>","protected":false},"featured_media":277165,"template":"","meta":{"_acf_changed":false},"product_brand":[],"product_cat":[23266,23259],"product_tag":[24189],"class_list":{"0":"post-284154","1":"product","2":"type-product","3":"status-publish","4":"has-post-thumbnail","6":"product_cat-electronic-es","7":"product_cat-ambient-new-age-es","8":"product_tag-recien-llegadas","9":"pa_artist-various-artists-es","10":"pa_format-3lp-es","11":"pa_gender-electronic-ambient-new-age","12":"pa_label-lofi-records","13":"pa_location-asia-es","14":"pa_other-filters-vinyl-only-es","16":"first","17":"instock","18":"taxable","19":"shipping-taxable","20":"purchasable","21":"product-type-simple"},"acf":[],"yoast_head":"<!-- This site is optimized with the Yoast SEO plugin v24.9 - https:\/\/yoast.com\/wordpress\/plugins\/seo\/ -->\n<title>VARIOUS ARTISTS - Lofi Girl Presents. Halloween 2024 (Black Marbled) -  (3LP) | Guerssen<\/title>\n<meta name=\"description\" content=\"For this special release, we&#039;re excited to unveil something brand new: a triple vinyl, perfect for casting a spell on your Halloween night.Witches brew and cauldrons bubble, as Halloween stirs up an eerie trouble! Step into the world of spooky beats with Lofi Girl&#039;s &#039;Halloween 2024&#039; compilation. Featuring talented artists from around the world, this potion of ghostly rhythms and haunting melodies sets the mood for a night of chills and thrills. Whether you&#039;re conjuring up potions or unwinding under the moonlit sky, let the witchy magic of these chilling beats take over your Halloween night!TRACKLISTA1. Skeletons In My Closet - Fugee x Thaehan A2. Mystical Town - Dosi A3. Twistedbramble - WYS A4. Ghost In The Mall - PBdR A5. The Bone Dance - Lock x Simber A6. A Pumpkins Farewell - Frances The Mute x Lenny B A7. Bag Of Bones - Jam&#039;addict x Monocloud B1. Bloody Night - Swink B2. Souls Are Dancing - Kanisan B3. Ghost&#039;s Show - Softy x Lock B4. Frightful Foyer - Evenbluer x Odd Panda x Copacetik B5. Do Not Fear - Pierson Booth x kyoshi B6. Ritual - LUQET B7. Black Cat - Thaehan C1. Devil&#039;s Bane 6 Dosi C2. Mage&#039;s Lair - Tah. x Gatz2gatz C3. Hall Of Masses - Towerz C4. Ghost Jam - Goson C5. Neverending Carrousel - LUQET x Fugee C6. Creepy Cauldron - PBdR D1. Hollow - Alto x Lenny Loops D2. The Haunted Manor - Lucid Keys D3. Zombie Walk - Tah. x Gatz2gatz D4. Ghost &amp; Stuff - eevee x Fugee D5. Ghostly Whispers - Vimef x Solar Body x Jwxd D6. Bloody Mary - MyceliumBug E1. Ghost Waltz - HoK\u00f8 x Fugee E2. Night At Hogsmeade - Sheath x Dark Winter E3. Ghosts And Ghouls - Solar Body E4. Crow&#039;s Nest - luv pug x Spaniel Mac E5. Phantom Force - Odd Panda x Fool Parsley E6. Lost Cemetery - Klemsis F1. Phantom Party - PBdR F2. Pumpkin Dance - Bedroom Lofi F3. Hocus Pocus - Sheath x Solar Body F4. Graveyard Groove -Tibeauthetraveler F5. Ghost Of 1496 - Nadav Cohen x Nev Benjamin F6. Shadows Of The Night - No Spirit x fl\u00e2neur\" \/>\n<meta name=\"robots\" content=\"index, follow, max-snippet:-1, max-image-preview:large, max-video-preview:-1\" \/>\n<link rel=\"canonical\" href=\"https:\/\/wpguerssen-test.odoo.rgbconsulting.com\/es\/producto\/lofi-girl-presents-halloween-2024-black-marbled-2\/\" \/>\n<meta property=\"og:locale\" content=\"es_ES\" \/>\n<meta property=\"og:type\" content=\"article\" \/>\n<meta property=\"og:title\" content=\"VARIOUS ARTISTS - Lofi Girl Presents. Halloween 2024 (Black Marbled) -  (3LP) | Guerssen\" \/>\n<meta property=\"og:description\" content=\"For this special release, we&#039;re excited to unveil something brand new: a triple vinyl, perfect for casting a spell on your Halloween night.Witches brew and cauldrons bubble, as Halloween stirs up an eerie trouble! Step into the world of spooky beats with Lofi Girl&#039;s &#039;Halloween 2024&#039; compilation. Featuring talented artists from around the world, this potion of ghostly rhythms and haunting melodies sets the mood for a night of chills and thrills. Whether you&#039;re conjuring up potions or unwinding under the moonlit sky, let the witchy magic of these chilling beats take over your Halloween night!TRACKLISTA1. Skeletons In My Closet - Fugee x Thaehan A2. Mystical Town - Dosi A3. Twistedbramble - WYS A4. Ghost In The Mall - PBdR A5. The Bone Dance - Lock x Simber A6. A Pumpkins Farewell - Frances The Mute x Lenny B A7. Bag Of Bones - Jam&#039;addict x Monocloud B1. Bloody Night - Swink B2. Souls Are Dancing - Kanisan B3. Ghost&#039;s Show - Softy x Lock B4. Frightful Foyer - Evenbluer x Odd Panda x Copacetik B5. Do Not Fear - Pierson Booth x kyoshi B6. Ritual - LUQET B7. Black Cat - Thaehan C1. Devil&#039;s Bane 6 Dosi C2. Mage&#039;s Lair - Tah. x Gatz2gatz C3. Hall Of Masses - Towerz C4. Ghost Jam - Goson C5. Neverending Carrousel - LUQET x Fugee C6. Creepy Cauldron - PBdR D1. Hollow - Alto x Lenny Loops D2. The Haunted Manor - Lucid Keys D3. Zombie Walk - Tah. x Gatz2gatz D4. Ghost &amp; Stuff - eevee x Fugee D5. Ghostly Whispers - Vimef x Solar Body x Jwxd D6. Bloody Mary - MyceliumBug E1. Ghost Waltz - HoK\u00f8 x Fugee E2. Night At Hogsmeade - Sheath x Dark Winter E3. Ghosts And Ghouls - Solar Body E4. Crow&#039;s Nest - luv pug x Spaniel Mac E5. Phantom Force - Odd Panda x Fool Parsley E6. Lost Cemetery - Klemsis F1. Phantom Party - PBdR F2. Pumpkin Dance - Bedroom Lofi F3. Hocus Pocus - Sheath x Solar Body F4. Graveyard Groove -Tibeauthetraveler F5. Ghost Of 1496 - Nadav Cohen x Nev Benjamin F6. Shadows Of The Night - No Spirit x fl\u00e2neur\" \/>\n<meta property=\"og:url\" content=\"https:\/\/wpguerssen-test.odoo.rgbconsulting.com\/es\/producto\/lofi-girl-presents-halloween-2024-black-marbled-2\/\" \/>\n<meta property=\"og:site_name\" content=\"Guerssen records\" \/>\n<meta property=\"article:modified_time\" content=\"2025-04-22T13:57:25+00:00\" \/>\n<meta property=\"og:image\" content=\"https:\/\/wpguerssen-test.odoo.rgbconsulting.com\/wp-content\/uploads\/2024\/10\/48957-scaled.jpg\" \/>\n\t<meta property=\"og:image:width\" content=\"2560\" \/>\n\t<meta property=\"og:image:height\" content=\"2560\" \/>\n\t<meta property=\"og:image:type\" content=\"image\/jpeg\" \/>\n<meta name=\"twitter:card\" content=\"summary_large_image\" \/>\n<meta name=\"twitter:title\" content=\"VARIOUS ARTISTS - Lofi Girl Presents. Halloween 2024 (Black Marbled) -  (3LP) | Guerssen\" \/>\n<meta name=\"twitter:label1\" content=\"Tiempo de lectura\" \/>\n\t<meta name=\"twitter:data1\" content=\"2 minutos\" \/>\n<script type=\"application\/ld+json\" class=\"yoast-schema-graph\">{\"@context\":\"https:\/\/schema.org\",\"@graph\":[{\"@type\":\"WebPage\",\"@id\":\"https:\/\/wpguerssen-test.odoo.rgbconsulting.com\/es\/producto\/lofi-girl-presents-halloween-2024-black-marbled-2\/\",\"url\":\"https:\/\/wpguerssen-test.odoo.rgbconsulting.com\/es\/producto\/lofi-girl-presents-halloween-2024-black-marbled-2\/\",\"name\":\"VARIOUS ARTISTS - Lofi Girl Presents. Halloween 2024 (Black Marbled) - (3LP) | Guerssen\",\"isPartOf\":{\"@id\":\"https:\/\/wpguerssen-test.odoo.rgbconsulting.com\/es\/#website\"},\"primaryImageOfPage\":{\"@id\":\"https:\/\/wpguerssen-test.odoo.rgbconsulting.com\/es\/producto\/lofi-girl-presents-halloween-2024-black-marbled-2\/#primaryimage\"},\"image\":{\"@id\":\"https:\/\/wpguerssen-test.odoo.rgbconsulting.com\/es\/producto\/lofi-girl-presents-halloween-2024-black-marbled-2\/#primaryimage\"},\"thumbnailUrl\":\"https:\/\/wpguerssen-test.odoo.rgbconsulting.com\/wp-content\/uploads\/2024\/10\/48957-scaled.jpg\",\"datePublished\":\"2025-04-21T22:00:00+00:00\",\"dateModified\":\"2025-04-22T13:57:25+00:00\",\"description\":\"For this special release, we're excited to unveil something brand new: a triple vinyl, perfect for casting a spell on your Halloween night.Witches brew and cauldrons bubble, as Halloween stirs up an eerie trouble! Step into the world of spooky beats with Lofi Girl's 'Halloween 2024' compilation. Featuring talented artists from around the world, this potion of ghostly rhythms and haunting melodies sets the mood for a night of chills and thrills. Whether you're conjuring up potions or unwinding under the moonlit sky, let the witchy magic of these chilling beats take over your Halloween night!TRACKLISTA1. Skeletons In My Closet - Fugee x Thaehan A2. Mystical Town - Dosi A3. Twistedbramble - WYS A4. Ghost In The Mall - PBdR A5. The Bone Dance - Lock x Simber A6. A Pumpkins Farewell - Frances The Mute x Lenny B A7. Bag Of Bones - Jam'addict x Monocloud B1. Bloody Night - Swink B2. Souls Are Dancing - Kanisan B3. Ghost's Show - Softy x Lock B4. Frightful Foyer - Evenbluer x Odd Panda x Copacetik B5. Do Not Fear - Pierson Booth x kyoshi B6. Ritual - LUQET B7. Black Cat - Thaehan C1. Devil's Bane 6 Dosi C2. Mage's Lair - Tah. x Gatz2gatz C3. Hall Of Masses - Towerz C4. Ghost Jam - Goson C5. Neverending Carrousel - LUQET x Fugee C6. Creepy Cauldron - PBdR D1. Hollow - Alto x Lenny Loops D2. The Haunted Manor - Lucid Keys D3. Zombie Walk - Tah. x Gatz2gatz D4. Ghost & Stuff - eevee x Fugee D5. Ghostly Whispers - Vimef x Solar Body x Jwxd D6. Bloody Mary - MyceliumBug E1. Ghost Waltz - HoK\u00f8 x Fugee E2. Night At Hogsmeade - Sheath x Dark Winter E3. Ghosts And Ghouls - Solar Body E4. Crow's Nest - luv pug x Spaniel Mac E5. Phantom Force - Odd Panda x Fool Parsley E6. Lost Cemetery - Klemsis F1. Phantom Party - PBdR F2. Pumpkin Dance - Bedroom Lofi F3. Hocus Pocus - Sheath x Solar Body F4. Graveyard Groove -Tibeauthetraveler F5. Ghost Of 1496 - Nadav Cohen x Nev Benjamin F6. Shadows Of The Night - No Spirit x fl\u00e2neur\",\"breadcrumb\":{\"@id\":\"https:\/\/wpguerssen-test.odoo.rgbconsulting.com\/es\/producto\/lofi-girl-presents-halloween-2024-black-marbled-2\/#breadcrumb\"},\"inLanguage\":\"es\",\"potentialAction\":[{\"@type\":\"ReadAction\",\"target\":[\"https:\/\/wpguerssen-test.odoo.rgbconsulting.com\/es\/producto\/lofi-girl-presents-halloween-2024-black-marbled-2\/\"]}]},{\"@type\":\"ImageObject\",\"inLanguage\":\"es\",\"@id\":\"https:\/\/wpguerssen-test.odoo.rgbconsulting.com\/es\/producto\/lofi-girl-presents-halloween-2024-black-marbled-2\/#primaryimage\",\"url\":\"https:\/\/wpguerssen-test.odoo.rgbconsulting.com\/wp-content\/uploads\/2024\/10\/48957-scaled.jpg\",\"contentUrl\":\"https:\/\/wpguerssen-test.odoo.rgbconsulting.com\/wp-content\/uploads\/2024\/10\/48957-scaled.jpg\",\"width\":2560,\"height\":2560},{\"@type\":\"BreadcrumbList\",\"@id\":\"https:\/\/wpguerssen-test.odoo.rgbconsulting.com\/es\/producto\/lofi-girl-presents-halloween-2024-black-marbled-2\/#breadcrumb\",\"itemListElement\":[{\"@type\":\"ListItem\",\"position\":1,\"name\":\"Inicio\",\"item\":\"https:\/\/wpguerssen-test.odoo.rgbconsulting.com\/es\/\"},{\"@type\":\"ListItem\",\"position\":2,\"name\":\"Shop\",\"item\":\"https:\/\/wpguerssen-test.odoo.rgbconsulting.com\/shop\/\"},{\"@type\":\"ListItem\",\"position\":3,\"name\":\"Lofi Girl Presents. Halloween 2024 (Black Marbled)\"}]},{\"@type\":\"WebSite\",\"@id\":\"https:\/\/wpguerssen-test.odoo.rgbconsulting.com\/es\/#website\",\"url\":\"https:\/\/wpguerssen-test.odoo.rgbconsulting.com\/es\/\",\"name\":\"Guerssen records\",\"description\":\"psychedelia - progressive - folk - garage \",\"publisher\":{\"@id\":\"https:\/\/wpguerssen-test.odoo.rgbconsulting.com\/es\/#organization\"},\"potentialAction\":[{\"@type\":\"SearchAction\",\"target\":{\"@type\":\"EntryPoint\",\"urlTemplate\":\"https:\/\/wpguerssen-test.odoo.rgbconsulting.com\/es\/?s={search_term_string}\"},\"query-input\":{\"@type\":\"PropertyValueSpecification\",\"valueRequired\":true,\"valueName\":\"search_term_string\"}}],\"inLanguage\":\"es\"},{\"@type\":\"Organization\",\"@id\":\"https:\/\/wpguerssen-test.odoo.rgbconsulting.com\/es\/#organization\",\"name\":\"Guerssen records\",\"url\":\"https:\/\/wpguerssen-test.odoo.rgbconsulting.com\/es\/\",\"logo\":{\"@type\":\"ImageObject\",\"inLanguage\":\"es\",\"@id\":\"https:\/\/wpguerssen-test.odoo.rgbconsulting.com\/es\/#\/schema\/logo\/image\/\",\"url\":\"https:\/\/wpguerssen-test.odoo.rgbconsulting.com\/wp-content\/uploads\/2022\/04\/Logo_Guerssen_trans_100.png\",\"contentUrl\":\"https:\/\/wpguerssen-test.odoo.rgbconsulting.com\/wp-content\/uploads\/2022\/04\/Logo_Guerssen_trans_100.png\",\"width\":122,\"height\":100,\"caption\":\"Guerssen records\"},\"image\":{\"@id\":\"https:\/\/wpguerssen-test.odoo.rgbconsulting.com\/es\/#\/schema\/logo\/image\/\"}}]}<\/script>\n<!-- \/ Yoast SEO plugin. -->","yoast_head_json":{"title":"VARIOUS ARTISTS - Lofi Girl Presents. Halloween 2024 (Black Marbled) -  (3LP) | Guerssen","description":"For this special release, we're excited to unveil something brand new: a triple vinyl, perfect for casting a spell on your Halloween night.Witches brew and cauldrons bubble, as Halloween stirs up an eerie trouble! Step into the world of spooky beats with Lofi Girl's 'Halloween 2024' compilation. Featuring talented artists from around the world, this potion of ghostly rhythms and haunting melodies sets the mood for a night of chills and thrills. Whether you're conjuring up potions or unwinding under the moonlit sky, let the witchy magic of these chilling beats take over your Halloween night!TRACKLISTA1. Skeletons In My Closet - Fugee x Thaehan A2. Mystical Town - Dosi A3. Twistedbramble - WYS A4. Ghost In The Mall - PBdR A5. The Bone Dance - Lock x Simber A6. A Pumpkins Farewell - Frances The Mute x Lenny B A7. Bag Of Bones - Jam'addict x Monocloud B1. Bloody Night - Swink B2. Souls Are Dancing - Kanisan B3. Ghost's Show - Softy x Lock B4. Frightful Foyer - Evenbluer x Odd Panda x Copacetik B5. Do Not Fear - Pierson Booth x kyoshi B6. Ritual - LUQET B7. Black Cat - Thaehan C1. Devil's Bane 6 Dosi C2. Mage's Lair - Tah. x Gatz2gatz C3. Hall Of Masses - Towerz C4. Ghost Jam - Goson C5. Neverending Carrousel - LUQET x Fugee C6. Creepy Cauldron - PBdR D1. Hollow - Alto x Lenny Loops D2. The Haunted Manor - Lucid Keys D3. Zombie Walk - Tah. x Gatz2gatz D4. Ghost & Stuff - eevee x Fugee D5. Ghostly Whispers - Vimef x Solar Body x Jwxd D6. Bloody Mary - MyceliumBug E1. Ghost Waltz - HoK\u00f8 x Fugee E2. Night At Hogsmeade - Sheath x Dark Winter E3. Ghosts And Ghouls - Solar Body E4. Crow's Nest - luv pug x Spaniel Mac E5. Phantom Force - Odd Panda x Fool Parsley E6. Lost Cemetery - Klemsis F1. Phantom Party - PBdR F2. Pumpkin Dance - Bedroom Lofi F3. Hocus Pocus - Sheath x Solar Body F4. Graveyard Groove -Tibeauthetraveler F5. Ghost Of 1496 - Nadav Cohen x Nev Benjamin F6. Shadows Of The Night - No Spirit x fl\u00e2neur","robots":{"index":"index","follow":"follow","max-snippet":"max-snippet:-1","max-image-preview":"max-image-preview:large","max-video-preview":"max-video-preview:-1"},"canonical":"https:\/\/wpguerssen-test.odoo.rgbconsulting.com\/es\/producto\/lofi-girl-presents-halloween-2024-black-marbled-2\/","og_locale":"es_ES","og_type":"article","og_title":"VARIOUS ARTISTS - Lofi Girl Presents. Halloween 2024 (Black Marbled) -  (3LP) | Guerssen","og_description":"For this special release, we're excited to unveil something brand new: a triple vinyl, perfect for casting a spell on your Halloween night.Witches brew and cauldrons bubble, as Halloween stirs up an eerie trouble! Step into the world of spooky beats with Lofi Girl's 'Halloween 2024' compilation. Featuring talented artists from around the world, this potion of ghostly rhythms and haunting melodies sets the mood for a night of chills and thrills. Whether you're conjuring up potions or unwinding under the moonlit sky, let the witchy magic of these chilling beats take over your Halloween night!TRACKLISTA1. Skeletons In My Closet - Fugee x Thaehan A2. Mystical Town - Dosi A3. Twistedbramble - WYS A4. Ghost In The Mall - PBdR A5. The Bone Dance - Lock x Simber A6. A Pumpkins Farewell - Frances The Mute x Lenny B A7. Bag Of Bones - Jam'addict x Monocloud B1. Bloody Night - Swink B2. Souls Are Dancing - Kanisan B3. Ghost's Show - Softy x Lock B4. Frightful Foyer - Evenbluer x Odd Panda x Copacetik B5. Do Not Fear - Pierson Booth x kyoshi B6. Ritual - LUQET B7. Black Cat - Thaehan C1. Devil's Bane 6 Dosi C2. Mage's Lair - Tah. x Gatz2gatz C3. Hall Of Masses - Towerz C4. Ghost Jam - Goson C5. Neverending Carrousel - LUQET x Fugee C6. Creepy Cauldron - PBdR D1. Hollow - Alto x Lenny Loops D2. The Haunted Manor - Lucid Keys D3. Zombie Walk - Tah. x Gatz2gatz D4. Ghost & Stuff - eevee x Fugee D5. Ghostly Whispers - Vimef x Solar Body x Jwxd D6. Bloody Mary - MyceliumBug E1. Ghost Waltz - HoK\u00f8 x Fugee E2. Night At Hogsmeade - Sheath x Dark Winter E3. Ghosts And Ghouls - Solar Body E4. Crow's Nest - luv pug x Spaniel Mac E5. Phantom Force - Odd Panda x Fool Parsley E6. Lost Cemetery - Klemsis F1. Phantom Party - PBdR F2. Pumpkin Dance - Bedroom Lofi F3. Hocus Pocus - Sheath x Solar Body F4. Graveyard Groove -Tibeauthetraveler F5. Ghost Of 1496 - Nadav Cohen x Nev Benjamin F6. Shadows Of The Night - No Spirit x fl\u00e2neur","og_url":"https:\/\/wpguerssen-test.odoo.rgbconsulting.com\/es\/producto\/lofi-girl-presents-halloween-2024-black-marbled-2\/","og_site_name":"Guerssen records","article_modified_time":"2025-04-22T13:57:25+00:00","og_image":[{"width":2560,"height":2560,"url":"https:\/\/wpguerssen-test.odoo.rgbconsulting.com\/wp-content\/uploads\/2024\/10\/48957-scaled.jpg","type":"image\/jpeg"}],"twitter_card":"summary_large_image","twitter_title":"VARIOUS ARTISTS - Lofi Girl Presents. Halloween 2024 (Black Marbled) -  (3LP) | Guerssen","twitter_misc":{"Tiempo de lectura":"2 minutos"},"schema":{"@context":"https:\/\/schema.org","@graph":[{"@type":"WebPage","@id":"https:\/\/wpguerssen-test.odoo.rgbconsulting.com\/es\/producto\/lofi-girl-presents-halloween-2024-black-marbled-2\/","url":"https:\/\/wpguerssen-test.odoo.rgbconsulting.com\/es\/producto\/lofi-girl-presents-halloween-2024-black-marbled-2\/","name":"VARIOUS ARTISTS - Lofi Girl Presents. Halloween 2024 (Black Marbled) - (3LP) | Guerssen","isPartOf":{"@id":"https:\/\/wpguerssen-test.odoo.rgbconsulting.com\/es\/#website"},"primaryImageOfPage":{"@id":"https:\/\/wpguerssen-test.odoo.rgbconsulting.com\/es\/producto\/lofi-girl-presents-halloween-2024-black-marbled-2\/#primaryimage"},"image":{"@id":"https:\/\/wpguerssen-test.odoo.rgbconsulting.com\/es\/producto\/lofi-girl-presents-halloween-2024-black-marbled-2\/#primaryimage"},"thumbnailUrl":"https:\/\/wpguerssen-test.odoo.rgbconsulting.com\/wp-content\/uploads\/2024\/10\/48957-scaled.jpg","datePublished":"2025-04-21T22:00:00+00:00","dateModified":"2025-04-22T13:57:25+00:00","description":"For this special release, we're excited to unveil something brand new: a triple vinyl, perfect for casting a spell on your Halloween night.Witches brew and cauldrons bubble, as Halloween stirs up an eerie trouble! Step into the world of spooky beats with Lofi Girl's 'Halloween 2024' compilation. Featuring talented artists from around the world, this potion of ghostly rhythms and haunting melodies sets the mood for a night of chills and thrills. Whether you're conjuring up potions or unwinding under the moonlit sky, let the witchy magic of these chilling beats take over your Halloween night!TRACKLISTA1. Skeletons In My Closet - Fugee x Thaehan A2. Mystical Town - Dosi A3. Twistedbramble - WYS A4. Ghost In The Mall - PBdR A5. The Bone Dance - Lock x Simber A6. A Pumpkins Farewell - Frances The Mute x Lenny B A7. Bag Of Bones - Jam'addict x Monocloud B1. Bloody Night - Swink B2. Souls Are Dancing - Kanisan B3. Ghost's Show - Softy x Lock B4. Frightful Foyer - Evenbluer x Odd Panda x Copacetik B5. Do Not Fear - Pierson Booth x kyoshi B6. Ritual - LUQET B7. Black Cat - Thaehan C1. Devil's Bane 6 Dosi C2. Mage's Lair - Tah. x Gatz2gatz C3. Hall Of Masses - Towerz C4. Ghost Jam - Goson C5. Neverending Carrousel - LUQET x Fugee C6. Creepy Cauldron - PBdR D1. Hollow - Alto x Lenny Loops D2. The Haunted Manor - Lucid Keys D3. Zombie Walk - Tah. x Gatz2gatz D4. Ghost & Stuff - eevee x Fugee D5. Ghostly Whispers - Vimef x Solar Body x Jwxd D6. Bloody Mary - MyceliumBug E1. Ghost Waltz - HoK\u00f8 x Fugee E2. Night At Hogsmeade - Sheath x Dark Winter E3. Ghosts And Ghouls - Solar Body E4. Crow's Nest - luv pug x Spaniel Mac E5. Phantom Force - Odd Panda x Fool Parsley E6. Lost Cemetery - Klemsis F1. Phantom Party - PBdR F2. Pumpkin Dance - Bedroom Lofi F3. Hocus Pocus - Sheath x Solar Body F4. Graveyard Groove -Tibeauthetraveler F5. Ghost Of 1496 - Nadav Cohen x Nev Benjamin F6. Shadows Of The Night - No Spirit x fl\u00e2neur","breadcrumb":{"@id":"https:\/\/wpguerssen-test.odoo.rgbconsulting.com\/es\/producto\/lofi-girl-presents-halloween-2024-black-marbled-2\/#breadcrumb"},"inLanguage":"es","potentialAction":[{"@type":"ReadAction","target":["https:\/\/wpguerssen-test.odoo.rgbconsulting.com\/es\/producto\/lofi-girl-presents-halloween-2024-black-marbled-2\/"]}]},{"@type":"ImageObject","inLanguage":"es","@id":"https:\/\/wpguerssen-test.odoo.rgbconsulting.com\/es\/producto\/lofi-girl-presents-halloween-2024-black-marbled-2\/#primaryimage","url":"https:\/\/wpguerssen-test.odoo.rgbconsulting.com\/wp-content\/uploads\/2024\/10\/48957-scaled.jpg","contentUrl":"https:\/\/wpguerssen-test.odoo.rgbconsulting.com\/wp-content\/uploads\/2024\/10\/48957-scaled.jpg","width":2560,"height":2560},{"@type":"BreadcrumbList","@id":"https:\/\/wpguerssen-test.odoo.rgbconsulting.com\/es\/producto\/lofi-girl-presents-halloween-2024-black-marbled-2\/#breadcrumb","itemListElement":[{"@type":"ListItem","position":1,"name":"Inicio","item":"https:\/\/wpguerssen-test.odoo.rgbconsulting.com\/es\/"},{"@type":"ListItem","position":2,"name":"Shop","item":"https:\/\/wpguerssen-test.odoo.rgbconsulting.com\/shop\/"},{"@type":"ListItem","position":3,"name":"Lofi Girl Presents. Halloween 2024 (Black Marbled)"}]},{"@type":"WebSite","@id":"https:\/\/wpguerssen-test.odoo.rgbconsulting.com\/es\/#website","url":"https:\/\/wpguerssen-test.odoo.rgbconsulting.com\/es\/","name":"Guerssen records","description":"psychedelia - progressive - folk - garage ","publisher":{"@id":"https:\/\/wpguerssen-test.odoo.rgbconsulting.com\/es\/#organization"},"potentialAction":[{"@type":"SearchAction","target":{"@type":"EntryPoint","urlTemplate":"https:\/\/wpguerssen-test.odoo.rgbconsulting.com\/es\/?s={search_term_string}"},"query-input":{"@type":"PropertyValueSpecification","valueRequired":true,"valueName":"search_term_string"}}],"inLanguage":"es"},{"@type":"Organization","@id":"https:\/\/wpguerssen-test.odoo.rgbconsulting.com\/es\/#organization","name":"Guerssen records","url":"https:\/\/wpguerssen-test.odoo.rgbconsulting.com\/es\/","logo":{"@type":"ImageObject","inLanguage":"es","@id":"https:\/\/wpguerssen-test.odoo.rgbconsulting.com\/es\/#\/schema\/logo\/image\/","url":"https:\/\/wpguerssen-test.odoo.rgbconsulting.com\/wp-content\/uploads\/2022\/04\/Logo_Guerssen_trans_100.png","contentUrl":"https:\/\/wpguerssen-test.odoo.rgbconsulting.com\/wp-content\/uploads\/2022\/04\/Logo_Guerssen_trans_100.png","width":122,"height":100,"caption":"Guerssen records"},"image":{"@id":"https:\/\/wpguerssen-test.odoo.rgbconsulting.com\/es\/#\/schema\/logo\/image\/"}}]}},"_links":{"self":[{"href":"https:\/\/wpguerssen-test.odoo.rgbconsulting.com\/es\/wp-json\/wp\/v2\/product\/284154","targetHints":{"allow":["GET"]}}],"collection":[{"href":"https:\/\/wpguerssen-test.odoo.rgbconsulting.com\/es\/wp-json\/wp\/v2\/product"}],"about":[{"href":"https:\/\/wpguerssen-test.odoo.rgbconsulting.com\/es\/wp-json\/wp\/v2\/types\/product"}],"wp:featuredmedia":[{"embeddable":true,"href":"https:\/\/wpguerssen-test.odoo.rgbconsulting.com\/es\/wp-json\/wp\/v2\/media\/277165"}],"wp:attachment":[{"href":"https:\/\/wpguerssen-test.odoo.rgbconsulting.com\/es\/wp-json\/wp\/v2\/media?parent=284154"}],"wp:term":[{"taxonomy":"product_brand","embeddable":true,"href":"https:\/\/wpguerssen-test.odoo.rgbconsulting.com\/es\/wp-json\/wp\/v2\/product_brand?post=284154"},{"taxonomy":"product_cat","embeddable":true,"href":"https:\/\/wpguerssen-test.odoo.rgbconsulting.com\/es\/wp-json\/wp\/v2\/product_cat?post=284154"},{"taxonomy":"product_tag","embeddable":true,"href":"https:\/\/wpguerssen-test.odoo.rgbconsulting.com\/es\/wp-json\/wp\/v2\/product_tag?post=284154"}],"curies":[{"name":"wp","href":"https:\/\/api.w.org\/{rel}","templated":true}]}}