{"id":284330,"date":"2025-03-24T00:00:00","date_gmt":"2025-03-23T23:00:00","guid":{"rendered":"https:\/\/wpguerssen-test.odoo.rgbconsulting.com\/product\/fly-flying-ska\/"},"modified":"2025-04-16T18:34:32","modified_gmt":"2025-04-16T16:34:32","slug":"fly-flying-ska","status":"publish","type":"product","link":"https:\/\/wpguerssen-test.odoo.rgbconsulting.com\/es\/producto\/fly-flying-ska\/","title":{"rendered":"Fly Flying Ska"},"content":{"rendered":"<p>Reedici\u00f3n tan esperada de esta rara compilaci\u00f3n jamaicana, originalmente autorizada en 1964 por el sello local Soulsville Center. Prince Buster es el matador obvio aqu\u00ed con 5 pistas exclusivas. Tambi\u00e9n contar\u00e1 con los incondicionales del ska The Maytals, Don Drummond, Roland Alphonso y, obviamente, The Skatalites.<br \/>TRACKLIST:<br \/>Side One<br \/>1 Flying Ska &#8211; Prince Buster 2 Lucky 7 &#8211; Prnce Buster 3 Perhaps &#8211; Skatalites 4 My Queen &#8211; Gaynor &#038; Errol 5 I Go &#8211; Millie Small &#038; Roy Panton 6 Roland Plays The Prince &#8211; Roland Alphonso<br \/>Side Two<br \/>1 Call Me &#8211; Prince Buster 2 Eye For An Eye &#8211; Prince Buster 3 River Jordan &#8211; Owen Gray 4 The Greatest &#8211; Prince Buster 5 Ska War &#8211; The Maytals 6 The Burial &#8211; Don Drummond<\/p>\n","protected":false},"excerpt":{"rendered":"<p>Reedici\u00f3n tan esperada de esta rara compilaci\u00f3n jamaicana, originalmente autorizada en 1964 por el sello local Soulsville Center. Prince Buster es el matador obvio<a class=\"read\" href=\"https:\/\/wpguerssen-test.odoo.rgbconsulting.com\/es\/producto\/fly-flying-ska\/\"> (...)<\/a>","protected":false},"featured_media":284309,"template":"","meta":{"_acf_changed":false},"product_brand":[],"product_cat":[21666],"product_tag":[24189],"class_list":{"0":"post-284330","1":"product","2":"type-product","3":"status-publish","4":"has-post-thumbnail","6":"product_cat-reggae-ska-dub-es","7":"product_tag-recien-llegadas","8":"pa_artist-various-artists-es","9":"pa_format-lp-es","10":"pa_gender-reggae-ska-dub","11":"pa_label-kids-of-yesterday","12":"pa_location-south-america-caribbean-es","13":"pa_other-filters-vinyl-only-es","15":"first","16":"instock","17":"taxable","18":"shipping-taxable","19":"purchasable","20":"product-type-simple"},"acf":[],"yoast_head":"<!-- This site is optimized with the Yoast SEO plugin v24.9 - https:\/\/yoast.com\/wordpress\/plugins\/seo\/ -->\n<title>VARIOUS ARTISTS - Fly Flying Ska -  (LP) | Guerssen<\/title>\n<meta name=\"description\" content=\"Long-awaited reissue of this rare Jamaican compilation, originally licensed in 1964 on local imprint Soulsville Center. Prince Buster is the obvious matador here with 5 exclusive tracks. Also featuring ska stalwarts The Maytals, Don Drummond, Roland Alphonso and - obviously - The Skatalites.TRACKLIST:Side One1 Flying Ska - Prince Buster 2 Lucky 7 - Prnce Buster 3 Perhaps - Skatalites 4 My Queen - Gaynor &amp; Errol 5 I Go - Millie Small &amp; Roy Panton 6 Roland Plays The Prince - Roland AlphonsoSide Two1 Call Me - Prince Buster 2 Eye For An Eye - Prince Buster 3 River Jordan - Owen Gray 4 The Greatest - Prince Buster 5 Ska War - The Maytals 6 The Burial - Don Drummond\" \/>\n<meta name=\"robots\" content=\"index, follow, max-snippet:-1, max-image-preview:large, max-video-preview:-1\" \/>\n<link rel=\"canonical\" href=\"https:\/\/wpguerssen-test.odoo.rgbconsulting.com\/es\/producto\/fly-flying-ska\/\" \/>\n<meta property=\"og:locale\" content=\"es_ES\" \/>\n<meta property=\"og:type\" content=\"article\" \/>\n<meta property=\"og:title\" content=\"VARIOUS ARTISTS - Fly Flying Ska -  (LP) | Guerssen\" \/>\n<meta property=\"og:description\" content=\"Long-awaited reissue of this rare Jamaican compilation, originally licensed in 1964 on local imprint Soulsville Center. Prince Buster is the obvious matador here with 5 exclusive tracks. Also featuring ska stalwarts The Maytals, Don Drummond, Roland Alphonso and - obviously - The Skatalites.TRACKLIST:Side One1 Flying Ska - Prince Buster 2 Lucky 7 - Prnce Buster 3 Perhaps - Skatalites 4 My Queen - Gaynor &amp; Errol 5 I Go - Millie Small &amp; Roy Panton 6 Roland Plays The Prince - Roland AlphonsoSide Two1 Call Me - Prince Buster 2 Eye For An Eye - Prince Buster 3 River Jordan - Owen Gray 4 The Greatest - Prince Buster 5 Ska War - The Maytals 6 The Burial - Don Drummond\" \/>\n<meta property=\"og:url\" content=\"https:\/\/wpguerssen-test.odoo.rgbconsulting.com\/es\/producto\/fly-flying-ska\/\" \/>\n<meta property=\"og:site_name\" content=\"Guerssen records\" \/>\n<meta property=\"article:modified_time\" content=\"2025-04-16T16:34:32+00:00\" \/>\n<meta property=\"og:image\" content=\"https:\/\/wpguerssen-test.odoo.rgbconsulting.com\/wp-content\/uploads\/2025\/02\/49965.jpg\" \/>\n\t<meta property=\"og:image:width\" content=\"1440\" \/>\n\t<meta property=\"og:image:height\" content=\"1440\" \/>\n\t<meta property=\"og:image:type\" content=\"image\/jpeg\" \/>\n<meta name=\"twitter:card\" content=\"summary_large_image\" \/>\n<meta name=\"twitter:title\" content=\"VARIOUS ARTISTS - Fly Flying Ska -  (LP) | Guerssen\" \/>\n<meta name=\"twitter:label1\" content=\"Tiempo de lectura\" \/>\n\t<meta name=\"twitter:data1\" content=\"1 minuto\" \/>\n<script type=\"application\/ld+json\" class=\"yoast-schema-graph\">{\"@context\":\"https:\/\/schema.org\",\"@graph\":[{\"@type\":\"WebPage\",\"@id\":\"https:\/\/wpguerssen-test.odoo.rgbconsulting.com\/es\/producto\/fly-flying-ska\/\",\"url\":\"https:\/\/wpguerssen-test.odoo.rgbconsulting.com\/es\/producto\/fly-flying-ska\/\",\"name\":\"VARIOUS ARTISTS - Fly Flying Ska - (LP) | Guerssen\",\"isPartOf\":{\"@id\":\"https:\/\/wpguerssen-test.odoo.rgbconsulting.com\/es\/#website\"},\"primaryImageOfPage\":{\"@id\":\"https:\/\/wpguerssen-test.odoo.rgbconsulting.com\/es\/producto\/fly-flying-ska\/#primaryimage\"},\"image\":{\"@id\":\"https:\/\/wpguerssen-test.odoo.rgbconsulting.com\/es\/producto\/fly-flying-ska\/#primaryimage\"},\"thumbnailUrl\":\"https:\/\/wpguerssen-test.odoo.rgbconsulting.com\/wp-content\/uploads\/2025\/02\/49965.jpg\",\"datePublished\":\"2025-03-23T23:00:00+00:00\",\"dateModified\":\"2025-04-16T16:34:32+00:00\",\"description\":\"Long-awaited reissue of this rare Jamaican compilation, originally licensed in 1964 on local imprint Soulsville Center. Prince Buster is the obvious matador here with 5 exclusive tracks. Also featuring ska stalwarts The Maytals, Don Drummond, Roland Alphonso and - obviously - The Skatalites.TRACKLIST:Side One1 Flying Ska - Prince Buster 2 Lucky 7 - Prnce Buster 3 Perhaps - Skatalites 4 My Queen - Gaynor & Errol 5 I Go - Millie Small & Roy Panton 6 Roland Plays The Prince - Roland AlphonsoSide Two1 Call Me - Prince Buster 2 Eye For An Eye - Prince Buster 3 River Jordan - Owen Gray 4 The Greatest - Prince Buster 5 Ska War - The Maytals 6 The Burial - Don Drummond\",\"breadcrumb\":{\"@id\":\"https:\/\/wpguerssen-test.odoo.rgbconsulting.com\/es\/producto\/fly-flying-ska\/#breadcrumb\"},\"inLanguage\":\"es\",\"potentialAction\":[{\"@type\":\"ReadAction\",\"target\":[\"https:\/\/wpguerssen-test.odoo.rgbconsulting.com\/es\/producto\/fly-flying-ska\/\"]}]},{\"@type\":\"ImageObject\",\"inLanguage\":\"es\",\"@id\":\"https:\/\/wpguerssen-test.odoo.rgbconsulting.com\/es\/producto\/fly-flying-ska\/#primaryimage\",\"url\":\"https:\/\/wpguerssen-test.odoo.rgbconsulting.com\/wp-content\/uploads\/2025\/02\/49965.jpg\",\"contentUrl\":\"https:\/\/wpguerssen-test.odoo.rgbconsulting.com\/wp-content\/uploads\/2025\/02\/49965.jpg\",\"width\":1440,\"height\":1440},{\"@type\":\"BreadcrumbList\",\"@id\":\"https:\/\/wpguerssen-test.odoo.rgbconsulting.com\/es\/producto\/fly-flying-ska\/#breadcrumb\",\"itemListElement\":[{\"@type\":\"ListItem\",\"position\":1,\"name\":\"Inicio\",\"item\":\"https:\/\/wpguerssen-test.odoo.rgbconsulting.com\/es\/\"},{\"@type\":\"ListItem\",\"position\":2,\"name\":\"Shop\",\"item\":\"https:\/\/wpguerssen-test.odoo.rgbconsulting.com\/shop\/\"},{\"@type\":\"ListItem\",\"position\":3,\"name\":\"Fly Flying Ska\"}]},{\"@type\":\"WebSite\",\"@id\":\"https:\/\/wpguerssen-test.odoo.rgbconsulting.com\/es\/#website\",\"url\":\"https:\/\/wpguerssen-test.odoo.rgbconsulting.com\/es\/\",\"name\":\"Guerssen records\",\"description\":\"psychedelia - progressive - folk - garage \",\"publisher\":{\"@id\":\"https:\/\/wpguerssen-test.odoo.rgbconsulting.com\/es\/#organization\"},\"potentialAction\":[{\"@type\":\"SearchAction\",\"target\":{\"@type\":\"EntryPoint\",\"urlTemplate\":\"https:\/\/wpguerssen-test.odoo.rgbconsulting.com\/es\/?s={search_term_string}\"},\"query-input\":{\"@type\":\"PropertyValueSpecification\",\"valueRequired\":true,\"valueName\":\"search_term_string\"}}],\"inLanguage\":\"es\"},{\"@type\":\"Organization\",\"@id\":\"https:\/\/wpguerssen-test.odoo.rgbconsulting.com\/es\/#organization\",\"name\":\"Guerssen records\",\"url\":\"https:\/\/wpguerssen-test.odoo.rgbconsulting.com\/es\/\",\"logo\":{\"@type\":\"ImageObject\",\"inLanguage\":\"es\",\"@id\":\"https:\/\/wpguerssen-test.odoo.rgbconsulting.com\/es\/#\/schema\/logo\/image\/\",\"url\":\"https:\/\/wpguerssen-test.odoo.rgbconsulting.com\/wp-content\/uploads\/2022\/04\/Logo_Guerssen_trans_100.png\",\"contentUrl\":\"https:\/\/wpguerssen-test.odoo.rgbconsulting.com\/wp-content\/uploads\/2022\/04\/Logo_Guerssen_trans_100.png\",\"width\":122,\"height\":100,\"caption\":\"Guerssen records\"},\"image\":{\"@id\":\"https:\/\/wpguerssen-test.odoo.rgbconsulting.com\/es\/#\/schema\/logo\/image\/\"}}]}<\/script>\n<!-- \/ Yoast SEO plugin. -->","yoast_head_json":{"title":"VARIOUS ARTISTS - Fly Flying Ska -  (LP) | Guerssen","description":"Long-awaited reissue of this rare Jamaican compilation, originally licensed in 1964 on local imprint Soulsville Center. Prince Buster is the obvious matador here with 5 exclusive tracks. Also featuring ska stalwarts The Maytals, Don Drummond, Roland Alphonso and - obviously - The Skatalites.TRACKLIST:Side One1 Flying Ska - Prince Buster 2 Lucky 7 - Prnce Buster 3 Perhaps - Skatalites 4 My Queen - Gaynor & Errol 5 I Go - Millie Small & Roy Panton 6 Roland Plays The Prince - Roland AlphonsoSide Two1 Call Me - Prince Buster 2 Eye For An Eye - Prince Buster 3 River Jordan - Owen Gray 4 The Greatest - Prince Buster 5 Ska War - The Maytals 6 The Burial - Don Drummond","robots":{"index":"index","follow":"follow","max-snippet":"max-snippet:-1","max-image-preview":"max-image-preview:large","max-video-preview":"max-video-preview:-1"},"canonical":"https:\/\/wpguerssen-test.odoo.rgbconsulting.com\/es\/producto\/fly-flying-ska\/","og_locale":"es_ES","og_type":"article","og_title":"VARIOUS ARTISTS - Fly Flying Ska -  (LP) | Guerssen","og_description":"Long-awaited reissue of this rare Jamaican compilation, originally licensed in 1964 on local imprint Soulsville Center. Prince Buster is the obvious matador here with 5 exclusive tracks. Also featuring ska stalwarts The Maytals, Don Drummond, Roland Alphonso and - obviously - The Skatalites.TRACKLIST:Side One1 Flying Ska - Prince Buster 2 Lucky 7 - Prnce Buster 3 Perhaps - Skatalites 4 My Queen - Gaynor & Errol 5 I Go - Millie Small & Roy Panton 6 Roland Plays The Prince - Roland AlphonsoSide Two1 Call Me - Prince Buster 2 Eye For An Eye - Prince Buster 3 River Jordan - Owen Gray 4 The Greatest - Prince Buster 5 Ska War - The Maytals 6 The Burial - Don Drummond","og_url":"https:\/\/wpguerssen-test.odoo.rgbconsulting.com\/es\/producto\/fly-flying-ska\/","og_site_name":"Guerssen records","article_modified_time":"2025-04-16T16:34:32+00:00","og_image":[{"width":1440,"height":1440,"url":"https:\/\/wpguerssen-test.odoo.rgbconsulting.com\/wp-content\/uploads\/2025\/02\/49965.jpg","type":"image\/jpeg"}],"twitter_card":"summary_large_image","twitter_title":"VARIOUS ARTISTS - Fly Flying Ska -  (LP) | Guerssen","twitter_misc":{"Tiempo de lectura":"1 minuto"},"schema":{"@context":"https:\/\/schema.org","@graph":[{"@type":"WebPage","@id":"https:\/\/wpguerssen-test.odoo.rgbconsulting.com\/es\/producto\/fly-flying-ska\/","url":"https:\/\/wpguerssen-test.odoo.rgbconsulting.com\/es\/producto\/fly-flying-ska\/","name":"VARIOUS ARTISTS - Fly Flying Ska - (LP) | Guerssen","isPartOf":{"@id":"https:\/\/wpguerssen-test.odoo.rgbconsulting.com\/es\/#website"},"primaryImageOfPage":{"@id":"https:\/\/wpguerssen-test.odoo.rgbconsulting.com\/es\/producto\/fly-flying-ska\/#primaryimage"},"image":{"@id":"https:\/\/wpguerssen-test.odoo.rgbconsulting.com\/es\/producto\/fly-flying-ska\/#primaryimage"},"thumbnailUrl":"https:\/\/wpguerssen-test.odoo.rgbconsulting.com\/wp-content\/uploads\/2025\/02\/49965.jpg","datePublished":"2025-03-23T23:00:00+00:00","dateModified":"2025-04-16T16:34:32+00:00","description":"Long-awaited reissue of this rare Jamaican compilation, originally licensed in 1964 on local imprint Soulsville Center. Prince Buster is the obvious matador here with 5 exclusive tracks. Also featuring ska stalwarts The Maytals, Don Drummond, Roland Alphonso and - obviously - The Skatalites.TRACKLIST:Side One1 Flying Ska - Prince Buster 2 Lucky 7 - Prnce Buster 3 Perhaps - Skatalites 4 My Queen - Gaynor & Errol 5 I Go - Millie Small & Roy Panton 6 Roland Plays The Prince - Roland AlphonsoSide Two1 Call Me - Prince Buster 2 Eye For An Eye - Prince Buster 3 River Jordan - Owen Gray 4 The Greatest - Prince Buster 5 Ska War - The Maytals 6 The Burial - Don Drummond","breadcrumb":{"@id":"https:\/\/wpguerssen-test.odoo.rgbconsulting.com\/es\/producto\/fly-flying-ska\/#breadcrumb"},"inLanguage":"es","potentialAction":[{"@type":"ReadAction","target":["https:\/\/wpguerssen-test.odoo.rgbconsulting.com\/es\/producto\/fly-flying-ska\/"]}]},{"@type":"ImageObject","inLanguage":"es","@id":"https:\/\/wpguerssen-test.odoo.rgbconsulting.com\/es\/producto\/fly-flying-ska\/#primaryimage","url":"https:\/\/wpguerssen-test.odoo.rgbconsulting.com\/wp-content\/uploads\/2025\/02\/49965.jpg","contentUrl":"https:\/\/wpguerssen-test.odoo.rgbconsulting.com\/wp-content\/uploads\/2025\/02\/49965.jpg","width":1440,"height":1440},{"@type":"BreadcrumbList","@id":"https:\/\/wpguerssen-test.odoo.rgbconsulting.com\/es\/producto\/fly-flying-ska\/#breadcrumb","itemListElement":[{"@type":"ListItem","position":1,"name":"Inicio","item":"https:\/\/wpguerssen-test.odoo.rgbconsulting.com\/es\/"},{"@type":"ListItem","position":2,"name":"Shop","item":"https:\/\/wpguerssen-test.odoo.rgbconsulting.com\/shop\/"},{"@type":"ListItem","position":3,"name":"Fly Flying Ska"}]},{"@type":"WebSite","@id":"https:\/\/wpguerssen-test.odoo.rgbconsulting.com\/es\/#website","url":"https:\/\/wpguerssen-test.odoo.rgbconsulting.com\/es\/","name":"Guerssen records","description":"psychedelia - progressive - folk - garage ","publisher":{"@id":"https:\/\/wpguerssen-test.odoo.rgbconsulting.com\/es\/#organization"},"potentialAction":[{"@type":"SearchAction","target":{"@type":"EntryPoint","urlTemplate":"https:\/\/wpguerssen-test.odoo.rgbconsulting.com\/es\/?s={search_term_string}"},"query-input":{"@type":"PropertyValueSpecification","valueRequired":true,"valueName":"search_term_string"}}],"inLanguage":"es"},{"@type":"Organization","@id":"https:\/\/wpguerssen-test.odoo.rgbconsulting.com\/es\/#organization","name":"Guerssen records","url":"https:\/\/wpguerssen-test.odoo.rgbconsulting.com\/es\/","logo":{"@type":"ImageObject","inLanguage":"es","@id":"https:\/\/wpguerssen-test.odoo.rgbconsulting.com\/es\/#\/schema\/logo\/image\/","url":"https:\/\/wpguerssen-test.odoo.rgbconsulting.com\/wp-content\/uploads\/2022\/04\/Logo_Guerssen_trans_100.png","contentUrl":"https:\/\/wpguerssen-test.odoo.rgbconsulting.com\/wp-content\/uploads\/2022\/04\/Logo_Guerssen_trans_100.png","width":122,"height":100,"caption":"Guerssen records"},"image":{"@id":"https:\/\/wpguerssen-test.odoo.rgbconsulting.com\/es\/#\/schema\/logo\/image\/"}}]}},"_links":{"self":[{"href":"https:\/\/wpguerssen-test.odoo.rgbconsulting.com\/es\/wp-json\/wp\/v2\/product\/284330","targetHints":{"allow":["GET"]}}],"collection":[{"href":"https:\/\/wpguerssen-test.odoo.rgbconsulting.com\/es\/wp-json\/wp\/v2\/product"}],"about":[{"href":"https:\/\/wpguerssen-test.odoo.rgbconsulting.com\/es\/wp-json\/wp\/v2\/types\/product"}],"wp:featuredmedia":[{"embeddable":true,"href":"https:\/\/wpguerssen-test.odoo.rgbconsulting.com\/es\/wp-json\/wp\/v2\/media\/284309"}],"wp:attachment":[{"href":"https:\/\/wpguerssen-test.odoo.rgbconsulting.com\/es\/wp-json\/wp\/v2\/media?parent=284330"}],"wp:term":[{"taxonomy":"product_brand","embeddable":true,"href":"https:\/\/wpguerssen-test.odoo.rgbconsulting.com\/es\/wp-json\/wp\/v2\/product_brand?post=284330"},{"taxonomy":"product_cat","embeddable":true,"href":"https:\/\/wpguerssen-test.odoo.rgbconsulting.com\/es\/wp-json\/wp\/v2\/product_cat?post=284330"},{"taxonomy":"product_tag","embeddable":true,"href":"https:\/\/wpguerssen-test.odoo.rgbconsulting.com\/es\/wp-json\/wp\/v2\/product_tag?post=284330"}],"curies":[{"name":"wp","href":"https:\/\/api.w.org\/{rel}","templated":true}]}}