{"id":284432,"date":"2025-03-17T00:00:00","date_gmt":"2025-03-16T23:00:00","guid":{"rendered":"https:\/\/wpguerssen-test.odoo.rgbconsulting.com\/product\/psychedelic-underground\/"},"modified":"2025-04-25T14:04:16","modified_gmt":"2025-04-25T12:04:16","slug":"psychedelic-underground","status":"publish","type":"product","link":"https:\/\/wpguerssen-test.odoo.rgbconsulting.com\/es\/producto\/psychedelic-underground\/","title":{"rendered":"Psychedelic Underground"},"content":{"rendered":"<p>La banda Amon D\u00fc\u00fcl se form\u00f3 en 1967, siendo la m\u00fasica s\u00f3lo una parte de su trabajo art\u00edstico. En 1969 se produjeron los \u00e1lbumes &#8216;Paradiesw\u00e4rts D\u00fc\u00fcl&#8217; y &#8216;Psychedelic Underground&#8217;. Los cr\u00edticos los describen como un \u00abdocumento del nacimiento del rock alem\u00e1n\u00bb. Se considera el primer \u00e1lbum de Krautrock de la historia. Esta reedici\u00f3n viene en vinilo de 180 gramos.<\/p>\n","protected":false},"excerpt":{"rendered":"<p>La banda Amon D\u00fc\u00fcl se form\u00f3 en 1967, siendo la m\u00fasica s\u00f3lo una parte de su trabajo art\u00edstico. En 1969 se produjeron los \u00e1lbumes &#8216;Paradiesw\u00e4rts D\u00fc\u00fcl&#8217;<a class=\"read\" href=\"https:\/\/wpguerssen-test.odoo.rgbconsulting.com\/es\/producto\/psychedelic-underground\/\"> (...)<\/a>","protected":false},"featured_media":284377,"template":"","meta":{"_acf_changed":false},"product_brand":[],"product_cat":[23215,23230],"product_tag":[24189],"class_list":{"0":"post-284432","1":"product","2":"type-product","3":"status-publish","4":"has-post-thumbnail","6":"product_cat-progressive60s-70s-es","7":"product_cat-krautrock-es-2","8":"product_tag-recien-llegadas","9":"pa_artist-amon-duul","10":"pa_format-lp-es","11":"pa_gender-krautrock-progressive60s-70s","12":"pa_label-ohr","13":"pa_location-europe-es","14":"pa_other-filters-vinyl-only-es","16":"first","17":"instock","18":"taxable","19":"shipping-taxable","20":"purchasable","21":"product-type-simple"},"acf":[],"yoast_head":"<!-- This site is optimized with the Yoast SEO plugin v24.9 - https:\/\/yoast.com\/wordpress\/plugins\/seo\/ -->\n<title>AMON D\u00dc\u00dcL - Psychedelic Underground -  (LP) | Guerssen<\/title>\n<meta name=\"description\" content=\"The band Amon D\u00fc\u00fcl formed in 1967, with music being only one part of their artistic work. In 1969, the albums &#039;Paradiesw\u00e4rts D\u00fc\u00fcl&#039; and &#039;Psychedelic Underground&#039; were produced. Reviewers describe them as a &quot;document from the birth of German rock&quot;. It is considered as the first Krautrock album ever. this reissue comes on 180 gram vinyl.\" \/>\n<meta name=\"robots\" content=\"index, follow, max-snippet:-1, max-image-preview:large, max-video-preview:-1\" \/>\n<link rel=\"canonical\" href=\"https:\/\/wpguerssen-test.odoo.rgbconsulting.com\/es\/producto\/psychedelic-underground\/\" \/>\n<meta property=\"og:locale\" content=\"es_ES\" \/>\n<meta property=\"og:type\" content=\"article\" \/>\n<meta property=\"og:title\" content=\"AMON D\u00dc\u00dcL - Psychedelic Underground -  (LP) | Guerssen\" \/>\n<meta property=\"og:description\" content=\"The band Amon D\u00fc\u00fcl formed in 1967, with music being only one part of their artistic work. In 1969, the albums &#039;Paradiesw\u00e4rts D\u00fc\u00fcl&#039; and &#039;Psychedelic Underground&#039; were produced. Reviewers describe them as a &quot;document from the birth of German rock&quot;. It is considered as the first Krautrock album ever. this reissue comes on 180 gram vinyl.\" \/>\n<meta property=\"og:url\" content=\"https:\/\/wpguerssen-test.odoo.rgbconsulting.com\/es\/producto\/psychedelic-underground\/\" \/>\n<meta property=\"og:site_name\" content=\"Guerssen records\" \/>\n<meta property=\"article:modified_time\" content=\"2025-04-25T12:04:16+00:00\" \/>\n<meta property=\"og:image\" content=\"https:\/\/wpguerssen-test.odoo.rgbconsulting.com\/wp-content\/uploads\/2025\/02\/49971.jpg\" \/>\n\t<meta property=\"og:image:width\" content=\"520\" \/>\n\t<meta property=\"og:image:height\" content=\"515\" \/>\n\t<meta property=\"og:image:type\" content=\"image\/jpeg\" \/>\n<meta name=\"twitter:card\" content=\"summary_large_image\" \/>\n<meta name=\"twitter:title\" content=\"AMON D\u00dc\u00dcL - Psychedelic Underground -  (LP) | Guerssen\" \/>\n<script type=\"application\/ld+json\" class=\"yoast-schema-graph\">{\"@context\":\"https:\/\/schema.org\",\"@graph\":[{\"@type\":\"WebPage\",\"@id\":\"https:\/\/wpguerssen-test.odoo.rgbconsulting.com\/es\/producto\/psychedelic-underground\/\",\"url\":\"https:\/\/wpguerssen-test.odoo.rgbconsulting.com\/es\/producto\/psychedelic-underground\/\",\"name\":\"AMON D\u00dc\u00dcL - Psychedelic Underground - (LP) | Guerssen\",\"isPartOf\":{\"@id\":\"https:\/\/wpguerssen-test.odoo.rgbconsulting.com\/es\/#website\"},\"primaryImageOfPage\":{\"@id\":\"https:\/\/wpguerssen-test.odoo.rgbconsulting.com\/es\/producto\/psychedelic-underground\/#primaryimage\"},\"image\":{\"@id\":\"https:\/\/wpguerssen-test.odoo.rgbconsulting.com\/es\/producto\/psychedelic-underground\/#primaryimage\"},\"thumbnailUrl\":\"https:\/\/wpguerssen-test.odoo.rgbconsulting.com\/wp-content\/uploads\/2025\/02\/49971.jpg\",\"datePublished\":\"2025-03-16T23:00:00+00:00\",\"dateModified\":\"2025-04-25T12:04:16+00:00\",\"description\":\"The band Amon D\u00fc\u00fcl formed in 1967, with music being only one part of their artistic work. In 1969, the albums 'Paradiesw\u00e4rts D\u00fc\u00fcl' and 'Psychedelic Underground' were produced. Reviewers describe them as a \\\"document from the birth of German rock\\\". It is considered as the first Krautrock album ever. this reissue comes on 180 gram vinyl.\",\"breadcrumb\":{\"@id\":\"https:\/\/wpguerssen-test.odoo.rgbconsulting.com\/es\/producto\/psychedelic-underground\/#breadcrumb\"},\"inLanguage\":\"es\",\"potentialAction\":[{\"@type\":\"ReadAction\",\"target\":[\"https:\/\/wpguerssen-test.odoo.rgbconsulting.com\/es\/producto\/psychedelic-underground\/\"]}]},{\"@type\":\"ImageObject\",\"inLanguage\":\"es\",\"@id\":\"https:\/\/wpguerssen-test.odoo.rgbconsulting.com\/es\/producto\/psychedelic-underground\/#primaryimage\",\"url\":\"https:\/\/wpguerssen-test.odoo.rgbconsulting.com\/wp-content\/uploads\/2025\/02\/49971.jpg\",\"contentUrl\":\"https:\/\/wpguerssen-test.odoo.rgbconsulting.com\/wp-content\/uploads\/2025\/02\/49971.jpg\",\"width\":520,\"height\":515},{\"@type\":\"BreadcrumbList\",\"@id\":\"https:\/\/wpguerssen-test.odoo.rgbconsulting.com\/es\/producto\/psychedelic-underground\/#breadcrumb\",\"itemListElement\":[{\"@type\":\"ListItem\",\"position\":1,\"name\":\"Inicio\",\"item\":\"https:\/\/wpguerssen-test.odoo.rgbconsulting.com\/es\/\"},{\"@type\":\"ListItem\",\"position\":2,\"name\":\"Shop\",\"item\":\"https:\/\/wpguerssen-test.odoo.rgbconsulting.com\/shop\/\"},{\"@type\":\"ListItem\",\"position\":3,\"name\":\"Psychedelic Underground\"}]},{\"@type\":\"WebSite\",\"@id\":\"https:\/\/wpguerssen-test.odoo.rgbconsulting.com\/es\/#website\",\"url\":\"https:\/\/wpguerssen-test.odoo.rgbconsulting.com\/es\/\",\"name\":\"Guerssen records\",\"description\":\"psychedelia - progressive - folk - garage \",\"publisher\":{\"@id\":\"https:\/\/wpguerssen-test.odoo.rgbconsulting.com\/es\/#organization\"},\"potentialAction\":[{\"@type\":\"SearchAction\",\"target\":{\"@type\":\"EntryPoint\",\"urlTemplate\":\"https:\/\/wpguerssen-test.odoo.rgbconsulting.com\/es\/?s={search_term_string}\"},\"query-input\":{\"@type\":\"PropertyValueSpecification\",\"valueRequired\":true,\"valueName\":\"search_term_string\"}}],\"inLanguage\":\"es\"},{\"@type\":\"Organization\",\"@id\":\"https:\/\/wpguerssen-test.odoo.rgbconsulting.com\/es\/#organization\",\"name\":\"Guerssen records\",\"url\":\"https:\/\/wpguerssen-test.odoo.rgbconsulting.com\/es\/\",\"logo\":{\"@type\":\"ImageObject\",\"inLanguage\":\"es\",\"@id\":\"https:\/\/wpguerssen-test.odoo.rgbconsulting.com\/es\/#\/schema\/logo\/image\/\",\"url\":\"https:\/\/wpguerssen-test.odoo.rgbconsulting.com\/wp-content\/uploads\/2022\/04\/Logo_Guerssen_trans_100.png\",\"contentUrl\":\"https:\/\/wpguerssen-test.odoo.rgbconsulting.com\/wp-content\/uploads\/2022\/04\/Logo_Guerssen_trans_100.png\",\"width\":122,\"height\":100,\"caption\":\"Guerssen records\"},\"image\":{\"@id\":\"https:\/\/wpguerssen-test.odoo.rgbconsulting.com\/es\/#\/schema\/logo\/image\/\"}}]}<\/script>\n<!-- \/ Yoast SEO plugin. -->","yoast_head_json":{"title":"AMON D\u00dc\u00dcL - Psychedelic Underground -  (LP) | Guerssen","description":"The band Amon D\u00fc\u00fcl formed in 1967, with music being only one part of their artistic work. In 1969, the albums 'Paradiesw\u00e4rts D\u00fc\u00fcl' and 'Psychedelic Underground' were produced. Reviewers describe them as a \"document from the birth of German rock\". It is considered as the first Krautrock album ever. this reissue comes on 180 gram vinyl.","robots":{"index":"index","follow":"follow","max-snippet":"max-snippet:-1","max-image-preview":"max-image-preview:large","max-video-preview":"max-video-preview:-1"},"canonical":"https:\/\/wpguerssen-test.odoo.rgbconsulting.com\/es\/producto\/psychedelic-underground\/","og_locale":"es_ES","og_type":"article","og_title":"AMON D\u00dc\u00dcL - Psychedelic Underground -  (LP) | Guerssen","og_description":"The band Amon D\u00fc\u00fcl formed in 1967, with music being only one part of their artistic work. In 1969, the albums 'Paradiesw\u00e4rts D\u00fc\u00fcl' and 'Psychedelic Underground' were produced. Reviewers describe them as a \"document from the birth of German rock\". It is considered as the first Krautrock album ever. this reissue comes on 180 gram vinyl.","og_url":"https:\/\/wpguerssen-test.odoo.rgbconsulting.com\/es\/producto\/psychedelic-underground\/","og_site_name":"Guerssen records","article_modified_time":"2025-04-25T12:04:16+00:00","og_image":[{"width":520,"height":515,"url":"https:\/\/wpguerssen-test.odoo.rgbconsulting.com\/wp-content\/uploads\/2025\/02\/49971.jpg","type":"image\/jpeg"}],"twitter_card":"summary_large_image","twitter_title":"AMON D\u00dc\u00dcL - Psychedelic Underground -  (LP) | Guerssen","schema":{"@context":"https:\/\/schema.org","@graph":[{"@type":"WebPage","@id":"https:\/\/wpguerssen-test.odoo.rgbconsulting.com\/es\/producto\/psychedelic-underground\/","url":"https:\/\/wpguerssen-test.odoo.rgbconsulting.com\/es\/producto\/psychedelic-underground\/","name":"AMON D\u00dc\u00dcL - Psychedelic Underground - (LP) | Guerssen","isPartOf":{"@id":"https:\/\/wpguerssen-test.odoo.rgbconsulting.com\/es\/#website"},"primaryImageOfPage":{"@id":"https:\/\/wpguerssen-test.odoo.rgbconsulting.com\/es\/producto\/psychedelic-underground\/#primaryimage"},"image":{"@id":"https:\/\/wpguerssen-test.odoo.rgbconsulting.com\/es\/producto\/psychedelic-underground\/#primaryimage"},"thumbnailUrl":"https:\/\/wpguerssen-test.odoo.rgbconsulting.com\/wp-content\/uploads\/2025\/02\/49971.jpg","datePublished":"2025-03-16T23:00:00+00:00","dateModified":"2025-04-25T12:04:16+00:00","description":"The band Amon D\u00fc\u00fcl formed in 1967, with music being only one part of their artistic work. In 1969, the albums 'Paradiesw\u00e4rts D\u00fc\u00fcl' and 'Psychedelic Underground' were produced. Reviewers describe them as a \"document from the birth of German rock\". It is considered as the first Krautrock album ever. this reissue comes on 180 gram vinyl.","breadcrumb":{"@id":"https:\/\/wpguerssen-test.odoo.rgbconsulting.com\/es\/producto\/psychedelic-underground\/#breadcrumb"},"inLanguage":"es","potentialAction":[{"@type":"ReadAction","target":["https:\/\/wpguerssen-test.odoo.rgbconsulting.com\/es\/producto\/psychedelic-underground\/"]}]},{"@type":"ImageObject","inLanguage":"es","@id":"https:\/\/wpguerssen-test.odoo.rgbconsulting.com\/es\/producto\/psychedelic-underground\/#primaryimage","url":"https:\/\/wpguerssen-test.odoo.rgbconsulting.com\/wp-content\/uploads\/2025\/02\/49971.jpg","contentUrl":"https:\/\/wpguerssen-test.odoo.rgbconsulting.com\/wp-content\/uploads\/2025\/02\/49971.jpg","width":520,"height":515},{"@type":"BreadcrumbList","@id":"https:\/\/wpguerssen-test.odoo.rgbconsulting.com\/es\/producto\/psychedelic-underground\/#breadcrumb","itemListElement":[{"@type":"ListItem","position":1,"name":"Inicio","item":"https:\/\/wpguerssen-test.odoo.rgbconsulting.com\/es\/"},{"@type":"ListItem","position":2,"name":"Shop","item":"https:\/\/wpguerssen-test.odoo.rgbconsulting.com\/shop\/"},{"@type":"ListItem","position":3,"name":"Psychedelic Underground"}]},{"@type":"WebSite","@id":"https:\/\/wpguerssen-test.odoo.rgbconsulting.com\/es\/#website","url":"https:\/\/wpguerssen-test.odoo.rgbconsulting.com\/es\/","name":"Guerssen records","description":"psychedelia - progressive - folk - garage ","publisher":{"@id":"https:\/\/wpguerssen-test.odoo.rgbconsulting.com\/es\/#organization"},"potentialAction":[{"@type":"SearchAction","target":{"@type":"EntryPoint","urlTemplate":"https:\/\/wpguerssen-test.odoo.rgbconsulting.com\/es\/?s={search_term_string}"},"query-input":{"@type":"PropertyValueSpecification","valueRequired":true,"valueName":"search_term_string"}}],"inLanguage":"es"},{"@type":"Organization","@id":"https:\/\/wpguerssen-test.odoo.rgbconsulting.com\/es\/#organization","name":"Guerssen records","url":"https:\/\/wpguerssen-test.odoo.rgbconsulting.com\/es\/","logo":{"@type":"ImageObject","inLanguage":"es","@id":"https:\/\/wpguerssen-test.odoo.rgbconsulting.com\/es\/#\/schema\/logo\/image\/","url":"https:\/\/wpguerssen-test.odoo.rgbconsulting.com\/wp-content\/uploads\/2022\/04\/Logo_Guerssen_trans_100.png","contentUrl":"https:\/\/wpguerssen-test.odoo.rgbconsulting.com\/wp-content\/uploads\/2022\/04\/Logo_Guerssen_trans_100.png","width":122,"height":100,"caption":"Guerssen records"},"image":{"@id":"https:\/\/wpguerssen-test.odoo.rgbconsulting.com\/es\/#\/schema\/logo\/image\/"}}]}},"_links":{"self":[{"href":"https:\/\/wpguerssen-test.odoo.rgbconsulting.com\/es\/wp-json\/wp\/v2\/product\/284432","targetHints":{"allow":["GET"]}}],"collection":[{"href":"https:\/\/wpguerssen-test.odoo.rgbconsulting.com\/es\/wp-json\/wp\/v2\/product"}],"about":[{"href":"https:\/\/wpguerssen-test.odoo.rgbconsulting.com\/es\/wp-json\/wp\/v2\/types\/product"}],"wp:featuredmedia":[{"embeddable":true,"href":"https:\/\/wpguerssen-test.odoo.rgbconsulting.com\/es\/wp-json\/wp\/v2\/media\/284377"}],"wp:attachment":[{"href":"https:\/\/wpguerssen-test.odoo.rgbconsulting.com\/es\/wp-json\/wp\/v2\/media?parent=284432"}],"wp:term":[{"taxonomy":"product_brand","embeddable":true,"href":"https:\/\/wpguerssen-test.odoo.rgbconsulting.com\/es\/wp-json\/wp\/v2\/product_brand?post=284432"},{"taxonomy":"product_cat","embeddable":true,"href":"https:\/\/wpguerssen-test.odoo.rgbconsulting.com\/es\/wp-json\/wp\/v2\/product_cat?post=284432"},{"taxonomy":"product_tag","embeddable":true,"href":"https:\/\/wpguerssen-test.odoo.rgbconsulting.com\/es\/wp-json\/wp\/v2\/product_tag?post=284432"}],"curies":[{"name":"wp","href":"https:\/\/api.w.org\/{rel}","templated":true}]}}