{"id":284433,"date":"2025-03-17T00:00:00","date_gmt":"2025-03-16T23:00:00","guid":{"rendered":"https:\/\/wpguerssen-test.odoo.rgbconsulting.com\/product\/beziehungen\/"},"modified":"2025-04-23T17:43:02","modified_gmt":"2025-04-23T15:43:02","slug":"beziehungen","status":"publish","type":"product","link":"https:\/\/wpguerssen-test.odoo.rgbconsulting.com\/es\/producto\/beziehungen\/","title":{"rendered":"Beziehungen"},"content":{"rendered":"<p>Reedici\u00f3n, lanzado originalmente en 1972. Remasterizado a partir de las cintas maestras originales. La banda de siete integrantes se form\u00f3 en 1967 como un grupo beat llamado Ambition Of Music. En 1970, trabajar con un coro de tromb\u00f3n local llev\u00f3 a un cambio dram\u00e1tico de direcci\u00f3n. Tromb\u00f3n, clarinete, saxof\u00f3n, voces tipo scat, diversas percusiones e incluso una bomba de bicicleta o una guitarra tocada debajo del puente se abrieron paso en la banda. Nexus Quam mezcl\u00f3 dos g\u00e9neros musicales: rock y free jazz, pero el grupo tocaba ambos de manera diferente a lo que se pod\u00eda escuchar en ese momento. Se combinaron elementos de rock psicod\u00e9lico con pesados \u00bf\u00bfsonidos de \u00f3rgano con notas de metal libremente tocadas. Al mismo tiempo, la banda estaba m\u00e1s cerca del concepto de \u00abm\u00fasica intuitiva\u00bb de Stockhausen que de las expresivas improvisaciones grupales de los m\u00fasicos de free jazz.<\/p>\n","protected":false},"excerpt":{"rendered":"<p>Reedici\u00f3n, lanzado originalmente en 1972. Remasterizado a partir de las cintas maestras originales. La banda de siete integrantes se form\u00f3 en 1967 como un grupo<a class=\"read\" href=\"https:\/\/wpguerssen-test.odoo.rgbconsulting.com\/es\/producto\/beziehungen\/\"> (...)<\/a>","protected":false},"featured_media":284380,"template":"","meta":{"_acf_changed":false},"product_brand":[],"product_cat":[23230],"product_tag":[24189],"class_list":{"0":"post-284433","1":"product","2":"type-product","3":"status-publish","4":"has-post-thumbnail","6":"product_cat-krautrock-es-2","7":"product_tag-recien-llegadas","8":"pa_artist-annexus-quam","9":"pa_format-lp-es","10":"pa_gender-krautrock","11":"pa_label-ohr","12":"pa_location-europe-es","13":"pa_other-filters-vinyl-only-es","15":"first","16":"instock","17":"taxable","18":"shipping-taxable","19":"purchasable","20":"product-type-simple"},"acf":[],"yoast_head":"<!-- This site is optimized with the Yoast SEO plugin v24.9 - https:\/\/yoast.com\/wordpress\/plugins\/seo\/ -->\n<title>ANNEXUS QUAM - Beziehungen -  (LP) | Guerssen<\/title>\n<meta name=\"description\" content=\"Re-release, originally released in 1972. Remastered from the original mastertapes. The seven-piece band formed in 1967 as a beat group called Ambition Of Music. In 1970, working with a local trombone choir led to a dramatic change of direction. Trombone, clarinet, saxophone, scat-like vocals, various percussion, even a bicycle pump or a guitar played below the bridge found their way into the band. Annexus Quam mixed two musical genres: rock and free jazz, but the group played both differently from what could be heard otherwise at that time. Elements of psychedelic rock with heavy organ sounds were combined with freely dabbed brass notes; at the same time the band was closer to Stockhausen&#039;s concept of &quot;Intuitive Music&quot; than to the expressive group improvisations of free jazz musicians.\" \/>\n<meta name=\"robots\" content=\"index, follow, max-snippet:-1, max-image-preview:large, max-video-preview:-1\" \/>\n<link rel=\"canonical\" href=\"https:\/\/wpguerssen-test.odoo.rgbconsulting.com\/es\/producto\/beziehungen\/\" \/>\n<meta property=\"og:locale\" content=\"es_ES\" \/>\n<meta property=\"og:type\" content=\"article\" \/>\n<meta property=\"og:title\" content=\"ANNEXUS QUAM - Beziehungen -  (LP) | Guerssen\" \/>\n<meta property=\"og:description\" content=\"Re-release, originally released in 1972. Remastered from the original mastertapes. The seven-piece band formed in 1967 as a beat group called Ambition Of Music. In 1970, working with a local trombone choir led to a dramatic change of direction. Trombone, clarinet, saxophone, scat-like vocals, various percussion, even a bicycle pump or a guitar played below the bridge found their way into the band. Annexus Quam mixed two musical genres: rock and free jazz, but the group played both differently from what could be heard otherwise at that time. Elements of psychedelic rock with heavy organ sounds were combined with freely dabbed brass notes; at the same time the band was closer to Stockhausen&#039;s concept of &quot;Intuitive Music&quot; than to the expressive group improvisations of free jazz musicians.\" \/>\n<meta property=\"og:url\" content=\"https:\/\/wpguerssen-test.odoo.rgbconsulting.com\/es\/producto\/beziehungen\/\" \/>\n<meta property=\"og:site_name\" content=\"Guerssen records\" \/>\n<meta property=\"article:modified_time\" content=\"2025-04-23T15:43:02+00:00\" \/>\n<meta property=\"og:image\" content=\"https:\/\/wpguerssen-test.odoo.rgbconsulting.com\/wp-content\/uploads\/2025\/02\/49972.jpg\" \/>\n\t<meta property=\"og:image:width\" content=\"225\" \/>\n\t<meta property=\"og:image:height\" content=\"224\" \/>\n\t<meta property=\"og:image:type\" content=\"image\/jpeg\" \/>\n<meta name=\"twitter:card\" content=\"summary_large_image\" \/>\n<meta name=\"twitter:title\" content=\"ANNEXUS QUAM - Beziehungen -  (LP) | Guerssen\" \/>\n<meta name=\"twitter:label1\" content=\"Tiempo de lectura\" \/>\n\t<meta name=\"twitter:data1\" content=\"1 minuto\" \/>\n<script type=\"application\/ld+json\" class=\"yoast-schema-graph\">{\"@context\":\"https:\/\/schema.org\",\"@graph\":[{\"@type\":\"WebPage\",\"@id\":\"https:\/\/wpguerssen-test.odoo.rgbconsulting.com\/es\/producto\/beziehungen\/\",\"url\":\"https:\/\/wpguerssen-test.odoo.rgbconsulting.com\/es\/producto\/beziehungen\/\",\"name\":\"ANNEXUS QUAM - Beziehungen - (LP) | Guerssen\",\"isPartOf\":{\"@id\":\"https:\/\/wpguerssen-test.odoo.rgbconsulting.com\/es\/#website\"},\"primaryImageOfPage\":{\"@id\":\"https:\/\/wpguerssen-test.odoo.rgbconsulting.com\/es\/producto\/beziehungen\/#primaryimage\"},\"image\":{\"@id\":\"https:\/\/wpguerssen-test.odoo.rgbconsulting.com\/es\/producto\/beziehungen\/#primaryimage\"},\"thumbnailUrl\":\"https:\/\/wpguerssen-test.odoo.rgbconsulting.com\/wp-content\/uploads\/2025\/02\/49972.jpg\",\"datePublished\":\"2025-03-16T23:00:00+00:00\",\"dateModified\":\"2025-04-23T15:43:02+00:00\",\"description\":\"Re-release, originally released in 1972. Remastered from the original mastertapes. The seven-piece band formed in 1967 as a beat group called Ambition Of Music. In 1970, working with a local trombone choir led to a dramatic change of direction. Trombone, clarinet, saxophone, scat-like vocals, various percussion, even a bicycle pump or a guitar played below the bridge found their way into the band. Annexus Quam mixed two musical genres: rock and free jazz, but the group played both differently from what could be heard otherwise at that time. Elements of psychedelic rock with heavy organ sounds were combined with freely dabbed brass notes; at the same time the band was closer to Stockhausen's concept of \\\"Intuitive Music\\\" than to the expressive group improvisations of free jazz musicians.\",\"breadcrumb\":{\"@id\":\"https:\/\/wpguerssen-test.odoo.rgbconsulting.com\/es\/producto\/beziehungen\/#breadcrumb\"},\"inLanguage\":\"es\",\"potentialAction\":[{\"@type\":\"ReadAction\",\"target\":[\"https:\/\/wpguerssen-test.odoo.rgbconsulting.com\/es\/producto\/beziehungen\/\"]}]},{\"@type\":\"ImageObject\",\"inLanguage\":\"es\",\"@id\":\"https:\/\/wpguerssen-test.odoo.rgbconsulting.com\/es\/producto\/beziehungen\/#primaryimage\",\"url\":\"https:\/\/wpguerssen-test.odoo.rgbconsulting.com\/wp-content\/uploads\/2025\/02\/49972.jpg\",\"contentUrl\":\"https:\/\/wpguerssen-test.odoo.rgbconsulting.com\/wp-content\/uploads\/2025\/02\/49972.jpg\",\"width\":225,\"height\":224},{\"@type\":\"BreadcrumbList\",\"@id\":\"https:\/\/wpguerssen-test.odoo.rgbconsulting.com\/es\/producto\/beziehungen\/#breadcrumb\",\"itemListElement\":[{\"@type\":\"ListItem\",\"position\":1,\"name\":\"Inicio\",\"item\":\"https:\/\/wpguerssen-test.odoo.rgbconsulting.com\/es\/\"},{\"@type\":\"ListItem\",\"position\":2,\"name\":\"Shop\",\"item\":\"https:\/\/wpguerssen-test.odoo.rgbconsulting.com\/shop\/\"},{\"@type\":\"ListItem\",\"position\":3,\"name\":\"Beziehungen\"}]},{\"@type\":\"WebSite\",\"@id\":\"https:\/\/wpguerssen-test.odoo.rgbconsulting.com\/es\/#website\",\"url\":\"https:\/\/wpguerssen-test.odoo.rgbconsulting.com\/es\/\",\"name\":\"Guerssen records\",\"description\":\"psychedelia - progressive - folk - garage \",\"publisher\":{\"@id\":\"https:\/\/wpguerssen-test.odoo.rgbconsulting.com\/es\/#organization\"},\"potentialAction\":[{\"@type\":\"SearchAction\",\"target\":{\"@type\":\"EntryPoint\",\"urlTemplate\":\"https:\/\/wpguerssen-test.odoo.rgbconsulting.com\/es\/?s={search_term_string}\"},\"query-input\":{\"@type\":\"PropertyValueSpecification\",\"valueRequired\":true,\"valueName\":\"search_term_string\"}}],\"inLanguage\":\"es\"},{\"@type\":\"Organization\",\"@id\":\"https:\/\/wpguerssen-test.odoo.rgbconsulting.com\/es\/#organization\",\"name\":\"Guerssen records\",\"url\":\"https:\/\/wpguerssen-test.odoo.rgbconsulting.com\/es\/\",\"logo\":{\"@type\":\"ImageObject\",\"inLanguage\":\"es\",\"@id\":\"https:\/\/wpguerssen-test.odoo.rgbconsulting.com\/es\/#\/schema\/logo\/image\/\",\"url\":\"https:\/\/wpguerssen-test.odoo.rgbconsulting.com\/wp-content\/uploads\/2022\/04\/Logo_Guerssen_trans_100.png\",\"contentUrl\":\"https:\/\/wpguerssen-test.odoo.rgbconsulting.com\/wp-content\/uploads\/2022\/04\/Logo_Guerssen_trans_100.png\",\"width\":122,\"height\":100,\"caption\":\"Guerssen records\"},\"image\":{\"@id\":\"https:\/\/wpguerssen-test.odoo.rgbconsulting.com\/es\/#\/schema\/logo\/image\/\"}}]}<\/script>\n<!-- \/ Yoast SEO plugin. -->","yoast_head_json":{"title":"ANNEXUS QUAM - Beziehungen -  (LP) | Guerssen","description":"Re-release, originally released in 1972. Remastered from the original mastertapes. The seven-piece band formed in 1967 as a beat group called Ambition Of Music. In 1970, working with a local trombone choir led to a dramatic change of direction. Trombone, clarinet, saxophone, scat-like vocals, various percussion, even a bicycle pump or a guitar played below the bridge found their way into the band. Annexus Quam mixed two musical genres: rock and free jazz, but the group played both differently from what could be heard otherwise at that time. Elements of psychedelic rock with heavy organ sounds were combined with freely dabbed brass notes; at the same time the band was closer to Stockhausen's concept of \"Intuitive Music\" than to the expressive group improvisations of free jazz musicians.","robots":{"index":"index","follow":"follow","max-snippet":"max-snippet:-1","max-image-preview":"max-image-preview:large","max-video-preview":"max-video-preview:-1"},"canonical":"https:\/\/wpguerssen-test.odoo.rgbconsulting.com\/es\/producto\/beziehungen\/","og_locale":"es_ES","og_type":"article","og_title":"ANNEXUS QUAM - Beziehungen -  (LP) | Guerssen","og_description":"Re-release, originally released in 1972. Remastered from the original mastertapes. The seven-piece band formed in 1967 as a beat group called Ambition Of Music. In 1970, working with a local trombone choir led to a dramatic change of direction. Trombone, clarinet, saxophone, scat-like vocals, various percussion, even a bicycle pump or a guitar played below the bridge found their way into the band. Annexus Quam mixed two musical genres: rock and free jazz, but the group played both differently from what could be heard otherwise at that time. Elements of psychedelic rock with heavy organ sounds were combined with freely dabbed brass notes; at the same time the band was closer to Stockhausen's concept of \"Intuitive Music\" than to the expressive group improvisations of free jazz musicians.","og_url":"https:\/\/wpguerssen-test.odoo.rgbconsulting.com\/es\/producto\/beziehungen\/","og_site_name":"Guerssen records","article_modified_time":"2025-04-23T15:43:02+00:00","og_image":[{"width":225,"height":224,"url":"https:\/\/wpguerssen-test.odoo.rgbconsulting.com\/wp-content\/uploads\/2025\/02\/49972.jpg","type":"image\/jpeg"}],"twitter_card":"summary_large_image","twitter_title":"ANNEXUS QUAM - Beziehungen -  (LP) | Guerssen","twitter_misc":{"Tiempo de lectura":"1 minuto"},"schema":{"@context":"https:\/\/schema.org","@graph":[{"@type":"WebPage","@id":"https:\/\/wpguerssen-test.odoo.rgbconsulting.com\/es\/producto\/beziehungen\/","url":"https:\/\/wpguerssen-test.odoo.rgbconsulting.com\/es\/producto\/beziehungen\/","name":"ANNEXUS QUAM - Beziehungen - (LP) | Guerssen","isPartOf":{"@id":"https:\/\/wpguerssen-test.odoo.rgbconsulting.com\/es\/#website"},"primaryImageOfPage":{"@id":"https:\/\/wpguerssen-test.odoo.rgbconsulting.com\/es\/producto\/beziehungen\/#primaryimage"},"image":{"@id":"https:\/\/wpguerssen-test.odoo.rgbconsulting.com\/es\/producto\/beziehungen\/#primaryimage"},"thumbnailUrl":"https:\/\/wpguerssen-test.odoo.rgbconsulting.com\/wp-content\/uploads\/2025\/02\/49972.jpg","datePublished":"2025-03-16T23:00:00+00:00","dateModified":"2025-04-23T15:43:02+00:00","description":"Re-release, originally released in 1972. Remastered from the original mastertapes. The seven-piece band formed in 1967 as a beat group called Ambition Of Music. In 1970, working with a local trombone choir led to a dramatic change of direction. Trombone, clarinet, saxophone, scat-like vocals, various percussion, even a bicycle pump or a guitar played below the bridge found their way into the band. Annexus Quam mixed two musical genres: rock and free jazz, but the group played both differently from what could be heard otherwise at that time. Elements of psychedelic rock with heavy organ sounds were combined with freely dabbed brass notes; at the same time the band was closer to Stockhausen's concept of \"Intuitive Music\" than to the expressive group improvisations of free jazz musicians.","breadcrumb":{"@id":"https:\/\/wpguerssen-test.odoo.rgbconsulting.com\/es\/producto\/beziehungen\/#breadcrumb"},"inLanguage":"es","potentialAction":[{"@type":"ReadAction","target":["https:\/\/wpguerssen-test.odoo.rgbconsulting.com\/es\/producto\/beziehungen\/"]}]},{"@type":"ImageObject","inLanguage":"es","@id":"https:\/\/wpguerssen-test.odoo.rgbconsulting.com\/es\/producto\/beziehungen\/#primaryimage","url":"https:\/\/wpguerssen-test.odoo.rgbconsulting.com\/wp-content\/uploads\/2025\/02\/49972.jpg","contentUrl":"https:\/\/wpguerssen-test.odoo.rgbconsulting.com\/wp-content\/uploads\/2025\/02\/49972.jpg","width":225,"height":224},{"@type":"BreadcrumbList","@id":"https:\/\/wpguerssen-test.odoo.rgbconsulting.com\/es\/producto\/beziehungen\/#breadcrumb","itemListElement":[{"@type":"ListItem","position":1,"name":"Inicio","item":"https:\/\/wpguerssen-test.odoo.rgbconsulting.com\/es\/"},{"@type":"ListItem","position":2,"name":"Shop","item":"https:\/\/wpguerssen-test.odoo.rgbconsulting.com\/shop\/"},{"@type":"ListItem","position":3,"name":"Beziehungen"}]},{"@type":"WebSite","@id":"https:\/\/wpguerssen-test.odoo.rgbconsulting.com\/es\/#website","url":"https:\/\/wpguerssen-test.odoo.rgbconsulting.com\/es\/","name":"Guerssen records","description":"psychedelia - progressive - folk - garage ","publisher":{"@id":"https:\/\/wpguerssen-test.odoo.rgbconsulting.com\/es\/#organization"},"potentialAction":[{"@type":"SearchAction","target":{"@type":"EntryPoint","urlTemplate":"https:\/\/wpguerssen-test.odoo.rgbconsulting.com\/es\/?s={search_term_string}"},"query-input":{"@type":"PropertyValueSpecification","valueRequired":true,"valueName":"search_term_string"}}],"inLanguage":"es"},{"@type":"Organization","@id":"https:\/\/wpguerssen-test.odoo.rgbconsulting.com\/es\/#organization","name":"Guerssen records","url":"https:\/\/wpguerssen-test.odoo.rgbconsulting.com\/es\/","logo":{"@type":"ImageObject","inLanguage":"es","@id":"https:\/\/wpguerssen-test.odoo.rgbconsulting.com\/es\/#\/schema\/logo\/image\/","url":"https:\/\/wpguerssen-test.odoo.rgbconsulting.com\/wp-content\/uploads\/2022\/04\/Logo_Guerssen_trans_100.png","contentUrl":"https:\/\/wpguerssen-test.odoo.rgbconsulting.com\/wp-content\/uploads\/2022\/04\/Logo_Guerssen_trans_100.png","width":122,"height":100,"caption":"Guerssen records"},"image":{"@id":"https:\/\/wpguerssen-test.odoo.rgbconsulting.com\/es\/#\/schema\/logo\/image\/"}}]}},"_links":{"self":[{"href":"https:\/\/wpguerssen-test.odoo.rgbconsulting.com\/es\/wp-json\/wp\/v2\/product\/284433","targetHints":{"allow":["GET"]}}],"collection":[{"href":"https:\/\/wpguerssen-test.odoo.rgbconsulting.com\/es\/wp-json\/wp\/v2\/product"}],"about":[{"href":"https:\/\/wpguerssen-test.odoo.rgbconsulting.com\/es\/wp-json\/wp\/v2\/types\/product"}],"wp:featuredmedia":[{"embeddable":true,"href":"https:\/\/wpguerssen-test.odoo.rgbconsulting.com\/es\/wp-json\/wp\/v2\/media\/284380"}],"wp:attachment":[{"href":"https:\/\/wpguerssen-test.odoo.rgbconsulting.com\/es\/wp-json\/wp\/v2\/media?parent=284433"}],"wp:term":[{"taxonomy":"product_brand","embeddable":true,"href":"https:\/\/wpguerssen-test.odoo.rgbconsulting.com\/es\/wp-json\/wp\/v2\/product_brand?post=284433"},{"taxonomy":"product_cat","embeddable":true,"href":"https:\/\/wpguerssen-test.odoo.rgbconsulting.com\/es\/wp-json\/wp\/v2\/product_cat?post=284433"},{"taxonomy":"product_tag","embeddable":true,"href":"https:\/\/wpguerssen-test.odoo.rgbconsulting.com\/es\/wp-json\/wp\/v2\/product_tag?post=284433"}],"curies":[{"name":"wp","href":"https:\/\/api.w.org\/{rel}","templated":true}]}}