{"id":284434,"date":"2025-03-17T00:00:00","date_gmt":"2025-03-16T23:00:00","guid":{"rendered":"https:\/\/wpguerssen-test.odoo.rgbconsulting.com\/product\/osmose\/"},"modified":"2025-04-23T17:43:14","modified_gmt":"2025-04-23T15:43:14","slug":"osmose","status":"publish","type":"product","link":"https:\/\/wpguerssen-test.odoo.rgbconsulting.com\/es\/producto\/osmose\/","title":{"rendered":"Osmose"},"content":{"rendered":"<p>El grupot, cerca de D\u00fcsseldorf, lleg\u00f3 con la m\u00fasica adecuada en el momento adecuado. La banda de siete integrantes se form\u00f3 en 1967 como Ambition Of Music; eran lo que entonces se llamaba un \u00abgrupo beat\u00bb. En 1970, trabajar con un coro de tromb\u00f3n local llev\u00f3 a un cambio dram\u00e1tico de direcci\u00f3n. Tromb\u00f3n, clarinete, saxof\u00f3n, voces tipo scat, diversas percusiones e incluso una bomba de bicicleta o una guitarra tocada debajo del puente llegaron a la banda. El conjunto mezcl\u00f3 dos g\u00e9neros musicales: rock y free jazz, y se combinaron elementos de rock psicod\u00e9lico con pesados \u00bf\u00bfsonidos de \u00f3rgano con notas de metal libremente tocadas. Apenas hay estructuras formales en la m\u00fasica de la banda; los m\u00fasicos controlan el sonido del conjunto de forma intuitiva escuch\u00e1ndose concentradamente unos a otros. A pesar de toda la libertad, las piezas siguen siendo comprensibles. El \u00e1lbum fue producido por Julius Schittenhelm en 1970 y ahora viene remasterizado.<\/p>\n","protected":false},"excerpt":{"rendered":"<p>El grupot, cerca de D\u00fcsseldorf, lleg\u00f3 con la m\u00fasica adecuada en el momento adecuado. La banda de siete integrantes se form\u00f3 en 1967 como Ambition Of Music; eran<a class=\"read\" href=\"https:\/\/wpguerssen-test.odoo.rgbconsulting.com\/es\/producto\/osmose\/\"> (...)<\/a>","protected":false},"featured_media":284383,"template":"","meta":{"_acf_changed":false},"product_brand":[],"product_cat":[23230],"product_tag":[24189],"class_list":{"0":"post-284434","1":"product","2":"type-product","3":"status-publish","4":"has-post-thumbnail","6":"product_cat-krautrock-es-2","7":"product_tag-recien-llegadas","8":"pa_artist-annexus-quam","9":"pa_format-lp-es","10":"pa_gender-krautrock","11":"pa_label-ohr","12":"pa_location-europe-es","13":"pa_other-filters-vinyl-only-es","15":"first","16":"instock","17":"taxable","18":"shipping-taxable","19":"purchasable","20":"product-type-simple"},"acf":[],"yoast_head":"<!-- This site is optimized with the Yoast SEO plugin v24.9 - https:\/\/yoast.com\/wordpress\/plugins\/seo\/ -->\n<title>ANNEXUS QUAM - Osmose -  (LP) | Guerssen<\/title>\n<meta name=\"description\" content=\"Annexus Quam from Kamp-Lintfort near D\u00fcsseldorf came along with the right music at the right moment. The seven-piece band formed in 1967 as Ambition Of Music; they were what was then called a &quot;beat group&quot;. In 1970, working with a local trombone choir led to a dramatic change of direction. Trombone, clarinet, saxophone, scat-like vocals, various percussion, even a bicycle pump or a guitar played below the bridge found their way into the band. The ensemble mixed two musical genres: rock and free jazz, elements of psychedelic rock with heavy organ sounds were combined with freely dabbed brass notes. There are hardly any formal structures in the band&#039;s music; the musicians control the ensemble sound intuitively by concentrated listening to each other. Despite all freedom, the pieces remain comprehensible. The album was produced by Julius Schittenhelm in 1970 and comes now remastered.\" \/>\n<meta name=\"robots\" content=\"index, follow, max-snippet:-1, max-image-preview:large, max-video-preview:-1\" \/>\n<link rel=\"canonical\" href=\"https:\/\/wpguerssen-test.odoo.rgbconsulting.com\/es\/producto\/osmose\/\" \/>\n<meta property=\"og:locale\" content=\"es_ES\" \/>\n<meta property=\"og:type\" content=\"article\" \/>\n<meta property=\"og:title\" content=\"ANNEXUS QUAM - Osmose -  (LP) | Guerssen\" \/>\n<meta property=\"og:description\" content=\"Annexus Quam from Kamp-Lintfort near D\u00fcsseldorf came along with the right music at the right moment. The seven-piece band formed in 1967 as Ambition Of Music; they were what was then called a &quot;beat group&quot;. In 1970, working with a local trombone choir led to a dramatic change of direction. Trombone, clarinet, saxophone, scat-like vocals, various percussion, even a bicycle pump or a guitar played below the bridge found their way into the band. The ensemble mixed two musical genres: rock and free jazz, elements of psychedelic rock with heavy organ sounds were combined with freely dabbed brass notes. There are hardly any formal structures in the band&#039;s music; the musicians control the ensemble sound intuitively by concentrated listening to each other. Despite all freedom, the pieces remain comprehensible. The album was produced by Julius Schittenhelm in 1970 and comes now remastered.\" \/>\n<meta property=\"og:url\" content=\"https:\/\/wpguerssen-test.odoo.rgbconsulting.com\/es\/producto\/osmose\/\" \/>\n<meta property=\"og:site_name\" content=\"Guerssen records\" \/>\n<meta property=\"article:modified_time\" content=\"2025-04-23T15:43:14+00:00\" \/>\n<meta property=\"og:image\" content=\"https:\/\/wpguerssen-test.odoo.rgbconsulting.com\/wp-content\/uploads\/2025\/02\/49973.jpg\" \/>\n\t<meta property=\"og:image:width\" content=\"400\" \/>\n\t<meta property=\"og:image:height\" content=\"399\" \/>\n\t<meta property=\"og:image:type\" content=\"image\/jpeg\" \/>\n<meta name=\"twitter:card\" content=\"summary_large_image\" \/>\n<meta name=\"twitter:title\" content=\"ANNEXUS QUAM - Osmose -  (LP) | Guerssen\" \/>\n<meta name=\"twitter:label1\" content=\"Tiempo de lectura\" \/>\n\t<meta name=\"twitter:data1\" content=\"1 minuto\" \/>\n<script type=\"application\/ld+json\" class=\"yoast-schema-graph\">{\"@context\":\"https:\/\/schema.org\",\"@graph\":[{\"@type\":\"WebPage\",\"@id\":\"https:\/\/wpguerssen-test.odoo.rgbconsulting.com\/es\/producto\/osmose\/\",\"url\":\"https:\/\/wpguerssen-test.odoo.rgbconsulting.com\/es\/producto\/osmose\/\",\"name\":\"ANNEXUS QUAM - Osmose - (LP) | Guerssen\",\"isPartOf\":{\"@id\":\"https:\/\/wpguerssen-test.odoo.rgbconsulting.com\/es\/#website\"},\"primaryImageOfPage\":{\"@id\":\"https:\/\/wpguerssen-test.odoo.rgbconsulting.com\/es\/producto\/osmose\/#primaryimage\"},\"image\":{\"@id\":\"https:\/\/wpguerssen-test.odoo.rgbconsulting.com\/es\/producto\/osmose\/#primaryimage\"},\"thumbnailUrl\":\"https:\/\/wpguerssen-test.odoo.rgbconsulting.com\/wp-content\/uploads\/2025\/02\/49973.jpg\",\"datePublished\":\"2025-03-16T23:00:00+00:00\",\"dateModified\":\"2025-04-23T15:43:14+00:00\",\"description\":\"Annexus Quam from Kamp-Lintfort near D\u00fcsseldorf came along with the right music at the right moment. The seven-piece band formed in 1967 as Ambition Of Music; they were what was then called a \\\"beat group\\\". In 1970, working with a local trombone choir led to a dramatic change of direction. Trombone, clarinet, saxophone, scat-like vocals, various percussion, even a bicycle pump or a guitar played below the bridge found their way into the band. The ensemble mixed two musical genres: rock and free jazz, elements of psychedelic rock with heavy organ sounds were combined with freely dabbed brass notes. There are hardly any formal structures in the band's music; the musicians control the ensemble sound intuitively by concentrated listening to each other. Despite all freedom, the pieces remain comprehensible. The album was produced by Julius Schittenhelm in 1970 and comes now remastered.\",\"breadcrumb\":{\"@id\":\"https:\/\/wpguerssen-test.odoo.rgbconsulting.com\/es\/producto\/osmose\/#breadcrumb\"},\"inLanguage\":\"es\",\"potentialAction\":[{\"@type\":\"ReadAction\",\"target\":[\"https:\/\/wpguerssen-test.odoo.rgbconsulting.com\/es\/producto\/osmose\/\"]}]},{\"@type\":\"ImageObject\",\"inLanguage\":\"es\",\"@id\":\"https:\/\/wpguerssen-test.odoo.rgbconsulting.com\/es\/producto\/osmose\/#primaryimage\",\"url\":\"https:\/\/wpguerssen-test.odoo.rgbconsulting.com\/wp-content\/uploads\/2025\/02\/49973.jpg\",\"contentUrl\":\"https:\/\/wpguerssen-test.odoo.rgbconsulting.com\/wp-content\/uploads\/2025\/02\/49973.jpg\",\"width\":400,\"height\":399},{\"@type\":\"BreadcrumbList\",\"@id\":\"https:\/\/wpguerssen-test.odoo.rgbconsulting.com\/es\/producto\/osmose\/#breadcrumb\",\"itemListElement\":[{\"@type\":\"ListItem\",\"position\":1,\"name\":\"Inicio\",\"item\":\"https:\/\/wpguerssen-test.odoo.rgbconsulting.com\/es\/\"},{\"@type\":\"ListItem\",\"position\":2,\"name\":\"Shop\",\"item\":\"https:\/\/wpguerssen-test.odoo.rgbconsulting.com\/shop\/\"},{\"@type\":\"ListItem\",\"position\":3,\"name\":\"Osmose\"}]},{\"@type\":\"WebSite\",\"@id\":\"https:\/\/wpguerssen-test.odoo.rgbconsulting.com\/es\/#website\",\"url\":\"https:\/\/wpguerssen-test.odoo.rgbconsulting.com\/es\/\",\"name\":\"Guerssen records\",\"description\":\"psychedelia - progressive - folk - garage \",\"publisher\":{\"@id\":\"https:\/\/wpguerssen-test.odoo.rgbconsulting.com\/es\/#organization\"},\"potentialAction\":[{\"@type\":\"SearchAction\",\"target\":{\"@type\":\"EntryPoint\",\"urlTemplate\":\"https:\/\/wpguerssen-test.odoo.rgbconsulting.com\/es\/?s={search_term_string}\"},\"query-input\":{\"@type\":\"PropertyValueSpecification\",\"valueRequired\":true,\"valueName\":\"search_term_string\"}}],\"inLanguage\":\"es\"},{\"@type\":\"Organization\",\"@id\":\"https:\/\/wpguerssen-test.odoo.rgbconsulting.com\/es\/#organization\",\"name\":\"Guerssen records\",\"url\":\"https:\/\/wpguerssen-test.odoo.rgbconsulting.com\/es\/\",\"logo\":{\"@type\":\"ImageObject\",\"inLanguage\":\"es\",\"@id\":\"https:\/\/wpguerssen-test.odoo.rgbconsulting.com\/es\/#\/schema\/logo\/image\/\",\"url\":\"https:\/\/wpguerssen-test.odoo.rgbconsulting.com\/wp-content\/uploads\/2022\/04\/Logo_Guerssen_trans_100.png\",\"contentUrl\":\"https:\/\/wpguerssen-test.odoo.rgbconsulting.com\/wp-content\/uploads\/2022\/04\/Logo_Guerssen_trans_100.png\",\"width\":122,\"height\":100,\"caption\":\"Guerssen records\"},\"image\":{\"@id\":\"https:\/\/wpguerssen-test.odoo.rgbconsulting.com\/es\/#\/schema\/logo\/image\/\"}}]}<\/script>\n<!-- \/ Yoast SEO plugin. -->","yoast_head_json":{"title":"ANNEXUS QUAM - Osmose -  (LP) | Guerssen","description":"Annexus Quam from Kamp-Lintfort near D\u00fcsseldorf came along with the right music at the right moment. The seven-piece band formed in 1967 as Ambition Of Music; they were what was then called a \"beat group\". In 1970, working with a local trombone choir led to a dramatic change of direction. Trombone, clarinet, saxophone, scat-like vocals, various percussion, even a bicycle pump or a guitar played below the bridge found their way into the band. The ensemble mixed two musical genres: rock and free jazz, elements of psychedelic rock with heavy organ sounds were combined with freely dabbed brass notes. There are hardly any formal structures in the band's music; the musicians control the ensemble sound intuitively by concentrated listening to each other. Despite all freedom, the pieces remain comprehensible. The album was produced by Julius Schittenhelm in 1970 and comes now remastered.","robots":{"index":"index","follow":"follow","max-snippet":"max-snippet:-1","max-image-preview":"max-image-preview:large","max-video-preview":"max-video-preview:-1"},"canonical":"https:\/\/wpguerssen-test.odoo.rgbconsulting.com\/es\/producto\/osmose\/","og_locale":"es_ES","og_type":"article","og_title":"ANNEXUS QUAM - Osmose -  (LP) | Guerssen","og_description":"Annexus Quam from Kamp-Lintfort near D\u00fcsseldorf came along with the right music at the right moment. The seven-piece band formed in 1967 as Ambition Of Music; they were what was then called a \"beat group\". In 1970, working with a local trombone choir led to a dramatic change of direction. Trombone, clarinet, saxophone, scat-like vocals, various percussion, even a bicycle pump or a guitar played below the bridge found their way into the band. The ensemble mixed two musical genres: rock and free jazz, elements of psychedelic rock with heavy organ sounds were combined with freely dabbed brass notes. There are hardly any formal structures in the band's music; the musicians control the ensemble sound intuitively by concentrated listening to each other. Despite all freedom, the pieces remain comprehensible. The album was produced by Julius Schittenhelm in 1970 and comes now remastered.","og_url":"https:\/\/wpguerssen-test.odoo.rgbconsulting.com\/es\/producto\/osmose\/","og_site_name":"Guerssen records","article_modified_time":"2025-04-23T15:43:14+00:00","og_image":[{"width":400,"height":399,"url":"https:\/\/wpguerssen-test.odoo.rgbconsulting.com\/wp-content\/uploads\/2025\/02\/49973.jpg","type":"image\/jpeg"}],"twitter_card":"summary_large_image","twitter_title":"ANNEXUS QUAM - Osmose -  (LP) | Guerssen","twitter_misc":{"Tiempo de lectura":"1 minuto"},"schema":{"@context":"https:\/\/schema.org","@graph":[{"@type":"WebPage","@id":"https:\/\/wpguerssen-test.odoo.rgbconsulting.com\/es\/producto\/osmose\/","url":"https:\/\/wpguerssen-test.odoo.rgbconsulting.com\/es\/producto\/osmose\/","name":"ANNEXUS QUAM - Osmose - (LP) | Guerssen","isPartOf":{"@id":"https:\/\/wpguerssen-test.odoo.rgbconsulting.com\/es\/#website"},"primaryImageOfPage":{"@id":"https:\/\/wpguerssen-test.odoo.rgbconsulting.com\/es\/producto\/osmose\/#primaryimage"},"image":{"@id":"https:\/\/wpguerssen-test.odoo.rgbconsulting.com\/es\/producto\/osmose\/#primaryimage"},"thumbnailUrl":"https:\/\/wpguerssen-test.odoo.rgbconsulting.com\/wp-content\/uploads\/2025\/02\/49973.jpg","datePublished":"2025-03-16T23:00:00+00:00","dateModified":"2025-04-23T15:43:14+00:00","description":"Annexus Quam from Kamp-Lintfort near D\u00fcsseldorf came along with the right music at the right moment. The seven-piece band formed in 1967 as Ambition Of Music; they were what was then called a \"beat group\". In 1970, working with a local trombone choir led to a dramatic change of direction. Trombone, clarinet, saxophone, scat-like vocals, various percussion, even a bicycle pump or a guitar played below the bridge found their way into the band. The ensemble mixed two musical genres: rock and free jazz, elements of psychedelic rock with heavy organ sounds were combined with freely dabbed brass notes. There are hardly any formal structures in the band's music; the musicians control the ensemble sound intuitively by concentrated listening to each other. Despite all freedom, the pieces remain comprehensible. The album was produced by Julius Schittenhelm in 1970 and comes now remastered.","breadcrumb":{"@id":"https:\/\/wpguerssen-test.odoo.rgbconsulting.com\/es\/producto\/osmose\/#breadcrumb"},"inLanguage":"es","potentialAction":[{"@type":"ReadAction","target":["https:\/\/wpguerssen-test.odoo.rgbconsulting.com\/es\/producto\/osmose\/"]}]},{"@type":"ImageObject","inLanguage":"es","@id":"https:\/\/wpguerssen-test.odoo.rgbconsulting.com\/es\/producto\/osmose\/#primaryimage","url":"https:\/\/wpguerssen-test.odoo.rgbconsulting.com\/wp-content\/uploads\/2025\/02\/49973.jpg","contentUrl":"https:\/\/wpguerssen-test.odoo.rgbconsulting.com\/wp-content\/uploads\/2025\/02\/49973.jpg","width":400,"height":399},{"@type":"BreadcrumbList","@id":"https:\/\/wpguerssen-test.odoo.rgbconsulting.com\/es\/producto\/osmose\/#breadcrumb","itemListElement":[{"@type":"ListItem","position":1,"name":"Inicio","item":"https:\/\/wpguerssen-test.odoo.rgbconsulting.com\/es\/"},{"@type":"ListItem","position":2,"name":"Shop","item":"https:\/\/wpguerssen-test.odoo.rgbconsulting.com\/shop\/"},{"@type":"ListItem","position":3,"name":"Osmose"}]},{"@type":"WebSite","@id":"https:\/\/wpguerssen-test.odoo.rgbconsulting.com\/es\/#website","url":"https:\/\/wpguerssen-test.odoo.rgbconsulting.com\/es\/","name":"Guerssen records","description":"psychedelia - progressive - folk - garage ","publisher":{"@id":"https:\/\/wpguerssen-test.odoo.rgbconsulting.com\/es\/#organization"},"potentialAction":[{"@type":"SearchAction","target":{"@type":"EntryPoint","urlTemplate":"https:\/\/wpguerssen-test.odoo.rgbconsulting.com\/es\/?s={search_term_string}"},"query-input":{"@type":"PropertyValueSpecification","valueRequired":true,"valueName":"search_term_string"}}],"inLanguage":"es"},{"@type":"Organization","@id":"https:\/\/wpguerssen-test.odoo.rgbconsulting.com\/es\/#organization","name":"Guerssen records","url":"https:\/\/wpguerssen-test.odoo.rgbconsulting.com\/es\/","logo":{"@type":"ImageObject","inLanguage":"es","@id":"https:\/\/wpguerssen-test.odoo.rgbconsulting.com\/es\/#\/schema\/logo\/image\/","url":"https:\/\/wpguerssen-test.odoo.rgbconsulting.com\/wp-content\/uploads\/2022\/04\/Logo_Guerssen_trans_100.png","contentUrl":"https:\/\/wpguerssen-test.odoo.rgbconsulting.com\/wp-content\/uploads\/2022\/04\/Logo_Guerssen_trans_100.png","width":122,"height":100,"caption":"Guerssen records"},"image":{"@id":"https:\/\/wpguerssen-test.odoo.rgbconsulting.com\/es\/#\/schema\/logo\/image\/"}}]}},"_links":{"self":[{"href":"https:\/\/wpguerssen-test.odoo.rgbconsulting.com\/es\/wp-json\/wp\/v2\/product\/284434","targetHints":{"allow":["GET"]}}],"collection":[{"href":"https:\/\/wpguerssen-test.odoo.rgbconsulting.com\/es\/wp-json\/wp\/v2\/product"}],"about":[{"href":"https:\/\/wpguerssen-test.odoo.rgbconsulting.com\/es\/wp-json\/wp\/v2\/types\/product"}],"wp:featuredmedia":[{"embeddable":true,"href":"https:\/\/wpguerssen-test.odoo.rgbconsulting.com\/es\/wp-json\/wp\/v2\/media\/284383"}],"wp:attachment":[{"href":"https:\/\/wpguerssen-test.odoo.rgbconsulting.com\/es\/wp-json\/wp\/v2\/media?parent=284434"}],"wp:term":[{"taxonomy":"product_brand","embeddable":true,"href":"https:\/\/wpguerssen-test.odoo.rgbconsulting.com\/es\/wp-json\/wp\/v2\/product_brand?post=284434"},{"taxonomy":"product_cat","embeddable":true,"href":"https:\/\/wpguerssen-test.odoo.rgbconsulting.com\/es\/wp-json\/wp\/v2\/product_cat?post=284434"},{"taxonomy":"product_tag","embeddable":true,"href":"https:\/\/wpguerssen-test.odoo.rgbconsulting.com\/es\/wp-json\/wp\/v2\/product_tag?post=284434"}],"curies":[{"name":"wp","href":"https:\/\/api.w.org\/{rel}","templated":true}]}}