{"id":284444,"date":"2025-03-17T00:00:00","date_gmt":"2025-03-16T23:00:00","guid":{"rendered":"https:\/\/wpguerssen-test.odoo.rgbconsulting.com\/product\/gilles-zeitschiff-2\/"},"modified":"2025-04-23T17:44:45","modified_gmt":"2025-04-23T15:44:45","slug":"gilles-zeitschiff-2","status":"publish","type":"product","link":"https:\/\/wpguerssen-test.odoo.rgbconsulting.com\/es\/producto\/gilles-zeitschiff-2\/","title":{"rendered":"Gilles Zeitschiff 2"},"content":{"rendered":"<p>En 1974, Cosmic Crew Gille, Dieter Dierks, J\u00fcrgen Dollase, Harald Gro\u00dfkopf y Mythos grabaron el Volumen 2, pero nunca lleg\u00f3 a publicarse en ese momento. Hasta ahora. Casi 50 a\u00f1os despu\u00e9s de su grabaci\u00f3n, &#8216;Zeitschiff 2&#8217; por fin puede despegar. Aqu\u00ed tambi\u00e9n Gille evoca el esp\u00edritu de Timothy Leary, cometas y estrellas recorren el espacio siguiendo estelas de rayos fluorescentes: los Mensajeros C\u00f3smicos hacen honor a su nombre. Cuidadosamente remasterizado y viene en vinilo negro de 180 gramos.<\/p>\n","protected":false},"excerpt":{"rendered":"<p>En 1974, Cosmic Crew Gille, Dieter Dierks, J\u00fcrgen Dollase, Harald Gro\u00dfkopf y Mythos grabaron el Volumen 2, pero nunca lleg\u00f3 a publicarse en ese momento. Hasta ahora.<a class=\"read\" href=\"https:\/\/wpguerssen-test.odoo.rgbconsulting.com\/es\/producto\/gilles-zeitschiff-2\/\"> (...)<\/a>","protected":false},"featured_media":284413,"template":"","meta":{"_acf_changed":false},"product_brand":[],"product_cat":[23230],"product_tag":[24189],"class_list":{"0":"post-284444","1":"product","2":"type-product","3":"status-publish","4":"has-post-thumbnail","6":"product_cat-krautrock-es-2","7":"product_tag-recien-llegadas","8":"pa_artist-sternenmadchen","9":"pa_format-lp-es","10":"pa_gender-krautrock","11":"pa_label-kosmische-kuriere","12":"pa_location-europe-es","13":"pa_other-filters-vinyl-only-es","15":"first","16":"instock","17":"taxable","18":"shipping-taxable","19":"purchasable","20":"product-type-simple"},"acf":[],"yoast_head":"<!-- This site is optimized with the Yoast SEO plugin v24.9 - https:\/\/yoast.com\/wordpress\/plugins\/seo\/ -->\n<title>STERNENMADCHEN - Gilles Zeitschiff 2 -  (LP) | Guerssen<\/title>\n<meta name=\"description\" content=\"In 1974, the Cosmic Crew Gille, Dieter Dierks, J\u00fcrgen Dollase, Harald Gro\u00dfkopf and Mythos recorded Volume 2, but it never came to a release at that time. Until now. Almost 50 years after its recording, &#039;Zeitschiff 2&#039; can finally take off. Gille conjures up Timothy Leary&#039;s spirit here as well, comets and stars whizz through space on fluorescent ray trails - the Cosmic Couriers live up to their name. Carefully remastered and comes on 180 gram black vinyl.\" \/>\n<meta name=\"robots\" content=\"index, follow, max-snippet:-1, max-image-preview:large, max-video-preview:-1\" \/>\n<link rel=\"canonical\" href=\"https:\/\/wpguerssen-test.odoo.rgbconsulting.com\/es\/producto\/gilles-zeitschiff-2\/\" \/>\n<meta property=\"og:locale\" content=\"es_ES\" \/>\n<meta property=\"og:type\" content=\"article\" \/>\n<meta property=\"og:title\" content=\"STERNENMADCHEN - Gilles Zeitschiff 2 -  (LP) | Guerssen\" \/>\n<meta property=\"og:description\" content=\"In 1974, the Cosmic Crew Gille, Dieter Dierks, J\u00fcrgen Dollase, Harald Gro\u00dfkopf and Mythos recorded Volume 2, but it never came to a release at that time. Until now. Almost 50 years after its recording, &#039;Zeitschiff 2&#039; can finally take off. Gille conjures up Timothy Leary&#039;s spirit here as well, comets and stars whizz through space on fluorescent ray trails - the Cosmic Couriers live up to their name. Carefully remastered and comes on 180 gram black vinyl.\" \/>\n<meta property=\"og:url\" content=\"https:\/\/wpguerssen-test.odoo.rgbconsulting.com\/es\/producto\/gilles-zeitschiff-2\/\" \/>\n<meta property=\"og:site_name\" content=\"Guerssen records\" \/>\n<meta property=\"article:modified_time\" content=\"2025-04-23T15:44:45+00:00\" \/>\n<meta property=\"og:image\" content=\"https:\/\/wpguerssen-test.odoo.rgbconsulting.com\/wp-content\/uploads\/2025\/02\/49983.jpg\" \/>\n\t<meta property=\"og:image:width\" content=\"600\" \/>\n\t<meta property=\"og:image:height\" content=\"600\" \/>\n\t<meta property=\"og:image:type\" content=\"image\/jpeg\" \/>\n<meta name=\"twitter:card\" content=\"summary_large_image\" \/>\n<meta name=\"twitter:title\" content=\"STERNENMADCHEN - Gilles Zeitschiff 2 -  (LP) | Guerssen\" \/>\n<script type=\"application\/ld+json\" class=\"yoast-schema-graph\">{\"@context\":\"https:\/\/schema.org\",\"@graph\":[{\"@type\":\"WebPage\",\"@id\":\"https:\/\/wpguerssen-test.odoo.rgbconsulting.com\/es\/producto\/gilles-zeitschiff-2\/\",\"url\":\"https:\/\/wpguerssen-test.odoo.rgbconsulting.com\/es\/producto\/gilles-zeitschiff-2\/\",\"name\":\"STERNENMADCHEN - Gilles Zeitschiff 2 - (LP) | Guerssen\",\"isPartOf\":{\"@id\":\"https:\/\/wpguerssen-test.odoo.rgbconsulting.com\/es\/#website\"},\"primaryImageOfPage\":{\"@id\":\"https:\/\/wpguerssen-test.odoo.rgbconsulting.com\/es\/producto\/gilles-zeitschiff-2\/#primaryimage\"},\"image\":{\"@id\":\"https:\/\/wpguerssen-test.odoo.rgbconsulting.com\/es\/producto\/gilles-zeitschiff-2\/#primaryimage\"},\"thumbnailUrl\":\"https:\/\/wpguerssen-test.odoo.rgbconsulting.com\/wp-content\/uploads\/2025\/02\/49983.jpg\",\"datePublished\":\"2025-03-16T23:00:00+00:00\",\"dateModified\":\"2025-04-23T15:44:45+00:00\",\"description\":\"In 1974, the Cosmic Crew Gille, Dieter Dierks, J\u00fcrgen Dollase, Harald Gro\u00dfkopf and Mythos recorded Volume 2, but it never came to a release at that time. Until now. Almost 50 years after its recording, 'Zeitschiff 2' can finally take off. Gille conjures up Timothy Leary's spirit here as well, comets and stars whizz through space on fluorescent ray trails - the Cosmic Couriers live up to their name. Carefully remastered and comes on 180 gram black vinyl.\",\"breadcrumb\":{\"@id\":\"https:\/\/wpguerssen-test.odoo.rgbconsulting.com\/es\/producto\/gilles-zeitschiff-2\/#breadcrumb\"},\"inLanguage\":\"es\",\"potentialAction\":[{\"@type\":\"ReadAction\",\"target\":[\"https:\/\/wpguerssen-test.odoo.rgbconsulting.com\/es\/producto\/gilles-zeitschiff-2\/\"]}]},{\"@type\":\"ImageObject\",\"inLanguage\":\"es\",\"@id\":\"https:\/\/wpguerssen-test.odoo.rgbconsulting.com\/es\/producto\/gilles-zeitschiff-2\/#primaryimage\",\"url\":\"https:\/\/wpguerssen-test.odoo.rgbconsulting.com\/wp-content\/uploads\/2025\/02\/49983.jpg\",\"contentUrl\":\"https:\/\/wpguerssen-test.odoo.rgbconsulting.com\/wp-content\/uploads\/2025\/02\/49983.jpg\",\"width\":600,\"height\":600},{\"@type\":\"BreadcrumbList\",\"@id\":\"https:\/\/wpguerssen-test.odoo.rgbconsulting.com\/es\/producto\/gilles-zeitschiff-2\/#breadcrumb\",\"itemListElement\":[{\"@type\":\"ListItem\",\"position\":1,\"name\":\"Inicio\",\"item\":\"https:\/\/wpguerssen-test.odoo.rgbconsulting.com\/es\/\"},{\"@type\":\"ListItem\",\"position\":2,\"name\":\"Shop\",\"item\":\"https:\/\/wpguerssen-test.odoo.rgbconsulting.com\/shop\/\"},{\"@type\":\"ListItem\",\"position\":3,\"name\":\"Gilles Zeitschiff 2\"}]},{\"@type\":\"WebSite\",\"@id\":\"https:\/\/wpguerssen-test.odoo.rgbconsulting.com\/es\/#website\",\"url\":\"https:\/\/wpguerssen-test.odoo.rgbconsulting.com\/es\/\",\"name\":\"Guerssen records\",\"description\":\"psychedelia - progressive - folk - garage \",\"publisher\":{\"@id\":\"https:\/\/wpguerssen-test.odoo.rgbconsulting.com\/es\/#organization\"},\"potentialAction\":[{\"@type\":\"SearchAction\",\"target\":{\"@type\":\"EntryPoint\",\"urlTemplate\":\"https:\/\/wpguerssen-test.odoo.rgbconsulting.com\/es\/?s={search_term_string}\"},\"query-input\":{\"@type\":\"PropertyValueSpecification\",\"valueRequired\":true,\"valueName\":\"search_term_string\"}}],\"inLanguage\":\"es\"},{\"@type\":\"Organization\",\"@id\":\"https:\/\/wpguerssen-test.odoo.rgbconsulting.com\/es\/#organization\",\"name\":\"Guerssen records\",\"url\":\"https:\/\/wpguerssen-test.odoo.rgbconsulting.com\/es\/\",\"logo\":{\"@type\":\"ImageObject\",\"inLanguage\":\"es\",\"@id\":\"https:\/\/wpguerssen-test.odoo.rgbconsulting.com\/es\/#\/schema\/logo\/image\/\",\"url\":\"https:\/\/wpguerssen-test.odoo.rgbconsulting.com\/wp-content\/uploads\/2022\/04\/Logo_Guerssen_trans_100.png\",\"contentUrl\":\"https:\/\/wpguerssen-test.odoo.rgbconsulting.com\/wp-content\/uploads\/2022\/04\/Logo_Guerssen_trans_100.png\",\"width\":122,\"height\":100,\"caption\":\"Guerssen records\"},\"image\":{\"@id\":\"https:\/\/wpguerssen-test.odoo.rgbconsulting.com\/es\/#\/schema\/logo\/image\/\"}}]}<\/script>\n<!-- \/ Yoast SEO plugin. -->","yoast_head_json":{"title":"STERNENMADCHEN - Gilles Zeitschiff 2 -  (LP) | Guerssen","description":"In 1974, the Cosmic Crew Gille, Dieter Dierks, J\u00fcrgen Dollase, Harald Gro\u00dfkopf and Mythos recorded Volume 2, but it never came to a release at that time. Until now. Almost 50 years after its recording, 'Zeitschiff 2' can finally take off. Gille conjures up Timothy Leary's spirit here as well, comets and stars whizz through space on fluorescent ray trails - the Cosmic Couriers live up to their name. Carefully remastered and comes on 180 gram black vinyl.","robots":{"index":"index","follow":"follow","max-snippet":"max-snippet:-1","max-image-preview":"max-image-preview:large","max-video-preview":"max-video-preview:-1"},"canonical":"https:\/\/wpguerssen-test.odoo.rgbconsulting.com\/es\/producto\/gilles-zeitschiff-2\/","og_locale":"es_ES","og_type":"article","og_title":"STERNENMADCHEN - Gilles Zeitschiff 2 -  (LP) | Guerssen","og_description":"In 1974, the Cosmic Crew Gille, Dieter Dierks, J\u00fcrgen Dollase, Harald Gro\u00dfkopf and Mythos recorded Volume 2, but it never came to a release at that time. Until now. Almost 50 years after its recording, 'Zeitschiff 2' can finally take off. Gille conjures up Timothy Leary's spirit here as well, comets and stars whizz through space on fluorescent ray trails - the Cosmic Couriers live up to their name. Carefully remastered and comes on 180 gram black vinyl.","og_url":"https:\/\/wpguerssen-test.odoo.rgbconsulting.com\/es\/producto\/gilles-zeitschiff-2\/","og_site_name":"Guerssen records","article_modified_time":"2025-04-23T15:44:45+00:00","og_image":[{"width":600,"height":600,"url":"https:\/\/wpguerssen-test.odoo.rgbconsulting.com\/wp-content\/uploads\/2025\/02\/49983.jpg","type":"image\/jpeg"}],"twitter_card":"summary_large_image","twitter_title":"STERNENMADCHEN - Gilles Zeitschiff 2 -  (LP) | Guerssen","schema":{"@context":"https:\/\/schema.org","@graph":[{"@type":"WebPage","@id":"https:\/\/wpguerssen-test.odoo.rgbconsulting.com\/es\/producto\/gilles-zeitschiff-2\/","url":"https:\/\/wpguerssen-test.odoo.rgbconsulting.com\/es\/producto\/gilles-zeitschiff-2\/","name":"STERNENMADCHEN - Gilles Zeitschiff 2 - (LP) | Guerssen","isPartOf":{"@id":"https:\/\/wpguerssen-test.odoo.rgbconsulting.com\/es\/#website"},"primaryImageOfPage":{"@id":"https:\/\/wpguerssen-test.odoo.rgbconsulting.com\/es\/producto\/gilles-zeitschiff-2\/#primaryimage"},"image":{"@id":"https:\/\/wpguerssen-test.odoo.rgbconsulting.com\/es\/producto\/gilles-zeitschiff-2\/#primaryimage"},"thumbnailUrl":"https:\/\/wpguerssen-test.odoo.rgbconsulting.com\/wp-content\/uploads\/2025\/02\/49983.jpg","datePublished":"2025-03-16T23:00:00+00:00","dateModified":"2025-04-23T15:44:45+00:00","description":"In 1974, the Cosmic Crew Gille, Dieter Dierks, J\u00fcrgen Dollase, Harald Gro\u00dfkopf and Mythos recorded Volume 2, but it never came to a release at that time. Until now. Almost 50 years after its recording, 'Zeitschiff 2' can finally take off. Gille conjures up Timothy Leary's spirit here as well, comets and stars whizz through space on fluorescent ray trails - the Cosmic Couriers live up to their name. Carefully remastered and comes on 180 gram black vinyl.","breadcrumb":{"@id":"https:\/\/wpguerssen-test.odoo.rgbconsulting.com\/es\/producto\/gilles-zeitschiff-2\/#breadcrumb"},"inLanguage":"es","potentialAction":[{"@type":"ReadAction","target":["https:\/\/wpguerssen-test.odoo.rgbconsulting.com\/es\/producto\/gilles-zeitschiff-2\/"]}]},{"@type":"ImageObject","inLanguage":"es","@id":"https:\/\/wpguerssen-test.odoo.rgbconsulting.com\/es\/producto\/gilles-zeitschiff-2\/#primaryimage","url":"https:\/\/wpguerssen-test.odoo.rgbconsulting.com\/wp-content\/uploads\/2025\/02\/49983.jpg","contentUrl":"https:\/\/wpguerssen-test.odoo.rgbconsulting.com\/wp-content\/uploads\/2025\/02\/49983.jpg","width":600,"height":600},{"@type":"BreadcrumbList","@id":"https:\/\/wpguerssen-test.odoo.rgbconsulting.com\/es\/producto\/gilles-zeitschiff-2\/#breadcrumb","itemListElement":[{"@type":"ListItem","position":1,"name":"Inicio","item":"https:\/\/wpguerssen-test.odoo.rgbconsulting.com\/es\/"},{"@type":"ListItem","position":2,"name":"Shop","item":"https:\/\/wpguerssen-test.odoo.rgbconsulting.com\/shop\/"},{"@type":"ListItem","position":3,"name":"Gilles Zeitschiff 2"}]},{"@type":"WebSite","@id":"https:\/\/wpguerssen-test.odoo.rgbconsulting.com\/es\/#website","url":"https:\/\/wpguerssen-test.odoo.rgbconsulting.com\/es\/","name":"Guerssen records","description":"psychedelia - progressive - folk - garage ","publisher":{"@id":"https:\/\/wpguerssen-test.odoo.rgbconsulting.com\/es\/#organization"},"potentialAction":[{"@type":"SearchAction","target":{"@type":"EntryPoint","urlTemplate":"https:\/\/wpguerssen-test.odoo.rgbconsulting.com\/es\/?s={search_term_string}"},"query-input":{"@type":"PropertyValueSpecification","valueRequired":true,"valueName":"search_term_string"}}],"inLanguage":"es"},{"@type":"Organization","@id":"https:\/\/wpguerssen-test.odoo.rgbconsulting.com\/es\/#organization","name":"Guerssen records","url":"https:\/\/wpguerssen-test.odoo.rgbconsulting.com\/es\/","logo":{"@type":"ImageObject","inLanguage":"es","@id":"https:\/\/wpguerssen-test.odoo.rgbconsulting.com\/es\/#\/schema\/logo\/image\/","url":"https:\/\/wpguerssen-test.odoo.rgbconsulting.com\/wp-content\/uploads\/2022\/04\/Logo_Guerssen_trans_100.png","contentUrl":"https:\/\/wpguerssen-test.odoo.rgbconsulting.com\/wp-content\/uploads\/2022\/04\/Logo_Guerssen_trans_100.png","width":122,"height":100,"caption":"Guerssen records"},"image":{"@id":"https:\/\/wpguerssen-test.odoo.rgbconsulting.com\/es\/#\/schema\/logo\/image\/"}}]}},"_links":{"self":[{"href":"https:\/\/wpguerssen-test.odoo.rgbconsulting.com\/es\/wp-json\/wp\/v2\/product\/284444","targetHints":{"allow":["GET"]}}],"collection":[{"href":"https:\/\/wpguerssen-test.odoo.rgbconsulting.com\/es\/wp-json\/wp\/v2\/product"}],"about":[{"href":"https:\/\/wpguerssen-test.odoo.rgbconsulting.com\/es\/wp-json\/wp\/v2\/types\/product"}],"wp:featuredmedia":[{"embeddable":true,"href":"https:\/\/wpguerssen-test.odoo.rgbconsulting.com\/es\/wp-json\/wp\/v2\/media\/284413"}],"wp:attachment":[{"href":"https:\/\/wpguerssen-test.odoo.rgbconsulting.com\/es\/wp-json\/wp\/v2\/media?parent=284444"}],"wp:term":[{"taxonomy":"product_brand","embeddable":true,"href":"https:\/\/wpguerssen-test.odoo.rgbconsulting.com\/es\/wp-json\/wp\/v2\/product_brand?post=284444"},{"taxonomy":"product_cat","embeddable":true,"href":"https:\/\/wpguerssen-test.odoo.rgbconsulting.com\/es\/wp-json\/wp\/v2\/product_cat?post=284444"},{"taxonomy":"product_tag","embeddable":true,"href":"https:\/\/wpguerssen-test.odoo.rgbconsulting.com\/es\/wp-json\/wp\/v2\/product_tag?post=284444"}],"curies":[{"name":"wp","href":"https:\/\/api.w.org\/{rel}","templated":true}]}}