{"id":284445,"date":"2025-03-17T00:00:00","date_gmt":"2025-03-16T23:00:00","guid":{"rendered":"https:\/\/wpguerssen-test.odoo.rgbconsulting.com\/product\/gilles-zeitschiff\/"},"modified":"2025-03-19T16:34:26","modified_gmt":"2025-03-19T15:34:26","slug":"gilles-zeitschiff","status":"publish","type":"product","link":"https:\/\/wpguerssen-test.odoo.rgbconsulting.com\/es\/producto\/gilles-zeitschiff\/","title":{"rendered":"Gilles Zeitschiff"},"content":{"rendered":"<p>Reedici\u00f3n del \u00e1lbum original de 1974 de Gille Lettmann tambi\u00e9n conocido como Sternenm\u00e4dchen. El \u00e1lbum es un documental de audio\/m\u00fasica sobre Timothy Leary, su vuelo a Europa perseguido por el FBI, su encuentro con Walter Wegm\u00fcller en Suiza y su trabajo con los m\u00fasicos berlineses Cosmic. Contiene muestras de \u00e1lbumes, algunos fragmentos de electr\u00f3nica original de Klaus Schulze y est\u00e1 presentado y narrado por Gille Lettmann. Se escuchan muchas otras voces: Sergius Golowin, el propio Dr. Timothy Leary, Brian Barritt, Walter Wegm\u00fcller, Liz Elliot y Rolf-Ulrich Kaiser (Ohr). Transferido y remasterizado desde las cintas maestras anal\u00f3gicas originales.<\/p>\n","protected":false},"excerpt":{"rendered":"<p>Reedici\u00f3n del \u00e1lbum original de 1974 de Gille Lettmann tambi\u00e9n conocido como Sternenm\u00e4dchen. El \u00e1lbum es un documental de audio\/m\u00fasica sobre Timothy Leary, su<a class=\"read\" href=\"https:\/\/wpguerssen-test.odoo.rgbconsulting.com\/es\/producto\/gilles-zeitschiff\/\"> (...)<\/a>","protected":false},"featured_media":284416,"template":"","meta":{"_acf_changed":false},"product_brand":[],"product_cat":[23230],"product_tag":[24189],"class_list":{"0":"post-284445","1":"product","2":"type-product","3":"status-publish","4":"has-post-thumbnail","6":"product_cat-krautrock-es-2","7":"product_tag-recien-llegadas","8":"pa_artist-sternenmadchen","9":"pa_format-lp-es","10":"pa_gender-krautrock","11":"pa_label-kosmische-kuriere","12":"pa_location-europe-es","13":"pa_other-filters-vinyl-only-es","15":"first","16":"instock","17":"taxable","18":"shipping-taxable","19":"purchasable","20":"product-type-simple"},"acf":[],"yoast_head":"<!-- This site is optimized with the Yoast SEO plugin v24.9 - https:\/\/yoast.com\/wordpress\/plugins\/seo\/ -->\n<title>STERNENMADCHEN - Gilles Zeitschiff -  (LP) | Guerssen<\/title>\n<meta name=\"description\" content=\"Re-release of the original 1974 album by Gille Lettmann also known as Sternenm\u00e4dchen. The album is an audio\/music documentary about Timothy Leary, his flight to Europe chased by the FBI, meeting Walter Wegm\u00fcller in Switzerland, and his work with the Berlin Cosmic musicians. It contains album samples, some fragments of original electronics by Klaus Schulze and is hosted\/narrated by Gille Lettmann. Many other voices are heard: Sergius Golowin, Dr. Timothy Leary himself, Brian Barritt, Walter Wegm\u00fcller, Liz Elliot and Rolf-Ulrich Kaiser (Ohr). Transferred and remastered from the original analogue master tapes.\" \/>\n<meta name=\"robots\" content=\"index, follow, max-snippet:-1, max-image-preview:large, max-video-preview:-1\" \/>\n<link rel=\"canonical\" href=\"https:\/\/wpguerssen-test.odoo.rgbconsulting.com\/es\/producto\/gilles-zeitschiff\/\" \/>\n<meta property=\"og:locale\" content=\"es_ES\" \/>\n<meta property=\"og:type\" content=\"article\" \/>\n<meta property=\"og:title\" content=\"STERNENMADCHEN - Gilles Zeitschiff -  (LP) | Guerssen\" \/>\n<meta property=\"og:description\" content=\"Re-release of the original 1974 album by Gille Lettmann also known as Sternenm\u00e4dchen. The album is an audio\/music documentary about Timothy Leary, his flight to Europe chased by the FBI, meeting Walter Wegm\u00fcller in Switzerland, and his work with the Berlin Cosmic musicians. It contains album samples, some fragments of original electronics by Klaus Schulze and is hosted\/narrated by Gille Lettmann. Many other voices are heard: Sergius Golowin, Dr. Timothy Leary himself, Brian Barritt, Walter Wegm\u00fcller, Liz Elliot and Rolf-Ulrich Kaiser (Ohr). Transferred and remastered from the original analogue master tapes.\" \/>\n<meta property=\"og:url\" content=\"https:\/\/wpguerssen-test.odoo.rgbconsulting.com\/es\/producto\/gilles-zeitschiff\/\" \/>\n<meta property=\"og:site_name\" content=\"Guerssen records\" \/>\n<meta property=\"article:modified_time\" content=\"2025-03-19T15:34:26+00:00\" \/>\n<meta property=\"og:image\" content=\"https:\/\/wpguerssen-test.odoo.rgbconsulting.com\/wp-content\/uploads\/2025\/02\/49984.jpg\" \/>\n\t<meta property=\"og:image:width\" content=\"600\" \/>\n\t<meta property=\"og:image:height\" content=\"600\" \/>\n\t<meta property=\"og:image:type\" content=\"image\/jpeg\" \/>\n<meta name=\"twitter:card\" content=\"summary_large_image\" \/>\n<meta name=\"twitter:title\" content=\"STERNENMADCHEN - Gilles Zeitschiff -  (LP) | Guerssen\" \/>\n<meta name=\"twitter:label1\" content=\"Tiempo de lectura\" \/>\n\t<meta name=\"twitter:data1\" content=\"1 minuto\" \/>\n<script type=\"application\/ld+json\" class=\"yoast-schema-graph\">{\"@context\":\"https:\/\/schema.org\",\"@graph\":[{\"@type\":\"WebPage\",\"@id\":\"https:\/\/wpguerssen-test.odoo.rgbconsulting.com\/es\/producto\/gilles-zeitschiff\/\",\"url\":\"https:\/\/wpguerssen-test.odoo.rgbconsulting.com\/es\/producto\/gilles-zeitschiff\/\",\"name\":\"STERNENMADCHEN - Gilles Zeitschiff - (LP) | Guerssen\",\"isPartOf\":{\"@id\":\"https:\/\/wpguerssen-test.odoo.rgbconsulting.com\/es\/#website\"},\"primaryImageOfPage\":{\"@id\":\"https:\/\/wpguerssen-test.odoo.rgbconsulting.com\/es\/producto\/gilles-zeitschiff\/#primaryimage\"},\"image\":{\"@id\":\"https:\/\/wpguerssen-test.odoo.rgbconsulting.com\/es\/producto\/gilles-zeitschiff\/#primaryimage\"},\"thumbnailUrl\":\"https:\/\/wpguerssen-test.odoo.rgbconsulting.com\/wp-content\/uploads\/2025\/02\/49984.jpg\",\"datePublished\":\"2025-03-16T23:00:00+00:00\",\"dateModified\":\"2025-03-19T15:34:26+00:00\",\"description\":\"Re-release of the original 1974 album by Gille Lettmann also known as Sternenm\u00e4dchen. The album is an audio\/music documentary about Timothy Leary, his flight to Europe chased by the FBI, meeting Walter Wegm\u00fcller in Switzerland, and his work with the Berlin Cosmic musicians. It contains album samples, some fragments of original electronics by Klaus Schulze and is hosted\/narrated by Gille Lettmann. Many other voices are heard: Sergius Golowin, Dr. Timothy Leary himself, Brian Barritt, Walter Wegm\u00fcller, Liz Elliot and Rolf-Ulrich Kaiser (Ohr). Transferred and remastered from the original analogue master tapes.\",\"breadcrumb\":{\"@id\":\"https:\/\/wpguerssen-test.odoo.rgbconsulting.com\/es\/producto\/gilles-zeitschiff\/#breadcrumb\"},\"inLanguage\":\"es\",\"potentialAction\":[{\"@type\":\"ReadAction\",\"target\":[\"https:\/\/wpguerssen-test.odoo.rgbconsulting.com\/es\/producto\/gilles-zeitschiff\/\"]}]},{\"@type\":\"ImageObject\",\"inLanguage\":\"es\",\"@id\":\"https:\/\/wpguerssen-test.odoo.rgbconsulting.com\/es\/producto\/gilles-zeitschiff\/#primaryimage\",\"url\":\"https:\/\/wpguerssen-test.odoo.rgbconsulting.com\/wp-content\/uploads\/2025\/02\/49984.jpg\",\"contentUrl\":\"https:\/\/wpguerssen-test.odoo.rgbconsulting.com\/wp-content\/uploads\/2025\/02\/49984.jpg\",\"width\":600,\"height\":600},{\"@type\":\"BreadcrumbList\",\"@id\":\"https:\/\/wpguerssen-test.odoo.rgbconsulting.com\/es\/producto\/gilles-zeitschiff\/#breadcrumb\",\"itemListElement\":[{\"@type\":\"ListItem\",\"position\":1,\"name\":\"Inicio\",\"item\":\"https:\/\/wpguerssen-test.odoo.rgbconsulting.com\/es\/\"},{\"@type\":\"ListItem\",\"position\":2,\"name\":\"Shop\",\"item\":\"https:\/\/wpguerssen-test.odoo.rgbconsulting.com\/shop\/\"},{\"@type\":\"ListItem\",\"position\":3,\"name\":\"Gilles Zeitschiff\"}]},{\"@type\":\"WebSite\",\"@id\":\"https:\/\/wpguerssen-test.odoo.rgbconsulting.com\/es\/#website\",\"url\":\"https:\/\/wpguerssen-test.odoo.rgbconsulting.com\/es\/\",\"name\":\"Guerssen records\",\"description\":\"psychedelia - progressive - folk - garage \",\"publisher\":{\"@id\":\"https:\/\/wpguerssen-test.odoo.rgbconsulting.com\/es\/#organization\"},\"potentialAction\":[{\"@type\":\"SearchAction\",\"target\":{\"@type\":\"EntryPoint\",\"urlTemplate\":\"https:\/\/wpguerssen-test.odoo.rgbconsulting.com\/es\/?s={search_term_string}\"},\"query-input\":{\"@type\":\"PropertyValueSpecification\",\"valueRequired\":true,\"valueName\":\"search_term_string\"}}],\"inLanguage\":\"es\"},{\"@type\":\"Organization\",\"@id\":\"https:\/\/wpguerssen-test.odoo.rgbconsulting.com\/es\/#organization\",\"name\":\"Guerssen records\",\"url\":\"https:\/\/wpguerssen-test.odoo.rgbconsulting.com\/es\/\",\"logo\":{\"@type\":\"ImageObject\",\"inLanguage\":\"es\",\"@id\":\"https:\/\/wpguerssen-test.odoo.rgbconsulting.com\/es\/#\/schema\/logo\/image\/\",\"url\":\"https:\/\/wpguerssen-test.odoo.rgbconsulting.com\/wp-content\/uploads\/2022\/04\/Logo_Guerssen_trans_100.png\",\"contentUrl\":\"https:\/\/wpguerssen-test.odoo.rgbconsulting.com\/wp-content\/uploads\/2022\/04\/Logo_Guerssen_trans_100.png\",\"width\":122,\"height\":100,\"caption\":\"Guerssen records\"},\"image\":{\"@id\":\"https:\/\/wpguerssen-test.odoo.rgbconsulting.com\/es\/#\/schema\/logo\/image\/\"}}]}<\/script>\n<!-- \/ Yoast SEO plugin. -->","yoast_head_json":{"title":"STERNENMADCHEN - Gilles Zeitschiff -  (LP) | Guerssen","description":"Re-release of the original 1974 album by Gille Lettmann also known as Sternenm\u00e4dchen. The album is an audio\/music documentary about Timothy Leary, his flight to Europe chased by the FBI, meeting Walter Wegm\u00fcller in Switzerland, and his work with the Berlin Cosmic musicians. It contains album samples, some fragments of original electronics by Klaus Schulze and is hosted\/narrated by Gille Lettmann. Many other voices are heard: Sergius Golowin, Dr. Timothy Leary himself, Brian Barritt, Walter Wegm\u00fcller, Liz Elliot and Rolf-Ulrich Kaiser (Ohr). Transferred and remastered from the original analogue master tapes.","robots":{"index":"index","follow":"follow","max-snippet":"max-snippet:-1","max-image-preview":"max-image-preview:large","max-video-preview":"max-video-preview:-1"},"canonical":"https:\/\/wpguerssen-test.odoo.rgbconsulting.com\/es\/producto\/gilles-zeitschiff\/","og_locale":"es_ES","og_type":"article","og_title":"STERNENMADCHEN - Gilles Zeitschiff -  (LP) | Guerssen","og_description":"Re-release of the original 1974 album by Gille Lettmann also known as Sternenm\u00e4dchen. The album is an audio\/music documentary about Timothy Leary, his flight to Europe chased by the FBI, meeting Walter Wegm\u00fcller in Switzerland, and his work with the Berlin Cosmic musicians. It contains album samples, some fragments of original electronics by Klaus Schulze and is hosted\/narrated by Gille Lettmann. Many other voices are heard: Sergius Golowin, Dr. Timothy Leary himself, Brian Barritt, Walter Wegm\u00fcller, Liz Elliot and Rolf-Ulrich Kaiser (Ohr). Transferred and remastered from the original analogue master tapes.","og_url":"https:\/\/wpguerssen-test.odoo.rgbconsulting.com\/es\/producto\/gilles-zeitschiff\/","og_site_name":"Guerssen records","article_modified_time":"2025-03-19T15:34:26+00:00","og_image":[{"width":600,"height":600,"url":"https:\/\/wpguerssen-test.odoo.rgbconsulting.com\/wp-content\/uploads\/2025\/02\/49984.jpg","type":"image\/jpeg"}],"twitter_card":"summary_large_image","twitter_title":"STERNENMADCHEN - Gilles Zeitschiff -  (LP) | Guerssen","twitter_misc":{"Tiempo de lectura":"1 minuto"},"schema":{"@context":"https:\/\/schema.org","@graph":[{"@type":"WebPage","@id":"https:\/\/wpguerssen-test.odoo.rgbconsulting.com\/es\/producto\/gilles-zeitschiff\/","url":"https:\/\/wpguerssen-test.odoo.rgbconsulting.com\/es\/producto\/gilles-zeitschiff\/","name":"STERNENMADCHEN - Gilles Zeitschiff - (LP) | Guerssen","isPartOf":{"@id":"https:\/\/wpguerssen-test.odoo.rgbconsulting.com\/es\/#website"},"primaryImageOfPage":{"@id":"https:\/\/wpguerssen-test.odoo.rgbconsulting.com\/es\/producto\/gilles-zeitschiff\/#primaryimage"},"image":{"@id":"https:\/\/wpguerssen-test.odoo.rgbconsulting.com\/es\/producto\/gilles-zeitschiff\/#primaryimage"},"thumbnailUrl":"https:\/\/wpguerssen-test.odoo.rgbconsulting.com\/wp-content\/uploads\/2025\/02\/49984.jpg","datePublished":"2025-03-16T23:00:00+00:00","dateModified":"2025-03-19T15:34:26+00:00","description":"Re-release of the original 1974 album by Gille Lettmann also known as Sternenm\u00e4dchen. The album is an audio\/music documentary about Timothy Leary, his flight to Europe chased by the FBI, meeting Walter Wegm\u00fcller in Switzerland, and his work with the Berlin Cosmic musicians. It contains album samples, some fragments of original electronics by Klaus Schulze and is hosted\/narrated by Gille Lettmann. Many other voices are heard: Sergius Golowin, Dr. Timothy Leary himself, Brian Barritt, Walter Wegm\u00fcller, Liz Elliot and Rolf-Ulrich Kaiser (Ohr). Transferred and remastered from the original analogue master tapes.","breadcrumb":{"@id":"https:\/\/wpguerssen-test.odoo.rgbconsulting.com\/es\/producto\/gilles-zeitschiff\/#breadcrumb"},"inLanguage":"es","potentialAction":[{"@type":"ReadAction","target":["https:\/\/wpguerssen-test.odoo.rgbconsulting.com\/es\/producto\/gilles-zeitschiff\/"]}]},{"@type":"ImageObject","inLanguage":"es","@id":"https:\/\/wpguerssen-test.odoo.rgbconsulting.com\/es\/producto\/gilles-zeitschiff\/#primaryimage","url":"https:\/\/wpguerssen-test.odoo.rgbconsulting.com\/wp-content\/uploads\/2025\/02\/49984.jpg","contentUrl":"https:\/\/wpguerssen-test.odoo.rgbconsulting.com\/wp-content\/uploads\/2025\/02\/49984.jpg","width":600,"height":600},{"@type":"BreadcrumbList","@id":"https:\/\/wpguerssen-test.odoo.rgbconsulting.com\/es\/producto\/gilles-zeitschiff\/#breadcrumb","itemListElement":[{"@type":"ListItem","position":1,"name":"Inicio","item":"https:\/\/wpguerssen-test.odoo.rgbconsulting.com\/es\/"},{"@type":"ListItem","position":2,"name":"Shop","item":"https:\/\/wpguerssen-test.odoo.rgbconsulting.com\/shop\/"},{"@type":"ListItem","position":3,"name":"Gilles Zeitschiff"}]},{"@type":"WebSite","@id":"https:\/\/wpguerssen-test.odoo.rgbconsulting.com\/es\/#website","url":"https:\/\/wpguerssen-test.odoo.rgbconsulting.com\/es\/","name":"Guerssen records","description":"psychedelia - progressive - folk - garage ","publisher":{"@id":"https:\/\/wpguerssen-test.odoo.rgbconsulting.com\/es\/#organization"},"potentialAction":[{"@type":"SearchAction","target":{"@type":"EntryPoint","urlTemplate":"https:\/\/wpguerssen-test.odoo.rgbconsulting.com\/es\/?s={search_term_string}"},"query-input":{"@type":"PropertyValueSpecification","valueRequired":true,"valueName":"search_term_string"}}],"inLanguage":"es"},{"@type":"Organization","@id":"https:\/\/wpguerssen-test.odoo.rgbconsulting.com\/es\/#organization","name":"Guerssen records","url":"https:\/\/wpguerssen-test.odoo.rgbconsulting.com\/es\/","logo":{"@type":"ImageObject","inLanguage":"es","@id":"https:\/\/wpguerssen-test.odoo.rgbconsulting.com\/es\/#\/schema\/logo\/image\/","url":"https:\/\/wpguerssen-test.odoo.rgbconsulting.com\/wp-content\/uploads\/2022\/04\/Logo_Guerssen_trans_100.png","contentUrl":"https:\/\/wpguerssen-test.odoo.rgbconsulting.com\/wp-content\/uploads\/2022\/04\/Logo_Guerssen_trans_100.png","width":122,"height":100,"caption":"Guerssen records"},"image":{"@id":"https:\/\/wpguerssen-test.odoo.rgbconsulting.com\/es\/#\/schema\/logo\/image\/"}}]}},"_links":{"self":[{"href":"https:\/\/wpguerssen-test.odoo.rgbconsulting.com\/es\/wp-json\/wp\/v2\/product\/284445","targetHints":{"allow":["GET"]}}],"collection":[{"href":"https:\/\/wpguerssen-test.odoo.rgbconsulting.com\/es\/wp-json\/wp\/v2\/product"}],"about":[{"href":"https:\/\/wpguerssen-test.odoo.rgbconsulting.com\/es\/wp-json\/wp\/v2\/types\/product"}],"wp:featuredmedia":[{"embeddable":true,"href":"https:\/\/wpguerssen-test.odoo.rgbconsulting.com\/es\/wp-json\/wp\/v2\/media\/284416"}],"wp:attachment":[{"href":"https:\/\/wpguerssen-test.odoo.rgbconsulting.com\/es\/wp-json\/wp\/v2\/media?parent=284445"}],"wp:term":[{"taxonomy":"product_brand","embeddable":true,"href":"https:\/\/wpguerssen-test.odoo.rgbconsulting.com\/es\/wp-json\/wp\/v2\/product_brand?post=284445"},{"taxonomy":"product_cat","embeddable":true,"href":"https:\/\/wpguerssen-test.odoo.rgbconsulting.com\/es\/wp-json\/wp\/v2\/product_cat?post=284445"},{"taxonomy":"product_tag","embeddable":true,"href":"https:\/\/wpguerssen-test.odoo.rgbconsulting.com\/es\/wp-json\/wp\/v2\/product_tag?post=284445"}],"curies":[{"name":"wp","href":"https:\/\/api.w.org\/{rel}","templated":true}]}}