{"id":284605,"date":"2025-03-18T00:00:00","date_gmt":"2025-03-17T23:00:00","guid":{"rendered":"https:\/\/wpguerssen-test.odoo.rgbconsulting.com\/product\/up-in-my-mind\/"},"modified":"2025-04-23T17:45:05","modified_gmt":"2025-04-23T15:45:05","slug":"up-in-my-mind","status":"publish","type":"product","link":"https:\/\/wpguerssen-test.odoo.rgbconsulting.com\/es\/producto\/up-in-my-mind\/","title":{"rendered":"Up In My Mind"},"content":{"rendered":"<p>&#8217;15 FUZZED OUT ACID TABS FROM THE LYSERGIC SIXTIES&#8217; &#8211; Esta colecci\u00f3n de gemas psicod\u00e9licas underground de los a\u00f1os 60 es un viaje que expande la mente a trav\u00e9s de guitarras fuzz arremolinadas, oleadas de \u00f3rganos hipn\u00f3ticas y armon\u00edas vocales psicod\u00e9licas. Las pistas var\u00edan desde odiseas on\u00edricas empapadas de \u00e1cido (\u00abOne (Dream On)\u00bb, \u00abBlue Music Box\u00bb) hasta pesadas alucinaciones proto-metal (\u00abUltimate Power\u00bb, \u00abBabylon\u00bb), capturando la energ\u00eda cruda y la experimentaci\u00f3n de la \u00e9poca. Temas apocal\u00edpticos (\u00abLast Day On Earth\u00bb), himnos revolucionarios (\u00abThe New Generation\u00bb) y paisajes sonoros espeluznantes y alucinatorios (\u00abHallucinations\u00bb, \u00abSubconscious Train Of Thought\u00bb) crean un viaje sonoro inmersivo. Esta es la psicodelia de finales de los 60 en su m\u00e1xima expresi\u00f3n: salvaje, impredecible y absolutamente embriagadora. \u00a1Esta fant\u00e1stica colecci\u00f3n incluye 15 de los temas m\u00e1s distorsionados de los a\u00f1os 60, de psicodelia y garage, listos para volarte la cabeza y llevarte a galaxias lejanas! \u00a1Edici\u00f3n limitada a 300 copias!<br \/>Tracklist:<br \/>Side A:<br \/>A1. The Spontaneous Generation &#8211; Up In My Mind &#8211; A2. The Rebellers &#8211; The New Generation &#8211; A3. Sound Expedition &#8211; Ultimate Power &#8211; A4. The Sound Apparatus &#8211; One (Dream On) &#8211; A5. Maxx  &#8211; 200 Years &#8211; A6. Velvet Haze &#8211; Last Day On Earth &#8211; A7. Soul Society &#8211; Psychedelic Cycle<br \/>Side B:<br \/>B1. The Shadows Of Time &#8211; Search Your Soul &#8211; B2. House Of David &#8211; Long Way Back Home &#8211; B3. Sounds Synonymous &#8211; Babylon &#8211; B4. The Changin&#8217; Tymes &#8211; Blue Music Box &#8211; B5. The Thingies &#8211; Mass Confusion &#8211; B6. The Lemonade Charade &#8211; Hideaway Of Your Love &#8211; B7. The Aardvarks &#8211; Subconscious Train Of Thought &#8211; B8. Smith Vinson &#8211; Hallucinations<\/p>\n","protected":false},"excerpt":{"rendered":"<p>&#8217;15 FUZZED OUT ACID TABS FROM THE LYSERGIC SIXTIES&#8217; &#8211; Esta colecci\u00f3n de gemas psicod\u00e9licas underground de los a\u00f1os 60 es un viaje que expande<a class=\"read\" href=\"https:\/\/wpguerssen-test.odoo.rgbconsulting.com\/es\/producto\/up-in-my-mind\/\"> (...)<\/a>","protected":false},"featured_media":284556,"template":"","meta":{"_acf_changed":false},"product_brand":[],"product_cat":[23281,21639],"product_tag":[24189],"class_list":{"0":"post-284605","1":"product","2":"type-product","3":"status-publish","4":"has-post-thumbnail","6":"product_cat-garagebeatrnb60-70-es","7":"product_cat-psychedelic60s-70s-es","8":"product_tag-recien-llegadas","9":"pa_artist-various-artists-es","10":"pa_format-lp-es","11":"pa_gender-psychedelic60s-70s-garagebeatrnb60-70","12":"pa_label-tiny-alice-records","13":"pa_location-north-america-es","14":"pa_other-filters-vinyl-only-es","16":"first","17":"instock","18":"taxable","19":"shipping-taxable","20":"purchasable","21":"product-type-simple"},"acf":[],"yoast_head":"<!-- This site is optimized with the Yoast SEO plugin v24.9 - https:\/\/yoast.com\/wordpress\/plugins\/seo\/ -->\n<title>VARIOUS ARTISTS - Up In My Mind -  (LP) | Guerssen<\/title>\n<meta name=\"description\" content=\"&#039;15 FUZZED OUT ACID TABS FROM THE LYSERGIC SIXTIES&#039; - This collection of underground &#039;60s psych gems is a mind-expanding journey through swirling fuzz guitars, hypnotic organ swells, and trippy vocal harmonies. Tracks range from dreamy, acid-soaked odysseys (&#039;One (Dream On),&#039; &#039;Blue Music Box&#039;) to heavy, proto-metal freakouts (&#039;Ultimate Power,&#039; &#039;Babylon&#039;), capturing the era&#039;s raw energy and experimentation. Apocalyptic themes (&#039;Last Day On Earth&#039;), revolutionary anthems (&#039;The New Generation&#039;), and eerie, hallucinatory soundscapes (&#039;Hallucinations,&#039; &#039;Subconscious Train Of Thought&#039;) create an immersive sonic trip. This is late-&#039;60s psychedelia at its finest-wild, unpredictable, and utterly intoxicating. This fantastic collection features 15 of the most fuzzed out &#039;60s acid\/psychedelic\/garage tracks ever, ready blow your mind to far away galaxies! Limited to 300 copies!Tracklist:Side A:A1. The Spontaneous Generation - Up In My Mind - A2. The Rebellers - The New Generation - A3. Sound Expedition - Ultimate Power - A4. The Sound Apparatus - One (Dream On) - A5. Maxx - 200 Years - A6. Velvet Haze - Last Day On Earth - A7. Soul Society - Psychedelic CycleSide B:B1. The Shadows Of Time - Search Your Soul - B2. House Of David - Long Way Back Home - B3. Sounds Synonymous - Babylon - B4. The Changin&#039; Tymes - Blue Music Box - B5. The Thingies - Mass Confusion - B6. The Lemonade Charade - Hideaway Of Your Love - B7. The Aardvarks - Subconscious Train Of Thought - B8. Smith Vinson - Hallucinations\" \/>\n<meta name=\"robots\" content=\"index, follow, max-snippet:-1, max-image-preview:large, max-video-preview:-1\" \/>\n<link rel=\"canonical\" href=\"https:\/\/wpguerssen-test.odoo.rgbconsulting.com\/es\/producto\/up-in-my-mind\/\" \/>\n<meta property=\"og:locale\" content=\"es_ES\" \/>\n<meta property=\"og:type\" content=\"article\" \/>\n<meta property=\"og:title\" content=\"VARIOUS ARTISTS - Up In My Mind -  (LP) | Guerssen\" \/>\n<meta property=\"og:description\" content=\"&#039;15 FUZZED OUT ACID TABS FROM THE LYSERGIC SIXTIES&#039; - This collection of underground &#039;60s psych gems is a mind-expanding journey through swirling fuzz guitars, hypnotic organ swells, and trippy vocal harmonies. Tracks range from dreamy, acid-soaked odysseys (&#039;One (Dream On),&#039; &#039;Blue Music Box&#039;) to heavy, proto-metal freakouts (&#039;Ultimate Power,&#039; &#039;Babylon&#039;), capturing the era&#039;s raw energy and experimentation. Apocalyptic themes (&#039;Last Day On Earth&#039;), revolutionary anthems (&#039;The New Generation&#039;), and eerie, hallucinatory soundscapes (&#039;Hallucinations,&#039; &#039;Subconscious Train Of Thought&#039;) create an immersive sonic trip. This is late-&#039;60s psychedelia at its finest-wild, unpredictable, and utterly intoxicating. This fantastic collection features 15 of the most fuzzed out &#039;60s acid\/psychedelic\/garage tracks ever, ready blow your mind to far away galaxies! Limited to 300 copies!Tracklist:Side A:A1. The Spontaneous Generation - Up In My Mind - A2. The Rebellers - The New Generation - A3. Sound Expedition - Ultimate Power - A4. The Sound Apparatus - One (Dream On) - A5. Maxx - 200 Years - A6. Velvet Haze - Last Day On Earth - A7. Soul Society - Psychedelic CycleSide B:B1. The Shadows Of Time - Search Your Soul - B2. House Of David - Long Way Back Home - B3. Sounds Synonymous - Babylon - B4. The Changin&#039; Tymes - Blue Music Box - B5. The Thingies - Mass Confusion - B6. The Lemonade Charade - Hideaway Of Your Love - B7. The Aardvarks - Subconscious Train Of Thought - B8. Smith Vinson - Hallucinations\" \/>\n<meta property=\"og:url\" content=\"https:\/\/wpguerssen-test.odoo.rgbconsulting.com\/es\/producto\/up-in-my-mind\/\" \/>\n<meta property=\"og:site_name\" content=\"Guerssen records\" \/>\n<meta property=\"article:modified_time\" content=\"2025-04-23T15:45:05+00:00\" \/>\n<meta property=\"og:image\" content=\"https:\/\/wpguerssen-test.odoo.rgbconsulting.com\/wp-content\/uploads\/2025\/03\/49990.jpg\" \/>\n\t<meta property=\"og:image:width\" content=\"600\" \/>\n\t<meta property=\"og:image:height\" content=\"600\" \/>\n\t<meta property=\"og:image:type\" content=\"image\/jpeg\" \/>\n<meta name=\"twitter:card\" content=\"summary_large_image\" \/>\n<meta name=\"twitter:title\" content=\"VARIOUS ARTISTS - Up In My Mind -  (LP) | Guerssen\" \/>\n<meta name=\"twitter:label1\" content=\"Tiempo de lectura\" \/>\n\t<meta name=\"twitter:data1\" content=\"1 minuto\" \/>\n<script type=\"application\/ld+json\" class=\"yoast-schema-graph\">{\"@context\":\"https:\/\/schema.org\",\"@graph\":[{\"@type\":\"WebPage\",\"@id\":\"https:\/\/wpguerssen-test.odoo.rgbconsulting.com\/es\/producto\/up-in-my-mind\/\",\"url\":\"https:\/\/wpguerssen-test.odoo.rgbconsulting.com\/es\/producto\/up-in-my-mind\/\",\"name\":\"VARIOUS ARTISTS - Up In My Mind - (LP) | Guerssen\",\"isPartOf\":{\"@id\":\"https:\/\/wpguerssen-test.odoo.rgbconsulting.com\/es\/#website\"},\"primaryImageOfPage\":{\"@id\":\"https:\/\/wpguerssen-test.odoo.rgbconsulting.com\/es\/producto\/up-in-my-mind\/#primaryimage\"},\"image\":{\"@id\":\"https:\/\/wpguerssen-test.odoo.rgbconsulting.com\/es\/producto\/up-in-my-mind\/#primaryimage\"},\"thumbnailUrl\":\"https:\/\/wpguerssen-test.odoo.rgbconsulting.com\/wp-content\/uploads\/2025\/03\/49990.jpg\",\"datePublished\":\"2025-03-17T23:00:00+00:00\",\"dateModified\":\"2025-04-23T15:45:05+00:00\",\"description\":\"'15 FUZZED OUT ACID TABS FROM THE LYSERGIC SIXTIES' - This collection of underground '60s psych gems is a mind-expanding journey through swirling fuzz guitars, hypnotic organ swells, and trippy vocal harmonies. Tracks range from dreamy, acid-soaked odysseys ('One (Dream On),' 'Blue Music Box') to heavy, proto-metal freakouts ('Ultimate Power,' 'Babylon'), capturing the era's raw energy and experimentation. Apocalyptic themes ('Last Day On Earth'), revolutionary anthems ('The New Generation'), and eerie, hallucinatory soundscapes ('Hallucinations,' 'Subconscious Train Of Thought') create an immersive sonic trip. This is late-'60s psychedelia at its finest-wild, unpredictable, and utterly intoxicating. This fantastic collection features 15 of the most fuzzed out '60s acid\/psychedelic\/garage tracks ever, ready blow your mind to far away galaxies! Limited to 300 copies!Tracklist:Side A:A1. The Spontaneous Generation - Up In My Mind - A2. The Rebellers - The New Generation - A3. Sound Expedition - Ultimate Power - A4. The Sound Apparatus - One (Dream On) - A5. Maxx - 200 Years - A6. Velvet Haze - Last Day On Earth - A7. Soul Society - Psychedelic CycleSide B:B1. The Shadows Of Time - Search Your Soul - B2. House Of David - Long Way Back Home - B3. Sounds Synonymous - Babylon - B4. The Changin' Tymes - Blue Music Box - B5. The Thingies - Mass Confusion - B6. The Lemonade Charade - Hideaway Of Your Love - B7. The Aardvarks - Subconscious Train Of Thought - B8. Smith Vinson - Hallucinations\",\"breadcrumb\":{\"@id\":\"https:\/\/wpguerssen-test.odoo.rgbconsulting.com\/es\/producto\/up-in-my-mind\/#breadcrumb\"},\"inLanguage\":\"es\",\"potentialAction\":[{\"@type\":\"ReadAction\",\"target\":[\"https:\/\/wpguerssen-test.odoo.rgbconsulting.com\/es\/producto\/up-in-my-mind\/\"]}]},{\"@type\":\"ImageObject\",\"inLanguage\":\"es\",\"@id\":\"https:\/\/wpguerssen-test.odoo.rgbconsulting.com\/es\/producto\/up-in-my-mind\/#primaryimage\",\"url\":\"https:\/\/wpguerssen-test.odoo.rgbconsulting.com\/wp-content\/uploads\/2025\/03\/49990.jpg\",\"contentUrl\":\"https:\/\/wpguerssen-test.odoo.rgbconsulting.com\/wp-content\/uploads\/2025\/03\/49990.jpg\",\"width\":600,\"height\":600},{\"@type\":\"BreadcrumbList\",\"@id\":\"https:\/\/wpguerssen-test.odoo.rgbconsulting.com\/es\/producto\/up-in-my-mind\/#breadcrumb\",\"itemListElement\":[{\"@type\":\"ListItem\",\"position\":1,\"name\":\"Inicio\",\"item\":\"https:\/\/wpguerssen-test.odoo.rgbconsulting.com\/es\/\"},{\"@type\":\"ListItem\",\"position\":2,\"name\":\"Shop\",\"item\":\"https:\/\/wpguerssen-test.odoo.rgbconsulting.com\/shop\/\"},{\"@type\":\"ListItem\",\"position\":3,\"name\":\"Up In My Mind\"}]},{\"@type\":\"WebSite\",\"@id\":\"https:\/\/wpguerssen-test.odoo.rgbconsulting.com\/es\/#website\",\"url\":\"https:\/\/wpguerssen-test.odoo.rgbconsulting.com\/es\/\",\"name\":\"Guerssen records\",\"description\":\"psychedelia - progressive - folk - garage \",\"publisher\":{\"@id\":\"https:\/\/wpguerssen-test.odoo.rgbconsulting.com\/es\/#organization\"},\"potentialAction\":[{\"@type\":\"SearchAction\",\"target\":{\"@type\":\"EntryPoint\",\"urlTemplate\":\"https:\/\/wpguerssen-test.odoo.rgbconsulting.com\/es\/?s={search_term_string}\"},\"query-input\":{\"@type\":\"PropertyValueSpecification\",\"valueRequired\":true,\"valueName\":\"search_term_string\"}}],\"inLanguage\":\"es\"},{\"@type\":\"Organization\",\"@id\":\"https:\/\/wpguerssen-test.odoo.rgbconsulting.com\/es\/#organization\",\"name\":\"Guerssen records\",\"url\":\"https:\/\/wpguerssen-test.odoo.rgbconsulting.com\/es\/\",\"logo\":{\"@type\":\"ImageObject\",\"inLanguage\":\"es\",\"@id\":\"https:\/\/wpguerssen-test.odoo.rgbconsulting.com\/es\/#\/schema\/logo\/image\/\",\"url\":\"https:\/\/wpguerssen-test.odoo.rgbconsulting.com\/wp-content\/uploads\/2022\/04\/Logo_Guerssen_trans_100.png\",\"contentUrl\":\"https:\/\/wpguerssen-test.odoo.rgbconsulting.com\/wp-content\/uploads\/2022\/04\/Logo_Guerssen_trans_100.png\",\"width\":122,\"height\":100,\"caption\":\"Guerssen records\"},\"image\":{\"@id\":\"https:\/\/wpguerssen-test.odoo.rgbconsulting.com\/es\/#\/schema\/logo\/image\/\"}}]}<\/script>\n<!-- \/ Yoast SEO plugin. -->","yoast_head_json":{"title":"VARIOUS ARTISTS - Up In My Mind -  (LP) | Guerssen","description":"'15 FUZZED OUT ACID TABS FROM THE LYSERGIC SIXTIES' - This collection of underground '60s psych gems is a mind-expanding journey through swirling fuzz guitars, hypnotic organ swells, and trippy vocal harmonies. Tracks range from dreamy, acid-soaked odysseys ('One (Dream On),' 'Blue Music Box') to heavy, proto-metal freakouts ('Ultimate Power,' 'Babylon'), capturing the era's raw energy and experimentation. Apocalyptic themes ('Last Day On Earth'), revolutionary anthems ('The New Generation'), and eerie, hallucinatory soundscapes ('Hallucinations,' 'Subconscious Train Of Thought') create an immersive sonic trip. This is late-'60s psychedelia at its finest-wild, unpredictable, and utterly intoxicating. This fantastic collection features 15 of the most fuzzed out '60s acid\/psychedelic\/garage tracks ever, ready blow your mind to far away galaxies! Limited to 300 copies!Tracklist:Side A:A1. The Spontaneous Generation - Up In My Mind - A2. The Rebellers - The New Generation - A3. Sound Expedition - Ultimate Power - A4. The Sound Apparatus - One (Dream On) - A5. Maxx - 200 Years - A6. Velvet Haze - Last Day On Earth - A7. Soul Society - Psychedelic CycleSide B:B1. The Shadows Of Time - Search Your Soul - B2. House Of David - Long Way Back Home - B3. Sounds Synonymous - Babylon - B4. The Changin' Tymes - Blue Music Box - B5. The Thingies - Mass Confusion - B6. The Lemonade Charade - Hideaway Of Your Love - B7. The Aardvarks - Subconscious Train Of Thought - B8. Smith Vinson - Hallucinations","robots":{"index":"index","follow":"follow","max-snippet":"max-snippet:-1","max-image-preview":"max-image-preview:large","max-video-preview":"max-video-preview:-1"},"canonical":"https:\/\/wpguerssen-test.odoo.rgbconsulting.com\/es\/producto\/up-in-my-mind\/","og_locale":"es_ES","og_type":"article","og_title":"VARIOUS ARTISTS - Up In My Mind -  (LP) | Guerssen","og_description":"'15 FUZZED OUT ACID TABS FROM THE LYSERGIC SIXTIES' - This collection of underground '60s psych gems is a mind-expanding journey through swirling fuzz guitars, hypnotic organ swells, and trippy vocal harmonies. Tracks range from dreamy, acid-soaked odysseys ('One (Dream On),' 'Blue Music Box') to heavy, proto-metal freakouts ('Ultimate Power,' 'Babylon'), capturing the era's raw energy and experimentation. Apocalyptic themes ('Last Day On Earth'), revolutionary anthems ('The New Generation'), and eerie, hallucinatory soundscapes ('Hallucinations,' 'Subconscious Train Of Thought') create an immersive sonic trip. This is late-'60s psychedelia at its finest-wild, unpredictable, and utterly intoxicating. This fantastic collection features 15 of the most fuzzed out '60s acid\/psychedelic\/garage tracks ever, ready blow your mind to far away galaxies! Limited to 300 copies!Tracklist:Side A:A1. The Spontaneous Generation - Up In My Mind - A2. The Rebellers - The New Generation - A3. Sound Expedition - Ultimate Power - A4. The Sound Apparatus - One (Dream On) - A5. Maxx - 200 Years - A6. Velvet Haze - Last Day On Earth - A7. Soul Society - Psychedelic CycleSide B:B1. The Shadows Of Time - Search Your Soul - B2. House Of David - Long Way Back Home - B3. Sounds Synonymous - Babylon - B4. The Changin' Tymes - Blue Music Box - B5. The Thingies - Mass Confusion - B6. The Lemonade Charade - Hideaway Of Your Love - B7. The Aardvarks - Subconscious Train Of Thought - B8. Smith Vinson - Hallucinations","og_url":"https:\/\/wpguerssen-test.odoo.rgbconsulting.com\/es\/producto\/up-in-my-mind\/","og_site_name":"Guerssen records","article_modified_time":"2025-04-23T15:45:05+00:00","og_image":[{"width":600,"height":600,"url":"https:\/\/wpguerssen-test.odoo.rgbconsulting.com\/wp-content\/uploads\/2025\/03\/49990.jpg","type":"image\/jpeg"}],"twitter_card":"summary_large_image","twitter_title":"VARIOUS ARTISTS - Up In My Mind -  (LP) | Guerssen","twitter_misc":{"Tiempo de lectura":"1 minuto"},"schema":{"@context":"https:\/\/schema.org","@graph":[{"@type":"WebPage","@id":"https:\/\/wpguerssen-test.odoo.rgbconsulting.com\/es\/producto\/up-in-my-mind\/","url":"https:\/\/wpguerssen-test.odoo.rgbconsulting.com\/es\/producto\/up-in-my-mind\/","name":"VARIOUS ARTISTS - Up In My Mind - (LP) | Guerssen","isPartOf":{"@id":"https:\/\/wpguerssen-test.odoo.rgbconsulting.com\/es\/#website"},"primaryImageOfPage":{"@id":"https:\/\/wpguerssen-test.odoo.rgbconsulting.com\/es\/producto\/up-in-my-mind\/#primaryimage"},"image":{"@id":"https:\/\/wpguerssen-test.odoo.rgbconsulting.com\/es\/producto\/up-in-my-mind\/#primaryimage"},"thumbnailUrl":"https:\/\/wpguerssen-test.odoo.rgbconsulting.com\/wp-content\/uploads\/2025\/03\/49990.jpg","datePublished":"2025-03-17T23:00:00+00:00","dateModified":"2025-04-23T15:45:05+00:00","description":"'15 FUZZED OUT ACID TABS FROM THE LYSERGIC SIXTIES' - This collection of underground '60s psych gems is a mind-expanding journey through swirling fuzz guitars, hypnotic organ swells, and trippy vocal harmonies. Tracks range from dreamy, acid-soaked odysseys ('One (Dream On),' 'Blue Music Box') to heavy, proto-metal freakouts ('Ultimate Power,' 'Babylon'), capturing the era's raw energy and experimentation. Apocalyptic themes ('Last Day On Earth'), revolutionary anthems ('The New Generation'), and eerie, hallucinatory soundscapes ('Hallucinations,' 'Subconscious Train Of Thought') create an immersive sonic trip. This is late-'60s psychedelia at its finest-wild, unpredictable, and utterly intoxicating. This fantastic collection features 15 of the most fuzzed out '60s acid\/psychedelic\/garage tracks ever, ready blow your mind to far away galaxies! Limited to 300 copies!Tracklist:Side A:A1. The Spontaneous Generation - Up In My Mind - A2. The Rebellers - The New Generation - A3. Sound Expedition - Ultimate Power - A4. The Sound Apparatus - One (Dream On) - A5. Maxx - 200 Years - A6. Velvet Haze - Last Day On Earth - A7. Soul Society - Psychedelic CycleSide B:B1. The Shadows Of Time - Search Your Soul - B2. House Of David - Long Way Back Home - B3. Sounds Synonymous - Babylon - B4. The Changin' Tymes - Blue Music Box - B5. The Thingies - Mass Confusion - B6. The Lemonade Charade - Hideaway Of Your Love - B7. The Aardvarks - Subconscious Train Of Thought - B8. Smith Vinson - Hallucinations","breadcrumb":{"@id":"https:\/\/wpguerssen-test.odoo.rgbconsulting.com\/es\/producto\/up-in-my-mind\/#breadcrumb"},"inLanguage":"es","potentialAction":[{"@type":"ReadAction","target":["https:\/\/wpguerssen-test.odoo.rgbconsulting.com\/es\/producto\/up-in-my-mind\/"]}]},{"@type":"ImageObject","inLanguage":"es","@id":"https:\/\/wpguerssen-test.odoo.rgbconsulting.com\/es\/producto\/up-in-my-mind\/#primaryimage","url":"https:\/\/wpguerssen-test.odoo.rgbconsulting.com\/wp-content\/uploads\/2025\/03\/49990.jpg","contentUrl":"https:\/\/wpguerssen-test.odoo.rgbconsulting.com\/wp-content\/uploads\/2025\/03\/49990.jpg","width":600,"height":600},{"@type":"BreadcrumbList","@id":"https:\/\/wpguerssen-test.odoo.rgbconsulting.com\/es\/producto\/up-in-my-mind\/#breadcrumb","itemListElement":[{"@type":"ListItem","position":1,"name":"Inicio","item":"https:\/\/wpguerssen-test.odoo.rgbconsulting.com\/es\/"},{"@type":"ListItem","position":2,"name":"Shop","item":"https:\/\/wpguerssen-test.odoo.rgbconsulting.com\/shop\/"},{"@type":"ListItem","position":3,"name":"Up In My Mind"}]},{"@type":"WebSite","@id":"https:\/\/wpguerssen-test.odoo.rgbconsulting.com\/es\/#website","url":"https:\/\/wpguerssen-test.odoo.rgbconsulting.com\/es\/","name":"Guerssen records","description":"psychedelia - progressive - folk - garage ","publisher":{"@id":"https:\/\/wpguerssen-test.odoo.rgbconsulting.com\/es\/#organization"},"potentialAction":[{"@type":"SearchAction","target":{"@type":"EntryPoint","urlTemplate":"https:\/\/wpguerssen-test.odoo.rgbconsulting.com\/es\/?s={search_term_string}"},"query-input":{"@type":"PropertyValueSpecification","valueRequired":true,"valueName":"search_term_string"}}],"inLanguage":"es"},{"@type":"Organization","@id":"https:\/\/wpguerssen-test.odoo.rgbconsulting.com\/es\/#organization","name":"Guerssen records","url":"https:\/\/wpguerssen-test.odoo.rgbconsulting.com\/es\/","logo":{"@type":"ImageObject","inLanguage":"es","@id":"https:\/\/wpguerssen-test.odoo.rgbconsulting.com\/es\/#\/schema\/logo\/image\/","url":"https:\/\/wpguerssen-test.odoo.rgbconsulting.com\/wp-content\/uploads\/2022\/04\/Logo_Guerssen_trans_100.png","contentUrl":"https:\/\/wpguerssen-test.odoo.rgbconsulting.com\/wp-content\/uploads\/2022\/04\/Logo_Guerssen_trans_100.png","width":122,"height":100,"caption":"Guerssen records"},"image":{"@id":"https:\/\/wpguerssen-test.odoo.rgbconsulting.com\/es\/#\/schema\/logo\/image\/"}}]}},"_links":{"self":[{"href":"https:\/\/wpguerssen-test.odoo.rgbconsulting.com\/es\/wp-json\/wp\/v2\/product\/284605","targetHints":{"allow":["GET"]}}],"collection":[{"href":"https:\/\/wpguerssen-test.odoo.rgbconsulting.com\/es\/wp-json\/wp\/v2\/product"}],"about":[{"href":"https:\/\/wpguerssen-test.odoo.rgbconsulting.com\/es\/wp-json\/wp\/v2\/types\/product"}],"wp:featuredmedia":[{"embeddable":true,"href":"https:\/\/wpguerssen-test.odoo.rgbconsulting.com\/es\/wp-json\/wp\/v2\/media\/284556"}],"wp:attachment":[{"href":"https:\/\/wpguerssen-test.odoo.rgbconsulting.com\/es\/wp-json\/wp\/v2\/media?parent=284605"}],"wp:term":[{"taxonomy":"product_brand","embeddable":true,"href":"https:\/\/wpguerssen-test.odoo.rgbconsulting.com\/es\/wp-json\/wp\/v2\/product_brand?post=284605"},{"taxonomy":"product_cat","embeddable":true,"href":"https:\/\/wpguerssen-test.odoo.rgbconsulting.com\/es\/wp-json\/wp\/v2\/product_cat?post=284605"},{"taxonomy":"product_tag","embeddable":true,"href":"https:\/\/wpguerssen-test.odoo.rgbconsulting.com\/es\/wp-json\/wp\/v2\/product_tag?post=284605"}],"curies":[{"name":"wp","href":"https:\/\/api.w.org\/{rel}","templated":true}]}}