{"id":284716,"date":"2025-03-21T00:00:00","date_gmt":"2025-03-20T23:00:00","guid":{"rendered":"https:\/\/wpguerssen-test.odoo.rgbconsulting.com\/product\/elandill\/"},"modified":"2025-04-23T17:45:15","modified_gmt":"2025-04-23T15:45:15","slug":"elandill","status":"publish","type":"product","link":"https:\/\/wpguerssen-test.odoo.rgbconsulting.com\/es\/producto\/elandill\/","title":{"rendered":"Elandill"},"content":{"rendered":"<p>Una pieza preciosa e inusual de rock de c\u00e1mara brit\u00e1nico, pastoral y progresivo. Cinco canciones elegantes, mel\u00f3dicas, bien estructuradas y siempre atractivas con letras profundamente alucinantes, aderezadas con episodios de improvisaci\u00f3n de flauta y guitarra solista inspirada en la Costa Oeste. Claramente data del cl\u00e1sico a\u00f1o de \u00abcambio\u00bb de 1970\/1, este \u00e1lbum habr\u00eda encajado perfectamente en Charisma Records de la era \u00abPink Scroll\u00bb. Escuchamos ecos de los primeros Yes, Trespass-Era Genesis, Audience, Jethro Tull and Family, pero en realidad es algo propio. Cuidadosamente restaurado a partir del \u00fanico acetato conocido por Reynolds Mastering.<br \/>Lanzamiento estrictamente limitado a 227 copias.<\/p>\n","protected":false},"excerpt":{"rendered":"<p>Una pieza preciosa e inusual de rock de c\u00e1mara brit\u00e1nico, pastoral y progresivo. Cinco canciones elegantes, mel\u00f3dicas, bien estructuradas y siempre atractivas con<a class=\"read\" href=\"https:\/\/wpguerssen-test.odoo.rgbconsulting.com\/es\/producto\/elandill\/\"> (...)<\/a>","protected":false},"featured_media":284655,"template":"","meta":{"_acf_changed":false},"product_brand":[],"product_cat":[23215],"product_tag":[24189],"class_list":{"0":"post-284716","1":"product","2":"type-product","3":"status-publish","4":"has-post-thumbnail","6":"product_cat-progressive60s-70s-es","7":"product_tag-recien-llegadas","8":"pa_artist-elandill","9":"pa_format-lp-es","10":"pa_gender-progressive60s-70s","11":"pa_label-bright-carvings","12":"pa_location-uk-ireland-es","13":"pa_other-filters-vinyl-only-es","15":"first","16":"instock","17":"taxable","18":"shipping-taxable","19":"purchasable","20":"product-type-simple"},"acf":[],"yoast_head":"<!-- This site is optimized with the Yoast SEO plugin v24.9 - https:\/\/yoast.com\/wordpress\/plugins\/seo\/ -->\n<title>ELANDILL - Elandill -  (LP) | Guerssen<\/title>\n<meta name=\"description\" content=\"A lovely, unusual piece of British, Pastoral, Progressive, Chamber Rock. Five elegant, melodic well-structured and always engaging songs with deeply trippy lyrics, spiced up by episodes of West Coast-inspired lead guitar and flute jamming. Clearly dating from the classic &quot;turnover&quot; year of 1970\/1 this album would have fitted perfectly on &quot;Pink Scroll&quot; era Charisma Records. We hear echoes of very early Yes, Trespass-Era Genesis, Audience, Jethro Tull and Family but really it is its own self. Carefully restored from the only known Acetate by Reynolds Mastering.Release strictly limited to 227 copies.\" \/>\n<meta name=\"robots\" content=\"index, follow, max-snippet:-1, max-image-preview:large, max-video-preview:-1\" \/>\n<link rel=\"canonical\" href=\"https:\/\/wpguerssen-test.odoo.rgbconsulting.com\/es\/producto\/elandill\/\" \/>\n<meta property=\"og:locale\" content=\"es_ES\" \/>\n<meta property=\"og:type\" content=\"article\" \/>\n<meta property=\"og:title\" content=\"ELANDILL - Elandill -  (LP) | Guerssen\" \/>\n<meta property=\"og:description\" content=\"A lovely, unusual piece of British, Pastoral, Progressive, Chamber Rock. Five elegant, melodic well-structured and always engaging songs with deeply trippy lyrics, spiced up by episodes of West Coast-inspired lead guitar and flute jamming. Clearly dating from the classic &quot;turnover&quot; year of 1970\/1 this album would have fitted perfectly on &quot;Pink Scroll&quot; era Charisma Records. We hear echoes of very early Yes, Trespass-Era Genesis, Audience, Jethro Tull and Family but really it is its own self. Carefully restored from the only known Acetate by Reynolds Mastering.Release strictly limited to 227 copies.\" \/>\n<meta property=\"og:url\" content=\"https:\/\/wpguerssen-test.odoo.rgbconsulting.com\/es\/producto\/elandill\/\" \/>\n<meta property=\"og:site_name\" content=\"Guerssen records\" \/>\n<meta property=\"article:modified_time\" content=\"2025-04-23T15:45:15+00:00\" \/>\n<meta property=\"og:image\" content=\"https:\/\/wpguerssen-test.odoo.rgbconsulting.com\/wp-content\/uploads\/2025\/03\/50012.jpg\" \/>\n\t<meta property=\"og:image:width\" content=\"301\" \/>\n\t<meta property=\"og:image:height\" content=\"305\" \/>\n\t<meta property=\"og:image:type\" content=\"image\/jpeg\" \/>\n<meta name=\"twitter:card\" content=\"summary_large_image\" \/>\n<meta name=\"twitter:title\" content=\"ELANDILL - Elandill -  (LP) | Guerssen\" \/>\n<meta name=\"twitter:label1\" content=\"Tiempo de lectura\" \/>\n\t<meta name=\"twitter:data1\" content=\"1 minuto\" \/>\n<script type=\"application\/ld+json\" class=\"yoast-schema-graph\">{\"@context\":\"https:\/\/schema.org\",\"@graph\":[{\"@type\":\"WebPage\",\"@id\":\"https:\/\/wpguerssen-test.odoo.rgbconsulting.com\/es\/producto\/elandill\/\",\"url\":\"https:\/\/wpguerssen-test.odoo.rgbconsulting.com\/es\/producto\/elandill\/\",\"name\":\"ELANDILL - Elandill - (LP) | Guerssen\",\"isPartOf\":{\"@id\":\"https:\/\/wpguerssen-test.odoo.rgbconsulting.com\/es\/#website\"},\"primaryImageOfPage\":{\"@id\":\"https:\/\/wpguerssen-test.odoo.rgbconsulting.com\/es\/producto\/elandill\/#primaryimage\"},\"image\":{\"@id\":\"https:\/\/wpguerssen-test.odoo.rgbconsulting.com\/es\/producto\/elandill\/#primaryimage\"},\"thumbnailUrl\":\"https:\/\/wpguerssen-test.odoo.rgbconsulting.com\/wp-content\/uploads\/2025\/03\/50012.jpg\",\"datePublished\":\"2025-03-20T23:00:00+00:00\",\"dateModified\":\"2025-04-23T15:45:15+00:00\",\"description\":\"A lovely, unusual piece of British, Pastoral, Progressive, Chamber Rock. Five elegant, melodic well-structured and always engaging songs with deeply trippy lyrics, spiced up by episodes of West Coast-inspired lead guitar and flute jamming. Clearly dating from the classic \\\"turnover\\\" year of 1970\/1 this album would have fitted perfectly on \\\"Pink Scroll\\\" era Charisma Records. We hear echoes of very early Yes, Trespass-Era Genesis, Audience, Jethro Tull and Family but really it is its own self. Carefully restored from the only known Acetate by Reynolds Mastering.Release strictly limited to 227 copies.\",\"breadcrumb\":{\"@id\":\"https:\/\/wpguerssen-test.odoo.rgbconsulting.com\/es\/producto\/elandill\/#breadcrumb\"},\"inLanguage\":\"es\",\"potentialAction\":[{\"@type\":\"ReadAction\",\"target\":[\"https:\/\/wpguerssen-test.odoo.rgbconsulting.com\/es\/producto\/elandill\/\"]}]},{\"@type\":\"ImageObject\",\"inLanguage\":\"es\",\"@id\":\"https:\/\/wpguerssen-test.odoo.rgbconsulting.com\/es\/producto\/elandill\/#primaryimage\",\"url\":\"https:\/\/wpguerssen-test.odoo.rgbconsulting.com\/wp-content\/uploads\/2025\/03\/50012.jpg\",\"contentUrl\":\"https:\/\/wpguerssen-test.odoo.rgbconsulting.com\/wp-content\/uploads\/2025\/03\/50012.jpg\",\"width\":301,\"height\":305},{\"@type\":\"BreadcrumbList\",\"@id\":\"https:\/\/wpguerssen-test.odoo.rgbconsulting.com\/es\/producto\/elandill\/#breadcrumb\",\"itemListElement\":[{\"@type\":\"ListItem\",\"position\":1,\"name\":\"Inicio\",\"item\":\"https:\/\/wpguerssen-test.odoo.rgbconsulting.com\/es\/\"},{\"@type\":\"ListItem\",\"position\":2,\"name\":\"Shop\",\"item\":\"https:\/\/wpguerssen-test.odoo.rgbconsulting.com\/shop\/\"},{\"@type\":\"ListItem\",\"position\":3,\"name\":\"Elandill\"}]},{\"@type\":\"WebSite\",\"@id\":\"https:\/\/wpguerssen-test.odoo.rgbconsulting.com\/es\/#website\",\"url\":\"https:\/\/wpguerssen-test.odoo.rgbconsulting.com\/es\/\",\"name\":\"Guerssen records\",\"description\":\"psychedelia - progressive - folk - garage \",\"publisher\":{\"@id\":\"https:\/\/wpguerssen-test.odoo.rgbconsulting.com\/es\/#organization\"},\"potentialAction\":[{\"@type\":\"SearchAction\",\"target\":{\"@type\":\"EntryPoint\",\"urlTemplate\":\"https:\/\/wpguerssen-test.odoo.rgbconsulting.com\/es\/?s={search_term_string}\"},\"query-input\":{\"@type\":\"PropertyValueSpecification\",\"valueRequired\":true,\"valueName\":\"search_term_string\"}}],\"inLanguage\":\"es\"},{\"@type\":\"Organization\",\"@id\":\"https:\/\/wpguerssen-test.odoo.rgbconsulting.com\/es\/#organization\",\"name\":\"Guerssen records\",\"url\":\"https:\/\/wpguerssen-test.odoo.rgbconsulting.com\/es\/\",\"logo\":{\"@type\":\"ImageObject\",\"inLanguage\":\"es\",\"@id\":\"https:\/\/wpguerssen-test.odoo.rgbconsulting.com\/es\/#\/schema\/logo\/image\/\",\"url\":\"https:\/\/wpguerssen-test.odoo.rgbconsulting.com\/wp-content\/uploads\/2022\/04\/Logo_Guerssen_trans_100.png\",\"contentUrl\":\"https:\/\/wpguerssen-test.odoo.rgbconsulting.com\/wp-content\/uploads\/2022\/04\/Logo_Guerssen_trans_100.png\",\"width\":122,\"height\":100,\"caption\":\"Guerssen records\"},\"image\":{\"@id\":\"https:\/\/wpguerssen-test.odoo.rgbconsulting.com\/es\/#\/schema\/logo\/image\/\"}}]}<\/script>\n<!-- \/ Yoast SEO plugin. -->","yoast_head_json":{"title":"ELANDILL - Elandill -  (LP) | Guerssen","description":"A lovely, unusual piece of British, Pastoral, Progressive, Chamber Rock. Five elegant, melodic well-structured and always engaging songs with deeply trippy lyrics, spiced up by episodes of West Coast-inspired lead guitar and flute jamming. Clearly dating from the classic \"turnover\" year of 1970\/1 this album would have fitted perfectly on \"Pink Scroll\" era Charisma Records. We hear echoes of very early Yes, Trespass-Era Genesis, Audience, Jethro Tull and Family but really it is its own self. Carefully restored from the only known Acetate by Reynolds Mastering.Release strictly limited to 227 copies.","robots":{"index":"index","follow":"follow","max-snippet":"max-snippet:-1","max-image-preview":"max-image-preview:large","max-video-preview":"max-video-preview:-1"},"canonical":"https:\/\/wpguerssen-test.odoo.rgbconsulting.com\/es\/producto\/elandill\/","og_locale":"es_ES","og_type":"article","og_title":"ELANDILL - Elandill -  (LP) | Guerssen","og_description":"A lovely, unusual piece of British, Pastoral, Progressive, Chamber Rock. Five elegant, melodic well-structured and always engaging songs with deeply trippy lyrics, spiced up by episodes of West Coast-inspired lead guitar and flute jamming. Clearly dating from the classic \"turnover\" year of 1970\/1 this album would have fitted perfectly on \"Pink Scroll\" era Charisma Records. We hear echoes of very early Yes, Trespass-Era Genesis, Audience, Jethro Tull and Family but really it is its own self. Carefully restored from the only known Acetate by Reynolds Mastering.Release strictly limited to 227 copies.","og_url":"https:\/\/wpguerssen-test.odoo.rgbconsulting.com\/es\/producto\/elandill\/","og_site_name":"Guerssen records","article_modified_time":"2025-04-23T15:45:15+00:00","og_image":[{"width":301,"height":305,"url":"https:\/\/wpguerssen-test.odoo.rgbconsulting.com\/wp-content\/uploads\/2025\/03\/50012.jpg","type":"image\/jpeg"}],"twitter_card":"summary_large_image","twitter_title":"ELANDILL - Elandill -  (LP) | Guerssen","twitter_misc":{"Tiempo de lectura":"1 minuto"},"schema":{"@context":"https:\/\/schema.org","@graph":[{"@type":"WebPage","@id":"https:\/\/wpguerssen-test.odoo.rgbconsulting.com\/es\/producto\/elandill\/","url":"https:\/\/wpguerssen-test.odoo.rgbconsulting.com\/es\/producto\/elandill\/","name":"ELANDILL - Elandill - (LP) | Guerssen","isPartOf":{"@id":"https:\/\/wpguerssen-test.odoo.rgbconsulting.com\/es\/#website"},"primaryImageOfPage":{"@id":"https:\/\/wpguerssen-test.odoo.rgbconsulting.com\/es\/producto\/elandill\/#primaryimage"},"image":{"@id":"https:\/\/wpguerssen-test.odoo.rgbconsulting.com\/es\/producto\/elandill\/#primaryimage"},"thumbnailUrl":"https:\/\/wpguerssen-test.odoo.rgbconsulting.com\/wp-content\/uploads\/2025\/03\/50012.jpg","datePublished":"2025-03-20T23:00:00+00:00","dateModified":"2025-04-23T15:45:15+00:00","description":"A lovely, unusual piece of British, Pastoral, Progressive, Chamber Rock. Five elegant, melodic well-structured and always engaging songs with deeply trippy lyrics, spiced up by episodes of West Coast-inspired lead guitar and flute jamming. Clearly dating from the classic \"turnover\" year of 1970\/1 this album would have fitted perfectly on \"Pink Scroll\" era Charisma Records. We hear echoes of very early Yes, Trespass-Era Genesis, Audience, Jethro Tull and Family but really it is its own self. Carefully restored from the only known Acetate by Reynolds Mastering.Release strictly limited to 227 copies.","breadcrumb":{"@id":"https:\/\/wpguerssen-test.odoo.rgbconsulting.com\/es\/producto\/elandill\/#breadcrumb"},"inLanguage":"es","potentialAction":[{"@type":"ReadAction","target":["https:\/\/wpguerssen-test.odoo.rgbconsulting.com\/es\/producto\/elandill\/"]}]},{"@type":"ImageObject","inLanguage":"es","@id":"https:\/\/wpguerssen-test.odoo.rgbconsulting.com\/es\/producto\/elandill\/#primaryimage","url":"https:\/\/wpguerssen-test.odoo.rgbconsulting.com\/wp-content\/uploads\/2025\/03\/50012.jpg","contentUrl":"https:\/\/wpguerssen-test.odoo.rgbconsulting.com\/wp-content\/uploads\/2025\/03\/50012.jpg","width":301,"height":305},{"@type":"BreadcrumbList","@id":"https:\/\/wpguerssen-test.odoo.rgbconsulting.com\/es\/producto\/elandill\/#breadcrumb","itemListElement":[{"@type":"ListItem","position":1,"name":"Inicio","item":"https:\/\/wpguerssen-test.odoo.rgbconsulting.com\/es\/"},{"@type":"ListItem","position":2,"name":"Shop","item":"https:\/\/wpguerssen-test.odoo.rgbconsulting.com\/shop\/"},{"@type":"ListItem","position":3,"name":"Elandill"}]},{"@type":"WebSite","@id":"https:\/\/wpguerssen-test.odoo.rgbconsulting.com\/es\/#website","url":"https:\/\/wpguerssen-test.odoo.rgbconsulting.com\/es\/","name":"Guerssen records","description":"psychedelia - progressive - folk - garage ","publisher":{"@id":"https:\/\/wpguerssen-test.odoo.rgbconsulting.com\/es\/#organization"},"potentialAction":[{"@type":"SearchAction","target":{"@type":"EntryPoint","urlTemplate":"https:\/\/wpguerssen-test.odoo.rgbconsulting.com\/es\/?s={search_term_string}"},"query-input":{"@type":"PropertyValueSpecification","valueRequired":true,"valueName":"search_term_string"}}],"inLanguage":"es"},{"@type":"Organization","@id":"https:\/\/wpguerssen-test.odoo.rgbconsulting.com\/es\/#organization","name":"Guerssen records","url":"https:\/\/wpguerssen-test.odoo.rgbconsulting.com\/es\/","logo":{"@type":"ImageObject","inLanguage":"es","@id":"https:\/\/wpguerssen-test.odoo.rgbconsulting.com\/es\/#\/schema\/logo\/image\/","url":"https:\/\/wpguerssen-test.odoo.rgbconsulting.com\/wp-content\/uploads\/2022\/04\/Logo_Guerssen_trans_100.png","contentUrl":"https:\/\/wpguerssen-test.odoo.rgbconsulting.com\/wp-content\/uploads\/2022\/04\/Logo_Guerssen_trans_100.png","width":122,"height":100,"caption":"Guerssen records"},"image":{"@id":"https:\/\/wpguerssen-test.odoo.rgbconsulting.com\/es\/#\/schema\/logo\/image\/"}}]}},"_links":{"self":[{"href":"https:\/\/wpguerssen-test.odoo.rgbconsulting.com\/es\/wp-json\/wp\/v2\/product\/284716","targetHints":{"allow":["GET"]}}],"collection":[{"href":"https:\/\/wpguerssen-test.odoo.rgbconsulting.com\/es\/wp-json\/wp\/v2\/product"}],"about":[{"href":"https:\/\/wpguerssen-test.odoo.rgbconsulting.com\/es\/wp-json\/wp\/v2\/types\/product"}],"wp:featuredmedia":[{"embeddable":true,"href":"https:\/\/wpguerssen-test.odoo.rgbconsulting.com\/es\/wp-json\/wp\/v2\/media\/284655"}],"wp:attachment":[{"href":"https:\/\/wpguerssen-test.odoo.rgbconsulting.com\/es\/wp-json\/wp\/v2\/media?parent=284716"}],"wp:term":[{"taxonomy":"product_brand","embeddable":true,"href":"https:\/\/wpguerssen-test.odoo.rgbconsulting.com\/es\/wp-json\/wp\/v2\/product_brand?post=284716"},{"taxonomy":"product_cat","embeddable":true,"href":"https:\/\/wpguerssen-test.odoo.rgbconsulting.com\/es\/wp-json\/wp\/v2\/product_cat?post=284716"},{"taxonomy":"product_tag","embeddable":true,"href":"https:\/\/wpguerssen-test.odoo.rgbconsulting.com\/es\/wp-json\/wp\/v2\/product_tag?post=284716"}],"curies":[{"name":"wp","href":"https:\/\/api.w.org\/{rel}","templated":true}]}}