{"id":284720,"date":"2025-03-12T00:00:00","date_gmt":"2025-03-11T23:00:00","guid":{"rendered":"https:\/\/wpguerssen-test.odoo.rgbconsulting.com\/product\/actress-the-birth-of-the-new-york-dolls\/"},"modified":"2025-03-24T17:39:15","modified_gmt":"2025-03-24T16:39:15","slug":"actress-the-birth-of-the-new-york-dolls","status":"publish","type":"product","link":"https:\/\/wpguerssen-test.odoo.rgbconsulting.com\/es\/producto\/actress-the-birth-of-the-new-york-dolls\/","title":{"rendered":"Actress: The Birth of The New York Dolls"},"content":{"rendered":"<p>La atrevida banda glam New York Dolls fue el ep\u00edtome del exceso del rock &#8216;n&#8217; roll, prefiriendo los bordes m\u00e1s \u00e1speros del punk. Grabado en octubre de 1971, cuando el grupo todav\u00eda era conocido como Actress, este LP esencial est\u00e1 seleccionado de demos grabados antes de que David Johansen y Sylvain Sylvain se unieran al grupo Junto con dos alternativas crudas de &#8216;It&#8217;s Too Late&#8217;, hay ocho ejemplos desconocidos de su caos musical, como se escucha en &#8216;Why Am I Alone&#8217; y el asesino de guitarras, &#8216;Coconut Grove&#8217;. Esto es algo que todos los fan\u00e1ticos de los Dolls deben escuchar, y especialmente los devotos de Johnny Thunders.<\/p>\n","protected":false},"excerpt":{"rendered":"<p>La atrevida banda glam New York Dolls fue el ep\u00edtome del exceso del rock &#8216;n&#8217; roll, prefiriendo los bordes m\u00e1s \u00e1speros del punk. Grabado en octubre de<a class=\"read\" href=\"https:\/\/wpguerssen-test.odoo.rgbconsulting.com\/es\/producto\/actress-the-birth-of-the-new-york-dolls\/\"> (...)<\/a>","protected":false},"featured_media":284667,"template":"","meta":{"_acf_changed":false},"product_brand":[],"product_cat":[23221,21650],"product_tag":[24189],"class_list":{"0":"post-284720","1":"product","2":"type-product","3":"status-publish","4":"has-post-thumbnail","6":"product_cat-glam-es","7":"product_cat-punk-es","8":"product_tag-recien-llegadas","9":"pa_artist-new-york-dolls","10":"pa_format-lp-es","11":"pa_gender-punk-glam","12":"pa_label-radiation","13":"pa_location-north-america-es","14":"pa_other-filters-vinyl-only-es","16":"first","17":"instock","18":"taxable","19":"shipping-taxable","20":"purchasable","21":"product-type-simple"},"acf":[],"yoast_head":"<!-- This site is optimized with the Yoast SEO plugin v24.9 - https:\/\/yoast.com\/wordpress\/plugins\/seo\/ -->\n<title>NEW YORK DOLLS - Actress: The Birth of The New York Dolls -  (LP) | Guerssen<\/title>\n<meta name=\"description\" content=\"Raunchy glam band New York Dolls were the epitome of rock &#039;n&#039; roll&#039;s excess, prefacing punk&#039;s rougher edges. Recorded in October 1971, when the group was still known as Actress, this essential LP is culled from demos cut before David Johansen and Sylvain Sylvain joined the group; along with two raw alternates of &#039;It&#039;s Too Late,&#039; there are eight otherwise unknown examples of their musical mayhem, as heard on &#039;Why Am I Alone&#039; and guitar killer, &#039;Coconut Grove.&#039; This is required listening for all Dolls fans, and especially Johnny Thunders devotees.\" \/>\n<meta name=\"robots\" content=\"index, follow, max-snippet:-1, max-image-preview:large, max-video-preview:-1\" \/>\n<link rel=\"canonical\" href=\"https:\/\/wpguerssen-test.odoo.rgbconsulting.com\/es\/producto\/actress-the-birth-of-the-new-york-dolls\/\" \/>\n<meta property=\"og:locale\" content=\"es_ES\" \/>\n<meta property=\"og:type\" content=\"article\" \/>\n<meta property=\"og:title\" content=\"NEW YORK DOLLS - Actress: The Birth of The New York Dolls -  (LP) | Guerssen\" \/>\n<meta property=\"og:description\" content=\"Raunchy glam band New York Dolls were the epitome of rock &#039;n&#039; roll&#039;s excess, prefacing punk&#039;s rougher edges. Recorded in October 1971, when the group was still known as Actress, this essential LP is culled from demos cut before David Johansen and Sylvain Sylvain joined the group; along with two raw alternates of &#039;It&#039;s Too Late,&#039; there are eight otherwise unknown examples of their musical mayhem, as heard on &#039;Why Am I Alone&#039; and guitar killer, &#039;Coconut Grove.&#039; This is required listening for all Dolls fans, and especially Johnny Thunders devotees.\" \/>\n<meta property=\"og:url\" content=\"https:\/\/wpguerssen-test.odoo.rgbconsulting.com\/es\/producto\/actress-the-birth-of-the-new-york-dolls\/\" \/>\n<meta property=\"og:site_name\" content=\"Guerssen records\" \/>\n<meta property=\"article:modified_time\" content=\"2025-03-24T16:39:15+00:00\" \/>\n<meta property=\"og:image\" content=\"https:\/\/wpguerssen-test.odoo.rgbconsulting.com\/wp-content\/uploads\/2025\/03\/50016.jpg\" \/>\n\t<meta property=\"og:image:width\" content=\"226\" \/>\n\t<meta property=\"og:image:height\" content=\"223\" \/>\n\t<meta property=\"og:image:type\" content=\"image\/jpeg\" \/>\n<meta name=\"twitter:card\" content=\"summary_large_image\" \/>\n<meta name=\"twitter:title\" content=\"NEW YORK DOLLS - Actress: The Birth of The New York Dolls -  (LP) | Guerssen\" \/>\n<meta name=\"twitter:label1\" content=\"Tiempo de lectura\" \/>\n\t<meta name=\"twitter:data1\" content=\"1 minuto\" \/>\n<script type=\"application\/ld+json\" class=\"yoast-schema-graph\">{\"@context\":\"https:\/\/schema.org\",\"@graph\":[{\"@type\":\"WebPage\",\"@id\":\"https:\/\/wpguerssen-test.odoo.rgbconsulting.com\/es\/producto\/actress-the-birth-of-the-new-york-dolls\/\",\"url\":\"https:\/\/wpguerssen-test.odoo.rgbconsulting.com\/es\/producto\/actress-the-birth-of-the-new-york-dolls\/\",\"name\":\"NEW YORK DOLLS - Actress: The Birth of The New York Dolls - (LP) | Guerssen\",\"isPartOf\":{\"@id\":\"https:\/\/wpguerssen-test.odoo.rgbconsulting.com\/es\/#website\"},\"primaryImageOfPage\":{\"@id\":\"https:\/\/wpguerssen-test.odoo.rgbconsulting.com\/es\/producto\/actress-the-birth-of-the-new-york-dolls\/#primaryimage\"},\"image\":{\"@id\":\"https:\/\/wpguerssen-test.odoo.rgbconsulting.com\/es\/producto\/actress-the-birth-of-the-new-york-dolls\/#primaryimage\"},\"thumbnailUrl\":\"https:\/\/wpguerssen-test.odoo.rgbconsulting.com\/wp-content\/uploads\/2025\/03\/50016.jpg\",\"datePublished\":\"2025-03-11T23:00:00+00:00\",\"dateModified\":\"2025-03-24T16:39:15+00:00\",\"description\":\"Raunchy glam band New York Dolls were the epitome of rock 'n' roll's excess, prefacing punk's rougher edges. Recorded in October 1971, when the group was still known as Actress, this essential LP is culled from demos cut before David Johansen and Sylvain Sylvain joined the group; along with two raw alternates of 'It's Too Late,' there are eight otherwise unknown examples of their musical mayhem, as heard on 'Why Am I Alone' and guitar killer, 'Coconut Grove.' This is required listening for all Dolls fans, and especially Johnny Thunders devotees.\",\"breadcrumb\":{\"@id\":\"https:\/\/wpguerssen-test.odoo.rgbconsulting.com\/es\/producto\/actress-the-birth-of-the-new-york-dolls\/#breadcrumb\"},\"inLanguage\":\"es\",\"potentialAction\":[{\"@type\":\"ReadAction\",\"target\":[\"https:\/\/wpguerssen-test.odoo.rgbconsulting.com\/es\/producto\/actress-the-birth-of-the-new-york-dolls\/\"]}]},{\"@type\":\"ImageObject\",\"inLanguage\":\"es\",\"@id\":\"https:\/\/wpguerssen-test.odoo.rgbconsulting.com\/es\/producto\/actress-the-birth-of-the-new-york-dolls\/#primaryimage\",\"url\":\"https:\/\/wpguerssen-test.odoo.rgbconsulting.com\/wp-content\/uploads\/2025\/03\/50016.jpg\",\"contentUrl\":\"https:\/\/wpguerssen-test.odoo.rgbconsulting.com\/wp-content\/uploads\/2025\/03\/50016.jpg\",\"width\":226,\"height\":223},{\"@type\":\"BreadcrumbList\",\"@id\":\"https:\/\/wpguerssen-test.odoo.rgbconsulting.com\/es\/producto\/actress-the-birth-of-the-new-york-dolls\/#breadcrumb\",\"itemListElement\":[{\"@type\":\"ListItem\",\"position\":1,\"name\":\"Inicio\",\"item\":\"https:\/\/wpguerssen-test.odoo.rgbconsulting.com\/es\/\"},{\"@type\":\"ListItem\",\"position\":2,\"name\":\"Shop\",\"item\":\"https:\/\/wpguerssen-test.odoo.rgbconsulting.com\/shop\/\"},{\"@type\":\"ListItem\",\"position\":3,\"name\":\"Actress: The Birth of The New York Dolls\"}]},{\"@type\":\"WebSite\",\"@id\":\"https:\/\/wpguerssen-test.odoo.rgbconsulting.com\/es\/#website\",\"url\":\"https:\/\/wpguerssen-test.odoo.rgbconsulting.com\/es\/\",\"name\":\"Guerssen records\",\"description\":\"psychedelia - progressive - folk - garage \",\"publisher\":{\"@id\":\"https:\/\/wpguerssen-test.odoo.rgbconsulting.com\/es\/#organization\"},\"potentialAction\":[{\"@type\":\"SearchAction\",\"target\":{\"@type\":\"EntryPoint\",\"urlTemplate\":\"https:\/\/wpguerssen-test.odoo.rgbconsulting.com\/es\/?s={search_term_string}\"},\"query-input\":{\"@type\":\"PropertyValueSpecification\",\"valueRequired\":true,\"valueName\":\"search_term_string\"}}],\"inLanguage\":\"es\"},{\"@type\":\"Organization\",\"@id\":\"https:\/\/wpguerssen-test.odoo.rgbconsulting.com\/es\/#organization\",\"name\":\"Guerssen records\",\"url\":\"https:\/\/wpguerssen-test.odoo.rgbconsulting.com\/es\/\",\"logo\":{\"@type\":\"ImageObject\",\"inLanguage\":\"es\",\"@id\":\"https:\/\/wpguerssen-test.odoo.rgbconsulting.com\/es\/#\/schema\/logo\/image\/\",\"url\":\"https:\/\/wpguerssen-test.odoo.rgbconsulting.com\/wp-content\/uploads\/2022\/04\/Logo_Guerssen_trans_100.png\",\"contentUrl\":\"https:\/\/wpguerssen-test.odoo.rgbconsulting.com\/wp-content\/uploads\/2022\/04\/Logo_Guerssen_trans_100.png\",\"width\":122,\"height\":100,\"caption\":\"Guerssen records\"},\"image\":{\"@id\":\"https:\/\/wpguerssen-test.odoo.rgbconsulting.com\/es\/#\/schema\/logo\/image\/\"}}]}<\/script>\n<!-- \/ Yoast SEO plugin. -->","yoast_head_json":{"title":"NEW YORK DOLLS - Actress: The Birth of The New York Dolls -  (LP) | Guerssen","description":"Raunchy glam band New York Dolls were the epitome of rock 'n' roll's excess, prefacing punk's rougher edges. Recorded in October 1971, when the group was still known as Actress, this essential LP is culled from demos cut before David Johansen and Sylvain Sylvain joined the group; along with two raw alternates of 'It's Too Late,' there are eight otherwise unknown examples of their musical mayhem, as heard on 'Why Am I Alone' and guitar killer, 'Coconut Grove.' This is required listening for all Dolls fans, and especially Johnny Thunders devotees.","robots":{"index":"index","follow":"follow","max-snippet":"max-snippet:-1","max-image-preview":"max-image-preview:large","max-video-preview":"max-video-preview:-1"},"canonical":"https:\/\/wpguerssen-test.odoo.rgbconsulting.com\/es\/producto\/actress-the-birth-of-the-new-york-dolls\/","og_locale":"es_ES","og_type":"article","og_title":"NEW YORK DOLLS - Actress: The Birth of The New York Dolls -  (LP) | Guerssen","og_description":"Raunchy glam band New York Dolls were the epitome of rock 'n' roll's excess, prefacing punk's rougher edges. Recorded in October 1971, when the group was still known as Actress, this essential LP is culled from demos cut before David Johansen and Sylvain Sylvain joined the group; along with two raw alternates of 'It's Too Late,' there are eight otherwise unknown examples of their musical mayhem, as heard on 'Why Am I Alone' and guitar killer, 'Coconut Grove.' This is required listening for all Dolls fans, and especially Johnny Thunders devotees.","og_url":"https:\/\/wpguerssen-test.odoo.rgbconsulting.com\/es\/producto\/actress-the-birth-of-the-new-york-dolls\/","og_site_name":"Guerssen records","article_modified_time":"2025-03-24T16:39:15+00:00","og_image":[{"width":226,"height":223,"url":"https:\/\/wpguerssen-test.odoo.rgbconsulting.com\/wp-content\/uploads\/2025\/03\/50016.jpg","type":"image\/jpeg"}],"twitter_card":"summary_large_image","twitter_title":"NEW YORK DOLLS - Actress: The Birth of The New York Dolls -  (LP) | Guerssen","twitter_misc":{"Tiempo de lectura":"1 minuto"},"schema":{"@context":"https:\/\/schema.org","@graph":[{"@type":"WebPage","@id":"https:\/\/wpguerssen-test.odoo.rgbconsulting.com\/es\/producto\/actress-the-birth-of-the-new-york-dolls\/","url":"https:\/\/wpguerssen-test.odoo.rgbconsulting.com\/es\/producto\/actress-the-birth-of-the-new-york-dolls\/","name":"NEW YORK DOLLS - Actress: The Birth of The New York Dolls - (LP) | Guerssen","isPartOf":{"@id":"https:\/\/wpguerssen-test.odoo.rgbconsulting.com\/es\/#website"},"primaryImageOfPage":{"@id":"https:\/\/wpguerssen-test.odoo.rgbconsulting.com\/es\/producto\/actress-the-birth-of-the-new-york-dolls\/#primaryimage"},"image":{"@id":"https:\/\/wpguerssen-test.odoo.rgbconsulting.com\/es\/producto\/actress-the-birth-of-the-new-york-dolls\/#primaryimage"},"thumbnailUrl":"https:\/\/wpguerssen-test.odoo.rgbconsulting.com\/wp-content\/uploads\/2025\/03\/50016.jpg","datePublished":"2025-03-11T23:00:00+00:00","dateModified":"2025-03-24T16:39:15+00:00","description":"Raunchy glam band New York Dolls were the epitome of rock 'n' roll's excess, prefacing punk's rougher edges. Recorded in October 1971, when the group was still known as Actress, this essential LP is culled from demos cut before David Johansen and Sylvain Sylvain joined the group; along with two raw alternates of 'It's Too Late,' there are eight otherwise unknown examples of their musical mayhem, as heard on 'Why Am I Alone' and guitar killer, 'Coconut Grove.' This is required listening for all Dolls fans, and especially Johnny Thunders devotees.","breadcrumb":{"@id":"https:\/\/wpguerssen-test.odoo.rgbconsulting.com\/es\/producto\/actress-the-birth-of-the-new-york-dolls\/#breadcrumb"},"inLanguage":"es","potentialAction":[{"@type":"ReadAction","target":["https:\/\/wpguerssen-test.odoo.rgbconsulting.com\/es\/producto\/actress-the-birth-of-the-new-york-dolls\/"]}]},{"@type":"ImageObject","inLanguage":"es","@id":"https:\/\/wpguerssen-test.odoo.rgbconsulting.com\/es\/producto\/actress-the-birth-of-the-new-york-dolls\/#primaryimage","url":"https:\/\/wpguerssen-test.odoo.rgbconsulting.com\/wp-content\/uploads\/2025\/03\/50016.jpg","contentUrl":"https:\/\/wpguerssen-test.odoo.rgbconsulting.com\/wp-content\/uploads\/2025\/03\/50016.jpg","width":226,"height":223},{"@type":"BreadcrumbList","@id":"https:\/\/wpguerssen-test.odoo.rgbconsulting.com\/es\/producto\/actress-the-birth-of-the-new-york-dolls\/#breadcrumb","itemListElement":[{"@type":"ListItem","position":1,"name":"Inicio","item":"https:\/\/wpguerssen-test.odoo.rgbconsulting.com\/es\/"},{"@type":"ListItem","position":2,"name":"Shop","item":"https:\/\/wpguerssen-test.odoo.rgbconsulting.com\/shop\/"},{"@type":"ListItem","position":3,"name":"Actress: The Birth of The New York Dolls"}]},{"@type":"WebSite","@id":"https:\/\/wpguerssen-test.odoo.rgbconsulting.com\/es\/#website","url":"https:\/\/wpguerssen-test.odoo.rgbconsulting.com\/es\/","name":"Guerssen records","description":"psychedelia - progressive - folk - garage ","publisher":{"@id":"https:\/\/wpguerssen-test.odoo.rgbconsulting.com\/es\/#organization"},"potentialAction":[{"@type":"SearchAction","target":{"@type":"EntryPoint","urlTemplate":"https:\/\/wpguerssen-test.odoo.rgbconsulting.com\/es\/?s={search_term_string}"},"query-input":{"@type":"PropertyValueSpecification","valueRequired":true,"valueName":"search_term_string"}}],"inLanguage":"es"},{"@type":"Organization","@id":"https:\/\/wpguerssen-test.odoo.rgbconsulting.com\/es\/#organization","name":"Guerssen records","url":"https:\/\/wpguerssen-test.odoo.rgbconsulting.com\/es\/","logo":{"@type":"ImageObject","inLanguage":"es","@id":"https:\/\/wpguerssen-test.odoo.rgbconsulting.com\/es\/#\/schema\/logo\/image\/","url":"https:\/\/wpguerssen-test.odoo.rgbconsulting.com\/wp-content\/uploads\/2022\/04\/Logo_Guerssen_trans_100.png","contentUrl":"https:\/\/wpguerssen-test.odoo.rgbconsulting.com\/wp-content\/uploads\/2022\/04\/Logo_Guerssen_trans_100.png","width":122,"height":100,"caption":"Guerssen records"},"image":{"@id":"https:\/\/wpguerssen-test.odoo.rgbconsulting.com\/es\/#\/schema\/logo\/image\/"}}]}},"_links":{"self":[{"href":"https:\/\/wpguerssen-test.odoo.rgbconsulting.com\/es\/wp-json\/wp\/v2\/product\/284720","targetHints":{"allow":["GET"]}}],"collection":[{"href":"https:\/\/wpguerssen-test.odoo.rgbconsulting.com\/es\/wp-json\/wp\/v2\/product"}],"about":[{"href":"https:\/\/wpguerssen-test.odoo.rgbconsulting.com\/es\/wp-json\/wp\/v2\/types\/product"}],"wp:featuredmedia":[{"embeddable":true,"href":"https:\/\/wpguerssen-test.odoo.rgbconsulting.com\/es\/wp-json\/wp\/v2\/media\/284667"}],"wp:attachment":[{"href":"https:\/\/wpguerssen-test.odoo.rgbconsulting.com\/es\/wp-json\/wp\/v2\/media?parent=284720"}],"wp:term":[{"taxonomy":"product_brand","embeddable":true,"href":"https:\/\/wpguerssen-test.odoo.rgbconsulting.com\/es\/wp-json\/wp\/v2\/product_brand?post=284720"},{"taxonomy":"product_cat","embeddable":true,"href":"https:\/\/wpguerssen-test.odoo.rgbconsulting.com\/es\/wp-json\/wp\/v2\/product_cat?post=284720"},{"taxonomy":"product_tag","embeddable":true,"href":"https:\/\/wpguerssen-test.odoo.rgbconsulting.com\/es\/wp-json\/wp\/v2\/product_tag?post=284720"}],"curies":[{"name":"wp","href":"https:\/\/api.w.org\/{rel}","templated":true}]}}