{"id":284732,"date":"2025-03-24T00:00:00","date_gmt":"2025-03-23T23:00:00","guid":{"rendered":"https:\/\/wpguerssen-test.odoo.rgbconsulting.com\/product\/radio-experiment-rome-february-1981\/"},"modified":"2025-04-16T18:36:12","modified_gmt":"2025-04-16T16:36:12","slug":"radio-experiment-rome-february-1981","status":"publish","type":"product","link":"https:\/\/wpguerssen-test.odoo.rgbconsulting.com\/es\/producto\/radio-experiment-rome-february-1981\/","title":{"rendered":"Radio Experiment Rome, February 1981"},"content":{"rendered":"<p>Un desv\u00edo inusual en el cat\u00e1logo de Robert Wyatt, Radio Experiment Rome fue grabado en febrero de 1981, cuando el ex baterista de Soft Machine hab\u00eda sido invitado a grabar alg\u00fan material en progreso para una transmisi\u00f3n de radio. El tono de estas sesiones se caracteriza por una experimentaci\u00f3n libre, estableciendo grabaciones de ocho pistas de voz, piano, charles y una variedad de efectos de cinta anal\u00f3gica. Este es Wyatt desquiciado y completamente liberado de la agenda de la grabaci\u00f3n de un \u00e1lbum adecuado: aqu\u00ed no hay un producto terminado y comercialmente viable, y el alcance del proyecto abarca paisajes sonoros de jazz como &#8216;Heathens Have No Souls&#8217;, piezas para piano exquisitamente mel\u00f3dicas como &#8216;L&#8217;Albero Degli Zoccoli&#8217;, el experimento de afinaci\u00f3n vocal de vodevil &#8216;Billie&#8217;s Bounce&#8217; y el poema politizado &#8216;Born Again Cretin&#8217;. sobre el encarcelamiento de Nelson Mandela.<\/p>\n","protected":false},"excerpt":{"rendered":"<p>Un desv\u00edo inusual en el cat\u00e1logo de Robert Wyatt, Radio Experiment Rome fue grabado en febrero de 1981, cuando el ex baterista de Soft Machine hab\u00eda sido invitado<a class=\"read\" href=\"https:\/\/wpguerssen-test.odoo.rgbconsulting.com\/es\/producto\/radio-experiment-rome-february-1981\/\"> (...)<\/a>","protected":false},"featured_media":284703,"template":"","meta":{"_acf_changed":false},"product_brand":[],"product_cat":[23266,23234],"product_tag":[24189],"class_list":{"0":"post-284732","1":"product","2":"type-product","3":"status-publish","4":"has-post-thumbnail","6":"product_cat-electronic-es","7":"product_cat-pop-rock-es","8":"product_tag-recien-llegadas","9":"pa_artist-wyatt-robert","10":"pa_format-lp-es","11":"pa_gender-electronic-pop-rock","12":"pa_label-rai-trade","13":"pa_location-uk-ireland-es","14":"pa_other-filters-vinyl-only-es","16":"first","17":"instock","18":"taxable","19":"shipping-taxable","20":"purchasable","21":"product-type-simple"},"acf":[],"yoast_head":"<!-- This site is optimized with the Yoast SEO plugin v24.9 - https:\/\/yoast.com\/wordpress\/plugins\/seo\/ -->\n<title>WYATT, Robert - Radio Experiment Rome, February 1981 -  (LP) | Guerssen<\/title>\n<meta name=\"description\" content=\"An unusual detour in the Robert Wyatt catalogue, Radio Experiment Rome was recorded in February 1981, when the ex-Soft Machine drummer had been invited to record some material in-progress for a radio broadcast. The tone of these sessions is characterised by a free-roaming experimentation, laying down eight-track recordings of vocals, piano, hi-hat, jaw harp and a variety of analogue tape effects. This is Wyatt unhinged and completely let loose from the agenda of proper album recording: there&#039;s no eye on a finished, commercially viable product here, and the scope of the project takes in jazzy soundscapes like &#039;Heathens Have No Souls&#039;, exquisitely melodic piano pieces like &#039;L&#039;Albero Degli Zoccoli&#039;, vaudevillian vocal tuning experiment &#039;Billie&#039;s Bounce&#039; and the politicised rant-poem &#039;Born Again Cretin&#039;, about the imprisonment of Nelson Mandela.\" \/>\n<meta name=\"robots\" content=\"index, follow, max-snippet:-1, max-image-preview:large, max-video-preview:-1\" \/>\n<link rel=\"canonical\" href=\"https:\/\/wpguerssen-test.odoo.rgbconsulting.com\/es\/producto\/radio-experiment-rome-february-1981\/\" \/>\n<meta property=\"og:locale\" content=\"es_ES\" \/>\n<meta property=\"og:type\" content=\"article\" \/>\n<meta property=\"og:title\" content=\"WYATT, Robert - Radio Experiment Rome, February 1981 -  (LP) | Guerssen\" \/>\n<meta property=\"og:description\" content=\"An unusual detour in the Robert Wyatt catalogue, Radio Experiment Rome was recorded in February 1981, when the ex-Soft Machine drummer had been invited to record some material in-progress for a radio broadcast. The tone of these sessions is characterised by a free-roaming experimentation, laying down eight-track recordings of vocals, piano, hi-hat, jaw harp and a variety of analogue tape effects. This is Wyatt unhinged and completely let loose from the agenda of proper album recording: there&#039;s no eye on a finished, commercially viable product here, and the scope of the project takes in jazzy soundscapes like &#039;Heathens Have No Souls&#039;, exquisitely melodic piano pieces like &#039;L&#039;Albero Degli Zoccoli&#039;, vaudevillian vocal tuning experiment &#039;Billie&#039;s Bounce&#039; and the politicised rant-poem &#039;Born Again Cretin&#039;, about the imprisonment of Nelson Mandela.\" \/>\n<meta property=\"og:url\" content=\"https:\/\/wpguerssen-test.odoo.rgbconsulting.com\/es\/producto\/radio-experiment-rome-february-1981\/\" \/>\n<meta property=\"og:site_name\" content=\"Guerssen records\" \/>\n<meta property=\"article:modified_time\" content=\"2025-04-16T16:36:12+00:00\" \/>\n<meta property=\"og:image\" content=\"https:\/\/wpguerssen-test.odoo.rgbconsulting.com\/wp-content\/uploads\/2025\/03\/50028.jpg\" \/>\n\t<meta property=\"og:image:width\" content=\"333\" \/>\n\t<meta property=\"og:image:height\" content=\"333\" \/>\n\t<meta property=\"og:image:type\" content=\"image\/jpeg\" \/>\n<meta name=\"twitter:card\" content=\"summary_large_image\" \/>\n<meta name=\"twitter:title\" content=\"WYATT, Robert - Radio Experiment Rome, February 1981 -  (LP) | Guerssen\" \/>\n<meta name=\"twitter:label1\" content=\"Tiempo de lectura\" \/>\n\t<meta name=\"twitter:data1\" content=\"1 minuto\" \/>\n<script type=\"application\/ld+json\" class=\"yoast-schema-graph\">{\"@context\":\"https:\/\/schema.org\",\"@graph\":[{\"@type\":\"WebPage\",\"@id\":\"https:\/\/wpguerssen-test.odoo.rgbconsulting.com\/es\/producto\/radio-experiment-rome-february-1981\/\",\"url\":\"https:\/\/wpguerssen-test.odoo.rgbconsulting.com\/es\/producto\/radio-experiment-rome-february-1981\/\",\"name\":\"WYATT, Robert - Radio Experiment Rome, February 1981 - (LP) | Guerssen\",\"isPartOf\":{\"@id\":\"https:\/\/wpguerssen-test.odoo.rgbconsulting.com\/es\/#website\"},\"primaryImageOfPage\":{\"@id\":\"https:\/\/wpguerssen-test.odoo.rgbconsulting.com\/es\/producto\/radio-experiment-rome-february-1981\/#primaryimage\"},\"image\":{\"@id\":\"https:\/\/wpguerssen-test.odoo.rgbconsulting.com\/es\/producto\/radio-experiment-rome-february-1981\/#primaryimage\"},\"thumbnailUrl\":\"https:\/\/wpguerssen-test.odoo.rgbconsulting.com\/wp-content\/uploads\/2025\/03\/50028.jpg\",\"datePublished\":\"2025-03-23T23:00:00+00:00\",\"dateModified\":\"2025-04-16T16:36:12+00:00\",\"description\":\"An unusual detour in the Robert Wyatt catalogue, Radio Experiment Rome was recorded in February 1981, when the ex-Soft Machine drummer had been invited to record some material in-progress for a radio broadcast. The tone of these sessions is characterised by a free-roaming experimentation, laying down eight-track recordings of vocals, piano, hi-hat, jaw harp and a variety of analogue tape effects. This is Wyatt unhinged and completely let loose from the agenda of proper album recording: there's no eye on a finished, commercially viable product here, and the scope of the project takes in jazzy soundscapes like 'Heathens Have No Souls', exquisitely melodic piano pieces like 'L'Albero Degli Zoccoli', vaudevillian vocal tuning experiment 'Billie's Bounce' and the politicised rant-poem 'Born Again Cretin', about the imprisonment of Nelson Mandela.\",\"breadcrumb\":{\"@id\":\"https:\/\/wpguerssen-test.odoo.rgbconsulting.com\/es\/producto\/radio-experiment-rome-february-1981\/#breadcrumb\"},\"inLanguage\":\"es\",\"potentialAction\":[{\"@type\":\"ReadAction\",\"target\":[\"https:\/\/wpguerssen-test.odoo.rgbconsulting.com\/es\/producto\/radio-experiment-rome-february-1981\/\"]}]},{\"@type\":\"ImageObject\",\"inLanguage\":\"es\",\"@id\":\"https:\/\/wpguerssen-test.odoo.rgbconsulting.com\/es\/producto\/radio-experiment-rome-february-1981\/#primaryimage\",\"url\":\"https:\/\/wpguerssen-test.odoo.rgbconsulting.com\/wp-content\/uploads\/2025\/03\/50028.jpg\",\"contentUrl\":\"https:\/\/wpguerssen-test.odoo.rgbconsulting.com\/wp-content\/uploads\/2025\/03\/50028.jpg\",\"width\":333,\"height\":333,\"caption\":\"Robert - Radio Experiment Rome\"},{\"@type\":\"BreadcrumbList\",\"@id\":\"https:\/\/wpguerssen-test.odoo.rgbconsulting.com\/es\/producto\/radio-experiment-rome-february-1981\/#breadcrumb\",\"itemListElement\":[{\"@type\":\"ListItem\",\"position\":1,\"name\":\"Inicio\",\"item\":\"https:\/\/wpguerssen-test.odoo.rgbconsulting.com\/es\/\"},{\"@type\":\"ListItem\",\"position\":2,\"name\":\"Shop\",\"item\":\"https:\/\/wpguerssen-test.odoo.rgbconsulting.com\/shop\/\"},{\"@type\":\"ListItem\",\"position\":3,\"name\":\"Radio Experiment Rome, February 1981\"}]},{\"@type\":\"WebSite\",\"@id\":\"https:\/\/wpguerssen-test.odoo.rgbconsulting.com\/es\/#website\",\"url\":\"https:\/\/wpguerssen-test.odoo.rgbconsulting.com\/es\/\",\"name\":\"Guerssen records\",\"description\":\"psychedelia - progressive - folk - garage \",\"publisher\":{\"@id\":\"https:\/\/wpguerssen-test.odoo.rgbconsulting.com\/es\/#organization\"},\"potentialAction\":[{\"@type\":\"SearchAction\",\"target\":{\"@type\":\"EntryPoint\",\"urlTemplate\":\"https:\/\/wpguerssen-test.odoo.rgbconsulting.com\/es\/?s={search_term_string}\"},\"query-input\":{\"@type\":\"PropertyValueSpecification\",\"valueRequired\":true,\"valueName\":\"search_term_string\"}}],\"inLanguage\":\"es\"},{\"@type\":\"Organization\",\"@id\":\"https:\/\/wpguerssen-test.odoo.rgbconsulting.com\/es\/#organization\",\"name\":\"Guerssen records\",\"url\":\"https:\/\/wpguerssen-test.odoo.rgbconsulting.com\/es\/\",\"logo\":{\"@type\":\"ImageObject\",\"inLanguage\":\"es\",\"@id\":\"https:\/\/wpguerssen-test.odoo.rgbconsulting.com\/es\/#\/schema\/logo\/image\/\",\"url\":\"https:\/\/wpguerssen-test.odoo.rgbconsulting.com\/wp-content\/uploads\/2022\/04\/Logo_Guerssen_trans_100.png\",\"contentUrl\":\"https:\/\/wpguerssen-test.odoo.rgbconsulting.com\/wp-content\/uploads\/2022\/04\/Logo_Guerssen_trans_100.png\",\"width\":122,\"height\":100,\"caption\":\"Guerssen records\"},\"image\":{\"@id\":\"https:\/\/wpguerssen-test.odoo.rgbconsulting.com\/es\/#\/schema\/logo\/image\/\"}}]}<\/script>\n<!-- \/ Yoast SEO plugin. -->","yoast_head_json":{"title":"WYATT, Robert - Radio Experiment Rome, February 1981 -  (LP) | Guerssen","description":"An unusual detour in the Robert Wyatt catalogue, Radio Experiment Rome was recorded in February 1981, when the ex-Soft Machine drummer had been invited to record some material in-progress for a radio broadcast. The tone of these sessions is characterised by a free-roaming experimentation, laying down eight-track recordings of vocals, piano, hi-hat, jaw harp and a variety of analogue tape effects. This is Wyatt unhinged and completely let loose from the agenda of proper album recording: there's no eye on a finished, commercially viable product here, and the scope of the project takes in jazzy soundscapes like 'Heathens Have No Souls', exquisitely melodic piano pieces like 'L'Albero Degli Zoccoli', vaudevillian vocal tuning experiment 'Billie's Bounce' and the politicised rant-poem 'Born Again Cretin', about the imprisonment of Nelson Mandela.","robots":{"index":"index","follow":"follow","max-snippet":"max-snippet:-1","max-image-preview":"max-image-preview:large","max-video-preview":"max-video-preview:-1"},"canonical":"https:\/\/wpguerssen-test.odoo.rgbconsulting.com\/es\/producto\/radio-experiment-rome-february-1981\/","og_locale":"es_ES","og_type":"article","og_title":"WYATT, Robert - Radio Experiment Rome, February 1981 -  (LP) | Guerssen","og_description":"An unusual detour in the Robert Wyatt catalogue, Radio Experiment Rome was recorded in February 1981, when the ex-Soft Machine drummer had been invited to record some material in-progress for a radio broadcast. The tone of these sessions is characterised by a free-roaming experimentation, laying down eight-track recordings of vocals, piano, hi-hat, jaw harp and a variety of analogue tape effects. This is Wyatt unhinged and completely let loose from the agenda of proper album recording: there's no eye on a finished, commercially viable product here, and the scope of the project takes in jazzy soundscapes like 'Heathens Have No Souls', exquisitely melodic piano pieces like 'L'Albero Degli Zoccoli', vaudevillian vocal tuning experiment 'Billie's Bounce' and the politicised rant-poem 'Born Again Cretin', about the imprisonment of Nelson Mandela.","og_url":"https:\/\/wpguerssen-test.odoo.rgbconsulting.com\/es\/producto\/radio-experiment-rome-february-1981\/","og_site_name":"Guerssen records","article_modified_time":"2025-04-16T16:36:12+00:00","og_image":[{"width":333,"height":333,"url":"https:\/\/wpguerssen-test.odoo.rgbconsulting.com\/wp-content\/uploads\/2025\/03\/50028.jpg","type":"image\/jpeg"}],"twitter_card":"summary_large_image","twitter_title":"WYATT, Robert - Radio Experiment Rome, February 1981 -  (LP) | Guerssen","twitter_misc":{"Tiempo de lectura":"1 minuto"},"schema":{"@context":"https:\/\/schema.org","@graph":[{"@type":"WebPage","@id":"https:\/\/wpguerssen-test.odoo.rgbconsulting.com\/es\/producto\/radio-experiment-rome-february-1981\/","url":"https:\/\/wpguerssen-test.odoo.rgbconsulting.com\/es\/producto\/radio-experiment-rome-february-1981\/","name":"WYATT, Robert - Radio Experiment Rome, February 1981 - (LP) | Guerssen","isPartOf":{"@id":"https:\/\/wpguerssen-test.odoo.rgbconsulting.com\/es\/#website"},"primaryImageOfPage":{"@id":"https:\/\/wpguerssen-test.odoo.rgbconsulting.com\/es\/producto\/radio-experiment-rome-february-1981\/#primaryimage"},"image":{"@id":"https:\/\/wpguerssen-test.odoo.rgbconsulting.com\/es\/producto\/radio-experiment-rome-february-1981\/#primaryimage"},"thumbnailUrl":"https:\/\/wpguerssen-test.odoo.rgbconsulting.com\/wp-content\/uploads\/2025\/03\/50028.jpg","datePublished":"2025-03-23T23:00:00+00:00","dateModified":"2025-04-16T16:36:12+00:00","description":"An unusual detour in the Robert Wyatt catalogue, Radio Experiment Rome was recorded in February 1981, when the ex-Soft Machine drummer had been invited to record some material in-progress for a radio broadcast. The tone of these sessions is characterised by a free-roaming experimentation, laying down eight-track recordings of vocals, piano, hi-hat, jaw harp and a variety of analogue tape effects. This is Wyatt unhinged and completely let loose from the agenda of proper album recording: there's no eye on a finished, commercially viable product here, and the scope of the project takes in jazzy soundscapes like 'Heathens Have No Souls', exquisitely melodic piano pieces like 'L'Albero Degli Zoccoli', vaudevillian vocal tuning experiment 'Billie's Bounce' and the politicised rant-poem 'Born Again Cretin', about the imprisonment of Nelson Mandela.","breadcrumb":{"@id":"https:\/\/wpguerssen-test.odoo.rgbconsulting.com\/es\/producto\/radio-experiment-rome-february-1981\/#breadcrumb"},"inLanguage":"es","potentialAction":[{"@type":"ReadAction","target":["https:\/\/wpguerssen-test.odoo.rgbconsulting.com\/es\/producto\/radio-experiment-rome-february-1981\/"]}]},{"@type":"ImageObject","inLanguage":"es","@id":"https:\/\/wpguerssen-test.odoo.rgbconsulting.com\/es\/producto\/radio-experiment-rome-february-1981\/#primaryimage","url":"https:\/\/wpguerssen-test.odoo.rgbconsulting.com\/wp-content\/uploads\/2025\/03\/50028.jpg","contentUrl":"https:\/\/wpguerssen-test.odoo.rgbconsulting.com\/wp-content\/uploads\/2025\/03\/50028.jpg","width":333,"height":333,"caption":"Robert - Radio Experiment Rome"},{"@type":"BreadcrumbList","@id":"https:\/\/wpguerssen-test.odoo.rgbconsulting.com\/es\/producto\/radio-experiment-rome-february-1981\/#breadcrumb","itemListElement":[{"@type":"ListItem","position":1,"name":"Inicio","item":"https:\/\/wpguerssen-test.odoo.rgbconsulting.com\/es\/"},{"@type":"ListItem","position":2,"name":"Shop","item":"https:\/\/wpguerssen-test.odoo.rgbconsulting.com\/shop\/"},{"@type":"ListItem","position":3,"name":"Radio Experiment Rome, February 1981"}]},{"@type":"WebSite","@id":"https:\/\/wpguerssen-test.odoo.rgbconsulting.com\/es\/#website","url":"https:\/\/wpguerssen-test.odoo.rgbconsulting.com\/es\/","name":"Guerssen records","description":"psychedelia - progressive - folk - garage ","publisher":{"@id":"https:\/\/wpguerssen-test.odoo.rgbconsulting.com\/es\/#organization"},"potentialAction":[{"@type":"SearchAction","target":{"@type":"EntryPoint","urlTemplate":"https:\/\/wpguerssen-test.odoo.rgbconsulting.com\/es\/?s={search_term_string}"},"query-input":{"@type":"PropertyValueSpecification","valueRequired":true,"valueName":"search_term_string"}}],"inLanguage":"es"},{"@type":"Organization","@id":"https:\/\/wpguerssen-test.odoo.rgbconsulting.com\/es\/#organization","name":"Guerssen records","url":"https:\/\/wpguerssen-test.odoo.rgbconsulting.com\/es\/","logo":{"@type":"ImageObject","inLanguage":"es","@id":"https:\/\/wpguerssen-test.odoo.rgbconsulting.com\/es\/#\/schema\/logo\/image\/","url":"https:\/\/wpguerssen-test.odoo.rgbconsulting.com\/wp-content\/uploads\/2022\/04\/Logo_Guerssen_trans_100.png","contentUrl":"https:\/\/wpguerssen-test.odoo.rgbconsulting.com\/wp-content\/uploads\/2022\/04\/Logo_Guerssen_trans_100.png","width":122,"height":100,"caption":"Guerssen records"},"image":{"@id":"https:\/\/wpguerssen-test.odoo.rgbconsulting.com\/es\/#\/schema\/logo\/image\/"}}]}},"_links":{"self":[{"href":"https:\/\/wpguerssen-test.odoo.rgbconsulting.com\/es\/wp-json\/wp\/v2\/product\/284732","targetHints":{"allow":["GET"]}}],"collection":[{"href":"https:\/\/wpguerssen-test.odoo.rgbconsulting.com\/es\/wp-json\/wp\/v2\/product"}],"about":[{"href":"https:\/\/wpguerssen-test.odoo.rgbconsulting.com\/es\/wp-json\/wp\/v2\/types\/product"}],"wp:featuredmedia":[{"embeddable":true,"href":"https:\/\/wpguerssen-test.odoo.rgbconsulting.com\/es\/wp-json\/wp\/v2\/media\/284703"}],"wp:attachment":[{"href":"https:\/\/wpguerssen-test.odoo.rgbconsulting.com\/es\/wp-json\/wp\/v2\/media?parent=284732"}],"wp:term":[{"taxonomy":"product_brand","embeddable":true,"href":"https:\/\/wpguerssen-test.odoo.rgbconsulting.com\/es\/wp-json\/wp\/v2\/product_brand?post=284732"},{"taxonomy":"product_cat","embeddable":true,"href":"https:\/\/wpguerssen-test.odoo.rgbconsulting.com\/es\/wp-json\/wp\/v2\/product_cat?post=284732"},{"taxonomy":"product_tag","embeddable":true,"href":"https:\/\/wpguerssen-test.odoo.rgbconsulting.com\/es\/wp-json\/wp\/v2\/product_tag?post=284732"}],"curies":[{"name":"wp","href":"https:\/\/api.w.org\/{rel}","templated":true}]}}