{"id":284734,"date":"2025-04-22T00:00:00","date_gmt":"2025-04-21T22:00:00","guid":{"rendered":"https:\/\/wpguerssen-test.odoo.rgbconsulting.com\/product\/spacing-out\/"},"modified":"2025-04-25T14:04:37","modified_gmt":"2025-04-25T12:04:37","slug":"spacing-out","status":"publish","type":"product","link":"https:\/\/wpguerssen-test.odoo.rgbconsulting.com\/es\/producto\/spacing-out\/","title":{"rendered":"Spacing out!"},"content":{"rendered":"<p>Spacing Out es una obra maestra instrumental publicada \u00fanicamente en Bermuda a principios de 1970. Una mezcla de las composiciones originales de la banda y versiones extravagantes de The Meters, The Temptations, Aretha Franklin y The Isley Brothers, estableci\u00f3 a esta banda como una de las mejores bandas instrumentales de cualquier g\u00e9nero, y ayud\u00f3 a impulsar las escenas retro-soul\/funk que dieron origen a artistas como Daptone y Big Crown Records. Sin duda, es una estrella polar para Now-Again Records.<br \/>Esta reedici\u00f3n se realiz\u00f3 con la licencia y participaci\u00f3n de toda la banda Invaders.<\/p>\n","protected":false},"excerpt":{"rendered":"<p>Spacing Out es una obra maestra instrumental publicada \u00fanicamente en Bermuda a principios de 1970. Una mezcla de las composiciones originales de la banda y versiones<a class=\"read\" href=\"https:\/\/wpguerssen-test.odoo.rgbconsulting.com\/es\/producto\/spacing-out\/\"> (...)<\/a>","protected":false},"featured_media":284709,"template":"","meta":{"_acf_changed":false},"product_brand":[],"product_cat":[21649,23219],"product_tag":[24189],"class_list":{"0":"post-284734","1":"product","2":"type-product","3":"status-publish","4":"has-post-thumbnail","6":"product_cat-soul-rnb-es","7":"product_cat-funk-es","8":"product_tag-recien-llegadas","9":"pa_artist-invaders","10":"pa_format-lp-es","11":"pa_gender-soul-rnb-funk","12":"pa_label-now-again","13":"pa_location-north-america-es","14":"pa_other-filters-vinyl-only-es","16":"first","17":"instock","18":"taxable","19":"shipping-taxable","20":"purchasable","21":"product-type-simple"},"acf":[],"yoast_head":"<!-- This site is optimized with the Yoast SEO plugin v24.9 - https:\/\/yoast.com\/wordpress\/plugins\/seo\/ -->\n<title>INVADERS - Spacing out! -  (LP) | Guerssen<\/title>\n<meta name=\"description\" content=\"Spacing Out is an instrumental masterpiece only ever issued in Bermuda at the turn of 1970. A mix of the band&#039;s out-there original compositions and extravagant covers of The Meters, The Temptations, Aretha Franklin and The Isley Brothers, it established this band as one of the greatest instrumental bands of any genre, and helped kickstart the retro-soul\/funk scenes that birthed the likes of Daptone and Big Crown Records. It&#039;s certainly a lodestar for Now-Again Records.This reissue was done with the license and participation of the entire Invaders band,with their story told in great detail in an oversized booklet penned by Jefferson &quot;Chairman&quot; Mao, complete with rare photos of this rarely seen ensemble.From the proverbial stank face-inducing opening bars of reverb-drenched drums and congas that announce Spacing Out, you&#039;re thrust into something visceral and fleeting: a pocket universe in which technical excess, chemistry between players, and the uninhibited energy of youth align in a kind of glorious imperfection.Spacing Out is one of the greatest instrumental albums of its or any period in that unmistakably raw - as in honest - way only a crew of largely self-taughtyoung uns could catch a groove.\" \/>\n<meta name=\"robots\" content=\"index, follow, max-snippet:-1, max-image-preview:large, max-video-preview:-1\" \/>\n<link rel=\"canonical\" href=\"https:\/\/wpguerssen-test.odoo.rgbconsulting.com\/es\/producto\/spacing-out\/\" \/>\n<meta property=\"og:locale\" content=\"es_ES\" \/>\n<meta property=\"og:type\" content=\"article\" \/>\n<meta property=\"og:title\" content=\"INVADERS - Spacing out! -  (LP) | Guerssen\" \/>\n<meta property=\"og:description\" content=\"Spacing Out is an instrumental masterpiece only ever issued in Bermuda at the turn of 1970. A mix of the band&#039;s out-there original compositions and extravagant covers of The Meters, The Temptations, Aretha Franklin and The Isley Brothers, it established this band as one of the greatest instrumental bands of any genre, and helped kickstart the retro-soul\/funk scenes that birthed the likes of Daptone and Big Crown Records. It&#039;s certainly a lodestar for Now-Again Records.This reissue was done with the license and participation of the entire Invaders band,with their story told in great detail in an oversized booklet penned by Jefferson &quot;Chairman&quot; Mao, complete with rare photos of this rarely seen ensemble.From the proverbial stank face-inducing opening bars of reverb-drenched drums and congas that announce Spacing Out, you&#039;re thrust into something visceral and fleeting: a pocket universe in which technical excess, chemistry between players, and the uninhibited energy of youth align in a kind of glorious imperfection.Spacing Out is one of the greatest instrumental albums of its or any period in that unmistakably raw - as in honest - way only a crew of largely self-taughtyoung uns could catch a groove.\" \/>\n<meta property=\"og:url\" content=\"https:\/\/wpguerssen-test.odoo.rgbconsulting.com\/es\/producto\/spacing-out\/\" \/>\n<meta property=\"og:site_name\" content=\"Guerssen records\" \/>\n<meta property=\"article:modified_time\" content=\"2025-04-25T12:04:37+00:00\" \/>\n<meta property=\"og:image\" content=\"https:\/\/wpguerssen-test.odoo.rgbconsulting.com\/wp-content\/uploads\/2025\/03\/50036.jpg\" \/>\n\t<meta property=\"og:image:width\" content=\"400\" \/>\n\t<meta property=\"og:image:height\" content=\"400\" \/>\n\t<meta property=\"og:image:type\" content=\"image\/jpeg\" \/>\n<meta name=\"twitter:card\" content=\"summary_large_image\" \/>\n<meta name=\"twitter:title\" content=\"INVADERS - Spacing out! -  (LP) | Guerssen\" \/>\n<script type=\"application\/ld+json\" class=\"yoast-schema-graph\">{\"@context\":\"https:\/\/schema.org\",\"@graph\":[{\"@type\":\"WebPage\",\"@id\":\"https:\/\/wpguerssen-test.odoo.rgbconsulting.com\/es\/producto\/spacing-out\/\",\"url\":\"https:\/\/wpguerssen-test.odoo.rgbconsulting.com\/es\/producto\/spacing-out\/\",\"name\":\"INVADERS - Spacing out! - (LP) | Guerssen\",\"isPartOf\":{\"@id\":\"https:\/\/wpguerssen-test.odoo.rgbconsulting.com\/es\/#website\"},\"primaryImageOfPage\":{\"@id\":\"https:\/\/wpguerssen-test.odoo.rgbconsulting.com\/es\/producto\/spacing-out\/#primaryimage\"},\"image\":{\"@id\":\"https:\/\/wpguerssen-test.odoo.rgbconsulting.com\/es\/producto\/spacing-out\/#primaryimage\"},\"thumbnailUrl\":\"https:\/\/wpguerssen-test.odoo.rgbconsulting.com\/wp-content\/uploads\/2025\/03\/50036.jpg\",\"datePublished\":\"2025-04-21T22:00:00+00:00\",\"dateModified\":\"2025-04-25T12:04:37+00:00\",\"description\":\"Spacing Out is an instrumental masterpiece only ever issued in Bermuda at the turn of 1970. A mix of the band's out-there original compositions and extravagant covers of The Meters, The Temptations, Aretha Franklin and The Isley Brothers, it established this band as one of the greatest instrumental bands of any genre, and helped kickstart the retro-soul\/funk scenes that birthed the likes of Daptone and Big Crown Records. It's certainly a lodestar for Now-Again Records.This reissue was done with the license and participation of the entire Invaders band,with their story told in great detail in an oversized booklet penned by Jefferson \\\"Chairman\\\" Mao, complete with rare photos of this rarely seen ensemble.From the proverbial stank face-inducing opening bars of reverb-drenched drums and congas that announce Spacing Out, you're thrust into something visceral and fleeting: a pocket universe in which technical excess, chemistry between players, and the uninhibited energy of youth align in a kind of glorious imperfection.Spacing Out is one of the greatest instrumental albums of its or any period in that unmistakably raw - as in honest - way only a crew of largely self-taughtyoung uns could catch a groove.\",\"breadcrumb\":{\"@id\":\"https:\/\/wpguerssen-test.odoo.rgbconsulting.com\/es\/producto\/spacing-out\/#breadcrumb\"},\"inLanguage\":\"es\",\"potentialAction\":[{\"@type\":\"ReadAction\",\"target\":[\"https:\/\/wpguerssen-test.odoo.rgbconsulting.com\/es\/producto\/spacing-out\/\"]}]},{\"@type\":\"ImageObject\",\"inLanguage\":\"es\",\"@id\":\"https:\/\/wpguerssen-test.odoo.rgbconsulting.com\/es\/producto\/spacing-out\/#primaryimage\",\"url\":\"https:\/\/wpguerssen-test.odoo.rgbconsulting.com\/wp-content\/uploads\/2025\/03\/50036.jpg\",\"contentUrl\":\"https:\/\/wpguerssen-test.odoo.rgbconsulting.com\/wp-content\/uploads\/2025\/03\/50036.jpg\",\"width\":400,\"height\":400},{\"@type\":\"BreadcrumbList\",\"@id\":\"https:\/\/wpguerssen-test.odoo.rgbconsulting.com\/es\/producto\/spacing-out\/#breadcrumb\",\"itemListElement\":[{\"@type\":\"ListItem\",\"position\":1,\"name\":\"Inicio\",\"item\":\"https:\/\/wpguerssen-test.odoo.rgbconsulting.com\/es\/\"},{\"@type\":\"ListItem\",\"position\":2,\"name\":\"Shop\",\"item\":\"https:\/\/wpguerssen-test.odoo.rgbconsulting.com\/shop\/\"},{\"@type\":\"ListItem\",\"position\":3,\"name\":\"Spacing out!\"}]},{\"@type\":\"WebSite\",\"@id\":\"https:\/\/wpguerssen-test.odoo.rgbconsulting.com\/es\/#website\",\"url\":\"https:\/\/wpguerssen-test.odoo.rgbconsulting.com\/es\/\",\"name\":\"Guerssen records\",\"description\":\"psychedelia - progressive - folk - garage \",\"publisher\":{\"@id\":\"https:\/\/wpguerssen-test.odoo.rgbconsulting.com\/es\/#organization\"},\"potentialAction\":[{\"@type\":\"SearchAction\",\"target\":{\"@type\":\"EntryPoint\",\"urlTemplate\":\"https:\/\/wpguerssen-test.odoo.rgbconsulting.com\/es\/?s={search_term_string}\"},\"query-input\":{\"@type\":\"PropertyValueSpecification\",\"valueRequired\":true,\"valueName\":\"search_term_string\"}}],\"inLanguage\":\"es\"},{\"@type\":\"Organization\",\"@id\":\"https:\/\/wpguerssen-test.odoo.rgbconsulting.com\/es\/#organization\",\"name\":\"Guerssen records\",\"url\":\"https:\/\/wpguerssen-test.odoo.rgbconsulting.com\/es\/\",\"logo\":{\"@type\":\"ImageObject\",\"inLanguage\":\"es\",\"@id\":\"https:\/\/wpguerssen-test.odoo.rgbconsulting.com\/es\/#\/schema\/logo\/image\/\",\"url\":\"https:\/\/wpguerssen-test.odoo.rgbconsulting.com\/wp-content\/uploads\/2022\/04\/Logo_Guerssen_trans_100.png\",\"contentUrl\":\"https:\/\/wpguerssen-test.odoo.rgbconsulting.com\/wp-content\/uploads\/2022\/04\/Logo_Guerssen_trans_100.png\",\"width\":122,\"height\":100,\"caption\":\"Guerssen records\"},\"image\":{\"@id\":\"https:\/\/wpguerssen-test.odoo.rgbconsulting.com\/es\/#\/schema\/logo\/image\/\"}}]}<\/script>\n<!-- \/ Yoast SEO plugin. -->","yoast_head_json":{"title":"INVADERS - Spacing out! -  (LP) | Guerssen","description":"Spacing Out is an instrumental masterpiece only ever issued in Bermuda at the turn of 1970. A mix of the band's out-there original compositions and extravagant covers of The Meters, The Temptations, Aretha Franklin and The Isley Brothers, it established this band as one of the greatest instrumental bands of any genre, and helped kickstart the retro-soul\/funk scenes that birthed the likes of Daptone and Big Crown Records. It's certainly a lodestar for Now-Again Records.This reissue was done with the license and participation of the entire Invaders band,with their story told in great detail in an oversized booklet penned by Jefferson \"Chairman\" Mao, complete with rare photos of this rarely seen ensemble.From the proverbial stank face-inducing opening bars of reverb-drenched drums and congas that announce Spacing Out, you're thrust into something visceral and fleeting: a pocket universe in which technical excess, chemistry between players, and the uninhibited energy of youth align in a kind of glorious imperfection.Spacing Out is one of the greatest instrumental albums of its or any period in that unmistakably raw - as in honest - way only a crew of largely self-taughtyoung uns could catch a groove.","robots":{"index":"index","follow":"follow","max-snippet":"max-snippet:-1","max-image-preview":"max-image-preview:large","max-video-preview":"max-video-preview:-1"},"canonical":"https:\/\/wpguerssen-test.odoo.rgbconsulting.com\/es\/producto\/spacing-out\/","og_locale":"es_ES","og_type":"article","og_title":"INVADERS - Spacing out! -  (LP) | Guerssen","og_description":"Spacing Out is an instrumental masterpiece only ever issued in Bermuda at the turn of 1970. A mix of the band's out-there original compositions and extravagant covers of The Meters, The Temptations, Aretha Franklin and The Isley Brothers, it established this band as one of the greatest instrumental bands of any genre, and helped kickstart the retro-soul\/funk scenes that birthed the likes of Daptone and Big Crown Records. It's certainly a lodestar for Now-Again Records.This reissue was done with the license and participation of the entire Invaders band,with their story told in great detail in an oversized booklet penned by Jefferson \"Chairman\" Mao, complete with rare photos of this rarely seen ensemble.From the proverbial stank face-inducing opening bars of reverb-drenched drums and congas that announce Spacing Out, you're thrust into something visceral and fleeting: a pocket universe in which technical excess, chemistry between players, and the uninhibited energy of youth align in a kind of glorious imperfection.Spacing Out is one of the greatest instrumental albums of its or any period in that unmistakably raw - as in honest - way only a crew of largely self-taughtyoung uns could catch a groove.","og_url":"https:\/\/wpguerssen-test.odoo.rgbconsulting.com\/es\/producto\/spacing-out\/","og_site_name":"Guerssen records","article_modified_time":"2025-04-25T12:04:37+00:00","og_image":[{"width":400,"height":400,"url":"https:\/\/wpguerssen-test.odoo.rgbconsulting.com\/wp-content\/uploads\/2025\/03\/50036.jpg","type":"image\/jpeg"}],"twitter_card":"summary_large_image","twitter_title":"INVADERS - Spacing out! -  (LP) | Guerssen","schema":{"@context":"https:\/\/schema.org","@graph":[{"@type":"WebPage","@id":"https:\/\/wpguerssen-test.odoo.rgbconsulting.com\/es\/producto\/spacing-out\/","url":"https:\/\/wpguerssen-test.odoo.rgbconsulting.com\/es\/producto\/spacing-out\/","name":"INVADERS - Spacing out! - (LP) | Guerssen","isPartOf":{"@id":"https:\/\/wpguerssen-test.odoo.rgbconsulting.com\/es\/#website"},"primaryImageOfPage":{"@id":"https:\/\/wpguerssen-test.odoo.rgbconsulting.com\/es\/producto\/spacing-out\/#primaryimage"},"image":{"@id":"https:\/\/wpguerssen-test.odoo.rgbconsulting.com\/es\/producto\/spacing-out\/#primaryimage"},"thumbnailUrl":"https:\/\/wpguerssen-test.odoo.rgbconsulting.com\/wp-content\/uploads\/2025\/03\/50036.jpg","datePublished":"2025-04-21T22:00:00+00:00","dateModified":"2025-04-25T12:04:37+00:00","description":"Spacing Out is an instrumental masterpiece only ever issued in Bermuda at the turn of 1970. A mix of the band's out-there original compositions and extravagant covers of The Meters, The Temptations, Aretha Franklin and The Isley Brothers, it established this band as one of the greatest instrumental bands of any genre, and helped kickstart the retro-soul\/funk scenes that birthed the likes of Daptone and Big Crown Records. It's certainly a lodestar for Now-Again Records.This reissue was done with the license and participation of the entire Invaders band,with their story told in great detail in an oversized booklet penned by Jefferson \"Chairman\" Mao, complete with rare photos of this rarely seen ensemble.From the proverbial stank face-inducing opening bars of reverb-drenched drums and congas that announce Spacing Out, you're thrust into something visceral and fleeting: a pocket universe in which technical excess, chemistry between players, and the uninhibited energy of youth align in a kind of glorious imperfection.Spacing Out is one of the greatest instrumental albums of its or any period in that unmistakably raw - as in honest - way only a crew of largely self-taughtyoung uns could catch a groove.","breadcrumb":{"@id":"https:\/\/wpguerssen-test.odoo.rgbconsulting.com\/es\/producto\/spacing-out\/#breadcrumb"},"inLanguage":"es","potentialAction":[{"@type":"ReadAction","target":["https:\/\/wpguerssen-test.odoo.rgbconsulting.com\/es\/producto\/spacing-out\/"]}]},{"@type":"ImageObject","inLanguage":"es","@id":"https:\/\/wpguerssen-test.odoo.rgbconsulting.com\/es\/producto\/spacing-out\/#primaryimage","url":"https:\/\/wpguerssen-test.odoo.rgbconsulting.com\/wp-content\/uploads\/2025\/03\/50036.jpg","contentUrl":"https:\/\/wpguerssen-test.odoo.rgbconsulting.com\/wp-content\/uploads\/2025\/03\/50036.jpg","width":400,"height":400},{"@type":"BreadcrumbList","@id":"https:\/\/wpguerssen-test.odoo.rgbconsulting.com\/es\/producto\/spacing-out\/#breadcrumb","itemListElement":[{"@type":"ListItem","position":1,"name":"Inicio","item":"https:\/\/wpguerssen-test.odoo.rgbconsulting.com\/es\/"},{"@type":"ListItem","position":2,"name":"Shop","item":"https:\/\/wpguerssen-test.odoo.rgbconsulting.com\/shop\/"},{"@type":"ListItem","position":3,"name":"Spacing out!"}]},{"@type":"WebSite","@id":"https:\/\/wpguerssen-test.odoo.rgbconsulting.com\/es\/#website","url":"https:\/\/wpguerssen-test.odoo.rgbconsulting.com\/es\/","name":"Guerssen records","description":"psychedelia - progressive - folk - garage ","publisher":{"@id":"https:\/\/wpguerssen-test.odoo.rgbconsulting.com\/es\/#organization"},"potentialAction":[{"@type":"SearchAction","target":{"@type":"EntryPoint","urlTemplate":"https:\/\/wpguerssen-test.odoo.rgbconsulting.com\/es\/?s={search_term_string}"},"query-input":{"@type":"PropertyValueSpecification","valueRequired":true,"valueName":"search_term_string"}}],"inLanguage":"es"},{"@type":"Organization","@id":"https:\/\/wpguerssen-test.odoo.rgbconsulting.com\/es\/#organization","name":"Guerssen records","url":"https:\/\/wpguerssen-test.odoo.rgbconsulting.com\/es\/","logo":{"@type":"ImageObject","inLanguage":"es","@id":"https:\/\/wpguerssen-test.odoo.rgbconsulting.com\/es\/#\/schema\/logo\/image\/","url":"https:\/\/wpguerssen-test.odoo.rgbconsulting.com\/wp-content\/uploads\/2022\/04\/Logo_Guerssen_trans_100.png","contentUrl":"https:\/\/wpguerssen-test.odoo.rgbconsulting.com\/wp-content\/uploads\/2022\/04\/Logo_Guerssen_trans_100.png","width":122,"height":100,"caption":"Guerssen records"},"image":{"@id":"https:\/\/wpguerssen-test.odoo.rgbconsulting.com\/es\/#\/schema\/logo\/image\/"}}]}},"_links":{"self":[{"href":"https:\/\/wpguerssen-test.odoo.rgbconsulting.com\/es\/wp-json\/wp\/v2\/product\/284734","targetHints":{"allow":["GET"]}}],"collection":[{"href":"https:\/\/wpguerssen-test.odoo.rgbconsulting.com\/es\/wp-json\/wp\/v2\/product"}],"about":[{"href":"https:\/\/wpguerssen-test.odoo.rgbconsulting.com\/es\/wp-json\/wp\/v2\/types\/product"}],"wp:featuredmedia":[{"embeddable":true,"href":"https:\/\/wpguerssen-test.odoo.rgbconsulting.com\/es\/wp-json\/wp\/v2\/media\/284709"}],"wp:attachment":[{"href":"https:\/\/wpguerssen-test.odoo.rgbconsulting.com\/es\/wp-json\/wp\/v2\/media?parent=284734"}],"wp:term":[{"taxonomy":"product_brand","embeddable":true,"href":"https:\/\/wpguerssen-test.odoo.rgbconsulting.com\/es\/wp-json\/wp\/v2\/product_brand?post=284734"},{"taxonomy":"product_cat","embeddable":true,"href":"https:\/\/wpguerssen-test.odoo.rgbconsulting.com\/es\/wp-json\/wp\/v2\/product_cat?post=284734"},{"taxonomy":"product_tag","embeddable":true,"href":"https:\/\/wpguerssen-test.odoo.rgbconsulting.com\/es\/wp-json\/wp\/v2\/product_tag?post=284734"}],"curies":[{"name":"wp","href":"https:\/\/api.w.org\/{rel}","templated":true}]}}