{"id":284854,"date":"2025-03-20T00:00:00","date_gmt":"2025-03-19T23:00:00","guid":{"rendered":"https:\/\/wpguerssen-test.odoo.rgbconsulting.com\/product\/eartha-kitt-live-at-the-tivoli\/"},"modified":"2025-04-16T18:36:44","modified_gmt":"2025-04-16T16:36:44","slug":"eartha-kitt-live-at-the-tivoli","status":"publish","type":"product","link":"https:\/\/wpguerssen-test.odoo.rgbconsulting.com\/es\/producto\/eartha-kitt-live-at-the-tivoli\/","title":{"rendered":"Eartha Kitt Live At The Tivoli"},"content":{"rendered":"<p>La cantante y actriz estadounidense Eartha Kitt fue probablemente la personalidad m\u00e1s fuerte del mundo musical de los a\u00f1os cincuenta y sesenta. Comenz\u00f3 su carrera a principios de los cuarenta; apareciendo en varias obras de Broadway a lo largo de la d\u00e9cada. A principios de losa\u00f1os cincuenta; ya hab\u00eda entrado en el Top 30 de las canciones estadounidenses; entre ellas &#8216;Uska Dara&#8217; y la magn\u00edfica &#8216;I Want To Be Evil&#8217;. En los a\u00f1os sesenta se convirti\u00f3 en la Catwoman m\u00e1s malvada; opuesta al Batman de Adam West; en la famosa serie de televisi\u00f3n del personaje de DC Comics. El \u00e1lbum que tienes en tus manos es una rareza en su discograf\u00eda. Interpreta algunos de sus mayores \u00e9xitos ante un asombrado p\u00fablico dan\u00e9s en el Teatro Tivoli Variet\u00e9en de Copenhague.<\/p>\n","protected":false},"excerpt":{"rendered":"<p>La cantante y actriz estadounidense Eartha Kitt fue probablemente la personalidad m\u00e1s fuerte del mundo musical de los a\u00f1os cincuenta y sesenta. Comenz\u00f3 su carrera<a class=\"read\" href=\"https:\/\/wpguerssen-test.odoo.rgbconsulting.com\/es\/producto\/eartha-kitt-live-at-the-tivoli\/\"> (...)<\/a>","protected":false},"featured_media":284813,"template":"","meta":{"_acf_changed":false},"product_brand":[],"product_cat":[23227],"product_tag":[24189],"class_list":{"0":"post-284854","1":"product","2":"type-product","3":"status-publish","4":"has-post-thumbnail","6":"product_cat-jazz-es","7":"product_tag-recien-llegadas","8":"pa_artist-kitt-eartha","9":"pa_format-lp-es","10":"pa_gender-jazz","11":"pa_label-shellac-disc","12":"pa_location-north-america-es","13":"pa_other-filters-vinyl-only-es","15":"first","16":"instock","17":"taxable","18":"shipping-taxable","19":"purchasable","20":"product-type-simple"},"acf":[],"yoast_head":"<!-- This site is optimized with the Yoast SEO plugin v24.9 - https:\/\/yoast.com\/wordpress\/plugins\/seo\/ -->\n<title>KITT, Eartha - Eartha Kitt Live At The Tivoli -  (LP) | Guerssen<\/title>\n<meta name=\"description\" content=\"American singer and actress Eartha Kitt was probably the strongest personality in the music world of the 1950s and 1960s. She began her career in the early 1940s, appearing in several Broadway plays throughout the decade. By the early 1950s, she had already entered the Top 30 of American songs, including &quot;Uska Dara&quot; and the magnificent &quot;I Want To Be Evil.&quot; In the 1960s, she became the most evil Catwoman, opposite Adam West&#039;s Batman, in the famous television series of the DC Comics character. The album you hold in your hands is a rarity in her discography. She performs some of her greatest hits to an astonished Danish audience at the Tivoli Variet\u00e9en Theatre in Copenhagen.\" \/>\n<meta name=\"robots\" content=\"index, follow, max-snippet:-1, max-image-preview:large, max-video-preview:-1\" \/>\n<link rel=\"canonical\" href=\"https:\/\/wpguerssen-test.odoo.rgbconsulting.com\/es\/producto\/eartha-kitt-live-at-the-tivoli\/\" \/>\n<meta property=\"og:locale\" content=\"es_ES\" \/>\n<meta property=\"og:type\" content=\"article\" \/>\n<meta property=\"og:title\" content=\"KITT, Eartha - Eartha Kitt Live At The Tivoli -  (LP) | Guerssen\" \/>\n<meta property=\"og:description\" content=\"American singer and actress Eartha Kitt was probably the strongest personality in the music world of the 1950s and 1960s. She began her career in the early 1940s, appearing in several Broadway plays throughout the decade. By the early 1950s, she had already entered the Top 30 of American songs, including &quot;Uska Dara&quot; and the magnificent &quot;I Want To Be Evil.&quot; In the 1960s, she became the most evil Catwoman, opposite Adam West&#039;s Batman, in the famous television series of the DC Comics character. The album you hold in your hands is a rarity in her discography. She performs some of her greatest hits to an astonished Danish audience at the Tivoli Variet\u00e9en Theatre in Copenhagen.\" \/>\n<meta property=\"og:url\" content=\"https:\/\/wpguerssen-test.odoo.rgbconsulting.com\/es\/producto\/eartha-kitt-live-at-the-tivoli\/\" \/>\n<meta property=\"og:site_name\" content=\"Guerssen records\" \/>\n<meta property=\"article:modified_time\" content=\"2025-04-16T16:36:44+00:00\" \/>\n<meta property=\"og:image\" content=\"https:\/\/wpguerssen-test.odoo.rgbconsulting.com\/wp-content\/uploads\/2025\/03\/50043.jpg\" \/>\n\t<meta property=\"og:image:width\" content=\"800\" \/>\n\t<meta property=\"og:image:height\" content=\"800\" \/>\n\t<meta property=\"og:image:type\" content=\"image\/jpeg\" \/>\n<meta name=\"twitter:card\" content=\"summary_large_image\" \/>\n<meta name=\"twitter:title\" content=\"KITT, Eartha - Eartha Kitt Live At The Tivoli -  (LP) | Guerssen\" \/>\n<meta name=\"twitter:label1\" content=\"Tiempo de lectura\" \/>\n\t<meta name=\"twitter:data1\" content=\"1 minuto\" \/>\n<script type=\"application\/ld+json\" class=\"yoast-schema-graph\">{\"@context\":\"https:\/\/schema.org\",\"@graph\":[{\"@type\":\"WebPage\",\"@id\":\"https:\/\/wpguerssen-test.odoo.rgbconsulting.com\/es\/producto\/eartha-kitt-live-at-the-tivoli\/\",\"url\":\"https:\/\/wpguerssen-test.odoo.rgbconsulting.com\/es\/producto\/eartha-kitt-live-at-the-tivoli\/\",\"name\":\"KITT, Eartha - Eartha Kitt Live At The Tivoli - (LP) | Guerssen\",\"isPartOf\":{\"@id\":\"https:\/\/wpguerssen-test.odoo.rgbconsulting.com\/es\/#website\"},\"primaryImageOfPage\":{\"@id\":\"https:\/\/wpguerssen-test.odoo.rgbconsulting.com\/es\/producto\/eartha-kitt-live-at-the-tivoli\/#primaryimage\"},\"image\":{\"@id\":\"https:\/\/wpguerssen-test.odoo.rgbconsulting.com\/es\/producto\/eartha-kitt-live-at-the-tivoli\/#primaryimage\"},\"thumbnailUrl\":\"https:\/\/wpguerssen-test.odoo.rgbconsulting.com\/wp-content\/uploads\/2025\/03\/50043.jpg\",\"datePublished\":\"2025-03-19T23:00:00+00:00\",\"dateModified\":\"2025-04-16T16:36:44+00:00\",\"description\":\"American singer and actress Eartha Kitt was probably the strongest personality in the music world of the 1950s and 1960s. She began her career in the early 1940s, appearing in several Broadway plays throughout the decade. By the early 1950s, she had already entered the Top 30 of American songs, including \\\"Uska Dara\\\" and the magnificent \\\"I Want To Be Evil.\\\" In the 1960s, she became the most evil Catwoman, opposite Adam West's Batman, in the famous television series of the DC Comics character. The album you hold in your hands is a rarity in her discography. She performs some of her greatest hits to an astonished Danish audience at the Tivoli Variet\u00e9en Theatre in Copenhagen.\",\"breadcrumb\":{\"@id\":\"https:\/\/wpguerssen-test.odoo.rgbconsulting.com\/es\/producto\/eartha-kitt-live-at-the-tivoli\/#breadcrumb\"},\"inLanguage\":\"es\",\"potentialAction\":[{\"@type\":\"ReadAction\",\"target\":[\"https:\/\/wpguerssen-test.odoo.rgbconsulting.com\/es\/producto\/eartha-kitt-live-at-the-tivoli\/\"]}]},{\"@type\":\"ImageObject\",\"inLanguage\":\"es\",\"@id\":\"https:\/\/wpguerssen-test.odoo.rgbconsulting.com\/es\/producto\/eartha-kitt-live-at-the-tivoli\/#primaryimage\",\"url\":\"https:\/\/wpguerssen-test.odoo.rgbconsulting.com\/wp-content\/uploads\/2025\/03\/50043.jpg\",\"contentUrl\":\"https:\/\/wpguerssen-test.odoo.rgbconsulting.com\/wp-content\/uploads\/2025\/03\/50043.jpg\",\"width\":800,\"height\":800,\"caption\":\"Eartha - Eartha Kitt Live At The Tivoli - SHELLAC DISC (LP) | Guerssen\"},{\"@type\":\"BreadcrumbList\",\"@id\":\"https:\/\/wpguerssen-test.odoo.rgbconsulting.com\/es\/producto\/eartha-kitt-live-at-the-tivoli\/#breadcrumb\",\"itemListElement\":[{\"@type\":\"ListItem\",\"position\":1,\"name\":\"Inicio\",\"item\":\"https:\/\/wpguerssen-test.odoo.rgbconsulting.com\/es\/\"},{\"@type\":\"ListItem\",\"position\":2,\"name\":\"Shop\",\"item\":\"https:\/\/wpguerssen-test.odoo.rgbconsulting.com\/shop\/\"},{\"@type\":\"ListItem\",\"position\":3,\"name\":\"Eartha Kitt Live At The Tivoli\"}]},{\"@type\":\"WebSite\",\"@id\":\"https:\/\/wpguerssen-test.odoo.rgbconsulting.com\/es\/#website\",\"url\":\"https:\/\/wpguerssen-test.odoo.rgbconsulting.com\/es\/\",\"name\":\"Guerssen records\",\"description\":\"psychedelia - progressive - folk - garage \",\"publisher\":{\"@id\":\"https:\/\/wpguerssen-test.odoo.rgbconsulting.com\/es\/#organization\"},\"potentialAction\":[{\"@type\":\"SearchAction\",\"target\":{\"@type\":\"EntryPoint\",\"urlTemplate\":\"https:\/\/wpguerssen-test.odoo.rgbconsulting.com\/es\/?s={search_term_string}\"},\"query-input\":{\"@type\":\"PropertyValueSpecification\",\"valueRequired\":true,\"valueName\":\"search_term_string\"}}],\"inLanguage\":\"es\"},{\"@type\":\"Organization\",\"@id\":\"https:\/\/wpguerssen-test.odoo.rgbconsulting.com\/es\/#organization\",\"name\":\"Guerssen records\",\"url\":\"https:\/\/wpguerssen-test.odoo.rgbconsulting.com\/es\/\",\"logo\":{\"@type\":\"ImageObject\",\"inLanguage\":\"es\",\"@id\":\"https:\/\/wpguerssen-test.odoo.rgbconsulting.com\/es\/#\/schema\/logo\/image\/\",\"url\":\"https:\/\/wpguerssen-test.odoo.rgbconsulting.com\/wp-content\/uploads\/2022\/04\/Logo_Guerssen_trans_100.png\",\"contentUrl\":\"https:\/\/wpguerssen-test.odoo.rgbconsulting.com\/wp-content\/uploads\/2022\/04\/Logo_Guerssen_trans_100.png\",\"width\":122,\"height\":100,\"caption\":\"Guerssen records\"},\"image\":{\"@id\":\"https:\/\/wpguerssen-test.odoo.rgbconsulting.com\/es\/#\/schema\/logo\/image\/\"}}]}<\/script>\n<!-- \/ Yoast SEO plugin. -->","yoast_head_json":{"title":"KITT, Eartha - Eartha Kitt Live At The Tivoli -  (LP) | Guerssen","description":"American singer and actress Eartha Kitt was probably the strongest personality in the music world of the 1950s and 1960s. She began her career in the early 1940s, appearing in several Broadway plays throughout the decade. By the early 1950s, she had already entered the Top 30 of American songs, including \"Uska Dara\" and the magnificent \"I Want To Be Evil.\" In the 1960s, she became the most evil Catwoman, opposite Adam West's Batman, in the famous television series of the DC Comics character. The album you hold in your hands is a rarity in her discography. She performs some of her greatest hits to an astonished Danish audience at the Tivoli Variet\u00e9en Theatre in Copenhagen.","robots":{"index":"index","follow":"follow","max-snippet":"max-snippet:-1","max-image-preview":"max-image-preview:large","max-video-preview":"max-video-preview:-1"},"canonical":"https:\/\/wpguerssen-test.odoo.rgbconsulting.com\/es\/producto\/eartha-kitt-live-at-the-tivoli\/","og_locale":"es_ES","og_type":"article","og_title":"KITT, Eartha - Eartha Kitt Live At The Tivoli -  (LP) | Guerssen","og_description":"American singer and actress Eartha Kitt was probably the strongest personality in the music world of the 1950s and 1960s. She began her career in the early 1940s, appearing in several Broadway plays throughout the decade. By the early 1950s, she had already entered the Top 30 of American songs, including \"Uska Dara\" and the magnificent \"I Want To Be Evil.\" In the 1960s, she became the most evil Catwoman, opposite Adam West's Batman, in the famous television series of the DC Comics character. The album you hold in your hands is a rarity in her discography. She performs some of her greatest hits to an astonished Danish audience at the Tivoli Variet\u00e9en Theatre in Copenhagen.","og_url":"https:\/\/wpguerssen-test.odoo.rgbconsulting.com\/es\/producto\/eartha-kitt-live-at-the-tivoli\/","og_site_name":"Guerssen records","article_modified_time":"2025-04-16T16:36:44+00:00","og_image":[{"width":800,"height":800,"url":"https:\/\/wpguerssen-test.odoo.rgbconsulting.com\/wp-content\/uploads\/2025\/03\/50043.jpg","type":"image\/jpeg"}],"twitter_card":"summary_large_image","twitter_title":"KITT, Eartha - Eartha Kitt Live At The Tivoli -  (LP) | Guerssen","twitter_misc":{"Tiempo de lectura":"1 minuto"},"schema":{"@context":"https:\/\/schema.org","@graph":[{"@type":"WebPage","@id":"https:\/\/wpguerssen-test.odoo.rgbconsulting.com\/es\/producto\/eartha-kitt-live-at-the-tivoli\/","url":"https:\/\/wpguerssen-test.odoo.rgbconsulting.com\/es\/producto\/eartha-kitt-live-at-the-tivoli\/","name":"KITT, Eartha - Eartha Kitt Live At The Tivoli - (LP) | Guerssen","isPartOf":{"@id":"https:\/\/wpguerssen-test.odoo.rgbconsulting.com\/es\/#website"},"primaryImageOfPage":{"@id":"https:\/\/wpguerssen-test.odoo.rgbconsulting.com\/es\/producto\/eartha-kitt-live-at-the-tivoli\/#primaryimage"},"image":{"@id":"https:\/\/wpguerssen-test.odoo.rgbconsulting.com\/es\/producto\/eartha-kitt-live-at-the-tivoli\/#primaryimage"},"thumbnailUrl":"https:\/\/wpguerssen-test.odoo.rgbconsulting.com\/wp-content\/uploads\/2025\/03\/50043.jpg","datePublished":"2025-03-19T23:00:00+00:00","dateModified":"2025-04-16T16:36:44+00:00","description":"American singer and actress Eartha Kitt was probably the strongest personality in the music world of the 1950s and 1960s. She began her career in the early 1940s, appearing in several Broadway plays throughout the decade. By the early 1950s, she had already entered the Top 30 of American songs, including \"Uska Dara\" and the magnificent \"I Want To Be Evil.\" In the 1960s, she became the most evil Catwoman, opposite Adam West's Batman, in the famous television series of the DC Comics character. The album you hold in your hands is a rarity in her discography. She performs some of her greatest hits to an astonished Danish audience at the Tivoli Variet\u00e9en Theatre in Copenhagen.","breadcrumb":{"@id":"https:\/\/wpguerssen-test.odoo.rgbconsulting.com\/es\/producto\/eartha-kitt-live-at-the-tivoli\/#breadcrumb"},"inLanguage":"es","potentialAction":[{"@type":"ReadAction","target":["https:\/\/wpguerssen-test.odoo.rgbconsulting.com\/es\/producto\/eartha-kitt-live-at-the-tivoli\/"]}]},{"@type":"ImageObject","inLanguage":"es","@id":"https:\/\/wpguerssen-test.odoo.rgbconsulting.com\/es\/producto\/eartha-kitt-live-at-the-tivoli\/#primaryimage","url":"https:\/\/wpguerssen-test.odoo.rgbconsulting.com\/wp-content\/uploads\/2025\/03\/50043.jpg","contentUrl":"https:\/\/wpguerssen-test.odoo.rgbconsulting.com\/wp-content\/uploads\/2025\/03\/50043.jpg","width":800,"height":800,"caption":"Eartha - Eartha Kitt Live At The Tivoli - SHELLAC DISC (LP) | Guerssen"},{"@type":"BreadcrumbList","@id":"https:\/\/wpguerssen-test.odoo.rgbconsulting.com\/es\/producto\/eartha-kitt-live-at-the-tivoli\/#breadcrumb","itemListElement":[{"@type":"ListItem","position":1,"name":"Inicio","item":"https:\/\/wpguerssen-test.odoo.rgbconsulting.com\/es\/"},{"@type":"ListItem","position":2,"name":"Shop","item":"https:\/\/wpguerssen-test.odoo.rgbconsulting.com\/shop\/"},{"@type":"ListItem","position":3,"name":"Eartha Kitt Live At The Tivoli"}]},{"@type":"WebSite","@id":"https:\/\/wpguerssen-test.odoo.rgbconsulting.com\/es\/#website","url":"https:\/\/wpguerssen-test.odoo.rgbconsulting.com\/es\/","name":"Guerssen records","description":"psychedelia - progressive - folk - garage ","publisher":{"@id":"https:\/\/wpguerssen-test.odoo.rgbconsulting.com\/es\/#organization"},"potentialAction":[{"@type":"SearchAction","target":{"@type":"EntryPoint","urlTemplate":"https:\/\/wpguerssen-test.odoo.rgbconsulting.com\/es\/?s={search_term_string}"},"query-input":{"@type":"PropertyValueSpecification","valueRequired":true,"valueName":"search_term_string"}}],"inLanguage":"es"},{"@type":"Organization","@id":"https:\/\/wpguerssen-test.odoo.rgbconsulting.com\/es\/#organization","name":"Guerssen records","url":"https:\/\/wpguerssen-test.odoo.rgbconsulting.com\/es\/","logo":{"@type":"ImageObject","inLanguage":"es","@id":"https:\/\/wpguerssen-test.odoo.rgbconsulting.com\/es\/#\/schema\/logo\/image\/","url":"https:\/\/wpguerssen-test.odoo.rgbconsulting.com\/wp-content\/uploads\/2022\/04\/Logo_Guerssen_trans_100.png","contentUrl":"https:\/\/wpguerssen-test.odoo.rgbconsulting.com\/wp-content\/uploads\/2022\/04\/Logo_Guerssen_trans_100.png","width":122,"height":100,"caption":"Guerssen records"},"image":{"@id":"https:\/\/wpguerssen-test.odoo.rgbconsulting.com\/es\/#\/schema\/logo\/image\/"}}]}},"_links":{"self":[{"href":"https:\/\/wpguerssen-test.odoo.rgbconsulting.com\/es\/wp-json\/wp\/v2\/product\/284854","targetHints":{"allow":["GET"]}}],"collection":[{"href":"https:\/\/wpguerssen-test.odoo.rgbconsulting.com\/es\/wp-json\/wp\/v2\/product"}],"about":[{"href":"https:\/\/wpguerssen-test.odoo.rgbconsulting.com\/es\/wp-json\/wp\/v2\/types\/product"}],"wp:featuredmedia":[{"embeddable":true,"href":"https:\/\/wpguerssen-test.odoo.rgbconsulting.com\/es\/wp-json\/wp\/v2\/media\/284813"}],"wp:attachment":[{"href":"https:\/\/wpguerssen-test.odoo.rgbconsulting.com\/es\/wp-json\/wp\/v2\/media?parent=284854"}],"wp:term":[{"taxonomy":"product_brand","embeddable":true,"href":"https:\/\/wpguerssen-test.odoo.rgbconsulting.com\/es\/wp-json\/wp\/v2\/product_brand?post=284854"},{"taxonomy":"product_cat","embeddable":true,"href":"https:\/\/wpguerssen-test.odoo.rgbconsulting.com\/es\/wp-json\/wp\/v2\/product_cat?post=284854"},{"taxonomy":"product_tag","embeddable":true,"href":"https:\/\/wpguerssen-test.odoo.rgbconsulting.com\/es\/wp-json\/wp\/v2\/product_tag?post=284854"}],"curies":[{"name":"wp","href":"https:\/\/api.w.org\/{rel}","templated":true}]}}