{"id":284855,"date":"2025-03-20T00:00:00","date_gmt":"2025-03-19T23:00:00","guid":{"rendered":"https:\/\/wpguerssen-test.odoo.rgbconsulting.com\/product\/port-said-music-of-the-middle-east\/"},"modified":"2025-04-16T18:36:53","modified_gmt":"2025-04-16T16:36:53","slug":"port-said-music-of-the-middle-east","status":"publish","type":"product","link":"https:\/\/wpguerssen-test.odoo.rgbconsulting.com\/es\/producto\/port-said-music-of-the-middle-east\/","title":{"rendered":"Port Said Music Of The Middle East"},"content":{"rendered":"<p>El tenor; int\u00e9rprete de la\u00fad y director de orquesta liban\u00e9s Mohammed El-Bakkar se convirti\u00f3 en una estrella en Egipto; donde apareci\u00f3 en varias pel\u00edculas en lengua \u00e1rabe. En 1952 se traslad\u00f3 a Estados Unidos; donde lleg\u00f3 a interpretar a un vendedor de alfombras orientales cantante en laobra de Broadway &#8216;Fanny&#8217;. Port Said fue su primer LP; una magn\u00edfica pieza de m\u00fasica del mundo cuyos sabores orientales har\u00e1n la banda sonora perfecta para tus veladas de danza del vientre. Le siguieron seis vol\u00famenes m\u00e1s de su serie Music Of The Middle East; que trajo la tradici\u00f3n musical de Oriente Medio a Estados Unidos; siendo uno de los primeros discos de larga duraci\u00f3n en hacerlo; provocando un frenes\u00ed por lo que se ha convertido en el g\u00e9nero de las m\u00fasicas del mundo.<\/p>\n","protected":false},"excerpt":{"rendered":"<p>El tenor; int\u00e9rprete de la\u00fad y director de orquesta liban\u00e9s Mohammed El-Bakkar se convirti\u00f3 en una estrella en Egipto; donde apareci\u00f3 en varias pel\u00edculas en<a class=\"read\" href=\"https:\/\/wpguerssen-test.odoo.rgbconsulting.com\/es\/producto\/port-said-music-of-the-middle-east\/\"> (...)<\/a>","protected":false},"featured_media":284816,"template":"","meta":{"_acf_changed":false},"product_brand":[],"product_cat":[23269,23268],"product_tag":[24189],"class_list":{"0":"post-284855","1":"product","2":"type-product","3":"status-publish","4":"has-post-thumbnail","6":"product_cat-flamenco-world-music-es","7":"product_cat-flamenco-rock-rumba-es","8":"product_tag-recien-llegadas","9":"pa_artist-el-bakkar-mohammed","10":"pa_format-lp-es","11":"pa_gender-flamenco-world-music-flamenco-rock-rumba","12":"pa_label-shellac-disc","13":"pa_location-eastern-es","14":"pa_other-filters-vinyl-only-es","16":"first","17":"instock","18":"taxable","19":"shipping-taxable","20":"purchasable","21":"product-type-simple"},"acf":[],"yoast_head":"<!-- This site is optimized with the Yoast SEO plugin v24.9 - https:\/\/yoast.com\/wordpress\/plugins\/seo\/ -->\n<title>EL-BAKKAR, Mohammed - Port Said Music Of The Middle East -  (LP) | Guerssen<\/title>\n<meta name=\"description\" content=\"Lebanese tenor, lute player and conductor Mohammed El-Bakkar became a star in Egypt, where he appeared in several Arabic-language films. In 1952 he moved to the United States, where he played a singing oriental rug salesman in the Broadway play Fanny. Port Said was his first LP, a magnificent piece of world music whose oriental flavors will make the perfect soundtrack to your belly dancing evenings. Six more volumes followed in his Music Of The Middle East series, which brought the Middle Eastern musical tradition to the United States, one of the first long-playing records to do so, sparking a frenzy for what has become the world music genre.\" \/>\n<meta name=\"robots\" content=\"index, follow, max-snippet:-1, max-image-preview:large, max-video-preview:-1\" \/>\n<link rel=\"canonical\" href=\"https:\/\/wpguerssen-test.odoo.rgbconsulting.com\/es\/producto\/port-said-music-of-the-middle-east\/\" \/>\n<meta property=\"og:locale\" content=\"es_ES\" \/>\n<meta property=\"og:type\" content=\"article\" \/>\n<meta property=\"og:title\" content=\"EL-BAKKAR, Mohammed - Port Said Music Of The Middle East -  (LP) | Guerssen\" \/>\n<meta property=\"og:description\" content=\"Lebanese tenor, lute player and conductor Mohammed El-Bakkar became a star in Egypt, where he appeared in several Arabic-language films. In 1952 he moved to the United States, where he played a singing oriental rug salesman in the Broadway play Fanny. Port Said was his first LP, a magnificent piece of world music whose oriental flavors will make the perfect soundtrack to your belly dancing evenings. Six more volumes followed in his Music Of The Middle East series, which brought the Middle Eastern musical tradition to the United States, one of the first long-playing records to do so, sparking a frenzy for what has become the world music genre.\" \/>\n<meta property=\"og:url\" content=\"https:\/\/wpguerssen-test.odoo.rgbconsulting.com\/es\/producto\/port-said-music-of-the-middle-east\/\" \/>\n<meta property=\"og:site_name\" content=\"Guerssen records\" \/>\n<meta property=\"article:modified_time\" content=\"2025-04-16T16:36:53+00:00\" \/>\n<meta property=\"og:image\" content=\"https:\/\/wpguerssen-test.odoo.rgbconsulting.com\/wp-content\/uploads\/2025\/03\/50044.jpg\" \/>\n\t<meta property=\"og:image:width\" content=\"800\" \/>\n\t<meta property=\"og:image:height\" content=\"800\" \/>\n\t<meta property=\"og:image:type\" content=\"image\/jpeg\" \/>\n<meta name=\"twitter:card\" content=\"summary_large_image\" \/>\n<meta name=\"twitter:title\" content=\"EL-BAKKAR, Mohammed - Port Said Music Of The Middle East -  (LP) | Guerssen\" \/>\n<meta name=\"twitter:label1\" content=\"Tiempo de lectura\" \/>\n\t<meta name=\"twitter:data1\" content=\"1 minuto\" \/>\n<script type=\"application\/ld+json\" class=\"yoast-schema-graph\">{\"@context\":\"https:\/\/schema.org\",\"@graph\":[{\"@type\":\"WebPage\",\"@id\":\"https:\/\/wpguerssen-test.odoo.rgbconsulting.com\/es\/producto\/port-said-music-of-the-middle-east\/\",\"url\":\"https:\/\/wpguerssen-test.odoo.rgbconsulting.com\/es\/producto\/port-said-music-of-the-middle-east\/\",\"name\":\"EL-BAKKAR, Mohammed - Port Said Music Of The Middle East - (LP) | Guerssen\",\"isPartOf\":{\"@id\":\"https:\/\/wpguerssen-test.odoo.rgbconsulting.com\/es\/#website\"},\"primaryImageOfPage\":{\"@id\":\"https:\/\/wpguerssen-test.odoo.rgbconsulting.com\/es\/producto\/port-said-music-of-the-middle-east\/#primaryimage\"},\"image\":{\"@id\":\"https:\/\/wpguerssen-test.odoo.rgbconsulting.com\/es\/producto\/port-said-music-of-the-middle-east\/#primaryimage\"},\"thumbnailUrl\":\"https:\/\/wpguerssen-test.odoo.rgbconsulting.com\/wp-content\/uploads\/2025\/03\/50044.jpg\",\"datePublished\":\"2025-03-19T23:00:00+00:00\",\"dateModified\":\"2025-04-16T16:36:53+00:00\",\"description\":\"Lebanese tenor, lute player and conductor Mohammed El-Bakkar became a star in Egypt, where he appeared in several Arabic-language films. In 1952 he moved to the United States, where he played a singing oriental rug salesman in the Broadway play Fanny. Port Said was his first LP, a magnificent piece of world music whose oriental flavors will make the perfect soundtrack to your belly dancing evenings. Six more volumes followed in his Music Of The Middle East series, which brought the Middle Eastern musical tradition to the United States, one of the first long-playing records to do so, sparking a frenzy for what has become the world music genre.\",\"breadcrumb\":{\"@id\":\"https:\/\/wpguerssen-test.odoo.rgbconsulting.com\/es\/producto\/port-said-music-of-the-middle-east\/#breadcrumb\"},\"inLanguage\":\"es\",\"potentialAction\":[{\"@type\":\"ReadAction\",\"target\":[\"https:\/\/wpguerssen-test.odoo.rgbconsulting.com\/es\/producto\/port-said-music-of-the-middle-east\/\"]}]},{\"@type\":\"ImageObject\",\"inLanguage\":\"es\",\"@id\":\"https:\/\/wpguerssen-test.odoo.rgbconsulting.com\/es\/producto\/port-said-music-of-the-middle-east\/#primaryimage\",\"url\":\"https:\/\/wpguerssen-test.odoo.rgbconsulting.com\/wp-content\/uploads\/2025\/03\/50044.jpg\",\"contentUrl\":\"https:\/\/wpguerssen-test.odoo.rgbconsulting.com\/wp-content\/uploads\/2025\/03\/50044.jpg\",\"width\":800,\"height\":800,\"caption\":\"Mohammed - Port Said Music Of The Middle East - SHELLAC DISC (LP) | Guerssen\"},{\"@type\":\"BreadcrumbList\",\"@id\":\"https:\/\/wpguerssen-test.odoo.rgbconsulting.com\/es\/producto\/port-said-music-of-the-middle-east\/#breadcrumb\",\"itemListElement\":[{\"@type\":\"ListItem\",\"position\":1,\"name\":\"Inicio\",\"item\":\"https:\/\/wpguerssen-test.odoo.rgbconsulting.com\/es\/\"},{\"@type\":\"ListItem\",\"position\":2,\"name\":\"Shop\",\"item\":\"https:\/\/wpguerssen-test.odoo.rgbconsulting.com\/shop\/\"},{\"@type\":\"ListItem\",\"position\":3,\"name\":\"Port Said Music Of The Middle East\"}]},{\"@type\":\"WebSite\",\"@id\":\"https:\/\/wpguerssen-test.odoo.rgbconsulting.com\/es\/#website\",\"url\":\"https:\/\/wpguerssen-test.odoo.rgbconsulting.com\/es\/\",\"name\":\"Guerssen records\",\"description\":\"psychedelia - progressive - folk - garage \",\"publisher\":{\"@id\":\"https:\/\/wpguerssen-test.odoo.rgbconsulting.com\/es\/#organization\"},\"potentialAction\":[{\"@type\":\"SearchAction\",\"target\":{\"@type\":\"EntryPoint\",\"urlTemplate\":\"https:\/\/wpguerssen-test.odoo.rgbconsulting.com\/es\/?s={search_term_string}\"},\"query-input\":{\"@type\":\"PropertyValueSpecification\",\"valueRequired\":true,\"valueName\":\"search_term_string\"}}],\"inLanguage\":\"es\"},{\"@type\":\"Organization\",\"@id\":\"https:\/\/wpguerssen-test.odoo.rgbconsulting.com\/es\/#organization\",\"name\":\"Guerssen records\",\"url\":\"https:\/\/wpguerssen-test.odoo.rgbconsulting.com\/es\/\",\"logo\":{\"@type\":\"ImageObject\",\"inLanguage\":\"es\",\"@id\":\"https:\/\/wpguerssen-test.odoo.rgbconsulting.com\/es\/#\/schema\/logo\/image\/\",\"url\":\"https:\/\/wpguerssen-test.odoo.rgbconsulting.com\/wp-content\/uploads\/2022\/04\/Logo_Guerssen_trans_100.png\",\"contentUrl\":\"https:\/\/wpguerssen-test.odoo.rgbconsulting.com\/wp-content\/uploads\/2022\/04\/Logo_Guerssen_trans_100.png\",\"width\":122,\"height\":100,\"caption\":\"Guerssen records\"},\"image\":{\"@id\":\"https:\/\/wpguerssen-test.odoo.rgbconsulting.com\/es\/#\/schema\/logo\/image\/\"}}]}<\/script>\n<!-- \/ Yoast SEO plugin. -->","yoast_head_json":{"title":"EL-BAKKAR, Mohammed - Port Said Music Of The Middle East -  (LP) | Guerssen","description":"Lebanese tenor, lute player and conductor Mohammed El-Bakkar became a star in Egypt, where he appeared in several Arabic-language films. In 1952 he moved to the United States, where he played a singing oriental rug salesman in the Broadway play Fanny. Port Said was his first LP, a magnificent piece of world music whose oriental flavors will make the perfect soundtrack to your belly dancing evenings. Six more volumes followed in his Music Of The Middle East series, which brought the Middle Eastern musical tradition to the United States, one of the first long-playing records to do so, sparking a frenzy for what has become the world music genre.","robots":{"index":"index","follow":"follow","max-snippet":"max-snippet:-1","max-image-preview":"max-image-preview:large","max-video-preview":"max-video-preview:-1"},"canonical":"https:\/\/wpguerssen-test.odoo.rgbconsulting.com\/es\/producto\/port-said-music-of-the-middle-east\/","og_locale":"es_ES","og_type":"article","og_title":"EL-BAKKAR, Mohammed - Port Said Music Of The Middle East -  (LP) | Guerssen","og_description":"Lebanese tenor, lute player and conductor Mohammed El-Bakkar became a star in Egypt, where he appeared in several Arabic-language films. In 1952 he moved to the United States, where he played a singing oriental rug salesman in the Broadway play Fanny. Port Said was his first LP, a magnificent piece of world music whose oriental flavors will make the perfect soundtrack to your belly dancing evenings. Six more volumes followed in his Music Of The Middle East series, which brought the Middle Eastern musical tradition to the United States, one of the first long-playing records to do so, sparking a frenzy for what has become the world music genre.","og_url":"https:\/\/wpguerssen-test.odoo.rgbconsulting.com\/es\/producto\/port-said-music-of-the-middle-east\/","og_site_name":"Guerssen records","article_modified_time":"2025-04-16T16:36:53+00:00","og_image":[{"width":800,"height":800,"url":"https:\/\/wpguerssen-test.odoo.rgbconsulting.com\/wp-content\/uploads\/2025\/03\/50044.jpg","type":"image\/jpeg"}],"twitter_card":"summary_large_image","twitter_title":"EL-BAKKAR, Mohammed - Port Said Music Of The Middle East -  (LP) | Guerssen","twitter_misc":{"Tiempo de lectura":"1 minuto"},"schema":{"@context":"https:\/\/schema.org","@graph":[{"@type":"WebPage","@id":"https:\/\/wpguerssen-test.odoo.rgbconsulting.com\/es\/producto\/port-said-music-of-the-middle-east\/","url":"https:\/\/wpguerssen-test.odoo.rgbconsulting.com\/es\/producto\/port-said-music-of-the-middle-east\/","name":"EL-BAKKAR, Mohammed - Port Said Music Of The Middle East - (LP) | Guerssen","isPartOf":{"@id":"https:\/\/wpguerssen-test.odoo.rgbconsulting.com\/es\/#website"},"primaryImageOfPage":{"@id":"https:\/\/wpguerssen-test.odoo.rgbconsulting.com\/es\/producto\/port-said-music-of-the-middle-east\/#primaryimage"},"image":{"@id":"https:\/\/wpguerssen-test.odoo.rgbconsulting.com\/es\/producto\/port-said-music-of-the-middle-east\/#primaryimage"},"thumbnailUrl":"https:\/\/wpguerssen-test.odoo.rgbconsulting.com\/wp-content\/uploads\/2025\/03\/50044.jpg","datePublished":"2025-03-19T23:00:00+00:00","dateModified":"2025-04-16T16:36:53+00:00","description":"Lebanese tenor, lute player and conductor Mohammed El-Bakkar became a star in Egypt, where he appeared in several Arabic-language films. In 1952 he moved to the United States, where he played a singing oriental rug salesman in the Broadway play Fanny. Port Said was his first LP, a magnificent piece of world music whose oriental flavors will make the perfect soundtrack to your belly dancing evenings. Six more volumes followed in his Music Of The Middle East series, which brought the Middle Eastern musical tradition to the United States, one of the first long-playing records to do so, sparking a frenzy for what has become the world music genre.","breadcrumb":{"@id":"https:\/\/wpguerssen-test.odoo.rgbconsulting.com\/es\/producto\/port-said-music-of-the-middle-east\/#breadcrumb"},"inLanguage":"es","potentialAction":[{"@type":"ReadAction","target":["https:\/\/wpguerssen-test.odoo.rgbconsulting.com\/es\/producto\/port-said-music-of-the-middle-east\/"]}]},{"@type":"ImageObject","inLanguage":"es","@id":"https:\/\/wpguerssen-test.odoo.rgbconsulting.com\/es\/producto\/port-said-music-of-the-middle-east\/#primaryimage","url":"https:\/\/wpguerssen-test.odoo.rgbconsulting.com\/wp-content\/uploads\/2025\/03\/50044.jpg","contentUrl":"https:\/\/wpguerssen-test.odoo.rgbconsulting.com\/wp-content\/uploads\/2025\/03\/50044.jpg","width":800,"height":800,"caption":"Mohammed - Port Said Music Of The Middle East - SHELLAC DISC (LP) | Guerssen"},{"@type":"BreadcrumbList","@id":"https:\/\/wpguerssen-test.odoo.rgbconsulting.com\/es\/producto\/port-said-music-of-the-middle-east\/#breadcrumb","itemListElement":[{"@type":"ListItem","position":1,"name":"Inicio","item":"https:\/\/wpguerssen-test.odoo.rgbconsulting.com\/es\/"},{"@type":"ListItem","position":2,"name":"Shop","item":"https:\/\/wpguerssen-test.odoo.rgbconsulting.com\/shop\/"},{"@type":"ListItem","position":3,"name":"Port Said Music Of The Middle East"}]},{"@type":"WebSite","@id":"https:\/\/wpguerssen-test.odoo.rgbconsulting.com\/es\/#website","url":"https:\/\/wpguerssen-test.odoo.rgbconsulting.com\/es\/","name":"Guerssen records","description":"psychedelia - progressive - folk - garage ","publisher":{"@id":"https:\/\/wpguerssen-test.odoo.rgbconsulting.com\/es\/#organization"},"potentialAction":[{"@type":"SearchAction","target":{"@type":"EntryPoint","urlTemplate":"https:\/\/wpguerssen-test.odoo.rgbconsulting.com\/es\/?s={search_term_string}"},"query-input":{"@type":"PropertyValueSpecification","valueRequired":true,"valueName":"search_term_string"}}],"inLanguage":"es"},{"@type":"Organization","@id":"https:\/\/wpguerssen-test.odoo.rgbconsulting.com\/es\/#organization","name":"Guerssen records","url":"https:\/\/wpguerssen-test.odoo.rgbconsulting.com\/es\/","logo":{"@type":"ImageObject","inLanguage":"es","@id":"https:\/\/wpguerssen-test.odoo.rgbconsulting.com\/es\/#\/schema\/logo\/image\/","url":"https:\/\/wpguerssen-test.odoo.rgbconsulting.com\/wp-content\/uploads\/2022\/04\/Logo_Guerssen_trans_100.png","contentUrl":"https:\/\/wpguerssen-test.odoo.rgbconsulting.com\/wp-content\/uploads\/2022\/04\/Logo_Guerssen_trans_100.png","width":122,"height":100,"caption":"Guerssen records"},"image":{"@id":"https:\/\/wpguerssen-test.odoo.rgbconsulting.com\/es\/#\/schema\/logo\/image\/"}}]}},"_links":{"self":[{"href":"https:\/\/wpguerssen-test.odoo.rgbconsulting.com\/es\/wp-json\/wp\/v2\/product\/284855","targetHints":{"allow":["GET"]}}],"collection":[{"href":"https:\/\/wpguerssen-test.odoo.rgbconsulting.com\/es\/wp-json\/wp\/v2\/product"}],"about":[{"href":"https:\/\/wpguerssen-test.odoo.rgbconsulting.com\/es\/wp-json\/wp\/v2\/types\/product"}],"wp:featuredmedia":[{"embeddable":true,"href":"https:\/\/wpguerssen-test.odoo.rgbconsulting.com\/es\/wp-json\/wp\/v2\/media\/284816"}],"wp:attachment":[{"href":"https:\/\/wpguerssen-test.odoo.rgbconsulting.com\/es\/wp-json\/wp\/v2\/media?parent=284855"}],"wp:term":[{"taxonomy":"product_brand","embeddable":true,"href":"https:\/\/wpguerssen-test.odoo.rgbconsulting.com\/es\/wp-json\/wp\/v2\/product_brand?post=284855"},{"taxonomy":"product_cat","embeddable":true,"href":"https:\/\/wpguerssen-test.odoo.rgbconsulting.com\/es\/wp-json\/wp\/v2\/product_cat?post=284855"},{"taxonomy":"product_tag","embeddable":true,"href":"https:\/\/wpguerssen-test.odoo.rgbconsulting.com\/es\/wp-json\/wp\/v2\/product_tag?post=284855"}],"curies":[{"name":"wp","href":"https:\/\/api.w.org\/{rel}","templated":true}]}}