{"id":284857,"date":"2025-04-24T00:00:00","date_gmt":"2025-04-23T22:00:00","guid":{"rendered":"https:\/\/wpguerssen-test.odoo.rgbconsulting.com\/product\/pop-goes-the-weasel-rsd-2025\/"},"modified":"2025-04-24T17:23:22","modified_gmt":"2025-04-24T15:23:22","slug":"pop-goes-the-weasel-rsd-2025","status":"publish","type":"product","link":"https:\/\/wpguerssen-test.odoo.rgbconsulting.com\/es\/producto\/pop-goes-the-weasel-rsd-2025\/","title":{"rendered":"Pop Goes The Weasel (RSD 2025)"},"content":{"rendered":"<p>\u00a1RECORD STORE DAY 2025! Despu\u00e9s de los Dead Boys, la leyenda del punk estadounidense Stiv Bators se embarc\u00f3 en un viaje musical que lo llev\u00f3 a tocar el power pop durante una breve carrera en solitario. Tras nuestra reciente reedici\u00f3n del cl\u00e1sico \u00e1lbum de Bators \u00abDisconnected\u00bb, esta recopilaci\u00f3n de rarezas incluye versiones alternativas, caras B y grabaciones en vivo de esta era en la que su m\u00fasica se parec\u00eda m\u00e1s al power pop de los 60 que al punk rock feroz por el que Bators se hizo conocido originalmente. Estamos encantados de lanzar esta colecci\u00f3n esencial de joyas del power pop como parte de una serie de lanzamientos que celebran el 50 aniversario de Bomp! Incluye un folleto con extensas notas del miembro de la banda Frank Secich y fotos raras. Vinilo de 180 g. Lanzamiento exclusivo del Record Store Day.<br \/>TRACKLIST Side A 1. IT&#8217;S COLD OUTSIDE (45 version) 2. THE LAST YEAR (45 version) 3. I STAND ACCUSED (Demo) 4. I&#8217;LL BE ALRIGHT (Demo) 5. FACTORY BOY 6. L.A. L.A. (Jam session) 7. BLUES (aka TROPICANA BLUES) 8. IT&#8217;S ALRIGHT (Alt version feat. Frank Secich on lead vocals) Side B 1. NOT THAT WAY ANYMORE (45 version) 2. CIRCUMSTANTIAL EVIDENCE (45 version) 3. NEAT, NEAT, NEAT (Rehearsal take) 4. MORRISON RANT (Live at The Ritz) 5. LITTLE GIRL (Live) 6. EVIL BOY (Live) 7. A MILLION MILES AWAY (Live) 8. PILLS (Live)<\/p>\n","protected":false},"excerpt":{"rendered":"<p>\u00a1RECORD STORE DAY 2025! Despu\u00e9s de los Dead Boys, la leyenda del punk estadounidense Stiv Bators se embarc\u00f3 en un viaje musical que lo llev\u00f3 a tocar el power pop<a class=\"read\" href=\"https:\/\/wpguerssen-test.odoo.rgbconsulting.com\/es\/producto\/pop-goes-the-weasel-rsd-2025\/\"> (...)<\/a>","protected":false},"featured_media":284822,"template":"","meta":{"_acf_changed":false},"product_brand":[],"product_cat":[21650,23235],"product_tag":[24189],"class_list":{"0":"post-284857","1":"product","2":"type-product","3":"status-publish","4":"has-post-thumbnail","6":"product_cat-punk-es","7":"product_cat-post-punk-es","8":"product_tag-recien-llegadas","9":"pa_artist-bators-stiv","10":"pa_format-lp-es","11":"pa_gender-post-punk-punk","12":"pa_label-munster-es","13":"pa_location-north-america-es","14":"pa_other-filters-vinyl-only-es","16":"first","17":"instock","18":"taxable","19":"shipping-taxable","20":"purchasable","21":"product-type-simple"},"acf":[],"yoast_head":"<!-- This site is optimized with the Yoast SEO plugin v24.9 - https:\/\/yoast.com\/wordpress\/plugins\/seo\/ -->\n<title>BATORS, Stiv - Pop Goes The Weasel (RSD 2025) -  (LP) | Guerssen<\/title>\n<meta name=\"description\" content=\"RECORD STORE DAY 2025! After the Dead Boys, American punk legend Stiv Bators embarked on a musical journey that saw him touch upon power pop during a brief solo career. Following our recent reissue of Bators&#039; classic album &quot;Disconnected&quot;, this compilation of rarities comprises alternative takes, b-sides and live recordings from this era when his music was more similar to 60&#039;s power pop than the vicious punk rock that Bators became known for originally. We are thrilled to release this essential collection of power-pop gems as part of a series of releases celebrating Bomp! 50th anniversary. It includes a booklet with extensive notes by band member Frank Secich and rare photos. 180g vinyl. Exclusive Record Store Day release.TRACKLIST Side A 1. IT&#039;S COLD OUTSIDE (45 version) 2. THE LAST YEAR (45 version) 3. I STAND ACCUSED (Demo) 4. I&#039;LL BE ALRIGHT (Demo) 5. FACTORY BOY 6. L.A. L.A. (Jam session) 7. BLUES (aka TROPICANA BLUES) 8. IT&#039;S ALRIGHT (Alt version feat. Frank Secich on lead vocals) Side B 1. NOT THAT WAY ANYMORE (45 version) 2. CIRCUMSTANTIAL EVIDENCE (45 version) 3. NEAT, NEAT, NEAT (Rehearsal take) 4. MORRISON RANT (Live at The Ritz) 5. LITTLE GIRL (Live) 6. EVIL BOY (Live) 7. A MILLION MILES AWAY (Live) 8. PILLS (Live)\" \/>\n<meta name=\"robots\" content=\"index, follow, max-snippet:-1, max-image-preview:large, max-video-preview:-1\" \/>\n<link rel=\"canonical\" href=\"https:\/\/wpguerssen-test.odoo.rgbconsulting.com\/es\/producto\/pop-goes-the-weasel-rsd-2025\/\" \/>\n<meta property=\"og:locale\" content=\"es_ES\" \/>\n<meta property=\"og:type\" content=\"article\" \/>\n<meta property=\"og:title\" content=\"BATORS, Stiv - Pop Goes The Weasel (RSD 2025) -  (LP) | Guerssen\" \/>\n<meta property=\"og:description\" content=\"RECORD STORE DAY 2025! After the Dead Boys, American punk legend Stiv Bators embarked on a musical journey that saw him touch upon power pop during a brief solo career. Following our recent reissue of Bators&#039; classic album &quot;Disconnected&quot;, this compilation of rarities comprises alternative takes, b-sides and live recordings from this era when his music was more similar to 60&#039;s power pop than the vicious punk rock that Bators became known for originally. We are thrilled to release this essential collection of power-pop gems as part of a series of releases celebrating Bomp! 50th anniversary. It includes a booklet with extensive notes by band member Frank Secich and rare photos. 180g vinyl. Exclusive Record Store Day release.TRACKLIST Side A 1. IT&#039;S COLD OUTSIDE (45 version) 2. THE LAST YEAR (45 version) 3. I STAND ACCUSED (Demo) 4. I&#039;LL BE ALRIGHT (Demo) 5. FACTORY BOY 6. L.A. L.A. (Jam session) 7. BLUES (aka TROPICANA BLUES) 8. IT&#039;S ALRIGHT (Alt version feat. Frank Secich on lead vocals) Side B 1. NOT THAT WAY ANYMORE (45 version) 2. CIRCUMSTANTIAL EVIDENCE (45 version) 3. NEAT, NEAT, NEAT (Rehearsal take) 4. MORRISON RANT (Live at The Ritz) 5. LITTLE GIRL (Live) 6. EVIL BOY (Live) 7. A MILLION MILES AWAY (Live) 8. PILLS (Live)\" \/>\n<meta property=\"og:url\" content=\"https:\/\/wpguerssen-test.odoo.rgbconsulting.com\/es\/producto\/pop-goes-the-weasel-rsd-2025\/\" \/>\n<meta property=\"og:site_name\" content=\"Guerssen records\" \/>\n<meta property=\"article:modified_time\" content=\"2025-04-24T15:23:22+00:00\" \/>\n<meta property=\"og:image\" content=\"https:\/\/wpguerssen-test.odoo.rgbconsulting.com\/wp-content\/uploads\/2025\/03\/50046.jpg\" \/>\n\t<meta property=\"og:image:width\" content=\"1400\" \/>\n\t<meta property=\"og:image:height\" content=\"1400\" \/>\n\t<meta property=\"og:image:type\" content=\"image\/jpeg\" \/>\n<meta name=\"twitter:card\" content=\"summary_large_image\" \/>\n<meta name=\"twitter:title\" content=\"BATORS, Stiv - Pop Goes The Weasel (RSD 2025) -  (LP) | Guerssen\" \/>\n<meta name=\"twitter:label1\" content=\"Tiempo de lectura\" \/>\n\t<meta name=\"twitter:data1\" content=\"1 minuto\" \/>\n<script type=\"application\/ld+json\" class=\"yoast-schema-graph\">{\"@context\":\"https:\/\/schema.org\",\"@graph\":[{\"@type\":\"WebPage\",\"@id\":\"https:\/\/wpguerssen-test.odoo.rgbconsulting.com\/es\/producto\/pop-goes-the-weasel-rsd-2025\/\",\"url\":\"https:\/\/wpguerssen-test.odoo.rgbconsulting.com\/es\/producto\/pop-goes-the-weasel-rsd-2025\/\",\"name\":\"BATORS, Stiv - Pop Goes The Weasel (RSD 2025) - (LP) | Guerssen\",\"isPartOf\":{\"@id\":\"https:\/\/wpguerssen-test.odoo.rgbconsulting.com\/es\/#website\"},\"primaryImageOfPage\":{\"@id\":\"https:\/\/wpguerssen-test.odoo.rgbconsulting.com\/es\/producto\/pop-goes-the-weasel-rsd-2025\/#primaryimage\"},\"image\":{\"@id\":\"https:\/\/wpguerssen-test.odoo.rgbconsulting.com\/es\/producto\/pop-goes-the-weasel-rsd-2025\/#primaryimage\"},\"thumbnailUrl\":\"https:\/\/wpguerssen-test.odoo.rgbconsulting.com\/wp-content\/uploads\/2025\/03\/50046.jpg\",\"datePublished\":\"2025-04-23T22:00:00+00:00\",\"dateModified\":\"2025-04-24T15:23:22+00:00\",\"description\":\"RECORD STORE DAY 2025! After the Dead Boys, American punk legend Stiv Bators embarked on a musical journey that saw him touch upon power pop during a brief solo career. Following our recent reissue of Bators' classic album \\\"Disconnected\\\", this compilation of rarities comprises alternative takes, b-sides and live recordings from this era when his music was more similar to 60's power pop than the vicious punk rock that Bators became known for originally. We are thrilled to release this essential collection of power-pop gems as part of a series of releases celebrating Bomp! 50th anniversary. It includes a booklet with extensive notes by band member Frank Secich and rare photos. 180g vinyl. Exclusive Record Store Day release.TRACKLIST Side A 1. IT'S COLD OUTSIDE (45 version) 2. THE LAST YEAR (45 version) 3. I STAND ACCUSED (Demo) 4. I'LL BE ALRIGHT (Demo) 5. FACTORY BOY 6. L.A. L.A. (Jam session) 7. BLUES (aka TROPICANA BLUES) 8. IT'S ALRIGHT (Alt version feat. Frank Secich on lead vocals) Side B 1. NOT THAT WAY ANYMORE (45 version) 2. CIRCUMSTANTIAL EVIDENCE (45 version) 3. NEAT, NEAT, NEAT (Rehearsal take) 4. MORRISON RANT (Live at The Ritz) 5. LITTLE GIRL (Live) 6. EVIL BOY (Live) 7. A MILLION MILES AWAY (Live) 8. PILLS (Live)\",\"breadcrumb\":{\"@id\":\"https:\/\/wpguerssen-test.odoo.rgbconsulting.com\/es\/producto\/pop-goes-the-weasel-rsd-2025\/#breadcrumb\"},\"inLanguage\":\"es\",\"potentialAction\":[{\"@type\":\"ReadAction\",\"target\":[\"https:\/\/wpguerssen-test.odoo.rgbconsulting.com\/es\/producto\/pop-goes-the-weasel-rsd-2025\/\"]}]},{\"@type\":\"ImageObject\",\"inLanguage\":\"es\",\"@id\":\"https:\/\/wpguerssen-test.odoo.rgbconsulting.com\/es\/producto\/pop-goes-the-weasel-rsd-2025\/#primaryimage\",\"url\":\"https:\/\/wpguerssen-test.odoo.rgbconsulting.com\/wp-content\/uploads\/2025\/03\/50046.jpg\",\"contentUrl\":\"https:\/\/wpguerssen-test.odoo.rgbconsulting.com\/wp-content\/uploads\/2025\/03\/50046.jpg\",\"width\":1400,\"height\":1400,\"caption\":\"Stiv - Pop Goes The Weasel (RSD 2025) - MUNSTER (LP) | Guerssen\"},{\"@type\":\"BreadcrumbList\",\"@id\":\"https:\/\/wpguerssen-test.odoo.rgbconsulting.com\/es\/producto\/pop-goes-the-weasel-rsd-2025\/#breadcrumb\",\"itemListElement\":[{\"@type\":\"ListItem\",\"position\":1,\"name\":\"Inicio\",\"item\":\"https:\/\/wpguerssen-test.odoo.rgbconsulting.com\/es\/\"},{\"@type\":\"ListItem\",\"position\":2,\"name\":\"Shop\",\"item\":\"https:\/\/wpguerssen-test.odoo.rgbconsulting.com\/shop\/\"},{\"@type\":\"ListItem\",\"position\":3,\"name\":\"Pop Goes The Weasel (RSD 2025)\"}]},{\"@type\":\"WebSite\",\"@id\":\"https:\/\/wpguerssen-test.odoo.rgbconsulting.com\/es\/#website\",\"url\":\"https:\/\/wpguerssen-test.odoo.rgbconsulting.com\/es\/\",\"name\":\"Guerssen records\",\"description\":\"psychedelia - progressive - folk - garage \",\"publisher\":{\"@id\":\"https:\/\/wpguerssen-test.odoo.rgbconsulting.com\/es\/#organization\"},\"potentialAction\":[{\"@type\":\"SearchAction\",\"target\":{\"@type\":\"EntryPoint\",\"urlTemplate\":\"https:\/\/wpguerssen-test.odoo.rgbconsulting.com\/es\/?s={search_term_string}\"},\"query-input\":{\"@type\":\"PropertyValueSpecification\",\"valueRequired\":true,\"valueName\":\"search_term_string\"}}],\"inLanguage\":\"es\"},{\"@type\":\"Organization\",\"@id\":\"https:\/\/wpguerssen-test.odoo.rgbconsulting.com\/es\/#organization\",\"name\":\"Guerssen records\",\"url\":\"https:\/\/wpguerssen-test.odoo.rgbconsulting.com\/es\/\",\"logo\":{\"@type\":\"ImageObject\",\"inLanguage\":\"es\",\"@id\":\"https:\/\/wpguerssen-test.odoo.rgbconsulting.com\/es\/#\/schema\/logo\/image\/\",\"url\":\"https:\/\/wpguerssen-test.odoo.rgbconsulting.com\/wp-content\/uploads\/2022\/04\/Logo_Guerssen_trans_100.png\",\"contentUrl\":\"https:\/\/wpguerssen-test.odoo.rgbconsulting.com\/wp-content\/uploads\/2022\/04\/Logo_Guerssen_trans_100.png\",\"width\":122,\"height\":100,\"caption\":\"Guerssen records\"},\"image\":{\"@id\":\"https:\/\/wpguerssen-test.odoo.rgbconsulting.com\/es\/#\/schema\/logo\/image\/\"}}]}<\/script>\n<!-- \/ Yoast SEO plugin. -->","yoast_head_json":{"title":"BATORS, Stiv - Pop Goes The Weasel (RSD 2025) -  (LP) | Guerssen","description":"RECORD STORE DAY 2025! After the Dead Boys, American punk legend Stiv Bators embarked on a musical journey that saw him touch upon power pop during a brief solo career. Following our recent reissue of Bators' classic album \"Disconnected\", this compilation of rarities comprises alternative takes, b-sides and live recordings from this era when his music was more similar to 60's power pop than the vicious punk rock that Bators became known for originally. We are thrilled to release this essential collection of power-pop gems as part of a series of releases celebrating Bomp! 50th anniversary. It includes a booklet with extensive notes by band member Frank Secich and rare photos. 180g vinyl. Exclusive Record Store Day release.TRACKLIST Side A 1. IT'S COLD OUTSIDE (45 version) 2. THE LAST YEAR (45 version) 3. I STAND ACCUSED (Demo) 4. I'LL BE ALRIGHT (Demo) 5. FACTORY BOY 6. L.A. L.A. (Jam session) 7. BLUES (aka TROPICANA BLUES) 8. IT'S ALRIGHT (Alt version feat. Frank Secich on lead vocals) Side B 1. NOT THAT WAY ANYMORE (45 version) 2. CIRCUMSTANTIAL EVIDENCE (45 version) 3. NEAT, NEAT, NEAT (Rehearsal take) 4. MORRISON RANT (Live at The Ritz) 5. LITTLE GIRL (Live) 6. EVIL BOY (Live) 7. A MILLION MILES AWAY (Live) 8. PILLS (Live)","robots":{"index":"index","follow":"follow","max-snippet":"max-snippet:-1","max-image-preview":"max-image-preview:large","max-video-preview":"max-video-preview:-1"},"canonical":"https:\/\/wpguerssen-test.odoo.rgbconsulting.com\/es\/producto\/pop-goes-the-weasel-rsd-2025\/","og_locale":"es_ES","og_type":"article","og_title":"BATORS, Stiv - Pop Goes The Weasel (RSD 2025) -  (LP) | Guerssen","og_description":"RECORD STORE DAY 2025! After the Dead Boys, American punk legend Stiv Bators embarked on a musical journey that saw him touch upon power pop during a brief solo career. Following our recent reissue of Bators' classic album \"Disconnected\", this compilation of rarities comprises alternative takes, b-sides and live recordings from this era when his music was more similar to 60's power pop than the vicious punk rock that Bators became known for originally. We are thrilled to release this essential collection of power-pop gems as part of a series of releases celebrating Bomp! 50th anniversary. It includes a booklet with extensive notes by band member Frank Secich and rare photos. 180g vinyl. Exclusive Record Store Day release.TRACKLIST Side A 1. IT'S COLD OUTSIDE (45 version) 2. THE LAST YEAR (45 version) 3. I STAND ACCUSED (Demo) 4. I'LL BE ALRIGHT (Demo) 5. FACTORY BOY 6. L.A. L.A. (Jam session) 7. BLUES (aka TROPICANA BLUES) 8. IT'S ALRIGHT (Alt version feat. Frank Secich on lead vocals) Side B 1. NOT THAT WAY ANYMORE (45 version) 2. CIRCUMSTANTIAL EVIDENCE (45 version) 3. NEAT, NEAT, NEAT (Rehearsal take) 4. MORRISON RANT (Live at The Ritz) 5. LITTLE GIRL (Live) 6. EVIL BOY (Live) 7. A MILLION MILES AWAY (Live) 8. PILLS (Live)","og_url":"https:\/\/wpguerssen-test.odoo.rgbconsulting.com\/es\/producto\/pop-goes-the-weasel-rsd-2025\/","og_site_name":"Guerssen records","article_modified_time":"2025-04-24T15:23:22+00:00","og_image":[{"width":1400,"height":1400,"url":"https:\/\/wpguerssen-test.odoo.rgbconsulting.com\/wp-content\/uploads\/2025\/03\/50046.jpg","type":"image\/jpeg"}],"twitter_card":"summary_large_image","twitter_title":"BATORS, Stiv - Pop Goes The Weasel (RSD 2025) -  (LP) | Guerssen","twitter_misc":{"Tiempo de lectura":"1 minuto"},"schema":{"@context":"https:\/\/schema.org","@graph":[{"@type":"WebPage","@id":"https:\/\/wpguerssen-test.odoo.rgbconsulting.com\/es\/producto\/pop-goes-the-weasel-rsd-2025\/","url":"https:\/\/wpguerssen-test.odoo.rgbconsulting.com\/es\/producto\/pop-goes-the-weasel-rsd-2025\/","name":"BATORS, Stiv - Pop Goes The Weasel (RSD 2025) - (LP) | Guerssen","isPartOf":{"@id":"https:\/\/wpguerssen-test.odoo.rgbconsulting.com\/es\/#website"},"primaryImageOfPage":{"@id":"https:\/\/wpguerssen-test.odoo.rgbconsulting.com\/es\/producto\/pop-goes-the-weasel-rsd-2025\/#primaryimage"},"image":{"@id":"https:\/\/wpguerssen-test.odoo.rgbconsulting.com\/es\/producto\/pop-goes-the-weasel-rsd-2025\/#primaryimage"},"thumbnailUrl":"https:\/\/wpguerssen-test.odoo.rgbconsulting.com\/wp-content\/uploads\/2025\/03\/50046.jpg","datePublished":"2025-04-23T22:00:00+00:00","dateModified":"2025-04-24T15:23:22+00:00","description":"RECORD STORE DAY 2025! After the Dead Boys, American punk legend Stiv Bators embarked on a musical journey that saw him touch upon power pop during a brief solo career. Following our recent reissue of Bators' classic album \"Disconnected\", this compilation of rarities comprises alternative takes, b-sides and live recordings from this era when his music was more similar to 60's power pop than the vicious punk rock that Bators became known for originally. We are thrilled to release this essential collection of power-pop gems as part of a series of releases celebrating Bomp! 50th anniversary. It includes a booklet with extensive notes by band member Frank Secich and rare photos. 180g vinyl. Exclusive Record Store Day release.TRACKLIST Side A 1. IT'S COLD OUTSIDE (45 version) 2. THE LAST YEAR (45 version) 3. I STAND ACCUSED (Demo) 4. I'LL BE ALRIGHT (Demo) 5. FACTORY BOY 6. L.A. L.A. (Jam session) 7. BLUES (aka TROPICANA BLUES) 8. IT'S ALRIGHT (Alt version feat. Frank Secich on lead vocals) Side B 1. NOT THAT WAY ANYMORE (45 version) 2. CIRCUMSTANTIAL EVIDENCE (45 version) 3. NEAT, NEAT, NEAT (Rehearsal take) 4. MORRISON RANT (Live at The Ritz) 5. LITTLE GIRL (Live) 6. EVIL BOY (Live) 7. A MILLION MILES AWAY (Live) 8. PILLS (Live)","breadcrumb":{"@id":"https:\/\/wpguerssen-test.odoo.rgbconsulting.com\/es\/producto\/pop-goes-the-weasel-rsd-2025\/#breadcrumb"},"inLanguage":"es","potentialAction":[{"@type":"ReadAction","target":["https:\/\/wpguerssen-test.odoo.rgbconsulting.com\/es\/producto\/pop-goes-the-weasel-rsd-2025\/"]}]},{"@type":"ImageObject","inLanguage":"es","@id":"https:\/\/wpguerssen-test.odoo.rgbconsulting.com\/es\/producto\/pop-goes-the-weasel-rsd-2025\/#primaryimage","url":"https:\/\/wpguerssen-test.odoo.rgbconsulting.com\/wp-content\/uploads\/2025\/03\/50046.jpg","contentUrl":"https:\/\/wpguerssen-test.odoo.rgbconsulting.com\/wp-content\/uploads\/2025\/03\/50046.jpg","width":1400,"height":1400,"caption":"Stiv - Pop Goes The Weasel (RSD 2025) - MUNSTER (LP) | Guerssen"},{"@type":"BreadcrumbList","@id":"https:\/\/wpguerssen-test.odoo.rgbconsulting.com\/es\/producto\/pop-goes-the-weasel-rsd-2025\/#breadcrumb","itemListElement":[{"@type":"ListItem","position":1,"name":"Inicio","item":"https:\/\/wpguerssen-test.odoo.rgbconsulting.com\/es\/"},{"@type":"ListItem","position":2,"name":"Shop","item":"https:\/\/wpguerssen-test.odoo.rgbconsulting.com\/shop\/"},{"@type":"ListItem","position":3,"name":"Pop Goes The Weasel (RSD 2025)"}]},{"@type":"WebSite","@id":"https:\/\/wpguerssen-test.odoo.rgbconsulting.com\/es\/#website","url":"https:\/\/wpguerssen-test.odoo.rgbconsulting.com\/es\/","name":"Guerssen records","description":"psychedelia - progressive - folk - garage ","publisher":{"@id":"https:\/\/wpguerssen-test.odoo.rgbconsulting.com\/es\/#organization"},"potentialAction":[{"@type":"SearchAction","target":{"@type":"EntryPoint","urlTemplate":"https:\/\/wpguerssen-test.odoo.rgbconsulting.com\/es\/?s={search_term_string}"},"query-input":{"@type":"PropertyValueSpecification","valueRequired":true,"valueName":"search_term_string"}}],"inLanguage":"es"},{"@type":"Organization","@id":"https:\/\/wpguerssen-test.odoo.rgbconsulting.com\/es\/#organization","name":"Guerssen records","url":"https:\/\/wpguerssen-test.odoo.rgbconsulting.com\/es\/","logo":{"@type":"ImageObject","inLanguage":"es","@id":"https:\/\/wpguerssen-test.odoo.rgbconsulting.com\/es\/#\/schema\/logo\/image\/","url":"https:\/\/wpguerssen-test.odoo.rgbconsulting.com\/wp-content\/uploads\/2022\/04\/Logo_Guerssen_trans_100.png","contentUrl":"https:\/\/wpguerssen-test.odoo.rgbconsulting.com\/wp-content\/uploads\/2022\/04\/Logo_Guerssen_trans_100.png","width":122,"height":100,"caption":"Guerssen records"},"image":{"@id":"https:\/\/wpguerssen-test.odoo.rgbconsulting.com\/es\/#\/schema\/logo\/image\/"}}]}},"_links":{"self":[{"href":"https:\/\/wpguerssen-test.odoo.rgbconsulting.com\/es\/wp-json\/wp\/v2\/product\/284857","targetHints":{"allow":["GET"]}}],"collection":[{"href":"https:\/\/wpguerssen-test.odoo.rgbconsulting.com\/es\/wp-json\/wp\/v2\/product"}],"about":[{"href":"https:\/\/wpguerssen-test.odoo.rgbconsulting.com\/es\/wp-json\/wp\/v2\/types\/product"}],"wp:featuredmedia":[{"embeddable":true,"href":"https:\/\/wpguerssen-test.odoo.rgbconsulting.com\/es\/wp-json\/wp\/v2\/media\/284822"}],"wp:attachment":[{"href":"https:\/\/wpguerssen-test.odoo.rgbconsulting.com\/es\/wp-json\/wp\/v2\/media?parent=284857"}],"wp:term":[{"taxonomy":"product_brand","embeddable":true,"href":"https:\/\/wpguerssen-test.odoo.rgbconsulting.com\/es\/wp-json\/wp\/v2\/product_brand?post=284857"},{"taxonomy":"product_cat","embeddable":true,"href":"https:\/\/wpguerssen-test.odoo.rgbconsulting.com\/es\/wp-json\/wp\/v2\/product_cat?post=284857"},{"taxonomy":"product_tag","embeddable":true,"href":"https:\/\/wpguerssen-test.odoo.rgbconsulting.com\/es\/wp-json\/wp\/v2\/product_tag?post=284857"}],"curies":[{"name":"wp","href":"https:\/\/api.w.org\/{rel}","templated":true}]}}