{"id":284859,"date":"2025-04-14T00:00:00","date_gmt":"2025-04-13T22:00:00","guid":{"rendered":"https:\/\/wpguerssen-test.odoo.rgbconsulting.com\/product\/dame-cafe\/"},"modified":"2025-04-14T16:24:55","modified_gmt":"2025-04-14T14:24:55","slug":"dame-cafe","status":"publish","type":"product","link":"https:\/\/wpguerssen-test.odoo.rgbconsulting.com\/es\/producto\/dame-cafe\/","title":{"rendered":"Dame Caf\u00e9"},"content":{"rendered":"<p>Los Gavilanes De La Costa tuvieron una existencia breve pero dejaron un impacto duradero, especialmente en la escena sonidera de M\u00e9xico. Su \u00e1lbum &#8216;Dame Caf\u00e9&#8217;, lanzado originalmente en Discos Fuentes en 1965 para satisfacer la demanda de m\u00fasica tropical de la \u00e9poca, presenta una mezcla de ritmos tradicionales como vallenato y cumbia, junto con ritmos m\u00e1s experimentales. El sonido animado del \u00e1lbum, que combina melod\u00edas de acorde\u00f3n, bajos profundos y ritmos vibrantes de guacharaca, contin\u00faa resonando en la escena de la m\u00fasica tropical. A lo largo de los a\u00f1os, las ediciones piratas y las copias originales esquivas han hecho de este un art\u00edculo de colecci\u00f3n muy buscado, as\u00ed que aqu\u00ed hay una bienvenida reedici\u00f3n en vinilo.<\/p>\n","protected":false},"excerpt":{"rendered":"<p>Los Gavilanes De La Costa tuvieron una existencia breve pero dejaron un impacto duradero, especialmente en la escena sonidera de M\u00e9xico. Su \u00e1lbum &#8216;Dame Caf\u00e9&#8217;,<a class=\"read\" href=\"https:\/\/wpguerssen-test.odoo.rgbconsulting.com\/es\/producto\/dame-cafe\/\"> (...)<\/a>","protected":false},"featured_media":284828,"template":"","meta":{"_acf_changed":false},"product_brand":[],"product_cat":[23231],"product_tag":[24189],"class_list":{"0":"post-284859","1":"product","2":"type-product","3":"status-publish","4":"has-post-thumbnail","6":"product_cat-latin-brazilian-es","7":"product_tag-recien-llegadas","8":"pa_artist-gavilanes-de-la-costa-los","9":"pa_format-lp-es","10":"pa_gender-latin-brazilian","11":"pa_label-vampi-soul-es","12":"pa_location-south-america-caribbean-es","13":"pa_other-filters-vinyl-only-es","15":"first","16":"instock","17":"taxable","18":"shipping-taxable","19":"purchasable","20":"product-type-simple"},"acf":[],"yoast_head":"<!-- This site is optimized with the Yoast SEO plugin v24.9 - https:\/\/yoast.com\/wordpress\/plugins\/seo\/ -->\n<title>GAVILANES DE LA COSTA, Los - Dame Caf\u00e9 -  (LP) | Guerssen<\/title>\n<meta name=\"description\" content=\"Los Gavilanes De La Costa had a brief existence but left a lasting impact, especially in Mexico&#039;s sonidero scene. Their album &#039;Dame Caf\u00e9&#039;, originally released on Discos Fuentes in 1965 to meet the tropical music demand of the time, features a mix of traditional rhythms s.a. vallenato and cumbia, alongside more experimental beats. The album&#039;s lively sound, combining accordion melodies, deep bass and vibrant guacharaca rhythms, continues to resonate in the tropical music scene. Over the years, pirate editions and elusive original copies have made this one a highly sought-after collector&#039;s item, so here&#039;s a welcome reissue on vinyl.\" \/>\n<meta name=\"robots\" content=\"index, follow, max-snippet:-1, max-image-preview:large, max-video-preview:-1\" \/>\n<link rel=\"canonical\" href=\"https:\/\/wpguerssen-test.odoo.rgbconsulting.com\/es\/producto\/dame-cafe\/\" \/>\n<meta property=\"og:locale\" content=\"es_ES\" \/>\n<meta property=\"og:type\" content=\"article\" \/>\n<meta property=\"og:title\" content=\"GAVILANES DE LA COSTA, Los - Dame Caf\u00e9 -  (LP) | Guerssen\" \/>\n<meta property=\"og:description\" content=\"Los Gavilanes De La Costa had a brief existence but left a lasting impact, especially in Mexico&#039;s sonidero scene. Their album &#039;Dame Caf\u00e9&#039;, originally released on Discos Fuentes in 1965 to meet the tropical music demand of the time, features a mix of traditional rhythms s.a. vallenato and cumbia, alongside more experimental beats. The album&#039;s lively sound, combining accordion melodies, deep bass and vibrant guacharaca rhythms, continues to resonate in the tropical music scene. Over the years, pirate editions and elusive original copies have made this one a highly sought-after collector&#039;s item, so here&#039;s a welcome reissue on vinyl.\" \/>\n<meta property=\"og:url\" content=\"https:\/\/wpguerssen-test.odoo.rgbconsulting.com\/es\/producto\/dame-cafe\/\" \/>\n<meta property=\"og:site_name\" content=\"Guerssen records\" \/>\n<meta property=\"article:modified_time\" content=\"2025-04-14T14:24:55+00:00\" \/>\n<meta property=\"og:image\" content=\"https:\/\/wpguerssen-test.odoo.rgbconsulting.com\/wp-content\/uploads\/2025\/03\/50048.jpg\" \/>\n\t<meta property=\"og:image:width\" content=\"285\" \/>\n\t<meta property=\"og:image:height\" content=\"285\" \/>\n\t<meta property=\"og:image:type\" content=\"image\/jpeg\" \/>\n<meta name=\"twitter:card\" content=\"summary_large_image\" \/>\n<meta name=\"twitter:title\" content=\"GAVILANES DE LA COSTA, Los - Dame Caf\u00e9 -  (LP) | Guerssen\" \/>\n<meta name=\"twitter:label1\" content=\"Tiempo de lectura\" \/>\n\t<meta name=\"twitter:data1\" content=\"1 minuto\" \/>\n<script type=\"application\/ld+json\" class=\"yoast-schema-graph\">{\"@context\":\"https:\/\/schema.org\",\"@graph\":[{\"@type\":\"WebPage\",\"@id\":\"https:\/\/wpguerssen-test.odoo.rgbconsulting.com\/es\/producto\/dame-cafe\/\",\"url\":\"https:\/\/wpguerssen-test.odoo.rgbconsulting.com\/es\/producto\/dame-cafe\/\",\"name\":\"GAVILANES DE LA COSTA, Los - Dame Caf\u00e9 - (LP) | Guerssen\",\"isPartOf\":{\"@id\":\"https:\/\/wpguerssen-test.odoo.rgbconsulting.com\/es\/#website\"},\"primaryImageOfPage\":{\"@id\":\"https:\/\/wpguerssen-test.odoo.rgbconsulting.com\/es\/producto\/dame-cafe\/#primaryimage\"},\"image\":{\"@id\":\"https:\/\/wpguerssen-test.odoo.rgbconsulting.com\/es\/producto\/dame-cafe\/#primaryimage\"},\"thumbnailUrl\":\"https:\/\/wpguerssen-test.odoo.rgbconsulting.com\/wp-content\/uploads\/2025\/03\/50048.jpg\",\"datePublished\":\"2025-04-13T22:00:00+00:00\",\"dateModified\":\"2025-04-14T14:24:55+00:00\",\"description\":\"Los Gavilanes De La Costa had a brief existence but left a lasting impact, especially in Mexico's sonidero scene. Their album 'Dame Caf\u00e9', originally released on Discos Fuentes in 1965 to meet the tropical music demand of the time, features a mix of traditional rhythms s.a. vallenato and cumbia, alongside more experimental beats. The album's lively sound, combining accordion melodies, deep bass and vibrant guacharaca rhythms, continues to resonate in the tropical music scene. Over the years, pirate editions and elusive original copies have made this one a highly sought-after collector's item, so here's a welcome reissue on vinyl.\",\"breadcrumb\":{\"@id\":\"https:\/\/wpguerssen-test.odoo.rgbconsulting.com\/es\/producto\/dame-cafe\/#breadcrumb\"},\"inLanguage\":\"es\",\"potentialAction\":[{\"@type\":\"ReadAction\",\"target\":[\"https:\/\/wpguerssen-test.odoo.rgbconsulting.com\/es\/producto\/dame-cafe\/\"]}]},{\"@type\":\"ImageObject\",\"inLanguage\":\"es\",\"@id\":\"https:\/\/wpguerssen-test.odoo.rgbconsulting.com\/es\/producto\/dame-cafe\/#primaryimage\",\"url\":\"https:\/\/wpguerssen-test.odoo.rgbconsulting.com\/wp-content\/uploads\/2025\/03\/50048.jpg\",\"contentUrl\":\"https:\/\/wpguerssen-test.odoo.rgbconsulting.com\/wp-content\/uploads\/2025\/03\/50048.jpg\",\"width\":285,\"height\":285,\"caption\":\"Los - Dame Caf\u00e9 - VAMPI SOUL (LP) | Guerssen\"},{\"@type\":\"BreadcrumbList\",\"@id\":\"https:\/\/wpguerssen-test.odoo.rgbconsulting.com\/es\/producto\/dame-cafe\/#breadcrumb\",\"itemListElement\":[{\"@type\":\"ListItem\",\"position\":1,\"name\":\"Inicio\",\"item\":\"https:\/\/wpguerssen-test.odoo.rgbconsulting.com\/es\/\"},{\"@type\":\"ListItem\",\"position\":2,\"name\":\"Shop\",\"item\":\"https:\/\/wpguerssen-test.odoo.rgbconsulting.com\/shop\/\"},{\"@type\":\"ListItem\",\"position\":3,\"name\":\"Dame Caf\u00e9\"}]},{\"@type\":\"WebSite\",\"@id\":\"https:\/\/wpguerssen-test.odoo.rgbconsulting.com\/es\/#website\",\"url\":\"https:\/\/wpguerssen-test.odoo.rgbconsulting.com\/es\/\",\"name\":\"Guerssen records\",\"description\":\"psychedelia - progressive - folk - garage \",\"publisher\":{\"@id\":\"https:\/\/wpguerssen-test.odoo.rgbconsulting.com\/es\/#organization\"},\"potentialAction\":[{\"@type\":\"SearchAction\",\"target\":{\"@type\":\"EntryPoint\",\"urlTemplate\":\"https:\/\/wpguerssen-test.odoo.rgbconsulting.com\/es\/?s={search_term_string}\"},\"query-input\":{\"@type\":\"PropertyValueSpecification\",\"valueRequired\":true,\"valueName\":\"search_term_string\"}}],\"inLanguage\":\"es\"},{\"@type\":\"Organization\",\"@id\":\"https:\/\/wpguerssen-test.odoo.rgbconsulting.com\/es\/#organization\",\"name\":\"Guerssen records\",\"url\":\"https:\/\/wpguerssen-test.odoo.rgbconsulting.com\/es\/\",\"logo\":{\"@type\":\"ImageObject\",\"inLanguage\":\"es\",\"@id\":\"https:\/\/wpguerssen-test.odoo.rgbconsulting.com\/es\/#\/schema\/logo\/image\/\",\"url\":\"https:\/\/wpguerssen-test.odoo.rgbconsulting.com\/wp-content\/uploads\/2022\/04\/Logo_Guerssen_trans_100.png\",\"contentUrl\":\"https:\/\/wpguerssen-test.odoo.rgbconsulting.com\/wp-content\/uploads\/2022\/04\/Logo_Guerssen_trans_100.png\",\"width\":122,\"height\":100,\"caption\":\"Guerssen records\"},\"image\":{\"@id\":\"https:\/\/wpguerssen-test.odoo.rgbconsulting.com\/es\/#\/schema\/logo\/image\/\"}}]}<\/script>\n<!-- \/ Yoast SEO plugin. -->","yoast_head_json":{"title":"GAVILANES DE LA COSTA, Los - Dame Caf\u00e9 -  (LP) | Guerssen","description":"Los Gavilanes De La Costa had a brief existence but left a lasting impact, especially in Mexico's sonidero scene. Their album 'Dame Caf\u00e9', originally released on Discos Fuentes in 1965 to meet the tropical music demand of the time, features a mix of traditional rhythms s.a. vallenato and cumbia, alongside more experimental beats. The album's lively sound, combining accordion melodies, deep bass and vibrant guacharaca rhythms, continues to resonate in the tropical music scene. Over the years, pirate editions and elusive original copies have made this one a highly sought-after collector's item, so here's a welcome reissue on vinyl.","robots":{"index":"index","follow":"follow","max-snippet":"max-snippet:-1","max-image-preview":"max-image-preview:large","max-video-preview":"max-video-preview:-1"},"canonical":"https:\/\/wpguerssen-test.odoo.rgbconsulting.com\/es\/producto\/dame-cafe\/","og_locale":"es_ES","og_type":"article","og_title":"GAVILANES DE LA COSTA, Los - Dame Caf\u00e9 -  (LP) | Guerssen","og_description":"Los Gavilanes De La Costa had a brief existence but left a lasting impact, especially in Mexico's sonidero scene. Their album 'Dame Caf\u00e9', originally released on Discos Fuentes in 1965 to meet the tropical music demand of the time, features a mix of traditional rhythms s.a. vallenato and cumbia, alongside more experimental beats. The album's lively sound, combining accordion melodies, deep bass and vibrant guacharaca rhythms, continues to resonate in the tropical music scene. Over the years, pirate editions and elusive original copies have made this one a highly sought-after collector's item, so here's a welcome reissue on vinyl.","og_url":"https:\/\/wpguerssen-test.odoo.rgbconsulting.com\/es\/producto\/dame-cafe\/","og_site_name":"Guerssen records","article_modified_time":"2025-04-14T14:24:55+00:00","og_image":[{"width":285,"height":285,"url":"https:\/\/wpguerssen-test.odoo.rgbconsulting.com\/wp-content\/uploads\/2025\/03\/50048.jpg","type":"image\/jpeg"}],"twitter_card":"summary_large_image","twitter_title":"GAVILANES DE LA COSTA, Los - Dame Caf\u00e9 -  (LP) | Guerssen","twitter_misc":{"Tiempo de lectura":"1 minuto"},"schema":{"@context":"https:\/\/schema.org","@graph":[{"@type":"WebPage","@id":"https:\/\/wpguerssen-test.odoo.rgbconsulting.com\/es\/producto\/dame-cafe\/","url":"https:\/\/wpguerssen-test.odoo.rgbconsulting.com\/es\/producto\/dame-cafe\/","name":"GAVILANES DE LA COSTA, Los - Dame Caf\u00e9 - (LP) | Guerssen","isPartOf":{"@id":"https:\/\/wpguerssen-test.odoo.rgbconsulting.com\/es\/#website"},"primaryImageOfPage":{"@id":"https:\/\/wpguerssen-test.odoo.rgbconsulting.com\/es\/producto\/dame-cafe\/#primaryimage"},"image":{"@id":"https:\/\/wpguerssen-test.odoo.rgbconsulting.com\/es\/producto\/dame-cafe\/#primaryimage"},"thumbnailUrl":"https:\/\/wpguerssen-test.odoo.rgbconsulting.com\/wp-content\/uploads\/2025\/03\/50048.jpg","datePublished":"2025-04-13T22:00:00+00:00","dateModified":"2025-04-14T14:24:55+00:00","description":"Los Gavilanes De La Costa had a brief existence but left a lasting impact, especially in Mexico's sonidero scene. Their album 'Dame Caf\u00e9', originally released on Discos Fuentes in 1965 to meet the tropical music demand of the time, features a mix of traditional rhythms s.a. vallenato and cumbia, alongside more experimental beats. The album's lively sound, combining accordion melodies, deep bass and vibrant guacharaca rhythms, continues to resonate in the tropical music scene. Over the years, pirate editions and elusive original copies have made this one a highly sought-after collector's item, so here's a welcome reissue on vinyl.","breadcrumb":{"@id":"https:\/\/wpguerssen-test.odoo.rgbconsulting.com\/es\/producto\/dame-cafe\/#breadcrumb"},"inLanguage":"es","potentialAction":[{"@type":"ReadAction","target":["https:\/\/wpguerssen-test.odoo.rgbconsulting.com\/es\/producto\/dame-cafe\/"]}]},{"@type":"ImageObject","inLanguage":"es","@id":"https:\/\/wpguerssen-test.odoo.rgbconsulting.com\/es\/producto\/dame-cafe\/#primaryimage","url":"https:\/\/wpguerssen-test.odoo.rgbconsulting.com\/wp-content\/uploads\/2025\/03\/50048.jpg","contentUrl":"https:\/\/wpguerssen-test.odoo.rgbconsulting.com\/wp-content\/uploads\/2025\/03\/50048.jpg","width":285,"height":285,"caption":"Los - Dame Caf\u00e9 - VAMPI SOUL (LP) | Guerssen"},{"@type":"BreadcrumbList","@id":"https:\/\/wpguerssen-test.odoo.rgbconsulting.com\/es\/producto\/dame-cafe\/#breadcrumb","itemListElement":[{"@type":"ListItem","position":1,"name":"Inicio","item":"https:\/\/wpguerssen-test.odoo.rgbconsulting.com\/es\/"},{"@type":"ListItem","position":2,"name":"Shop","item":"https:\/\/wpguerssen-test.odoo.rgbconsulting.com\/shop\/"},{"@type":"ListItem","position":3,"name":"Dame Caf\u00e9"}]},{"@type":"WebSite","@id":"https:\/\/wpguerssen-test.odoo.rgbconsulting.com\/es\/#website","url":"https:\/\/wpguerssen-test.odoo.rgbconsulting.com\/es\/","name":"Guerssen records","description":"psychedelia - progressive - folk - garage ","publisher":{"@id":"https:\/\/wpguerssen-test.odoo.rgbconsulting.com\/es\/#organization"},"potentialAction":[{"@type":"SearchAction","target":{"@type":"EntryPoint","urlTemplate":"https:\/\/wpguerssen-test.odoo.rgbconsulting.com\/es\/?s={search_term_string}"},"query-input":{"@type":"PropertyValueSpecification","valueRequired":true,"valueName":"search_term_string"}}],"inLanguage":"es"},{"@type":"Organization","@id":"https:\/\/wpguerssen-test.odoo.rgbconsulting.com\/es\/#organization","name":"Guerssen records","url":"https:\/\/wpguerssen-test.odoo.rgbconsulting.com\/es\/","logo":{"@type":"ImageObject","inLanguage":"es","@id":"https:\/\/wpguerssen-test.odoo.rgbconsulting.com\/es\/#\/schema\/logo\/image\/","url":"https:\/\/wpguerssen-test.odoo.rgbconsulting.com\/wp-content\/uploads\/2022\/04\/Logo_Guerssen_trans_100.png","contentUrl":"https:\/\/wpguerssen-test.odoo.rgbconsulting.com\/wp-content\/uploads\/2022\/04\/Logo_Guerssen_trans_100.png","width":122,"height":100,"caption":"Guerssen records"},"image":{"@id":"https:\/\/wpguerssen-test.odoo.rgbconsulting.com\/es\/#\/schema\/logo\/image\/"}}]}},"_links":{"self":[{"href":"https:\/\/wpguerssen-test.odoo.rgbconsulting.com\/es\/wp-json\/wp\/v2\/product\/284859","targetHints":{"allow":["GET"]}}],"collection":[{"href":"https:\/\/wpguerssen-test.odoo.rgbconsulting.com\/es\/wp-json\/wp\/v2\/product"}],"about":[{"href":"https:\/\/wpguerssen-test.odoo.rgbconsulting.com\/es\/wp-json\/wp\/v2\/types\/product"}],"wp:featuredmedia":[{"embeddable":true,"href":"https:\/\/wpguerssen-test.odoo.rgbconsulting.com\/es\/wp-json\/wp\/v2\/media\/284828"}],"wp:attachment":[{"href":"https:\/\/wpguerssen-test.odoo.rgbconsulting.com\/es\/wp-json\/wp\/v2\/media?parent=284859"}],"wp:term":[{"taxonomy":"product_brand","embeddable":true,"href":"https:\/\/wpguerssen-test.odoo.rgbconsulting.com\/es\/wp-json\/wp\/v2\/product_brand?post=284859"},{"taxonomy":"product_cat","embeddable":true,"href":"https:\/\/wpguerssen-test.odoo.rgbconsulting.com\/es\/wp-json\/wp\/v2\/product_cat?post=284859"},{"taxonomy":"product_tag","embeddable":true,"href":"https:\/\/wpguerssen-test.odoo.rgbconsulting.com\/es\/wp-json\/wp\/v2\/product_tag?post=284859"}],"curies":[{"name":"wp","href":"https:\/\/api.w.org\/{rel}","templated":true}]}}