{"id":284862,"date":"2025-04-14T00:00:00","date_gmt":"2025-04-13T22:00:00","guid":{"rendered":"https:\/\/wpguerssen-test.odoo.rgbconsulting.com\/product\/el-sonido-niebla-de-los-texao\/"},"modified":"2025-04-23T17:46:17","modified_gmt":"2025-04-23T15:46:17","slug":"el-sonido-niebla-de-los-texao","status":"publish","type":"product","link":"https:\/\/wpguerssen-test.odoo.rgbconsulting.com\/es\/producto\/el-sonido-niebla-de-los-texao\/","title":{"rendered":"El Sonido Niebla De Los Texao"},"content":{"rendered":"<p>Los Texao fue una banda de rock peruana de Arequipa que se form\u00f3 en 1968 y se disolvi\u00f3 unos tres a\u00f1os despu\u00e9s. La m\u00fasica de la banda fusion\u00f3 la energ\u00eda y la est\u00e9tica del rock psicod\u00e9lico con influencias latinoamericanas, cautivando al p\u00fablico de todo el pa\u00eds. Estos muchachos fueron los primeros peruanos fuera de Lima que usaron un efecto fuzztone, como se muestra en los tres sencillos notables que lanzaron entre 1969 y 1971. Este LP recopilatorio incluye las pistas de esos sencillos, as\u00ed como material in\u00e9dito.<\/p>\n","protected":false},"excerpt":{"rendered":"<p>Los Texao fue una banda de rock peruana de Arequipa que se form\u00f3 en 1968 y se disolvi\u00f3 unos tres a\u00f1os despu\u00e9s. La m\u00fasica de la banda fusion\u00f3 la energ\u00eda y la<a class=\"read\" href=\"https:\/\/wpguerssen-test.odoo.rgbconsulting.com\/es\/producto\/el-sonido-niebla-de-los-texao\/\"> (...)<\/a>","protected":false},"featured_media":284837,"template":"","meta":{"_acf_changed":false},"product_brand":[],"product_cat":[21639,23231],"product_tag":[24189],"class_list":{"0":"post-284862","1":"product","2":"type-product","3":"status-publish","4":"has-post-thumbnail","6":"product_cat-psychedelic60s-70s-es","7":"product_cat-latin-brazilian-es","8":"product_tag-recien-llegadas","9":"pa_artist-texao-los","10":"pa_format-lp-es","11":"pa_gender-psychedelic60s-70s-latin-brazilian","12":"pa_label-munster-es","13":"pa_location-south-america-caribbean-es","14":"pa_other-filters-vinyl-only-es","16":"first","17":"instock","18":"taxable","19":"shipping-taxable","20":"purchasable","21":"product-type-simple"},"acf":[],"yoast_head":"<!-- This site is optimized with the Yoast SEO plugin v24.9 - https:\/\/yoast.com\/wordpress\/plugins\/seo\/ -->\n<title>TEXAO, Los - El Sonido Niebla De Los Texao -  (LP) | Guerssen<\/title>\n<meta name=\"description\" content=\"Los Texao was a Peruvian rock band from Arequipa that formed in 1968 and disbanded some three years later. The band&#039;s music fused the energy and aesthetics of psychedelic rock with Latin American influences, captivating audiences across the entire country. These guys were the first Peruvians outside Lima who used a fuzztone effect, as showcased on the three noteworthy singles they released during 1969-1971. This compilation LP includes the tracks from those singles as well as previously unissued material.\" \/>\n<meta name=\"robots\" content=\"index, follow, max-snippet:-1, max-image-preview:large, max-video-preview:-1\" \/>\n<link rel=\"canonical\" href=\"https:\/\/wpguerssen-test.odoo.rgbconsulting.com\/es\/producto\/el-sonido-niebla-de-los-texao\/\" \/>\n<meta property=\"og:locale\" content=\"es_ES\" \/>\n<meta property=\"og:type\" content=\"article\" \/>\n<meta property=\"og:title\" content=\"TEXAO, Los - El Sonido Niebla De Los Texao -  (LP) | Guerssen\" \/>\n<meta property=\"og:description\" content=\"Los Texao was a Peruvian rock band from Arequipa that formed in 1968 and disbanded some three years later. The band&#039;s music fused the energy and aesthetics of psychedelic rock with Latin American influences, captivating audiences across the entire country. These guys were the first Peruvians outside Lima who used a fuzztone effect, as showcased on the three noteworthy singles they released during 1969-1971. This compilation LP includes the tracks from those singles as well as previously unissued material.\" \/>\n<meta property=\"og:url\" content=\"https:\/\/wpguerssen-test.odoo.rgbconsulting.com\/es\/producto\/el-sonido-niebla-de-los-texao\/\" \/>\n<meta property=\"og:site_name\" content=\"Guerssen records\" \/>\n<meta property=\"article:modified_time\" content=\"2025-04-23T15:46:17+00:00\" \/>\n<meta property=\"og:image\" content=\"https:\/\/wpguerssen-test.odoo.rgbconsulting.com\/wp-content\/uploads\/2025\/03\/50051.jpg\" \/>\n\t<meta property=\"og:image:width\" content=\"600\" \/>\n\t<meta property=\"og:image:height\" content=\"600\" \/>\n\t<meta property=\"og:image:type\" content=\"image\/jpeg\" \/>\n<meta name=\"twitter:card\" content=\"summary_large_image\" \/>\n<meta name=\"twitter:title\" content=\"TEXAO, Los - El Sonido Niebla De Los Texao -  (LP) | Guerssen\" \/>\n<script type=\"application\/ld+json\" class=\"yoast-schema-graph\">{\"@context\":\"https:\/\/schema.org\",\"@graph\":[{\"@type\":\"WebPage\",\"@id\":\"https:\/\/wpguerssen-test.odoo.rgbconsulting.com\/es\/producto\/el-sonido-niebla-de-los-texao\/\",\"url\":\"https:\/\/wpguerssen-test.odoo.rgbconsulting.com\/es\/producto\/el-sonido-niebla-de-los-texao\/\",\"name\":\"TEXAO, Los - El Sonido Niebla De Los Texao - (LP) | Guerssen\",\"isPartOf\":{\"@id\":\"https:\/\/wpguerssen-test.odoo.rgbconsulting.com\/es\/#website\"},\"primaryImageOfPage\":{\"@id\":\"https:\/\/wpguerssen-test.odoo.rgbconsulting.com\/es\/producto\/el-sonido-niebla-de-los-texao\/#primaryimage\"},\"image\":{\"@id\":\"https:\/\/wpguerssen-test.odoo.rgbconsulting.com\/es\/producto\/el-sonido-niebla-de-los-texao\/#primaryimage\"},\"thumbnailUrl\":\"https:\/\/wpguerssen-test.odoo.rgbconsulting.com\/wp-content\/uploads\/2025\/03\/50051.jpg\",\"datePublished\":\"2025-04-13T22:00:00+00:00\",\"dateModified\":\"2025-04-23T15:46:17+00:00\",\"description\":\"Los Texao was a Peruvian rock band from Arequipa that formed in 1968 and disbanded some three years later. The band's music fused the energy and aesthetics of psychedelic rock with Latin American influences, captivating audiences across the entire country. These guys were the first Peruvians outside Lima who used a fuzztone effect, as showcased on the three noteworthy singles they released during 1969-1971. This compilation LP includes the tracks from those singles as well as previously unissued material.\",\"breadcrumb\":{\"@id\":\"https:\/\/wpguerssen-test.odoo.rgbconsulting.com\/es\/producto\/el-sonido-niebla-de-los-texao\/#breadcrumb\"},\"inLanguage\":\"es\",\"potentialAction\":[{\"@type\":\"ReadAction\",\"target\":[\"https:\/\/wpguerssen-test.odoo.rgbconsulting.com\/es\/producto\/el-sonido-niebla-de-los-texao\/\"]}]},{\"@type\":\"ImageObject\",\"inLanguage\":\"es\",\"@id\":\"https:\/\/wpguerssen-test.odoo.rgbconsulting.com\/es\/producto\/el-sonido-niebla-de-los-texao\/#primaryimage\",\"url\":\"https:\/\/wpguerssen-test.odoo.rgbconsulting.com\/wp-content\/uploads\/2025\/03\/50051.jpg\",\"contentUrl\":\"https:\/\/wpguerssen-test.odoo.rgbconsulting.com\/wp-content\/uploads\/2025\/03\/50051.jpg\",\"width\":600,\"height\":600,\"caption\":\"Los - El Sonido Niebla De Los Texao - MUNSTER (LP) | Guerssen\"},{\"@type\":\"BreadcrumbList\",\"@id\":\"https:\/\/wpguerssen-test.odoo.rgbconsulting.com\/es\/producto\/el-sonido-niebla-de-los-texao\/#breadcrumb\",\"itemListElement\":[{\"@type\":\"ListItem\",\"position\":1,\"name\":\"Inicio\",\"item\":\"https:\/\/wpguerssen-test.odoo.rgbconsulting.com\/es\/\"},{\"@type\":\"ListItem\",\"position\":2,\"name\":\"Shop\",\"item\":\"https:\/\/wpguerssen-test.odoo.rgbconsulting.com\/shop\/\"},{\"@type\":\"ListItem\",\"position\":3,\"name\":\"El Sonido Niebla De Los Texao\"}]},{\"@type\":\"WebSite\",\"@id\":\"https:\/\/wpguerssen-test.odoo.rgbconsulting.com\/es\/#website\",\"url\":\"https:\/\/wpguerssen-test.odoo.rgbconsulting.com\/es\/\",\"name\":\"Guerssen records\",\"description\":\"psychedelia - progressive - folk - garage \",\"publisher\":{\"@id\":\"https:\/\/wpguerssen-test.odoo.rgbconsulting.com\/es\/#organization\"},\"potentialAction\":[{\"@type\":\"SearchAction\",\"target\":{\"@type\":\"EntryPoint\",\"urlTemplate\":\"https:\/\/wpguerssen-test.odoo.rgbconsulting.com\/es\/?s={search_term_string}\"},\"query-input\":{\"@type\":\"PropertyValueSpecification\",\"valueRequired\":true,\"valueName\":\"search_term_string\"}}],\"inLanguage\":\"es\"},{\"@type\":\"Organization\",\"@id\":\"https:\/\/wpguerssen-test.odoo.rgbconsulting.com\/es\/#organization\",\"name\":\"Guerssen records\",\"url\":\"https:\/\/wpguerssen-test.odoo.rgbconsulting.com\/es\/\",\"logo\":{\"@type\":\"ImageObject\",\"inLanguage\":\"es\",\"@id\":\"https:\/\/wpguerssen-test.odoo.rgbconsulting.com\/es\/#\/schema\/logo\/image\/\",\"url\":\"https:\/\/wpguerssen-test.odoo.rgbconsulting.com\/wp-content\/uploads\/2022\/04\/Logo_Guerssen_trans_100.png\",\"contentUrl\":\"https:\/\/wpguerssen-test.odoo.rgbconsulting.com\/wp-content\/uploads\/2022\/04\/Logo_Guerssen_trans_100.png\",\"width\":122,\"height\":100,\"caption\":\"Guerssen records\"},\"image\":{\"@id\":\"https:\/\/wpguerssen-test.odoo.rgbconsulting.com\/es\/#\/schema\/logo\/image\/\"}}]}<\/script>\n<!-- \/ Yoast SEO plugin. -->","yoast_head_json":{"title":"TEXAO, Los - El Sonido Niebla De Los Texao -  (LP) | Guerssen","description":"Los Texao was a Peruvian rock band from Arequipa that formed in 1968 and disbanded some three years later. The band's music fused the energy and aesthetics of psychedelic rock with Latin American influences, captivating audiences across the entire country. These guys were the first Peruvians outside Lima who used a fuzztone effect, as showcased on the three noteworthy singles they released during 1969-1971. This compilation LP includes the tracks from those singles as well as previously unissued material.","robots":{"index":"index","follow":"follow","max-snippet":"max-snippet:-1","max-image-preview":"max-image-preview:large","max-video-preview":"max-video-preview:-1"},"canonical":"https:\/\/wpguerssen-test.odoo.rgbconsulting.com\/es\/producto\/el-sonido-niebla-de-los-texao\/","og_locale":"es_ES","og_type":"article","og_title":"TEXAO, Los - El Sonido Niebla De Los Texao -  (LP) | Guerssen","og_description":"Los Texao was a Peruvian rock band from Arequipa that formed in 1968 and disbanded some three years later. The band's music fused the energy and aesthetics of psychedelic rock with Latin American influences, captivating audiences across the entire country. These guys were the first Peruvians outside Lima who used a fuzztone effect, as showcased on the three noteworthy singles they released during 1969-1971. This compilation LP includes the tracks from those singles as well as previously unissued material.","og_url":"https:\/\/wpguerssen-test.odoo.rgbconsulting.com\/es\/producto\/el-sonido-niebla-de-los-texao\/","og_site_name":"Guerssen records","article_modified_time":"2025-04-23T15:46:17+00:00","og_image":[{"width":600,"height":600,"url":"https:\/\/wpguerssen-test.odoo.rgbconsulting.com\/wp-content\/uploads\/2025\/03\/50051.jpg","type":"image\/jpeg"}],"twitter_card":"summary_large_image","twitter_title":"TEXAO, Los - El Sonido Niebla De Los Texao -  (LP) | Guerssen","schema":{"@context":"https:\/\/schema.org","@graph":[{"@type":"WebPage","@id":"https:\/\/wpguerssen-test.odoo.rgbconsulting.com\/es\/producto\/el-sonido-niebla-de-los-texao\/","url":"https:\/\/wpguerssen-test.odoo.rgbconsulting.com\/es\/producto\/el-sonido-niebla-de-los-texao\/","name":"TEXAO, Los - El Sonido Niebla De Los Texao - (LP) | Guerssen","isPartOf":{"@id":"https:\/\/wpguerssen-test.odoo.rgbconsulting.com\/es\/#website"},"primaryImageOfPage":{"@id":"https:\/\/wpguerssen-test.odoo.rgbconsulting.com\/es\/producto\/el-sonido-niebla-de-los-texao\/#primaryimage"},"image":{"@id":"https:\/\/wpguerssen-test.odoo.rgbconsulting.com\/es\/producto\/el-sonido-niebla-de-los-texao\/#primaryimage"},"thumbnailUrl":"https:\/\/wpguerssen-test.odoo.rgbconsulting.com\/wp-content\/uploads\/2025\/03\/50051.jpg","datePublished":"2025-04-13T22:00:00+00:00","dateModified":"2025-04-23T15:46:17+00:00","description":"Los Texao was a Peruvian rock band from Arequipa that formed in 1968 and disbanded some three years later. The band's music fused the energy and aesthetics of psychedelic rock with Latin American influences, captivating audiences across the entire country. These guys were the first Peruvians outside Lima who used a fuzztone effect, as showcased on the three noteworthy singles they released during 1969-1971. This compilation LP includes the tracks from those singles as well as previously unissued material.","breadcrumb":{"@id":"https:\/\/wpguerssen-test.odoo.rgbconsulting.com\/es\/producto\/el-sonido-niebla-de-los-texao\/#breadcrumb"},"inLanguage":"es","potentialAction":[{"@type":"ReadAction","target":["https:\/\/wpguerssen-test.odoo.rgbconsulting.com\/es\/producto\/el-sonido-niebla-de-los-texao\/"]}]},{"@type":"ImageObject","inLanguage":"es","@id":"https:\/\/wpguerssen-test.odoo.rgbconsulting.com\/es\/producto\/el-sonido-niebla-de-los-texao\/#primaryimage","url":"https:\/\/wpguerssen-test.odoo.rgbconsulting.com\/wp-content\/uploads\/2025\/03\/50051.jpg","contentUrl":"https:\/\/wpguerssen-test.odoo.rgbconsulting.com\/wp-content\/uploads\/2025\/03\/50051.jpg","width":600,"height":600,"caption":"Los - El Sonido Niebla De Los Texao - MUNSTER (LP) | Guerssen"},{"@type":"BreadcrumbList","@id":"https:\/\/wpguerssen-test.odoo.rgbconsulting.com\/es\/producto\/el-sonido-niebla-de-los-texao\/#breadcrumb","itemListElement":[{"@type":"ListItem","position":1,"name":"Inicio","item":"https:\/\/wpguerssen-test.odoo.rgbconsulting.com\/es\/"},{"@type":"ListItem","position":2,"name":"Shop","item":"https:\/\/wpguerssen-test.odoo.rgbconsulting.com\/shop\/"},{"@type":"ListItem","position":3,"name":"El Sonido Niebla De Los Texao"}]},{"@type":"WebSite","@id":"https:\/\/wpguerssen-test.odoo.rgbconsulting.com\/es\/#website","url":"https:\/\/wpguerssen-test.odoo.rgbconsulting.com\/es\/","name":"Guerssen records","description":"psychedelia - progressive - folk - garage ","publisher":{"@id":"https:\/\/wpguerssen-test.odoo.rgbconsulting.com\/es\/#organization"},"potentialAction":[{"@type":"SearchAction","target":{"@type":"EntryPoint","urlTemplate":"https:\/\/wpguerssen-test.odoo.rgbconsulting.com\/es\/?s={search_term_string}"},"query-input":{"@type":"PropertyValueSpecification","valueRequired":true,"valueName":"search_term_string"}}],"inLanguage":"es"},{"@type":"Organization","@id":"https:\/\/wpguerssen-test.odoo.rgbconsulting.com\/es\/#organization","name":"Guerssen records","url":"https:\/\/wpguerssen-test.odoo.rgbconsulting.com\/es\/","logo":{"@type":"ImageObject","inLanguage":"es","@id":"https:\/\/wpguerssen-test.odoo.rgbconsulting.com\/es\/#\/schema\/logo\/image\/","url":"https:\/\/wpguerssen-test.odoo.rgbconsulting.com\/wp-content\/uploads\/2022\/04\/Logo_Guerssen_trans_100.png","contentUrl":"https:\/\/wpguerssen-test.odoo.rgbconsulting.com\/wp-content\/uploads\/2022\/04\/Logo_Guerssen_trans_100.png","width":122,"height":100,"caption":"Guerssen records"},"image":{"@id":"https:\/\/wpguerssen-test.odoo.rgbconsulting.com\/es\/#\/schema\/logo\/image\/"}}]}},"_links":{"self":[{"href":"https:\/\/wpguerssen-test.odoo.rgbconsulting.com\/es\/wp-json\/wp\/v2\/product\/284862","targetHints":{"allow":["GET"]}}],"collection":[{"href":"https:\/\/wpguerssen-test.odoo.rgbconsulting.com\/es\/wp-json\/wp\/v2\/product"}],"about":[{"href":"https:\/\/wpguerssen-test.odoo.rgbconsulting.com\/es\/wp-json\/wp\/v2\/types\/product"}],"wp:featuredmedia":[{"embeddable":true,"href":"https:\/\/wpguerssen-test.odoo.rgbconsulting.com\/es\/wp-json\/wp\/v2\/media\/284837"}],"wp:attachment":[{"href":"https:\/\/wpguerssen-test.odoo.rgbconsulting.com\/es\/wp-json\/wp\/v2\/media?parent=284862"}],"wp:term":[{"taxonomy":"product_brand","embeddable":true,"href":"https:\/\/wpguerssen-test.odoo.rgbconsulting.com\/es\/wp-json\/wp\/v2\/product_brand?post=284862"},{"taxonomy":"product_cat","embeddable":true,"href":"https:\/\/wpguerssen-test.odoo.rgbconsulting.com\/es\/wp-json\/wp\/v2\/product_cat?post=284862"},{"taxonomy":"product_tag","embeddable":true,"href":"https:\/\/wpguerssen-test.odoo.rgbconsulting.com\/es\/wp-json\/wp\/v2\/product_tag?post=284862"}],"curies":[{"name":"wp","href":"https:\/\/api.w.org\/{rel}","templated":true}]}}