{"id":284864,"date":"2025-04-24T00:00:00","date_gmt":"2025-04-23T22:00:00","guid":{"rendered":"https:\/\/wpguerssen-test.odoo.rgbconsulting.com\/product\/torta-de-pan-la-venganza\/"},"modified":"2025-04-25T14:04:59","modified_gmt":"2025-04-25T12:04:59","slug":"torta-de-pan-la-venganza","status":"publish","type":"product","link":"https:\/\/wpguerssen-test.odoo.rgbconsulting.com\/es\/producto\/torta-de-pan-la-venganza\/","title":{"rendered":"Torta De Pan \/ La venganza"},"content":{"rendered":"<p>En formato de 7 pulgadas se encuentran dos impresionantes joyas del jazz-funk latino para la pista de baile, con un sonido de metales y percusi\u00f3n intensos. Ambas canciones est\u00e1n extra\u00eddas de LP venezolanos muy raros lanzados en 1976 y ahora se reeditan en formato de 45 por primera vez.<\/p>\n","protected":false},"excerpt":{"rendered":"<p>En formato de 7 pulgadas se encuentran dos impresionantes joyas del jazz-funk latino para la pista de baile, con un sonido de metales y percusi\u00f3n intensos. Ambas<a class=\"read\" href=\"https:\/\/wpguerssen-test.odoo.rgbconsulting.com\/es\/producto\/torta-de-pan-la-venganza\/\"> (...)<\/a>","protected":false},"featured_media":284843,"template":"","meta":{"_acf_changed":false},"product_brand":[],"product_cat":[23231,23228],"product_tag":[24189],"class_list":{"0":"post-284864","1":"product","2":"type-product","3":"status-publish","4":"has-post-thumbnail","6":"product_cat-latin-brazilian-es","7":"product_cat-jazz-funk-es","8":"product_tag-recien-llegadas","9":"pa_artist-retreta-mayor-la-schneider-pablo","10":"pa_format-7-es","11":"pa_gender-latin-brazilian-jazz-funk","12":"pa_label-vampi-soul-es","13":"pa_location-south-america-caribbean-es","14":"pa_other-filters-vinyl-only-es","16":"first","17":"instock","18":"taxable","19":"shipping-taxable","20":"purchasable","21":"product-type-simple"},"acf":[],"yoast_head":"<!-- This site is optimized with the Yoast SEO plugin v24.9 - https:\/\/yoast.com\/wordpress\/plugins\/seo\/ -->\n<title>RETRETA MAYOR, La \/ SCHNEIDER, Pablo - Torta De Pan \/ La venganza -  (7&quot;) | Guerssen<\/title>\n<meta name=\"description\" content=\"Pressed on 7-inch are two awesome Latin jazz-funk gems for the dance floor, blazing with rich brass and percussion. Both songs are taken from mega-rare Venezuelan LPs released in 1976 and are now reissued on a 45 for the first time.TRACKLISTING: 01. LA RETRETA MAYOR -TORTA DE PAN 02. PABLO SCHNEIDER -LA VENGANZA\" \/>\n<meta name=\"robots\" content=\"index, follow, max-snippet:-1, max-image-preview:large, max-video-preview:-1\" \/>\n<link rel=\"canonical\" href=\"https:\/\/wpguerssen-test.odoo.rgbconsulting.com\/es\/producto\/torta-de-pan-la-venganza\/\" \/>\n<meta property=\"og:locale\" content=\"es_ES\" \/>\n<meta property=\"og:type\" content=\"article\" \/>\n<meta property=\"og:title\" content=\"RETRETA MAYOR, La \/ SCHNEIDER, Pablo - Torta De Pan \/ La venganza -  (7&quot;) | Guerssen\" \/>\n<meta property=\"og:description\" content=\"Pressed on 7-inch are two awesome Latin jazz-funk gems for the dance floor, blazing with rich brass and percussion. Both songs are taken from mega-rare Venezuelan LPs released in 1976 and are now reissued on a 45 for the first time.TRACKLISTING: 01. LA RETRETA MAYOR -TORTA DE PAN 02. PABLO SCHNEIDER -LA VENGANZA\" \/>\n<meta property=\"og:url\" content=\"https:\/\/wpguerssen-test.odoo.rgbconsulting.com\/es\/producto\/torta-de-pan-la-venganza\/\" \/>\n<meta property=\"og:site_name\" content=\"Guerssen records\" \/>\n<meta property=\"article:modified_time\" content=\"2025-04-25T12:04:59+00:00\" \/>\n<meta property=\"og:image\" content=\"https:\/\/wpguerssen-test.odoo.rgbconsulting.com\/wp-content\/uploads\/2025\/03\/50053.jpg\" \/>\n\t<meta property=\"og:image:width\" content=\"300\" \/>\n\t<meta property=\"og:image:height\" content=\"300\" \/>\n\t<meta property=\"og:image:type\" content=\"image\/jpeg\" \/>\n<meta name=\"twitter:card\" content=\"summary_large_image\" \/>\n<meta name=\"twitter:title\" content=\"RETRETA MAYOR, La \/ SCHNEIDER, Pablo - Torta De Pan \/ La venganza -  (7&quot;) | Guerssen\" \/>\n<script type=\"application\/ld+json\" class=\"yoast-schema-graph\">{\"@context\":\"https:\/\/schema.org\",\"@graph\":[{\"@type\":\"WebPage\",\"@id\":\"https:\/\/wpguerssen-test.odoo.rgbconsulting.com\/es\/producto\/torta-de-pan-la-venganza\/\",\"url\":\"https:\/\/wpguerssen-test.odoo.rgbconsulting.com\/es\/producto\/torta-de-pan-la-venganza\/\",\"name\":\"RETRETA MAYOR, La \/ SCHNEIDER, Pablo - Torta De Pan \/ La venganza - (7\\\") | Guerssen\",\"isPartOf\":{\"@id\":\"https:\/\/wpguerssen-test.odoo.rgbconsulting.com\/es\/#website\"},\"primaryImageOfPage\":{\"@id\":\"https:\/\/wpguerssen-test.odoo.rgbconsulting.com\/es\/producto\/torta-de-pan-la-venganza\/#primaryimage\"},\"image\":{\"@id\":\"https:\/\/wpguerssen-test.odoo.rgbconsulting.com\/es\/producto\/torta-de-pan-la-venganza\/#primaryimage\"},\"thumbnailUrl\":\"https:\/\/wpguerssen-test.odoo.rgbconsulting.com\/wp-content\/uploads\/2025\/03\/50053.jpg\",\"datePublished\":\"2025-04-23T22:00:00+00:00\",\"dateModified\":\"2025-04-25T12:04:59+00:00\",\"description\":\"Pressed on 7-inch are two awesome Latin jazz-funk gems for the dance floor, blazing with rich brass and percussion. Both songs are taken from mega-rare Venezuelan LPs released in 1976 and are now reissued on a 45 for the first time.TRACKLISTING: 01. LA RETRETA MAYOR -TORTA DE PAN 02. PABLO SCHNEIDER -LA VENGANZA\",\"breadcrumb\":{\"@id\":\"https:\/\/wpguerssen-test.odoo.rgbconsulting.com\/es\/producto\/torta-de-pan-la-venganza\/#breadcrumb\"},\"inLanguage\":\"es\",\"potentialAction\":[{\"@type\":\"ReadAction\",\"target\":[\"https:\/\/wpguerssen-test.odoo.rgbconsulting.com\/es\/producto\/torta-de-pan-la-venganza\/\"]}]},{\"@type\":\"ImageObject\",\"inLanguage\":\"es\",\"@id\":\"https:\/\/wpguerssen-test.odoo.rgbconsulting.com\/es\/producto\/torta-de-pan-la-venganza\/#primaryimage\",\"url\":\"https:\/\/wpguerssen-test.odoo.rgbconsulting.com\/wp-content\/uploads\/2025\/03\/50053.jpg\",\"contentUrl\":\"https:\/\/wpguerssen-test.odoo.rgbconsulting.com\/wp-content\/uploads\/2025\/03\/50053.jpg\",\"width\":300,\"height\":300,\"caption\":\"La \/ SCHNEIDER\"},{\"@type\":\"BreadcrumbList\",\"@id\":\"https:\/\/wpguerssen-test.odoo.rgbconsulting.com\/es\/producto\/torta-de-pan-la-venganza\/#breadcrumb\",\"itemListElement\":[{\"@type\":\"ListItem\",\"position\":1,\"name\":\"Inicio\",\"item\":\"https:\/\/wpguerssen-test.odoo.rgbconsulting.com\/es\/\"},{\"@type\":\"ListItem\",\"position\":2,\"name\":\"Shop\",\"item\":\"https:\/\/wpguerssen-test.odoo.rgbconsulting.com\/shop\/\"},{\"@type\":\"ListItem\",\"position\":3,\"name\":\"Torta De Pan \/ La venganza\"}]},{\"@type\":\"WebSite\",\"@id\":\"https:\/\/wpguerssen-test.odoo.rgbconsulting.com\/es\/#website\",\"url\":\"https:\/\/wpguerssen-test.odoo.rgbconsulting.com\/es\/\",\"name\":\"Guerssen records\",\"description\":\"psychedelia - progressive - folk - garage \",\"publisher\":{\"@id\":\"https:\/\/wpguerssen-test.odoo.rgbconsulting.com\/es\/#organization\"},\"potentialAction\":[{\"@type\":\"SearchAction\",\"target\":{\"@type\":\"EntryPoint\",\"urlTemplate\":\"https:\/\/wpguerssen-test.odoo.rgbconsulting.com\/es\/?s={search_term_string}\"},\"query-input\":{\"@type\":\"PropertyValueSpecification\",\"valueRequired\":true,\"valueName\":\"search_term_string\"}}],\"inLanguage\":\"es\"},{\"@type\":\"Organization\",\"@id\":\"https:\/\/wpguerssen-test.odoo.rgbconsulting.com\/es\/#organization\",\"name\":\"Guerssen records\",\"url\":\"https:\/\/wpguerssen-test.odoo.rgbconsulting.com\/es\/\",\"logo\":{\"@type\":\"ImageObject\",\"inLanguage\":\"es\",\"@id\":\"https:\/\/wpguerssen-test.odoo.rgbconsulting.com\/es\/#\/schema\/logo\/image\/\",\"url\":\"https:\/\/wpguerssen-test.odoo.rgbconsulting.com\/wp-content\/uploads\/2022\/04\/Logo_Guerssen_trans_100.png\",\"contentUrl\":\"https:\/\/wpguerssen-test.odoo.rgbconsulting.com\/wp-content\/uploads\/2022\/04\/Logo_Guerssen_trans_100.png\",\"width\":122,\"height\":100,\"caption\":\"Guerssen records\"},\"image\":{\"@id\":\"https:\/\/wpguerssen-test.odoo.rgbconsulting.com\/es\/#\/schema\/logo\/image\/\"}}]}<\/script>\n<!-- \/ Yoast SEO plugin. -->","yoast_head_json":{"title":"RETRETA MAYOR, La \/ SCHNEIDER, Pablo - Torta De Pan \/ La venganza -  (7\") | Guerssen","description":"Pressed on 7-inch are two awesome Latin jazz-funk gems for the dance floor, blazing with rich brass and percussion. Both songs are taken from mega-rare Venezuelan LPs released in 1976 and are now reissued on a 45 for the first time.TRACKLISTING: 01. LA RETRETA MAYOR -TORTA DE PAN 02. PABLO SCHNEIDER -LA VENGANZA","robots":{"index":"index","follow":"follow","max-snippet":"max-snippet:-1","max-image-preview":"max-image-preview:large","max-video-preview":"max-video-preview:-1"},"canonical":"https:\/\/wpguerssen-test.odoo.rgbconsulting.com\/es\/producto\/torta-de-pan-la-venganza\/","og_locale":"es_ES","og_type":"article","og_title":"RETRETA MAYOR, La \/ SCHNEIDER, Pablo - Torta De Pan \/ La venganza -  (7\") | Guerssen","og_description":"Pressed on 7-inch are two awesome Latin jazz-funk gems for the dance floor, blazing with rich brass and percussion. Both songs are taken from mega-rare Venezuelan LPs released in 1976 and are now reissued on a 45 for the first time.TRACKLISTING: 01. LA RETRETA MAYOR -TORTA DE PAN 02. PABLO SCHNEIDER -LA VENGANZA","og_url":"https:\/\/wpguerssen-test.odoo.rgbconsulting.com\/es\/producto\/torta-de-pan-la-venganza\/","og_site_name":"Guerssen records","article_modified_time":"2025-04-25T12:04:59+00:00","og_image":[{"width":300,"height":300,"url":"https:\/\/wpguerssen-test.odoo.rgbconsulting.com\/wp-content\/uploads\/2025\/03\/50053.jpg","type":"image\/jpeg"}],"twitter_card":"summary_large_image","twitter_title":"RETRETA MAYOR, La \/ SCHNEIDER, Pablo - Torta De Pan \/ La venganza -  (7\") | Guerssen","schema":{"@context":"https:\/\/schema.org","@graph":[{"@type":"WebPage","@id":"https:\/\/wpguerssen-test.odoo.rgbconsulting.com\/es\/producto\/torta-de-pan-la-venganza\/","url":"https:\/\/wpguerssen-test.odoo.rgbconsulting.com\/es\/producto\/torta-de-pan-la-venganza\/","name":"RETRETA MAYOR, La \/ SCHNEIDER, Pablo - Torta De Pan \/ La venganza - (7\") | Guerssen","isPartOf":{"@id":"https:\/\/wpguerssen-test.odoo.rgbconsulting.com\/es\/#website"},"primaryImageOfPage":{"@id":"https:\/\/wpguerssen-test.odoo.rgbconsulting.com\/es\/producto\/torta-de-pan-la-venganza\/#primaryimage"},"image":{"@id":"https:\/\/wpguerssen-test.odoo.rgbconsulting.com\/es\/producto\/torta-de-pan-la-venganza\/#primaryimage"},"thumbnailUrl":"https:\/\/wpguerssen-test.odoo.rgbconsulting.com\/wp-content\/uploads\/2025\/03\/50053.jpg","datePublished":"2025-04-23T22:00:00+00:00","dateModified":"2025-04-25T12:04:59+00:00","description":"Pressed on 7-inch are two awesome Latin jazz-funk gems for the dance floor, blazing with rich brass and percussion. Both songs are taken from mega-rare Venezuelan LPs released in 1976 and are now reissued on a 45 for the first time.TRACKLISTING: 01. LA RETRETA MAYOR -TORTA DE PAN 02. PABLO SCHNEIDER -LA VENGANZA","breadcrumb":{"@id":"https:\/\/wpguerssen-test.odoo.rgbconsulting.com\/es\/producto\/torta-de-pan-la-venganza\/#breadcrumb"},"inLanguage":"es","potentialAction":[{"@type":"ReadAction","target":["https:\/\/wpguerssen-test.odoo.rgbconsulting.com\/es\/producto\/torta-de-pan-la-venganza\/"]}]},{"@type":"ImageObject","inLanguage":"es","@id":"https:\/\/wpguerssen-test.odoo.rgbconsulting.com\/es\/producto\/torta-de-pan-la-venganza\/#primaryimage","url":"https:\/\/wpguerssen-test.odoo.rgbconsulting.com\/wp-content\/uploads\/2025\/03\/50053.jpg","contentUrl":"https:\/\/wpguerssen-test.odoo.rgbconsulting.com\/wp-content\/uploads\/2025\/03\/50053.jpg","width":300,"height":300,"caption":"La \/ SCHNEIDER"},{"@type":"BreadcrumbList","@id":"https:\/\/wpguerssen-test.odoo.rgbconsulting.com\/es\/producto\/torta-de-pan-la-venganza\/#breadcrumb","itemListElement":[{"@type":"ListItem","position":1,"name":"Inicio","item":"https:\/\/wpguerssen-test.odoo.rgbconsulting.com\/es\/"},{"@type":"ListItem","position":2,"name":"Shop","item":"https:\/\/wpguerssen-test.odoo.rgbconsulting.com\/shop\/"},{"@type":"ListItem","position":3,"name":"Torta De Pan \/ La venganza"}]},{"@type":"WebSite","@id":"https:\/\/wpguerssen-test.odoo.rgbconsulting.com\/es\/#website","url":"https:\/\/wpguerssen-test.odoo.rgbconsulting.com\/es\/","name":"Guerssen records","description":"psychedelia - progressive - folk - garage ","publisher":{"@id":"https:\/\/wpguerssen-test.odoo.rgbconsulting.com\/es\/#organization"},"potentialAction":[{"@type":"SearchAction","target":{"@type":"EntryPoint","urlTemplate":"https:\/\/wpguerssen-test.odoo.rgbconsulting.com\/es\/?s={search_term_string}"},"query-input":{"@type":"PropertyValueSpecification","valueRequired":true,"valueName":"search_term_string"}}],"inLanguage":"es"},{"@type":"Organization","@id":"https:\/\/wpguerssen-test.odoo.rgbconsulting.com\/es\/#organization","name":"Guerssen records","url":"https:\/\/wpguerssen-test.odoo.rgbconsulting.com\/es\/","logo":{"@type":"ImageObject","inLanguage":"es","@id":"https:\/\/wpguerssen-test.odoo.rgbconsulting.com\/es\/#\/schema\/logo\/image\/","url":"https:\/\/wpguerssen-test.odoo.rgbconsulting.com\/wp-content\/uploads\/2022\/04\/Logo_Guerssen_trans_100.png","contentUrl":"https:\/\/wpguerssen-test.odoo.rgbconsulting.com\/wp-content\/uploads\/2022\/04\/Logo_Guerssen_trans_100.png","width":122,"height":100,"caption":"Guerssen records"},"image":{"@id":"https:\/\/wpguerssen-test.odoo.rgbconsulting.com\/es\/#\/schema\/logo\/image\/"}}]}},"_links":{"self":[{"href":"https:\/\/wpguerssen-test.odoo.rgbconsulting.com\/es\/wp-json\/wp\/v2\/product\/284864","targetHints":{"allow":["GET"]}}],"collection":[{"href":"https:\/\/wpguerssen-test.odoo.rgbconsulting.com\/es\/wp-json\/wp\/v2\/product"}],"about":[{"href":"https:\/\/wpguerssen-test.odoo.rgbconsulting.com\/es\/wp-json\/wp\/v2\/types\/product"}],"wp:featuredmedia":[{"embeddable":true,"href":"https:\/\/wpguerssen-test.odoo.rgbconsulting.com\/es\/wp-json\/wp\/v2\/media\/284843"}],"wp:attachment":[{"href":"https:\/\/wpguerssen-test.odoo.rgbconsulting.com\/es\/wp-json\/wp\/v2\/media?parent=284864"}],"wp:term":[{"taxonomy":"product_brand","embeddable":true,"href":"https:\/\/wpguerssen-test.odoo.rgbconsulting.com\/es\/wp-json\/wp\/v2\/product_brand?post=284864"},{"taxonomy":"product_cat","embeddable":true,"href":"https:\/\/wpguerssen-test.odoo.rgbconsulting.com\/es\/wp-json\/wp\/v2\/product_cat?post=284864"},{"taxonomy":"product_tag","embeddable":true,"href":"https:\/\/wpguerssen-test.odoo.rgbconsulting.com\/es\/wp-json\/wp\/v2\/product_tag?post=284864"}],"curies":[{"name":"wp","href":"https:\/\/api.w.org\/{rel}","templated":true}]}}