{"id":284993,"date":"2025-03-18T00:00:00","date_gmt":"2025-03-17T23:00:00","guid":{"rendered":"https:\/\/wpguerssen-test.odoo.rgbconsulting.com\/product\/on-the-rock-rsd25\/"},"modified":"2025-05-05T11:12:34","modified_gmt":"2025-05-05T09:12:34","slug":"on-the-rock-rsd25","status":"publish","type":"product","link":"https:\/\/wpguerssen-test.odoo.rgbconsulting.com\/es\/producto\/on-the-rock-rsd25\/","title":{"rendered":"On The Rock RSD25"},"content":{"rendered":"<p>Reeditado por primera vez el tercer \u00e1lbum (considerado por muchos su obra maestra) de la primera banda de reggae brit\u00e1nica de la historia, \u00a1con un bonus track! Lantern Records se complace en presentar, por primera vez en vinilo, la reedici\u00f3n de la obra maestra de Cimarons, lanzada originalmente en Vulcan en 1976. Conocida como la primera unidad de reggae brit\u00e1nica, que a menudo trabajaba como banda de acompa\u00f1amiento para varios m\u00fasicos jamaicanos que se dirig\u00edan al Reino Unido en ese momento, como Jimmy Cliff y Bob Marley, The Cimarons tambi\u00e9n trabajaron como banda de sesi\u00f3n para Trojan Records. Impulsado por un fant\u00e1stico documental sobre su carrera, \u201cHarder Than The Rock\u201d, proyectado oficialmente en los cines del Reino Unido a finales de 2024, este lanzamiento es imprescindible para cualquier seguidor del reggae.<\/p>\n<p>\n","protected":false},"excerpt":{"rendered":"<p>Reeditado por primera vez el tercer \u00e1lbum (considerado por muchos su obra maestra) de la primera banda de reggae brit\u00e1nica de la historia, \u00a1con un bonus track!<a class=\"read\" href=\"https:\/\/wpguerssen-test.odoo.rgbconsulting.com\/es\/producto\/on-the-rock-rsd25\/\"> (...)<\/a>","protected":false},"featured_media":283163,"template":"","meta":{"_acf_changed":false},"product_brand":[],"product_cat":[24508,21666],"product_tag":[],"class_list":{"0":"post-284993","1":"product","2":"type-product","3":"status-publish","4":"has-post-thumbnail","6":"product_cat-uncategorized","7":"product_cat-reggae-ska-dub-es","8":"pa_artist-cimarons-the","9":"pa_format-lp-es","10":"pa_gender-reggae-ska-dub","11":"pa_label-lantern-rec-es","12":"pa_location-uk-ireland-es","14":"first","15":"instock","16":"taxable","17":"shipping-taxable","18":"purchasable","19":"product-type-simple"},"acf":[],"yoast_head":"<!-- This site is optimized with the Yoast SEO plugin v24.9 - https:\/\/yoast.com\/wordpress\/plugins\/seo\/ -->\n<title>CIMARONS, The - On The Rock RSD25 -  (LP) | Guerssen<\/title>\n<meta name=\"description\" content=\"Reissued for the first time the third album (considered by many their masterpiece) of the first Uk reggae band ever, with one bonus track! Lantern Records is pleased to introduce, for the first time on vinyl, the reissue of Cimarons masterpiece, originally released on Vulcan in 1976. Known as the first British reggae unit \u2013 often working as a backing band for several Jamaican musicians heading to the UK at the time such as Jimmy Cliff and Bob Marley - The Cimarons also worked as a session band for Trojan records. Propelled by a fantastic documentary on their career - \u201cHarder Than The Rock\u201d officially screened in UK cinemas in late 2024 \u2013 this release is a must have for any reggae supporter.\" \/>\n<meta name=\"robots\" content=\"index, follow, max-snippet:-1, max-image-preview:large, max-video-preview:-1\" \/>\n<link rel=\"canonical\" href=\"https:\/\/wpguerssen-test.odoo.rgbconsulting.com\/es\/producto\/on-the-rock-rsd25\/\" \/>\n<meta property=\"og:locale\" content=\"es_ES\" \/>\n<meta property=\"og:type\" content=\"article\" \/>\n<meta property=\"og:title\" content=\"CIMARONS, The - On The Rock RSD25 -  (LP) | Guerssen\" \/>\n<meta property=\"og:description\" content=\"Reissued for the first time the third album (considered by many their masterpiece) of the first Uk reggae band ever, with one bonus track! Lantern Records is pleased to introduce, for the first time on vinyl, the reissue of Cimarons masterpiece, originally released on Vulcan in 1976. Known as the first British reggae unit \u2013 often working as a backing band for several Jamaican musicians heading to the UK at the time such as Jimmy Cliff and Bob Marley - The Cimarons also worked as a session band for Trojan records. Propelled by a fantastic documentary on their career - \u201cHarder Than The Rock\u201d officially screened in UK cinemas in late 2024 \u2013 this release is a must have for any reggae supporter.\" \/>\n<meta property=\"og:url\" content=\"https:\/\/wpguerssen-test.odoo.rgbconsulting.com\/es\/producto\/on-the-rock-rsd25\/\" \/>\n<meta property=\"og:site_name\" content=\"Guerssen records\" \/>\n<meta property=\"article:modified_time\" content=\"2025-05-05T09:12:34+00:00\" \/>\n<meta property=\"og:image\" content=\"https:\/\/wpguerssen-test.odoo.rgbconsulting.com\/wp-content\/uploads\/2025\/02\/49799.jpg\" \/>\n\t<meta property=\"og:image:width\" content=\"1299\" \/>\n\t<meta property=\"og:image:height\" content=\"1299\" \/>\n\t<meta property=\"og:image:type\" content=\"image\/jpeg\" \/>\n<meta name=\"twitter:card\" content=\"summary_large_image\" \/>\n<meta name=\"twitter:title\" content=\"CIMARONS, The - On The Rock RSD25 -  (LP) | Guerssen\" \/>\n<meta name=\"twitter:label1\" content=\"Tiempo de lectura\" \/>\n\t<meta name=\"twitter:data1\" content=\"1 minuto\" \/>\n<script type=\"application\/ld+json\" class=\"yoast-schema-graph\">{\"@context\":\"https:\/\/schema.org\",\"@graph\":[{\"@type\":\"WebPage\",\"@id\":\"https:\/\/wpguerssen-test.odoo.rgbconsulting.com\/es\/producto\/on-the-rock-rsd25\/\",\"url\":\"https:\/\/wpguerssen-test.odoo.rgbconsulting.com\/es\/producto\/on-the-rock-rsd25\/\",\"name\":\"CIMARONS, The - On The Rock RSD25 - (LP) | Guerssen\",\"isPartOf\":{\"@id\":\"https:\/\/wpguerssen-test.odoo.rgbconsulting.com\/es\/#website\"},\"primaryImageOfPage\":{\"@id\":\"https:\/\/wpguerssen-test.odoo.rgbconsulting.com\/es\/producto\/on-the-rock-rsd25\/#primaryimage\"},\"image\":{\"@id\":\"https:\/\/wpguerssen-test.odoo.rgbconsulting.com\/es\/producto\/on-the-rock-rsd25\/#primaryimage\"},\"thumbnailUrl\":\"https:\/\/wpguerssen-test.odoo.rgbconsulting.com\/wp-content\/uploads\/2025\/02\/49799.jpg\",\"datePublished\":\"2025-03-17T23:00:00+00:00\",\"dateModified\":\"2025-05-05T09:12:34+00:00\",\"description\":\"Reissued for the first time the third album (considered by many their masterpiece) of the first Uk reggae band ever, with one bonus track! Lantern Records is pleased to introduce, for the first time on vinyl, the reissue of Cimarons masterpiece, originally released on Vulcan in 1976. Known as the first British reggae unit \u2013 often working as a backing band for several Jamaican musicians heading to the UK at the time such as Jimmy Cliff and Bob Marley - The Cimarons also worked as a session band for Trojan records. Propelled by a fantastic documentary on their career - \u201cHarder Than The Rock\u201d officially screened in UK cinemas in late 2024 \u2013 this release is a must have for any reggae supporter.\",\"breadcrumb\":{\"@id\":\"https:\/\/wpguerssen-test.odoo.rgbconsulting.com\/es\/producto\/on-the-rock-rsd25\/#breadcrumb\"},\"inLanguage\":\"es\",\"potentialAction\":[{\"@type\":\"ReadAction\",\"target\":[\"https:\/\/wpguerssen-test.odoo.rgbconsulting.com\/es\/producto\/on-the-rock-rsd25\/\"]}]},{\"@type\":\"ImageObject\",\"inLanguage\":\"es\",\"@id\":\"https:\/\/wpguerssen-test.odoo.rgbconsulting.com\/es\/producto\/on-the-rock-rsd25\/#primaryimage\",\"url\":\"https:\/\/wpguerssen-test.odoo.rgbconsulting.com\/wp-content\/uploads\/2025\/02\/49799.jpg\",\"contentUrl\":\"https:\/\/wpguerssen-test.odoo.rgbconsulting.com\/wp-content\/uploads\/2025\/02\/49799.jpg\",\"width\":1299,\"height\":1299,\"caption\":\"The - On The Rock RSD25 - LANTERN REC. (LP) | Guerssen\"},{\"@type\":\"BreadcrumbList\",\"@id\":\"https:\/\/wpguerssen-test.odoo.rgbconsulting.com\/es\/producto\/on-the-rock-rsd25\/#breadcrumb\",\"itemListElement\":[{\"@type\":\"ListItem\",\"position\":1,\"name\":\"Inicio\",\"item\":\"https:\/\/wpguerssen-test.odoo.rgbconsulting.com\/es\/\"},{\"@type\":\"ListItem\",\"position\":2,\"name\":\"Shop\",\"item\":\"https:\/\/wpguerssen-test.odoo.rgbconsulting.com\/shop\/\"},{\"@type\":\"ListItem\",\"position\":3,\"name\":\"On The Rock RSD25\"}]},{\"@type\":\"WebSite\",\"@id\":\"https:\/\/wpguerssen-test.odoo.rgbconsulting.com\/es\/#website\",\"url\":\"https:\/\/wpguerssen-test.odoo.rgbconsulting.com\/es\/\",\"name\":\"Guerssen records\",\"description\":\"psychedelia - progressive - folk - garage \",\"publisher\":{\"@id\":\"https:\/\/wpguerssen-test.odoo.rgbconsulting.com\/es\/#organization\"},\"potentialAction\":[{\"@type\":\"SearchAction\",\"target\":{\"@type\":\"EntryPoint\",\"urlTemplate\":\"https:\/\/wpguerssen-test.odoo.rgbconsulting.com\/es\/?s={search_term_string}\"},\"query-input\":{\"@type\":\"PropertyValueSpecification\",\"valueRequired\":true,\"valueName\":\"search_term_string\"}}],\"inLanguage\":\"es\"},{\"@type\":\"Organization\",\"@id\":\"https:\/\/wpguerssen-test.odoo.rgbconsulting.com\/es\/#organization\",\"name\":\"Guerssen records\",\"url\":\"https:\/\/wpguerssen-test.odoo.rgbconsulting.com\/es\/\",\"logo\":{\"@type\":\"ImageObject\",\"inLanguage\":\"es\",\"@id\":\"https:\/\/wpguerssen-test.odoo.rgbconsulting.com\/es\/#\/schema\/logo\/image\/\",\"url\":\"https:\/\/wpguerssen-test.odoo.rgbconsulting.com\/wp-content\/uploads\/2022\/04\/Logo_Guerssen_trans_100.png\",\"contentUrl\":\"https:\/\/wpguerssen-test.odoo.rgbconsulting.com\/wp-content\/uploads\/2022\/04\/Logo_Guerssen_trans_100.png\",\"width\":122,\"height\":100,\"caption\":\"Guerssen records\"},\"image\":{\"@id\":\"https:\/\/wpguerssen-test.odoo.rgbconsulting.com\/es\/#\/schema\/logo\/image\/\"}}]}<\/script>\n<!-- \/ Yoast SEO plugin. -->","yoast_head_json":{"title":"CIMARONS, The - On The Rock RSD25 -  (LP) | Guerssen","description":"Reissued for the first time the third album (considered by many their masterpiece) of the first Uk reggae band ever, with one bonus track! Lantern Records is pleased to introduce, for the first time on vinyl, the reissue of Cimarons masterpiece, originally released on Vulcan in 1976. Known as the first British reggae unit \u2013 often working as a backing band for several Jamaican musicians heading to the UK at the time such as Jimmy Cliff and Bob Marley - The Cimarons also worked as a session band for Trojan records. Propelled by a fantastic documentary on their career - \u201cHarder Than The Rock\u201d officially screened in UK cinemas in late 2024 \u2013 this release is a must have for any reggae supporter.","robots":{"index":"index","follow":"follow","max-snippet":"max-snippet:-1","max-image-preview":"max-image-preview:large","max-video-preview":"max-video-preview:-1"},"canonical":"https:\/\/wpguerssen-test.odoo.rgbconsulting.com\/es\/producto\/on-the-rock-rsd25\/","og_locale":"es_ES","og_type":"article","og_title":"CIMARONS, The - On The Rock RSD25 -  (LP) | Guerssen","og_description":"Reissued for the first time the third album (considered by many their masterpiece) of the first Uk reggae band ever, with one bonus track! Lantern Records is pleased to introduce, for the first time on vinyl, the reissue of Cimarons masterpiece, originally released on Vulcan in 1976. Known as the first British reggae unit \u2013 often working as a backing band for several Jamaican musicians heading to the UK at the time such as Jimmy Cliff and Bob Marley - The Cimarons also worked as a session band for Trojan records. Propelled by a fantastic documentary on their career - \u201cHarder Than The Rock\u201d officially screened in UK cinemas in late 2024 \u2013 this release is a must have for any reggae supporter.","og_url":"https:\/\/wpguerssen-test.odoo.rgbconsulting.com\/es\/producto\/on-the-rock-rsd25\/","og_site_name":"Guerssen records","article_modified_time":"2025-05-05T09:12:34+00:00","og_image":[{"width":1299,"height":1299,"url":"https:\/\/wpguerssen-test.odoo.rgbconsulting.com\/wp-content\/uploads\/2025\/02\/49799.jpg","type":"image\/jpeg"}],"twitter_card":"summary_large_image","twitter_title":"CIMARONS, The - On The Rock RSD25 -  (LP) | Guerssen","twitter_misc":{"Tiempo de lectura":"1 minuto"},"schema":{"@context":"https:\/\/schema.org","@graph":[{"@type":"WebPage","@id":"https:\/\/wpguerssen-test.odoo.rgbconsulting.com\/es\/producto\/on-the-rock-rsd25\/","url":"https:\/\/wpguerssen-test.odoo.rgbconsulting.com\/es\/producto\/on-the-rock-rsd25\/","name":"CIMARONS, The - On The Rock RSD25 - (LP) | Guerssen","isPartOf":{"@id":"https:\/\/wpguerssen-test.odoo.rgbconsulting.com\/es\/#website"},"primaryImageOfPage":{"@id":"https:\/\/wpguerssen-test.odoo.rgbconsulting.com\/es\/producto\/on-the-rock-rsd25\/#primaryimage"},"image":{"@id":"https:\/\/wpguerssen-test.odoo.rgbconsulting.com\/es\/producto\/on-the-rock-rsd25\/#primaryimage"},"thumbnailUrl":"https:\/\/wpguerssen-test.odoo.rgbconsulting.com\/wp-content\/uploads\/2025\/02\/49799.jpg","datePublished":"2025-03-17T23:00:00+00:00","dateModified":"2025-05-05T09:12:34+00:00","description":"Reissued for the first time the third album (considered by many their masterpiece) of the first Uk reggae band ever, with one bonus track! Lantern Records is pleased to introduce, for the first time on vinyl, the reissue of Cimarons masterpiece, originally released on Vulcan in 1976. Known as the first British reggae unit \u2013 often working as a backing band for several Jamaican musicians heading to the UK at the time such as Jimmy Cliff and Bob Marley - The Cimarons also worked as a session band for Trojan records. Propelled by a fantastic documentary on their career - \u201cHarder Than The Rock\u201d officially screened in UK cinemas in late 2024 \u2013 this release is a must have for any reggae supporter.","breadcrumb":{"@id":"https:\/\/wpguerssen-test.odoo.rgbconsulting.com\/es\/producto\/on-the-rock-rsd25\/#breadcrumb"},"inLanguage":"es","potentialAction":[{"@type":"ReadAction","target":["https:\/\/wpguerssen-test.odoo.rgbconsulting.com\/es\/producto\/on-the-rock-rsd25\/"]}]},{"@type":"ImageObject","inLanguage":"es","@id":"https:\/\/wpguerssen-test.odoo.rgbconsulting.com\/es\/producto\/on-the-rock-rsd25\/#primaryimage","url":"https:\/\/wpguerssen-test.odoo.rgbconsulting.com\/wp-content\/uploads\/2025\/02\/49799.jpg","contentUrl":"https:\/\/wpguerssen-test.odoo.rgbconsulting.com\/wp-content\/uploads\/2025\/02\/49799.jpg","width":1299,"height":1299,"caption":"The - On The Rock RSD25 - LANTERN REC. (LP) | Guerssen"},{"@type":"BreadcrumbList","@id":"https:\/\/wpguerssen-test.odoo.rgbconsulting.com\/es\/producto\/on-the-rock-rsd25\/#breadcrumb","itemListElement":[{"@type":"ListItem","position":1,"name":"Inicio","item":"https:\/\/wpguerssen-test.odoo.rgbconsulting.com\/es\/"},{"@type":"ListItem","position":2,"name":"Shop","item":"https:\/\/wpguerssen-test.odoo.rgbconsulting.com\/shop\/"},{"@type":"ListItem","position":3,"name":"On The Rock RSD25"}]},{"@type":"WebSite","@id":"https:\/\/wpguerssen-test.odoo.rgbconsulting.com\/es\/#website","url":"https:\/\/wpguerssen-test.odoo.rgbconsulting.com\/es\/","name":"Guerssen records","description":"psychedelia - progressive - folk - garage ","publisher":{"@id":"https:\/\/wpguerssen-test.odoo.rgbconsulting.com\/es\/#organization"},"potentialAction":[{"@type":"SearchAction","target":{"@type":"EntryPoint","urlTemplate":"https:\/\/wpguerssen-test.odoo.rgbconsulting.com\/es\/?s={search_term_string}"},"query-input":{"@type":"PropertyValueSpecification","valueRequired":true,"valueName":"search_term_string"}}],"inLanguage":"es"},{"@type":"Organization","@id":"https:\/\/wpguerssen-test.odoo.rgbconsulting.com\/es\/#organization","name":"Guerssen records","url":"https:\/\/wpguerssen-test.odoo.rgbconsulting.com\/es\/","logo":{"@type":"ImageObject","inLanguage":"es","@id":"https:\/\/wpguerssen-test.odoo.rgbconsulting.com\/es\/#\/schema\/logo\/image\/","url":"https:\/\/wpguerssen-test.odoo.rgbconsulting.com\/wp-content\/uploads\/2022\/04\/Logo_Guerssen_trans_100.png","contentUrl":"https:\/\/wpguerssen-test.odoo.rgbconsulting.com\/wp-content\/uploads\/2022\/04\/Logo_Guerssen_trans_100.png","width":122,"height":100,"caption":"Guerssen records"},"image":{"@id":"https:\/\/wpguerssen-test.odoo.rgbconsulting.com\/es\/#\/schema\/logo\/image\/"}}]}},"_links":{"self":[{"href":"https:\/\/wpguerssen-test.odoo.rgbconsulting.com\/es\/wp-json\/wp\/v2\/product\/284993","targetHints":{"allow":["GET"]}}],"collection":[{"href":"https:\/\/wpguerssen-test.odoo.rgbconsulting.com\/es\/wp-json\/wp\/v2\/product"}],"about":[{"href":"https:\/\/wpguerssen-test.odoo.rgbconsulting.com\/es\/wp-json\/wp\/v2\/types\/product"}],"wp:featuredmedia":[{"embeddable":true,"href":"https:\/\/wpguerssen-test.odoo.rgbconsulting.com\/es\/wp-json\/wp\/v2\/media\/283163"}],"wp:attachment":[{"href":"https:\/\/wpguerssen-test.odoo.rgbconsulting.com\/es\/wp-json\/wp\/v2\/media?parent=284993"}],"wp:term":[{"taxonomy":"product_brand","embeddable":true,"href":"https:\/\/wpguerssen-test.odoo.rgbconsulting.com\/es\/wp-json\/wp\/v2\/product_brand?post=284993"},{"taxonomy":"product_cat","embeddable":true,"href":"https:\/\/wpguerssen-test.odoo.rgbconsulting.com\/es\/wp-json\/wp\/v2\/product_cat?post=284993"},{"taxonomy":"product_tag","embeddable":true,"href":"https:\/\/wpguerssen-test.odoo.rgbconsulting.com\/es\/wp-json\/wp\/v2\/product_tag?post=284993"}],"curies":[{"name":"wp","href":"https:\/\/api.w.org\/{rel}","templated":true}]}}