{"id":285694,"date":"2025-03-28T00:00:00","date_gmt":"2025-03-27T23:00:00","guid":{"rendered":"https:\/\/wpguerssen-test.odoo.rgbconsulting.com\/product\/ache-in-silence-live-at-rock-werchter-belgium-81\/"},"modified":"2025-04-16T18:38:02","modified_gmt":"2025-04-16T16:38:02","slug":"ache-in-silence-live-at-rock-werchter-belgium-81","status":"publish","type":"product","link":"https:\/\/wpguerssen-test.odoo.rgbconsulting.com\/es\/producto\/ache-in-silence-live-at-rock-werchter-belgium-81\/","title":{"rendered":"Ache In Silence: Live At Rock Werchter Belgium 81"},"content":{"rendered":"<p>The Cure ofreci\u00f3 una actuaci\u00f3n cautivadora y atmosferica en el Rock Werchter el 5 de julio de 1981, cautivando al p\u00fablico con su emergente sonido post-punk. Su repertorio incluy\u00f3 cl\u00e1sicos de sus inicios, marcando un momento crucial en su ascenso como \u00edconos de la m\u00fasica alternativa.<br \/>TRACKLIST<br \/>SIDE A<br \/>The Holy Hour 4:43 \/ In Your House 3:55 \/ The Drowning Man 5:23<br \/>SIDE B<br \/>10:15 Saturday Night 4:02 \/ Accuracy 2:59 \/ The Funeral Party 4:38 \/ M 3:47<br \/>SIDE C<br \/>Primary 4:56 \/ Other Voices 4:59 \/ All Cats Are Grey 5:41<br \/>SIDE D<br \/>Fire In Cairo 2:53 \/ Play For Today 3:50 \/ A Forest 8:52<\/p>\n","protected":false},"excerpt":{"rendered":"<p>The Cure ofreci\u00f3 una actuaci\u00f3n cautivadora y atmosferica en el Rock Werchter el 5 de julio de 1981, cautivando al p\u00fablico con su emergente sonido post-punk. Su<a class=\"read\" href=\"https:\/\/wpguerssen-test.odoo.rgbconsulting.com\/es\/producto\/ache-in-silence-live-at-rock-werchter-belgium-81\/\"> (...)<\/a>","protected":false},"featured_media":285648,"template":"","meta":{"_acf_changed":false},"product_brand":[],"product_cat":[23235,23222],"product_tag":[24189],"class_list":{"0":"post-285694","1":"product","2":"type-product","3":"status-publish","4":"has-post-thumbnail","6":"product_cat-post-punk-es","7":"product_cat-goth-darkwave-minima-es","8":"product_tag-recien-llegadas","9":"pa_artist-cure-the-es","10":"pa_format-2lp-es","11":"pa_gender-goth-darkwave-minima-post-punk","12":"pa_label-dear-boss","13":"pa_location-uk-ireland-es","14":"pa_other-filters-vinyl-only-es","16":"first","17":"instock","18":"taxable","19":"shipping-taxable","20":"purchasable","21":"product-type-simple"},"acf":[],"yoast_head":"<!-- This site is optimized with the Yoast SEO plugin v24.9 - https:\/\/yoast.com\/wordpress\/plugins\/seo\/ -->\n<title>CURE, The - Ache In Silence: Live At Rock Werchter Belgium 81 -  (2LP) | Guerssen<\/title>\n<meta name=\"description\" content=\"The Cure delivered a haunting and atmospheric performance at Rock Werchter on July 5, 1981, captivating the audience with their emerging post-punk sound. Their set showcased early classics, marking a pivotal moment in their rise as alternative music icons.TRACKLISTSIDE AThe Holy Hour 4:43 \/ In Your House 3:55 \/ The Drowning Man 5:23SIDE B10:15 Saturday Night 4:02 \/ Accuracy 2:59 \/ The Funeral Party 4:38 \/ M 3:47SIDE CPrimary 4:56 \/ Other Voices 4:59 \/ All Cats Are Grey 5:41SIDE DFire In Cairo 2:53 \/ Play For Today 3:50 \/ A Forest 8:52\" \/>\n<meta name=\"robots\" content=\"index, follow, max-snippet:-1, max-image-preview:large, max-video-preview:-1\" \/>\n<link rel=\"canonical\" href=\"https:\/\/wpguerssen-test.odoo.rgbconsulting.com\/es\/producto\/ache-in-silence-live-at-rock-werchter-belgium-81\/\" \/>\n<meta property=\"og:locale\" content=\"es_ES\" \/>\n<meta property=\"og:type\" content=\"article\" \/>\n<meta property=\"og:title\" content=\"CURE, The - Ache In Silence: Live At Rock Werchter Belgium 81 -  (2LP) | Guerssen\" \/>\n<meta property=\"og:description\" content=\"The Cure delivered a haunting and atmospheric performance at Rock Werchter on July 5, 1981, captivating the audience with their emerging post-punk sound. Their set showcased early classics, marking a pivotal moment in their rise as alternative music icons.TRACKLISTSIDE AThe Holy Hour 4:43 \/ In Your House 3:55 \/ The Drowning Man 5:23SIDE B10:15 Saturday Night 4:02 \/ Accuracy 2:59 \/ The Funeral Party 4:38 \/ M 3:47SIDE CPrimary 4:56 \/ Other Voices 4:59 \/ All Cats Are Grey 5:41SIDE DFire In Cairo 2:53 \/ Play For Today 3:50 \/ A Forest 8:52\" \/>\n<meta property=\"og:url\" content=\"https:\/\/wpguerssen-test.odoo.rgbconsulting.com\/es\/producto\/ache-in-silence-live-at-rock-werchter-belgium-81\/\" \/>\n<meta property=\"og:site_name\" content=\"Guerssen records\" \/>\n<meta property=\"article:modified_time\" content=\"2025-04-16T16:38:02+00:00\" \/>\n<meta property=\"og:image\" content=\"https:\/\/wpguerssen-test.odoo.rgbconsulting.com\/wp-content\/uploads\/2025\/03\/50178-1024x1020.jpg\" \/>\n\t<meta property=\"og:image:width\" content=\"1024\" \/>\n\t<meta property=\"og:image:height\" content=\"1020\" \/>\n\t<meta property=\"og:image:type\" content=\"image\/jpeg\" \/>\n<meta name=\"twitter:card\" content=\"summary_large_image\" \/>\n<meta name=\"twitter:title\" content=\"CURE, The - Ache In Silence: Live At Rock Werchter Belgium 81 -  (2LP) | Guerssen\" \/>\n<script type=\"application\/ld+json\" class=\"yoast-schema-graph\">{\"@context\":\"https:\/\/schema.org\",\"@graph\":[{\"@type\":\"WebPage\",\"@id\":\"https:\/\/wpguerssen-test.odoo.rgbconsulting.com\/es\/producto\/ache-in-silence-live-at-rock-werchter-belgium-81\/\",\"url\":\"https:\/\/wpguerssen-test.odoo.rgbconsulting.com\/es\/producto\/ache-in-silence-live-at-rock-werchter-belgium-81\/\",\"name\":\"CURE, The - Ache In Silence: Live At Rock Werchter Belgium 81 - (2LP) | Guerssen\",\"isPartOf\":{\"@id\":\"https:\/\/wpguerssen-test.odoo.rgbconsulting.com\/es\/#website\"},\"primaryImageOfPage\":{\"@id\":\"https:\/\/wpguerssen-test.odoo.rgbconsulting.com\/es\/producto\/ache-in-silence-live-at-rock-werchter-belgium-81\/#primaryimage\"},\"image\":{\"@id\":\"https:\/\/wpguerssen-test.odoo.rgbconsulting.com\/es\/producto\/ache-in-silence-live-at-rock-werchter-belgium-81\/#primaryimage\"},\"thumbnailUrl\":\"https:\/\/wpguerssen-test.odoo.rgbconsulting.com\/wp-content\/uploads\/2025\/03\/50178-scaled.jpg\",\"datePublished\":\"2025-03-27T23:00:00+00:00\",\"dateModified\":\"2025-04-16T16:38:02+00:00\",\"description\":\"The Cure delivered a haunting and atmospheric performance at Rock Werchter on July 5, 1981, captivating the audience with their emerging post-punk sound. Their set showcased early classics, marking a pivotal moment in their rise as alternative music icons.TRACKLISTSIDE AThe Holy Hour 4:43 \/ In Your House 3:55 \/ The Drowning Man 5:23SIDE B10:15 Saturday Night 4:02 \/ Accuracy 2:59 \/ The Funeral Party 4:38 \/ M 3:47SIDE CPrimary 4:56 \/ Other Voices 4:59 \/ All Cats Are Grey 5:41SIDE DFire In Cairo 2:53 \/ Play For Today 3:50 \/ A Forest 8:52\",\"breadcrumb\":{\"@id\":\"https:\/\/wpguerssen-test.odoo.rgbconsulting.com\/es\/producto\/ache-in-silence-live-at-rock-werchter-belgium-81\/#breadcrumb\"},\"inLanguage\":\"es\",\"potentialAction\":[{\"@type\":\"ReadAction\",\"target\":[\"https:\/\/wpguerssen-test.odoo.rgbconsulting.com\/es\/producto\/ache-in-silence-live-at-rock-werchter-belgium-81\/\"]}]},{\"@type\":\"ImageObject\",\"inLanguage\":\"es\",\"@id\":\"https:\/\/wpguerssen-test.odoo.rgbconsulting.com\/es\/producto\/ache-in-silence-live-at-rock-werchter-belgium-81\/#primaryimage\",\"url\":\"https:\/\/wpguerssen-test.odoo.rgbconsulting.com\/wp-content\/uploads\/2025\/03\/50178-scaled.jpg\",\"contentUrl\":\"https:\/\/wpguerssen-test.odoo.rgbconsulting.com\/wp-content\/uploads\/2025\/03\/50178-scaled.jpg\",\"width\":2560,\"height\":2551,\"caption\":\"The - Ache In Silence: Live At Rock Werchter Belgium 81 - DEAR BOSS (2LP) | Guerssen\"},{\"@type\":\"BreadcrumbList\",\"@id\":\"https:\/\/wpguerssen-test.odoo.rgbconsulting.com\/es\/producto\/ache-in-silence-live-at-rock-werchter-belgium-81\/#breadcrumb\",\"itemListElement\":[{\"@type\":\"ListItem\",\"position\":1,\"name\":\"Inicio\",\"item\":\"https:\/\/wpguerssen-test.odoo.rgbconsulting.com\/es\/\"},{\"@type\":\"ListItem\",\"position\":2,\"name\":\"Shop\",\"item\":\"https:\/\/wpguerssen-test.odoo.rgbconsulting.com\/shop\/\"},{\"@type\":\"ListItem\",\"position\":3,\"name\":\"Ache In Silence: Live At Rock Werchter Belgium 81\"}]},{\"@type\":\"WebSite\",\"@id\":\"https:\/\/wpguerssen-test.odoo.rgbconsulting.com\/es\/#website\",\"url\":\"https:\/\/wpguerssen-test.odoo.rgbconsulting.com\/es\/\",\"name\":\"Guerssen records\",\"description\":\"psychedelia - progressive - folk - garage \",\"publisher\":{\"@id\":\"https:\/\/wpguerssen-test.odoo.rgbconsulting.com\/es\/#organization\"},\"potentialAction\":[{\"@type\":\"SearchAction\",\"target\":{\"@type\":\"EntryPoint\",\"urlTemplate\":\"https:\/\/wpguerssen-test.odoo.rgbconsulting.com\/es\/?s={search_term_string}\"},\"query-input\":{\"@type\":\"PropertyValueSpecification\",\"valueRequired\":true,\"valueName\":\"search_term_string\"}}],\"inLanguage\":\"es\"},{\"@type\":\"Organization\",\"@id\":\"https:\/\/wpguerssen-test.odoo.rgbconsulting.com\/es\/#organization\",\"name\":\"Guerssen records\",\"url\":\"https:\/\/wpguerssen-test.odoo.rgbconsulting.com\/es\/\",\"logo\":{\"@type\":\"ImageObject\",\"inLanguage\":\"es\",\"@id\":\"https:\/\/wpguerssen-test.odoo.rgbconsulting.com\/es\/#\/schema\/logo\/image\/\",\"url\":\"https:\/\/wpguerssen-test.odoo.rgbconsulting.com\/wp-content\/uploads\/2022\/04\/Logo_Guerssen_trans_100.png\",\"contentUrl\":\"https:\/\/wpguerssen-test.odoo.rgbconsulting.com\/wp-content\/uploads\/2022\/04\/Logo_Guerssen_trans_100.png\",\"width\":122,\"height\":100,\"caption\":\"Guerssen records\"},\"image\":{\"@id\":\"https:\/\/wpguerssen-test.odoo.rgbconsulting.com\/es\/#\/schema\/logo\/image\/\"}}]}<\/script>\n<!-- \/ Yoast SEO plugin. -->","yoast_head_json":{"title":"CURE, The - Ache In Silence: Live At Rock Werchter Belgium 81 -  (2LP) | Guerssen","description":"The Cure delivered a haunting and atmospheric performance at Rock Werchter on July 5, 1981, captivating the audience with their emerging post-punk sound. Their set showcased early classics, marking a pivotal moment in their rise as alternative music icons.TRACKLISTSIDE AThe Holy Hour 4:43 \/ In Your House 3:55 \/ The Drowning Man 5:23SIDE B10:15 Saturday Night 4:02 \/ Accuracy 2:59 \/ The Funeral Party 4:38 \/ M 3:47SIDE CPrimary 4:56 \/ Other Voices 4:59 \/ All Cats Are Grey 5:41SIDE DFire In Cairo 2:53 \/ Play For Today 3:50 \/ A Forest 8:52","robots":{"index":"index","follow":"follow","max-snippet":"max-snippet:-1","max-image-preview":"max-image-preview:large","max-video-preview":"max-video-preview:-1"},"canonical":"https:\/\/wpguerssen-test.odoo.rgbconsulting.com\/es\/producto\/ache-in-silence-live-at-rock-werchter-belgium-81\/","og_locale":"es_ES","og_type":"article","og_title":"CURE, The - Ache In Silence: Live At Rock Werchter Belgium 81 -  (2LP) | Guerssen","og_description":"The Cure delivered a haunting and atmospheric performance at Rock Werchter on July 5, 1981, captivating the audience with their emerging post-punk sound. Their set showcased early classics, marking a pivotal moment in their rise as alternative music icons.TRACKLISTSIDE AThe Holy Hour 4:43 \/ In Your House 3:55 \/ The Drowning Man 5:23SIDE B10:15 Saturday Night 4:02 \/ Accuracy 2:59 \/ The Funeral Party 4:38 \/ M 3:47SIDE CPrimary 4:56 \/ Other Voices 4:59 \/ All Cats Are Grey 5:41SIDE DFire In Cairo 2:53 \/ Play For Today 3:50 \/ A Forest 8:52","og_url":"https:\/\/wpguerssen-test.odoo.rgbconsulting.com\/es\/producto\/ache-in-silence-live-at-rock-werchter-belgium-81\/","og_site_name":"Guerssen records","article_modified_time":"2025-04-16T16:38:02+00:00","og_image":[{"width":1024,"height":1020,"url":"https:\/\/wpguerssen-test.odoo.rgbconsulting.com\/wp-content\/uploads\/2025\/03\/50178-1024x1020.jpg","type":"image\/jpeg"}],"twitter_card":"summary_large_image","twitter_title":"CURE, The - Ache In Silence: Live At Rock Werchter Belgium 81 -  (2LP) | Guerssen","schema":{"@context":"https:\/\/schema.org","@graph":[{"@type":"WebPage","@id":"https:\/\/wpguerssen-test.odoo.rgbconsulting.com\/es\/producto\/ache-in-silence-live-at-rock-werchter-belgium-81\/","url":"https:\/\/wpguerssen-test.odoo.rgbconsulting.com\/es\/producto\/ache-in-silence-live-at-rock-werchter-belgium-81\/","name":"CURE, The - Ache In Silence: Live At Rock Werchter Belgium 81 - (2LP) | Guerssen","isPartOf":{"@id":"https:\/\/wpguerssen-test.odoo.rgbconsulting.com\/es\/#website"},"primaryImageOfPage":{"@id":"https:\/\/wpguerssen-test.odoo.rgbconsulting.com\/es\/producto\/ache-in-silence-live-at-rock-werchter-belgium-81\/#primaryimage"},"image":{"@id":"https:\/\/wpguerssen-test.odoo.rgbconsulting.com\/es\/producto\/ache-in-silence-live-at-rock-werchter-belgium-81\/#primaryimage"},"thumbnailUrl":"https:\/\/wpguerssen-test.odoo.rgbconsulting.com\/wp-content\/uploads\/2025\/03\/50178-scaled.jpg","datePublished":"2025-03-27T23:00:00+00:00","dateModified":"2025-04-16T16:38:02+00:00","description":"The Cure delivered a haunting and atmospheric performance at Rock Werchter on July 5, 1981, captivating the audience with their emerging post-punk sound. Their set showcased early classics, marking a pivotal moment in their rise as alternative music icons.TRACKLISTSIDE AThe Holy Hour 4:43 \/ In Your House 3:55 \/ The Drowning Man 5:23SIDE B10:15 Saturday Night 4:02 \/ Accuracy 2:59 \/ The Funeral Party 4:38 \/ M 3:47SIDE CPrimary 4:56 \/ Other Voices 4:59 \/ All Cats Are Grey 5:41SIDE DFire In Cairo 2:53 \/ Play For Today 3:50 \/ A Forest 8:52","breadcrumb":{"@id":"https:\/\/wpguerssen-test.odoo.rgbconsulting.com\/es\/producto\/ache-in-silence-live-at-rock-werchter-belgium-81\/#breadcrumb"},"inLanguage":"es","potentialAction":[{"@type":"ReadAction","target":["https:\/\/wpguerssen-test.odoo.rgbconsulting.com\/es\/producto\/ache-in-silence-live-at-rock-werchter-belgium-81\/"]}]},{"@type":"ImageObject","inLanguage":"es","@id":"https:\/\/wpguerssen-test.odoo.rgbconsulting.com\/es\/producto\/ache-in-silence-live-at-rock-werchter-belgium-81\/#primaryimage","url":"https:\/\/wpguerssen-test.odoo.rgbconsulting.com\/wp-content\/uploads\/2025\/03\/50178-scaled.jpg","contentUrl":"https:\/\/wpguerssen-test.odoo.rgbconsulting.com\/wp-content\/uploads\/2025\/03\/50178-scaled.jpg","width":2560,"height":2551,"caption":"The - Ache In Silence: Live At Rock Werchter Belgium 81 - DEAR BOSS (2LP) | Guerssen"},{"@type":"BreadcrumbList","@id":"https:\/\/wpguerssen-test.odoo.rgbconsulting.com\/es\/producto\/ache-in-silence-live-at-rock-werchter-belgium-81\/#breadcrumb","itemListElement":[{"@type":"ListItem","position":1,"name":"Inicio","item":"https:\/\/wpguerssen-test.odoo.rgbconsulting.com\/es\/"},{"@type":"ListItem","position":2,"name":"Shop","item":"https:\/\/wpguerssen-test.odoo.rgbconsulting.com\/shop\/"},{"@type":"ListItem","position":3,"name":"Ache In Silence: Live At Rock Werchter Belgium 81"}]},{"@type":"WebSite","@id":"https:\/\/wpguerssen-test.odoo.rgbconsulting.com\/es\/#website","url":"https:\/\/wpguerssen-test.odoo.rgbconsulting.com\/es\/","name":"Guerssen records","description":"psychedelia - progressive - folk - garage ","publisher":{"@id":"https:\/\/wpguerssen-test.odoo.rgbconsulting.com\/es\/#organization"},"potentialAction":[{"@type":"SearchAction","target":{"@type":"EntryPoint","urlTemplate":"https:\/\/wpguerssen-test.odoo.rgbconsulting.com\/es\/?s={search_term_string}"},"query-input":{"@type":"PropertyValueSpecification","valueRequired":true,"valueName":"search_term_string"}}],"inLanguage":"es"},{"@type":"Organization","@id":"https:\/\/wpguerssen-test.odoo.rgbconsulting.com\/es\/#organization","name":"Guerssen records","url":"https:\/\/wpguerssen-test.odoo.rgbconsulting.com\/es\/","logo":{"@type":"ImageObject","inLanguage":"es","@id":"https:\/\/wpguerssen-test.odoo.rgbconsulting.com\/es\/#\/schema\/logo\/image\/","url":"https:\/\/wpguerssen-test.odoo.rgbconsulting.com\/wp-content\/uploads\/2022\/04\/Logo_Guerssen_trans_100.png","contentUrl":"https:\/\/wpguerssen-test.odoo.rgbconsulting.com\/wp-content\/uploads\/2022\/04\/Logo_Guerssen_trans_100.png","width":122,"height":100,"caption":"Guerssen records"},"image":{"@id":"https:\/\/wpguerssen-test.odoo.rgbconsulting.com\/es\/#\/schema\/logo\/image\/"}}]}},"_links":{"self":[{"href":"https:\/\/wpguerssen-test.odoo.rgbconsulting.com\/es\/wp-json\/wp\/v2\/product\/285694","targetHints":{"allow":["GET"]}}],"collection":[{"href":"https:\/\/wpguerssen-test.odoo.rgbconsulting.com\/es\/wp-json\/wp\/v2\/product"}],"about":[{"href":"https:\/\/wpguerssen-test.odoo.rgbconsulting.com\/es\/wp-json\/wp\/v2\/types\/product"}],"wp:featuredmedia":[{"embeddable":true,"href":"https:\/\/wpguerssen-test.odoo.rgbconsulting.com\/es\/wp-json\/wp\/v2\/media\/285648"}],"wp:attachment":[{"href":"https:\/\/wpguerssen-test.odoo.rgbconsulting.com\/es\/wp-json\/wp\/v2\/media?parent=285694"}],"wp:term":[{"taxonomy":"product_brand","embeddable":true,"href":"https:\/\/wpguerssen-test.odoo.rgbconsulting.com\/es\/wp-json\/wp\/v2\/product_brand?post=285694"},{"taxonomy":"product_cat","embeddable":true,"href":"https:\/\/wpguerssen-test.odoo.rgbconsulting.com\/es\/wp-json\/wp\/v2\/product_cat?post=285694"},{"taxonomy":"product_tag","embeddable":true,"href":"https:\/\/wpguerssen-test.odoo.rgbconsulting.com\/es\/wp-json\/wp\/v2\/product_tag?post=285694"}],"curies":[{"name":"wp","href":"https:\/\/api.w.org\/{rel}","templated":true}]}}