{"id":285707,"date":"2025-03-28T00:00:00","date_gmt":"2025-03-27T23:00:00","guid":{"rendered":"https:\/\/wpguerssen-test.odoo.rgbconsulting.com\/product\/gemini-part-1\/"},"modified":"2025-03-28T12:50:01","modified_gmt":"2025-03-28T11:50:01","slug":"gemini-part-1","status":"publish","type":"product","link":"https:\/\/wpguerssen-test.odoo.rgbconsulting.com\/es\/producto\/gemini-part-1\/","title":{"rendered":"Gemini Part 1"},"content":{"rendered":"<p>La banda brit\u00e1nica de reggae Cimarons acompa\u00f1\u00f3 a muchos artistas jamaicanos visitantes en la d\u00e9cada de 1970, incluyendo a los Wailers y Jimmy Cliff, y grab\u00f3 como m\u00fasicos de sesi\u00f3n para productores brit\u00e1nicos. Una gira por Jap\u00f3n con los Pioneers en 1975 dio lugar a esta colaboraci\u00f3n sin precedentes con el guitarrista y vocalista Toshikatsu Uchiumi, de la banda de rock Carol, para una curiosa mezcla de reggae, rock y blues. Uchiumi canta en japon\u00e9s en la mayor\u00eda de los temas y a\u00f1ade algunos toques de guitarra principal. Producido por Sidney Crooks, los fans de Cimarons necesitan esta maravilla \u00fanica para apreciar plenamente su innovaci\u00f3n, y el \u00e1lbum tambi\u00e9n atraer\u00e1 a los fans del rock japon\u00e9s de mediados de los 70. \u00a1Una gran escucha!<\/p>\n","protected":false},"excerpt":{"rendered":"<p>La banda brit\u00e1nica de reggae Cimarons acompa\u00f1\u00f3 a muchos artistas jamaicanos visitantes en la d\u00e9cada de 1970, incluyendo a los Wailers y Jimmy Cliff, y grab\u00f3 como<a class=\"read\" href=\"https:\/\/wpguerssen-test.odoo.rgbconsulting.com\/es\/producto\/gemini-part-1\/\"> (...)<\/a>","protected":false},"featured_media":285687,"template":"","meta":{"_acf_changed":false},"product_brand":[],"product_cat":[23262,21666],"product_tag":[24189],"class_list":{"0":"post-285707","1":"product","2":"type-product","3":"status-publish","4":"has-post-thumbnail","6":"product_cat-blues-blues-rock-es","7":"product_cat-reggae-ska-dub-es","8":"product_tag-recien-llegadas","9":"pa_artist-uchiumi-toshikatsu-meet-the-cimarons","10":"pa_format-lp-es","11":"pa_gender-reggae-ska-dub-blues-blues-rock","12":"pa_label-survival-research","13":"pa_location-asia-es","14":"pa_other-filters-vinyl-only-es","16":"first","17":"instock","18":"taxable","19":"shipping-taxable","20":"purchasable","21":"product-type-simple"},"acf":[],"yoast_head":"<!-- This site is optimized with the Yoast SEO plugin v24.9 - https:\/\/yoast.com\/wordpress\/plugins\/seo\/ -->\n<title>UCHIUMI, Toshikatsu MEET THE CIMARONS - Gemini Part 1 -  (LP) | Guerssen<\/title>\n<meta name=\"description\" content=\"UK reggae band the Cimarons backed many visiting Jamaican artists in the 1970s, including the Wailers and Jimmy Cliff, and recorded as session players for British producers. A tour of Japan with the Pioneers in 1975 led to this unprecedented collaboration with guitarist\/vocalist Toshikatsu Uchiumi of rock band the Carol for a curious mix of reggae, rock and blues, with Uchiumi singing in Japanese on most tracks and adding lead guitar licks in places. Produced by Sidney Crooks, Cimarons fans need this one-off wonder to fully appreciate their innovation and the album will also appeal to fans of mid-70s Japanese rock. A great listen!\" \/>\n<meta name=\"robots\" content=\"index, follow, max-snippet:-1, max-image-preview:large, max-video-preview:-1\" \/>\n<link rel=\"canonical\" href=\"https:\/\/wpguerssen-test.odoo.rgbconsulting.com\/es\/producto\/gemini-part-1\/\" \/>\n<meta property=\"og:locale\" content=\"es_ES\" \/>\n<meta property=\"og:type\" content=\"article\" \/>\n<meta property=\"og:title\" content=\"UCHIUMI, Toshikatsu MEET THE CIMARONS - Gemini Part 1 -  (LP) | Guerssen\" \/>\n<meta property=\"og:description\" content=\"UK reggae band the Cimarons backed many visiting Jamaican artists in the 1970s, including the Wailers and Jimmy Cliff, and recorded as session players for British producers. A tour of Japan with the Pioneers in 1975 led to this unprecedented collaboration with guitarist\/vocalist Toshikatsu Uchiumi of rock band the Carol for a curious mix of reggae, rock and blues, with Uchiumi singing in Japanese on most tracks and adding lead guitar licks in places. Produced by Sidney Crooks, Cimarons fans need this one-off wonder to fully appreciate their innovation and the album will also appeal to fans of mid-70s Japanese rock. A great listen!\" \/>\n<meta property=\"og:url\" content=\"https:\/\/wpguerssen-test.odoo.rgbconsulting.com\/es\/producto\/gemini-part-1\/\" \/>\n<meta property=\"og:site_name\" content=\"Guerssen records\" \/>\n<meta property=\"article:modified_time\" content=\"2025-03-28T11:50:01+00:00\" \/>\n<meta property=\"og:image\" content=\"https:\/\/wpguerssen-test.odoo.rgbconsulting.com\/wp-content\/uploads\/2025\/03\/50191.jpg\" \/>\n\t<meta property=\"og:image:width\" content=\"1772\" \/>\n\t<meta property=\"og:image:height\" content=\"1772\" \/>\n\t<meta property=\"og:image:type\" content=\"image\/jpeg\" \/>\n<meta name=\"twitter:card\" content=\"summary_large_image\" \/>\n<meta name=\"twitter:title\" content=\"UCHIUMI, Toshikatsu MEET THE CIMARONS - Gemini Part 1 -  (LP) | Guerssen\" \/>\n<meta name=\"twitter:label1\" content=\"Tiempo de lectura\" \/>\n\t<meta name=\"twitter:data1\" content=\"1 minuto\" \/>\n<script type=\"application\/ld+json\" class=\"yoast-schema-graph\">{\"@context\":\"https:\/\/schema.org\",\"@graph\":[{\"@type\":\"WebPage\",\"@id\":\"https:\/\/wpguerssen-test.odoo.rgbconsulting.com\/es\/producto\/gemini-part-1\/\",\"url\":\"https:\/\/wpguerssen-test.odoo.rgbconsulting.com\/es\/producto\/gemini-part-1\/\",\"name\":\"UCHIUMI, Toshikatsu MEET THE CIMARONS - Gemini Part 1 - (LP) | Guerssen\",\"isPartOf\":{\"@id\":\"https:\/\/wpguerssen-test.odoo.rgbconsulting.com\/es\/#website\"},\"primaryImageOfPage\":{\"@id\":\"https:\/\/wpguerssen-test.odoo.rgbconsulting.com\/es\/producto\/gemini-part-1\/#primaryimage\"},\"image\":{\"@id\":\"https:\/\/wpguerssen-test.odoo.rgbconsulting.com\/es\/producto\/gemini-part-1\/#primaryimage\"},\"thumbnailUrl\":\"https:\/\/wpguerssen-test.odoo.rgbconsulting.com\/wp-content\/uploads\/2025\/03\/50191.jpg\",\"datePublished\":\"2025-03-27T23:00:00+00:00\",\"dateModified\":\"2025-03-28T11:50:01+00:00\",\"description\":\"UK reggae band the Cimarons backed many visiting Jamaican artists in the 1970s, including the Wailers and Jimmy Cliff, and recorded as session players for British producers. A tour of Japan with the Pioneers in 1975 led to this unprecedented collaboration with guitarist\/vocalist Toshikatsu Uchiumi of rock band the Carol for a curious mix of reggae, rock and blues, with Uchiumi singing in Japanese on most tracks and adding lead guitar licks in places. Produced by Sidney Crooks, Cimarons fans need this one-off wonder to fully appreciate their innovation and the album will also appeal to fans of mid-70s Japanese rock. A great listen!\",\"breadcrumb\":{\"@id\":\"https:\/\/wpguerssen-test.odoo.rgbconsulting.com\/es\/producto\/gemini-part-1\/#breadcrumb\"},\"inLanguage\":\"es\",\"potentialAction\":[{\"@type\":\"ReadAction\",\"target\":[\"https:\/\/wpguerssen-test.odoo.rgbconsulting.com\/es\/producto\/gemini-part-1\/\"]}]},{\"@type\":\"ImageObject\",\"inLanguage\":\"es\",\"@id\":\"https:\/\/wpguerssen-test.odoo.rgbconsulting.com\/es\/producto\/gemini-part-1\/#primaryimage\",\"url\":\"https:\/\/wpguerssen-test.odoo.rgbconsulting.com\/wp-content\/uploads\/2025\/03\/50191.jpg\",\"contentUrl\":\"https:\/\/wpguerssen-test.odoo.rgbconsulting.com\/wp-content\/uploads\/2025\/03\/50191.jpg\",\"width\":1772,\"height\":1772,\"caption\":\"Toshikatsu MEET THE CIMARONS - Gemini Part 1 - SURVIVAL RESEARCH (LP) | Guerssen\"},{\"@type\":\"BreadcrumbList\",\"@id\":\"https:\/\/wpguerssen-test.odoo.rgbconsulting.com\/es\/producto\/gemini-part-1\/#breadcrumb\",\"itemListElement\":[{\"@type\":\"ListItem\",\"position\":1,\"name\":\"Inicio\",\"item\":\"https:\/\/wpguerssen-test.odoo.rgbconsulting.com\/es\/\"},{\"@type\":\"ListItem\",\"position\":2,\"name\":\"Shop\",\"item\":\"https:\/\/wpguerssen-test.odoo.rgbconsulting.com\/shop\/\"},{\"@type\":\"ListItem\",\"position\":3,\"name\":\"Gemini Part 1\"}]},{\"@type\":\"WebSite\",\"@id\":\"https:\/\/wpguerssen-test.odoo.rgbconsulting.com\/es\/#website\",\"url\":\"https:\/\/wpguerssen-test.odoo.rgbconsulting.com\/es\/\",\"name\":\"Guerssen records\",\"description\":\"psychedelia - progressive - folk - garage \",\"publisher\":{\"@id\":\"https:\/\/wpguerssen-test.odoo.rgbconsulting.com\/es\/#organization\"},\"potentialAction\":[{\"@type\":\"SearchAction\",\"target\":{\"@type\":\"EntryPoint\",\"urlTemplate\":\"https:\/\/wpguerssen-test.odoo.rgbconsulting.com\/es\/?s={search_term_string}\"},\"query-input\":{\"@type\":\"PropertyValueSpecification\",\"valueRequired\":true,\"valueName\":\"search_term_string\"}}],\"inLanguage\":\"es\"},{\"@type\":\"Organization\",\"@id\":\"https:\/\/wpguerssen-test.odoo.rgbconsulting.com\/es\/#organization\",\"name\":\"Guerssen records\",\"url\":\"https:\/\/wpguerssen-test.odoo.rgbconsulting.com\/es\/\",\"logo\":{\"@type\":\"ImageObject\",\"inLanguage\":\"es\",\"@id\":\"https:\/\/wpguerssen-test.odoo.rgbconsulting.com\/es\/#\/schema\/logo\/image\/\",\"url\":\"https:\/\/wpguerssen-test.odoo.rgbconsulting.com\/wp-content\/uploads\/2022\/04\/Logo_Guerssen_trans_100.png\",\"contentUrl\":\"https:\/\/wpguerssen-test.odoo.rgbconsulting.com\/wp-content\/uploads\/2022\/04\/Logo_Guerssen_trans_100.png\",\"width\":122,\"height\":100,\"caption\":\"Guerssen records\"},\"image\":{\"@id\":\"https:\/\/wpguerssen-test.odoo.rgbconsulting.com\/es\/#\/schema\/logo\/image\/\"}}]}<\/script>\n<!-- \/ Yoast SEO plugin. -->","yoast_head_json":{"title":"UCHIUMI, Toshikatsu MEET THE CIMARONS - Gemini Part 1 -  (LP) | Guerssen","description":"UK reggae band the Cimarons backed many visiting Jamaican artists in the 1970s, including the Wailers and Jimmy Cliff, and recorded as session players for British producers. A tour of Japan with the Pioneers in 1975 led to this unprecedented collaboration with guitarist\/vocalist Toshikatsu Uchiumi of rock band the Carol for a curious mix of reggae, rock and blues, with Uchiumi singing in Japanese on most tracks and adding lead guitar licks in places. Produced by Sidney Crooks, Cimarons fans need this one-off wonder to fully appreciate their innovation and the album will also appeal to fans of mid-70s Japanese rock. A great listen!","robots":{"index":"index","follow":"follow","max-snippet":"max-snippet:-1","max-image-preview":"max-image-preview:large","max-video-preview":"max-video-preview:-1"},"canonical":"https:\/\/wpguerssen-test.odoo.rgbconsulting.com\/es\/producto\/gemini-part-1\/","og_locale":"es_ES","og_type":"article","og_title":"UCHIUMI, Toshikatsu MEET THE CIMARONS - Gemini Part 1 -  (LP) | Guerssen","og_description":"UK reggae band the Cimarons backed many visiting Jamaican artists in the 1970s, including the Wailers and Jimmy Cliff, and recorded as session players for British producers. A tour of Japan with the Pioneers in 1975 led to this unprecedented collaboration with guitarist\/vocalist Toshikatsu Uchiumi of rock band the Carol for a curious mix of reggae, rock and blues, with Uchiumi singing in Japanese on most tracks and adding lead guitar licks in places. Produced by Sidney Crooks, Cimarons fans need this one-off wonder to fully appreciate their innovation and the album will also appeal to fans of mid-70s Japanese rock. A great listen!","og_url":"https:\/\/wpguerssen-test.odoo.rgbconsulting.com\/es\/producto\/gemini-part-1\/","og_site_name":"Guerssen records","article_modified_time":"2025-03-28T11:50:01+00:00","og_image":[{"width":1772,"height":1772,"url":"https:\/\/wpguerssen-test.odoo.rgbconsulting.com\/wp-content\/uploads\/2025\/03\/50191.jpg","type":"image\/jpeg"}],"twitter_card":"summary_large_image","twitter_title":"UCHIUMI, Toshikatsu MEET THE CIMARONS - Gemini Part 1 -  (LP) | Guerssen","twitter_misc":{"Tiempo de lectura":"1 minuto"},"schema":{"@context":"https:\/\/schema.org","@graph":[{"@type":"WebPage","@id":"https:\/\/wpguerssen-test.odoo.rgbconsulting.com\/es\/producto\/gemini-part-1\/","url":"https:\/\/wpguerssen-test.odoo.rgbconsulting.com\/es\/producto\/gemini-part-1\/","name":"UCHIUMI, Toshikatsu MEET THE CIMARONS - Gemini Part 1 - (LP) | Guerssen","isPartOf":{"@id":"https:\/\/wpguerssen-test.odoo.rgbconsulting.com\/es\/#website"},"primaryImageOfPage":{"@id":"https:\/\/wpguerssen-test.odoo.rgbconsulting.com\/es\/producto\/gemini-part-1\/#primaryimage"},"image":{"@id":"https:\/\/wpguerssen-test.odoo.rgbconsulting.com\/es\/producto\/gemini-part-1\/#primaryimage"},"thumbnailUrl":"https:\/\/wpguerssen-test.odoo.rgbconsulting.com\/wp-content\/uploads\/2025\/03\/50191.jpg","datePublished":"2025-03-27T23:00:00+00:00","dateModified":"2025-03-28T11:50:01+00:00","description":"UK reggae band the Cimarons backed many visiting Jamaican artists in the 1970s, including the Wailers and Jimmy Cliff, and recorded as session players for British producers. A tour of Japan with the Pioneers in 1975 led to this unprecedented collaboration with guitarist\/vocalist Toshikatsu Uchiumi of rock band the Carol for a curious mix of reggae, rock and blues, with Uchiumi singing in Japanese on most tracks and adding lead guitar licks in places. Produced by Sidney Crooks, Cimarons fans need this one-off wonder to fully appreciate their innovation and the album will also appeal to fans of mid-70s Japanese rock. A great listen!","breadcrumb":{"@id":"https:\/\/wpguerssen-test.odoo.rgbconsulting.com\/es\/producto\/gemini-part-1\/#breadcrumb"},"inLanguage":"es","potentialAction":[{"@type":"ReadAction","target":["https:\/\/wpguerssen-test.odoo.rgbconsulting.com\/es\/producto\/gemini-part-1\/"]}]},{"@type":"ImageObject","inLanguage":"es","@id":"https:\/\/wpguerssen-test.odoo.rgbconsulting.com\/es\/producto\/gemini-part-1\/#primaryimage","url":"https:\/\/wpguerssen-test.odoo.rgbconsulting.com\/wp-content\/uploads\/2025\/03\/50191.jpg","contentUrl":"https:\/\/wpguerssen-test.odoo.rgbconsulting.com\/wp-content\/uploads\/2025\/03\/50191.jpg","width":1772,"height":1772,"caption":"Toshikatsu MEET THE CIMARONS - Gemini Part 1 - SURVIVAL RESEARCH (LP) | Guerssen"},{"@type":"BreadcrumbList","@id":"https:\/\/wpguerssen-test.odoo.rgbconsulting.com\/es\/producto\/gemini-part-1\/#breadcrumb","itemListElement":[{"@type":"ListItem","position":1,"name":"Inicio","item":"https:\/\/wpguerssen-test.odoo.rgbconsulting.com\/es\/"},{"@type":"ListItem","position":2,"name":"Shop","item":"https:\/\/wpguerssen-test.odoo.rgbconsulting.com\/shop\/"},{"@type":"ListItem","position":3,"name":"Gemini Part 1"}]},{"@type":"WebSite","@id":"https:\/\/wpguerssen-test.odoo.rgbconsulting.com\/es\/#website","url":"https:\/\/wpguerssen-test.odoo.rgbconsulting.com\/es\/","name":"Guerssen records","description":"psychedelia - progressive - folk - garage ","publisher":{"@id":"https:\/\/wpguerssen-test.odoo.rgbconsulting.com\/es\/#organization"},"potentialAction":[{"@type":"SearchAction","target":{"@type":"EntryPoint","urlTemplate":"https:\/\/wpguerssen-test.odoo.rgbconsulting.com\/es\/?s={search_term_string}"},"query-input":{"@type":"PropertyValueSpecification","valueRequired":true,"valueName":"search_term_string"}}],"inLanguage":"es"},{"@type":"Organization","@id":"https:\/\/wpguerssen-test.odoo.rgbconsulting.com\/es\/#organization","name":"Guerssen records","url":"https:\/\/wpguerssen-test.odoo.rgbconsulting.com\/es\/","logo":{"@type":"ImageObject","inLanguage":"es","@id":"https:\/\/wpguerssen-test.odoo.rgbconsulting.com\/es\/#\/schema\/logo\/image\/","url":"https:\/\/wpguerssen-test.odoo.rgbconsulting.com\/wp-content\/uploads\/2022\/04\/Logo_Guerssen_trans_100.png","contentUrl":"https:\/\/wpguerssen-test.odoo.rgbconsulting.com\/wp-content\/uploads\/2022\/04\/Logo_Guerssen_trans_100.png","width":122,"height":100,"caption":"Guerssen records"},"image":{"@id":"https:\/\/wpguerssen-test.odoo.rgbconsulting.com\/es\/#\/schema\/logo\/image\/"}}]}},"_links":{"self":[{"href":"https:\/\/wpguerssen-test.odoo.rgbconsulting.com\/es\/wp-json\/wp\/v2\/product\/285707","targetHints":{"allow":["GET"]}}],"collection":[{"href":"https:\/\/wpguerssen-test.odoo.rgbconsulting.com\/es\/wp-json\/wp\/v2\/product"}],"about":[{"href":"https:\/\/wpguerssen-test.odoo.rgbconsulting.com\/es\/wp-json\/wp\/v2\/types\/product"}],"wp:featuredmedia":[{"embeddable":true,"href":"https:\/\/wpguerssen-test.odoo.rgbconsulting.com\/es\/wp-json\/wp\/v2\/media\/285687"}],"wp:attachment":[{"href":"https:\/\/wpguerssen-test.odoo.rgbconsulting.com\/es\/wp-json\/wp\/v2\/media?parent=285707"}],"wp:term":[{"taxonomy":"product_brand","embeddable":true,"href":"https:\/\/wpguerssen-test.odoo.rgbconsulting.com\/es\/wp-json\/wp\/v2\/product_brand?post=285707"},{"taxonomy":"product_cat","embeddable":true,"href":"https:\/\/wpguerssen-test.odoo.rgbconsulting.com\/es\/wp-json\/wp\/v2\/product_cat?post=285707"},{"taxonomy":"product_tag","embeddable":true,"href":"https:\/\/wpguerssen-test.odoo.rgbconsulting.com\/es\/wp-json\/wp\/v2\/product_tag?post=285707"}],"curies":[{"name":"wp","href":"https:\/\/api.w.org\/{rel}","templated":true}]}}