{"id":286257,"date":"2010-12-13T00:00:00","date_gmt":"2010-12-12T23:00:00","guid":{"rendered":"https:\/\/wpguerssen-test.odoo.rgbconsulting.com\/product\/can-you-mend-a-silver-thread\/"},"modified":"2025-03-27T18:22:23","modified_gmt":"2025-03-27T17:22:23","slug":"can-you-mend-a-silver-thread","status":"publish","type":"product","link":"https:\/\/wpguerssen-test.odoo.rgbconsulting.com\/es\/producto\/can-you-mend-a-silver-thread\/","title":{"rendered":"Can you mend a silver thread?"},"content":{"rendered":"<p>Ultra rareza privada USA&#8217; 71. Folk psicod\u00e9lico en l\u00ednea totalmete brit\u00e1nica 70s con sonido a lo Mellow Candle, Pentangle, Midwinter&#8230;Preciosa voz femenina, alto nivel compositivo e instrumentaci\u00f3n y grabado de forma muy profesional a pesar de ser privado.<\/p>\n","protected":false},"excerpt":{"rendered":"<p>Ultra rareza privada USA&#8217; 71. Folk psicod\u00e9lico en l\u00ednea totalmete brit\u00e1nica 70s con sonido a lo Mellow Candle, Pentangle, Midwinter&#8230;Preciosa voz femenina,<a class=\"read\" href=\"https:\/\/wpguerssen-test.odoo.rgbconsulting.com\/es\/producto\/can-you-mend-a-silver-thread\/\"> (...)<\/a>","protected":false},"featured_media":112857,"template":"","meta":{"_acf_changed":false},"product_brand":[],"product_cat":[21639,23271],"product_tag":[],"class_list":{"0":"post-286257","1":"product","2":"type-product","3":"status-publish","4":"has-post-thumbnail","6":"product_cat-psychedelic60s-70s-es","7":"product_cat-folk-60s-70s-es","8":"pa_artist-sandstone-es","9":"pa_format-lp-es","10":"pa_gender-folk-60s-70s-psychedelic60s-70s","11":"pa_label-missing-vinyl","12":"pa_location-north-america-es","13":"pa_other-filters-vinyl-only-es","15":"first","16":"instock","17":"taxable","18":"shipping-taxable","19":"purchasable","20":"product-type-simple"},"acf":[],"yoast_head":"<!-- This site is optimized with the Yoast SEO plugin v24.9 - https:\/\/yoast.com\/wordpress\/plugins\/seo\/ -->\n<title>SANDSTONE - Can you mend a silver thread? -  (LP) | Guerssen<\/title>\n<meta name=\"description\" content=\"Sandstone&#039;s sole 1971 privately pressed album is one of the best and rarest early 70s US psychedelic folk rock records. Although only recently rediscovered, it is very sought after from worldwide collectors both for its rarity and musical quality. Great male female vocals in an early 70s UK psychedelic acid folk rock sound similar to Tudor Lodge, Jade etc. It contains 2 previously unreleased bonus tracks, not included in the original album.. Highly recommended!\" \/>\n<meta name=\"robots\" content=\"index, follow, max-snippet:-1, max-image-preview:large, max-video-preview:-1\" \/>\n<link rel=\"canonical\" href=\"https:\/\/wpguerssen-test.odoo.rgbconsulting.com\/es\/producto\/can-you-mend-a-silver-thread\/\" \/>\n<meta property=\"og:locale\" content=\"es_ES\" \/>\n<meta property=\"og:type\" content=\"article\" \/>\n<meta property=\"og:title\" content=\"SANDSTONE - Can you mend a silver thread? -  (LP) | Guerssen\" \/>\n<meta property=\"og:description\" content=\"Sandstone&#039;s sole 1971 privately pressed album is one of the best and rarest early 70s US psychedelic folk rock records. Although only recently rediscovered, it is very sought after from worldwide collectors both for its rarity and musical quality. Great male female vocals in an early 70s UK psychedelic acid folk rock sound similar to Tudor Lodge, Jade etc. It contains 2 previously unreleased bonus tracks, not included in the original album.. Highly recommended!\" \/>\n<meta property=\"og:url\" content=\"https:\/\/wpguerssen-test.odoo.rgbconsulting.com\/es\/producto\/can-you-mend-a-silver-thread\/\" \/>\n<meta property=\"og:site_name\" content=\"Guerssen records\" \/>\n<meta property=\"article:modified_time\" content=\"2025-03-27T17:22:23+00:00\" \/>\n<meta property=\"og:image\" content=\"https:\/\/wpguerssen-test.odoo.rgbconsulting.com\/wp-content\/uploads\/2022\/03\/11974.jpg\" \/>\n\t<meta property=\"og:image:width\" content=\"180\" \/>\n\t<meta property=\"og:image:height\" content=\"180\" \/>\n\t<meta property=\"og:image:type\" content=\"image\/jpeg\" \/>\n<meta name=\"twitter:card\" content=\"summary_large_image\" \/>\n<meta name=\"twitter:title\" content=\"SANDSTONE - Can you mend a silver thread? -  (LP) | Guerssen\" \/>\n<script type=\"application\/ld+json\" class=\"yoast-schema-graph\">{\"@context\":\"https:\/\/schema.org\",\"@graph\":[{\"@type\":\"WebPage\",\"@id\":\"https:\/\/wpguerssen-test.odoo.rgbconsulting.com\/es\/producto\/can-you-mend-a-silver-thread\/\",\"url\":\"https:\/\/wpguerssen-test.odoo.rgbconsulting.com\/es\/producto\/can-you-mend-a-silver-thread\/\",\"name\":\"SANDSTONE - Can you mend a silver thread? - (LP) | Guerssen\",\"isPartOf\":{\"@id\":\"https:\/\/wpguerssen-test.odoo.rgbconsulting.com\/es\/#website\"},\"primaryImageOfPage\":{\"@id\":\"https:\/\/wpguerssen-test.odoo.rgbconsulting.com\/es\/producto\/can-you-mend-a-silver-thread\/#primaryimage\"},\"image\":{\"@id\":\"https:\/\/wpguerssen-test.odoo.rgbconsulting.com\/es\/producto\/can-you-mend-a-silver-thread\/#primaryimage\"},\"thumbnailUrl\":\"https:\/\/wpguerssen-test.odoo.rgbconsulting.com\/wp-content\/uploads\/2022\/03\/11974.jpg\",\"datePublished\":\"2010-12-12T23:00:00+00:00\",\"dateModified\":\"2025-03-27T17:22:23+00:00\",\"description\":\"Sandstone's sole 1971 privately pressed album is one of the best and rarest early 70s US psychedelic folk rock records. Although only recently rediscovered, it is very sought after from worldwide collectors both for its rarity and musical quality. Great male female vocals in an early 70s UK psychedelic acid folk rock sound similar to Tudor Lodge, Jade etc. It contains 2 previously unreleased bonus tracks, not included in the original album.. Highly recommended!\",\"breadcrumb\":{\"@id\":\"https:\/\/wpguerssen-test.odoo.rgbconsulting.com\/es\/producto\/can-you-mend-a-silver-thread\/#breadcrumb\"},\"inLanguage\":\"es\",\"potentialAction\":[{\"@type\":\"ReadAction\",\"target\":[\"https:\/\/wpguerssen-test.odoo.rgbconsulting.com\/es\/producto\/can-you-mend-a-silver-thread\/\"]}]},{\"@type\":\"ImageObject\",\"inLanguage\":\"es\",\"@id\":\"https:\/\/wpguerssen-test.odoo.rgbconsulting.com\/es\/producto\/can-you-mend-a-silver-thread\/#primaryimage\",\"url\":\"https:\/\/wpguerssen-test.odoo.rgbconsulting.com\/wp-content\/uploads\/2022\/03\/11974.jpg\",\"contentUrl\":\"https:\/\/wpguerssen-test.odoo.rgbconsulting.com\/wp-content\/uploads\/2022\/03\/11974.jpg\",\"width\":180,\"height\":180,\"caption\":\"SANDSTONE - Can you mend a silver thread? - MISSING VINYL (LP) | Guerssen\"},{\"@type\":\"BreadcrumbList\",\"@id\":\"https:\/\/wpguerssen-test.odoo.rgbconsulting.com\/es\/producto\/can-you-mend-a-silver-thread\/#breadcrumb\",\"itemListElement\":[{\"@type\":\"ListItem\",\"position\":1,\"name\":\"Inicio\",\"item\":\"https:\/\/wpguerssen-test.odoo.rgbconsulting.com\/es\/\"},{\"@type\":\"ListItem\",\"position\":2,\"name\":\"Shop\",\"item\":\"https:\/\/wpguerssen-test.odoo.rgbconsulting.com\/shop\/\"},{\"@type\":\"ListItem\",\"position\":3,\"name\":\"Can you mend a silver thread?\"}]},{\"@type\":\"WebSite\",\"@id\":\"https:\/\/wpguerssen-test.odoo.rgbconsulting.com\/es\/#website\",\"url\":\"https:\/\/wpguerssen-test.odoo.rgbconsulting.com\/es\/\",\"name\":\"Guerssen records\",\"description\":\"psychedelia - progressive - folk - garage \",\"publisher\":{\"@id\":\"https:\/\/wpguerssen-test.odoo.rgbconsulting.com\/es\/#organization\"},\"potentialAction\":[{\"@type\":\"SearchAction\",\"target\":{\"@type\":\"EntryPoint\",\"urlTemplate\":\"https:\/\/wpguerssen-test.odoo.rgbconsulting.com\/es\/?s={search_term_string}\"},\"query-input\":{\"@type\":\"PropertyValueSpecification\",\"valueRequired\":true,\"valueName\":\"search_term_string\"}}],\"inLanguage\":\"es\"},{\"@type\":\"Organization\",\"@id\":\"https:\/\/wpguerssen-test.odoo.rgbconsulting.com\/es\/#organization\",\"name\":\"Guerssen records\",\"url\":\"https:\/\/wpguerssen-test.odoo.rgbconsulting.com\/es\/\",\"logo\":{\"@type\":\"ImageObject\",\"inLanguage\":\"es\",\"@id\":\"https:\/\/wpguerssen-test.odoo.rgbconsulting.com\/es\/#\/schema\/logo\/image\/\",\"url\":\"https:\/\/wpguerssen-test.odoo.rgbconsulting.com\/wp-content\/uploads\/2022\/04\/Logo_Guerssen_trans_100.png\",\"contentUrl\":\"https:\/\/wpguerssen-test.odoo.rgbconsulting.com\/wp-content\/uploads\/2022\/04\/Logo_Guerssen_trans_100.png\",\"width\":122,\"height\":100,\"caption\":\"Guerssen records\"},\"image\":{\"@id\":\"https:\/\/wpguerssen-test.odoo.rgbconsulting.com\/es\/#\/schema\/logo\/image\/\"}}]}<\/script>\n<!-- \/ Yoast SEO plugin. -->","yoast_head_json":{"title":"SANDSTONE - Can you mend a silver thread? -  (LP) | Guerssen","description":"Sandstone's sole 1971 privately pressed album is one of the best and rarest early 70s US psychedelic folk rock records. Although only recently rediscovered, it is very sought after from worldwide collectors both for its rarity and musical quality. Great male female vocals in an early 70s UK psychedelic acid folk rock sound similar to Tudor Lodge, Jade etc. It contains 2 previously unreleased bonus tracks, not included in the original album.. Highly recommended!","robots":{"index":"index","follow":"follow","max-snippet":"max-snippet:-1","max-image-preview":"max-image-preview:large","max-video-preview":"max-video-preview:-1"},"canonical":"https:\/\/wpguerssen-test.odoo.rgbconsulting.com\/es\/producto\/can-you-mend-a-silver-thread\/","og_locale":"es_ES","og_type":"article","og_title":"SANDSTONE - Can you mend a silver thread? -  (LP) | Guerssen","og_description":"Sandstone's sole 1971 privately pressed album is one of the best and rarest early 70s US psychedelic folk rock records. Although only recently rediscovered, it is very sought after from worldwide collectors both for its rarity and musical quality. Great male female vocals in an early 70s UK psychedelic acid folk rock sound similar to Tudor Lodge, Jade etc. It contains 2 previously unreleased bonus tracks, not included in the original album.. Highly recommended!","og_url":"https:\/\/wpguerssen-test.odoo.rgbconsulting.com\/es\/producto\/can-you-mend-a-silver-thread\/","og_site_name":"Guerssen records","article_modified_time":"2025-03-27T17:22:23+00:00","og_image":[{"width":180,"height":180,"url":"https:\/\/wpguerssen-test.odoo.rgbconsulting.com\/wp-content\/uploads\/2022\/03\/11974.jpg","type":"image\/jpeg"}],"twitter_card":"summary_large_image","twitter_title":"SANDSTONE - Can you mend a silver thread? -  (LP) | Guerssen","schema":{"@context":"https:\/\/schema.org","@graph":[{"@type":"WebPage","@id":"https:\/\/wpguerssen-test.odoo.rgbconsulting.com\/es\/producto\/can-you-mend-a-silver-thread\/","url":"https:\/\/wpguerssen-test.odoo.rgbconsulting.com\/es\/producto\/can-you-mend-a-silver-thread\/","name":"SANDSTONE - Can you mend a silver thread? - (LP) | Guerssen","isPartOf":{"@id":"https:\/\/wpguerssen-test.odoo.rgbconsulting.com\/es\/#website"},"primaryImageOfPage":{"@id":"https:\/\/wpguerssen-test.odoo.rgbconsulting.com\/es\/producto\/can-you-mend-a-silver-thread\/#primaryimage"},"image":{"@id":"https:\/\/wpguerssen-test.odoo.rgbconsulting.com\/es\/producto\/can-you-mend-a-silver-thread\/#primaryimage"},"thumbnailUrl":"https:\/\/wpguerssen-test.odoo.rgbconsulting.com\/wp-content\/uploads\/2022\/03\/11974.jpg","datePublished":"2010-12-12T23:00:00+00:00","dateModified":"2025-03-27T17:22:23+00:00","description":"Sandstone's sole 1971 privately pressed album is one of the best and rarest early 70s US psychedelic folk rock records. Although only recently rediscovered, it is very sought after from worldwide collectors both for its rarity and musical quality. Great male female vocals in an early 70s UK psychedelic acid folk rock sound similar to Tudor Lodge, Jade etc. It contains 2 previously unreleased bonus tracks, not included in the original album.. Highly recommended!","breadcrumb":{"@id":"https:\/\/wpguerssen-test.odoo.rgbconsulting.com\/es\/producto\/can-you-mend-a-silver-thread\/#breadcrumb"},"inLanguage":"es","potentialAction":[{"@type":"ReadAction","target":["https:\/\/wpguerssen-test.odoo.rgbconsulting.com\/es\/producto\/can-you-mend-a-silver-thread\/"]}]},{"@type":"ImageObject","inLanguage":"es","@id":"https:\/\/wpguerssen-test.odoo.rgbconsulting.com\/es\/producto\/can-you-mend-a-silver-thread\/#primaryimage","url":"https:\/\/wpguerssen-test.odoo.rgbconsulting.com\/wp-content\/uploads\/2022\/03\/11974.jpg","contentUrl":"https:\/\/wpguerssen-test.odoo.rgbconsulting.com\/wp-content\/uploads\/2022\/03\/11974.jpg","width":180,"height":180,"caption":"SANDSTONE - Can you mend a silver thread? - MISSING VINYL (LP) | Guerssen"},{"@type":"BreadcrumbList","@id":"https:\/\/wpguerssen-test.odoo.rgbconsulting.com\/es\/producto\/can-you-mend-a-silver-thread\/#breadcrumb","itemListElement":[{"@type":"ListItem","position":1,"name":"Inicio","item":"https:\/\/wpguerssen-test.odoo.rgbconsulting.com\/es\/"},{"@type":"ListItem","position":2,"name":"Shop","item":"https:\/\/wpguerssen-test.odoo.rgbconsulting.com\/shop\/"},{"@type":"ListItem","position":3,"name":"Can you mend a silver thread?"}]},{"@type":"WebSite","@id":"https:\/\/wpguerssen-test.odoo.rgbconsulting.com\/es\/#website","url":"https:\/\/wpguerssen-test.odoo.rgbconsulting.com\/es\/","name":"Guerssen records","description":"psychedelia - progressive - folk - garage ","publisher":{"@id":"https:\/\/wpguerssen-test.odoo.rgbconsulting.com\/es\/#organization"},"potentialAction":[{"@type":"SearchAction","target":{"@type":"EntryPoint","urlTemplate":"https:\/\/wpguerssen-test.odoo.rgbconsulting.com\/es\/?s={search_term_string}"},"query-input":{"@type":"PropertyValueSpecification","valueRequired":true,"valueName":"search_term_string"}}],"inLanguage":"es"},{"@type":"Organization","@id":"https:\/\/wpguerssen-test.odoo.rgbconsulting.com\/es\/#organization","name":"Guerssen records","url":"https:\/\/wpguerssen-test.odoo.rgbconsulting.com\/es\/","logo":{"@type":"ImageObject","inLanguage":"es","@id":"https:\/\/wpguerssen-test.odoo.rgbconsulting.com\/es\/#\/schema\/logo\/image\/","url":"https:\/\/wpguerssen-test.odoo.rgbconsulting.com\/wp-content\/uploads\/2022\/04\/Logo_Guerssen_trans_100.png","contentUrl":"https:\/\/wpguerssen-test.odoo.rgbconsulting.com\/wp-content\/uploads\/2022\/04\/Logo_Guerssen_trans_100.png","width":122,"height":100,"caption":"Guerssen records"},"image":{"@id":"https:\/\/wpguerssen-test.odoo.rgbconsulting.com\/es\/#\/schema\/logo\/image\/"}}]}},"_links":{"self":[{"href":"https:\/\/wpguerssen-test.odoo.rgbconsulting.com\/es\/wp-json\/wp\/v2\/product\/286257","targetHints":{"allow":["GET"]}}],"collection":[{"href":"https:\/\/wpguerssen-test.odoo.rgbconsulting.com\/es\/wp-json\/wp\/v2\/product"}],"about":[{"href":"https:\/\/wpguerssen-test.odoo.rgbconsulting.com\/es\/wp-json\/wp\/v2\/types\/product"}],"wp:featuredmedia":[{"embeddable":true,"href":"https:\/\/wpguerssen-test.odoo.rgbconsulting.com\/es\/wp-json\/wp\/v2\/media\/112857"}],"wp:attachment":[{"href":"https:\/\/wpguerssen-test.odoo.rgbconsulting.com\/es\/wp-json\/wp\/v2\/media?parent=286257"}],"wp:term":[{"taxonomy":"product_brand","embeddable":true,"href":"https:\/\/wpguerssen-test.odoo.rgbconsulting.com\/es\/wp-json\/wp\/v2\/product_brand?post=286257"},{"taxonomy":"product_cat","embeddable":true,"href":"https:\/\/wpguerssen-test.odoo.rgbconsulting.com\/es\/wp-json\/wp\/v2\/product_cat?post=286257"},{"taxonomy":"product_tag","embeddable":true,"href":"https:\/\/wpguerssen-test.odoo.rgbconsulting.com\/es\/wp-json\/wp\/v2\/product_tag?post=286257"}],"curies":[{"name":"wp","href":"https:\/\/api.w.org\/{rel}","templated":true}]}}