{"id":286275,"date":"2025-04-22T00:00:00","date_gmt":"2025-04-21T22:00:00","guid":{"rendered":"https:\/\/wpguerssen-test.odoo.rgbconsulting.com\/product\/ultra-rare-tracks\/"},"modified":"2025-04-25T14:05:21","modified_gmt":"2025-04-25T12:05:21","slug":"ultra-rare-tracks","status":"publish","type":"product","link":"https:\/\/wpguerssen-test.odoo.rgbconsulting.com\/es\/producto\/ultra-rare-tracks\/","title":{"rendered":"Ultra Rare Tracks"},"content":{"rendered":"<p>Recordando los or\u00edgenes del mito, Deep Purple en su mejor momento con temas raros extra\u00eddos de las rar\u00edsimas y \u00fanicas mezclas\/ediciones\/promos mono japonesas originales en 7&#8243;, nunca antes publicadas en vinilo con este formato. La guinda del pastel la ofrece una galer\u00eda de esas raras obras de arte de estilo oriental que se han convertido en aut\u00e9nticos objetos de colecci\u00f3n. Desde Hush, de su \u00e1lbum debut de 1968, hasta Hallelujah un a\u00f1o despu\u00e9s, una \u00e9pica interpretaci\u00f3n de John Lord a los teclados un a\u00f1o despu\u00e9s. Una notable colecci\u00f3n de rarezas en un disco de alta calidad. \u00bfPuedes notar la diferencia en las mezclas?<\/p>\n","protected":false},"excerpt":{"rendered":"<p>Recordando los or\u00edgenes del mito, Deep Purple en su mejor momento con temas raros extra\u00eddos de las rar\u00edsimas y \u00fanicas mezclas\/ediciones\/promos mono japonesas originales<a class=\"read\" href=\"https:\/\/wpguerssen-test.odoo.rgbconsulting.com\/es\/producto\/ultra-rare-tracks\/\"> (...)<\/a>","protected":false},"featured_media":286183,"template":"","meta":{"_acf_changed":false},"product_brand":[],"product_cat":[21677,23225],"product_tag":[24189],"class_list":{"0":"post-286275","1":"product","2":"type-product","3":"status-publish","4":"has-post-thumbnail","6":"product_cat-progressive80s-90s-es","7":"product_cat-hard-rock-80s-90s-es-2","8":"product_tag-recien-llegadas","9":"pa_artist-deep-purple-es","10":"pa_format-lp-es","11":"pa_gender-hard-rock-80s-90s-progressive80s-90s","12":"pa_label-tmoq","13":"pa_location-uk-ireland-es","14":"pa_other-filters-vinyl-only-es","16":"first","17":"instock","18":"taxable","19":"shipping-taxable","20":"purchasable","21":"product-type-simple"},"acf":[],"yoast_head":"<!-- This site is optimized with the Yoast SEO plugin v24.9 - https:\/\/yoast.com\/wordpress\/plugins\/seo\/ -->\n<title>DEEP PURPLE - Ultra Rare Tracks -  (LP) | Guerssen<\/title>\n<meta name=\"description\" content=\"Looking back to the origins of the myth, Deep Purple at their best shape through rare tracks lifted from the very rare unique original Japanese Mono Single Mixes\/Edits\/Promos on 7&quot; (marked as DP catalogue through their original Polydor labels) which never appeared before on a vinyl release in this shape. The candy on the cake is represented by a gallery of those rare far-eastern-styled artworks which have become true collectables! Starting from Hush, from their debut album in 1968 to Hallelujah one year later, an epic John Lord rendition on keyboards one year later. A remarkable collection of rarities on a hi-quality disc. Can you hear the difference in the mixes?\" \/>\n<meta name=\"robots\" content=\"index, follow, max-snippet:-1, max-image-preview:large, max-video-preview:-1\" \/>\n<link rel=\"canonical\" href=\"https:\/\/wpguerssen-test.odoo.rgbconsulting.com\/es\/producto\/ultra-rare-tracks\/\" \/>\n<meta property=\"og:locale\" content=\"es_ES\" \/>\n<meta property=\"og:type\" content=\"article\" \/>\n<meta property=\"og:title\" content=\"DEEP PURPLE - Ultra Rare Tracks -  (LP) | Guerssen\" \/>\n<meta property=\"og:description\" content=\"Looking back to the origins of the myth, Deep Purple at their best shape through rare tracks lifted from the very rare unique original Japanese Mono Single Mixes\/Edits\/Promos on 7&quot; (marked as DP catalogue through their original Polydor labels) which never appeared before on a vinyl release in this shape. The candy on the cake is represented by a gallery of those rare far-eastern-styled artworks which have become true collectables! Starting from Hush, from their debut album in 1968 to Hallelujah one year later, an epic John Lord rendition on keyboards one year later. A remarkable collection of rarities on a hi-quality disc. Can you hear the difference in the mixes?\" \/>\n<meta property=\"og:url\" content=\"https:\/\/wpguerssen-test.odoo.rgbconsulting.com\/es\/producto\/ultra-rare-tracks\/\" \/>\n<meta property=\"og:site_name\" content=\"Guerssen records\" \/>\n<meta property=\"article:modified_time\" content=\"2025-04-25T12:05:21+00:00\" \/>\n<meta property=\"og:image\" content=\"https:\/\/wpguerssen-test.odoo.rgbconsulting.com\/wp-content\/uploads\/2025\/03\/50293.jpg\" \/>\n\t<meta property=\"og:image:width\" content=\"1883\" \/>\n\t<meta property=\"og:image:height\" content=\"1883\" \/>\n\t<meta property=\"og:image:type\" content=\"image\/jpeg\" \/>\n<meta name=\"twitter:card\" content=\"summary_large_image\" \/>\n<meta name=\"twitter:title\" content=\"DEEP PURPLE - Ultra Rare Tracks -  (LP) | Guerssen\" \/>\n<meta name=\"twitter:label1\" content=\"Tiempo de lectura\" \/>\n\t<meta name=\"twitter:data1\" content=\"1 minuto\" \/>\n<script type=\"application\/ld+json\" class=\"yoast-schema-graph\">{\"@context\":\"https:\/\/schema.org\",\"@graph\":[{\"@type\":\"WebPage\",\"@id\":\"https:\/\/wpguerssen-test.odoo.rgbconsulting.com\/es\/producto\/ultra-rare-tracks\/\",\"url\":\"https:\/\/wpguerssen-test.odoo.rgbconsulting.com\/es\/producto\/ultra-rare-tracks\/\",\"name\":\"DEEP PURPLE - Ultra Rare Tracks - (LP) | Guerssen\",\"isPartOf\":{\"@id\":\"https:\/\/wpguerssen-test.odoo.rgbconsulting.com\/es\/#website\"},\"primaryImageOfPage\":{\"@id\":\"https:\/\/wpguerssen-test.odoo.rgbconsulting.com\/es\/producto\/ultra-rare-tracks\/#primaryimage\"},\"image\":{\"@id\":\"https:\/\/wpguerssen-test.odoo.rgbconsulting.com\/es\/producto\/ultra-rare-tracks\/#primaryimage\"},\"thumbnailUrl\":\"https:\/\/wpguerssen-test.odoo.rgbconsulting.com\/wp-content\/uploads\/2025\/03\/50293.jpg\",\"datePublished\":\"2025-04-21T22:00:00+00:00\",\"dateModified\":\"2025-04-25T12:05:21+00:00\",\"description\":\"Looking back to the origins of the myth, Deep Purple at their best shape through rare tracks lifted from the very rare unique original Japanese Mono Single Mixes\/Edits\/Promos on 7\\\" (marked as DP catalogue through their original Polydor labels) which never appeared before on a vinyl release in this shape. The candy on the cake is represented by a gallery of those rare far-eastern-styled artworks which have become true collectables! Starting from Hush, from their debut album in 1968 to Hallelujah one year later, an epic John Lord rendition on keyboards one year later. A remarkable collection of rarities on a hi-quality disc. Can you hear the difference in the mixes?\",\"breadcrumb\":{\"@id\":\"https:\/\/wpguerssen-test.odoo.rgbconsulting.com\/es\/producto\/ultra-rare-tracks\/#breadcrumb\"},\"inLanguage\":\"es\",\"potentialAction\":[{\"@type\":\"ReadAction\",\"target\":[\"https:\/\/wpguerssen-test.odoo.rgbconsulting.com\/es\/producto\/ultra-rare-tracks\/\"]}]},{\"@type\":\"ImageObject\",\"inLanguage\":\"es\",\"@id\":\"https:\/\/wpguerssen-test.odoo.rgbconsulting.com\/es\/producto\/ultra-rare-tracks\/#primaryimage\",\"url\":\"https:\/\/wpguerssen-test.odoo.rgbconsulting.com\/wp-content\/uploads\/2025\/03\/50293.jpg\",\"contentUrl\":\"https:\/\/wpguerssen-test.odoo.rgbconsulting.com\/wp-content\/uploads\/2025\/03\/50293.jpg\",\"width\":1883,\"height\":1883},{\"@type\":\"BreadcrumbList\",\"@id\":\"https:\/\/wpguerssen-test.odoo.rgbconsulting.com\/es\/producto\/ultra-rare-tracks\/#breadcrumb\",\"itemListElement\":[{\"@type\":\"ListItem\",\"position\":1,\"name\":\"Inicio\",\"item\":\"https:\/\/wpguerssen-test.odoo.rgbconsulting.com\/es\/\"},{\"@type\":\"ListItem\",\"position\":2,\"name\":\"Shop\",\"item\":\"https:\/\/wpguerssen-test.odoo.rgbconsulting.com\/shop\/\"},{\"@type\":\"ListItem\",\"position\":3,\"name\":\"Ultra Rare Tracks\"}]},{\"@type\":\"WebSite\",\"@id\":\"https:\/\/wpguerssen-test.odoo.rgbconsulting.com\/es\/#website\",\"url\":\"https:\/\/wpguerssen-test.odoo.rgbconsulting.com\/es\/\",\"name\":\"Guerssen records\",\"description\":\"psychedelia - progressive - folk - garage \",\"publisher\":{\"@id\":\"https:\/\/wpguerssen-test.odoo.rgbconsulting.com\/es\/#organization\"},\"potentialAction\":[{\"@type\":\"SearchAction\",\"target\":{\"@type\":\"EntryPoint\",\"urlTemplate\":\"https:\/\/wpguerssen-test.odoo.rgbconsulting.com\/es\/?s={search_term_string}\"},\"query-input\":{\"@type\":\"PropertyValueSpecification\",\"valueRequired\":true,\"valueName\":\"search_term_string\"}}],\"inLanguage\":\"es\"},{\"@type\":\"Organization\",\"@id\":\"https:\/\/wpguerssen-test.odoo.rgbconsulting.com\/es\/#organization\",\"name\":\"Guerssen records\",\"url\":\"https:\/\/wpguerssen-test.odoo.rgbconsulting.com\/es\/\",\"logo\":{\"@type\":\"ImageObject\",\"inLanguage\":\"es\",\"@id\":\"https:\/\/wpguerssen-test.odoo.rgbconsulting.com\/es\/#\/schema\/logo\/image\/\",\"url\":\"https:\/\/wpguerssen-test.odoo.rgbconsulting.com\/wp-content\/uploads\/2022\/04\/Logo_Guerssen_trans_100.png\",\"contentUrl\":\"https:\/\/wpguerssen-test.odoo.rgbconsulting.com\/wp-content\/uploads\/2022\/04\/Logo_Guerssen_trans_100.png\",\"width\":122,\"height\":100,\"caption\":\"Guerssen records\"},\"image\":{\"@id\":\"https:\/\/wpguerssen-test.odoo.rgbconsulting.com\/es\/#\/schema\/logo\/image\/\"}}]}<\/script>\n<!-- \/ Yoast SEO plugin. -->","yoast_head_json":{"title":"DEEP PURPLE - Ultra Rare Tracks -  (LP) | Guerssen","description":"Looking back to the origins of the myth, Deep Purple at their best shape through rare tracks lifted from the very rare unique original Japanese Mono Single Mixes\/Edits\/Promos on 7\" (marked as DP catalogue through their original Polydor labels) which never appeared before on a vinyl release in this shape. The candy on the cake is represented by a gallery of those rare far-eastern-styled artworks which have become true collectables! Starting from Hush, from their debut album in 1968 to Hallelujah one year later, an epic John Lord rendition on keyboards one year later. A remarkable collection of rarities on a hi-quality disc. Can you hear the difference in the mixes?","robots":{"index":"index","follow":"follow","max-snippet":"max-snippet:-1","max-image-preview":"max-image-preview:large","max-video-preview":"max-video-preview:-1"},"canonical":"https:\/\/wpguerssen-test.odoo.rgbconsulting.com\/es\/producto\/ultra-rare-tracks\/","og_locale":"es_ES","og_type":"article","og_title":"DEEP PURPLE - Ultra Rare Tracks -  (LP) | Guerssen","og_description":"Looking back to the origins of the myth, Deep Purple at their best shape through rare tracks lifted from the very rare unique original Japanese Mono Single Mixes\/Edits\/Promos on 7\" (marked as DP catalogue through their original Polydor labels) which never appeared before on a vinyl release in this shape. The candy on the cake is represented by a gallery of those rare far-eastern-styled artworks which have become true collectables! Starting from Hush, from their debut album in 1968 to Hallelujah one year later, an epic John Lord rendition on keyboards one year later. A remarkable collection of rarities on a hi-quality disc. Can you hear the difference in the mixes?","og_url":"https:\/\/wpguerssen-test.odoo.rgbconsulting.com\/es\/producto\/ultra-rare-tracks\/","og_site_name":"Guerssen records","article_modified_time":"2025-04-25T12:05:21+00:00","og_image":[{"width":1883,"height":1883,"url":"https:\/\/wpguerssen-test.odoo.rgbconsulting.com\/wp-content\/uploads\/2025\/03\/50293.jpg","type":"image\/jpeg"}],"twitter_card":"summary_large_image","twitter_title":"DEEP PURPLE - Ultra Rare Tracks -  (LP) | Guerssen","twitter_misc":{"Tiempo de lectura":"1 minuto"},"schema":{"@context":"https:\/\/schema.org","@graph":[{"@type":"WebPage","@id":"https:\/\/wpguerssen-test.odoo.rgbconsulting.com\/es\/producto\/ultra-rare-tracks\/","url":"https:\/\/wpguerssen-test.odoo.rgbconsulting.com\/es\/producto\/ultra-rare-tracks\/","name":"DEEP PURPLE - Ultra Rare Tracks - (LP) | Guerssen","isPartOf":{"@id":"https:\/\/wpguerssen-test.odoo.rgbconsulting.com\/es\/#website"},"primaryImageOfPage":{"@id":"https:\/\/wpguerssen-test.odoo.rgbconsulting.com\/es\/producto\/ultra-rare-tracks\/#primaryimage"},"image":{"@id":"https:\/\/wpguerssen-test.odoo.rgbconsulting.com\/es\/producto\/ultra-rare-tracks\/#primaryimage"},"thumbnailUrl":"https:\/\/wpguerssen-test.odoo.rgbconsulting.com\/wp-content\/uploads\/2025\/03\/50293.jpg","datePublished":"2025-04-21T22:00:00+00:00","dateModified":"2025-04-25T12:05:21+00:00","description":"Looking back to the origins of the myth, Deep Purple at their best shape through rare tracks lifted from the very rare unique original Japanese Mono Single Mixes\/Edits\/Promos on 7\" (marked as DP catalogue through their original Polydor labels) which never appeared before on a vinyl release in this shape. The candy on the cake is represented by a gallery of those rare far-eastern-styled artworks which have become true collectables! Starting from Hush, from their debut album in 1968 to Hallelujah one year later, an epic John Lord rendition on keyboards one year later. A remarkable collection of rarities on a hi-quality disc. Can you hear the difference in the mixes?","breadcrumb":{"@id":"https:\/\/wpguerssen-test.odoo.rgbconsulting.com\/es\/producto\/ultra-rare-tracks\/#breadcrumb"},"inLanguage":"es","potentialAction":[{"@type":"ReadAction","target":["https:\/\/wpguerssen-test.odoo.rgbconsulting.com\/es\/producto\/ultra-rare-tracks\/"]}]},{"@type":"ImageObject","inLanguage":"es","@id":"https:\/\/wpguerssen-test.odoo.rgbconsulting.com\/es\/producto\/ultra-rare-tracks\/#primaryimage","url":"https:\/\/wpguerssen-test.odoo.rgbconsulting.com\/wp-content\/uploads\/2025\/03\/50293.jpg","contentUrl":"https:\/\/wpguerssen-test.odoo.rgbconsulting.com\/wp-content\/uploads\/2025\/03\/50293.jpg","width":1883,"height":1883},{"@type":"BreadcrumbList","@id":"https:\/\/wpguerssen-test.odoo.rgbconsulting.com\/es\/producto\/ultra-rare-tracks\/#breadcrumb","itemListElement":[{"@type":"ListItem","position":1,"name":"Inicio","item":"https:\/\/wpguerssen-test.odoo.rgbconsulting.com\/es\/"},{"@type":"ListItem","position":2,"name":"Shop","item":"https:\/\/wpguerssen-test.odoo.rgbconsulting.com\/shop\/"},{"@type":"ListItem","position":3,"name":"Ultra Rare Tracks"}]},{"@type":"WebSite","@id":"https:\/\/wpguerssen-test.odoo.rgbconsulting.com\/es\/#website","url":"https:\/\/wpguerssen-test.odoo.rgbconsulting.com\/es\/","name":"Guerssen records","description":"psychedelia - progressive - folk - garage ","publisher":{"@id":"https:\/\/wpguerssen-test.odoo.rgbconsulting.com\/es\/#organization"},"potentialAction":[{"@type":"SearchAction","target":{"@type":"EntryPoint","urlTemplate":"https:\/\/wpguerssen-test.odoo.rgbconsulting.com\/es\/?s={search_term_string}"},"query-input":{"@type":"PropertyValueSpecification","valueRequired":true,"valueName":"search_term_string"}}],"inLanguage":"es"},{"@type":"Organization","@id":"https:\/\/wpguerssen-test.odoo.rgbconsulting.com\/es\/#organization","name":"Guerssen records","url":"https:\/\/wpguerssen-test.odoo.rgbconsulting.com\/es\/","logo":{"@type":"ImageObject","inLanguage":"es","@id":"https:\/\/wpguerssen-test.odoo.rgbconsulting.com\/es\/#\/schema\/logo\/image\/","url":"https:\/\/wpguerssen-test.odoo.rgbconsulting.com\/wp-content\/uploads\/2022\/04\/Logo_Guerssen_trans_100.png","contentUrl":"https:\/\/wpguerssen-test.odoo.rgbconsulting.com\/wp-content\/uploads\/2022\/04\/Logo_Guerssen_trans_100.png","width":122,"height":100,"caption":"Guerssen records"},"image":{"@id":"https:\/\/wpguerssen-test.odoo.rgbconsulting.com\/es\/#\/schema\/logo\/image\/"}}]}},"_links":{"self":[{"href":"https:\/\/wpguerssen-test.odoo.rgbconsulting.com\/es\/wp-json\/wp\/v2\/product\/286275","targetHints":{"allow":["GET"]}}],"collection":[{"href":"https:\/\/wpguerssen-test.odoo.rgbconsulting.com\/es\/wp-json\/wp\/v2\/product"}],"about":[{"href":"https:\/\/wpguerssen-test.odoo.rgbconsulting.com\/es\/wp-json\/wp\/v2\/types\/product"}],"wp:featuredmedia":[{"embeddable":true,"href":"https:\/\/wpguerssen-test.odoo.rgbconsulting.com\/es\/wp-json\/wp\/v2\/media\/286183"}],"wp:attachment":[{"href":"https:\/\/wpguerssen-test.odoo.rgbconsulting.com\/es\/wp-json\/wp\/v2\/media?parent=286275"}],"wp:term":[{"taxonomy":"product_brand","embeddable":true,"href":"https:\/\/wpguerssen-test.odoo.rgbconsulting.com\/es\/wp-json\/wp\/v2\/product_brand?post=286275"},{"taxonomy":"product_cat","embeddable":true,"href":"https:\/\/wpguerssen-test.odoo.rgbconsulting.com\/es\/wp-json\/wp\/v2\/product_cat?post=286275"},{"taxonomy":"product_tag","embeddable":true,"href":"https:\/\/wpguerssen-test.odoo.rgbconsulting.com\/es\/wp-json\/wp\/v2\/product_tag?post=286275"}],"curies":[{"name":"wp","href":"https:\/\/api.w.org\/{rel}","templated":true}]}}