{"id":286278,"date":"2025-04-22T00:00:00","date_gmt":"2025-04-21T22:00:00","guid":{"rendered":"https:\/\/wpguerssen-test.odoo.rgbconsulting.com\/product\/ultra-rare-tracks-2\/"},"modified":"2025-04-25T14:05:31","modified_gmt":"2025-04-25T12:05:31","slug":"ultra-rare-tracks-2","status":"publish","type":"product","link":"https:\/\/wpguerssen-test.odoo.rgbconsulting.com\/es\/producto\/ultra-rare-tracks-2\/","title":{"rendered":"Ultra Rare Tracks"},"content":{"rendered":"<p>Una colecci\u00f3n de grabaciones raras, comenzando con la in\u00e9dita \u00abJohn Evan Band\u00bb, la primera encarnaci\u00f3n en vivo de la banda, que interpretaba casi exclusivamente versiones de cl\u00e1sicos del R&#038;B. Aqu\u00ed se presentan grandes ejemplos, como cl\u00e1sicos como \u00abHold On I&#8217;m Comin'\u00bb, \u00abRespect\u00bb y m\u00e1s, todos con Ian Anderson como voz principal. Las cintas se conservan y se presentan aqu\u00ed en su mejor calidad. Adem\u00e1s, en la cara B de este LP, encontramos otros temas muy solicitados, como una impresionante y rara versi\u00f3n promocional de MGM, \u00abSunshine Day\u00bb, el sencillo debut de Jethro Tull en 1968. En el sello discogr\u00e1fico, la banda aparece acreditada como Jethro Toe. La cara B \u00abAeroplane\u00bb es el primer intento publicado de incursionar en el mundo del progresivo. Posteriormente, con mezclas mono exclusivas en vinilo de 7&#8243;, los siguientes sencillos de la ya consolidada banda, publicados en el sello Chrysalis, completan esta colecci\u00f3n de LP.<\/p>\n","protected":false},"excerpt":{"rendered":"<p>Una colecci\u00f3n de grabaciones raras, comenzando con la in\u00e9dita \u00abJohn Evan Band\u00bb, la primera encarnaci\u00f3n en vivo de la banda, que interpretaba casi exclusivamente<a class=\"read\" href=\"https:\/\/wpguerssen-test.odoo.rgbconsulting.com\/es\/producto\/ultra-rare-tracks-2\/\"> (...)<\/a>","protected":false},"featured_media":286192,"template":"","meta":{"_acf_changed":false},"product_brand":[],"product_cat":[23215,23274],"product_tag":[24189],"class_list":{"0":"post-286278","1":"product","2":"type-product","3":"status-publish","4":"has-post-thumbnail","6":"product_cat-progressive60s-70s-es","7":"product_cat-folk-rock-60s-70s-es","8":"product_tag-recien-llegadas","9":"pa_artist-jethro-tull-es","10":"pa_format-lp-es","11":"pa_gender-progressive60s-70s-folk-rock-60s-70s","12":"pa_label-tmoq","13":"pa_location-uk-ireland-es","14":"pa_other-filters-vinyl-only-es","16":"first","17":"instock","18":"taxable","19":"shipping-taxable","20":"purchasable","21":"product-type-simple"},"acf":[],"yoast_head":"<!-- This site is optimized with the Yoast SEO plugin v24.9 - https:\/\/yoast.com\/wordpress\/plugins\/seo\/ -->\n<title>JETHRO TULL - Ultra Rare Tracks -  (LP) | Guerssen<\/title>\n<meta name=\"description\" content=\"A collection of rare recordings starting from the unreleased live 1st days band incarnation &quot;John Evan Band&quot; which almost exclusively played covers of R&amp;B standards, and great examples are represented here with classics as &quot;Hold On I&#039;m Comin&#039;&quot;, &quot;Respect&quot; and more, all featuring Ian Anderson on lead vocals. The tapes survived and featured here in their best-possible quality. While we have other sought-after tracks on this LP B Side, from a stunning rare MGM Promo version &quot;Sunshine Day&quot; which is the debut single from Jethro Tull.in 1968. On the single label, the band is credited as Jethro Toe. The B side &quot;Aeroplane&quot;, is the first released attempt of edging into Prog territory. Later, with exclusive 7&quot; vinyl-originated mono mixes, the follow up singles of the now established band on Chrysalis label complete this LP collection.\" \/>\n<meta name=\"robots\" content=\"index, follow, max-snippet:-1, max-image-preview:large, max-video-preview:-1\" \/>\n<link rel=\"canonical\" href=\"https:\/\/wpguerssen-test.odoo.rgbconsulting.com\/es\/producto\/ultra-rare-tracks-2\/\" \/>\n<meta property=\"og:locale\" content=\"es_ES\" \/>\n<meta property=\"og:type\" content=\"article\" \/>\n<meta property=\"og:title\" content=\"JETHRO TULL - Ultra Rare Tracks -  (LP) | Guerssen\" \/>\n<meta property=\"og:description\" content=\"A collection of rare recordings starting from the unreleased live 1st days band incarnation &quot;John Evan Band&quot; which almost exclusively played covers of R&amp;B standards, and great examples are represented here with classics as &quot;Hold On I&#039;m Comin&#039;&quot;, &quot;Respect&quot; and more, all featuring Ian Anderson on lead vocals. The tapes survived and featured here in their best-possible quality. While we have other sought-after tracks on this LP B Side, from a stunning rare MGM Promo version &quot;Sunshine Day&quot; which is the debut single from Jethro Tull.in 1968. On the single label, the band is credited as Jethro Toe. The B side &quot;Aeroplane&quot;, is the first released attempt of edging into Prog territory. Later, with exclusive 7&quot; vinyl-originated mono mixes, the follow up singles of the now established band on Chrysalis label complete this LP collection.\" \/>\n<meta property=\"og:url\" content=\"https:\/\/wpguerssen-test.odoo.rgbconsulting.com\/es\/producto\/ultra-rare-tracks-2\/\" \/>\n<meta property=\"og:site_name\" content=\"Guerssen records\" \/>\n<meta property=\"article:modified_time\" content=\"2025-04-25T12:05:31+00:00\" \/>\n<meta property=\"og:image\" content=\"https:\/\/wpguerssen-test.odoo.rgbconsulting.com\/wp-content\/uploads\/2025\/03\/50296.jpg\" \/>\n\t<meta property=\"og:image:width\" content=\"1878\" \/>\n\t<meta property=\"og:image:height\" content=\"1878\" \/>\n\t<meta property=\"og:image:type\" content=\"image\/jpeg\" \/>\n<meta name=\"twitter:card\" content=\"summary_large_image\" \/>\n<meta name=\"twitter:title\" content=\"JETHRO TULL - Ultra Rare Tracks -  (LP) | Guerssen\" \/>\n<meta name=\"twitter:label1\" content=\"Tiempo de lectura\" \/>\n\t<meta name=\"twitter:data1\" content=\"1 minuto\" \/>\n<script type=\"application\/ld+json\" class=\"yoast-schema-graph\">{\"@context\":\"https:\/\/schema.org\",\"@graph\":[{\"@type\":\"WebPage\",\"@id\":\"https:\/\/wpguerssen-test.odoo.rgbconsulting.com\/es\/producto\/ultra-rare-tracks-2\/\",\"url\":\"https:\/\/wpguerssen-test.odoo.rgbconsulting.com\/es\/producto\/ultra-rare-tracks-2\/\",\"name\":\"JETHRO TULL - Ultra Rare Tracks - (LP) | Guerssen\",\"isPartOf\":{\"@id\":\"https:\/\/wpguerssen-test.odoo.rgbconsulting.com\/es\/#website\"},\"primaryImageOfPage\":{\"@id\":\"https:\/\/wpguerssen-test.odoo.rgbconsulting.com\/es\/producto\/ultra-rare-tracks-2\/#primaryimage\"},\"image\":{\"@id\":\"https:\/\/wpguerssen-test.odoo.rgbconsulting.com\/es\/producto\/ultra-rare-tracks-2\/#primaryimage\"},\"thumbnailUrl\":\"https:\/\/wpguerssen-test.odoo.rgbconsulting.com\/wp-content\/uploads\/2025\/03\/50296.jpg\",\"datePublished\":\"2025-04-21T22:00:00+00:00\",\"dateModified\":\"2025-04-25T12:05:31+00:00\",\"description\":\"A collection of rare recordings starting from the unreleased live 1st days band incarnation \\\"John Evan Band\\\" which almost exclusively played covers of R&B standards, and great examples are represented here with classics as \\\"Hold On I'm Comin'\\\", \\\"Respect\\\" and more, all featuring Ian Anderson on lead vocals. The tapes survived and featured here in their best-possible quality. While we have other sought-after tracks on this LP B Side, from a stunning rare MGM Promo version \\\"Sunshine Day\\\" which is the debut single from Jethro Tull.in 1968. On the single label, the band is credited as Jethro Toe. The B side \\\"Aeroplane\\\", is the first released attempt of edging into Prog territory. Later, with exclusive 7\\\" vinyl-originated mono mixes, the follow up singles of the now established band on Chrysalis label complete this LP collection.\",\"breadcrumb\":{\"@id\":\"https:\/\/wpguerssen-test.odoo.rgbconsulting.com\/es\/producto\/ultra-rare-tracks-2\/#breadcrumb\"},\"inLanguage\":\"es\",\"potentialAction\":[{\"@type\":\"ReadAction\",\"target\":[\"https:\/\/wpguerssen-test.odoo.rgbconsulting.com\/es\/producto\/ultra-rare-tracks-2\/\"]}]},{\"@type\":\"ImageObject\",\"inLanguage\":\"es\",\"@id\":\"https:\/\/wpguerssen-test.odoo.rgbconsulting.com\/es\/producto\/ultra-rare-tracks-2\/#primaryimage\",\"url\":\"https:\/\/wpguerssen-test.odoo.rgbconsulting.com\/wp-content\/uploads\/2025\/03\/50296.jpg\",\"contentUrl\":\"https:\/\/wpguerssen-test.odoo.rgbconsulting.com\/wp-content\/uploads\/2025\/03\/50296.jpg\",\"width\":1878,\"height\":1878},{\"@type\":\"BreadcrumbList\",\"@id\":\"https:\/\/wpguerssen-test.odoo.rgbconsulting.com\/es\/producto\/ultra-rare-tracks-2\/#breadcrumb\",\"itemListElement\":[{\"@type\":\"ListItem\",\"position\":1,\"name\":\"Inicio\",\"item\":\"https:\/\/wpguerssen-test.odoo.rgbconsulting.com\/es\/\"},{\"@type\":\"ListItem\",\"position\":2,\"name\":\"Shop\",\"item\":\"https:\/\/wpguerssen-test.odoo.rgbconsulting.com\/shop\/\"},{\"@type\":\"ListItem\",\"position\":3,\"name\":\"Ultra Rare Tracks\"}]},{\"@type\":\"WebSite\",\"@id\":\"https:\/\/wpguerssen-test.odoo.rgbconsulting.com\/es\/#website\",\"url\":\"https:\/\/wpguerssen-test.odoo.rgbconsulting.com\/es\/\",\"name\":\"Guerssen records\",\"description\":\"psychedelia - progressive - folk - garage \",\"publisher\":{\"@id\":\"https:\/\/wpguerssen-test.odoo.rgbconsulting.com\/es\/#organization\"},\"potentialAction\":[{\"@type\":\"SearchAction\",\"target\":{\"@type\":\"EntryPoint\",\"urlTemplate\":\"https:\/\/wpguerssen-test.odoo.rgbconsulting.com\/es\/?s={search_term_string}\"},\"query-input\":{\"@type\":\"PropertyValueSpecification\",\"valueRequired\":true,\"valueName\":\"search_term_string\"}}],\"inLanguage\":\"es\"},{\"@type\":\"Organization\",\"@id\":\"https:\/\/wpguerssen-test.odoo.rgbconsulting.com\/es\/#organization\",\"name\":\"Guerssen records\",\"url\":\"https:\/\/wpguerssen-test.odoo.rgbconsulting.com\/es\/\",\"logo\":{\"@type\":\"ImageObject\",\"inLanguage\":\"es\",\"@id\":\"https:\/\/wpguerssen-test.odoo.rgbconsulting.com\/es\/#\/schema\/logo\/image\/\",\"url\":\"https:\/\/wpguerssen-test.odoo.rgbconsulting.com\/wp-content\/uploads\/2022\/04\/Logo_Guerssen_trans_100.png\",\"contentUrl\":\"https:\/\/wpguerssen-test.odoo.rgbconsulting.com\/wp-content\/uploads\/2022\/04\/Logo_Guerssen_trans_100.png\",\"width\":122,\"height\":100,\"caption\":\"Guerssen records\"},\"image\":{\"@id\":\"https:\/\/wpguerssen-test.odoo.rgbconsulting.com\/es\/#\/schema\/logo\/image\/\"}}]}<\/script>\n<!-- \/ Yoast SEO plugin. -->","yoast_head_json":{"title":"JETHRO TULL - Ultra Rare Tracks -  (LP) | Guerssen","description":"A collection of rare recordings starting from the unreleased live 1st days band incarnation \"John Evan Band\" which almost exclusively played covers of R&B standards, and great examples are represented here with classics as \"Hold On I'm Comin'\", \"Respect\" and more, all featuring Ian Anderson on lead vocals. The tapes survived and featured here in their best-possible quality. While we have other sought-after tracks on this LP B Side, from a stunning rare MGM Promo version \"Sunshine Day\" which is the debut single from Jethro Tull.in 1968. On the single label, the band is credited as Jethro Toe. The B side \"Aeroplane\", is the first released attempt of edging into Prog territory. Later, with exclusive 7\" vinyl-originated mono mixes, the follow up singles of the now established band on Chrysalis label complete this LP collection.","robots":{"index":"index","follow":"follow","max-snippet":"max-snippet:-1","max-image-preview":"max-image-preview:large","max-video-preview":"max-video-preview:-1"},"canonical":"https:\/\/wpguerssen-test.odoo.rgbconsulting.com\/es\/producto\/ultra-rare-tracks-2\/","og_locale":"es_ES","og_type":"article","og_title":"JETHRO TULL - Ultra Rare Tracks -  (LP) | Guerssen","og_description":"A collection of rare recordings starting from the unreleased live 1st days band incarnation \"John Evan Band\" which almost exclusively played covers of R&B standards, and great examples are represented here with classics as \"Hold On I'm Comin'\", \"Respect\" and more, all featuring Ian Anderson on lead vocals. The tapes survived and featured here in their best-possible quality. While we have other sought-after tracks on this LP B Side, from a stunning rare MGM Promo version \"Sunshine Day\" which is the debut single from Jethro Tull.in 1968. On the single label, the band is credited as Jethro Toe. The B side \"Aeroplane\", is the first released attempt of edging into Prog territory. Later, with exclusive 7\" vinyl-originated mono mixes, the follow up singles of the now established band on Chrysalis label complete this LP collection.","og_url":"https:\/\/wpguerssen-test.odoo.rgbconsulting.com\/es\/producto\/ultra-rare-tracks-2\/","og_site_name":"Guerssen records","article_modified_time":"2025-04-25T12:05:31+00:00","og_image":[{"width":1878,"height":1878,"url":"https:\/\/wpguerssen-test.odoo.rgbconsulting.com\/wp-content\/uploads\/2025\/03\/50296.jpg","type":"image\/jpeg"}],"twitter_card":"summary_large_image","twitter_title":"JETHRO TULL - Ultra Rare Tracks -  (LP) | Guerssen","twitter_misc":{"Tiempo de lectura":"1 minuto"},"schema":{"@context":"https:\/\/schema.org","@graph":[{"@type":"WebPage","@id":"https:\/\/wpguerssen-test.odoo.rgbconsulting.com\/es\/producto\/ultra-rare-tracks-2\/","url":"https:\/\/wpguerssen-test.odoo.rgbconsulting.com\/es\/producto\/ultra-rare-tracks-2\/","name":"JETHRO TULL - Ultra Rare Tracks - (LP) | Guerssen","isPartOf":{"@id":"https:\/\/wpguerssen-test.odoo.rgbconsulting.com\/es\/#website"},"primaryImageOfPage":{"@id":"https:\/\/wpguerssen-test.odoo.rgbconsulting.com\/es\/producto\/ultra-rare-tracks-2\/#primaryimage"},"image":{"@id":"https:\/\/wpguerssen-test.odoo.rgbconsulting.com\/es\/producto\/ultra-rare-tracks-2\/#primaryimage"},"thumbnailUrl":"https:\/\/wpguerssen-test.odoo.rgbconsulting.com\/wp-content\/uploads\/2025\/03\/50296.jpg","datePublished":"2025-04-21T22:00:00+00:00","dateModified":"2025-04-25T12:05:31+00:00","description":"A collection of rare recordings starting from the unreleased live 1st days band incarnation \"John Evan Band\" which almost exclusively played covers of R&B standards, and great examples are represented here with classics as \"Hold On I'm Comin'\", \"Respect\" and more, all featuring Ian Anderson on lead vocals. The tapes survived and featured here in their best-possible quality. While we have other sought-after tracks on this LP B Side, from a stunning rare MGM Promo version \"Sunshine Day\" which is the debut single from Jethro Tull.in 1968. On the single label, the band is credited as Jethro Toe. The B side \"Aeroplane\", is the first released attempt of edging into Prog territory. Later, with exclusive 7\" vinyl-originated mono mixes, the follow up singles of the now established band on Chrysalis label complete this LP collection.","breadcrumb":{"@id":"https:\/\/wpguerssen-test.odoo.rgbconsulting.com\/es\/producto\/ultra-rare-tracks-2\/#breadcrumb"},"inLanguage":"es","potentialAction":[{"@type":"ReadAction","target":["https:\/\/wpguerssen-test.odoo.rgbconsulting.com\/es\/producto\/ultra-rare-tracks-2\/"]}]},{"@type":"ImageObject","inLanguage":"es","@id":"https:\/\/wpguerssen-test.odoo.rgbconsulting.com\/es\/producto\/ultra-rare-tracks-2\/#primaryimage","url":"https:\/\/wpguerssen-test.odoo.rgbconsulting.com\/wp-content\/uploads\/2025\/03\/50296.jpg","contentUrl":"https:\/\/wpguerssen-test.odoo.rgbconsulting.com\/wp-content\/uploads\/2025\/03\/50296.jpg","width":1878,"height":1878},{"@type":"BreadcrumbList","@id":"https:\/\/wpguerssen-test.odoo.rgbconsulting.com\/es\/producto\/ultra-rare-tracks-2\/#breadcrumb","itemListElement":[{"@type":"ListItem","position":1,"name":"Inicio","item":"https:\/\/wpguerssen-test.odoo.rgbconsulting.com\/es\/"},{"@type":"ListItem","position":2,"name":"Shop","item":"https:\/\/wpguerssen-test.odoo.rgbconsulting.com\/shop\/"},{"@type":"ListItem","position":3,"name":"Ultra Rare Tracks"}]},{"@type":"WebSite","@id":"https:\/\/wpguerssen-test.odoo.rgbconsulting.com\/es\/#website","url":"https:\/\/wpguerssen-test.odoo.rgbconsulting.com\/es\/","name":"Guerssen records","description":"psychedelia - progressive - folk - garage ","publisher":{"@id":"https:\/\/wpguerssen-test.odoo.rgbconsulting.com\/es\/#organization"},"potentialAction":[{"@type":"SearchAction","target":{"@type":"EntryPoint","urlTemplate":"https:\/\/wpguerssen-test.odoo.rgbconsulting.com\/es\/?s={search_term_string}"},"query-input":{"@type":"PropertyValueSpecification","valueRequired":true,"valueName":"search_term_string"}}],"inLanguage":"es"},{"@type":"Organization","@id":"https:\/\/wpguerssen-test.odoo.rgbconsulting.com\/es\/#organization","name":"Guerssen records","url":"https:\/\/wpguerssen-test.odoo.rgbconsulting.com\/es\/","logo":{"@type":"ImageObject","inLanguage":"es","@id":"https:\/\/wpguerssen-test.odoo.rgbconsulting.com\/es\/#\/schema\/logo\/image\/","url":"https:\/\/wpguerssen-test.odoo.rgbconsulting.com\/wp-content\/uploads\/2022\/04\/Logo_Guerssen_trans_100.png","contentUrl":"https:\/\/wpguerssen-test.odoo.rgbconsulting.com\/wp-content\/uploads\/2022\/04\/Logo_Guerssen_trans_100.png","width":122,"height":100,"caption":"Guerssen records"},"image":{"@id":"https:\/\/wpguerssen-test.odoo.rgbconsulting.com\/es\/#\/schema\/logo\/image\/"}}]}},"_links":{"self":[{"href":"https:\/\/wpguerssen-test.odoo.rgbconsulting.com\/es\/wp-json\/wp\/v2\/product\/286278","targetHints":{"allow":["GET"]}}],"collection":[{"href":"https:\/\/wpguerssen-test.odoo.rgbconsulting.com\/es\/wp-json\/wp\/v2\/product"}],"about":[{"href":"https:\/\/wpguerssen-test.odoo.rgbconsulting.com\/es\/wp-json\/wp\/v2\/types\/product"}],"wp:featuredmedia":[{"embeddable":true,"href":"https:\/\/wpguerssen-test.odoo.rgbconsulting.com\/es\/wp-json\/wp\/v2\/media\/286192"}],"wp:attachment":[{"href":"https:\/\/wpguerssen-test.odoo.rgbconsulting.com\/es\/wp-json\/wp\/v2\/media?parent=286278"}],"wp:term":[{"taxonomy":"product_brand","embeddable":true,"href":"https:\/\/wpguerssen-test.odoo.rgbconsulting.com\/es\/wp-json\/wp\/v2\/product_brand?post=286278"},{"taxonomy":"product_cat","embeddable":true,"href":"https:\/\/wpguerssen-test.odoo.rgbconsulting.com\/es\/wp-json\/wp\/v2\/product_cat?post=286278"},{"taxonomy":"product_tag","embeddable":true,"href":"https:\/\/wpguerssen-test.odoo.rgbconsulting.com\/es\/wp-json\/wp\/v2\/product_tag?post=286278"}],"curies":[{"name":"wp","href":"https:\/\/api.w.org\/{rel}","templated":true}]}}