{"id":286284,"date":"2025-04-25T00:00:00","date_gmt":"2025-04-24T22:00:00","guid":{"rendered":"https:\/\/wpguerssen-test.odoo.rgbconsulting.com\/product\/east-of-the-river-nile\/"},"modified":"2025-04-29T13:39:15","modified_gmt":"2025-04-29T11:39:15","slug":"east-of-the-river-nile","status":"publish","type":"product","link":"https:\/\/wpguerssen-test.odoo.rgbconsulting.com\/es\/producto\/east-of-the-river-nile\/","title":{"rendered":"East Of the River Nile"},"content":{"rendered":"<p>El \u00e1lbum instrumental cl\u00e1sico de Augustus Pablo incluye una pista adicional de Addis Pablo que cubre la canci\u00f3n principal de su Ep West of the Blue Nile lanzado en 2019.<br \/>TRACKLIST<br \/>A1 Chant To King Selassie I A2 Natural Way A3 Nature Dub A4 Upfull Living A5 Unfinished Melody A6 Jah Light B1 Memories Of The Ghetto B2 Africa (1983) B3 East Of The River Nile B4 Sounds From Levi B5 Chapter 2 B6 Addis A Baba<\/p>\n","protected":false},"excerpt":{"rendered":"<p>El \u00e1lbum instrumental cl\u00e1sico de Augustus Pablo incluye una pista adicional de Addis Pablo que cubre la canci\u00f3n principal de su Ep West of the Blue Nile lanzado<a class=\"read\" href=\"https:\/\/wpguerssen-test.odoo.rgbconsulting.com\/es\/producto\/east-of-the-river-nile\/\"> (...)<\/a>","protected":false},"featured_media":286210,"template":"","meta":{"_acf_changed":false},"product_brand":[],"product_cat":[24508,21666],"product_tag":[24189],"class_list":{"0":"post-286284","1":"product","2":"type-product","3":"status-publish","4":"has-post-thumbnail","6":"product_cat-uncategorized","7":"product_cat-reggae-ska-dub-es","8":"product_tag-recien-llegadas","9":"pa_artist-pablo-augustus","10":"pa_format-lp-es","11":"pa_gender-reggae-ska-dub","12":"pa_label-only-roots","13":"pa_location-south-america-caribbean-es","14":"pa_other-filters-vinyl-only-es","16":"first","17":"instock","18":"taxable","19":"shipping-taxable","20":"purchasable","21":"product-type-simple"},"acf":[],"yoast_head":"<!-- This site is optimized with the Yoast SEO plugin v24.9 - https:\/\/yoast.com\/wordpress\/plugins\/seo\/ -->\n<title>PABLO, Augustus - East Of the River Nile -  (LP) | Guerssen<\/title>\n<meta name=\"description\" content=\"Classic Instrumental Album by Augustus Pablo includes an additional track By Addis Pablo covering the title track from his west of the Blue Nile Ep released in 2019.TRACKLISTA1 Chant To King Selassie I A2 Natural Way A3 Nature Dub A4 Upfull Living A5 Unfinished Melody A6 Jah Light B1 Memories Of The Ghetto B2 Africa (1983) B3 East Of The River Nile B4 Sounds From Levi B5 Chapter 2 B6 Addis A Baba\" \/>\n<meta name=\"robots\" content=\"index, follow, max-snippet:-1, max-image-preview:large, max-video-preview:-1\" \/>\n<link rel=\"canonical\" href=\"https:\/\/wpguerssen-test.odoo.rgbconsulting.com\/es\/producto\/east-of-the-river-nile\/\" \/>\n<meta property=\"og:locale\" content=\"es_ES\" \/>\n<meta property=\"og:type\" content=\"article\" \/>\n<meta property=\"og:title\" content=\"PABLO, Augustus - East Of the River Nile -  (LP) | Guerssen\" \/>\n<meta property=\"og:description\" content=\"Classic Instrumental Album by Augustus Pablo includes an additional track By Addis Pablo covering the title track from his west of the Blue Nile Ep released in 2019.TRACKLISTA1 Chant To King Selassie I A2 Natural Way A3 Nature Dub A4 Upfull Living A5 Unfinished Melody A6 Jah Light B1 Memories Of The Ghetto B2 Africa (1983) B3 East Of The River Nile B4 Sounds From Levi B5 Chapter 2 B6 Addis A Baba\" \/>\n<meta property=\"og:url\" content=\"https:\/\/wpguerssen-test.odoo.rgbconsulting.com\/es\/producto\/east-of-the-river-nile\/\" \/>\n<meta property=\"og:site_name\" content=\"Guerssen records\" \/>\n<meta property=\"article:modified_time\" content=\"2025-04-29T11:39:15+00:00\" \/>\n<meta property=\"og:image\" content=\"https:\/\/wpguerssen-test.odoo.rgbconsulting.com\/wp-content\/uploads\/2025\/03\/50303.jpg\" \/>\n\t<meta property=\"og:image:width\" content=\"598\" \/>\n\t<meta property=\"og:image:height\" content=\"599\" \/>\n\t<meta property=\"og:image:type\" content=\"image\/jpeg\" \/>\n<meta name=\"twitter:card\" content=\"summary_large_image\" \/>\n<meta name=\"twitter:title\" content=\"PABLO, Augustus - East Of the River Nile -  (LP) | Guerssen\" \/>\n<script type=\"application\/ld+json\" class=\"yoast-schema-graph\">{\"@context\":\"https:\/\/schema.org\",\"@graph\":[{\"@type\":\"WebPage\",\"@id\":\"https:\/\/wpguerssen-test.odoo.rgbconsulting.com\/es\/producto\/east-of-the-river-nile\/\",\"url\":\"https:\/\/wpguerssen-test.odoo.rgbconsulting.com\/es\/producto\/east-of-the-river-nile\/\",\"name\":\"PABLO, Augustus - East Of the River Nile - (LP) | Guerssen\",\"isPartOf\":{\"@id\":\"https:\/\/wpguerssen-test.odoo.rgbconsulting.com\/es\/#website\"},\"primaryImageOfPage\":{\"@id\":\"https:\/\/wpguerssen-test.odoo.rgbconsulting.com\/es\/producto\/east-of-the-river-nile\/#primaryimage\"},\"image\":{\"@id\":\"https:\/\/wpguerssen-test.odoo.rgbconsulting.com\/es\/producto\/east-of-the-river-nile\/#primaryimage\"},\"thumbnailUrl\":\"https:\/\/wpguerssen-test.odoo.rgbconsulting.com\/wp-content\/uploads\/2025\/03\/50303.jpg\",\"datePublished\":\"2025-04-24T22:00:00+00:00\",\"dateModified\":\"2025-04-29T11:39:15+00:00\",\"description\":\"Classic Instrumental Album by Augustus Pablo includes an additional track By Addis Pablo covering the title track from his west of the Blue Nile Ep released in 2019.TRACKLISTA1 Chant To King Selassie I A2 Natural Way A3 Nature Dub A4 Upfull Living A5 Unfinished Melody A6 Jah Light B1 Memories Of The Ghetto B2 Africa (1983) B3 East Of The River Nile B4 Sounds From Levi B5 Chapter 2 B6 Addis A Baba\",\"breadcrumb\":{\"@id\":\"https:\/\/wpguerssen-test.odoo.rgbconsulting.com\/es\/producto\/east-of-the-river-nile\/#breadcrumb\"},\"inLanguage\":\"es\",\"potentialAction\":[{\"@type\":\"ReadAction\",\"target\":[\"https:\/\/wpguerssen-test.odoo.rgbconsulting.com\/es\/producto\/east-of-the-river-nile\/\"]}]},{\"@type\":\"ImageObject\",\"inLanguage\":\"es\",\"@id\":\"https:\/\/wpguerssen-test.odoo.rgbconsulting.com\/es\/producto\/east-of-the-river-nile\/#primaryimage\",\"url\":\"https:\/\/wpguerssen-test.odoo.rgbconsulting.com\/wp-content\/uploads\/2025\/03\/50303.jpg\",\"contentUrl\":\"https:\/\/wpguerssen-test.odoo.rgbconsulting.com\/wp-content\/uploads\/2025\/03\/50303.jpg\",\"width\":598,\"height\":599,\"caption\":\"Augustus - East Of the River Nile - ONLY ROOTS (LP) | Guerssen\"},{\"@type\":\"BreadcrumbList\",\"@id\":\"https:\/\/wpguerssen-test.odoo.rgbconsulting.com\/es\/producto\/east-of-the-river-nile\/#breadcrumb\",\"itemListElement\":[{\"@type\":\"ListItem\",\"position\":1,\"name\":\"Inicio\",\"item\":\"https:\/\/wpguerssen-test.odoo.rgbconsulting.com\/es\/\"},{\"@type\":\"ListItem\",\"position\":2,\"name\":\"Shop\",\"item\":\"https:\/\/wpguerssen-test.odoo.rgbconsulting.com\/shop\/\"},{\"@type\":\"ListItem\",\"position\":3,\"name\":\"East Of the River Nile\"}]},{\"@type\":\"WebSite\",\"@id\":\"https:\/\/wpguerssen-test.odoo.rgbconsulting.com\/es\/#website\",\"url\":\"https:\/\/wpguerssen-test.odoo.rgbconsulting.com\/es\/\",\"name\":\"Guerssen records\",\"description\":\"psychedelia - progressive - folk - garage \",\"publisher\":{\"@id\":\"https:\/\/wpguerssen-test.odoo.rgbconsulting.com\/es\/#organization\"},\"potentialAction\":[{\"@type\":\"SearchAction\",\"target\":{\"@type\":\"EntryPoint\",\"urlTemplate\":\"https:\/\/wpguerssen-test.odoo.rgbconsulting.com\/es\/?s={search_term_string}\"},\"query-input\":{\"@type\":\"PropertyValueSpecification\",\"valueRequired\":true,\"valueName\":\"search_term_string\"}}],\"inLanguage\":\"es\"},{\"@type\":\"Organization\",\"@id\":\"https:\/\/wpguerssen-test.odoo.rgbconsulting.com\/es\/#organization\",\"name\":\"Guerssen records\",\"url\":\"https:\/\/wpguerssen-test.odoo.rgbconsulting.com\/es\/\",\"logo\":{\"@type\":\"ImageObject\",\"inLanguage\":\"es\",\"@id\":\"https:\/\/wpguerssen-test.odoo.rgbconsulting.com\/es\/#\/schema\/logo\/image\/\",\"url\":\"https:\/\/wpguerssen-test.odoo.rgbconsulting.com\/wp-content\/uploads\/2022\/04\/Logo_Guerssen_trans_100.png\",\"contentUrl\":\"https:\/\/wpguerssen-test.odoo.rgbconsulting.com\/wp-content\/uploads\/2022\/04\/Logo_Guerssen_trans_100.png\",\"width\":122,\"height\":100,\"caption\":\"Guerssen records\"},\"image\":{\"@id\":\"https:\/\/wpguerssen-test.odoo.rgbconsulting.com\/es\/#\/schema\/logo\/image\/\"}}]}<\/script>\n<!-- \/ Yoast SEO plugin. -->","yoast_head_json":{"title":"PABLO, Augustus - East Of the River Nile -  (LP) | Guerssen","description":"Classic Instrumental Album by Augustus Pablo includes an additional track By Addis Pablo covering the title track from his west of the Blue Nile Ep released in 2019.TRACKLISTA1 Chant To King Selassie I A2 Natural Way A3 Nature Dub A4 Upfull Living A5 Unfinished Melody A6 Jah Light B1 Memories Of The Ghetto B2 Africa (1983) B3 East Of The River Nile B4 Sounds From Levi B5 Chapter 2 B6 Addis A Baba","robots":{"index":"index","follow":"follow","max-snippet":"max-snippet:-1","max-image-preview":"max-image-preview:large","max-video-preview":"max-video-preview:-1"},"canonical":"https:\/\/wpguerssen-test.odoo.rgbconsulting.com\/es\/producto\/east-of-the-river-nile\/","og_locale":"es_ES","og_type":"article","og_title":"PABLO, Augustus - East Of the River Nile -  (LP) | Guerssen","og_description":"Classic Instrumental Album by Augustus Pablo includes an additional track By Addis Pablo covering the title track from his west of the Blue Nile Ep released in 2019.TRACKLISTA1 Chant To King Selassie I A2 Natural Way A3 Nature Dub A4 Upfull Living A5 Unfinished Melody A6 Jah Light B1 Memories Of The Ghetto B2 Africa (1983) B3 East Of The River Nile B4 Sounds From Levi B5 Chapter 2 B6 Addis A Baba","og_url":"https:\/\/wpguerssen-test.odoo.rgbconsulting.com\/es\/producto\/east-of-the-river-nile\/","og_site_name":"Guerssen records","article_modified_time":"2025-04-29T11:39:15+00:00","og_image":[{"width":598,"height":599,"url":"https:\/\/wpguerssen-test.odoo.rgbconsulting.com\/wp-content\/uploads\/2025\/03\/50303.jpg","type":"image\/jpeg"}],"twitter_card":"summary_large_image","twitter_title":"PABLO, Augustus - East Of the River Nile -  (LP) | Guerssen","schema":{"@context":"https:\/\/schema.org","@graph":[{"@type":"WebPage","@id":"https:\/\/wpguerssen-test.odoo.rgbconsulting.com\/es\/producto\/east-of-the-river-nile\/","url":"https:\/\/wpguerssen-test.odoo.rgbconsulting.com\/es\/producto\/east-of-the-river-nile\/","name":"PABLO, Augustus - East Of the River Nile - (LP) | Guerssen","isPartOf":{"@id":"https:\/\/wpguerssen-test.odoo.rgbconsulting.com\/es\/#website"},"primaryImageOfPage":{"@id":"https:\/\/wpguerssen-test.odoo.rgbconsulting.com\/es\/producto\/east-of-the-river-nile\/#primaryimage"},"image":{"@id":"https:\/\/wpguerssen-test.odoo.rgbconsulting.com\/es\/producto\/east-of-the-river-nile\/#primaryimage"},"thumbnailUrl":"https:\/\/wpguerssen-test.odoo.rgbconsulting.com\/wp-content\/uploads\/2025\/03\/50303.jpg","datePublished":"2025-04-24T22:00:00+00:00","dateModified":"2025-04-29T11:39:15+00:00","description":"Classic Instrumental Album by Augustus Pablo includes an additional track By Addis Pablo covering the title track from his west of the Blue Nile Ep released in 2019.TRACKLISTA1 Chant To King Selassie I A2 Natural Way A3 Nature Dub A4 Upfull Living A5 Unfinished Melody A6 Jah Light B1 Memories Of The Ghetto B2 Africa (1983) B3 East Of The River Nile B4 Sounds From Levi B5 Chapter 2 B6 Addis A Baba","breadcrumb":{"@id":"https:\/\/wpguerssen-test.odoo.rgbconsulting.com\/es\/producto\/east-of-the-river-nile\/#breadcrumb"},"inLanguage":"es","potentialAction":[{"@type":"ReadAction","target":["https:\/\/wpguerssen-test.odoo.rgbconsulting.com\/es\/producto\/east-of-the-river-nile\/"]}]},{"@type":"ImageObject","inLanguage":"es","@id":"https:\/\/wpguerssen-test.odoo.rgbconsulting.com\/es\/producto\/east-of-the-river-nile\/#primaryimage","url":"https:\/\/wpguerssen-test.odoo.rgbconsulting.com\/wp-content\/uploads\/2025\/03\/50303.jpg","contentUrl":"https:\/\/wpguerssen-test.odoo.rgbconsulting.com\/wp-content\/uploads\/2025\/03\/50303.jpg","width":598,"height":599,"caption":"Augustus - East Of the River Nile - ONLY ROOTS (LP) | Guerssen"},{"@type":"BreadcrumbList","@id":"https:\/\/wpguerssen-test.odoo.rgbconsulting.com\/es\/producto\/east-of-the-river-nile\/#breadcrumb","itemListElement":[{"@type":"ListItem","position":1,"name":"Inicio","item":"https:\/\/wpguerssen-test.odoo.rgbconsulting.com\/es\/"},{"@type":"ListItem","position":2,"name":"Shop","item":"https:\/\/wpguerssen-test.odoo.rgbconsulting.com\/shop\/"},{"@type":"ListItem","position":3,"name":"East Of the River Nile"}]},{"@type":"WebSite","@id":"https:\/\/wpguerssen-test.odoo.rgbconsulting.com\/es\/#website","url":"https:\/\/wpguerssen-test.odoo.rgbconsulting.com\/es\/","name":"Guerssen records","description":"psychedelia - progressive - folk - garage ","publisher":{"@id":"https:\/\/wpguerssen-test.odoo.rgbconsulting.com\/es\/#organization"},"potentialAction":[{"@type":"SearchAction","target":{"@type":"EntryPoint","urlTemplate":"https:\/\/wpguerssen-test.odoo.rgbconsulting.com\/es\/?s={search_term_string}"},"query-input":{"@type":"PropertyValueSpecification","valueRequired":true,"valueName":"search_term_string"}}],"inLanguage":"es"},{"@type":"Organization","@id":"https:\/\/wpguerssen-test.odoo.rgbconsulting.com\/es\/#organization","name":"Guerssen records","url":"https:\/\/wpguerssen-test.odoo.rgbconsulting.com\/es\/","logo":{"@type":"ImageObject","inLanguage":"es","@id":"https:\/\/wpguerssen-test.odoo.rgbconsulting.com\/es\/#\/schema\/logo\/image\/","url":"https:\/\/wpguerssen-test.odoo.rgbconsulting.com\/wp-content\/uploads\/2022\/04\/Logo_Guerssen_trans_100.png","contentUrl":"https:\/\/wpguerssen-test.odoo.rgbconsulting.com\/wp-content\/uploads\/2022\/04\/Logo_Guerssen_trans_100.png","width":122,"height":100,"caption":"Guerssen records"},"image":{"@id":"https:\/\/wpguerssen-test.odoo.rgbconsulting.com\/es\/#\/schema\/logo\/image\/"}}]}},"_links":{"self":[{"href":"https:\/\/wpguerssen-test.odoo.rgbconsulting.com\/es\/wp-json\/wp\/v2\/product\/286284","targetHints":{"allow":["GET"]}}],"collection":[{"href":"https:\/\/wpguerssen-test.odoo.rgbconsulting.com\/es\/wp-json\/wp\/v2\/product"}],"about":[{"href":"https:\/\/wpguerssen-test.odoo.rgbconsulting.com\/es\/wp-json\/wp\/v2\/types\/product"}],"wp:featuredmedia":[{"embeddable":true,"href":"https:\/\/wpguerssen-test.odoo.rgbconsulting.com\/es\/wp-json\/wp\/v2\/media\/286210"}],"wp:attachment":[{"href":"https:\/\/wpguerssen-test.odoo.rgbconsulting.com\/es\/wp-json\/wp\/v2\/media?parent=286284"}],"wp:term":[{"taxonomy":"product_brand","embeddable":true,"href":"https:\/\/wpguerssen-test.odoo.rgbconsulting.com\/es\/wp-json\/wp\/v2\/product_brand?post=286284"},{"taxonomy":"product_cat","embeddable":true,"href":"https:\/\/wpguerssen-test.odoo.rgbconsulting.com\/es\/wp-json\/wp\/v2\/product_cat?post=286284"},{"taxonomy":"product_tag","embeddable":true,"href":"https:\/\/wpguerssen-test.odoo.rgbconsulting.com\/es\/wp-json\/wp\/v2\/product_tag?post=286284"}],"curies":[{"name":"wp","href":"https:\/\/api.w.org\/{rel}","templated":true}]}}