{"id":286290,"date":"2025-04-02T00:00:00","date_gmt":"2025-04-01T22:00:00","guid":{"rendered":"https:\/\/wpguerssen-test.odoo.rgbconsulting.com\/product\/the-revolution-will-not-be-televised\/"},"modified":"2025-04-16T18:39:18","modified_gmt":"2025-04-16T16:39:18","slug":"the-revolution-will-not-be-televised","status":"publish","type":"product","link":"https:\/\/wpguerssen-test.odoo.rgbconsulting.com\/es\/producto\/the-revolution-will-not-be-televised\/","title":{"rendered":"The Revolution Will Not Be Televised"},"content":{"rendered":"<p>Originalmente lanzado para capitalizar el \u00e9xito del entonces\/actual \u00e9xito de Scott\/Heron, The Bottle&#8217; y su posterior firma con Arista, esta compilaci\u00f3n de 1974 se ha convertido desde entonces en la destilaci\u00f3n definitiva de su obra temprana. Incluida dentro de la selecci\u00f3n original de 11 pistas estaban la canci\u00f3n del t\u00edtulo,  &#8216;On The Moon&#8217;, m\u00e1s ocho m\u00e1s. La versi\u00f3n ampliada en CD ofrece una visi\u00f3n m\u00e1s completa del trabajo de Scott\/Heron con la adici\u00f3n de nueve pistas entre ellas  You Are Who You Are&#8217;, utilizada en un reciente comercial de televisi\u00f3n, Think I&#8217;ll Call It Morning&#8217; y la versi\u00f3n hablada original de The Revolution Will Not Be Televised&#8217;. A modo de extra, tambi\u00e9n se incluyen versiones editadas de varios de sus poemas. Replicando el orden de ejecuci\u00f3n original de 11 pistas y empaquetado en una funda resistente, la reedici\u00f3n en vinilo presenta la obra de arte interior desplegable del LP original en la bolsa interior.<\/p>\n","protected":false},"excerpt":{"rendered":"<p>Originalmente lanzado para capitalizar el \u00e9xito del entonces\/actual \u00e9xito de Scott\/Heron, The Bottle&#8217; y su posterior firma con Arista, esta compilaci\u00f3n de<a class=\"read\" href=\"https:\/\/wpguerssen-test.odoo.rgbconsulting.com\/es\/producto\/the-revolution-will-not-be-televised\/\"> (...)<\/a>","protected":false},"featured_media":286228,"template":"","meta":{"_acf_changed":false},"product_brand":[],"product_cat":[21649,23228],"product_tag":[24189],"class_list":{"0":"post-286290","1":"product","2":"type-product","3":"status-publish","4":"has-post-thumbnail","6":"product_cat-soul-rnb-es","7":"product_cat-jazz-funk-es","8":"product_tag-recien-llegadas","9":"pa_artist-scott-heron-gil","10":"pa_format-lp-es","11":"pa_gender-jazz-funk-soul-rnb","12":"pa_label-bgp","13":"pa_location-north-america-es","14":"pa_other-filters-vinyl-only-es","16":"first","17":"instock","18":"taxable","19":"shipping-taxable","20":"purchasable","21":"product-type-simple"},"acf":[],"yoast_head":"<!-- This site is optimized with the Yoast SEO plugin v24.9 - https:\/\/yoast.com\/wordpress\/plugins\/seo\/ -->\n<title>SCOTT-HERON, Gil - The Revolution Will Not Be Televised -  (LP) | Guerssen<\/title>\n<meta name=\"description\" content=\"Originally released to capitalise on the success of Scott\/Heron&#039;s then\/current hit The Bottle&#039; and his subsequent signing to Arista, this 1974 compilation has since become the definitive distillation of his early work. Contained within the original 11\/track selection were the title track, hitey On The Moon&#039;, ome Is Where The Hatred Is&#039; plus eight more. The expanded CD version offers a more rounded view of Scott\/Heron&#039;s work with the addition of nine tracks among them hen You Are Who You Are&#039;, used in a recent television commercial, Think I&#039;ll Call It Morning&#039; and the original spoken\/word version of The Revolution Will Not Be Televised&#039;. By way of a bonus, edited versions of several of his poems are also included. Replicating the original 11\/track running order and packaged in a heavy duty sleeve, the vinyl reissue features the original LP&#039;s inner gatefold artwork on the inner bag.\" \/>\n<meta name=\"robots\" content=\"index, follow, max-snippet:-1, max-image-preview:large, max-video-preview:-1\" \/>\n<link rel=\"canonical\" href=\"https:\/\/wpguerssen-test.odoo.rgbconsulting.com\/es\/producto\/the-revolution-will-not-be-televised\/\" \/>\n<meta property=\"og:locale\" content=\"es_ES\" \/>\n<meta property=\"og:type\" content=\"article\" \/>\n<meta property=\"og:title\" content=\"SCOTT-HERON, Gil - The Revolution Will Not Be Televised -  (LP) | Guerssen\" \/>\n<meta property=\"og:description\" content=\"Originally released to capitalise on the success of Scott\/Heron&#039;s then\/current hit The Bottle&#039; and his subsequent signing to Arista, this 1974 compilation has since become the definitive distillation of his early work. Contained within the original 11\/track selection were the title track, hitey On The Moon&#039;, ome Is Where The Hatred Is&#039; plus eight more. The expanded CD version offers a more rounded view of Scott\/Heron&#039;s work with the addition of nine tracks among them hen You Are Who You Are&#039;, used in a recent television commercial, Think I&#039;ll Call It Morning&#039; and the original spoken\/word version of The Revolution Will Not Be Televised&#039;. By way of a bonus, edited versions of several of his poems are also included. Replicating the original 11\/track running order and packaged in a heavy duty sleeve, the vinyl reissue features the original LP&#039;s inner gatefold artwork on the inner bag.\" \/>\n<meta property=\"og:url\" content=\"https:\/\/wpguerssen-test.odoo.rgbconsulting.com\/es\/producto\/the-revolution-will-not-be-televised\/\" \/>\n<meta property=\"og:site_name\" content=\"Guerssen records\" \/>\n<meta property=\"article:modified_time\" content=\"2025-04-16T16:39:18+00:00\" \/>\n<meta property=\"og:image\" content=\"https:\/\/wpguerssen-test.odoo.rgbconsulting.com\/wp-content\/uploads\/2025\/03\/50309.jpg\" \/>\n\t<meta property=\"og:image:width\" content=\"400\" \/>\n\t<meta property=\"og:image:height\" content=\"400\" \/>\n\t<meta property=\"og:image:type\" content=\"image\/jpeg\" \/>\n<meta name=\"twitter:card\" content=\"summary_large_image\" \/>\n<meta name=\"twitter:title\" content=\"SCOTT-HERON, Gil - The Revolution Will Not Be Televised -  (LP) | Guerssen\" \/>\n<meta name=\"twitter:label1\" content=\"Tiempo de lectura\" \/>\n\t<meta name=\"twitter:data1\" content=\"1 minuto\" \/>\n<script type=\"application\/ld+json\" class=\"yoast-schema-graph\">{\"@context\":\"https:\/\/schema.org\",\"@graph\":[{\"@type\":\"WebPage\",\"@id\":\"https:\/\/wpguerssen-test.odoo.rgbconsulting.com\/es\/producto\/the-revolution-will-not-be-televised\/\",\"url\":\"https:\/\/wpguerssen-test.odoo.rgbconsulting.com\/es\/producto\/the-revolution-will-not-be-televised\/\",\"name\":\"SCOTT-HERON, Gil - The Revolution Will Not Be Televised - (LP) | Guerssen\",\"isPartOf\":{\"@id\":\"https:\/\/wpguerssen-test.odoo.rgbconsulting.com\/es\/#website\"},\"primaryImageOfPage\":{\"@id\":\"https:\/\/wpguerssen-test.odoo.rgbconsulting.com\/es\/producto\/the-revolution-will-not-be-televised\/#primaryimage\"},\"image\":{\"@id\":\"https:\/\/wpguerssen-test.odoo.rgbconsulting.com\/es\/producto\/the-revolution-will-not-be-televised\/#primaryimage\"},\"thumbnailUrl\":\"https:\/\/wpguerssen-test.odoo.rgbconsulting.com\/wp-content\/uploads\/2025\/03\/50309.jpg\",\"datePublished\":\"2025-04-01T22:00:00+00:00\",\"dateModified\":\"2025-04-16T16:39:18+00:00\",\"description\":\"Originally released to capitalise on the success of Scott\/Heron's then\/current hit The Bottle' and his subsequent signing to Arista, this 1974 compilation has since become the definitive distillation of his early work. Contained within the original 11\/track selection were the title track, hitey On The Moon', ome Is Where The Hatred Is' plus eight more. The expanded CD version offers a more rounded view of Scott\/Heron's work with the addition of nine tracks among them hen You Are Who You Are', used in a recent television commercial, Think I'll Call It Morning' and the original spoken\/word version of The Revolution Will Not Be Televised'. By way of a bonus, edited versions of several of his poems are also included. Replicating the original 11\/track running order and packaged in a heavy duty sleeve, the vinyl reissue features the original LP's inner gatefold artwork on the inner bag.\",\"breadcrumb\":{\"@id\":\"https:\/\/wpguerssen-test.odoo.rgbconsulting.com\/es\/producto\/the-revolution-will-not-be-televised\/#breadcrumb\"},\"inLanguage\":\"es\",\"potentialAction\":[{\"@type\":\"ReadAction\",\"target\":[\"https:\/\/wpguerssen-test.odoo.rgbconsulting.com\/es\/producto\/the-revolution-will-not-be-televised\/\"]}]},{\"@type\":\"ImageObject\",\"inLanguage\":\"es\",\"@id\":\"https:\/\/wpguerssen-test.odoo.rgbconsulting.com\/es\/producto\/the-revolution-will-not-be-televised\/#primaryimage\",\"url\":\"https:\/\/wpguerssen-test.odoo.rgbconsulting.com\/wp-content\/uploads\/2025\/03\/50309.jpg\",\"contentUrl\":\"https:\/\/wpguerssen-test.odoo.rgbconsulting.com\/wp-content\/uploads\/2025\/03\/50309.jpg\",\"width\":400,\"height\":400,\"caption\":\"Gil - The Revolution Will Not Be Televised - BGP (LP) | Guerssen\"},{\"@type\":\"BreadcrumbList\",\"@id\":\"https:\/\/wpguerssen-test.odoo.rgbconsulting.com\/es\/producto\/the-revolution-will-not-be-televised\/#breadcrumb\",\"itemListElement\":[{\"@type\":\"ListItem\",\"position\":1,\"name\":\"Inicio\",\"item\":\"https:\/\/wpguerssen-test.odoo.rgbconsulting.com\/es\/\"},{\"@type\":\"ListItem\",\"position\":2,\"name\":\"Shop\",\"item\":\"https:\/\/wpguerssen-test.odoo.rgbconsulting.com\/shop\/\"},{\"@type\":\"ListItem\",\"position\":3,\"name\":\"The Revolution Will Not Be Televised\"}]},{\"@type\":\"WebSite\",\"@id\":\"https:\/\/wpguerssen-test.odoo.rgbconsulting.com\/es\/#website\",\"url\":\"https:\/\/wpguerssen-test.odoo.rgbconsulting.com\/es\/\",\"name\":\"Guerssen records\",\"description\":\"psychedelia - progressive - folk - garage \",\"publisher\":{\"@id\":\"https:\/\/wpguerssen-test.odoo.rgbconsulting.com\/es\/#organization\"},\"potentialAction\":[{\"@type\":\"SearchAction\",\"target\":{\"@type\":\"EntryPoint\",\"urlTemplate\":\"https:\/\/wpguerssen-test.odoo.rgbconsulting.com\/es\/?s={search_term_string}\"},\"query-input\":{\"@type\":\"PropertyValueSpecification\",\"valueRequired\":true,\"valueName\":\"search_term_string\"}}],\"inLanguage\":\"es\"},{\"@type\":\"Organization\",\"@id\":\"https:\/\/wpguerssen-test.odoo.rgbconsulting.com\/es\/#organization\",\"name\":\"Guerssen records\",\"url\":\"https:\/\/wpguerssen-test.odoo.rgbconsulting.com\/es\/\",\"logo\":{\"@type\":\"ImageObject\",\"inLanguage\":\"es\",\"@id\":\"https:\/\/wpguerssen-test.odoo.rgbconsulting.com\/es\/#\/schema\/logo\/image\/\",\"url\":\"https:\/\/wpguerssen-test.odoo.rgbconsulting.com\/wp-content\/uploads\/2022\/04\/Logo_Guerssen_trans_100.png\",\"contentUrl\":\"https:\/\/wpguerssen-test.odoo.rgbconsulting.com\/wp-content\/uploads\/2022\/04\/Logo_Guerssen_trans_100.png\",\"width\":122,\"height\":100,\"caption\":\"Guerssen records\"},\"image\":{\"@id\":\"https:\/\/wpguerssen-test.odoo.rgbconsulting.com\/es\/#\/schema\/logo\/image\/\"}}]}<\/script>\n<!-- \/ Yoast SEO plugin. -->","yoast_head_json":{"title":"SCOTT-HERON, Gil - The Revolution Will Not Be Televised -  (LP) | Guerssen","description":"Originally released to capitalise on the success of Scott\/Heron's then\/current hit The Bottle' and his subsequent signing to Arista, this 1974 compilation has since become the definitive distillation of his early work. Contained within the original 11\/track selection were the title track, hitey On The Moon', ome Is Where The Hatred Is' plus eight more. The expanded CD version offers a more rounded view of Scott\/Heron's work with the addition of nine tracks among them hen You Are Who You Are', used in a recent television commercial, Think I'll Call It Morning' and the original spoken\/word version of The Revolution Will Not Be Televised'. By way of a bonus, edited versions of several of his poems are also included. Replicating the original 11\/track running order and packaged in a heavy duty sleeve, the vinyl reissue features the original LP's inner gatefold artwork on the inner bag.","robots":{"index":"index","follow":"follow","max-snippet":"max-snippet:-1","max-image-preview":"max-image-preview:large","max-video-preview":"max-video-preview:-1"},"canonical":"https:\/\/wpguerssen-test.odoo.rgbconsulting.com\/es\/producto\/the-revolution-will-not-be-televised\/","og_locale":"es_ES","og_type":"article","og_title":"SCOTT-HERON, Gil - The Revolution Will Not Be Televised -  (LP) | Guerssen","og_description":"Originally released to capitalise on the success of Scott\/Heron's then\/current hit The Bottle' and his subsequent signing to Arista, this 1974 compilation has since become the definitive distillation of his early work. Contained within the original 11\/track selection were the title track, hitey On The Moon', ome Is Where The Hatred Is' plus eight more. The expanded CD version offers a more rounded view of Scott\/Heron's work with the addition of nine tracks among them hen You Are Who You Are', used in a recent television commercial, Think I'll Call It Morning' and the original spoken\/word version of The Revolution Will Not Be Televised'. By way of a bonus, edited versions of several of his poems are also included. Replicating the original 11\/track running order and packaged in a heavy duty sleeve, the vinyl reissue features the original LP's inner gatefold artwork on the inner bag.","og_url":"https:\/\/wpguerssen-test.odoo.rgbconsulting.com\/es\/producto\/the-revolution-will-not-be-televised\/","og_site_name":"Guerssen records","article_modified_time":"2025-04-16T16:39:18+00:00","og_image":[{"width":400,"height":400,"url":"https:\/\/wpguerssen-test.odoo.rgbconsulting.com\/wp-content\/uploads\/2025\/03\/50309.jpg","type":"image\/jpeg"}],"twitter_card":"summary_large_image","twitter_title":"SCOTT-HERON, Gil - The Revolution Will Not Be Televised -  (LP) | Guerssen","twitter_misc":{"Tiempo de lectura":"1 minuto"},"schema":{"@context":"https:\/\/schema.org","@graph":[{"@type":"WebPage","@id":"https:\/\/wpguerssen-test.odoo.rgbconsulting.com\/es\/producto\/the-revolution-will-not-be-televised\/","url":"https:\/\/wpguerssen-test.odoo.rgbconsulting.com\/es\/producto\/the-revolution-will-not-be-televised\/","name":"SCOTT-HERON, Gil - The Revolution Will Not Be Televised - (LP) | Guerssen","isPartOf":{"@id":"https:\/\/wpguerssen-test.odoo.rgbconsulting.com\/es\/#website"},"primaryImageOfPage":{"@id":"https:\/\/wpguerssen-test.odoo.rgbconsulting.com\/es\/producto\/the-revolution-will-not-be-televised\/#primaryimage"},"image":{"@id":"https:\/\/wpguerssen-test.odoo.rgbconsulting.com\/es\/producto\/the-revolution-will-not-be-televised\/#primaryimage"},"thumbnailUrl":"https:\/\/wpguerssen-test.odoo.rgbconsulting.com\/wp-content\/uploads\/2025\/03\/50309.jpg","datePublished":"2025-04-01T22:00:00+00:00","dateModified":"2025-04-16T16:39:18+00:00","description":"Originally released to capitalise on the success of Scott\/Heron's then\/current hit The Bottle' and his subsequent signing to Arista, this 1974 compilation has since become the definitive distillation of his early work. Contained within the original 11\/track selection were the title track, hitey On The Moon', ome Is Where The Hatred Is' plus eight more. The expanded CD version offers a more rounded view of Scott\/Heron's work with the addition of nine tracks among them hen You Are Who You Are', used in a recent television commercial, Think I'll Call It Morning' and the original spoken\/word version of The Revolution Will Not Be Televised'. By way of a bonus, edited versions of several of his poems are also included. Replicating the original 11\/track running order and packaged in a heavy duty sleeve, the vinyl reissue features the original LP's inner gatefold artwork on the inner bag.","breadcrumb":{"@id":"https:\/\/wpguerssen-test.odoo.rgbconsulting.com\/es\/producto\/the-revolution-will-not-be-televised\/#breadcrumb"},"inLanguage":"es","potentialAction":[{"@type":"ReadAction","target":["https:\/\/wpguerssen-test.odoo.rgbconsulting.com\/es\/producto\/the-revolution-will-not-be-televised\/"]}]},{"@type":"ImageObject","inLanguage":"es","@id":"https:\/\/wpguerssen-test.odoo.rgbconsulting.com\/es\/producto\/the-revolution-will-not-be-televised\/#primaryimage","url":"https:\/\/wpguerssen-test.odoo.rgbconsulting.com\/wp-content\/uploads\/2025\/03\/50309.jpg","contentUrl":"https:\/\/wpguerssen-test.odoo.rgbconsulting.com\/wp-content\/uploads\/2025\/03\/50309.jpg","width":400,"height":400,"caption":"Gil - The Revolution Will Not Be Televised - BGP (LP) | Guerssen"},{"@type":"BreadcrumbList","@id":"https:\/\/wpguerssen-test.odoo.rgbconsulting.com\/es\/producto\/the-revolution-will-not-be-televised\/#breadcrumb","itemListElement":[{"@type":"ListItem","position":1,"name":"Inicio","item":"https:\/\/wpguerssen-test.odoo.rgbconsulting.com\/es\/"},{"@type":"ListItem","position":2,"name":"Shop","item":"https:\/\/wpguerssen-test.odoo.rgbconsulting.com\/shop\/"},{"@type":"ListItem","position":3,"name":"The Revolution Will Not Be Televised"}]},{"@type":"WebSite","@id":"https:\/\/wpguerssen-test.odoo.rgbconsulting.com\/es\/#website","url":"https:\/\/wpguerssen-test.odoo.rgbconsulting.com\/es\/","name":"Guerssen records","description":"psychedelia - progressive - folk - garage ","publisher":{"@id":"https:\/\/wpguerssen-test.odoo.rgbconsulting.com\/es\/#organization"},"potentialAction":[{"@type":"SearchAction","target":{"@type":"EntryPoint","urlTemplate":"https:\/\/wpguerssen-test.odoo.rgbconsulting.com\/es\/?s={search_term_string}"},"query-input":{"@type":"PropertyValueSpecification","valueRequired":true,"valueName":"search_term_string"}}],"inLanguage":"es"},{"@type":"Organization","@id":"https:\/\/wpguerssen-test.odoo.rgbconsulting.com\/es\/#organization","name":"Guerssen records","url":"https:\/\/wpguerssen-test.odoo.rgbconsulting.com\/es\/","logo":{"@type":"ImageObject","inLanguage":"es","@id":"https:\/\/wpguerssen-test.odoo.rgbconsulting.com\/es\/#\/schema\/logo\/image\/","url":"https:\/\/wpguerssen-test.odoo.rgbconsulting.com\/wp-content\/uploads\/2022\/04\/Logo_Guerssen_trans_100.png","contentUrl":"https:\/\/wpguerssen-test.odoo.rgbconsulting.com\/wp-content\/uploads\/2022\/04\/Logo_Guerssen_trans_100.png","width":122,"height":100,"caption":"Guerssen records"},"image":{"@id":"https:\/\/wpguerssen-test.odoo.rgbconsulting.com\/es\/#\/schema\/logo\/image\/"}}]}},"_links":{"self":[{"href":"https:\/\/wpguerssen-test.odoo.rgbconsulting.com\/es\/wp-json\/wp\/v2\/product\/286290","targetHints":{"allow":["GET"]}}],"collection":[{"href":"https:\/\/wpguerssen-test.odoo.rgbconsulting.com\/es\/wp-json\/wp\/v2\/product"}],"about":[{"href":"https:\/\/wpguerssen-test.odoo.rgbconsulting.com\/es\/wp-json\/wp\/v2\/types\/product"}],"wp:featuredmedia":[{"embeddable":true,"href":"https:\/\/wpguerssen-test.odoo.rgbconsulting.com\/es\/wp-json\/wp\/v2\/media\/286228"}],"wp:attachment":[{"href":"https:\/\/wpguerssen-test.odoo.rgbconsulting.com\/es\/wp-json\/wp\/v2\/media?parent=286290"}],"wp:term":[{"taxonomy":"product_brand","embeddable":true,"href":"https:\/\/wpguerssen-test.odoo.rgbconsulting.com\/es\/wp-json\/wp\/v2\/product_brand?post=286290"},{"taxonomy":"product_cat","embeddable":true,"href":"https:\/\/wpguerssen-test.odoo.rgbconsulting.com\/es\/wp-json\/wp\/v2\/product_cat?post=286290"},{"taxonomy":"product_tag","embeddable":true,"href":"https:\/\/wpguerssen-test.odoo.rgbconsulting.com\/es\/wp-json\/wp\/v2\/product_tag?post=286290"}],"curies":[{"name":"wp","href":"https:\/\/api.w.org\/{rel}","templated":true}]}}