{"id":286298,"date":"2025-04-11T00:00:00","date_gmt":"2025-04-10T22:00:00","guid":{"rendered":"https:\/\/wpguerssen-test.odoo.rgbconsulting.com\/product\/sings-and-plays-guitar\/"},"modified":"2025-04-16T18:39:46","modified_gmt":"2025-04-16T16:39:46","slug":"sings-and-plays-guitar","status":"publish","type":"product","link":"https:\/\/wpguerssen-test.odoo.rgbconsulting.com\/es\/producto\/sings-and-plays-guitar\/","title":{"rendered":"Sings And Plays Guitar"},"content":{"rendered":"<p>Reconocido como uno de los guitarristas de rock m\u00e1s legendarios de la historia, Link Wray irrumpi\u00f3 en la escena a finales de los 50 con una serie de innovadores temas instrumentales. Este \u00e1lbum, sin embargo, muestra una faceta diferente de Link, cambiando sus instrumentales habituales por temas vocales que complementan su apasionada habilidad con la guitarra. Estas canciones fueron creadas para los en\u00e9rgicos bailes juveniles en los que Link y su banda actuaron incansablemente a lo largo de los a\u00f1os. Lanzado originalmente en una edici\u00f3n muy limitada en 1964, este \u00e1lbum se ha mantenido como una joya escondida en la discograf\u00eda de Link Wray, \u00a1y ahora por fin est\u00e1 disponible para que una nueva generaci\u00f3n de fans lo descubra!<\/p>\n","protected":false},"excerpt":{"rendered":"<p>Reconocido como uno de los guitarristas de rock m\u00e1s legendarios de la historia, Link Wray irrumpi\u00f3 en la escena a finales de los 50 con una serie de innovadores<a class=\"read\" href=\"https:\/\/wpguerssen-test.odoo.rgbconsulting.com\/es\/producto\/sings-and-plays-guitar\/\"> (...)<\/a>","protected":false},"featured_media":286252,"template":"","meta":{"_acf_changed":false},"product_brand":[],"product_cat":[21642,21664],"product_tag":[24189],"class_list":{"0":"post-286298","1":"product","2":"type-product","3":"status-publish","4":"has-post-thumbnail","6":"product_cat-rocknroll-es","7":"product_cat-surf-es","8":"product_tag-recien-llegadas","9":"pa_artist-wray-link-es","10":"pa_format-lp-es","11":"pa_gender-rocknroll-surf","12":"pa_label-destination-moon","13":"pa_location-north-america-es","14":"pa_other-filters-vinyl-only-es","16":"first","17":"instock","18":"taxable","19":"shipping-taxable","20":"purchasable","21":"product-type-simple"},"acf":[],"yoast_head":"<!-- This site is optimized with the Yoast SEO plugin v24.9 - https:\/\/yoast.com\/wordpress\/plugins\/seo\/ -->\n<title>WRAY, Link - Sings And Plays Guitar -  (LP) | Guerssen<\/title>\n<meta name=\"description\" content=\"Renowned as one of the most legendary rock guitarists ever, Link Wray burst onto the scene in the late &#039;50s with a series of groundbreaking instrumental tracks. This album, however, showcases a different facet of Link, swapping his usual instrumentals for vocal tracks that complement his fiery guitar skills. These songs were tailored for the energetic teen dances that Link and his band performed at tirelessly over the years. Originally released in a very limited run in 1964, this album has remained a hidden gem in Link Wray&#039;s discography, now finally available for a new generation of fans to discover!\" \/>\n<meta name=\"robots\" content=\"index, follow, max-snippet:-1, max-image-preview:large, max-video-preview:-1\" \/>\n<link rel=\"canonical\" href=\"https:\/\/wpguerssen-test.odoo.rgbconsulting.com\/es\/producto\/sings-and-plays-guitar\/\" \/>\n<meta property=\"og:locale\" content=\"es_ES\" \/>\n<meta property=\"og:type\" content=\"article\" \/>\n<meta property=\"og:title\" content=\"WRAY, Link - Sings And Plays Guitar -  (LP) | Guerssen\" \/>\n<meta property=\"og:description\" content=\"Renowned as one of the most legendary rock guitarists ever, Link Wray burst onto the scene in the late &#039;50s with a series of groundbreaking instrumental tracks. This album, however, showcases a different facet of Link, swapping his usual instrumentals for vocal tracks that complement his fiery guitar skills. These songs were tailored for the energetic teen dances that Link and his band performed at tirelessly over the years. Originally released in a very limited run in 1964, this album has remained a hidden gem in Link Wray&#039;s discography, now finally available for a new generation of fans to discover!\" \/>\n<meta property=\"og:url\" content=\"https:\/\/wpguerssen-test.odoo.rgbconsulting.com\/es\/producto\/sings-and-plays-guitar\/\" \/>\n<meta property=\"og:site_name\" content=\"Guerssen records\" \/>\n<meta property=\"article:modified_time\" content=\"2025-04-16T16:39:46+00:00\" \/>\n<meta property=\"og:image\" content=\"https:\/\/wpguerssen-test.odoo.rgbconsulting.com\/wp-content\/uploads\/2025\/03\/50317.jpg\" \/>\n\t<meta property=\"og:image:width\" content=\"300\" \/>\n\t<meta property=\"og:image:height\" content=\"300\" \/>\n\t<meta property=\"og:image:type\" content=\"image\/jpeg\" \/>\n<meta name=\"twitter:card\" content=\"summary_large_image\" \/>\n<meta name=\"twitter:title\" content=\"WRAY, Link - Sings And Plays Guitar -  (LP) | Guerssen\" \/>\n<meta name=\"twitter:label1\" content=\"Tiempo de lectura\" \/>\n\t<meta name=\"twitter:data1\" content=\"1 minuto\" \/>\n<script type=\"application\/ld+json\" class=\"yoast-schema-graph\">{\"@context\":\"https:\/\/schema.org\",\"@graph\":[{\"@type\":\"WebPage\",\"@id\":\"https:\/\/wpguerssen-test.odoo.rgbconsulting.com\/es\/producto\/sings-and-plays-guitar\/\",\"url\":\"https:\/\/wpguerssen-test.odoo.rgbconsulting.com\/es\/producto\/sings-and-plays-guitar\/\",\"name\":\"WRAY, Link - Sings And Plays Guitar - (LP) | Guerssen\",\"isPartOf\":{\"@id\":\"https:\/\/wpguerssen-test.odoo.rgbconsulting.com\/es\/#website\"},\"primaryImageOfPage\":{\"@id\":\"https:\/\/wpguerssen-test.odoo.rgbconsulting.com\/es\/producto\/sings-and-plays-guitar\/#primaryimage\"},\"image\":{\"@id\":\"https:\/\/wpguerssen-test.odoo.rgbconsulting.com\/es\/producto\/sings-and-plays-guitar\/#primaryimage\"},\"thumbnailUrl\":\"https:\/\/wpguerssen-test.odoo.rgbconsulting.com\/wp-content\/uploads\/2025\/03\/50317.jpg\",\"datePublished\":\"2025-04-10T22:00:00+00:00\",\"dateModified\":\"2025-04-16T16:39:46+00:00\",\"description\":\"Renowned as one of the most legendary rock guitarists ever, Link Wray burst onto the scene in the late '50s with a series of groundbreaking instrumental tracks. This album, however, showcases a different facet of Link, swapping his usual instrumentals for vocal tracks that complement his fiery guitar skills. These songs were tailored for the energetic teen dances that Link and his band performed at tirelessly over the years. Originally released in a very limited run in 1964, this album has remained a hidden gem in Link Wray's discography, now finally available for a new generation of fans to discover!\",\"breadcrumb\":{\"@id\":\"https:\/\/wpguerssen-test.odoo.rgbconsulting.com\/es\/producto\/sings-and-plays-guitar\/#breadcrumb\"},\"inLanguage\":\"es\",\"potentialAction\":[{\"@type\":\"ReadAction\",\"target\":[\"https:\/\/wpguerssen-test.odoo.rgbconsulting.com\/es\/producto\/sings-and-plays-guitar\/\"]}]},{\"@type\":\"ImageObject\",\"inLanguage\":\"es\",\"@id\":\"https:\/\/wpguerssen-test.odoo.rgbconsulting.com\/es\/producto\/sings-and-plays-guitar\/#primaryimage\",\"url\":\"https:\/\/wpguerssen-test.odoo.rgbconsulting.com\/wp-content\/uploads\/2025\/03\/50317.jpg\",\"contentUrl\":\"https:\/\/wpguerssen-test.odoo.rgbconsulting.com\/wp-content\/uploads\/2025\/03\/50317.jpg\",\"width\":300,\"height\":300,\"caption\":\"Link - Sings And Plays Guitar - DESTINATION MOON (LP) | Guerssen\"},{\"@type\":\"BreadcrumbList\",\"@id\":\"https:\/\/wpguerssen-test.odoo.rgbconsulting.com\/es\/producto\/sings-and-plays-guitar\/#breadcrumb\",\"itemListElement\":[{\"@type\":\"ListItem\",\"position\":1,\"name\":\"Inicio\",\"item\":\"https:\/\/wpguerssen-test.odoo.rgbconsulting.com\/es\/\"},{\"@type\":\"ListItem\",\"position\":2,\"name\":\"Shop\",\"item\":\"https:\/\/wpguerssen-test.odoo.rgbconsulting.com\/shop\/\"},{\"@type\":\"ListItem\",\"position\":3,\"name\":\"Sings And Plays Guitar\"}]},{\"@type\":\"WebSite\",\"@id\":\"https:\/\/wpguerssen-test.odoo.rgbconsulting.com\/es\/#website\",\"url\":\"https:\/\/wpguerssen-test.odoo.rgbconsulting.com\/es\/\",\"name\":\"Guerssen records\",\"description\":\"psychedelia - progressive - folk - garage \",\"publisher\":{\"@id\":\"https:\/\/wpguerssen-test.odoo.rgbconsulting.com\/es\/#organization\"},\"potentialAction\":[{\"@type\":\"SearchAction\",\"target\":{\"@type\":\"EntryPoint\",\"urlTemplate\":\"https:\/\/wpguerssen-test.odoo.rgbconsulting.com\/es\/?s={search_term_string}\"},\"query-input\":{\"@type\":\"PropertyValueSpecification\",\"valueRequired\":true,\"valueName\":\"search_term_string\"}}],\"inLanguage\":\"es\"},{\"@type\":\"Organization\",\"@id\":\"https:\/\/wpguerssen-test.odoo.rgbconsulting.com\/es\/#organization\",\"name\":\"Guerssen records\",\"url\":\"https:\/\/wpguerssen-test.odoo.rgbconsulting.com\/es\/\",\"logo\":{\"@type\":\"ImageObject\",\"inLanguage\":\"es\",\"@id\":\"https:\/\/wpguerssen-test.odoo.rgbconsulting.com\/es\/#\/schema\/logo\/image\/\",\"url\":\"https:\/\/wpguerssen-test.odoo.rgbconsulting.com\/wp-content\/uploads\/2022\/04\/Logo_Guerssen_trans_100.png\",\"contentUrl\":\"https:\/\/wpguerssen-test.odoo.rgbconsulting.com\/wp-content\/uploads\/2022\/04\/Logo_Guerssen_trans_100.png\",\"width\":122,\"height\":100,\"caption\":\"Guerssen records\"},\"image\":{\"@id\":\"https:\/\/wpguerssen-test.odoo.rgbconsulting.com\/es\/#\/schema\/logo\/image\/\"}}]}<\/script>\n<!-- \/ Yoast SEO plugin. -->","yoast_head_json":{"title":"WRAY, Link - Sings And Plays Guitar -  (LP) | Guerssen","description":"Renowned as one of the most legendary rock guitarists ever, Link Wray burst onto the scene in the late '50s with a series of groundbreaking instrumental tracks. This album, however, showcases a different facet of Link, swapping his usual instrumentals for vocal tracks that complement his fiery guitar skills. These songs were tailored for the energetic teen dances that Link and his band performed at tirelessly over the years. Originally released in a very limited run in 1964, this album has remained a hidden gem in Link Wray's discography, now finally available for a new generation of fans to discover!","robots":{"index":"index","follow":"follow","max-snippet":"max-snippet:-1","max-image-preview":"max-image-preview:large","max-video-preview":"max-video-preview:-1"},"canonical":"https:\/\/wpguerssen-test.odoo.rgbconsulting.com\/es\/producto\/sings-and-plays-guitar\/","og_locale":"es_ES","og_type":"article","og_title":"WRAY, Link - Sings And Plays Guitar -  (LP) | Guerssen","og_description":"Renowned as one of the most legendary rock guitarists ever, Link Wray burst onto the scene in the late '50s with a series of groundbreaking instrumental tracks. This album, however, showcases a different facet of Link, swapping his usual instrumentals for vocal tracks that complement his fiery guitar skills. These songs were tailored for the energetic teen dances that Link and his band performed at tirelessly over the years. Originally released in a very limited run in 1964, this album has remained a hidden gem in Link Wray's discography, now finally available for a new generation of fans to discover!","og_url":"https:\/\/wpguerssen-test.odoo.rgbconsulting.com\/es\/producto\/sings-and-plays-guitar\/","og_site_name":"Guerssen records","article_modified_time":"2025-04-16T16:39:46+00:00","og_image":[{"width":300,"height":300,"url":"https:\/\/wpguerssen-test.odoo.rgbconsulting.com\/wp-content\/uploads\/2025\/03\/50317.jpg","type":"image\/jpeg"}],"twitter_card":"summary_large_image","twitter_title":"WRAY, Link - Sings And Plays Guitar -  (LP) | Guerssen","twitter_misc":{"Tiempo de lectura":"1 minuto"},"schema":{"@context":"https:\/\/schema.org","@graph":[{"@type":"WebPage","@id":"https:\/\/wpguerssen-test.odoo.rgbconsulting.com\/es\/producto\/sings-and-plays-guitar\/","url":"https:\/\/wpguerssen-test.odoo.rgbconsulting.com\/es\/producto\/sings-and-plays-guitar\/","name":"WRAY, Link - Sings And Plays Guitar - (LP) | Guerssen","isPartOf":{"@id":"https:\/\/wpguerssen-test.odoo.rgbconsulting.com\/es\/#website"},"primaryImageOfPage":{"@id":"https:\/\/wpguerssen-test.odoo.rgbconsulting.com\/es\/producto\/sings-and-plays-guitar\/#primaryimage"},"image":{"@id":"https:\/\/wpguerssen-test.odoo.rgbconsulting.com\/es\/producto\/sings-and-plays-guitar\/#primaryimage"},"thumbnailUrl":"https:\/\/wpguerssen-test.odoo.rgbconsulting.com\/wp-content\/uploads\/2025\/03\/50317.jpg","datePublished":"2025-04-10T22:00:00+00:00","dateModified":"2025-04-16T16:39:46+00:00","description":"Renowned as one of the most legendary rock guitarists ever, Link Wray burst onto the scene in the late '50s with a series of groundbreaking instrumental tracks. This album, however, showcases a different facet of Link, swapping his usual instrumentals for vocal tracks that complement his fiery guitar skills. These songs were tailored for the energetic teen dances that Link and his band performed at tirelessly over the years. Originally released in a very limited run in 1964, this album has remained a hidden gem in Link Wray's discography, now finally available for a new generation of fans to discover!","breadcrumb":{"@id":"https:\/\/wpguerssen-test.odoo.rgbconsulting.com\/es\/producto\/sings-and-plays-guitar\/#breadcrumb"},"inLanguage":"es","potentialAction":[{"@type":"ReadAction","target":["https:\/\/wpguerssen-test.odoo.rgbconsulting.com\/es\/producto\/sings-and-plays-guitar\/"]}]},{"@type":"ImageObject","inLanguage":"es","@id":"https:\/\/wpguerssen-test.odoo.rgbconsulting.com\/es\/producto\/sings-and-plays-guitar\/#primaryimage","url":"https:\/\/wpguerssen-test.odoo.rgbconsulting.com\/wp-content\/uploads\/2025\/03\/50317.jpg","contentUrl":"https:\/\/wpguerssen-test.odoo.rgbconsulting.com\/wp-content\/uploads\/2025\/03\/50317.jpg","width":300,"height":300,"caption":"Link - Sings And Plays Guitar - DESTINATION MOON (LP) | Guerssen"},{"@type":"BreadcrumbList","@id":"https:\/\/wpguerssen-test.odoo.rgbconsulting.com\/es\/producto\/sings-and-plays-guitar\/#breadcrumb","itemListElement":[{"@type":"ListItem","position":1,"name":"Inicio","item":"https:\/\/wpguerssen-test.odoo.rgbconsulting.com\/es\/"},{"@type":"ListItem","position":2,"name":"Shop","item":"https:\/\/wpguerssen-test.odoo.rgbconsulting.com\/shop\/"},{"@type":"ListItem","position":3,"name":"Sings And Plays Guitar"}]},{"@type":"WebSite","@id":"https:\/\/wpguerssen-test.odoo.rgbconsulting.com\/es\/#website","url":"https:\/\/wpguerssen-test.odoo.rgbconsulting.com\/es\/","name":"Guerssen records","description":"psychedelia - progressive - folk - garage ","publisher":{"@id":"https:\/\/wpguerssen-test.odoo.rgbconsulting.com\/es\/#organization"},"potentialAction":[{"@type":"SearchAction","target":{"@type":"EntryPoint","urlTemplate":"https:\/\/wpguerssen-test.odoo.rgbconsulting.com\/es\/?s={search_term_string}"},"query-input":{"@type":"PropertyValueSpecification","valueRequired":true,"valueName":"search_term_string"}}],"inLanguage":"es"},{"@type":"Organization","@id":"https:\/\/wpguerssen-test.odoo.rgbconsulting.com\/es\/#organization","name":"Guerssen records","url":"https:\/\/wpguerssen-test.odoo.rgbconsulting.com\/es\/","logo":{"@type":"ImageObject","inLanguage":"es","@id":"https:\/\/wpguerssen-test.odoo.rgbconsulting.com\/es\/#\/schema\/logo\/image\/","url":"https:\/\/wpguerssen-test.odoo.rgbconsulting.com\/wp-content\/uploads\/2022\/04\/Logo_Guerssen_trans_100.png","contentUrl":"https:\/\/wpguerssen-test.odoo.rgbconsulting.com\/wp-content\/uploads\/2022\/04\/Logo_Guerssen_trans_100.png","width":122,"height":100,"caption":"Guerssen records"},"image":{"@id":"https:\/\/wpguerssen-test.odoo.rgbconsulting.com\/es\/#\/schema\/logo\/image\/"}}]}},"_links":{"self":[{"href":"https:\/\/wpguerssen-test.odoo.rgbconsulting.com\/es\/wp-json\/wp\/v2\/product\/286298","targetHints":{"allow":["GET"]}}],"collection":[{"href":"https:\/\/wpguerssen-test.odoo.rgbconsulting.com\/es\/wp-json\/wp\/v2\/product"}],"about":[{"href":"https:\/\/wpguerssen-test.odoo.rgbconsulting.com\/es\/wp-json\/wp\/v2\/types\/product"}],"wp:featuredmedia":[{"embeddable":true,"href":"https:\/\/wpguerssen-test.odoo.rgbconsulting.com\/es\/wp-json\/wp\/v2\/media\/286252"}],"wp:attachment":[{"href":"https:\/\/wpguerssen-test.odoo.rgbconsulting.com\/es\/wp-json\/wp\/v2\/media?parent=286298"}],"wp:term":[{"taxonomy":"product_brand","embeddable":true,"href":"https:\/\/wpguerssen-test.odoo.rgbconsulting.com\/es\/wp-json\/wp\/v2\/product_brand?post=286298"},{"taxonomy":"product_cat","embeddable":true,"href":"https:\/\/wpguerssen-test.odoo.rgbconsulting.com\/es\/wp-json\/wp\/v2\/product_cat?post=286298"},{"taxonomy":"product_tag","embeddable":true,"href":"https:\/\/wpguerssen-test.odoo.rgbconsulting.com\/es\/wp-json\/wp\/v2\/product_tag?post=286298"}],"curies":[{"name":"wp","href":"https:\/\/api.w.org\/{rel}","templated":true}]}}