{"id":286584,"date":"2025-04-24T00:00:00","date_gmt":"2025-04-23T22:00:00","guid":{"rendered":"https:\/\/wpguerssen-test.odoo.rgbconsulting.com\/product\/racional-vol-2\/"},"modified":"2025-04-24T17:14:23","modified_gmt":"2025-04-24T15:14:23","slug":"racional-vol-2","status":"publish","type":"product","link":"https:\/\/wpguerssen-test.odoo.rgbconsulting.com\/es\/producto\/racional-vol-2\/","title":{"rendered":"Racional Vol. 2"},"content":{"rendered":"<p>El raro segundo volumen de la serie de \u00e1lbumes Racional de Tim Maia de los a\u00f1os 70, \u00a1incluso m\u00e1s funky y m\u00e1s duro que el primero! El disco realmente sigue la fuerte influencia del soul que Tim hab\u00eda estado golpeando en sus \u00e1lbumes de principios de los 70 para Polydor, una fuerte dosis de funk y R&#038;B estadounidense, especialmente de la escena indie de la costa este, filtrada maravillosamente por Maia, uno de los pocos en Brasil en ese momento, que realmente sab\u00eda c\u00f3mo obtener el sonido correcto, \u00a1y c\u00f3mo mezclarlo con lo mejor de sus influencias locales! Aqu\u00ed hay algunos ritmos maravillosos, definitivamente del tipo funky brasile\u00f1o que conocer\u00edas de la generaci\u00f3n Samba Soul, pero tambi\u00e9n mucho m\u00e1s s\u00f3lidamente soul, \u00a1dada la fant\u00e1stica voz de Tim y su maravilloso o\u00eddo para tocar una melod\u00eda!<\/p>\n","protected":false},"excerpt":{"rendered":"<p>El raro segundo volumen de la serie de \u00e1lbumes Racional de Tim Maia de los a\u00f1os 70, \u00a1incluso m\u00e1s funky y m\u00e1s duro que el primero! El disco realmente sigue la<a class=\"read\" href=\"https:\/\/wpguerssen-test.odoo.rgbconsulting.com\/es\/producto\/racional-vol-2\/\"> (...)<\/a>","protected":false},"featured_media":232285,"template":"","meta":{"_acf_changed":false},"product_brand":[],"product_cat":[21649,23219],"product_tag":[24185],"class_list":{"0":"post-286584","1":"product","2":"type-product","3":"status-publish","4":"has-post-thumbnail","6":"product_cat-soul-rnb-es","7":"product_cat-funk-es","8":"product_tag-de-nuevo-en-existencia","9":"pa_artist-maia-tim-es","10":"pa_format-lp-es","11":"pa_gender-soul-rnb-funk","12":"pa_label-seroma","13":"pa_location-south-america-caribbean-es","14":"pa_other-filters-vinyl-only-es","16":"first","17":"instock","18":"taxable","19":"shipping-taxable","20":"purchasable","21":"product-type-simple"},"acf":[],"yoast_head":"<!-- This site is optimized with the Yoast SEO plugin v24.9 - https:\/\/yoast.com\/wordpress\/plugins\/seo\/ -->\n<title>MAIA, Tim - Racional Vol. 2 -  (LP) | Guerssen<\/title>\n<meta name=\"description\" content=\"The rare second volume of Tim Maia&#039;s Racional album series from the 70s - even funkier and more harder-edged than the first! The record really follows the heavy soul influence that Tim had been hitting on his early 70s albums for Polydor - a strong dose of American funk and R&amp;B, especially from the east coast indie scene - filtered down beautifully by Maia, one of the few cats in Brazil at the time who really knew how to get the sound right - and how to mix it with the best of his local influences! There&#039;s some wonderful grooves here - definitely of the funky Brazilian type you-d know from the Samba Soul generation, but also much more solidly soul, too - given Tim&#039;s fantastic vocals, and strong ear for putting over a tune!\" \/>\n<meta name=\"robots\" content=\"index, follow, max-snippet:-1, max-image-preview:large, max-video-preview:-1\" \/>\n<link rel=\"canonical\" href=\"https:\/\/wpguerssen-test.odoo.rgbconsulting.com\/es\/producto\/racional-vol-2\/\" \/>\n<meta property=\"og:locale\" content=\"es_ES\" \/>\n<meta property=\"og:type\" content=\"article\" \/>\n<meta property=\"og:title\" content=\"MAIA, Tim - Racional Vol. 2 -  (LP) | Guerssen\" \/>\n<meta property=\"og:description\" content=\"The rare second volume of Tim Maia&#039;s Racional album series from the 70s - even funkier and more harder-edged than the first! The record really follows the heavy soul influence that Tim had been hitting on his early 70s albums for Polydor - a strong dose of American funk and R&amp;B, especially from the east coast indie scene - filtered down beautifully by Maia, one of the few cats in Brazil at the time who really knew how to get the sound right - and how to mix it with the best of his local influences! There&#039;s some wonderful grooves here - definitely of the funky Brazilian type you-d know from the Samba Soul generation, but also much more solidly soul, too - given Tim&#039;s fantastic vocals, and strong ear for putting over a tune!\" \/>\n<meta property=\"og:url\" content=\"https:\/\/wpguerssen-test.odoo.rgbconsulting.com\/es\/producto\/racional-vol-2\/\" \/>\n<meta property=\"og:site_name\" content=\"Guerssen records\" \/>\n<meta property=\"article:modified_time\" content=\"2025-04-24T15:14:23+00:00\" \/>\n<meta property=\"og:image\" content=\"https:\/\/wpguerssen-test.odoo.rgbconsulting.com\/wp-content\/uploads\/2023\/05\/43598.jpg\" \/>\n\t<meta property=\"og:image:width\" content=\"227\" \/>\n\t<meta property=\"og:image:height\" content=\"227\" \/>\n\t<meta property=\"og:image:type\" content=\"image\/jpeg\" \/>\n<meta name=\"twitter:card\" content=\"summary_large_image\" \/>\n<meta name=\"twitter:title\" content=\"MAIA, Tim - Racional Vol. 2 -  (LP) | Guerssen\" \/>\n<meta name=\"twitter:label1\" content=\"Tiempo de lectura\" \/>\n\t<meta name=\"twitter:data1\" content=\"1 minuto\" \/>\n<script type=\"application\/ld+json\" class=\"yoast-schema-graph\">{\"@context\":\"https:\/\/schema.org\",\"@graph\":[{\"@type\":\"WebPage\",\"@id\":\"https:\/\/wpguerssen-test.odoo.rgbconsulting.com\/es\/producto\/racional-vol-2\/\",\"url\":\"https:\/\/wpguerssen-test.odoo.rgbconsulting.com\/es\/producto\/racional-vol-2\/\",\"name\":\"MAIA, Tim - Racional Vol. 2 - (LP) | Guerssen\",\"isPartOf\":{\"@id\":\"https:\/\/wpguerssen-test.odoo.rgbconsulting.com\/es\/#website\"},\"primaryImageOfPage\":{\"@id\":\"https:\/\/wpguerssen-test.odoo.rgbconsulting.com\/es\/producto\/racional-vol-2\/#primaryimage\"},\"image\":{\"@id\":\"https:\/\/wpguerssen-test.odoo.rgbconsulting.com\/es\/producto\/racional-vol-2\/#primaryimage\"},\"thumbnailUrl\":\"https:\/\/wpguerssen-test.odoo.rgbconsulting.com\/wp-content\/uploads\/2023\/05\/43598.jpg\",\"datePublished\":\"2025-04-23T22:00:00+00:00\",\"dateModified\":\"2025-04-24T15:14:23+00:00\",\"description\":\"The rare second volume of Tim Maia's Racional album series from the 70s - even funkier and more harder-edged than the first! The record really follows the heavy soul influence that Tim had been hitting on his early 70s albums for Polydor - a strong dose of American funk and R&B, especially from the east coast indie scene - filtered down beautifully by Maia, one of the few cats in Brazil at the time who really knew how to get the sound right - and how to mix it with the best of his local influences! There's some wonderful grooves here - definitely of the funky Brazilian type you-d know from the Samba Soul generation, but also much more solidly soul, too - given Tim's fantastic vocals, and strong ear for putting over a tune!\",\"breadcrumb\":{\"@id\":\"https:\/\/wpguerssen-test.odoo.rgbconsulting.com\/es\/producto\/racional-vol-2\/#breadcrumb\"},\"inLanguage\":\"es\",\"potentialAction\":[{\"@type\":\"ReadAction\",\"target\":[\"https:\/\/wpguerssen-test.odoo.rgbconsulting.com\/es\/producto\/racional-vol-2\/\"]}]},{\"@type\":\"ImageObject\",\"inLanguage\":\"es\",\"@id\":\"https:\/\/wpguerssen-test.odoo.rgbconsulting.com\/es\/producto\/racional-vol-2\/#primaryimage\",\"url\":\"https:\/\/wpguerssen-test.odoo.rgbconsulting.com\/wp-content\/uploads\/2023\/05\/43598.jpg\",\"contentUrl\":\"https:\/\/wpguerssen-test.odoo.rgbconsulting.com\/wp-content\/uploads\/2023\/05\/43598.jpg\",\"width\":227,\"height\":227,\"caption\":\"Tim - Racional Vol. 2 - SEROMA (LP) | Guerssen\"},{\"@type\":\"BreadcrumbList\",\"@id\":\"https:\/\/wpguerssen-test.odoo.rgbconsulting.com\/es\/producto\/racional-vol-2\/#breadcrumb\",\"itemListElement\":[{\"@type\":\"ListItem\",\"position\":1,\"name\":\"Inicio\",\"item\":\"https:\/\/wpguerssen-test.odoo.rgbconsulting.com\/es\/\"},{\"@type\":\"ListItem\",\"position\":2,\"name\":\"Shop\",\"item\":\"https:\/\/wpguerssen-test.odoo.rgbconsulting.com\/shop\/\"},{\"@type\":\"ListItem\",\"position\":3,\"name\":\"Racional Vol. 2\"}]},{\"@type\":\"WebSite\",\"@id\":\"https:\/\/wpguerssen-test.odoo.rgbconsulting.com\/es\/#website\",\"url\":\"https:\/\/wpguerssen-test.odoo.rgbconsulting.com\/es\/\",\"name\":\"Guerssen records\",\"description\":\"psychedelia - progressive - folk - garage \",\"publisher\":{\"@id\":\"https:\/\/wpguerssen-test.odoo.rgbconsulting.com\/es\/#organization\"},\"potentialAction\":[{\"@type\":\"SearchAction\",\"target\":{\"@type\":\"EntryPoint\",\"urlTemplate\":\"https:\/\/wpguerssen-test.odoo.rgbconsulting.com\/es\/?s={search_term_string}\"},\"query-input\":{\"@type\":\"PropertyValueSpecification\",\"valueRequired\":true,\"valueName\":\"search_term_string\"}}],\"inLanguage\":\"es\"},{\"@type\":\"Organization\",\"@id\":\"https:\/\/wpguerssen-test.odoo.rgbconsulting.com\/es\/#organization\",\"name\":\"Guerssen records\",\"url\":\"https:\/\/wpguerssen-test.odoo.rgbconsulting.com\/es\/\",\"logo\":{\"@type\":\"ImageObject\",\"inLanguage\":\"es\",\"@id\":\"https:\/\/wpguerssen-test.odoo.rgbconsulting.com\/es\/#\/schema\/logo\/image\/\",\"url\":\"https:\/\/wpguerssen-test.odoo.rgbconsulting.com\/wp-content\/uploads\/2022\/04\/Logo_Guerssen_trans_100.png\",\"contentUrl\":\"https:\/\/wpguerssen-test.odoo.rgbconsulting.com\/wp-content\/uploads\/2022\/04\/Logo_Guerssen_trans_100.png\",\"width\":122,\"height\":100,\"caption\":\"Guerssen records\"},\"image\":{\"@id\":\"https:\/\/wpguerssen-test.odoo.rgbconsulting.com\/es\/#\/schema\/logo\/image\/\"}}]}<\/script>\n<!-- \/ Yoast SEO plugin. -->","yoast_head_json":{"title":"MAIA, Tim - Racional Vol. 2 -  (LP) | Guerssen","description":"The rare second volume of Tim Maia's Racional album series from the 70s - even funkier and more harder-edged than the first! The record really follows the heavy soul influence that Tim had been hitting on his early 70s albums for Polydor - a strong dose of American funk and R&B, especially from the east coast indie scene - filtered down beautifully by Maia, one of the few cats in Brazil at the time who really knew how to get the sound right - and how to mix it with the best of his local influences! There's some wonderful grooves here - definitely of the funky Brazilian type you-d know from the Samba Soul generation, but also much more solidly soul, too - given Tim's fantastic vocals, and strong ear for putting over a tune!","robots":{"index":"index","follow":"follow","max-snippet":"max-snippet:-1","max-image-preview":"max-image-preview:large","max-video-preview":"max-video-preview:-1"},"canonical":"https:\/\/wpguerssen-test.odoo.rgbconsulting.com\/es\/producto\/racional-vol-2\/","og_locale":"es_ES","og_type":"article","og_title":"MAIA, Tim - Racional Vol. 2 -  (LP) | Guerssen","og_description":"The rare second volume of Tim Maia's Racional album series from the 70s - even funkier and more harder-edged than the first! The record really follows the heavy soul influence that Tim had been hitting on his early 70s albums for Polydor - a strong dose of American funk and R&B, especially from the east coast indie scene - filtered down beautifully by Maia, one of the few cats in Brazil at the time who really knew how to get the sound right - and how to mix it with the best of his local influences! There's some wonderful grooves here - definitely of the funky Brazilian type you-d know from the Samba Soul generation, but also much more solidly soul, too - given Tim's fantastic vocals, and strong ear for putting over a tune!","og_url":"https:\/\/wpguerssen-test.odoo.rgbconsulting.com\/es\/producto\/racional-vol-2\/","og_site_name":"Guerssen records","article_modified_time":"2025-04-24T15:14:23+00:00","og_image":[{"width":227,"height":227,"url":"https:\/\/wpguerssen-test.odoo.rgbconsulting.com\/wp-content\/uploads\/2023\/05\/43598.jpg","type":"image\/jpeg"}],"twitter_card":"summary_large_image","twitter_title":"MAIA, Tim - Racional Vol. 2 -  (LP) | Guerssen","twitter_misc":{"Tiempo de lectura":"1 minuto"},"schema":{"@context":"https:\/\/schema.org","@graph":[{"@type":"WebPage","@id":"https:\/\/wpguerssen-test.odoo.rgbconsulting.com\/es\/producto\/racional-vol-2\/","url":"https:\/\/wpguerssen-test.odoo.rgbconsulting.com\/es\/producto\/racional-vol-2\/","name":"MAIA, Tim - Racional Vol. 2 - (LP) | Guerssen","isPartOf":{"@id":"https:\/\/wpguerssen-test.odoo.rgbconsulting.com\/es\/#website"},"primaryImageOfPage":{"@id":"https:\/\/wpguerssen-test.odoo.rgbconsulting.com\/es\/producto\/racional-vol-2\/#primaryimage"},"image":{"@id":"https:\/\/wpguerssen-test.odoo.rgbconsulting.com\/es\/producto\/racional-vol-2\/#primaryimage"},"thumbnailUrl":"https:\/\/wpguerssen-test.odoo.rgbconsulting.com\/wp-content\/uploads\/2023\/05\/43598.jpg","datePublished":"2025-04-23T22:00:00+00:00","dateModified":"2025-04-24T15:14:23+00:00","description":"The rare second volume of Tim Maia's Racional album series from the 70s - even funkier and more harder-edged than the first! The record really follows the heavy soul influence that Tim had been hitting on his early 70s albums for Polydor - a strong dose of American funk and R&B, especially from the east coast indie scene - filtered down beautifully by Maia, one of the few cats in Brazil at the time who really knew how to get the sound right - and how to mix it with the best of his local influences! There's some wonderful grooves here - definitely of the funky Brazilian type you-d know from the Samba Soul generation, but also much more solidly soul, too - given Tim's fantastic vocals, and strong ear for putting over a tune!","breadcrumb":{"@id":"https:\/\/wpguerssen-test.odoo.rgbconsulting.com\/es\/producto\/racional-vol-2\/#breadcrumb"},"inLanguage":"es","potentialAction":[{"@type":"ReadAction","target":["https:\/\/wpguerssen-test.odoo.rgbconsulting.com\/es\/producto\/racional-vol-2\/"]}]},{"@type":"ImageObject","inLanguage":"es","@id":"https:\/\/wpguerssen-test.odoo.rgbconsulting.com\/es\/producto\/racional-vol-2\/#primaryimage","url":"https:\/\/wpguerssen-test.odoo.rgbconsulting.com\/wp-content\/uploads\/2023\/05\/43598.jpg","contentUrl":"https:\/\/wpguerssen-test.odoo.rgbconsulting.com\/wp-content\/uploads\/2023\/05\/43598.jpg","width":227,"height":227,"caption":"Tim - Racional Vol. 2 - SEROMA (LP) | Guerssen"},{"@type":"BreadcrumbList","@id":"https:\/\/wpguerssen-test.odoo.rgbconsulting.com\/es\/producto\/racional-vol-2\/#breadcrumb","itemListElement":[{"@type":"ListItem","position":1,"name":"Inicio","item":"https:\/\/wpguerssen-test.odoo.rgbconsulting.com\/es\/"},{"@type":"ListItem","position":2,"name":"Shop","item":"https:\/\/wpguerssen-test.odoo.rgbconsulting.com\/shop\/"},{"@type":"ListItem","position":3,"name":"Racional Vol. 2"}]},{"@type":"WebSite","@id":"https:\/\/wpguerssen-test.odoo.rgbconsulting.com\/es\/#website","url":"https:\/\/wpguerssen-test.odoo.rgbconsulting.com\/es\/","name":"Guerssen records","description":"psychedelia - progressive - folk - garage ","publisher":{"@id":"https:\/\/wpguerssen-test.odoo.rgbconsulting.com\/es\/#organization"},"potentialAction":[{"@type":"SearchAction","target":{"@type":"EntryPoint","urlTemplate":"https:\/\/wpguerssen-test.odoo.rgbconsulting.com\/es\/?s={search_term_string}"},"query-input":{"@type":"PropertyValueSpecification","valueRequired":true,"valueName":"search_term_string"}}],"inLanguage":"es"},{"@type":"Organization","@id":"https:\/\/wpguerssen-test.odoo.rgbconsulting.com\/es\/#organization","name":"Guerssen records","url":"https:\/\/wpguerssen-test.odoo.rgbconsulting.com\/es\/","logo":{"@type":"ImageObject","inLanguage":"es","@id":"https:\/\/wpguerssen-test.odoo.rgbconsulting.com\/es\/#\/schema\/logo\/image\/","url":"https:\/\/wpguerssen-test.odoo.rgbconsulting.com\/wp-content\/uploads\/2022\/04\/Logo_Guerssen_trans_100.png","contentUrl":"https:\/\/wpguerssen-test.odoo.rgbconsulting.com\/wp-content\/uploads\/2022\/04\/Logo_Guerssen_trans_100.png","width":122,"height":100,"caption":"Guerssen records"},"image":{"@id":"https:\/\/wpguerssen-test.odoo.rgbconsulting.com\/es\/#\/schema\/logo\/image\/"}}]}},"_links":{"self":[{"href":"https:\/\/wpguerssen-test.odoo.rgbconsulting.com\/es\/wp-json\/wp\/v2\/product\/286584","targetHints":{"allow":["GET"]}}],"collection":[{"href":"https:\/\/wpguerssen-test.odoo.rgbconsulting.com\/es\/wp-json\/wp\/v2\/product"}],"about":[{"href":"https:\/\/wpguerssen-test.odoo.rgbconsulting.com\/es\/wp-json\/wp\/v2\/types\/product"}],"wp:featuredmedia":[{"embeddable":true,"href":"https:\/\/wpguerssen-test.odoo.rgbconsulting.com\/es\/wp-json\/wp\/v2\/media\/232285"}],"wp:attachment":[{"href":"https:\/\/wpguerssen-test.odoo.rgbconsulting.com\/es\/wp-json\/wp\/v2\/media?parent=286584"}],"wp:term":[{"taxonomy":"product_brand","embeddable":true,"href":"https:\/\/wpguerssen-test.odoo.rgbconsulting.com\/es\/wp-json\/wp\/v2\/product_brand?post=286584"},{"taxonomy":"product_cat","embeddable":true,"href":"https:\/\/wpguerssen-test.odoo.rgbconsulting.com\/es\/wp-json\/wp\/v2\/product_cat?post=286584"},{"taxonomy":"product_tag","embeddable":true,"href":"https:\/\/wpguerssen-test.odoo.rgbconsulting.com\/es\/wp-json\/wp\/v2\/product_tag?post=286584"}],"curies":[{"name":"wp","href":"https:\/\/api.w.org\/{rel}","templated":true}]}}