{"id":286613,"date":"2025-04-22T23:52:00","date_gmt":"2025-04-22T21:53:00","guid":{"rendered":"https:\/\/wpguerssen-test.odoo.rgbconsulting.com\/?post_type=product&#038;p=286613"},"modified":"2025-04-23T17:00:00","modified_gmt":"2025-04-23T15:00:00","slug":"mourning-color-lp","status":"publish","type":"product","link":"https:\/\/wpguerssen-test.odoo.rgbconsulting.com\/es\/producto\/mourning-color-lp\/","title":{"rendered":"Mourning (Color LP)"},"content":{"rendered":"<p><strong>ART\u00cdCULO EN PRE-PEDIDO. FECHA DE SALIDA OFICIAL: 16 DE MAYO.<\/strong><br \/>\n<strong>RES\u00c9RVALO YA Y S\u00c9 EL PRIMERO EN TENERLO.<\/strong><\/p>\n<p><strong>VINILO DE COLOR. \u00a1SOLO 110 COPIAS!<\/strong><\/p>\n<p>&nbsp;<\/p>\n<p>Uno de los pesos pesados en cuanto a discos privados USA de hard-rock \u00a070s.<\/p>\n<p>&nbsp;<\/p>\n<p>Bolder Damn proven\u00edan de Florida y editaron esta barbaridad en 1971. Potente y crudo sonido con devastadora guitarra ultra-distorsionada, apabullante secci\u00f3n r\u00edtmica y poderosa voz. En la onda de Sabbath, Blue Cheer, MC5,\u00a0 Pentagram, Sainte Anthony&#8217;s Fyre&#8230;<\/p>\n<p>&nbsp;<\/p>\n<p>Descubierto por el legendario sello Rockadelic en los 90, \u00abMourning\u00bb se ha convertido en estos \u00faltimos a\u00f1os en un disco de culto para amantes del hard-rock oscuro y proto-doom.<\/p>\n<p>&nbsp;<\/p>\n<p><strong><em>*Artwork original en portada de cart\u00f3n duro + OBI<\/em><\/strong><\/p>\n<p><strong><em>*Insert de cuatro p\u00e1ginas con detalladas notas y fotos<\/em><\/strong><\/p>\n<p><strong><em>*Cup\u00f3n de descarga<\/em><\/strong><\/p>\n<p>&nbsp;<\/p>\n<p>Tracklist:<br \/>\nSide 1: 1. BRTCD \u2013 2. Got That Feeling \u2013 3. Monday Mourning \u2013 4. Rock On \u2013 5. Find A Way<br \/>\nSide 2: 1. Breakthrough \u2013 2. Dead Meat<\/p>\n","protected":false},"excerpt":{"rendered":"<p>ART\u00cdCULO EN PRE-PEDIDO. FECHA DE SALIDA OFICIAL: 16 DE MAYO. RES\u00c9RVALO YA Y S\u00c9 EL PRIMERO EN TENERLO. VINILO DE COLOR. \u00a1SOLO 110 COPIAS! &nbsp; Uno de los pesos<a class=\"read\" href=\"https:\/\/wpguerssen-test.odoo.rgbconsulting.com\/es\/producto\/mourning-color-lp\/\"> (...)<\/a>","protected":false},"featured_media":286599,"template":"","meta":{"_acf_changed":false},"product_brand":[],"product_cat":[21639,23224],"product_tag":[29140],"class_list":{"0":"post-286613","1":"product","2":"type-product","3":"status-publish","4":"has-post-thumbnail","6":"product_cat-psychedelic60s-70s-es","7":"product_cat-hard-rock-60s-70s-es","8":"product_tag-color-vinyl-es","9":"pa_artist-bolder-damn-es","10":"pa_format-lp-es","11":"pa_gender-hard-rock-60s-70s-psychedelic60s-70s","12":"pa_label-guerssen-es","13":"pa_location-north-america-es","14":"pa_other-filters-vinyl-only-es","16":"first","17":"outofstock","18":"taxable","19":"shipping-taxable","20":"purchasable","21":"product-type-simple"},"acf":[],"yoast_head":"<!-- This site is optimized with the Yoast SEO plugin v24.9 - https:\/\/yoast.com\/wordpress\/plugins\/seo\/ -->\n<title>BOLDER DAMN - Mourning (Color LP) - (LP) | Guerssen<\/title>\n<meta name=\"robots\" content=\"index, follow, max-snippet:-1, max-image-preview:large, max-video-preview:-1\" \/>\n<link rel=\"canonical\" href=\"https:\/\/wpguerssen-test.odoo.rgbconsulting.com\/es\/producto\/mourning-color-lp\/\" \/>\n<meta property=\"og:locale\" content=\"es_ES\" \/>\n<meta property=\"og:type\" content=\"article\" \/>\n<meta property=\"og:title\" content=\"BOLDER DAMN - Mourning (Color LP) - (LP) | Guerssen\" \/>\n<meta property=\"og:description\" content=\"ART\u00cdCULO EN PRE-PEDIDO. FECHA DE SALIDA OFICIAL: 16 DE MAYO. RES\u00c9RVALO YA Y S\u00c9 EL PRIMERO EN TENERLO. VINILO DE COLOR. \u00a1SOLO 110 COPIAS! &nbsp; Uno de los pesos pesados en cuanto a discos privados USA de hard-rock \u00a070s. &nbsp; Bolder Damn proven\u00edan de Florida y editaron esta barbaridad en 1971. Potente y crudo sonido [&hellip;]\" \/>\n<meta property=\"og:url\" content=\"https:\/\/wpguerssen-test.odoo.rgbconsulting.com\/es\/producto\/mourning-color-lp\/\" \/>\n<meta property=\"og:site_name\" content=\"Guerssen records\" \/>\n<meta property=\"article:modified_time\" content=\"2025-04-23T15:00:00+00:00\" \/>\n<meta property=\"og:image\" content=\"https:\/\/wpguerssen-test.odoo.rgbconsulting.com\/wp-content\/uploads\/2025\/04\/49903.jpg\" \/>\n\t<meta property=\"og:image:width\" content=\"1400\" \/>\n\t<meta property=\"og:image:height\" content=\"1400\" \/>\n\t<meta property=\"og:image:type\" content=\"image\/jpeg\" \/>\n<meta name=\"twitter:card\" content=\"summary_large_image\" \/>\n<meta name=\"twitter:title\" content=\"BOLDER DAMN - Mourning (Color LP) - (LP) | Guerssen\" \/>\n<meta name=\"twitter:label1\" content=\"Tiempo de lectura\" \/>\n\t<meta name=\"twitter:data1\" content=\"1 minuto\" \/>\n<script type=\"application\/ld+json\" class=\"yoast-schema-graph\">{\"@context\":\"https:\/\/schema.org\",\"@graph\":[{\"@type\":\"WebPage\",\"@id\":\"https:\/\/wpguerssen-test.odoo.rgbconsulting.com\/es\/producto\/mourning-color-lp\/\",\"url\":\"https:\/\/wpguerssen-test.odoo.rgbconsulting.com\/es\/producto\/mourning-color-lp\/\",\"name\":\"BOLDER DAMN - Mourning (Color LP) - (LP) | Guerssen\",\"isPartOf\":{\"@id\":\"https:\/\/wpguerssen-test.odoo.rgbconsulting.com\/es\/#website\"},\"primaryImageOfPage\":{\"@id\":\"https:\/\/wpguerssen-test.odoo.rgbconsulting.com\/es\/producto\/mourning-color-lp\/#primaryimage\"},\"image\":{\"@id\":\"https:\/\/wpguerssen-test.odoo.rgbconsulting.com\/es\/producto\/mourning-color-lp\/#primaryimage\"},\"thumbnailUrl\":\"https:\/\/wpguerssen-test.odoo.rgbconsulting.com\/wp-content\/uploads\/2025\/04\/49903.jpg\",\"datePublished\":\"2025-04-22T21:53:00+00:00\",\"dateModified\":\"2025-04-23T15:00:00+00:00\",\"breadcrumb\":{\"@id\":\"https:\/\/wpguerssen-test.odoo.rgbconsulting.com\/es\/producto\/mourning-color-lp\/#breadcrumb\"},\"inLanguage\":\"es\",\"potentialAction\":[{\"@type\":\"ReadAction\",\"target\":[\"https:\/\/wpguerssen-test.odoo.rgbconsulting.com\/es\/producto\/mourning-color-lp\/\"]}]},{\"@type\":\"ImageObject\",\"inLanguage\":\"es\",\"@id\":\"https:\/\/wpguerssen-test.odoo.rgbconsulting.com\/es\/producto\/mourning-color-lp\/#primaryimage\",\"url\":\"https:\/\/wpguerssen-test.odoo.rgbconsulting.com\/wp-content\/uploads\/2025\/04\/49903.jpg\",\"contentUrl\":\"https:\/\/wpguerssen-test.odoo.rgbconsulting.com\/wp-content\/uploads\/2025\/04\/49903.jpg\",\"width\":1400,\"height\":1400},{\"@type\":\"BreadcrumbList\",\"@id\":\"https:\/\/wpguerssen-test.odoo.rgbconsulting.com\/es\/producto\/mourning-color-lp\/#breadcrumb\",\"itemListElement\":[{\"@type\":\"ListItem\",\"position\":1,\"name\":\"Inicio\",\"item\":\"https:\/\/wpguerssen-test.odoo.rgbconsulting.com\/es\/\"},{\"@type\":\"ListItem\",\"position\":2,\"name\":\"Shop\",\"item\":\"https:\/\/wpguerssen-test.odoo.rgbconsulting.com\/shop\/\"},{\"@type\":\"ListItem\",\"position\":3,\"name\":\"Mourning (Color LP)\"}]},{\"@type\":\"WebSite\",\"@id\":\"https:\/\/wpguerssen-test.odoo.rgbconsulting.com\/es\/#website\",\"url\":\"https:\/\/wpguerssen-test.odoo.rgbconsulting.com\/es\/\",\"name\":\"Guerssen records\",\"description\":\"psychedelia - progressive - folk - garage \",\"publisher\":{\"@id\":\"https:\/\/wpguerssen-test.odoo.rgbconsulting.com\/es\/#organization\"},\"potentialAction\":[{\"@type\":\"SearchAction\",\"target\":{\"@type\":\"EntryPoint\",\"urlTemplate\":\"https:\/\/wpguerssen-test.odoo.rgbconsulting.com\/es\/?s={search_term_string}\"},\"query-input\":{\"@type\":\"PropertyValueSpecification\",\"valueRequired\":true,\"valueName\":\"search_term_string\"}}],\"inLanguage\":\"es\"},{\"@type\":\"Organization\",\"@id\":\"https:\/\/wpguerssen-test.odoo.rgbconsulting.com\/es\/#organization\",\"name\":\"Guerssen records\",\"url\":\"https:\/\/wpguerssen-test.odoo.rgbconsulting.com\/es\/\",\"logo\":{\"@type\":\"ImageObject\",\"inLanguage\":\"es\",\"@id\":\"https:\/\/wpguerssen-test.odoo.rgbconsulting.com\/es\/#\/schema\/logo\/image\/\",\"url\":\"https:\/\/wpguerssen-test.odoo.rgbconsulting.com\/wp-content\/uploads\/2022\/04\/Logo_Guerssen_trans_100.png\",\"contentUrl\":\"https:\/\/wpguerssen-test.odoo.rgbconsulting.com\/wp-content\/uploads\/2022\/04\/Logo_Guerssen_trans_100.png\",\"width\":122,\"height\":100,\"caption\":\"Guerssen records\"},\"image\":{\"@id\":\"https:\/\/wpguerssen-test.odoo.rgbconsulting.com\/es\/#\/schema\/logo\/image\/\"}}]}<\/script>\n<!-- \/ Yoast SEO plugin. -->","yoast_head_json":{"title":"BOLDER DAMN - Mourning (Color LP) - (LP) | Guerssen","robots":{"index":"index","follow":"follow","max-snippet":"max-snippet:-1","max-image-preview":"max-image-preview:large","max-video-preview":"max-video-preview:-1"},"canonical":"https:\/\/wpguerssen-test.odoo.rgbconsulting.com\/es\/producto\/mourning-color-lp\/","og_locale":"es_ES","og_type":"article","og_title":"BOLDER DAMN - Mourning (Color LP) - (LP) | Guerssen","og_description":"ART\u00cdCULO EN PRE-PEDIDO. FECHA DE SALIDA OFICIAL: 16 DE MAYO. RES\u00c9RVALO YA Y S\u00c9 EL PRIMERO EN TENERLO. VINILO DE COLOR. \u00a1SOLO 110 COPIAS! &nbsp; Uno de los pesos pesados en cuanto a discos privados USA de hard-rock \u00a070s. &nbsp; Bolder Damn proven\u00edan de Florida y editaron esta barbaridad en 1971. Potente y crudo sonido [&hellip;]","og_url":"https:\/\/wpguerssen-test.odoo.rgbconsulting.com\/es\/producto\/mourning-color-lp\/","og_site_name":"Guerssen records","article_modified_time":"2025-04-23T15:00:00+00:00","og_image":[{"width":1400,"height":1400,"url":"https:\/\/wpguerssen-test.odoo.rgbconsulting.com\/wp-content\/uploads\/2025\/04\/49903.jpg","type":"image\/jpeg"}],"twitter_card":"summary_large_image","twitter_title":"BOLDER DAMN - Mourning (Color LP) - (LP) | Guerssen","twitter_misc":{"Tiempo de lectura":"1 minuto"},"schema":{"@context":"https:\/\/schema.org","@graph":[{"@type":"WebPage","@id":"https:\/\/wpguerssen-test.odoo.rgbconsulting.com\/es\/producto\/mourning-color-lp\/","url":"https:\/\/wpguerssen-test.odoo.rgbconsulting.com\/es\/producto\/mourning-color-lp\/","name":"BOLDER DAMN - Mourning (Color LP) - (LP) | Guerssen","isPartOf":{"@id":"https:\/\/wpguerssen-test.odoo.rgbconsulting.com\/es\/#website"},"primaryImageOfPage":{"@id":"https:\/\/wpguerssen-test.odoo.rgbconsulting.com\/es\/producto\/mourning-color-lp\/#primaryimage"},"image":{"@id":"https:\/\/wpguerssen-test.odoo.rgbconsulting.com\/es\/producto\/mourning-color-lp\/#primaryimage"},"thumbnailUrl":"https:\/\/wpguerssen-test.odoo.rgbconsulting.com\/wp-content\/uploads\/2025\/04\/49903.jpg","datePublished":"2025-04-22T21:53:00+00:00","dateModified":"2025-04-23T15:00:00+00:00","breadcrumb":{"@id":"https:\/\/wpguerssen-test.odoo.rgbconsulting.com\/es\/producto\/mourning-color-lp\/#breadcrumb"},"inLanguage":"es","potentialAction":[{"@type":"ReadAction","target":["https:\/\/wpguerssen-test.odoo.rgbconsulting.com\/es\/producto\/mourning-color-lp\/"]}]},{"@type":"ImageObject","inLanguage":"es","@id":"https:\/\/wpguerssen-test.odoo.rgbconsulting.com\/es\/producto\/mourning-color-lp\/#primaryimage","url":"https:\/\/wpguerssen-test.odoo.rgbconsulting.com\/wp-content\/uploads\/2025\/04\/49903.jpg","contentUrl":"https:\/\/wpguerssen-test.odoo.rgbconsulting.com\/wp-content\/uploads\/2025\/04\/49903.jpg","width":1400,"height":1400},{"@type":"BreadcrumbList","@id":"https:\/\/wpguerssen-test.odoo.rgbconsulting.com\/es\/producto\/mourning-color-lp\/#breadcrumb","itemListElement":[{"@type":"ListItem","position":1,"name":"Inicio","item":"https:\/\/wpguerssen-test.odoo.rgbconsulting.com\/es\/"},{"@type":"ListItem","position":2,"name":"Shop","item":"https:\/\/wpguerssen-test.odoo.rgbconsulting.com\/shop\/"},{"@type":"ListItem","position":3,"name":"Mourning (Color LP)"}]},{"@type":"WebSite","@id":"https:\/\/wpguerssen-test.odoo.rgbconsulting.com\/es\/#website","url":"https:\/\/wpguerssen-test.odoo.rgbconsulting.com\/es\/","name":"Guerssen records","description":"psychedelia - progressive - folk - garage ","publisher":{"@id":"https:\/\/wpguerssen-test.odoo.rgbconsulting.com\/es\/#organization"},"potentialAction":[{"@type":"SearchAction","target":{"@type":"EntryPoint","urlTemplate":"https:\/\/wpguerssen-test.odoo.rgbconsulting.com\/es\/?s={search_term_string}"},"query-input":{"@type":"PropertyValueSpecification","valueRequired":true,"valueName":"search_term_string"}}],"inLanguage":"es"},{"@type":"Organization","@id":"https:\/\/wpguerssen-test.odoo.rgbconsulting.com\/es\/#organization","name":"Guerssen records","url":"https:\/\/wpguerssen-test.odoo.rgbconsulting.com\/es\/","logo":{"@type":"ImageObject","inLanguage":"es","@id":"https:\/\/wpguerssen-test.odoo.rgbconsulting.com\/es\/#\/schema\/logo\/image\/","url":"https:\/\/wpguerssen-test.odoo.rgbconsulting.com\/wp-content\/uploads\/2022\/04\/Logo_Guerssen_trans_100.png","contentUrl":"https:\/\/wpguerssen-test.odoo.rgbconsulting.com\/wp-content\/uploads\/2022\/04\/Logo_Guerssen_trans_100.png","width":122,"height":100,"caption":"Guerssen records"},"image":{"@id":"https:\/\/wpguerssen-test.odoo.rgbconsulting.com\/es\/#\/schema\/logo\/image\/"}}]}},"_links":{"self":[{"href":"https:\/\/wpguerssen-test.odoo.rgbconsulting.com\/es\/wp-json\/wp\/v2\/product\/286613","targetHints":{"allow":["GET"]}}],"collection":[{"href":"https:\/\/wpguerssen-test.odoo.rgbconsulting.com\/es\/wp-json\/wp\/v2\/product"}],"about":[{"href":"https:\/\/wpguerssen-test.odoo.rgbconsulting.com\/es\/wp-json\/wp\/v2\/types\/product"}],"wp:featuredmedia":[{"embeddable":true,"href":"https:\/\/wpguerssen-test.odoo.rgbconsulting.com\/es\/wp-json\/wp\/v2\/media\/286599"}],"wp:attachment":[{"href":"https:\/\/wpguerssen-test.odoo.rgbconsulting.com\/es\/wp-json\/wp\/v2\/media?parent=286613"}],"wp:term":[{"taxonomy":"product_brand","embeddable":true,"href":"https:\/\/wpguerssen-test.odoo.rgbconsulting.com\/es\/wp-json\/wp\/v2\/product_brand?post=286613"},{"taxonomy":"product_cat","embeddable":true,"href":"https:\/\/wpguerssen-test.odoo.rgbconsulting.com\/es\/wp-json\/wp\/v2\/product_cat?post=286613"},{"taxonomy":"product_tag","embeddable":true,"href":"https:\/\/wpguerssen-test.odoo.rgbconsulting.com\/es\/wp-json\/wp\/v2\/product_tag?post=286613"}],"curies":[{"name":"wp","href":"https:\/\/api.w.org\/{rel}","templated":true}]}}