{"id":286614,"date":"2025-04-22T23:58:00","date_gmt":"2025-04-22T21:59:00","guid":{"rendered":"https:\/\/wpguerssen-test.odoo.rgbconsulting.com\/?post_type=product&#038;p=286614"},"modified":"2025-04-23T16:57:03","modified_gmt":"2025-04-23T14:57:03","slug":"strange-flavour-color-lp","status":"publish","type":"product","link":"https:\/\/wpguerssen-test.odoo.rgbconsulting.com\/es\/producto\/strange-flavour-color-lp\/","title":{"rendered":"Strange Flavour (Color LP)"},"content":{"rendered":"<p><strong>ART\u00cdCULO EN PRE-PEDIDO. FECHA DE SALIDA OFICIAL: 16 DE MAYO.<\/strong><br \/>\n<strong>RES\u00c9RVALO YA Y S\u00c9 EL PRIMERO EN TENERLO.<\/strong><\/p>\n<p>&nbsp;<\/p>\n<p><strong>VINILO DE COLOR. \u00a1SOLO 100 COPIAS!<\/strong><\/p>\n<p>&nbsp;<\/p>\n<p>Hard-rock psicod\u00e9lico, heavy-blues y proto-metal a cargo de este tr\u00edo procedente de Southampton.<\/p>\n<p>Este es su buscado disco editado en 1975.<\/p>\n<p>Agnes Strange fue un tr\u00edo de hard-rock con toques blues activo a mediados de los a\u00f1os 70. La banda estaba formada por John Westwood a la guitarra y voz, Alan Green al bajo y voz, y Dave Rodwell a la bater\u00eda.<\/p>\n<p>&nbsp;<\/p>\n<p>En 1975 publicaron su \u00fanico \u00e1lbum, \u2018Strange Flavour\u2019, en el peque\u00f1o sello BirdsNest, vinculado a una cadena de pubs \/ marca de cerveza.<\/p>\n<p>El disco ofrec\u00eda una curiosa mezcla de hard-rock, blues e incluso toques experimentales\/psicod\u00e9licos, que puede recordar a grupos como Status Quo, Budgie o Hawkwind.<\/p>\n<p>A pesar de su poderoso sonido y talento musical, el disco no tuvo un \u00e9xito comercial significativo. Otros sellos como Vertigo o Harvest habr\u00edan sido un mejor hogar para ellos.<\/p>\n<p><strong>\u00a0<\/strong><\/p>\n<p><strong>Para fans de: Budgie, Taste, Hendrix, Status Quo, Sabbath, Stooges, Pink Fairies\u2026<\/strong><\/p>\n<p>&nbsp;<\/p>\n<p><em>*<strong>Artwork original en portada de cart\u00f3n duro<\/strong><\/em><\/p>\n<p><strong><em>*Sonido de m\u00e1sters<\/em><\/strong><\/p>\n<p><strong><em>*Insert con notas por el productor Dave Travis y fotos \/ memorabilia<\/em><\/strong><\/p>\n<p>&nbsp;<\/p>\n<p>&nbsp;<\/p>\n<p>&nbsp;<\/p>\n<p>Tracklist:<br \/>\nSide 1: 1. Give Yourself A Chance &#8211; 2. Strange Flavour &#8211; 3. Alberta &#8211; 4. Loved One &#8211; 5. Failure<br \/>\nSide 2: 1. Children of The Absurd &#8211; 2. Odd Man Out &#8211; 3. Highway Blues &#8211; 4. Granny Don&#8217;t Like Rock &#8216;n&#8217; Roll &#8211; 5. Interference<\/p>\n","protected":false},"excerpt":{"rendered":"<p>ART\u00cdCULO EN PRE-PEDIDO. FECHA DE SALIDA OFICIAL: 16 DE MAYO. RES\u00c9RVALO YA Y S\u00c9 EL PRIMERO EN TENERLO. &nbsp; VINILO DE COLOR. \u00a1SOLO 100 COPIAS! &nbsp; Hard-rock<a class=\"read\" href=\"https:\/\/wpguerssen-test.odoo.rgbconsulting.com\/es\/producto\/strange-flavour-color-lp\/\"> (...)<\/a>","protected":false},"featured_media":286602,"template":"","meta":{"_acf_changed":false},"product_brand":[],"product_cat":[21639,23224],"product_tag":[29140],"class_list":{"0":"post-286614","1":"product","2":"type-product","3":"status-publish","4":"has-post-thumbnail","6":"product_cat-psychedelic60s-70s-es","7":"product_cat-hard-rock-60s-70s-es","8":"product_tag-color-vinyl-es","9":"pa_artist-agnes-strange-es","10":"pa_format-lp-es","11":"pa_gender-psychedelic60s-70s-hard-rock-60s-70s","12":"pa_label-sommor-es","13":"pa_location-uk-ireland-es","14":"pa_other-filters-vinyl-only-es","16":"first","17":"outofstock","18":"taxable","19":"shipping-taxable","20":"purchasable","21":"product-type-simple"},"acf":[],"yoast_head":"<!-- This site is optimized with the Yoast SEO plugin v24.9 - https:\/\/yoast.com\/wordpress\/plugins\/seo\/ -->\n<title>AGNES STRANGE - Strange Flavour (Color LP) - (LP) | Guerssen<\/title>\n<meta name=\"robots\" content=\"index, follow, max-snippet:-1, max-image-preview:large, max-video-preview:-1\" \/>\n<link rel=\"canonical\" href=\"https:\/\/wpguerssen-test.odoo.rgbconsulting.com\/es\/producto\/strange-flavour-color-lp\/\" \/>\n<meta property=\"og:locale\" content=\"es_ES\" \/>\n<meta property=\"og:type\" content=\"article\" \/>\n<meta property=\"og:title\" content=\"AGNES STRANGE - Strange Flavour (Color LP) - (LP) | Guerssen\" \/>\n<meta property=\"og:description\" content=\"ART\u00cdCULO EN PRE-PEDIDO. FECHA DE SALIDA OFICIAL: 16 DE MAYO. RES\u00c9RVALO YA Y S\u00c9 EL PRIMERO EN TENERLO. &nbsp; VINILO DE COLOR. \u00a1SOLO 100 COPIAS! &nbsp; Hard-rock psicod\u00e9lico, heavy-blues y proto-metal a cargo de este tr\u00edo procedente de Southampton. Este es su buscado disco editado en 1975. Agnes Strange fue un tr\u00edo de hard-rock con [&hellip;]\" \/>\n<meta property=\"og:url\" content=\"https:\/\/wpguerssen-test.odoo.rgbconsulting.com\/es\/producto\/strange-flavour-color-lp\/\" \/>\n<meta property=\"og:site_name\" content=\"Guerssen records\" \/>\n<meta property=\"article:modified_time\" content=\"2025-04-23T14:57:03+00:00\" \/>\n<meta property=\"og:image\" content=\"https:\/\/wpguerssen-test.odoo.rgbconsulting.com\/wp-content\/uploads\/2025\/04\/50344.jpg\" \/>\n\t<meta property=\"og:image:width\" content=\"1400\" \/>\n\t<meta property=\"og:image:height\" content=\"1400\" \/>\n\t<meta property=\"og:image:type\" content=\"image\/jpeg\" \/>\n<meta name=\"twitter:card\" content=\"summary_large_image\" \/>\n<meta name=\"twitter:title\" content=\"AGNES STRANGE - Strange Flavour (Color LP) - (LP) | Guerssen\" \/>\n<meta name=\"twitter:label1\" content=\"Tiempo de lectura\" \/>\n\t<meta name=\"twitter:data1\" content=\"2 minutos\" \/>\n<script type=\"application\/ld+json\" class=\"yoast-schema-graph\">{\"@context\":\"https:\/\/schema.org\",\"@graph\":[{\"@type\":\"WebPage\",\"@id\":\"https:\/\/wpguerssen-test.odoo.rgbconsulting.com\/es\/producto\/strange-flavour-color-lp\/\",\"url\":\"https:\/\/wpguerssen-test.odoo.rgbconsulting.com\/es\/producto\/strange-flavour-color-lp\/\",\"name\":\"AGNES STRANGE - Strange Flavour (Color LP) - (LP) | Guerssen\",\"isPartOf\":{\"@id\":\"https:\/\/wpguerssen-test.odoo.rgbconsulting.com\/es\/#website\"},\"primaryImageOfPage\":{\"@id\":\"https:\/\/wpguerssen-test.odoo.rgbconsulting.com\/es\/producto\/strange-flavour-color-lp\/#primaryimage\"},\"image\":{\"@id\":\"https:\/\/wpguerssen-test.odoo.rgbconsulting.com\/es\/producto\/strange-flavour-color-lp\/#primaryimage\"},\"thumbnailUrl\":\"https:\/\/wpguerssen-test.odoo.rgbconsulting.com\/wp-content\/uploads\/2025\/04\/50344.jpg\",\"datePublished\":\"2025-04-22T21:59:00+00:00\",\"dateModified\":\"2025-04-23T14:57:03+00:00\",\"breadcrumb\":{\"@id\":\"https:\/\/wpguerssen-test.odoo.rgbconsulting.com\/es\/producto\/strange-flavour-color-lp\/#breadcrumb\"},\"inLanguage\":\"es\",\"potentialAction\":[{\"@type\":\"ReadAction\",\"target\":[\"https:\/\/wpguerssen-test.odoo.rgbconsulting.com\/es\/producto\/strange-flavour-color-lp\/\"]}]},{\"@type\":\"ImageObject\",\"inLanguage\":\"es\",\"@id\":\"https:\/\/wpguerssen-test.odoo.rgbconsulting.com\/es\/producto\/strange-flavour-color-lp\/#primaryimage\",\"url\":\"https:\/\/wpguerssen-test.odoo.rgbconsulting.com\/wp-content\/uploads\/2025\/04\/50344.jpg\",\"contentUrl\":\"https:\/\/wpguerssen-test.odoo.rgbconsulting.com\/wp-content\/uploads\/2025\/04\/50344.jpg\",\"width\":1400,\"height\":1400},{\"@type\":\"BreadcrumbList\",\"@id\":\"https:\/\/wpguerssen-test.odoo.rgbconsulting.com\/es\/producto\/strange-flavour-color-lp\/#breadcrumb\",\"itemListElement\":[{\"@type\":\"ListItem\",\"position\":1,\"name\":\"Inicio\",\"item\":\"https:\/\/wpguerssen-test.odoo.rgbconsulting.com\/es\/\"},{\"@type\":\"ListItem\",\"position\":2,\"name\":\"Shop\",\"item\":\"https:\/\/wpguerssen-test.odoo.rgbconsulting.com\/shop\/\"},{\"@type\":\"ListItem\",\"position\":3,\"name\":\"Strange Flavour (Color LP)\"}]},{\"@type\":\"WebSite\",\"@id\":\"https:\/\/wpguerssen-test.odoo.rgbconsulting.com\/es\/#website\",\"url\":\"https:\/\/wpguerssen-test.odoo.rgbconsulting.com\/es\/\",\"name\":\"Guerssen records\",\"description\":\"psychedelia - progressive - folk - garage \",\"publisher\":{\"@id\":\"https:\/\/wpguerssen-test.odoo.rgbconsulting.com\/es\/#organization\"},\"potentialAction\":[{\"@type\":\"SearchAction\",\"target\":{\"@type\":\"EntryPoint\",\"urlTemplate\":\"https:\/\/wpguerssen-test.odoo.rgbconsulting.com\/es\/?s={search_term_string}\"},\"query-input\":{\"@type\":\"PropertyValueSpecification\",\"valueRequired\":true,\"valueName\":\"search_term_string\"}}],\"inLanguage\":\"es\"},{\"@type\":\"Organization\",\"@id\":\"https:\/\/wpguerssen-test.odoo.rgbconsulting.com\/es\/#organization\",\"name\":\"Guerssen records\",\"url\":\"https:\/\/wpguerssen-test.odoo.rgbconsulting.com\/es\/\",\"logo\":{\"@type\":\"ImageObject\",\"inLanguage\":\"es\",\"@id\":\"https:\/\/wpguerssen-test.odoo.rgbconsulting.com\/es\/#\/schema\/logo\/image\/\",\"url\":\"https:\/\/wpguerssen-test.odoo.rgbconsulting.com\/wp-content\/uploads\/2022\/04\/Logo_Guerssen_trans_100.png\",\"contentUrl\":\"https:\/\/wpguerssen-test.odoo.rgbconsulting.com\/wp-content\/uploads\/2022\/04\/Logo_Guerssen_trans_100.png\",\"width\":122,\"height\":100,\"caption\":\"Guerssen records\"},\"image\":{\"@id\":\"https:\/\/wpguerssen-test.odoo.rgbconsulting.com\/es\/#\/schema\/logo\/image\/\"}}]}<\/script>\n<!-- \/ Yoast SEO plugin. -->","yoast_head_json":{"title":"AGNES STRANGE - Strange Flavour (Color LP) - (LP) | Guerssen","robots":{"index":"index","follow":"follow","max-snippet":"max-snippet:-1","max-image-preview":"max-image-preview:large","max-video-preview":"max-video-preview:-1"},"canonical":"https:\/\/wpguerssen-test.odoo.rgbconsulting.com\/es\/producto\/strange-flavour-color-lp\/","og_locale":"es_ES","og_type":"article","og_title":"AGNES STRANGE - Strange Flavour (Color LP) - (LP) | Guerssen","og_description":"ART\u00cdCULO EN PRE-PEDIDO. FECHA DE SALIDA OFICIAL: 16 DE MAYO. RES\u00c9RVALO YA Y S\u00c9 EL PRIMERO EN TENERLO. &nbsp; VINILO DE COLOR. \u00a1SOLO 100 COPIAS! &nbsp; Hard-rock psicod\u00e9lico, heavy-blues y proto-metal a cargo de este tr\u00edo procedente de Southampton. Este es su buscado disco editado en 1975. Agnes Strange fue un tr\u00edo de hard-rock con [&hellip;]","og_url":"https:\/\/wpguerssen-test.odoo.rgbconsulting.com\/es\/producto\/strange-flavour-color-lp\/","og_site_name":"Guerssen records","article_modified_time":"2025-04-23T14:57:03+00:00","og_image":[{"width":1400,"height":1400,"url":"https:\/\/wpguerssen-test.odoo.rgbconsulting.com\/wp-content\/uploads\/2025\/04\/50344.jpg","type":"image\/jpeg"}],"twitter_card":"summary_large_image","twitter_title":"AGNES STRANGE - Strange Flavour (Color LP) - (LP) | Guerssen","twitter_misc":{"Tiempo de lectura":"2 minutos"},"schema":{"@context":"https:\/\/schema.org","@graph":[{"@type":"WebPage","@id":"https:\/\/wpguerssen-test.odoo.rgbconsulting.com\/es\/producto\/strange-flavour-color-lp\/","url":"https:\/\/wpguerssen-test.odoo.rgbconsulting.com\/es\/producto\/strange-flavour-color-lp\/","name":"AGNES STRANGE - Strange Flavour (Color LP) - (LP) | Guerssen","isPartOf":{"@id":"https:\/\/wpguerssen-test.odoo.rgbconsulting.com\/es\/#website"},"primaryImageOfPage":{"@id":"https:\/\/wpguerssen-test.odoo.rgbconsulting.com\/es\/producto\/strange-flavour-color-lp\/#primaryimage"},"image":{"@id":"https:\/\/wpguerssen-test.odoo.rgbconsulting.com\/es\/producto\/strange-flavour-color-lp\/#primaryimage"},"thumbnailUrl":"https:\/\/wpguerssen-test.odoo.rgbconsulting.com\/wp-content\/uploads\/2025\/04\/50344.jpg","datePublished":"2025-04-22T21:59:00+00:00","dateModified":"2025-04-23T14:57:03+00:00","breadcrumb":{"@id":"https:\/\/wpguerssen-test.odoo.rgbconsulting.com\/es\/producto\/strange-flavour-color-lp\/#breadcrumb"},"inLanguage":"es","potentialAction":[{"@type":"ReadAction","target":["https:\/\/wpguerssen-test.odoo.rgbconsulting.com\/es\/producto\/strange-flavour-color-lp\/"]}]},{"@type":"ImageObject","inLanguage":"es","@id":"https:\/\/wpguerssen-test.odoo.rgbconsulting.com\/es\/producto\/strange-flavour-color-lp\/#primaryimage","url":"https:\/\/wpguerssen-test.odoo.rgbconsulting.com\/wp-content\/uploads\/2025\/04\/50344.jpg","contentUrl":"https:\/\/wpguerssen-test.odoo.rgbconsulting.com\/wp-content\/uploads\/2025\/04\/50344.jpg","width":1400,"height":1400},{"@type":"BreadcrumbList","@id":"https:\/\/wpguerssen-test.odoo.rgbconsulting.com\/es\/producto\/strange-flavour-color-lp\/#breadcrumb","itemListElement":[{"@type":"ListItem","position":1,"name":"Inicio","item":"https:\/\/wpguerssen-test.odoo.rgbconsulting.com\/es\/"},{"@type":"ListItem","position":2,"name":"Shop","item":"https:\/\/wpguerssen-test.odoo.rgbconsulting.com\/shop\/"},{"@type":"ListItem","position":3,"name":"Strange Flavour (Color LP)"}]},{"@type":"WebSite","@id":"https:\/\/wpguerssen-test.odoo.rgbconsulting.com\/es\/#website","url":"https:\/\/wpguerssen-test.odoo.rgbconsulting.com\/es\/","name":"Guerssen records","description":"psychedelia - progressive - folk - garage ","publisher":{"@id":"https:\/\/wpguerssen-test.odoo.rgbconsulting.com\/es\/#organization"},"potentialAction":[{"@type":"SearchAction","target":{"@type":"EntryPoint","urlTemplate":"https:\/\/wpguerssen-test.odoo.rgbconsulting.com\/es\/?s={search_term_string}"},"query-input":{"@type":"PropertyValueSpecification","valueRequired":true,"valueName":"search_term_string"}}],"inLanguage":"es"},{"@type":"Organization","@id":"https:\/\/wpguerssen-test.odoo.rgbconsulting.com\/es\/#organization","name":"Guerssen records","url":"https:\/\/wpguerssen-test.odoo.rgbconsulting.com\/es\/","logo":{"@type":"ImageObject","inLanguage":"es","@id":"https:\/\/wpguerssen-test.odoo.rgbconsulting.com\/es\/#\/schema\/logo\/image\/","url":"https:\/\/wpguerssen-test.odoo.rgbconsulting.com\/wp-content\/uploads\/2022\/04\/Logo_Guerssen_trans_100.png","contentUrl":"https:\/\/wpguerssen-test.odoo.rgbconsulting.com\/wp-content\/uploads\/2022\/04\/Logo_Guerssen_trans_100.png","width":122,"height":100,"caption":"Guerssen records"},"image":{"@id":"https:\/\/wpguerssen-test.odoo.rgbconsulting.com\/es\/#\/schema\/logo\/image\/"}}]}},"_links":{"self":[{"href":"https:\/\/wpguerssen-test.odoo.rgbconsulting.com\/es\/wp-json\/wp\/v2\/product\/286614","targetHints":{"allow":["GET"]}}],"collection":[{"href":"https:\/\/wpguerssen-test.odoo.rgbconsulting.com\/es\/wp-json\/wp\/v2\/product"}],"about":[{"href":"https:\/\/wpguerssen-test.odoo.rgbconsulting.com\/es\/wp-json\/wp\/v2\/types\/product"}],"wp:featuredmedia":[{"embeddable":true,"href":"https:\/\/wpguerssen-test.odoo.rgbconsulting.com\/es\/wp-json\/wp\/v2\/media\/286602"}],"wp:attachment":[{"href":"https:\/\/wpguerssen-test.odoo.rgbconsulting.com\/es\/wp-json\/wp\/v2\/media?parent=286614"}],"wp:term":[{"taxonomy":"product_brand","embeddable":true,"href":"https:\/\/wpguerssen-test.odoo.rgbconsulting.com\/es\/wp-json\/wp\/v2\/product_brand?post=286614"},{"taxonomy":"product_cat","embeddable":true,"href":"https:\/\/wpguerssen-test.odoo.rgbconsulting.com\/es\/wp-json\/wp\/v2\/product_cat?post=286614"},{"taxonomy":"product_tag","embeddable":true,"href":"https:\/\/wpguerssen-test.odoo.rgbconsulting.com\/es\/wp-json\/wp\/v2\/product_tag?post=286614"}],"curies":[{"name":"wp","href":"https:\/\/api.w.org\/{rel}","templated":true}]}}