{"id":286615,"date":"2025-04-22T23:56:00","date_gmt":"2025-04-22T21:57:00","guid":{"rendered":"https:\/\/wpguerssen-test.odoo.rgbconsulting.com\/?post_type=product&#038;p=286615"},"modified":"2025-04-23T16:57:21","modified_gmt":"2025-04-23T14:57:21","slug":"fyter-color-lp","status":"publish","type":"product","link":"https:\/\/wpguerssen-test.odoo.rgbconsulting.com\/es\/producto\/fyter-color-lp\/","title":{"rendered":"Fyter (color LP)"},"content":{"rendered":"<p>ART\u00cdCULO EN PRE-PEDIDO. FECHA DE SALIDA OFICIAL: 16 DE MAYO.<br \/>\nRES\u00c9RVALO YA Y S\u00c9 EL PRIMERO EN TENERLO.<\/p>\n<p>VINILO DE COLOR. \u00a1SOLO 111 COPIAS!<\/p>\n<p>&nbsp;<\/p>\n<p><strong>Uno de los discos gordos privados USA de hard-rock, originalmente editado en 1978.<\/strong><\/p>\n<p><strong>\u00a0<\/strong><\/p>\n<p><strong>Sonido hard-rock con explosivos solos de guitarra, toques psicod\u00e9licos, Southern Rock y AOR mel\u00f3dico.<\/strong><\/p>\n<p>&nbsp;<\/p>\n<p>Fyter fue una banda de originaria de Morrilton, Arkansas, que en 1978 decidieron editar de forma privada su primer disco.<\/p>\n<p>&nbsp;<\/p>\n<p>La banda estaba formada por Kevin Compton (bajo), Travis Johnson (guitarra solista), Mike Newman (voz y guitarra r\u00edtmica), y Duane Harlan (bater\u00eda). Su m\u00fasica combinaba poderosos riffs y solos de rock duro y con elementos psicod\u00e9licos y mel\u00f3dicos, inspir\u00e1ndose en grupos como Led Zeppelin, Foghat, Hendrix, The Rolling Stones o The Who.<\/p>\n<p>El nombre \u00abFyter\u00bb fue elegido mediante un proceso creativo que incluy\u00f3 numerolog\u00eda y juegos de palabras. Tocaron en diversos lugares, incluyendo fiestas de promoci\u00f3n, eventos comunitarios y clubs.<\/p>\n<p>&nbsp;<\/p>\n<p>En 1978, Fyter grabaron su \u00e1lbum hom\u00f3nimo en solo tres d\u00edas en unos estudios de Oklahoma. El \u00e1lbum inclu\u00eda temas como <em>\u00abWhere I Stand\u00bb, \u00abMonarch\u00bb y \u00ab100 Watt Head<\/em>\u00ab.<\/p>\n<p>La portada del disco, que muestra a la banda siendo \u201carrestada\u201d por la polic\u00eda local, fue un esfuerzo colaborativo que cont\u00f3 con la ayuda del Departamento de Polic\u00eda de North Little Rock. Solo se prensaron unas 1000 copias, convirti\u00e9ndose en un disco muy buscado por aficionados y coleccionistas de hard-rock. Entre sus fans podemos encontrar al mism\u00edsimo Jello Biafra de Dead Kennedys.<\/p>\n<p>&nbsp;<\/p>\n<p>*<em>Artwork original en portada de cart\u00f3n duro<\/em><\/p>\n<p><em>*Sonido remasterizado<\/em><\/p>\n<p><em>*Insert con notas por Klemen Breznikar (It\u2019s Psychedelic Baby) y fotos<\/em><\/p>\n<p><em>*Cup\u00f3n de descarga<\/em><\/p>\n<p>&nbsp;<\/p>\n<p>&nbsp;<\/p>\n<p>Tracklist:<br \/>\nSide 1: 1. Monarch \u2013 2. 100-Watt Head \u2013 3. If I do \u2013 4. Long Way To Go \u2013 5. Where I Stand<br \/>\nSide 2: 1. Fortress of Fools \u2013 2. I.C.U. \u2013 3. Teenage Rampage \u2013 4. Tears \u2013 5. Last Legacy of Mister Ring<\/p>\n","protected":false},"excerpt":{"rendered":"<p>ART\u00cdCULO EN PRE-PEDIDO. FECHA DE SALIDA OFICIAL: 16 DE MAYO. RES\u00c9RVALO YA Y S\u00c9 EL PRIMERO EN TENERLO. VINILO DE COLOR. \u00a1SOLO 111 COPIAS! &nbsp; Uno de los discos<a class=\"read\" href=\"https:\/\/wpguerssen-test.odoo.rgbconsulting.com\/es\/producto\/fyter-color-lp\/\"> (...)<\/a>","protected":false},"featured_media":286605,"template":"","meta":{"_acf_changed":false},"product_brand":[],"product_cat":[21639,23224],"product_tag":[29140],"class_list":{"0":"post-286615","1":"product","2":"type-product","3":"status-publish","4":"has-post-thumbnail","6":"product_cat-psychedelic60s-70s-es","7":"product_cat-hard-rock-60s-70s-es","8":"product_tag-color-vinyl-es","9":"pa_artist-fyter-es","10":"pa_format-lp-es","11":"pa_gender-hard-rock-60s-70s-psychedelic60s-70s","12":"pa_label-out-sider-music-es","13":"pa_location-north-america-es","14":"pa_other-filters-vinyl-only-es","16":"first","17":"outofstock","18":"taxable","19":"shipping-taxable","20":"purchasable","21":"product-type-simple"},"acf":[],"yoast_head":"<!-- This site is optimized with the Yoast SEO plugin v24.9 - https:\/\/yoast.com\/wordpress\/plugins\/seo\/ -->\n<title>FYTER - Fyter (color LP) - (LP) | Guerssen<\/title>\n<meta name=\"robots\" content=\"index, follow, max-snippet:-1, max-image-preview:large, max-video-preview:-1\" \/>\n<link rel=\"canonical\" href=\"https:\/\/wpguerssen-test.odoo.rgbconsulting.com\/es\/producto\/fyter-color-lp\/\" \/>\n<meta property=\"og:locale\" content=\"es_ES\" \/>\n<meta property=\"og:type\" content=\"article\" \/>\n<meta property=\"og:title\" content=\"FYTER - Fyter (color LP) - (LP) | Guerssen\" \/>\n<meta property=\"og:description\" content=\"ART\u00cdCULO EN PRE-PEDIDO. FECHA DE SALIDA OFICIAL: 16 DE MAYO. RES\u00c9RVALO YA Y S\u00c9 EL PRIMERO EN TENERLO. VINILO DE COLOR. \u00a1SOLO 111 COPIAS! &nbsp; Uno de los discos gordos privados USA de hard-rock, originalmente editado en 1978. \u00a0 Sonido hard-rock con explosivos solos de guitarra, toques psicod\u00e9licos, Southern Rock y AOR mel\u00f3dico. &nbsp; Fyter [&hellip;]\" \/>\n<meta property=\"og:url\" content=\"https:\/\/wpguerssen-test.odoo.rgbconsulting.com\/es\/producto\/fyter-color-lp\/\" \/>\n<meta property=\"og:site_name\" content=\"Guerssen records\" \/>\n<meta property=\"article:modified_time\" content=\"2025-04-23T14:57:21+00:00\" \/>\n<meta property=\"og:image\" content=\"https:\/\/wpguerssen-test.odoo.rgbconsulting.com\/wp-content\/uploads\/2025\/04\/50349.jpg\" \/>\n\t<meta property=\"og:image:width\" content=\"1400\" \/>\n\t<meta property=\"og:image:height\" content=\"1400\" \/>\n\t<meta property=\"og:image:type\" content=\"image\/jpeg\" \/>\n<meta name=\"twitter:card\" content=\"summary_large_image\" \/>\n<meta name=\"twitter:title\" content=\"FYTER - Fyter (color LP) - (LP) | Guerssen\" \/>\n<meta name=\"twitter:label1\" content=\"Tiempo de lectura\" \/>\n\t<meta name=\"twitter:data1\" content=\"2 minutos\" \/>\n<script type=\"application\/ld+json\" class=\"yoast-schema-graph\">{\"@context\":\"https:\/\/schema.org\",\"@graph\":[{\"@type\":\"WebPage\",\"@id\":\"https:\/\/wpguerssen-test.odoo.rgbconsulting.com\/es\/producto\/fyter-color-lp\/\",\"url\":\"https:\/\/wpguerssen-test.odoo.rgbconsulting.com\/es\/producto\/fyter-color-lp\/\",\"name\":\"FYTER - Fyter (color LP) - (LP) | Guerssen\",\"isPartOf\":{\"@id\":\"https:\/\/wpguerssen-test.odoo.rgbconsulting.com\/es\/#website\"},\"primaryImageOfPage\":{\"@id\":\"https:\/\/wpguerssen-test.odoo.rgbconsulting.com\/es\/producto\/fyter-color-lp\/#primaryimage\"},\"image\":{\"@id\":\"https:\/\/wpguerssen-test.odoo.rgbconsulting.com\/es\/producto\/fyter-color-lp\/#primaryimage\"},\"thumbnailUrl\":\"https:\/\/wpguerssen-test.odoo.rgbconsulting.com\/wp-content\/uploads\/2025\/04\/50349.jpg\",\"datePublished\":\"2025-04-22T21:57:00+00:00\",\"dateModified\":\"2025-04-23T14:57:21+00:00\",\"breadcrumb\":{\"@id\":\"https:\/\/wpguerssen-test.odoo.rgbconsulting.com\/es\/producto\/fyter-color-lp\/#breadcrumb\"},\"inLanguage\":\"es\",\"potentialAction\":[{\"@type\":\"ReadAction\",\"target\":[\"https:\/\/wpguerssen-test.odoo.rgbconsulting.com\/es\/producto\/fyter-color-lp\/\"]}]},{\"@type\":\"ImageObject\",\"inLanguage\":\"es\",\"@id\":\"https:\/\/wpguerssen-test.odoo.rgbconsulting.com\/es\/producto\/fyter-color-lp\/#primaryimage\",\"url\":\"https:\/\/wpguerssen-test.odoo.rgbconsulting.com\/wp-content\/uploads\/2025\/04\/50349.jpg\",\"contentUrl\":\"https:\/\/wpguerssen-test.odoo.rgbconsulting.com\/wp-content\/uploads\/2025\/04\/50349.jpg\",\"width\":1400,\"height\":1400},{\"@type\":\"BreadcrumbList\",\"@id\":\"https:\/\/wpguerssen-test.odoo.rgbconsulting.com\/es\/producto\/fyter-color-lp\/#breadcrumb\",\"itemListElement\":[{\"@type\":\"ListItem\",\"position\":1,\"name\":\"Inicio\",\"item\":\"https:\/\/wpguerssen-test.odoo.rgbconsulting.com\/es\/\"},{\"@type\":\"ListItem\",\"position\":2,\"name\":\"Shop\",\"item\":\"https:\/\/wpguerssen-test.odoo.rgbconsulting.com\/shop\/\"},{\"@type\":\"ListItem\",\"position\":3,\"name\":\"Fyter (color LP)\"}]},{\"@type\":\"WebSite\",\"@id\":\"https:\/\/wpguerssen-test.odoo.rgbconsulting.com\/es\/#website\",\"url\":\"https:\/\/wpguerssen-test.odoo.rgbconsulting.com\/es\/\",\"name\":\"Guerssen records\",\"description\":\"psychedelia - progressive - folk - garage \",\"publisher\":{\"@id\":\"https:\/\/wpguerssen-test.odoo.rgbconsulting.com\/es\/#organization\"},\"potentialAction\":[{\"@type\":\"SearchAction\",\"target\":{\"@type\":\"EntryPoint\",\"urlTemplate\":\"https:\/\/wpguerssen-test.odoo.rgbconsulting.com\/es\/?s={search_term_string}\"},\"query-input\":{\"@type\":\"PropertyValueSpecification\",\"valueRequired\":true,\"valueName\":\"search_term_string\"}}],\"inLanguage\":\"es\"},{\"@type\":\"Organization\",\"@id\":\"https:\/\/wpguerssen-test.odoo.rgbconsulting.com\/es\/#organization\",\"name\":\"Guerssen records\",\"url\":\"https:\/\/wpguerssen-test.odoo.rgbconsulting.com\/es\/\",\"logo\":{\"@type\":\"ImageObject\",\"inLanguage\":\"es\",\"@id\":\"https:\/\/wpguerssen-test.odoo.rgbconsulting.com\/es\/#\/schema\/logo\/image\/\",\"url\":\"https:\/\/wpguerssen-test.odoo.rgbconsulting.com\/wp-content\/uploads\/2022\/04\/Logo_Guerssen_trans_100.png\",\"contentUrl\":\"https:\/\/wpguerssen-test.odoo.rgbconsulting.com\/wp-content\/uploads\/2022\/04\/Logo_Guerssen_trans_100.png\",\"width\":122,\"height\":100,\"caption\":\"Guerssen records\"},\"image\":{\"@id\":\"https:\/\/wpguerssen-test.odoo.rgbconsulting.com\/es\/#\/schema\/logo\/image\/\"}}]}<\/script>\n<!-- \/ Yoast SEO plugin. -->","yoast_head_json":{"title":"FYTER - Fyter (color LP) - (LP) | Guerssen","robots":{"index":"index","follow":"follow","max-snippet":"max-snippet:-1","max-image-preview":"max-image-preview:large","max-video-preview":"max-video-preview:-1"},"canonical":"https:\/\/wpguerssen-test.odoo.rgbconsulting.com\/es\/producto\/fyter-color-lp\/","og_locale":"es_ES","og_type":"article","og_title":"FYTER - Fyter (color LP) - (LP) | Guerssen","og_description":"ART\u00cdCULO EN PRE-PEDIDO. FECHA DE SALIDA OFICIAL: 16 DE MAYO. RES\u00c9RVALO YA Y S\u00c9 EL PRIMERO EN TENERLO. VINILO DE COLOR. \u00a1SOLO 111 COPIAS! &nbsp; Uno de los discos gordos privados USA de hard-rock, originalmente editado en 1978. \u00a0 Sonido hard-rock con explosivos solos de guitarra, toques psicod\u00e9licos, Southern Rock y AOR mel\u00f3dico. &nbsp; Fyter [&hellip;]","og_url":"https:\/\/wpguerssen-test.odoo.rgbconsulting.com\/es\/producto\/fyter-color-lp\/","og_site_name":"Guerssen records","article_modified_time":"2025-04-23T14:57:21+00:00","og_image":[{"width":1400,"height":1400,"url":"https:\/\/wpguerssen-test.odoo.rgbconsulting.com\/wp-content\/uploads\/2025\/04\/50349.jpg","type":"image\/jpeg"}],"twitter_card":"summary_large_image","twitter_title":"FYTER - Fyter (color LP) - (LP) | Guerssen","twitter_misc":{"Tiempo de lectura":"2 minutos"},"schema":{"@context":"https:\/\/schema.org","@graph":[{"@type":"WebPage","@id":"https:\/\/wpguerssen-test.odoo.rgbconsulting.com\/es\/producto\/fyter-color-lp\/","url":"https:\/\/wpguerssen-test.odoo.rgbconsulting.com\/es\/producto\/fyter-color-lp\/","name":"FYTER - Fyter (color LP) - (LP) | Guerssen","isPartOf":{"@id":"https:\/\/wpguerssen-test.odoo.rgbconsulting.com\/es\/#website"},"primaryImageOfPage":{"@id":"https:\/\/wpguerssen-test.odoo.rgbconsulting.com\/es\/producto\/fyter-color-lp\/#primaryimage"},"image":{"@id":"https:\/\/wpguerssen-test.odoo.rgbconsulting.com\/es\/producto\/fyter-color-lp\/#primaryimage"},"thumbnailUrl":"https:\/\/wpguerssen-test.odoo.rgbconsulting.com\/wp-content\/uploads\/2025\/04\/50349.jpg","datePublished":"2025-04-22T21:57:00+00:00","dateModified":"2025-04-23T14:57:21+00:00","breadcrumb":{"@id":"https:\/\/wpguerssen-test.odoo.rgbconsulting.com\/es\/producto\/fyter-color-lp\/#breadcrumb"},"inLanguage":"es","potentialAction":[{"@type":"ReadAction","target":["https:\/\/wpguerssen-test.odoo.rgbconsulting.com\/es\/producto\/fyter-color-lp\/"]}]},{"@type":"ImageObject","inLanguage":"es","@id":"https:\/\/wpguerssen-test.odoo.rgbconsulting.com\/es\/producto\/fyter-color-lp\/#primaryimage","url":"https:\/\/wpguerssen-test.odoo.rgbconsulting.com\/wp-content\/uploads\/2025\/04\/50349.jpg","contentUrl":"https:\/\/wpguerssen-test.odoo.rgbconsulting.com\/wp-content\/uploads\/2025\/04\/50349.jpg","width":1400,"height":1400},{"@type":"BreadcrumbList","@id":"https:\/\/wpguerssen-test.odoo.rgbconsulting.com\/es\/producto\/fyter-color-lp\/#breadcrumb","itemListElement":[{"@type":"ListItem","position":1,"name":"Inicio","item":"https:\/\/wpguerssen-test.odoo.rgbconsulting.com\/es\/"},{"@type":"ListItem","position":2,"name":"Shop","item":"https:\/\/wpguerssen-test.odoo.rgbconsulting.com\/shop\/"},{"@type":"ListItem","position":3,"name":"Fyter (color LP)"}]},{"@type":"WebSite","@id":"https:\/\/wpguerssen-test.odoo.rgbconsulting.com\/es\/#website","url":"https:\/\/wpguerssen-test.odoo.rgbconsulting.com\/es\/","name":"Guerssen records","description":"psychedelia - progressive - folk - garage ","publisher":{"@id":"https:\/\/wpguerssen-test.odoo.rgbconsulting.com\/es\/#organization"},"potentialAction":[{"@type":"SearchAction","target":{"@type":"EntryPoint","urlTemplate":"https:\/\/wpguerssen-test.odoo.rgbconsulting.com\/es\/?s={search_term_string}"},"query-input":{"@type":"PropertyValueSpecification","valueRequired":true,"valueName":"search_term_string"}}],"inLanguage":"es"},{"@type":"Organization","@id":"https:\/\/wpguerssen-test.odoo.rgbconsulting.com\/es\/#organization","name":"Guerssen records","url":"https:\/\/wpguerssen-test.odoo.rgbconsulting.com\/es\/","logo":{"@type":"ImageObject","inLanguage":"es","@id":"https:\/\/wpguerssen-test.odoo.rgbconsulting.com\/es\/#\/schema\/logo\/image\/","url":"https:\/\/wpguerssen-test.odoo.rgbconsulting.com\/wp-content\/uploads\/2022\/04\/Logo_Guerssen_trans_100.png","contentUrl":"https:\/\/wpguerssen-test.odoo.rgbconsulting.com\/wp-content\/uploads\/2022\/04\/Logo_Guerssen_trans_100.png","width":122,"height":100,"caption":"Guerssen records"},"image":{"@id":"https:\/\/wpguerssen-test.odoo.rgbconsulting.com\/es\/#\/schema\/logo\/image\/"}}]}},"_links":{"self":[{"href":"https:\/\/wpguerssen-test.odoo.rgbconsulting.com\/es\/wp-json\/wp\/v2\/product\/286615","targetHints":{"allow":["GET"]}}],"collection":[{"href":"https:\/\/wpguerssen-test.odoo.rgbconsulting.com\/es\/wp-json\/wp\/v2\/product"}],"about":[{"href":"https:\/\/wpguerssen-test.odoo.rgbconsulting.com\/es\/wp-json\/wp\/v2\/types\/product"}],"wp:featuredmedia":[{"embeddable":true,"href":"https:\/\/wpguerssen-test.odoo.rgbconsulting.com\/es\/wp-json\/wp\/v2\/media\/286605"}],"wp:attachment":[{"href":"https:\/\/wpguerssen-test.odoo.rgbconsulting.com\/es\/wp-json\/wp\/v2\/media?parent=286615"}],"wp:term":[{"taxonomy":"product_brand","embeddable":true,"href":"https:\/\/wpguerssen-test.odoo.rgbconsulting.com\/es\/wp-json\/wp\/v2\/product_brand?post=286615"},{"taxonomy":"product_cat","embeddable":true,"href":"https:\/\/wpguerssen-test.odoo.rgbconsulting.com\/es\/wp-json\/wp\/v2\/product_cat?post=286615"},{"taxonomy":"product_tag","embeddable":true,"href":"https:\/\/wpguerssen-test.odoo.rgbconsulting.com\/es\/wp-json\/wp\/v2\/product_tag?post=286615"}],"curies":[{"name":"wp","href":"https:\/\/api.w.org\/{rel}","templated":true}]}}