{"id":286817,"date":"2025-04-25T00:00:00","date_gmt":"2025-04-24T22:00:00","guid":{"rendered":"https:\/\/wpguerssen-test.odoo.rgbconsulting.com\/product\/kokkyou-junkeira\/"},"modified":"2025-04-29T13:39:41","modified_gmt":"2025-04-29T11:39:41","slug":"kokkyou-junkeira","status":"publish","type":"product","link":"https:\/\/wpguerssen-test.odoo.rgbconsulting.com\/es\/producto\/kokkyou-junkeira\/","title":{"rendered":"Kokkyou Junkeira"},"content":{"rendered":"<p>El dramaturgo, director y artista tokiota J. A. Caesar salt\u00f3 a la fama a principios de los 70, principalmente gracias a su trabajo con el Teatro Tenjo Sajiki de Shuji Terayama, especializado en m\u00fasica ligeramente siniestra. El lanzamiento de Kokkyou Junreika, a menudo considerado el mejor trabajo de Caesar, se seleccion\u00f3 de las 5 horas de m\u00fasica escritas para la obra original, condensadas en un \u00e1lbum de cantos eternos, mantras budistas, invocaciones celestiales y vamps de guitarra fuzztone, respaldados por el zumbido del \u00f3rgano el\u00e9ctrico de Caesar y las inquietantes voces femeninas de Yoko Ran, Keiko Shinko y Seigo Showa. Un \u00e1lbum que se sit\u00faa a la altura de los primeros Ash Ra Temple, Cosmic Jokers y Tangerine Dream.<\/p>\n","protected":false},"excerpt":{"rendered":"<p>El dramaturgo, director y artista tokiota J. A. Caesar salt\u00f3 a la fama a principios de los 70, principalmente gracias a su trabajo con el Teatro Tenjo Sajiki de Shuji<a class=\"read\" href=\"https:\/\/wpguerssen-test.odoo.rgbconsulting.com\/es\/producto\/kokkyou-junkeira\/\"> (...)<\/a>","protected":false},"featured_media":286759,"template":"","meta":{"_acf_changed":false},"product_brand":[],"product_cat":[24508,21639],"product_tag":[24189],"class_list":{"0":"post-286817","1":"product","2":"type-product","3":"status-publish","4":"has-post-thumbnail","6":"product_cat-uncategorized","7":"product_cat-psychedelic60s-70s-es","8":"product_tag-recien-llegadas","9":"pa_artist-j-a-caesar","10":"pa_format-lp-es","11":"pa_gender-psychedelic60s-70s","12":"pa_label-life-goes-on-records","13":"pa_location-asia-es","14":"pa_other-filters-vinyl-only-es","16":"first","17":"instock","18":"taxable","19":"shipping-taxable","20":"purchasable","21":"product-type-simple"},"acf":[],"yoast_head":"<!-- This site is optimized with the Yoast SEO plugin v24.9 - https:\/\/yoast.com\/wordpress\/plugins\/seo\/ -->\n<title>J.A. CAESAR - Kokkyou Junkeira -  (LP) | Guerssen<\/title>\n<meta name=\"description\" content=\"Tokyo playwrite, director and artist J A Caesar sprang to prominence in the early &#039;70s largely through his work with Shuji Terayama&#039;s Tenjo Sajiki Theatre, specializing in vaguely sinister music. The Kokkyou Junreika release, often considered Caesar&#039;s finest work, was culled from the 5 hours of music written for the original play distilled down to an album&#039;s worth of ageless chants, Budhist mantras, heavenly invocations and fuzztone guitar vamps supported by Caesar&#039;s droning electric organ and the eerie female vocals of Yoko Ran, Keiko Shinko and Seigo Showa. An album that sits comfortably alongside early Ash Ra Temple, Cosmic Jokers and ATEM-period Tangerine Dream.\" \/>\n<meta name=\"robots\" content=\"index, follow, max-snippet:-1, max-image-preview:large, max-video-preview:-1\" \/>\n<link rel=\"canonical\" href=\"https:\/\/wpguerssen-test.odoo.rgbconsulting.com\/es\/producto\/kokkyou-junkeira\/\" \/>\n<meta property=\"og:locale\" content=\"es_ES\" \/>\n<meta property=\"og:type\" content=\"article\" \/>\n<meta property=\"og:title\" content=\"J.A. CAESAR - Kokkyou Junkeira -  (LP) | Guerssen\" \/>\n<meta property=\"og:description\" content=\"Tokyo playwrite, director and artist J A Caesar sprang to prominence in the early &#039;70s largely through his work with Shuji Terayama&#039;s Tenjo Sajiki Theatre, specializing in vaguely sinister music. The Kokkyou Junreika release, often considered Caesar&#039;s finest work, was culled from the 5 hours of music written for the original play distilled down to an album&#039;s worth of ageless chants, Budhist mantras, heavenly invocations and fuzztone guitar vamps supported by Caesar&#039;s droning electric organ and the eerie female vocals of Yoko Ran, Keiko Shinko and Seigo Showa. An album that sits comfortably alongside early Ash Ra Temple, Cosmic Jokers and ATEM-period Tangerine Dream.\" \/>\n<meta property=\"og:url\" content=\"https:\/\/wpguerssen-test.odoo.rgbconsulting.com\/es\/producto\/kokkyou-junkeira\/\" \/>\n<meta property=\"og:site_name\" content=\"Guerssen records\" \/>\n<meta property=\"article:modified_time\" content=\"2025-04-29T11:39:41+00:00\" \/>\n<meta property=\"og:image\" content=\"https:\/\/wpguerssen-test.odoo.rgbconsulting.com\/wp-content\/uploads\/2025\/04\/50357-1024x1024.jpg\" \/>\n\t<meta property=\"og:image:width\" content=\"1024\" \/>\n\t<meta property=\"og:image:height\" content=\"1024\" \/>\n\t<meta property=\"og:image:type\" content=\"image\/jpeg\" \/>\n<meta name=\"twitter:card\" content=\"summary_large_image\" \/>\n<meta name=\"twitter:title\" content=\"J.A. CAESAR - Kokkyou Junkeira -  (LP) | Guerssen\" \/>\n<meta name=\"twitter:label1\" content=\"Tiempo de lectura\" \/>\n\t<meta name=\"twitter:data1\" content=\"1 minuto\" \/>\n<script type=\"application\/ld+json\" class=\"yoast-schema-graph\">{\"@context\":\"https:\/\/schema.org\",\"@graph\":[{\"@type\":\"WebPage\",\"@id\":\"https:\/\/wpguerssen-test.odoo.rgbconsulting.com\/es\/producto\/kokkyou-junkeira\/\",\"url\":\"https:\/\/wpguerssen-test.odoo.rgbconsulting.com\/es\/producto\/kokkyou-junkeira\/\",\"name\":\"J.A. CAESAR - Kokkyou Junkeira - (LP) | Guerssen\",\"isPartOf\":{\"@id\":\"https:\/\/wpguerssen-test.odoo.rgbconsulting.com\/es\/#website\"},\"primaryImageOfPage\":{\"@id\":\"https:\/\/wpguerssen-test.odoo.rgbconsulting.com\/es\/producto\/kokkyou-junkeira\/#primaryimage\"},\"image\":{\"@id\":\"https:\/\/wpguerssen-test.odoo.rgbconsulting.com\/es\/producto\/kokkyou-junkeira\/#primaryimage\"},\"thumbnailUrl\":\"https:\/\/wpguerssen-test.odoo.rgbconsulting.com\/wp-content\/uploads\/2025\/04\/50357.jpg\",\"datePublished\":\"2025-04-24T22:00:00+00:00\",\"dateModified\":\"2025-04-29T11:39:41+00:00\",\"description\":\"Tokyo playwrite, director and artist J A Caesar sprang to prominence in the early '70s largely through his work with Shuji Terayama's Tenjo Sajiki Theatre, specializing in vaguely sinister music. The Kokkyou Junreika release, often considered Caesar's finest work, was culled from the 5 hours of music written for the original play distilled down to an album's worth of ageless chants, Budhist mantras, heavenly invocations and fuzztone guitar vamps supported by Caesar's droning electric organ and the eerie female vocals of Yoko Ran, Keiko Shinko and Seigo Showa. An album that sits comfortably alongside early Ash Ra Temple, Cosmic Jokers and ATEM-period Tangerine Dream.\",\"breadcrumb\":{\"@id\":\"https:\/\/wpguerssen-test.odoo.rgbconsulting.com\/es\/producto\/kokkyou-junkeira\/#breadcrumb\"},\"inLanguage\":\"es\",\"potentialAction\":[{\"@type\":\"ReadAction\",\"target\":[\"https:\/\/wpguerssen-test.odoo.rgbconsulting.com\/es\/producto\/kokkyou-junkeira\/\"]}]},{\"@type\":\"ImageObject\",\"inLanguage\":\"es\",\"@id\":\"https:\/\/wpguerssen-test.odoo.rgbconsulting.com\/es\/producto\/kokkyou-junkeira\/#primaryimage\",\"url\":\"https:\/\/wpguerssen-test.odoo.rgbconsulting.com\/wp-content\/uploads\/2025\/04\/50357.jpg\",\"contentUrl\":\"https:\/\/wpguerssen-test.odoo.rgbconsulting.com\/wp-content\/uploads\/2025\/04\/50357.jpg\",\"width\":1440,\"height\":1440},{\"@type\":\"BreadcrumbList\",\"@id\":\"https:\/\/wpguerssen-test.odoo.rgbconsulting.com\/es\/producto\/kokkyou-junkeira\/#breadcrumb\",\"itemListElement\":[{\"@type\":\"ListItem\",\"position\":1,\"name\":\"Inicio\",\"item\":\"https:\/\/wpguerssen-test.odoo.rgbconsulting.com\/es\/\"},{\"@type\":\"ListItem\",\"position\":2,\"name\":\"Shop\",\"item\":\"https:\/\/wpguerssen-test.odoo.rgbconsulting.com\/shop\/\"},{\"@type\":\"ListItem\",\"position\":3,\"name\":\"Kokkyou Junkeira\"}]},{\"@type\":\"WebSite\",\"@id\":\"https:\/\/wpguerssen-test.odoo.rgbconsulting.com\/es\/#website\",\"url\":\"https:\/\/wpguerssen-test.odoo.rgbconsulting.com\/es\/\",\"name\":\"Guerssen records\",\"description\":\"psychedelia - progressive - folk - garage \",\"publisher\":{\"@id\":\"https:\/\/wpguerssen-test.odoo.rgbconsulting.com\/es\/#organization\"},\"potentialAction\":[{\"@type\":\"SearchAction\",\"target\":{\"@type\":\"EntryPoint\",\"urlTemplate\":\"https:\/\/wpguerssen-test.odoo.rgbconsulting.com\/es\/?s={search_term_string}\"},\"query-input\":{\"@type\":\"PropertyValueSpecification\",\"valueRequired\":true,\"valueName\":\"search_term_string\"}}],\"inLanguage\":\"es\"},{\"@type\":\"Organization\",\"@id\":\"https:\/\/wpguerssen-test.odoo.rgbconsulting.com\/es\/#organization\",\"name\":\"Guerssen records\",\"url\":\"https:\/\/wpguerssen-test.odoo.rgbconsulting.com\/es\/\",\"logo\":{\"@type\":\"ImageObject\",\"inLanguage\":\"es\",\"@id\":\"https:\/\/wpguerssen-test.odoo.rgbconsulting.com\/es\/#\/schema\/logo\/image\/\",\"url\":\"https:\/\/wpguerssen-test.odoo.rgbconsulting.com\/wp-content\/uploads\/2022\/04\/Logo_Guerssen_trans_100.png\",\"contentUrl\":\"https:\/\/wpguerssen-test.odoo.rgbconsulting.com\/wp-content\/uploads\/2022\/04\/Logo_Guerssen_trans_100.png\",\"width\":122,\"height\":100,\"caption\":\"Guerssen records\"},\"image\":{\"@id\":\"https:\/\/wpguerssen-test.odoo.rgbconsulting.com\/es\/#\/schema\/logo\/image\/\"}}]}<\/script>\n<!-- \/ Yoast SEO plugin. -->","yoast_head_json":{"title":"J.A. CAESAR - Kokkyou Junkeira -  (LP) | Guerssen","description":"Tokyo playwrite, director and artist J A Caesar sprang to prominence in the early '70s largely through his work with Shuji Terayama's Tenjo Sajiki Theatre, specializing in vaguely sinister music. The Kokkyou Junreika release, often considered Caesar's finest work, was culled from the 5 hours of music written for the original play distilled down to an album's worth of ageless chants, Budhist mantras, heavenly invocations and fuzztone guitar vamps supported by Caesar's droning electric organ and the eerie female vocals of Yoko Ran, Keiko Shinko and Seigo Showa. An album that sits comfortably alongside early Ash Ra Temple, Cosmic Jokers and ATEM-period Tangerine Dream.","robots":{"index":"index","follow":"follow","max-snippet":"max-snippet:-1","max-image-preview":"max-image-preview:large","max-video-preview":"max-video-preview:-1"},"canonical":"https:\/\/wpguerssen-test.odoo.rgbconsulting.com\/es\/producto\/kokkyou-junkeira\/","og_locale":"es_ES","og_type":"article","og_title":"J.A. CAESAR - Kokkyou Junkeira -  (LP) | Guerssen","og_description":"Tokyo playwrite, director and artist J A Caesar sprang to prominence in the early '70s largely through his work with Shuji Terayama's Tenjo Sajiki Theatre, specializing in vaguely sinister music. The Kokkyou Junreika release, often considered Caesar's finest work, was culled from the 5 hours of music written for the original play distilled down to an album's worth of ageless chants, Budhist mantras, heavenly invocations and fuzztone guitar vamps supported by Caesar's droning electric organ and the eerie female vocals of Yoko Ran, Keiko Shinko and Seigo Showa. An album that sits comfortably alongside early Ash Ra Temple, Cosmic Jokers and ATEM-period Tangerine Dream.","og_url":"https:\/\/wpguerssen-test.odoo.rgbconsulting.com\/es\/producto\/kokkyou-junkeira\/","og_site_name":"Guerssen records","article_modified_time":"2025-04-29T11:39:41+00:00","og_image":[{"width":1024,"height":1024,"url":"https:\/\/wpguerssen-test.odoo.rgbconsulting.com\/wp-content\/uploads\/2025\/04\/50357-1024x1024.jpg","type":"image\/jpeg"}],"twitter_card":"summary_large_image","twitter_title":"J.A. CAESAR - Kokkyou Junkeira -  (LP) | Guerssen","twitter_misc":{"Tiempo de lectura":"1 minuto"},"schema":{"@context":"https:\/\/schema.org","@graph":[{"@type":"WebPage","@id":"https:\/\/wpguerssen-test.odoo.rgbconsulting.com\/es\/producto\/kokkyou-junkeira\/","url":"https:\/\/wpguerssen-test.odoo.rgbconsulting.com\/es\/producto\/kokkyou-junkeira\/","name":"J.A. CAESAR - Kokkyou Junkeira - (LP) | Guerssen","isPartOf":{"@id":"https:\/\/wpguerssen-test.odoo.rgbconsulting.com\/es\/#website"},"primaryImageOfPage":{"@id":"https:\/\/wpguerssen-test.odoo.rgbconsulting.com\/es\/producto\/kokkyou-junkeira\/#primaryimage"},"image":{"@id":"https:\/\/wpguerssen-test.odoo.rgbconsulting.com\/es\/producto\/kokkyou-junkeira\/#primaryimage"},"thumbnailUrl":"https:\/\/wpguerssen-test.odoo.rgbconsulting.com\/wp-content\/uploads\/2025\/04\/50357.jpg","datePublished":"2025-04-24T22:00:00+00:00","dateModified":"2025-04-29T11:39:41+00:00","description":"Tokyo playwrite, director and artist J A Caesar sprang to prominence in the early '70s largely through his work with Shuji Terayama's Tenjo Sajiki Theatre, specializing in vaguely sinister music. The Kokkyou Junreika release, often considered Caesar's finest work, was culled from the 5 hours of music written for the original play distilled down to an album's worth of ageless chants, Budhist mantras, heavenly invocations and fuzztone guitar vamps supported by Caesar's droning electric organ and the eerie female vocals of Yoko Ran, Keiko Shinko and Seigo Showa. An album that sits comfortably alongside early Ash Ra Temple, Cosmic Jokers and ATEM-period Tangerine Dream.","breadcrumb":{"@id":"https:\/\/wpguerssen-test.odoo.rgbconsulting.com\/es\/producto\/kokkyou-junkeira\/#breadcrumb"},"inLanguage":"es","potentialAction":[{"@type":"ReadAction","target":["https:\/\/wpguerssen-test.odoo.rgbconsulting.com\/es\/producto\/kokkyou-junkeira\/"]}]},{"@type":"ImageObject","inLanguage":"es","@id":"https:\/\/wpguerssen-test.odoo.rgbconsulting.com\/es\/producto\/kokkyou-junkeira\/#primaryimage","url":"https:\/\/wpguerssen-test.odoo.rgbconsulting.com\/wp-content\/uploads\/2025\/04\/50357.jpg","contentUrl":"https:\/\/wpguerssen-test.odoo.rgbconsulting.com\/wp-content\/uploads\/2025\/04\/50357.jpg","width":1440,"height":1440},{"@type":"BreadcrumbList","@id":"https:\/\/wpguerssen-test.odoo.rgbconsulting.com\/es\/producto\/kokkyou-junkeira\/#breadcrumb","itemListElement":[{"@type":"ListItem","position":1,"name":"Inicio","item":"https:\/\/wpguerssen-test.odoo.rgbconsulting.com\/es\/"},{"@type":"ListItem","position":2,"name":"Shop","item":"https:\/\/wpguerssen-test.odoo.rgbconsulting.com\/shop\/"},{"@type":"ListItem","position":3,"name":"Kokkyou Junkeira"}]},{"@type":"WebSite","@id":"https:\/\/wpguerssen-test.odoo.rgbconsulting.com\/es\/#website","url":"https:\/\/wpguerssen-test.odoo.rgbconsulting.com\/es\/","name":"Guerssen records","description":"psychedelia - progressive - folk - garage ","publisher":{"@id":"https:\/\/wpguerssen-test.odoo.rgbconsulting.com\/es\/#organization"},"potentialAction":[{"@type":"SearchAction","target":{"@type":"EntryPoint","urlTemplate":"https:\/\/wpguerssen-test.odoo.rgbconsulting.com\/es\/?s={search_term_string}"},"query-input":{"@type":"PropertyValueSpecification","valueRequired":true,"valueName":"search_term_string"}}],"inLanguage":"es"},{"@type":"Organization","@id":"https:\/\/wpguerssen-test.odoo.rgbconsulting.com\/es\/#organization","name":"Guerssen records","url":"https:\/\/wpguerssen-test.odoo.rgbconsulting.com\/es\/","logo":{"@type":"ImageObject","inLanguage":"es","@id":"https:\/\/wpguerssen-test.odoo.rgbconsulting.com\/es\/#\/schema\/logo\/image\/","url":"https:\/\/wpguerssen-test.odoo.rgbconsulting.com\/wp-content\/uploads\/2022\/04\/Logo_Guerssen_trans_100.png","contentUrl":"https:\/\/wpguerssen-test.odoo.rgbconsulting.com\/wp-content\/uploads\/2022\/04\/Logo_Guerssen_trans_100.png","width":122,"height":100,"caption":"Guerssen records"},"image":{"@id":"https:\/\/wpguerssen-test.odoo.rgbconsulting.com\/es\/#\/schema\/logo\/image\/"}}]}},"_links":{"self":[{"href":"https:\/\/wpguerssen-test.odoo.rgbconsulting.com\/es\/wp-json\/wp\/v2\/product\/286817","targetHints":{"allow":["GET"]}}],"collection":[{"href":"https:\/\/wpguerssen-test.odoo.rgbconsulting.com\/es\/wp-json\/wp\/v2\/product"}],"about":[{"href":"https:\/\/wpguerssen-test.odoo.rgbconsulting.com\/es\/wp-json\/wp\/v2\/types\/product"}],"wp:featuredmedia":[{"embeddable":true,"href":"https:\/\/wpguerssen-test.odoo.rgbconsulting.com\/es\/wp-json\/wp\/v2\/media\/286759"}],"wp:attachment":[{"href":"https:\/\/wpguerssen-test.odoo.rgbconsulting.com\/es\/wp-json\/wp\/v2\/media?parent=286817"}],"wp:term":[{"taxonomy":"product_brand","embeddable":true,"href":"https:\/\/wpguerssen-test.odoo.rgbconsulting.com\/es\/wp-json\/wp\/v2\/product_brand?post=286817"},{"taxonomy":"product_cat","embeddable":true,"href":"https:\/\/wpguerssen-test.odoo.rgbconsulting.com\/es\/wp-json\/wp\/v2\/product_cat?post=286817"},{"taxonomy":"product_tag","embeddable":true,"href":"https:\/\/wpguerssen-test.odoo.rgbconsulting.com\/es\/wp-json\/wp\/v2\/product_tag?post=286817"}],"curies":[{"name":"wp","href":"https:\/\/api.w.org\/{rel}","templated":true}]}}